{"id":26409,"date":"2026-02-19T08:22:20","date_gmt":"2026-02-19T07:22:20","guid":{"rendered":"https:\/\/xenonkungen.com\/?post_type=product&#038;p=26409"},"modified":"2026-04-11T00:14:10","modified_gmt":"2026-04-10T23:14:10","slug":"luxtar-sicherungshalter-15-a-sicherung-awg-11-im-lieferumfang-enthalten","status":"publish","type":"product","link":"http:\/\/xenonkungen.com\/de\/produkt\/luxtar-sicherungshalter-15-a-sicherung-awg-11-im-lieferumfang-enthalten\/","title":{"rendered":"Luxtar Sicherungshalter | 15 A | AWG11 | Sicherung enthalten"},"content":{"rendered":"<p>Ben\u00f6tigen Sie eine robuste und sichere Sicherungsl\u00f6sung f\u00fcr Ihre 12\u2013110-V-Installation?<\/p>\n<p><strong>Luxtar Sicherungshalter 15A (Art. 42046)<\/strong> ist ein leistungsstarker Sicherungshalter f\u00fcr <strong>Midi-Flachstiftsicherungen<\/strong>, wird komplett mit Sicherung und grobem AWG11-Kabel (\u2248 4,17 mm\u00b2 Kupferquerschnitt) geliefert.<\/p>\n<p>Ideal f\u00fcr die Installation von Zusatzscheinwerfern, LED-Rampen, Arbeitsscheinwerfern, Batterieanschl\u00fcssen oder anderer energieintensiver Fahrzeugausr\u00fcstung.<\/p>\n<p><strong>Robustes Kabel \u2013 geringer Spannungsverlust<\/strong><\/p>\n<p>Der Sicherungshalter ist ausgestattet mit:<\/p>\n<ul>\n<li><strong>AWG11-Kabel (\u2248 4,17 mm\u00b2 Kupfer)<\/strong><\/li>\n<li>20 cm Kabel auf jeder Seite (20 cm + 20 cm)<\/li>\n<li>Insgesamt 40 cm vorkonfektionierter Draht<\/li>\n<li>Rotes Kabel f\u00fcr klare Plus-Markierung<\/li>\n<\/ul>\n<p>Der grobe Kabelquerschnitt minimiert den Spannungsabfall und sorgt auch bei hoher Last f\u00fcr eine stabile und sichere Stromversorgung.<\/p>\n<p><strong>Gesch\u00fctzte Konstruktion mit Deckel<\/strong><\/p>\n<ul>\n<li>Schwarze Schutzkappe<\/li>\n<li>Sch\u00fctzt die Sicherung vor Feuchtigkeit und Schmutz<\/li>\n<li>Hergestellt aus PVC und Kupfer<\/li>\n<li>Robustes Design f\u00fcr Fahrzeuge und 12-V-Installationen<\/li>\n<\/ul>\n<p>Die Halterung umschlie\u00dft die Sicherung und tr\u00e4gt zu einer sicheren und professionellen Installation bei.<\/p>\n<p><strong>Sicherung enthalten<\/strong><\/p>\n<ul>\n<li>15A Midi-Flachstiftsicherung im Lieferumfang enthalten<\/li>\n<li>Nennspannung: bis zu 110 V (maximal)<\/li>\n<\/ul>\n<p>Sofort installationsbereit.<\/p>\n<p><strong>Bereiche der Nutzung<\/strong><\/p>\n<ul>\n<li>LED-Rampen<\/li>\n<li>Zusatzscheinwerfer<\/li>\n<li>Batterieinstallationen<\/li>\n<li>Gel\u00e4ndefahrt<\/li>\n<li>Seitenger\u00e4usche<\/li>\n<li>Transportfahrzeuge<\/li>\n<li>Stromverteilung<\/li>\n<li>12V \/ 24V Systeme<\/li>\n<\/ul>\n<p>Die perfekte Erg\u00e4nzung zum Luxtar-Schaltpanel und anderen Stromverteilungsl\u00f6sungen.<\/p>","protected":false},"excerpt":{"rendered":"<p><strong>Luxtar Sicherungshalter 15A \u2013 AWG11 (4,17 mm\u00b2) \u2013 Midi-Flachstiftsicherung <\/strong><\/p>","protected":false},"featured_media":27055,"comment_status":"open","ping_status":"closed","template":"","meta":{"_acf_changed":false,"_smort_price_nok":"63","_smort_price_dkk":"","_smort_price_eur":"","_smort_sale_price_nok":"","_smort_sale_price_dkk":"","_smort_sale_price_eur":"","smort_restorder":"","shipmondo_restorder":"","_kad_blocks_custom_css":"","_kad_blocks_head_custom_js":"","_kad_blocks_body_custom_js":"","_kad_blocks_footer_custom_js":"","smort_custom_pricelist_1":"37.76","smort_custom_pricelist_2":"28.32","smort_custom_pricelist_3":"23.6","smort_custom_pricelist_4":"47.2","smort_custom_pricelist_5":"28.32"},"anvandningsomrade":[],"bilmarken":[],"product_brand":[103],"product_cat":[2795],"product_tag":[],"class_list":{"0":"post-26409","1":"product","2":"type-product","3":"status-publish","4":"has-post-thumbnail","6":"product_brand-luxtar","7":"product_cat-kablar-rela","9":"first","10":"instock","11":"taxable","12":"shipping-taxable","13":"purchasable","14":"product-type-simple"},"bundled_by":[],"bundle_stock_status":"instock","bundle_stock_quantity":199,"bundle_virtual":false,"bundle_layout":"","bundle_add_to_cart_form_location":"","bundle_editable_in_cart":false,"bundle_sold_individually_context":"","bundle_item_grouping":"","bundle_min_size":"","bundle_max_size":"","bundle_price":[],"bundled_items":[],"bundle_sell_ids":[],"acf":[],"yoast_head":"<!-- This site is optimized with the Yoast SEO plugin v27.0 - https:\/\/yoast.com\/product\/yoast-seo-wordpress\/ -->\n<title>Luxtar Fuse holder | 15A | AWG11 | Fuse included - Xenonkungen<\/title>\n<meta name=\"robots\" content=\"index, follow, max-snippet:-1, max-image-preview:large, max-video-preview:-1\" \/>\n<link rel=\"canonical\" href=\"https:\/\/xenonkungen.com\/de\/produkt\/luxtar-sicherungshalter-15-a-sicherung-awg-11-im-lieferumfang-enthalten\/\" \/>\n<meta property=\"og:locale\" content=\"de_DE\" \/>\n<meta property=\"og:type\" content=\"article\" \/>\n<meta property=\"og:title\" content=\"Luxtar Fuse holder | 15A | AWG11 | Fuse included - Xenonkungen\" \/>\n<meta property=\"og:description\" content=\"Luxtar Fuse Holder 15A \u2013 AWG11 (4.17 mm\u00b2) \u2013 Midi Flatstifts\u00e4kring\" \/>\n<meta property=\"og:url\" content=\"https:\/\/xenonkungen.com\/de\/produkt\/luxtar-sicherungshalter-15-a-sicherung-awg-11-im-lieferumfang-enthalten\/\" \/>\n<meta property=\"og:site_name\" content=\"Xenonkungen\" \/>\n<meta property=\"article:modified_time\" content=\"2026-04-10T23:14:10+00:00\" \/>\n<meta property=\"og:image\" content=\"https:\/\/xenonkungen.com\/wp-content\/uploads\/2026\/02\/Kabel-m-Sakring-ArtNr-CB-11-15-KZ260463-2000px-PNNG.png\" \/>\n\t<meta property=\"og:image:width\" content=\"1500\" \/>\n\t<meta property=\"og:image:height\" content=\"1136\" \/>\n\t<meta property=\"og:image:type\" content=\"image\/png\" \/>\n<meta name=\"twitter:card\" content=\"summary_large_image\" \/>\n<meta name=\"twitter:label1\" content=\"Gesch\u00e4tzte Lesezeit\" \/>\n\t<meta name=\"twitter:data1\" content=\"2\u00a0Minuten\" \/>\n<script type=\"application\/ld+json\" class=\"yoast-schema-graph\">{\"@context\":\"https:\/\/schema.org\",\"@graph\":[{\"@type\":\"WebPage\",\"@id\":\"https:\/\/xenonkungen.com\/produkt\/luxtar-fuse-holder-15a-awg11-fuse-included\/\",\"url\":\"https:\/\/xenonkungen.com\/produkt\/luxtar-fuse-holder-15a-awg11-fuse-included\/\",\"name\":\"Luxtar Fuse holder | 15A | AWG11 | Fuse included - Xenonkungen\",\"isPartOf\":{\"@id\":\"https:\/\/xenonkungen.com\/#website\"},\"primaryImageOfPage\":{\"@id\":\"https:\/\/xenonkungen.com\/produkt\/luxtar-fuse-holder-15a-awg11-fuse-included\/#primaryimage\"},\"image\":{\"@id\":\"https:\/\/xenonkungen.com\/produkt\/luxtar-fuse-holder-15a-awg11-fuse-included\/#primaryimage\"},\"thumbnailUrl\":\"https:\/\/xenonkungen.com\/wp-content\/uploads\/2026\/02\/Kabel-m-Sakring-ArtNr-CB-11-15-KZ260463-2000px-PNNG.png\",\"datePublished\":\"2026-02-19T07:22:20+00:00\",\"dateModified\":\"2026-04-10T23:14:10+00:00\",\"breadcrumb\":{\"@id\":\"https:\/\/xenonkungen.com\/produkt\/luxtar-fuse-holder-15a-awg11-fuse-included\/#breadcrumb\"},\"inLanguage\":\"de\",\"potentialAction\":[{\"@type\":\"ReadAction\",\"target\":[\"https:\/\/xenonkungen.com\/produkt\/luxtar-fuse-holder-15a-awg11-fuse-included\/\"]}]},{\"@type\":\"ImageObject\",\"inLanguage\":\"de\",\"@id\":\"https:\/\/xenonkungen.com\/produkt\/luxtar-fuse-holder-15a-awg11-fuse-included\/#primaryimage\",\"url\":\"https:\/\/xenonkungen.com\/wp-content\/uploads\/2026\/02\/Kabel-m-Sakring-ArtNr-CB-11-15-KZ260463-2000px-PNNG.png\",\"contentUrl\":\"https:\/\/xenonkungen.com\/wp-content\/uploads\/2026\/02\/Kabel-m-Sakring-ArtNr-CB-11-15-KZ260463-2000px-PNNG.png\",\"width\":1500,\"height\":1136},{\"@type\":\"BreadcrumbList\",\"@id\":\"https:\/\/xenonkungen.com\/produkt\/luxtar-fuse-holder-15a-awg11-fuse-included\/#breadcrumb\",\"itemListElement\":[{\"@type\":\"ListItem\",\"position\":1,\"name\":\"Hem\",\"item\":\"https:\/\/xenonkungen.com\/\"},{\"@type\":\"ListItem\",\"position\":2,\"name\":\"Shop\",\"item\":\"https:\/\/xenonkungen.com\/shop\/\"},{\"@type\":\"ListItem\",\"position\":3,\"name\":\"Luxtar Fuse holder | 15A | AWG11 | Fuse included\"}]},{\"@type\":\"WebSite\",\"@id\":\"https:\/\/xenonkungen.com\/#website\",\"url\":\"https:\/\/xenonkungen.com\/\",\"name\":\"Xenonkungen\",\"description\":\"\",\"potentialAction\":[{\"@type\":\"SearchAction\",\"target\":{\"@type\":\"EntryPoint\",\"urlTemplate\":\"https:\/\/xenonkungen.com\/?s={search_term_string}\"},\"query-input\":{\"@type\":\"PropertyValueSpecification\",\"valueRequired\":true,\"valueName\":\"search_term_string\"}}],\"inLanguage\":\"de\"}]}<\/script>\n<!-- \/ Yoast SEO plugin. -->","yoast_head_json":{"title":"Luxtar Sicherungshalter | 15 A | AWG11 | Sicherung enthalten \u2013 Der Xenon-K\u00f6nig","robots":{"index":"index","follow":"follow","max-snippet":"max-snippet:-1","max-image-preview":"max-image-preview:large","max-video-preview":"max-video-preview:-1"},"canonical":"https:\/\/xenonkungen.com\/de\/produkt\/luxtar-sicherungshalter-15-a-sicherung-awg-11-im-lieferumfang-enthalten\/","og_locale":"de_DE","og_type":"article","og_title":"Luxtar Fuse holder | 15A | AWG11 | Fuse included - Xenonkungen","og_description":"Luxtar Fuse Holder 15A \u2013 AWG11 (4.17 mm\u00b2) \u2013 Midi Flatstifts\u00e4kring","og_url":"https:\/\/xenonkungen.com\/de\/produkt\/luxtar-sicherungshalter-15-a-sicherung-awg-11-im-lieferumfang-enthalten\/","og_site_name":"Xenonkungen","article_modified_time":"2026-04-10T23:14:10+00:00","og_image":[{"width":1500,"height":1136,"url":"https:\/\/xenonkungen.com\/wp-content\/uploads\/2026\/02\/Kabel-m-Sakring-ArtNr-CB-11-15-KZ260463-2000px-PNNG.png","type":"image\/png"}],"twitter_card":"summary_large_image","twitter_misc":{"Gesch\u00e4tzte Lesezeit":"2\u00a0Minuten"},"schema":{"@context":"https:\/\/schema.org","@graph":[{"@type":"WebPage","@id":"https:\/\/xenonkungen.com\/produkt\/luxtar-fuse-holder-15a-awg11-fuse-included\/","url":"https:\/\/xenonkungen.com\/produkt\/luxtar-fuse-holder-15a-awg11-fuse-included\/","name":"Luxtar Sicherungshalter | 15 A | AWG11 | Sicherung enthalten \u2013 Der Xenon-K\u00f6nig","isPartOf":{"@id":"https:\/\/xenonkungen.com\/#website"},"primaryImageOfPage":{"@id":"https:\/\/xenonkungen.com\/produkt\/luxtar-fuse-holder-15a-awg11-fuse-included\/#primaryimage"},"image":{"@id":"https:\/\/xenonkungen.com\/produkt\/luxtar-fuse-holder-15a-awg11-fuse-included\/#primaryimage"},"thumbnailUrl":"https:\/\/xenonkungen.com\/wp-content\/uploads\/2026\/02\/Kabel-m-Sakring-ArtNr-CB-11-15-KZ260463-2000px-PNNG.png","datePublished":"2026-02-19T07:22:20+00:00","dateModified":"2026-04-10T23:14:10+00:00","breadcrumb":{"@id":"https:\/\/xenonkungen.com\/produkt\/luxtar-fuse-holder-15a-awg11-fuse-included\/#breadcrumb"},"inLanguage":"de","potentialAction":[{"@type":"ReadAction","target":["https:\/\/xenonkungen.com\/produkt\/luxtar-fuse-holder-15a-awg11-fuse-included\/"]}]},{"@type":"ImageObject","inLanguage":"de","@id":"https:\/\/xenonkungen.com\/produkt\/luxtar-fuse-holder-15a-awg11-fuse-included\/#primaryimage","url":"https:\/\/xenonkungen.com\/wp-content\/uploads\/2026\/02\/Kabel-m-Sakring-ArtNr-CB-11-15-KZ260463-2000px-PNNG.png","contentUrl":"https:\/\/xenonkungen.com\/wp-content\/uploads\/2026\/02\/Kabel-m-Sakring-ArtNr-CB-11-15-KZ260463-2000px-PNNG.png","width":1500,"height":1136},{"@type":"BreadcrumbList","@id":"https:\/\/xenonkungen.com\/produkt\/luxtar-fuse-holder-15a-awg11-fuse-included\/#breadcrumb","itemListElement":[{"@type":"ListItem","position":1,"name":"Hem","item":"https:\/\/xenonkungen.com\/"},{"@type":"ListItem","position":2,"name":"Shop","item":"https:\/\/xenonkungen.com\/shop\/"},{"@type":"ListItem","position":3,"name":"Luxtar Fuse holder | 15A | AWG11 | Fuse included"}]},{"@type":"WebSite","@id":"https:\/\/xenonkungen.com\/#website","url":"https:\/\/xenonkungen.com\/","name":"Xenonkungen","description":"","potentialAction":[{"@type":"SearchAction","target":{"@type":"EntryPoint","urlTemplate":"https:\/\/xenonkungen.com\/?s={search_term_string}"},"query-input":{"@type":"PropertyValueSpecification","valueRequired":true,"valueName":"search_term_string"}}],"inLanguage":"de"}]}},"taxonomy_info":{"product_brand":[{"value":103,"label":"LUXTAR"}],"product_cat":[{"value":2795,"label":"Kablar och Rel\u00e4"}]},"featured_image_src_large":["https:\/\/xenonkungen.com\/wp-content\/uploads\/2026\/02\/Kabel-m-Sakring-ArtNr-CB-11-15-KZ260463-2000px-PNNG-1024x776.png",1024,776,true],"author_info":[],"comment_info":0,"_links":{"self":[{"href":"http:\/\/xenonkungen.com\/de\/wp-json\/wp\/v2\/product\/26409","targetHints":{"allow":["GET"]}}],"collection":[{"href":"http:\/\/xenonkungen.com\/de\/wp-json\/wp\/v2\/product"}],"about":[{"href":"http:\/\/xenonkungen.com\/de\/wp-json\/wp\/v2\/types\/product"}],"replies":[{"embeddable":true,"href":"http:\/\/xenonkungen.com\/de\/wp-json\/wp\/v2\/comments?post=26409"}],"wp:featuredmedia":[{"embeddable":true,"href":"http:\/\/xenonkungen.com\/de\/wp-json\/wp\/v2\/media\/27055"}],"wp:attachment":[{"href":"http:\/\/xenonkungen.com\/de\/wp-json\/wp\/v2\/media?parent=26409"}],"wp:term":[{"taxonomy":"anvandningsomrade","embeddable":true,"href":"http:\/\/xenonkungen.com\/de\/wp-json\/wp\/v2\/anvandningsomrade?post=26409"},{"taxonomy":"bilmarken","embeddable":true,"href":"http:\/\/xenonkungen.com\/de\/wp-json\/wp\/v2\/bilmarken?post=26409"},{"taxonomy":"product_brand","embeddable":true,"href":"http:\/\/xenonkungen.com\/de\/wp-json\/wp\/v2\/product_brand?post=26409"},{"taxonomy":"product_cat","embeddable":true,"href":"http:\/\/xenonkungen.com\/de\/wp-json\/wp\/v2\/product_cat?post=26409"},{"taxonomy":"product_tag","embeddable":true,"href":"http:\/\/xenonkungen.com\/de\/wp-json\/wp\/v2\/product_tag?post=26409"}],"curies":[{"name":"wp","href":"https:\/\/api.w.org\/{rel}","templated":true}]}}