{"id":2744,"date":"2025-04-15T08:41:49","date_gmt":"2025-04-15T08:41:49","guid":{"rendered":"https:\/\/xenonkungen.com\/product\/extraljusfaste-till-s22-ledramp-infallnadsfaste\/"},"modified":"2026-04-10T23:56:32","modified_gmt":"2026-04-10T22:56:32","slug":"zusatzliche-leuchte-fur-s22-led-rampen-einbauleuchte","status":"publish","type":"product","link":"http:\/\/xenonkungen.com\/de\/produkt\/zusatzliche-leuchte-fur-s22-led-rampen-einbauleuchte\/","title":{"rendered":"Zus\u00e4tzlicher Lichtb\u00fcgel f\u00fcr S22 LED-Rampe | Einbaub\u00fcgel"},"content":{"rendered":"<p>Zus\u00e4tzliche Leuchtenhalterung aus pulverbeschichtetem Blech, speziell f\u00fcr unsere Luxtar S22 LED-Rampe gefertigt. Wird hinter dem Kennzeichen befestigt und sorgt f\u00fcr ein schlankes, eingelassenes Erscheinungsbild.<\/p>","protected":false},"excerpt":{"rendered":"<p>Versenkte Halterung f\u00fcr eine saubere Montage des Luxtar S22 Handlaufs.<\/p>","protected":false},"featured_media":2745,"comment_status":"closed","ping_status":"open","template":"","meta":{"_acf_changed":false,"_smort_price_nok":"466","_smort_price_dkk":"339","_smort_price_eur":"45.36","_smort_sale_price_nok":"466","_smort_sale_price_dkk":"","_smort_sale_price_eur":"39.68","smort_restorder":"","shipmondo_restorder":"","_kad_blocks_custom_css":"","_kad_blocks_head_custom_js":"","_kad_blocks_body_custom_js":"","_kad_blocks_footer_custom_js":"","smort_custom_pricelist_1":"319.36","smort_custom_pricelist_2":"259.48","smort_custom_pricelist_3":"246.51","smort_custom_pricelist_4":"399.2","smort_custom_pricelist_5":"259.48"},"anvandningsomrade":[],"bilmarken":[],"product_brand":[],"product_cat":[2534,2461,2828,2535,2536,390],"product_tag":[],"class_list":{"0":"post-2744","1":"product","2":"type-product","3":"status-publish","4":"has-post-thumbnail","6":"product_cat-extraljusfaste-extraljus","7":"product_cat-fasten-installation","8":"product_cat-installation-led-ramper","9":"product_cat-tillbehor-ledramper","10":"product_cat-tillbehor-tillbehor-ledramper","11":"product_cat-installation","13":"first","14":"onbackorder","15":"sale","16":"taxable","17":"shipping-taxable","18":"purchasable","19":"product-type-simple"},"bundled_by":["9574","9577"],"bundle_stock_status":"onbackorder","bundle_stock_quantity":-87,"bundle_virtual":false,"bundle_layout":"","bundle_add_to_cart_form_location":"","bundle_editable_in_cart":false,"bundle_sold_individually_context":"","bundle_item_grouping":"","bundle_min_size":"","bundle_max_size":"","bundle_price":[],"bundled_items":[],"bundle_sell_ids":[],"acf":[],"yoast_head":"<!-- This site is optimized with the Yoast SEO plugin v27.0 - https:\/\/yoast.com\/product\/yoast-seo-wordpress\/ -->\n<title>Extraljusf\u00e4ste till S22 LEDramp | Inf\u00e4llnadsf\u00e4ste - Xenonkungen<\/title>\n<meta name=\"robots\" content=\"index, follow, max-snippet:-1, max-image-preview:large, max-video-preview:-1\" \/>\n<link rel=\"canonical\" href=\"http:\/\/xenonkungen.com\/de\/produkt\/zusatzliche-leuchte-fur-s22-led-rampen-einbauleuchte\/\" \/>\n<meta property=\"og:locale\" content=\"de_DE\" \/>\n<meta property=\"og:type\" content=\"article\" \/>\n<meta property=\"og:title\" content=\"Extraljusf\u00e4ste till S22 LEDramp | Inf\u00e4llnadsf\u00e4ste - Xenonkungen\" \/>\n<meta property=\"og:description\" content=\"Inf\u00e4llt f\u00e4ste f\u00f6r snygg montering av Luxtar S22 Ledramp.\" \/>\n<meta property=\"og:url\" content=\"http:\/\/xenonkungen.com\/de\/produkt\/zusatzliche-leuchte-fur-s22-led-rampen-einbauleuchte\/\" \/>\n<meta property=\"og:site_name\" content=\"Xenonkungen\" \/>\n<meta property=\"article:modified_time\" content=\"2026-04-10T22:56:32+00:00\" \/>\n<meta property=\"og:image\" content=\"https:\/\/xenonkungen.com\/wp-content\/uploads\/2025\/04\/187982157-origpic-2c17d5.png\" \/>\n\t<meta property=\"og:image:width\" content=\"1000\" \/>\n\t<meta property=\"og:image:height\" content=\"512\" \/>\n\t<meta property=\"og:image:type\" content=\"image\/png\" \/>\n<meta name=\"twitter:card\" content=\"summary_large_image\" \/>\n<script type=\"application\/ld+json\" class=\"yoast-schema-graph\">{\"@context\":\"https:\/\/schema.org\",\"@graph\":[{\"@type\":\"WebPage\",\"@id\":\"http:\/\/xenonkungen.com\/no\/produkt\/extraljusfaste-till-s22-ledramp-infallnadsfaste\/\",\"url\":\"http:\/\/xenonkungen.com\/no\/produkt\/extraljusfaste-till-s22-ledramp-infallnadsfaste\/\",\"name\":\"Extraljusf\u00e4ste till S22 LEDramp | Inf\u00e4llnadsf\u00e4ste - Xenonkungen\",\"isPartOf\":{\"@id\":\"https:\/\/xenonkungen.com\/#website\"},\"primaryImageOfPage\":{\"@id\":\"http:\/\/xenonkungen.com\/no\/produkt\/extraljusfaste-till-s22-ledramp-infallnadsfaste\/#primaryimage\"},\"image\":{\"@id\":\"http:\/\/xenonkungen.com\/no\/produkt\/extraljusfaste-till-s22-ledramp-infallnadsfaste\/#primaryimage\"},\"thumbnailUrl\":\"https:\/\/xenonkungen.com\/wp-content\/uploads\/2025\/04\/187982157-origpic-2c17d5.png\",\"datePublished\":\"2025-04-15T08:41:49+00:00\",\"dateModified\":\"2026-04-10T22:56:32+00:00\",\"breadcrumb\":{\"@id\":\"http:\/\/xenonkungen.com\/no\/produkt\/extraljusfaste-till-s22-ledramp-infallnadsfaste\/#breadcrumb\"},\"inLanguage\":\"de\",\"potentialAction\":[{\"@type\":\"ReadAction\",\"target\":[\"http:\/\/xenonkungen.com\/no\/produkt\/extraljusfaste-till-s22-ledramp-infallnadsfaste\/\"]}]},{\"@type\":\"ImageObject\",\"inLanguage\":\"de\",\"@id\":\"http:\/\/xenonkungen.com\/no\/produkt\/extraljusfaste-till-s22-ledramp-infallnadsfaste\/#primaryimage\",\"url\":\"https:\/\/xenonkungen.com\/wp-content\/uploads\/2025\/04\/187982157-origpic-2c17d5.png\",\"contentUrl\":\"https:\/\/xenonkungen.com\/wp-content\/uploads\/2025\/04\/187982157-origpic-2c17d5.png\",\"width\":1000,\"height\":512},{\"@type\":\"BreadcrumbList\",\"@id\":\"http:\/\/xenonkungen.com\/no\/produkt\/extraljusfaste-till-s22-ledramp-infallnadsfaste\/#breadcrumb\",\"itemListElement\":[{\"@type\":\"ListItem\",\"position\":1,\"name\":\"Hem\",\"item\":\"https:\/\/xenonkungen.com\/\"},{\"@type\":\"ListItem\",\"position\":2,\"name\":\"Shop\",\"item\":\"https:\/\/xenonkungen.com\/shop\/\"},{\"@type\":\"ListItem\",\"position\":3,\"name\":\"Extraljusf\u00e4ste till S22 LEDramp | Inf\u00e4llnadsf\u00e4ste\"}]},{\"@type\":\"WebSite\",\"@id\":\"https:\/\/xenonkungen.com\/#website\",\"url\":\"https:\/\/xenonkungen.com\/\",\"name\":\"Xenonkungen\",\"description\":\"\",\"potentialAction\":[{\"@type\":\"SearchAction\",\"target\":{\"@type\":\"EntryPoint\",\"urlTemplate\":\"https:\/\/xenonkungen.com\/?s={search_term_string}\"},\"query-input\":{\"@type\":\"PropertyValueSpecification\",\"valueRequired\":true,\"valueName\":\"search_term_string\"}}],\"inLanguage\":\"de\"}]}<\/script>\n<!-- \/ Yoast SEO plugin. -->","yoast_head_json":{"title":"Zusatzleuchtenhalterung f\u00fcr S22 LED-Rampe | Einbauhalterung - Xenonkungen","robots":{"index":"index","follow":"follow","max-snippet":"max-snippet:-1","max-image-preview":"max-image-preview:large","max-video-preview":"max-video-preview:-1"},"canonical":"http:\/\/xenonkungen.com\/de\/produkt\/zusatzliche-leuchte-fur-s22-led-rampen-einbauleuchte\/","og_locale":"de_DE","og_type":"article","og_title":"Extraljusf\u00e4ste till S22 LEDramp | Inf\u00e4llnadsf\u00e4ste - Xenonkungen","og_description":"Inf\u00e4llt f\u00e4ste f\u00f6r snygg montering av Luxtar S22 Ledramp.","og_url":"http:\/\/xenonkungen.com\/de\/produkt\/zusatzliche-leuchte-fur-s22-led-rampen-einbauleuchte\/","og_site_name":"Xenonkungen","article_modified_time":"2026-04-10T22:56:32+00:00","og_image":[{"width":1000,"height":512,"url":"https:\/\/xenonkungen.com\/wp-content\/uploads\/2025\/04\/187982157-origpic-2c17d5.png","type":"image\/png"}],"twitter_card":"summary_large_image","schema":{"@context":"https:\/\/schema.org","@graph":[{"@type":"WebPage","@id":"http:\/\/xenonkungen.com\/no\/produkt\/extraljusfaste-till-s22-ledramp-infallnadsfaste\/","url":"http:\/\/xenonkungen.com\/no\/produkt\/extraljusfaste-till-s22-ledramp-infallnadsfaste\/","name":"Zusatzleuchtenhalterung f\u00fcr S22 LED-Rampe | Einbauhalterung - Xenonkungen","isPartOf":{"@id":"https:\/\/xenonkungen.com\/#website"},"primaryImageOfPage":{"@id":"http:\/\/xenonkungen.com\/no\/produkt\/extraljusfaste-till-s22-ledramp-infallnadsfaste\/#primaryimage"},"image":{"@id":"http:\/\/xenonkungen.com\/no\/produkt\/extraljusfaste-till-s22-ledramp-infallnadsfaste\/#primaryimage"},"thumbnailUrl":"https:\/\/xenonkungen.com\/wp-content\/uploads\/2025\/04\/187982157-origpic-2c17d5.png","datePublished":"2025-04-15T08:41:49+00:00","dateModified":"2026-04-10T22:56:32+00:00","breadcrumb":{"@id":"http:\/\/xenonkungen.com\/no\/produkt\/extraljusfaste-till-s22-ledramp-infallnadsfaste\/#breadcrumb"},"inLanguage":"de","potentialAction":[{"@type":"ReadAction","target":["http:\/\/xenonkungen.com\/no\/produkt\/extraljusfaste-till-s22-ledramp-infallnadsfaste\/"]}]},{"@type":"ImageObject","inLanguage":"de","@id":"http:\/\/xenonkungen.com\/no\/produkt\/extraljusfaste-till-s22-ledramp-infallnadsfaste\/#primaryimage","url":"https:\/\/xenonkungen.com\/wp-content\/uploads\/2025\/04\/187982157-origpic-2c17d5.png","contentUrl":"https:\/\/xenonkungen.com\/wp-content\/uploads\/2025\/04\/187982157-origpic-2c17d5.png","width":1000,"height":512},{"@type":"BreadcrumbList","@id":"http:\/\/xenonkungen.com\/no\/produkt\/extraljusfaste-till-s22-ledramp-infallnadsfaste\/#breadcrumb","itemListElement":[{"@type":"ListItem","position":1,"name":"Hem","item":"https:\/\/xenonkungen.com\/"},{"@type":"ListItem","position":2,"name":"Shop","item":"https:\/\/xenonkungen.com\/shop\/"},{"@type":"ListItem","position":3,"name":"Extraljusf\u00e4ste till S22 LEDramp | Inf\u00e4llnadsf\u00e4ste"}]},{"@type":"WebSite","@id":"https:\/\/xenonkungen.com\/#website","url":"https:\/\/xenonkungen.com\/","name":"Xenonkungen","description":"","potentialAction":[{"@type":"SearchAction","target":{"@type":"EntryPoint","urlTemplate":"https:\/\/xenonkungen.com\/?s={search_term_string}"},"query-input":{"@type":"PropertyValueSpecification","valueRequired":true,"valueName":"search_term_string"}}],"inLanguage":"de"}]}},"taxonomy_info":{"product_cat":[{"value":2534,"label":"Extraljusf\u00e4ste"},{"value":2461,"label":"F\u00e4sten"},{"value":2828,"label":"Installation LED-ramper"},{"value":2535,"label":"LEDRAMPER"},{"value":2536,"label":"Tillbeh\u00f6r"},{"value":390,"label":"Installation"}]},"featured_image_src_large":["https:\/\/xenonkungen.com\/wp-content\/uploads\/2025\/04\/187982157-origpic-2c17d5.png",1000,512,false],"author_info":[],"comment_info":0,"_links":{"self":[{"href":"http:\/\/xenonkungen.com\/de\/wp-json\/wp\/v2\/product\/2744","targetHints":{"allow":["GET"]}}],"collection":[{"href":"http:\/\/xenonkungen.com\/de\/wp-json\/wp\/v2\/product"}],"about":[{"href":"http:\/\/xenonkungen.com\/de\/wp-json\/wp\/v2\/types\/product"}],"replies":[{"embeddable":true,"href":"http:\/\/xenonkungen.com\/de\/wp-json\/wp\/v2\/comments?post=2744"}],"wp:featuredmedia":[{"embeddable":true,"href":"http:\/\/xenonkungen.com\/de\/wp-json\/wp\/v2\/media\/2745"}],"wp:attachment":[{"href":"http:\/\/xenonkungen.com\/de\/wp-json\/wp\/v2\/media?parent=2744"}],"wp:term":[{"taxonomy":"anvandningsomrade","embeddable":true,"href":"http:\/\/xenonkungen.com\/de\/wp-json\/wp\/v2\/anvandningsomrade?post=2744"},{"taxonomy":"bilmarken","embeddable":true,"href":"http:\/\/xenonkungen.com\/de\/wp-json\/wp\/v2\/bilmarken?post=2744"},{"taxonomy":"product_brand","embeddable":true,"href":"http:\/\/xenonkungen.com\/de\/wp-json\/wp\/v2\/product_brand?post=2744"},{"taxonomy":"product_cat","embeddable":true,"href":"http:\/\/xenonkungen.com\/de\/wp-json\/wp\/v2\/product_cat?post=2744"},{"taxonomy":"product_tag","embeddable":true,"href":"http:\/\/xenonkungen.com\/de\/wp-json\/wp\/v2\/product_tag?post=2744"}],"curies":[{"name":"wp","href":"https:\/\/api.w.org\/{rel}","templated":true}]}}