{"id":2768,"date":"2025-04-15T08:42:47","date_gmt":"2025-04-15T08:42:47","guid":{"rendered":"https:\/\/xenonkungen.com\/product\/luxtar-universal-tvadelat-led-rampsfaste\/"},"modified":"2026-04-10T23:56:52","modified_gmt":"2026-04-10T22:56:52","slug":"luxtar-universal-led-rampenhalterung-zweiteilig","status":"publish","type":"product","link":"http:\/\/xenonkungen.com\/de\/produkt\/luxtar-universal-led-rampenhalterung-zweiteilig\/","title":{"rendered":"Luxtar Universal Zweiteilige LED-Rampenhalterung"},"content":{"rendered":"<h2><strong>Luxtar Universal Zweiteilige LED-Rampenhalterung<\/strong><\/h2>\n<p><strong>Luxtar Universal-LED-Leistenhalterungen \u2013 Flexibel, elegant und effizient<\/strong><\/p>\n<p>Entdecken Sie die zweiteiligen LED-Rampenhalterungen von Luxtar \u2013 die optimale Wahl f\u00fcr eine sichere und reibungslose Installation Ihrer LED-Rampe.<\/p>\n<p>Sie sind so konzipiert, dass sie auf eine Reihe von LED-Leisten passen und bieten vielseitige Montagem\u00f6glichkeiten, die es erm\u00f6glichen, sie sowohl nach oben als auch nach unten, direkt hinter Ihrem Nummernschild, zu montieren.<\/p>\n<p>Die pulverbeschichtete, schwarze Oberfl\u00e4che und die zahlreichen Befestigungspunkte sorgen f\u00fcr eine stilvolle und robuste Installation. Perfekt f\u00fcr die Unterputzmontage und ideal f\u00fcr alle, die Funktionalit\u00e4t mit einem dezenten Design verbinden m\u00f6chten.<\/p>\n<p><strong>Warum sollte man sich f\u00fcr Luxtar LED-Rampenhalterungen entscheiden?<\/strong><\/p>\n<ul>\n<li><strong>Universal<\/strong>Passt auf die meisten LED-Rampen.<\/li>\n<li><strong>Flexible Montagem\u00f6glichkeiten<\/strong>Kann je nach Bedarf in verschiedenen Positionen montiert werden.<\/li>\n<li><strong>Sichere und stabile Montage<\/strong>Bietet eine robuste und zuverl\u00e4ssige L\u00f6sung hinter dem Nummernschild.<\/li>\n<li><strong>Einfache Installation<\/strong>Schnell und einfach ohne Probleme zu montieren.<\/li>\n<li><strong>Nachhaltiges Design<\/strong>: Schwarz pulverbeschichtet f\u00fcr ein langlebiges und elegantes Ergebnis.<\/li>\n<li><strong>Lieferung paarweise<\/strong><\/li>\n<\/ul>\n<p>Bereit, die Beleuchtung Ihres Fahrzeugs auf ein neues Niveau zu heben? Verschaffen Sie sich die Freiheit, den Abstand pr\u00e4zise einzustellen und erzielen Sie so jedes Mal eine perfekte Installation.<\/p>\n<p>Mit den Luxtar LED-Rampenhalterungen erhalten Sie nicht nur Qualit\u00e4t, sondern auch eine L\u00f6sung, die die Installation einfach und effizient gestaltet.<\/p>\n<p>W\u00e4hlen Sie das Beste f\u00fcr Ihre Beleuchtung \u2013 w\u00e4hlen Sie Luxtar.<\/p>","protected":false},"excerpt":{"rendered":"<p>Luxtar Universal tv\u00e5delat LED-rampsf\u00e4ste Luxtar Universella LED-rampsf\u00e4sten \u2013 Flexibla, Eleganta och Effektiva Uppt\u00e4ck Luxtars tv\u00e5delade LED-rampsf\u00e4sten, det ultimata valet f\u00f6r en s\u00e4ker och smidig montering av din LED-ramp. Designade f\u00f6r att passa en rad olika LED-ramper och erbjuder m\u00e5ngsidiga monteringsm\u00f6jligheter som g\u00f6r att de kan monteras b\u00e5de upp\u00e5t och ned\u00e5t, direkt bakom din registreringsskylt. Med [&hellip;]<\/p>","protected":false},"featured_media":2769,"comment_status":"closed","ping_status":"closed","template":"","meta":{"_acf_changed":false,"_smort_price_nok":"373","_smort_price_dkk":"237","_smort_price_eur":"31.73","_smort_sale_price_nok":"","_smort_sale_price_dkk":"","_smort_sale_price_eur":"","smort_restorder":"","shipmondo_restorder":"","_kad_blocks_custom_css":"","_kad_blocks_head_custom_js":"","_kad_blocks_body_custom_js":"","_kad_blocks_footer_custom_js":"","smort_custom_pricelist_1":"223.36","smort_custom_pricelist_2":"195.44","smort_custom_pricelist_3":"181.48","smort_custom_pricelist_4":"279.2","smort_custom_pricelist_5":"195.44"},"anvandningsomrade":[],"bilmarken":[],"product_brand":[103],"product_cat":[2534,2461,2828,2535,2826,2823,2536,390],"product_tag":[],"class_list":{"0":"post-2768","1":"product","2":"type-product","3":"status-publish","4":"has-post-thumbnail","6":"product_brand-luxtar","7":"product_cat-extraljusfaste-extraljus","8":"product_cat-fasten-installation","9":"product_cat-installation-led-ramper","10":"product_cat-tillbehor-ledramper","11":"product_cat-luxtar","12":"product_cat-luxtar-ovriga-produkter","13":"product_cat-tillbehor-tillbehor-ledramper","14":"product_cat-installation","15":"pa_storlek-mm-157x182x3","17":"first","18":"instock","19":"taxable","20":"shipping-taxable","21":"purchasable","22":"product-type-simple"},"bundled_by":[],"bundle_stock_status":"instock","bundle_stock_quantity":104,"bundle_virtual":false,"bundle_layout":"","bundle_add_to_cart_form_location":"","bundle_editable_in_cart":false,"bundle_sold_individually_context":"","bundle_item_grouping":"","bundle_min_size":"","bundle_max_size":"","bundle_price":[],"bundled_items":[],"bundle_sell_ids":[],"acf":[],"yoast_head":"<!-- This site is optimized with the Yoast SEO plugin v27.0 - https:\/\/yoast.com\/product\/yoast-seo-wordpress\/ -->\n<title>Luxtar Universal tv\u00e5delat LED-rampsf\u00e4ste - Xenonkungen<\/title>\n<meta name=\"robots\" content=\"index, follow, max-snippet:-1, max-image-preview:large, max-video-preview:-1\" \/>\n<link rel=\"canonical\" href=\"https:\/\/xenonkungen.com\/de\/produkt\/luxtar-universal-led-rampenhalterung-zweiteilig\/\" \/>\n<meta property=\"og:locale\" content=\"de_DE\" \/>\n<meta property=\"og:type\" content=\"article\" \/>\n<meta property=\"og:title\" content=\"Luxtar Universal tv\u00e5delat LED-rampsf\u00e4ste - Xenonkungen\" \/>\n<meta property=\"og:description\" content=\"Luxtar Universal tv\u00e5delat LED-rampsf\u00e4ste Luxtar Universella LED-rampsf\u00e4sten \u2013 Flexibla, Eleganta och Effektiva Uppt\u00e4ck Luxtars tv\u00e5delade LED-rampsf\u00e4sten, det ultimata valet f\u00f6r en s\u00e4ker och smidig montering av din LED-ramp. Designade f\u00f6r att passa en rad olika LED-ramper och erbjuder m\u00e5ngsidiga monteringsm\u00f6jligheter som g\u00f6r att de kan monteras b\u00e5de upp\u00e5t och ned\u00e5t, direkt bakom din registreringsskylt. Med [&hellip;]\" \/>\n<meta property=\"og:url\" content=\"https:\/\/xenonkungen.com\/de\/produkt\/luxtar-universal-led-rampenhalterung-zweiteilig\/\" \/>\n<meta property=\"og:site_name\" content=\"Xenonkungen\" \/>\n<meta property=\"article:modified_time\" content=\"2026-04-10T22:56:52+00:00\" \/>\n<meta property=\"og:image\" content=\"https:\/\/xenonkungen.com\/wp-content\/uploads\/2025\/04\/CDzV0pUQ.jpg\" \/>\n\t<meta property=\"og:image:width\" content=\"600\" \/>\n\t<meta property=\"og:image:height\" content=\"600\" \/>\n\t<meta property=\"og:image:type\" content=\"image\/jpeg\" \/>\n<meta name=\"twitter:card\" content=\"summary_large_image\" \/>\n<meta name=\"twitter:label1\" content=\"Gesch\u00e4tzte Lesezeit\" \/>\n\t<meta name=\"twitter:data1\" content=\"2\u00a0Minuten\" \/>\n<script type=\"application\/ld+json\" class=\"yoast-schema-graph\">{\"@context\":\"https:\/\/schema.org\",\"@graph\":[{\"@type\":\"WebPage\",\"@id\":\"https:\/\/xenonkungen.com\/produkt\/luxtar-universal-tvadelat-led-rampsfaste\/\",\"url\":\"https:\/\/xenonkungen.com\/produkt\/luxtar-universal-tvadelat-led-rampsfaste\/\",\"name\":\"Luxtar Universal tv\u00e5delat LED-rampsf\u00e4ste - Xenonkungen\",\"isPartOf\":{\"@id\":\"https:\/\/xenonkungen.com\/#website\"},\"primaryImageOfPage\":{\"@id\":\"https:\/\/xenonkungen.com\/produkt\/luxtar-universal-tvadelat-led-rampsfaste\/#primaryimage\"},\"image\":{\"@id\":\"https:\/\/xenonkungen.com\/produkt\/luxtar-universal-tvadelat-led-rampsfaste\/#primaryimage\"},\"thumbnailUrl\":\"https:\/\/xenonkungen.com\/wp-content\/uploads\/2025\/04\/CDzV0pUQ.jpg\",\"datePublished\":\"2025-04-15T08:42:47+00:00\",\"dateModified\":\"2026-04-10T22:56:52+00:00\",\"breadcrumb\":{\"@id\":\"https:\/\/xenonkungen.com\/produkt\/luxtar-universal-tvadelat-led-rampsfaste\/#breadcrumb\"},\"inLanguage\":\"de\",\"potentialAction\":[{\"@type\":\"ReadAction\",\"target\":[\"https:\/\/xenonkungen.com\/produkt\/luxtar-universal-tvadelat-led-rampsfaste\/\"]}]},{\"@type\":\"ImageObject\",\"inLanguage\":\"de\",\"@id\":\"https:\/\/xenonkungen.com\/produkt\/luxtar-universal-tvadelat-led-rampsfaste\/#primaryimage\",\"url\":\"https:\/\/xenonkungen.com\/wp-content\/uploads\/2025\/04\/CDzV0pUQ.jpg\",\"contentUrl\":\"https:\/\/xenonkungen.com\/wp-content\/uploads\/2025\/04\/CDzV0pUQ.jpg\",\"width\":600,\"height\":600},{\"@type\":\"BreadcrumbList\",\"@id\":\"https:\/\/xenonkungen.com\/produkt\/luxtar-universal-tvadelat-led-rampsfaste\/#breadcrumb\",\"itemListElement\":[{\"@type\":\"ListItem\",\"position\":1,\"name\":\"Hem\",\"item\":\"https:\/\/xenonkungen.com\/\"},{\"@type\":\"ListItem\",\"position\":2,\"name\":\"Shop\",\"item\":\"https:\/\/xenonkungen.com\/shop\/\"},{\"@type\":\"ListItem\",\"position\":3,\"name\":\"Luxtar Universal tv\u00e5delat LED-rampsf\u00e4ste\"}]},{\"@type\":\"WebSite\",\"@id\":\"https:\/\/xenonkungen.com\/#website\",\"url\":\"https:\/\/xenonkungen.com\/\",\"name\":\"Xenonkungen\",\"description\":\"\",\"potentialAction\":[{\"@type\":\"SearchAction\",\"target\":{\"@type\":\"EntryPoint\",\"urlTemplate\":\"https:\/\/xenonkungen.com\/?s={search_term_string}\"},\"query-input\":{\"@type\":\"PropertyValueSpecification\",\"valueRequired\":true,\"valueName\":\"search_term_string\"}}],\"inLanguage\":\"de\"}]}<\/script>\n<!-- \/ Yoast SEO plugin. -->","yoast_head_json":{"title":"Luxtar Universal zweiteilige LED-Rampenhalterung - Xenonkungen","robots":{"index":"index","follow":"follow","max-snippet":"max-snippet:-1","max-image-preview":"max-image-preview:large","max-video-preview":"max-video-preview:-1"},"canonical":"https:\/\/xenonkungen.com\/de\/produkt\/luxtar-universal-led-rampenhalterung-zweiteilig\/","og_locale":"de_DE","og_type":"article","og_title":"Luxtar Universal tv\u00e5delat LED-rampsf\u00e4ste - Xenonkungen","og_description":"Luxtar Universal tv\u00e5delat LED-rampsf\u00e4ste Luxtar Universella LED-rampsf\u00e4sten \u2013 Flexibla, Eleganta och Effektiva Uppt\u00e4ck Luxtars tv\u00e5delade LED-rampsf\u00e4sten, det ultimata valet f\u00f6r en s\u00e4ker och smidig montering av din LED-ramp. Designade f\u00f6r att passa en rad olika LED-ramper och erbjuder m\u00e5ngsidiga monteringsm\u00f6jligheter som g\u00f6r att de kan monteras b\u00e5de upp\u00e5t och ned\u00e5t, direkt bakom din registreringsskylt. Med [&hellip;]","og_url":"https:\/\/xenonkungen.com\/de\/produkt\/luxtar-universal-led-rampenhalterung-zweiteilig\/","og_site_name":"Xenonkungen","article_modified_time":"2026-04-10T22:56:52+00:00","og_image":[{"width":600,"height":600,"url":"https:\/\/xenonkungen.com\/wp-content\/uploads\/2025\/04\/CDzV0pUQ.jpg","type":"image\/jpeg"}],"twitter_card":"summary_large_image","twitter_misc":{"Gesch\u00e4tzte Lesezeit":"2\u00a0Minuten"},"schema":{"@context":"https:\/\/schema.org","@graph":[{"@type":"WebPage","@id":"https:\/\/xenonkungen.com\/produkt\/luxtar-universal-tvadelat-led-rampsfaste\/","url":"https:\/\/xenonkungen.com\/produkt\/luxtar-universal-tvadelat-led-rampsfaste\/","name":"Luxtar Universal zweiteilige LED-Rampenhalterung - Xenonkungen","isPartOf":{"@id":"https:\/\/xenonkungen.com\/#website"},"primaryImageOfPage":{"@id":"https:\/\/xenonkungen.com\/produkt\/luxtar-universal-tvadelat-led-rampsfaste\/#primaryimage"},"image":{"@id":"https:\/\/xenonkungen.com\/produkt\/luxtar-universal-tvadelat-led-rampsfaste\/#primaryimage"},"thumbnailUrl":"https:\/\/xenonkungen.com\/wp-content\/uploads\/2025\/04\/CDzV0pUQ.jpg","datePublished":"2025-04-15T08:42:47+00:00","dateModified":"2026-04-10T22:56:52+00:00","breadcrumb":{"@id":"https:\/\/xenonkungen.com\/produkt\/luxtar-universal-tvadelat-led-rampsfaste\/#breadcrumb"},"inLanguage":"de","potentialAction":[{"@type":"ReadAction","target":["https:\/\/xenonkungen.com\/produkt\/luxtar-universal-tvadelat-led-rampsfaste\/"]}]},{"@type":"ImageObject","inLanguage":"de","@id":"https:\/\/xenonkungen.com\/produkt\/luxtar-universal-tvadelat-led-rampsfaste\/#primaryimage","url":"https:\/\/xenonkungen.com\/wp-content\/uploads\/2025\/04\/CDzV0pUQ.jpg","contentUrl":"https:\/\/xenonkungen.com\/wp-content\/uploads\/2025\/04\/CDzV0pUQ.jpg","width":600,"height":600},{"@type":"BreadcrumbList","@id":"https:\/\/xenonkungen.com\/produkt\/luxtar-universal-tvadelat-led-rampsfaste\/#breadcrumb","itemListElement":[{"@type":"ListItem","position":1,"name":"Hem","item":"https:\/\/xenonkungen.com\/"},{"@type":"ListItem","position":2,"name":"Shop","item":"https:\/\/xenonkungen.com\/shop\/"},{"@type":"ListItem","position":3,"name":"Luxtar Universal tv\u00e5delat LED-rampsf\u00e4ste"}]},{"@type":"WebSite","@id":"https:\/\/xenonkungen.com\/#website","url":"https:\/\/xenonkungen.com\/","name":"Xenonkungen","description":"","potentialAction":[{"@type":"SearchAction","target":{"@type":"EntryPoint","urlTemplate":"https:\/\/xenonkungen.com\/?s={search_term_string}"},"query-input":{"@type":"PropertyValueSpecification","valueRequired":true,"valueName":"search_term_string"}}],"inLanguage":"de"}]}},"taxonomy_info":{"product_brand":[{"value":103,"label":"LUXTAR"}],"product_cat":[{"value":2534,"label":"Extraljusf\u00e4ste"},{"value":2461,"label":"F\u00e4sten"},{"value":2828,"label":"Installation LED-ramper"},{"value":2535,"label":"LEDRAMPER"},{"value":2826,"label":"LUXTAR"},{"value":2823,"label":"Luxtar - \u00d6vriga produkter"},{"value":2536,"label":"Tillbeh\u00f6r"},{"value":390,"label":"Installation"}],"pa_storlek-mm":[{"value":857,"label":"157x182x3"}]},"featured_image_src_large":["https:\/\/xenonkungen.com\/wp-content\/uploads\/2025\/04\/CDzV0pUQ.jpg",600,600,false],"author_info":[],"comment_info":0,"_links":{"self":[{"href":"http:\/\/xenonkungen.com\/de\/wp-json\/wp\/v2\/product\/2768","targetHints":{"allow":["GET"]}}],"collection":[{"href":"http:\/\/xenonkungen.com\/de\/wp-json\/wp\/v2\/product"}],"about":[{"href":"http:\/\/xenonkungen.com\/de\/wp-json\/wp\/v2\/types\/product"}],"replies":[{"embeddable":true,"href":"http:\/\/xenonkungen.com\/de\/wp-json\/wp\/v2\/comments?post=2768"}],"wp:featuredmedia":[{"embeddable":true,"href":"http:\/\/xenonkungen.com\/de\/wp-json\/wp\/v2\/media\/2769"}],"wp:attachment":[{"href":"http:\/\/xenonkungen.com\/de\/wp-json\/wp\/v2\/media?parent=2768"}],"wp:term":[{"taxonomy":"anvandningsomrade","embeddable":true,"href":"http:\/\/xenonkungen.com\/de\/wp-json\/wp\/v2\/anvandningsomrade?post=2768"},{"taxonomy":"bilmarken","embeddable":true,"href":"http:\/\/xenonkungen.com\/de\/wp-json\/wp\/v2\/bilmarken?post=2768"},{"taxonomy":"product_brand","embeddable":true,"href":"http:\/\/xenonkungen.com\/de\/wp-json\/wp\/v2\/product_brand?post=2768"},{"taxonomy":"product_cat","embeddable":true,"href":"http:\/\/xenonkungen.com\/de\/wp-json\/wp\/v2\/product_cat?post=2768"},{"taxonomy":"product_tag","embeddable":true,"href":"http:\/\/xenonkungen.com\/de\/wp-json\/wp\/v2\/product_tag?post=2768"}],"curies":[{"name":"wp","href":"https:\/\/api.w.org\/{rel}","templated":true}]}}