{"id":28283,"date":"2026-03-19T12:14:39","date_gmt":"2026-03-19T11:14:39","guid":{"rendered":"https:\/\/xenonkungen.com\/produkt\/glosser-eraser-ytforberedande-medel-500ml\/"},"modified":"2026-04-27T12:20:38","modified_gmt":"2026-04-27T11:20:38","slug":"glanzmittel-zur-oberflachenvorbereitung-500-ml","status":"publish","type":"product","link":"http:\/\/xenonkungen.com\/de\/produkt\/glanzmittel-zur-oberflachenvorbereitung-500-ml\/","title":{"rendered":"Glosser Eraser \u2013 Oberfl\u00e4chenvorbereitungsmittel, 500 ml"},"content":{"rendered":"<h3>Oberfl\u00e4chenvorbereitungsmittel f\u00fcr Lacke und Glas<\/h3>\n<p>Der Radierer l\u00f6st Fett, \u00d6l, Silikon und R\u00fcckst\u00e4nde von Reinigungs- und Poliermitteln. Er schafft die optimale Grundlage f\u00fcr die Haftung von Oberfl\u00e4chenversiegelungen. Hervorragend geeignet als Fleckenentferner und Glasreiniger.<\/p>\n<ul>\n<li>L\u00f6st Fett, \u00d6l, Silikon und Polierr\u00fcckst\u00e4nde.<\/li>\n<li>Bietet optimale Haftung f\u00fcr den Lackschutz<\/li>\n<li>Hervorragend als Fleckenentferner<\/li>\n<li>Effektive Glasreinigung auch bei hartn\u00e4ckigen Verschmutzungen<\/li>\n<\/ul>\n<h4>Verwenden<\/h4>\n<ol>\n<li>Die Flasche gut sch\u00fctteln.<\/li>\n<li>Auf die Oberfl\u00e4che spr\u00fchen.<\/li>\n<li>Mit einem Mikrofasertuch abwischen, bis die Oberfl\u00e4che vollst\u00e4ndig trocken und sauber ist.<\/li>\n<\/ol>","protected":false},"excerpt":{"rendered":"<p>Oberfl\u00e4chenvorbehandlungsmittel, das Fett, Silikon und Polierr\u00fcckst\u00e4nde l\u00f6st. Optimale Haftung f\u00fcr den Lackschutz. 500 ml.<\/p>","protected":false},"featured_media":28282,"comment_status":"open","ping_status":"closed","template":"","meta":{"_acf_changed":false,"_smort_price_nok":"","_smort_price_dkk":"","_smort_price_eur":"","_smort_sale_price_nok":"","_smort_sale_price_dkk":"","_smort_sale_price_eur":"","smort_restorder":"","shipmondo_restorder":"","_kad_blocks_custom_css":"","_kad_blocks_head_custom_js":"","_kad_blocks_body_custom_js":"","_kad_blocks_footer_custom_js":"","smort_custom_pricelist_1":"108.16","smort_custom_pricelist_2":"94.64","smort_custom_pricelist_3":"94.64","smort_custom_pricelist_4":"135.2","smort_custom_pricelist_5":"94.64"},"anvandningsomrade":[],"bilmarken":[],"product_brand":[3070],"product_cat":[2989,2928],"product_tag":[2931,2914,2930,2929],"class_list":{"0":"post-28283","1":"product","2":"type-product","3":"status-publish","4":"has-post-thumbnail","6":"product_brand-glosser","7":"product_cat-avfettning","8":"product_cat-forsegling-lackskydd","9":"product_tag-eraser","10":"product_tag-glosser","11":"product_tag-lackrengoring","12":"product_tag-ytforberedande","14":"first","15":"instock","16":"sale","17":"taxable","18":"shipping-taxable","19":"purchasable","20":"product-type-simple"},"bundled_by":[],"bundle_stock_status":"instock","bundle_stock_quantity":6,"bundle_virtual":false,"bundle_layout":"","bundle_add_to_cart_form_location":"","bundle_editable_in_cart":false,"bundle_sold_individually_context":"","bundle_item_grouping":"","bundle_min_size":"","bundle_max_size":"","bundle_price":[],"bundled_items":[],"bundle_sell_ids":[],"acf":[],"yoast_head":"<!-- This site is optimized with the Yoast SEO plugin v27.0 - https:\/\/yoast.com\/product\/yoast-seo-wordpress\/ -->\n<title>Glosser Eraser - Ytf\u00f6rberedande medel, 500ml - Xenonkungen<\/title>\n<meta name=\"robots\" content=\"index, follow, max-snippet:-1, max-image-preview:large, max-video-preview:-1\" \/>\n<link rel=\"canonical\" href=\"https:\/\/xenonkungen.com\/de\/produkt\/glanzmittel-zur-oberflachenvorbereitung-500-ml\/\" \/>\n<meta property=\"og:locale\" content=\"de_DE\" \/>\n<meta property=\"og:type\" content=\"article\" \/>\n<meta property=\"og:title\" content=\"Glosser Eraser - Ytf\u00f6rberedande medel, 500ml - Xenonkungen\" \/>\n<meta property=\"og:description\" content=\"Ytf\u00f6rberedande medel som l\u00f6ser fett, silikon och polermedelsrester. Optimal vidh\u00e4ftning f\u00f6r lackskydd. 500ml.\" \/>\n<meta property=\"og:url\" content=\"https:\/\/xenonkungen.com\/de\/produkt\/glanzmittel-zur-oberflachenvorbereitung-500-ml\/\" \/>\n<meta property=\"og:site_name\" content=\"Xenonkungen\" \/>\n<meta property=\"article:modified_time\" content=\"2026-04-27T11:20:38+00:00\" \/>\n<meta property=\"og:image\" content=\"https:\/\/xenonkungen.com\/wp-content\/uploads\/2026\/03\/1.png\" \/>\n\t<meta property=\"og:image:width\" content=\"1000\" \/>\n\t<meta property=\"og:image:height\" content=\"1000\" \/>\n\t<meta property=\"og:image:type\" content=\"image\/png\" \/>\n<meta name=\"twitter:card\" content=\"summary_large_image\" \/>\n<meta name=\"twitter:label1\" content=\"Gesch\u00e4tzte Lesezeit\" \/>\n\t<meta name=\"twitter:data1\" content=\"1\u00a0Minute\" \/>\n<script type=\"application\/ld+json\" class=\"yoast-schema-graph\">{\"@context\":\"https:\/\/schema.org\",\"@graph\":[{\"@type\":\"WebPage\",\"@id\":\"https:\/\/xenonkungen.com\/produkt\/glosser-eraser-ytforberedande-medel-500ml\/\",\"url\":\"https:\/\/xenonkungen.com\/produkt\/glosser-eraser-ytforberedande-medel-500ml\/\",\"name\":\"Glosser Eraser - Ytf\u00f6rberedande medel, 500ml - Xenonkungen\",\"isPartOf\":{\"@id\":\"https:\/\/xenonkungen.com\/#website\"},\"primaryImageOfPage\":{\"@id\":\"https:\/\/xenonkungen.com\/produkt\/glosser-eraser-ytforberedande-medel-500ml\/#primaryimage\"},\"image\":{\"@id\":\"https:\/\/xenonkungen.com\/produkt\/glosser-eraser-ytforberedande-medel-500ml\/#primaryimage\"},\"thumbnailUrl\":\"https:\/\/xenonkungen.com\/wp-content\/uploads\/2026\/03\/1.png\",\"datePublished\":\"2026-03-19T11:14:39+00:00\",\"dateModified\":\"2026-04-27T11:20:38+00:00\",\"breadcrumb\":{\"@id\":\"https:\/\/xenonkungen.com\/produkt\/glosser-eraser-ytforberedande-medel-500ml\/#breadcrumb\"},\"inLanguage\":\"de\",\"potentialAction\":[{\"@type\":\"ReadAction\",\"target\":[\"https:\/\/xenonkungen.com\/produkt\/glosser-eraser-ytforberedande-medel-500ml\/\"]}]},{\"@type\":\"ImageObject\",\"inLanguage\":\"de\",\"@id\":\"https:\/\/xenonkungen.com\/produkt\/glosser-eraser-ytforberedande-medel-500ml\/#primaryimage\",\"url\":\"https:\/\/xenonkungen.com\/wp-content\/uploads\/2026\/03\/1.png\",\"contentUrl\":\"https:\/\/xenonkungen.com\/wp-content\/uploads\/2026\/03\/1.png\",\"width\":1000,\"height\":1000},{\"@type\":\"BreadcrumbList\",\"@id\":\"https:\/\/xenonkungen.com\/produkt\/glosser-eraser-ytforberedande-medel-500ml\/#breadcrumb\",\"itemListElement\":[{\"@type\":\"ListItem\",\"position\":1,\"name\":\"Hem\",\"item\":\"https:\/\/xenonkungen.com\/\"},{\"@type\":\"ListItem\",\"position\":2,\"name\":\"Shop\",\"item\":\"https:\/\/xenonkungen.com\/shop\/\"},{\"@type\":\"ListItem\",\"position\":3,\"name\":\"Glosser Eraser &#8211; Ytf\u00f6rberedande medel, 500ml\"}]},{\"@type\":\"WebSite\",\"@id\":\"https:\/\/xenonkungen.com\/#website\",\"url\":\"https:\/\/xenonkungen.com\/\",\"name\":\"Xenonkungen\",\"description\":\"\",\"potentialAction\":[{\"@type\":\"SearchAction\",\"target\":{\"@type\":\"EntryPoint\",\"urlTemplate\":\"https:\/\/xenonkungen.com\/?s={search_term_string}\"},\"query-input\":{\"@type\":\"PropertyValueSpecification\",\"valueRequired\":true,\"valueName\":\"search_term_string\"}}],\"inLanguage\":\"de\"}]}<\/script>\n<!-- \/ Yoast SEO plugin. -->","yoast_head_json":{"title":"Glosser Eraser \u2013 Oberfl\u00e4chenvorbereitungsmittel, 500 ml \u2013 Xenonkungen","robots":{"index":"index","follow":"follow","max-snippet":"max-snippet:-1","max-image-preview":"max-image-preview:large","max-video-preview":"max-video-preview:-1"},"canonical":"https:\/\/xenonkungen.com\/de\/produkt\/glanzmittel-zur-oberflachenvorbereitung-500-ml\/","og_locale":"de_DE","og_type":"article","og_title":"Glosser Eraser - Ytf\u00f6rberedande medel, 500ml - Xenonkungen","og_description":"Ytf\u00f6rberedande medel som l\u00f6ser fett, silikon och polermedelsrester. Optimal vidh\u00e4ftning f\u00f6r lackskydd. 500ml.","og_url":"https:\/\/xenonkungen.com\/de\/produkt\/glanzmittel-zur-oberflachenvorbereitung-500-ml\/","og_site_name":"Xenonkungen","article_modified_time":"2026-04-27T11:20:38+00:00","og_image":[{"width":1000,"height":1000,"url":"https:\/\/xenonkungen.com\/wp-content\/uploads\/2026\/03\/1.png","type":"image\/png"}],"twitter_card":"summary_large_image","twitter_misc":{"Gesch\u00e4tzte Lesezeit":"1\u00a0Minute"},"schema":{"@context":"https:\/\/schema.org","@graph":[{"@type":"WebPage","@id":"https:\/\/xenonkungen.com\/produkt\/glosser-eraser-ytforberedande-medel-500ml\/","url":"https:\/\/xenonkungen.com\/produkt\/glosser-eraser-ytforberedande-medel-500ml\/","name":"Glosser Eraser \u2013 Oberfl\u00e4chenvorbereitungsmittel, 500 ml \u2013 Xenonkungen","isPartOf":{"@id":"https:\/\/xenonkungen.com\/#website"},"primaryImageOfPage":{"@id":"https:\/\/xenonkungen.com\/produkt\/glosser-eraser-ytforberedande-medel-500ml\/#primaryimage"},"image":{"@id":"https:\/\/xenonkungen.com\/produkt\/glosser-eraser-ytforberedande-medel-500ml\/#primaryimage"},"thumbnailUrl":"https:\/\/xenonkungen.com\/wp-content\/uploads\/2026\/03\/1.png","datePublished":"2026-03-19T11:14:39+00:00","dateModified":"2026-04-27T11:20:38+00:00","breadcrumb":{"@id":"https:\/\/xenonkungen.com\/produkt\/glosser-eraser-ytforberedande-medel-500ml\/#breadcrumb"},"inLanguage":"de","potentialAction":[{"@type":"ReadAction","target":["https:\/\/xenonkungen.com\/produkt\/glosser-eraser-ytforberedande-medel-500ml\/"]}]},{"@type":"ImageObject","inLanguage":"de","@id":"https:\/\/xenonkungen.com\/produkt\/glosser-eraser-ytforberedande-medel-500ml\/#primaryimage","url":"https:\/\/xenonkungen.com\/wp-content\/uploads\/2026\/03\/1.png","contentUrl":"https:\/\/xenonkungen.com\/wp-content\/uploads\/2026\/03\/1.png","width":1000,"height":1000},{"@type":"BreadcrumbList","@id":"https:\/\/xenonkungen.com\/produkt\/glosser-eraser-ytforberedande-medel-500ml\/#breadcrumb","itemListElement":[{"@type":"ListItem","position":1,"name":"Hem","item":"https:\/\/xenonkungen.com\/"},{"@type":"ListItem","position":2,"name":"Shop","item":"https:\/\/xenonkungen.com\/shop\/"},{"@type":"ListItem","position":3,"name":"Glosser Eraser &#8211; Ytf\u00f6rberedande medel, 500ml"}]},{"@type":"WebSite","@id":"https:\/\/xenonkungen.com\/#website","url":"https:\/\/xenonkungen.com\/","name":"Xenonkungen","description":"","potentialAction":[{"@type":"SearchAction","target":{"@type":"EntryPoint","urlTemplate":"https:\/\/xenonkungen.com\/?s={search_term_string}"},"query-input":{"@type":"PropertyValueSpecification","valueRequired":true,"valueName":"search_term_string"}}],"inLanguage":"de"}]}},"taxonomy_info":{"product_brand":[{"value":3070,"label":"Glosser"}],"product_cat":[{"value":2989,"label":"2 | Avfettning"},{"value":2928,"label":"F\u00f6rsegling &amp; Lackskydd"}],"product_tag":[{"value":2931,"label":"eraser"},{"value":2914,"label":"glosser"},{"value":2930,"label":"lackreng\u00f6ring"},{"value":2929,"label":"ytf\u00f6rberedande"}]},"featured_image_src_large":["https:\/\/xenonkungen.com\/wp-content\/uploads\/2026\/03\/1.png",1000,1000,false],"author_info":[],"comment_info":0,"_links":{"self":[{"href":"http:\/\/xenonkungen.com\/de\/wp-json\/wp\/v2\/product\/28283","targetHints":{"allow":["GET"]}}],"collection":[{"href":"http:\/\/xenonkungen.com\/de\/wp-json\/wp\/v2\/product"}],"about":[{"href":"http:\/\/xenonkungen.com\/de\/wp-json\/wp\/v2\/types\/product"}],"replies":[{"embeddable":true,"href":"http:\/\/xenonkungen.com\/de\/wp-json\/wp\/v2\/comments?post=28283"}],"wp:featuredmedia":[{"embeddable":true,"href":"http:\/\/xenonkungen.com\/de\/wp-json\/wp\/v2\/media\/28282"}],"wp:attachment":[{"href":"http:\/\/xenonkungen.com\/de\/wp-json\/wp\/v2\/media?parent=28283"}],"wp:term":[{"taxonomy":"anvandningsomrade","embeddable":true,"href":"http:\/\/xenonkungen.com\/de\/wp-json\/wp\/v2\/anvandningsomrade?post=28283"},{"taxonomy":"bilmarken","embeddable":true,"href":"http:\/\/xenonkungen.com\/de\/wp-json\/wp\/v2\/bilmarken?post=28283"},{"taxonomy":"product_brand","embeddable":true,"href":"http:\/\/xenonkungen.com\/de\/wp-json\/wp\/v2\/product_brand?post=28283"},{"taxonomy":"product_cat","embeddable":true,"href":"http:\/\/xenonkungen.com\/de\/wp-json\/wp\/v2\/product_cat?post=28283"},{"taxonomy":"product_tag","embeddable":true,"href":"http:\/\/xenonkungen.com\/de\/wp-json\/wp\/v2\/product_tag?post=28283"}],"curies":[{"name":"wp","href":"https:\/\/api.w.org\/{rel}","templated":true}]}}