{"id":28324,"date":"2026-03-19T13:30:06","date_gmt":"2026-03-19T12:30:06","guid":{"rendered":"https:\/\/xenonkungen.com\/?post_type=product&#038;p=28324"},"modified":"2026-04-27T12:20:37","modified_gmt":"2026-04-27T11:20:37","slug":"glosser-polierscheibe-weich-155-mm","status":"publish","type":"product","link":"http:\/\/xenonkungen.com\/de\/produkt\/glosser-polierscheibe-weich-155-mm\/","title":{"rendered":"Glosser Polierscheibe \u2013 weich, 155 mm"},"content":{"rendered":"<h3>Polierscheibe weich 155 mm<\/h3>\n<p>Gr\u00f6\u00dferes, weiches Schaumstoffpad f\u00fcr feines Polieren mit Ultimate Finish. Deckt pro Zug eine gr\u00f6\u00dfere Fl\u00e4che ab \u2013 ideal f\u00fcr ebene Fl\u00e4chen wie D\u00e4cher und Motorhauben.<\/p>\n<ul>\n<li>Weiche Polierscheibe 155 mm<\/li>\n<li>F\u00fcr die Feinpolitur (Schritt 3)<\/li>\n<li>Gr\u00f6\u00dfere Oberfl\u00e4che \u2013 schnellere Arbeit<\/li>\n<li>Verwendet mit Ultimate Finish<\/li>\n<\/ul>","protected":false},"excerpt":{"rendered":"<p>Weiche Polierscheibe 155 mm f\u00fcr Feinpolieren mit ultimativem Finish. Gr\u00f6\u00dfere Oberfl\u00e4che f\u00fcr schnelleres Arbeiten auf flachen Fl\u00e4chen.<\/p>","protected":false},"featured_media":0,"comment_status":"open","ping_status":"closed","template":"","meta":{"_acf_changed":false,"_smort_price_nok":"","_smort_price_dkk":"","_smort_price_eur":"","_smort_sale_price_nok":"","_smort_sale_price_dkk":"","_smort_sale_price_eur":"","smort_restorder":"","shipmondo_restorder":"","_kad_blocks_custom_css":"","_kad_blocks_head_custom_js":"","_kad_blocks_body_custom_js":"","_kad_blocks_footer_custom_js":"","smort_custom_pricelist_1":"71.2","smort_custom_pricelist_2":"71.2","smort_custom_pricelist_3":"71.2","smort_custom_pricelist_4":"71.2","smort_custom_pricelist_5":"71.2"},"anvandningsomrade":[],"bilmarken":[],"product_brand":[3070],"product_cat":[2989,2617],"product_tag":[],"class_list":{"0":"post-28324","1":"product","2":"type-product","3":"status-publish","5":"product_brand-glosser","6":"product_cat-avfettning","7":"product_cat-polering","9":"first","10":"instock","11":"sale","12":"taxable","13":"shipping-taxable","14":"purchasable","15":"product-type-simple"},"bundled_by":[],"bundle_stock_status":"instock","bundle_stock_quantity":2,"bundle_virtual":false,"bundle_layout":"","bundle_add_to_cart_form_location":"","bundle_editable_in_cart":false,"bundle_sold_individually_context":"","bundle_item_grouping":"","bundle_min_size":"","bundle_max_size":"","bundle_price":[],"bundled_items":[],"bundle_sell_ids":[],"acf":[],"yoast_head":"<!-- This site is optimized with the Yoast SEO plugin v27.0 - https:\/\/yoast.com\/product\/yoast-seo-wordpress\/ -->\n<title>Glosser Polertrissa \u2013 Soft, 155mm - Xenonkungen<\/title>\n<meta name=\"robots\" content=\"index, follow, max-snippet:-1, max-image-preview:large, max-video-preview:-1\" \/>\n<link rel=\"canonical\" href=\"https:\/\/xenonkungen.com\/de\/produkt\/glosser-polierscheibe-weich-155-mm\/\" \/>\n<meta property=\"og:locale\" content=\"de_DE\" \/>\n<meta property=\"og:type\" content=\"article\" \/>\n<meta property=\"og:title\" content=\"Glosser Polertrissa \u2013 Soft, 155mm - Xenonkungen\" \/>\n<meta property=\"og:description\" content=\"Mjuk polertrissa 155mm f\u00f6r finpolering med Ultimate Finish. St\u00f6rre yta f\u00f6r snabbare arbete p\u00e5 plana paneler.\" \/>\n<meta property=\"og:url\" content=\"https:\/\/xenonkungen.com\/de\/produkt\/glosser-polierscheibe-weich-155-mm\/\" \/>\n<meta property=\"og:site_name\" content=\"Xenonkungen\" \/>\n<meta property=\"article:modified_time\" content=\"2026-04-27T11:20:37+00:00\" \/>\n<meta name=\"twitter:card\" content=\"summary_large_image\" \/>\n<script type=\"application\/ld+json\" class=\"yoast-schema-graph\">{\"@context\":\"https:\/\/schema.org\",\"@graph\":[{\"@type\":\"WebPage\",\"@id\":\"https:\/\/xenonkungen.com\/produkt\/glosser-polertrissa-soft-155mm\/\",\"url\":\"https:\/\/xenonkungen.com\/produkt\/glosser-polertrissa-soft-155mm\/\",\"name\":\"Glosser Polertrissa \u2013 Soft, 155mm - Xenonkungen\",\"isPartOf\":{\"@id\":\"https:\/\/xenonkungen.com\/#website\"},\"datePublished\":\"2026-03-19T12:30:06+00:00\",\"dateModified\":\"2026-04-27T11:20:37+00:00\",\"breadcrumb\":{\"@id\":\"https:\/\/xenonkungen.com\/produkt\/glosser-polertrissa-soft-155mm\/#breadcrumb\"},\"inLanguage\":\"de\",\"potentialAction\":[{\"@type\":\"ReadAction\",\"target\":[\"https:\/\/xenonkungen.com\/produkt\/glosser-polertrissa-soft-155mm\/\"]}]},{\"@type\":\"BreadcrumbList\",\"@id\":\"https:\/\/xenonkungen.com\/produkt\/glosser-polertrissa-soft-155mm\/#breadcrumb\",\"itemListElement\":[{\"@type\":\"ListItem\",\"position\":1,\"name\":\"Hem\",\"item\":\"https:\/\/xenonkungen.com\/\"},{\"@type\":\"ListItem\",\"position\":2,\"name\":\"Shop\",\"item\":\"https:\/\/xenonkungen.com\/shop\/\"},{\"@type\":\"ListItem\",\"position\":3,\"name\":\"Glosser Polertrissa \u2013 Soft, 155mm\"}]},{\"@type\":\"WebSite\",\"@id\":\"https:\/\/xenonkungen.com\/#website\",\"url\":\"https:\/\/xenonkungen.com\/\",\"name\":\"Xenonkungen\",\"description\":\"\",\"potentialAction\":[{\"@type\":\"SearchAction\",\"target\":{\"@type\":\"EntryPoint\",\"urlTemplate\":\"https:\/\/xenonkungen.com\/?s={search_term_string}\"},\"query-input\":{\"@type\":\"PropertyValueSpecification\",\"valueRequired\":true,\"valueName\":\"search_term_string\"}}],\"inLanguage\":\"de\"}]}<\/script>\n<!-- \/ Yoast SEO plugin. -->","yoast_head_json":{"title":"Glosser Polierscheibe - Weich, 155 mm - Xenonkungen","robots":{"index":"index","follow":"follow","max-snippet":"max-snippet:-1","max-image-preview":"max-image-preview:large","max-video-preview":"max-video-preview:-1"},"canonical":"https:\/\/xenonkungen.com\/de\/produkt\/glosser-polierscheibe-weich-155-mm\/","og_locale":"de_DE","og_type":"article","og_title":"Glosser Polertrissa \u2013 Soft, 155mm - Xenonkungen","og_description":"Mjuk polertrissa 155mm f\u00f6r finpolering med Ultimate Finish. St\u00f6rre yta f\u00f6r snabbare arbete p\u00e5 plana paneler.","og_url":"https:\/\/xenonkungen.com\/de\/produkt\/glosser-polierscheibe-weich-155-mm\/","og_site_name":"Xenonkungen","article_modified_time":"2026-04-27T11:20:37+00:00","twitter_card":"summary_large_image","schema":{"@context":"https:\/\/schema.org","@graph":[{"@type":"WebPage","@id":"https:\/\/xenonkungen.com\/produkt\/glosser-polertrissa-soft-155mm\/","url":"https:\/\/xenonkungen.com\/produkt\/glosser-polertrissa-soft-155mm\/","name":"Glosser Polierscheibe - Weich, 155 mm - Xenonkungen","isPartOf":{"@id":"https:\/\/xenonkungen.com\/#website"},"datePublished":"2026-03-19T12:30:06+00:00","dateModified":"2026-04-27T11:20:37+00:00","breadcrumb":{"@id":"https:\/\/xenonkungen.com\/produkt\/glosser-polertrissa-soft-155mm\/#breadcrumb"},"inLanguage":"de","potentialAction":[{"@type":"ReadAction","target":["https:\/\/xenonkungen.com\/produkt\/glosser-polertrissa-soft-155mm\/"]}]},{"@type":"BreadcrumbList","@id":"https:\/\/xenonkungen.com\/produkt\/glosser-polertrissa-soft-155mm\/#breadcrumb","itemListElement":[{"@type":"ListItem","position":1,"name":"Hem","item":"https:\/\/xenonkungen.com\/"},{"@type":"ListItem","position":2,"name":"Shop","item":"https:\/\/xenonkungen.com\/shop\/"},{"@type":"ListItem","position":3,"name":"Glosser Polertrissa \u2013 Soft, 155mm"}]},{"@type":"WebSite","@id":"https:\/\/xenonkungen.com\/#website","url":"https:\/\/xenonkungen.com\/","name":"Xenonkungen","description":"","potentialAction":[{"@type":"SearchAction","target":{"@type":"EntryPoint","urlTemplate":"https:\/\/xenonkungen.com\/?s={search_term_string}"},"query-input":{"@type":"PropertyValueSpecification","valueRequired":true,"valueName":"search_term_string"}}],"inLanguage":"de"}]}},"taxonomy_info":{"product_brand":[{"value":3070,"label":"Glosser"}],"product_cat":[{"value":2989,"label":"2 | Avfettning"},{"value":2617,"label":"3 | Polering"}]},"featured_image_src_large":false,"author_info":[],"comment_info":0,"_links":{"self":[{"href":"http:\/\/xenonkungen.com\/de\/wp-json\/wp\/v2\/product\/28324","targetHints":{"allow":["GET"]}}],"collection":[{"href":"http:\/\/xenonkungen.com\/de\/wp-json\/wp\/v2\/product"}],"about":[{"href":"http:\/\/xenonkungen.com\/de\/wp-json\/wp\/v2\/types\/product"}],"replies":[{"embeddable":true,"href":"http:\/\/xenonkungen.com\/de\/wp-json\/wp\/v2\/comments?post=28324"}],"wp:attachment":[{"href":"http:\/\/xenonkungen.com\/de\/wp-json\/wp\/v2\/media?parent=28324"}],"wp:term":[{"taxonomy":"anvandningsomrade","embeddable":true,"href":"http:\/\/xenonkungen.com\/de\/wp-json\/wp\/v2\/anvandningsomrade?post=28324"},{"taxonomy":"bilmarken","embeddable":true,"href":"http:\/\/xenonkungen.com\/de\/wp-json\/wp\/v2\/bilmarken?post=28324"},{"taxonomy":"product_brand","embeddable":true,"href":"http:\/\/xenonkungen.com\/de\/wp-json\/wp\/v2\/product_brand?post=28324"},{"taxonomy":"product_cat","embeddable":true,"href":"http:\/\/xenonkungen.com\/de\/wp-json\/wp\/v2\/product_cat?post=28324"},{"taxonomy":"product_tag","embeddable":true,"href":"http:\/\/xenonkungen.com\/de\/wp-json\/wp\/v2\/product_tag?post=28324"}],"curies":[{"name":"wp","href":"https:\/\/api.w.org\/{rel}","templated":true}]}}