{"id":29315,"date":"2026-04-15T10:03:54","date_gmt":"2026-04-15T09:03:54","guid":{"rendered":"https:\/\/xenonkungen.com\/?post_type=product&#038;p=29315"},"modified":"2026-04-15T10:37:19","modified_gmt":"2026-04-15T09:37:19","slug":"osram-led-driving-smart-canbus-h7-24v","status":"publish","type":"product","link":"http:\/\/xenonkungen.com\/dk\/vare\/osram-led-driving-smart-canbus-h7-24v\/","title":{"rendered":"OSRAM LEDriving SMART CANBUS H7 \u2013 24V"},"content":{"rendered":"<p data-start=\"315\" data-end=\"366\"><strong data-start=\"315\" data-end=\"364\">Problemfri konvertering fra halogen til LED<\/strong><\/p>\n<p data-start=\"368\" data-end=\"668\">Med OSRAM LEDriving Smart Canbus LEDSCT10 kan du nemt konvertere fra halogen til LED uden at f\u00e5 fejlmeddelelser i k\u00f8ret\u00f8jets system. LED-lamper har et lavere str\u00f8mforbrug end halogen, hvilket kan udl\u00f8se bilens overv\u00e5gningssystem - dette tilbeh\u00f8r l\u00f8ser problemet og sikrer stabil drift.<\/p>\n<h2 data-section-id=\"11q5lcm\" data-start=\"670\" data-end=\"709\"><span role=\"text\"><strong data-start=\"673\" data-end=\"707\">Tilpasset til 24V H7 LED-systemer<\/strong><\/span><\/h2>\n<p data-start=\"710\" data-end=\"924\">LEDSCT10 er specielt designet til 24V-systemer og H7 LED-p\u00e6rer til b\u00e5de fjern- og n\u00e6rlys. Den fungerer som en smart l\u00f8sning til at eliminere advarselsmeddelelser og sikre korrekt drift i moderne k\u00f8ret\u00f8jer.<\/p>\n<h2 data-section-id=\"etm1uc\" data-start=\"926\" data-end=\"972\"><span role=\"text\"><strong data-start=\"929\" data-end=\"970\">Robust konstruktion til barske milj\u00f8er<\/strong><\/span><\/h2>\n<p data-start=\"973\" data-end=\"1198\">Produktet er bygget i et aluminiumshus af h\u00f8j kvalitet med sort anodiseret finish. Det er testet til ekstreme forhold som vand, st\u00f8v, varme, kulde og vibrationer og har en IP54-klassificering, hvilket sikrer god holdbarhed.<\/p>\n<h2 data-section-id=\"2zbqtz\" data-start=\"1200\" data-end=\"1237\"><span role=\"text\"><strong data-start=\"1203\" data-end=\"1235\">Originalt tilbeh\u00f8r fra OSRAM<\/strong><\/span><\/h2>\n<p data-start=\"1238\" data-end=\"1470\">For den bedste funktion og kompatibilitet anbefales det at bruge OSRAM LED-lamper sammen med originalt tilbeh\u00f8r s\u00e5som LEDriving-adapter, Smart Canbus, kapper og fejlfilter. Dette sikrer optimal ydeevne og driftssikkerhed.<\/p>\n<h2 data-section-id=\"2228oc\" data-start=\"1472\" data-end=\"1507\"><span role=\"text\"><strong data-start=\"1475\" data-end=\"1505\">P\u00e5lidelig kvalitet med garanti<\/strong><\/span><\/h2>\n<p data-start=\"1508\" data-end=\"1606\">OSRAM tilbyder 3 \u00e5rs garanti p\u00e5 LEDriving-seriens tilbeh\u00f8r, hvilket giver ekstra ro i sindet ved dit k\u00f8b.<\/p>","protected":false},"excerpt":{"rendered":"<p>Undg\u00e5 fejlkoder ved konvertering til LED. OSRAM LEDriving Smart Canbus giver stabil drift af H7 LED i 24V-systemer.<\/p>","protected":false},"featured_media":29310,"comment_status":"open","ping_status":"closed","template":"","meta":{"_acf_changed":false,"_smort_price_nok":"","_smort_price_dkk":"","_smort_price_eur":"","_smort_sale_price_nok":"","_smort_sale_price_dkk":"","_smort_sale_price_eur":"","smort_restorder":"","shipmondo_restorder":"","_kad_blocks_custom_css":"","_kad_blocks_head_custom_js":"","_kad_blocks_body_custom_js":"","_kad_blocks_footer_custom_js":"","smort_custom_pricelist_1":"572.8","smort_custom_pricelist_2":"501.2","smort_custom_pricelist_3":"465.4","smort_custom_pricelist_4":"716","smort_custom_pricelist_5":"501.2"},"anvandningsomrade":[],"bilmarken":[],"product_brand":[108],"product_cat":[2487,2970,3001,477,390],"product_tag":[],"class_list":{"0":"post-29315","1":"product","2":"type-product","3":"status-publish","4":"has-post-thumbnail","6":"product_brand-osram","7":"product_cat-canbus-installation","8":"product_cat-installation-ledramper","9":"product_cat-lastbil-trailer-slap","10":"product_cat-canbus-emc","11":"product_cat-installation","12":"pa_volt-v-160","14":"first","15":"onbackorder","16":"taxable","17":"shipping-taxable","18":"purchasable","19":"product-type-simple"},"bundled_by":[],"bundle_stock_status":"onbackorder","bundle_stock_quantity":-1,"bundle_virtual":false,"bundle_layout":"","bundle_add_to_cart_form_location":"","bundle_editable_in_cart":false,"bundle_sold_individually_context":"","bundle_item_grouping":"","bundle_min_size":"","bundle_max_size":"","bundle_price":[],"bundled_items":[],"bundle_sell_ids":[],"acf":[],"yoast_head":"<!-- This site is optimized with the Yoast SEO plugin v27.0 - https:\/\/yoast.com\/product\/yoast-seo-wordpress\/ -->\n<title>OSRAM LEDriving SMART CANBUS H7 - 24V - Xenonkungen OSRAM LEDriving Smart Canbus LEDSCT10 24V H7 - Xenonkungen<\/title>\n<meta name=\"description\" content=\"K\u00f6p OSRAM LEDriving Smart Canbus LEDSCT10 f\u00f6r 24V H7 LED. Undvik felkoder vid LED-konvertering. Snabb leverans. \u00d6ppet k\u00f6p 30 dagar.\" \/>\n<meta name=\"robots\" content=\"index, follow, max-snippet:-1, max-image-preview:large, max-video-preview:-1\" \/>\n<link rel=\"canonical\" href=\"https:\/\/xenonkungen.com\/dk\/vare\/osram-led-driving-smart-canbus-h7-24v\/\" \/>\n<meta property=\"og:locale\" content=\"da_DK\" \/>\n<meta property=\"og:type\" content=\"article\" \/>\n<meta property=\"og:title\" content=\"OSRAM LEDriving SMART CANBUS H7 - 24V - Xenonkungen OSRAM LEDriving Smart Canbus LEDSCT10 24V H7 - Xenonkungen\" \/>\n<meta property=\"og:description\" content=\"K\u00f6p OSRAM LEDriving Smart Canbus LEDSCT10 f\u00f6r 24V H7 LED. Undvik felkoder vid LED-konvertering. Snabb leverans. \u00d6ppet k\u00f6p 30 dagar.\" \/>\n<meta property=\"og:url\" content=\"https:\/\/xenonkungen.com\/dk\/vare\/osram-led-driving-smart-canbus-h7-24v\/\" \/>\n<meta property=\"og:site_name\" content=\"Xenonkungen\" \/>\n<meta property=\"article:modified_time\" content=\"2026-04-15T09:37:19+00:00\" \/>\n<meta property=\"og:image\" content=\"https:\/\/xenonkungen.com\/wp-content\/uploads\/2026\/04\/Small-for-web-and-ppt-PI_ARF-2023-02250_LEDriving_Smart_Canbus_LEDSCT10_02.jpg\" \/>\n\t<meta property=\"og:image:width\" content=\"1024\" \/>\n\t<meta property=\"og:image:height\" content=\"1024\" \/>\n\t<meta property=\"og:image:type\" content=\"image\/jpeg\" \/>\n<meta name=\"twitter:card\" content=\"summary_large_image\" \/>\n<meta name=\"twitter:label1\" content=\"Estimeret l\u00e6setid\" \/>\n\t<meta name=\"twitter:data1\" content=\"2 minutter\" \/>\n<script type=\"application\/ld+json\" class=\"yoast-schema-graph\">{\"@context\":\"https:\/\/schema.org\",\"@graph\":[{\"@type\":\"WebPage\",\"@id\":\"https:\/\/xenonkungen.com\/produkt\/osram-ledriving-smart-canbus-h7-24v\/\",\"url\":\"https:\/\/xenonkungen.com\/produkt\/osram-ledriving-smart-canbus-h7-24v\/\",\"name\":\"OSRAM LEDriving SMART CANBUS H7 - 24V - Xenonkungen OSRAM LEDriving Smart Canbus LEDSCT10 24V H7 - Xenonkungen\",\"isPartOf\":{\"@id\":\"https:\/\/xenonkungen.com\/#website\"},\"primaryImageOfPage\":{\"@id\":\"https:\/\/xenonkungen.com\/produkt\/osram-ledriving-smart-canbus-h7-24v\/#primaryimage\"},\"image\":{\"@id\":\"https:\/\/xenonkungen.com\/produkt\/osram-ledriving-smart-canbus-h7-24v\/#primaryimage\"},\"thumbnailUrl\":\"https:\/\/xenonkungen.com\/wp-content\/uploads\/2026\/04\/Small-for-web-and-ppt-PI_ARF-2023-02250_LEDriving_Smart_Canbus_LEDSCT10_02.jpg\",\"datePublished\":\"2026-04-15T09:03:54+00:00\",\"dateModified\":\"2026-04-15T09:37:19+00:00\",\"description\":\"K\u00f6p OSRAM LEDriving Smart Canbus LEDSCT10 f\u00f6r 24V H7 LED. Undvik felkoder vid LED-konvertering. Snabb leverans. \u00d6ppet k\u00f6p 30 dagar.\",\"breadcrumb\":{\"@id\":\"https:\/\/xenonkungen.com\/produkt\/osram-ledriving-smart-canbus-h7-24v\/#breadcrumb\"},\"inLanguage\":\"da-DK\",\"potentialAction\":[{\"@type\":\"ReadAction\",\"target\":[\"https:\/\/xenonkungen.com\/produkt\/osram-ledriving-smart-canbus-h7-24v\/\"]}]},{\"@type\":\"ImageObject\",\"inLanguage\":\"da-DK\",\"@id\":\"https:\/\/xenonkungen.com\/produkt\/osram-ledriving-smart-canbus-h7-24v\/#primaryimage\",\"url\":\"https:\/\/xenonkungen.com\/wp-content\/uploads\/2026\/04\/Small-for-web-and-ppt-PI_ARF-2023-02250_LEDriving_Smart_Canbus_LEDSCT10_02.jpg\",\"contentUrl\":\"https:\/\/xenonkungen.com\/wp-content\/uploads\/2026\/04\/Small-for-web-and-ppt-PI_ARF-2023-02250_LEDriving_Smart_Canbus_LEDSCT10_02.jpg\",\"width\":1024,\"height\":1024},{\"@type\":\"BreadcrumbList\",\"@id\":\"https:\/\/xenonkungen.com\/produkt\/osram-ledriving-smart-canbus-h7-24v\/#breadcrumb\",\"itemListElement\":[{\"@type\":\"ListItem\",\"position\":1,\"name\":\"Hem\",\"item\":\"https:\/\/xenonkungen.com\/\"},{\"@type\":\"ListItem\",\"position\":2,\"name\":\"Shop\",\"item\":\"https:\/\/xenonkungen.com\/shop\/\"},{\"@type\":\"ListItem\",\"position\":3,\"name\":\"OSRAM LEDriving SMART CANBUS H7 &#8211; 24V\"}]},{\"@type\":\"WebSite\",\"@id\":\"https:\/\/xenonkungen.com\/#website\",\"url\":\"https:\/\/xenonkungen.com\/\",\"name\":\"Xenonkungen\",\"description\":\"\",\"potentialAction\":[{\"@type\":\"SearchAction\",\"target\":{\"@type\":\"EntryPoint\",\"urlTemplate\":\"https:\/\/xenonkungen.com\/?s={search_term_string}\"},\"query-input\":{\"@type\":\"PropertyValueSpecification\",\"valueRequired\":true,\"valueName\":\"search_term_string\"}}],\"inLanguage\":\"da-DK\"}]}<\/script>\n<!-- \/ Yoast SEO plugin. -->","yoast_head_json":{"title":"OSRAM LEDriving SMART CANBUS H7 - 24V - Xenon-kongen OSRAM LEDriving Smart Canbus LEDSCT10 24V H7 - Xenon-kongen","description":"K\u00f8b OSRAM LEDriving Smart Canbus LEDSCT10 til 24V H7 LED. Undg\u00e5 fejlkoder ved konvertering til LED. Hurtig levering. \u00c5bent k\u00f8b 30 dage.","robots":{"index":"index","follow":"follow","max-snippet":"max-snippet:-1","max-image-preview":"max-image-preview:large","max-video-preview":"max-video-preview:-1"},"canonical":"https:\/\/xenonkungen.com\/dk\/vare\/osram-led-driving-smart-canbus-h7-24v\/","og_locale":"da_DK","og_type":"article","og_title":"OSRAM LEDriving SMART CANBUS H7 - 24V - Xenonkungen OSRAM LEDriving Smart Canbus LEDSCT10 24V H7 - Xenonkungen","og_description":"K\u00f6p OSRAM LEDriving Smart Canbus LEDSCT10 f\u00f6r 24V H7 LED. Undvik felkoder vid LED-konvertering. Snabb leverans. \u00d6ppet k\u00f6p 30 dagar.","og_url":"https:\/\/xenonkungen.com\/dk\/vare\/osram-led-driving-smart-canbus-h7-24v\/","og_site_name":"Xenonkungen","article_modified_time":"2026-04-15T09:37:19+00:00","og_image":[{"width":1024,"height":1024,"url":"https:\/\/xenonkungen.com\/wp-content\/uploads\/2026\/04\/Small-for-web-and-ppt-PI_ARF-2023-02250_LEDriving_Smart_Canbus_LEDSCT10_02.jpg","type":"image\/jpeg"}],"twitter_card":"summary_large_image","twitter_misc":{"Estimeret l\u00e6setid":"2 minutter"},"schema":{"@context":"https:\/\/schema.org","@graph":[{"@type":"WebPage","@id":"https:\/\/xenonkungen.com\/produkt\/osram-ledriving-smart-canbus-h7-24v\/","url":"https:\/\/xenonkungen.com\/produkt\/osram-ledriving-smart-canbus-h7-24v\/","name":"OSRAM LEDriving SMART CANBUS H7 - 24V - Xenon-kongen OSRAM LEDriving Smart Canbus LEDSCT10 24V H7 - Xenon-kongen","isPartOf":{"@id":"https:\/\/xenonkungen.com\/#website"},"primaryImageOfPage":{"@id":"https:\/\/xenonkungen.com\/produkt\/osram-ledriving-smart-canbus-h7-24v\/#primaryimage"},"image":{"@id":"https:\/\/xenonkungen.com\/produkt\/osram-ledriving-smart-canbus-h7-24v\/#primaryimage"},"thumbnailUrl":"https:\/\/xenonkungen.com\/wp-content\/uploads\/2026\/04\/Small-for-web-and-ppt-PI_ARF-2023-02250_LEDriving_Smart_Canbus_LEDSCT10_02.jpg","datePublished":"2026-04-15T09:03:54+00:00","dateModified":"2026-04-15T09:37:19+00:00","description":"K\u00f8b OSRAM LEDriving Smart Canbus LEDSCT10 til 24V H7 LED. Undg\u00e5 fejlkoder ved konvertering til LED. Hurtig levering. \u00c5bent k\u00f8b 30 dage.","breadcrumb":{"@id":"https:\/\/xenonkungen.com\/produkt\/osram-ledriving-smart-canbus-h7-24v\/#breadcrumb"},"inLanguage":"da-DK","potentialAction":[{"@type":"ReadAction","target":["https:\/\/xenonkungen.com\/produkt\/osram-ledriving-smart-canbus-h7-24v\/"]}]},{"@type":"ImageObject","inLanguage":"da-DK","@id":"https:\/\/xenonkungen.com\/produkt\/osram-ledriving-smart-canbus-h7-24v\/#primaryimage","url":"https:\/\/xenonkungen.com\/wp-content\/uploads\/2026\/04\/Small-for-web-and-ppt-PI_ARF-2023-02250_LEDriving_Smart_Canbus_LEDSCT10_02.jpg","contentUrl":"https:\/\/xenonkungen.com\/wp-content\/uploads\/2026\/04\/Small-for-web-and-ppt-PI_ARF-2023-02250_LEDriving_Smart_Canbus_LEDSCT10_02.jpg","width":1024,"height":1024},{"@type":"BreadcrumbList","@id":"https:\/\/xenonkungen.com\/produkt\/osram-ledriving-smart-canbus-h7-24v\/#breadcrumb","itemListElement":[{"@type":"ListItem","position":1,"name":"Hem","item":"https:\/\/xenonkungen.com\/"},{"@type":"ListItem","position":2,"name":"Shop","item":"https:\/\/xenonkungen.com\/shop\/"},{"@type":"ListItem","position":3,"name":"OSRAM LEDriving SMART CANBUS H7 &#8211; 24V"}]},{"@type":"WebSite","@id":"https:\/\/xenonkungen.com\/#website","url":"https:\/\/xenonkungen.com\/","name":"Xenonkungen","description":"","potentialAction":[{"@type":"SearchAction","target":{"@type":"EntryPoint","urlTemplate":"https:\/\/xenonkungen.com\/?s={search_term_string}"},"query-input":{"@type":"PropertyValueSpecification","valueRequired":true,"valueName":"search_term_string"}}],"inLanguage":"da-DK"}]}},"taxonomy_info":{"product_brand":[{"value":108,"label":"OSRAM"}],"product_cat":[{"value":2487,"label":"Canbus"},{"value":2970,"label":"Installation"},{"value":3001,"label":"Lastbil \/ Trailer \/ Sl\u00e4p"},{"value":477,"label":"Canbus | EMC"},{"value":390,"label":"Installation"}],"pa_volt-v":[{"value":160,"label":"24"}]},"featured_image_src_large":["https:\/\/xenonkungen.com\/wp-content\/uploads\/2026\/04\/Small-for-web-and-ppt-PI_ARF-2023-02250_LEDriving_Smart_Canbus_LEDSCT10_02.jpg",1024,1024,false],"author_info":[],"comment_info":0,"_links":{"self":[{"href":"http:\/\/xenonkungen.com\/dk\/wp-json\/wp\/v2\/product\/29315","targetHints":{"allow":["GET"]}}],"collection":[{"href":"http:\/\/xenonkungen.com\/dk\/wp-json\/wp\/v2\/product"}],"about":[{"href":"http:\/\/xenonkungen.com\/dk\/wp-json\/wp\/v2\/types\/product"}],"replies":[{"embeddable":true,"href":"http:\/\/xenonkungen.com\/dk\/wp-json\/wp\/v2\/comments?post=29315"}],"wp:featuredmedia":[{"embeddable":true,"href":"http:\/\/xenonkungen.com\/dk\/wp-json\/wp\/v2\/media\/29310"}],"wp:attachment":[{"href":"http:\/\/xenonkungen.com\/dk\/wp-json\/wp\/v2\/media?parent=29315"}],"wp:term":[{"taxonomy":"anvandningsomrade","embeddable":true,"href":"http:\/\/xenonkungen.com\/dk\/wp-json\/wp\/v2\/anvandningsomrade?post=29315"},{"taxonomy":"bilmarken","embeddable":true,"href":"http:\/\/xenonkungen.com\/dk\/wp-json\/wp\/v2\/bilmarken?post=29315"},{"taxonomy":"product_brand","embeddable":true,"href":"http:\/\/xenonkungen.com\/dk\/wp-json\/wp\/v2\/product_brand?post=29315"},{"taxonomy":"product_cat","embeddable":true,"href":"http:\/\/xenonkungen.com\/dk\/wp-json\/wp\/v2\/product_cat?post=29315"},{"taxonomy":"product_tag","embeddable":true,"href":"http:\/\/xenonkungen.com\/dk\/wp-json\/wp\/v2\/product_tag?post=29315"}],"curies":[{"name":"wp","href":"https:\/\/api.w.org\/{rel}","templated":true}]}}