{"id":15682,"date":"2025-10-15T09:16:29","date_gmt":"2025-10-15T09:16:29","guid":{"rendered":"https:\/\/xenonkungen.com\/?post_type=product&#038;p=15682"},"modified":"2026-04-10T20:44:07","modified_gmt":"2026-04-10T19:44:07","slug":"xbb-powerunit-6-slave-unit-dongle","status":"publish","type":"product","link":"http:\/\/xenonkungen.com\/en\/product\/xbb-powerunit-6-slave-unit-dongle\/","title":{"rendered":"XBB PowerUnit 6 | Slave unit + Dongle"},"content":{"rendered":"<h1>XBB PowerUnit 6 - Smart control, easy installation<\/h1>\n<p>XBB PowerUnit 6 is the optimal solution for those who want to take control of vehicle lighting and accessories - without having to demolish interiors, look for signal cables or pull extra switches. Installation is smooth, discreet and completely wireless.<\/p>\n<p>Pair the device with the XBB Dongle or PP-CAN-FD and you get access to the vehicle's CAN bus signals, allowing you to activate, for example, high beam, reverse, ignition or any other optional function - fully automatically.<\/p>\n<p>With 6 high-current outputs per PowerUnit and the ability to connect up to four devices, you can control as many as 24 outputs wirelessly and freely configure them via the app.<\/p>\n<h1>XBB OBD-II Dongle<\/h1>\n<p>XBB Powerunit is a completely unique product. With this you facilitate the connection of led ramps, auxiliary lights, reversing lights, work lights etc. Works on both 12 and 24V systems.<\/p>\n<p>The dongle simply plugs into the OBD socket on your car. Then you can synchronise it with 1 or more wireless relays. XBB has developed several recipes for different cars. It is important that you check if your car is compatible via the list that we link here in the article.<\/p>\n<p>Inside the app, you tell the relay what to do. should it be switched on together with the main beam? Is there a position light that should be switched on when the auxiliary lights\/ramp are switched off? Mm.<\/p>\n<p>It is also possible to programme reversing lights on most cars, so that they are switched on when you put the car in reverse.<\/p>\n<hr \/>\n<h2>Contents of the pack:<\/h2>\n<ul>\n<li>1 XBB Powerunit 6<\/li>\n<li>1 XBB OBD-II Dongle<\/li>\n<\/ul>\n<hr \/>\n<h2 class=\"wp-block-heading\">Linkage examples etc.<\/h2>\n<ul>\n<li><a href=\"https:\/\/www.xbb.se\/wp-content\/uploads\/2024\/11\/DATASHEET-XBB-PU6-example-connectionEN-20241127-1.pdf\" target=\"_blank\" rel=\"noreferrer noopener\">Connection example Ver 1.2<\/a><\/li>\n<li><a href=\"https:\/\/www.xbb.se\/wp-content\/uploads\/2024\/11\/DATASHEET-XBB-PU6-example-connectionEN-20240604-1.pdf\" target=\"_blank\" rel=\"noreferrer noopener\">Connection example Ver 1.1<\/a><\/li>\n<li><a href=\"https:\/\/www.xbb.se\/wp-content\/uploads\/2025\/01\/DATASHEET-XBB-PowerUnit-6-EN-20241127-1.pdf\" target=\"_blank\" rel=\"noreferrer noopener\">Data sheet XBB PowerUnit 6\u00ae Ver 1.2<\/a><\/li>\n<\/ul>","protected":false},"excerpt":{"rendered":"<ul>\n<li>Possibility of 6 functions in the same unit.<\/li>\n<li>6 outputs of 10 Ampere.<\/li>\n<li>Possibility to connect multiple outputs for more power.<\/li>\n<li>Flat pins 6.3 x 10 pcs<\/li>\n<li>Relay connection according to ISO 8092-1<\/li>\n<li>Mounting lugs for easy installation<\/li>\n<li>Connects to XBB Dongle\u00ae or PP-CAN-FD\u00ae.<\/li>\n<\/ul>","protected":false},"featured_media":15684,"comment_status":"open","ping_status":"closed","template":"","meta":{"_acf_changed":false,"_smort_price_nok":"3199","_smort_price_dkk":"2032","_smort_price_eur":"272.26","_smort_sale_price_nok":"","_smort_sale_price_dkk":"","_smort_sale_price_eur":"","smort_restorder":"","shipmondo_restorder":"","_kad_blocks_custom_css":"","_kad_blocks_head_custom_js":"","_kad_blocks_body_custom_js":"","_kad_blocks_footer_custom_js":"","smort_custom_pricelist_1":"1916.8","smort_custom_pricelist_2":"1677.2","smort_custom_pricelist_3":"1677.2","smort_custom_pricelist_4":"2396","smort_custom_pricelist_5":"1677.2"},"anvandningsomrade":[],"bilmarken":[],"product_brand":[115],"product_cat":[2487,2841,2828,2468,2497,390],"product_tag":[],"class_list":{"0":"post-15682","1":"product","2":"type-product","3":"status-publish","4":"has-post-thumbnail","6":"product_brand-xbb","7":"product_cat-canbus-installation","8":"product_cat-installation-extraljus","9":"product_cat-installation-led-ramper","10":"product_cat-rela","11":"product_cat-xbb","12":"product_cat-installation","14":"first","15":"instock","16":"virtual","17":"taxable","18":"purchasable","19":"product-type-bundle"},"bundled_by":[],"bundle_stock_status":"instock","bundle_stock_quantity":53,"bundle_virtual":false,"bundle_layout":"default","bundle_add_to_cart_form_location":"default","bundle_editable_in_cart":false,"bundle_sold_individually_context":"product","bundle_item_grouping":"parent","bundle_min_size":"","bundle_max_size":"","bundle_price":{"price":{"min":{"incl_tax":"272.25","excl_tax":"217.79838868"},"max":{"incl_tax":"272.25","excl_tax":"217.79838868"}},"regular_price":{"min":{"incl_tax":"272.25","excl_tax":"217.79838868"},"max":{"incl_tax":"272.25","excl_tax":"217.79838868"}}},"bundled_items":[{"bundled_item_id":496,"product_id":12057,"menu_order":0,"quantity_min":1,"quantity_max":1,"quantity_default":1,"priced_individually":false,"shipped_individually":false,"override_title":false,"title":"XBB PowerUnit 6 | Slave unit","override_description":false,"description":"","optional":false,"hide_thumbnail":false,"discount":"","override_variations":false,"allowed_variations":[],"override_default_variation_attributes":false,"default_variation_attributes":[],"single_product_visibility":"visible","cart_visibility":"visible","order_visibility":"visible","single_product_price_visibility":"visible","cart_price_visibility":"visible","order_price_visibility":"visible","stock_status":"in_stock"},{"bundled_item_id":497,"product_id":2576,"menu_order":1,"quantity_min":1,"quantity_max":1,"quantity_default":1,"priced_individually":false,"shipped_individually":false,"override_title":false,"title":"XBB OBD-II Dongle","override_description":false,"description":"","optional":false,"hide_thumbnail":false,"discount":"","override_variations":false,"allowed_variations":[],"override_default_variation_attributes":false,"default_variation_attributes":[],"single_product_visibility":"visible","cart_visibility":"visible","order_visibility":"visible","single_product_price_visibility":"visible","cart_price_visibility":"visible","order_price_visibility":"visible","stock_status":"in_stock"}],"bundle_sell_ids":[],"acf":[],"yoast_head":"<!-- This site is optimized with the Yoast SEO plugin v27.0 - https:\/\/yoast.com\/product\/yoast-seo-wordpress\/ -->\n<title>XBB PowerUnit 6 | Slave unit + Dongel - Xenonkungen<\/title>\n<meta name=\"robots\" content=\"index, follow, max-snippet:-1, max-image-preview:large, max-video-preview:-1\" \/>\n<link rel=\"canonical\" href=\"https:\/\/xenonkungen.com\/en\/product\/xbb-powerunit-6-slave-unit-dongle\/\" \/>\n<meta property=\"og:locale\" content=\"en_GB\" \/>\n<meta property=\"og:type\" content=\"article\" \/>\n<meta property=\"og:title\" content=\"XBB PowerUnit 6 | Slave unit + Dongel - Xenonkungen\" \/>\n<meta property=\"og:description\" content=\"M\u00f6jlighet till 6 st funktioner i samma enhet.  6 st utg\u00e5ngar \u00e1 10 Ampere.  M\u00f6jlighet att koppla ihop flera utg\u00e5ngar f\u00f6r mer effekt.  Flatstift 6,3 x 10 st  Rel\u00e4anslutning enl. ISO 8092-1  F\u00e4st\u00f6ron f\u00f6r enkelt montage  Ansluts till XBB Dongle\u00ae eller PP-CAN-FD\u00ae.\" \/>\n<meta property=\"og:url\" content=\"https:\/\/xenonkungen.com\/en\/product\/xbb-powerunit-6-slave-unit-dongle\/\" \/>\n<meta property=\"og:site_name\" content=\"Xenonkungen\" \/>\n<meta property=\"article:modified_time\" content=\"2026-04-10T19:44:07+00:00\" \/>\n<meta property=\"og:image\" content=\"https:\/\/xenonkungen.com\/wp-content\/uploads\/2025\/10\/26416235-2-scaled.jpg\" \/>\n\t<meta property=\"og:image:width\" content=\"2560\" \/>\n\t<meta property=\"og:image:height\" content=\"2560\" \/>\n\t<meta property=\"og:image:type\" content=\"image\/jpeg\" \/>\n<meta name=\"twitter:card\" content=\"summary_large_image\" \/>\n<meta name=\"twitter:label1\" content=\"Estimated reading time\" \/>\n\t<meta name=\"twitter:data1\" content=\"2 minutes\" \/>\n<script type=\"application\/ld+json\" class=\"yoast-schema-graph\">{\"@context\":\"https:\/\/schema.org\",\"@graph\":[{\"@type\":\"WebPage\",\"@id\":\"https:\/\/xenonkungen.com\/produkt\/xbb-powerunit-6-slave-unit-dongel\/\",\"url\":\"https:\/\/xenonkungen.com\/produkt\/xbb-powerunit-6-slave-unit-dongel\/\",\"name\":\"XBB PowerUnit 6 | Slave unit + Dongel - Xenonkungen\",\"isPartOf\":{\"@id\":\"https:\/\/xenonkungen.com\/#website\"},\"primaryImageOfPage\":{\"@id\":\"https:\/\/xenonkungen.com\/produkt\/xbb-powerunit-6-slave-unit-dongel\/#primaryimage\"},\"image\":{\"@id\":\"https:\/\/xenonkungen.com\/produkt\/xbb-powerunit-6-slave-unit-dongel\/#primaryimage\"},\"thumbnailUrl\":\"https:\/\/xenonkungen.com\/wp-content\/uploads\/2025\/10\/26416235-2-scaled.jpg\",\"datePublished\":\"2025-10-15T09:16:29+00:00\",\"dateModified\":\"2026-04-10T19:44:07+00:00\",\"breadcrumb\":{\"@id\":\"https:\/\/xenonkungen.com\/produkt\/xbb-powerunit-6-slave-unit-dongel\/#breadcrumb\"},\"inLanguage\":\"en-GB\",\"potentialAction\":[{\"@type\":\"ReadAction\",\"target\":[\"https:\/\/xenonkungen.com\/produkt\/xbb-powerunit-6-slave-unit-dongel\/\"]}]},{\"@type\":\"ImageObject\",\"inLanguage\":\"en-GB\",\"@id\":\"https:\/\/xenonkungen.com\/produkt\/xbb-powerunit-6-slave-unit-dongel\/#primaryimage\",\"url\":\"https:\/\/xenonkungen.com\/wp-content\/uploads\/2025\/10\/26416235-2-scaled.jpg\",\"contentUrl\":\"https:\/\/xenonkungen.com\/wp-content\/uploads\/2025\/10\/26416235-2-scaled.jpg\",\"width\":2560,\"height\":2560,\"caption\":\"CREATOR: gd-jpeg v1.0 (using IJG JPEG v62), quality = 80\"},{\"@type\":\"BreadcrumbList\",\"@id\":\"https:\/\/xenonkungen.com\/produkt\/xbb-powerunit-6-slave-unit-dongel\/#breadcrumb\",\"itemListElement\":[{\"@type\":\"ListItem\",\"position\":1,\"name\":\"Hem\",\"item\":\"https:\/\/xenonkungen.com\/\"},{\"@type\":\"ListItem\",\"position\":2,\"name\":\"Shop\",\"item\":\"https:\/\/xenonkungen.com\/shop\/\"},{\"@type\":\"ListItem\",\"position\":3,\"name\":\"XBB PowerUnit 6 | Slave unit + Dongel\"}]},{\"@type\":\"WebSite\",\"@id\":\"https:\/\/xenonkungen.com\/#website\",\"url\":\"https:\/\/xenonkungen.com\/\",\"name\":\"Xenonkungen\",\"description\":\"\",\"potentialAction\":[{\"@type\":\"SearchAction\",\"target\":{\"@type\":\"EntryPoint\",\"urlTemplate\":\"https:\/\/xenonkungen.com\/?s={search_term_string}\"},\"query-input\":{\"@type\":\"PropertyValueSpecification\",\"valueRequired\":true,\"valueName\":\"search_term_string\"}}],\"inLanguage\":\"en-GB\"}]}<\/script>\n<!-- \/ Yoast SEO plugin. -->","yoast_head_json":{"title":"XBB PowerUnit 6 | Slave unit + Dongle - The Xenon King","robots":{"index":"index","follow":"follow","max-snippet":"max-snippet:-1","max-image-preview":"max-image-preview:large","max-video-preview":"max-video-preview:-1"},"canonical":"https:\/\/xenonkungen.com\/en\/product\/xbb-powerunit-6-slave-unit-dongle\/","og_locale":"en_GB","og_type":"article","og_title":"XBB PowerUnit 6 | Slave unit + Dongel - Xenonkungen","og_description":"M\u00f6jlighet till 6 st funktioner i samma enhet.  6 st utg\u00e5ngar \u00e1 10 Ampere.  M\u00f6jlighet att koppla ihop flera utg\u00e5ngar f\u00f6r mer effekt.  Flatstift 6,3 x 10 st  Rel\u00e4anslutning enl. ISO 8092-1  F\u00e4st\u00f6ron f\u00f6r enkelt montage  Ansluts till XBB Dongle\u00ae eller PP-CAN-FD\u00ae.","og_url":"https:\/\/xenonkungen.com\/en\/product\/xbb-powerunit-6-slave-unit-dongle\/","og_site_name":"Xenonkungen","article_modified_time":"2026-04-10T19:44:07+00:00","og_image":[{"width":2560,"height":2560,"url":"https:\/\/xenonkungen.com\/wp-content\/uploads\/2025\/10\/26416235-2-scaled.jpg","type":"image\/jpeg"}],"twitter_card":"summary_large_image","twitter_misc":{"Estimated reading time":"2 minutes"},"schema":{"@context":"https:\/\/schema.org","@graph":[{"@type":"WebPage","@id":"https:\/\/xenonkungen.com\/produkt\/xbb-powerunit-6-slave-unit-dongel\/","url":"https:\/\/xenonkungen.com\/produkt\/xbb-powerunit-6-slave-unit-dongel\/","name":"XBB PowerUnit 6 | Slave unit + Dongle - The Xenon King","isPartOf":{"@id":"https:\/\/xenonkungen.com\/#website"},"primaryImageOfPage":{"@id":"https:\/\/xenonkungen.com\/produkt\/xbb-powerunit-6-slave-unit-dongel\/#primaryimage"},"image":{"@id":"https:\/\/xenonkungen.com\/produkt\/xbb-powerunit-6-slave-unit-dongel\/#primaryimage"},"thumbnailUrl":"https:\/\/xenonkungen.com\/wp-content\/uploads\/2025\/10\/26416235-2-scaled.jpg","datePublished":"2025-10-15T09:16:29+00:00","dateModified":"2026-04-10T19:44:07+00:00","breadcrumb":{"@id":"https:\/\/xenonkungen.com\/produkt\/xbb-powerunit-6-slave-unit-dongel\/#breadcrumb"},"inLanguage":"en-GB","potentialAction":[{"@type":"ReadAction","target":["https:\/\/xenonkungen.com\/produkt\/xbb-powerunit-6-slave-unit-dongel\/"]}]},{"@type":"ImageObject","inLanguage":"en-GB","@id":"https:\/\/xenonkungen.com\/produkt\/xbb-powerunit-6-slave-unit-dongel\/#primaryimage","url":"https:\/\/xenonkungen.com\/wp-content\/uploads\/2025\/10\/26416235-2-scaled.jpg","contentUrl":"https:\/\/xenonkungen.com\/wp-content\/uploads\/2025\/10\/26416235-2-scaled.jpg","width":2560,"height":2560,"caption":"CREATOR: gd-jpeg v1.0 (using IJG JPEG v62), quality = 80"},{"@type":"BreadcrumbList","@id":"https:\/\/xenonkungen.com\/produkt\/xbb-powerunit-6-slave-unit-dongel\/#breadcrumb","itemListElement":[{"@type":"ListItem","position":1,"name":"Hem","item":"https:\/\/xenonkungen.com\/"},{"@type":"ListItem","position":2,"name":"Shop","item":"https:\/\/xenonkungen.com\/shop\/"},{"@type":"ListItem","position":3,"name":"XBB PowerUnit 6 | Slave unit + Dongel"}]},{"@type":"WebSite","@id":"https:\/\/xenonkungen.com\/#website","url":"https:\/\/xenonkungen.com\/","name":"Xenonkungen","description":"","potentialAction":[{"@type":"SearchAction","target":{"@type":"EntryPoint","urlTemplate":"https:\/\/xenonkungen.com\/?s={search_term_string}"},"query-input":{"@type":"PropertyValueSpecification","valueRequired":true,"valueName":"search_term_string"}}],"inLanguage":"en-GB"}]}},"taxonomy_info":{"product_brand":[{"value":115,"label":"XBB"}],"product_cat":[{"value":2487,"label":"Canbus"},{"value":2841,"label":"Installation extraljus"},{"value":2828,"label":"Installation LED-ramper"},{"value":2468,"label":"Rel\u00e4"},{"value":2497,"label":"XBB"},{"value":390,"label":"Installation"}]},"featured_image_src_large":["https:\/\/xenonkungen.com\/wp-content\/uploads\/2025\/10\/26416235-2-1024x1024.jpg",1024,1024,true],"author_info":[],"comment_info":0,"_links":{"self":[{"href":"http:\/\/xenonkungen.com\/en\/wp-json\/wp\/v2\/product\/15682","targetHints":{"allow":["GET"]}}],"collection":[{"href":"http:\/\/xenonkungen.com\/en\/wp-json\/wp\/v2\/product"}],"about":[{"href":"http:\/\/xenonkungen.com\/en\/wp-json\/wp\/v2\/types\/product"}],"replies":[{"embeddable":true,"href":"http:\/\/xenonkungen.com\/en\/wp-json\/wp\/v2\/comments?post=15682"}],"wp:featuredmedia":[{"embeddable":true,"href":"http:\/\/xenonkungen.com\/en\/wp-json\/wp\/v2\/media\/15684"}],"wp:attachment":[{"href":"http:\/\/xenonkungen.com\/en\/wp-json\/wp\/v2\/media?parent=15682"}],"wp:term":[{"taxonomy":"anvandningsomrade","embeddable":true,"href":"http:\/\/xenonkungen.com\/en\/wp-json\/wp\/v2\/anvandningsomrade?post=15682"},{"taxonomy":"bilmarken","embeddable":true,"href":"http:\/\/xenonkungen.com\/en\/wp-json\/wp\/v2\/bilmarken?post=15682"},{"taxonomy":"product_brand","embeddable":true,"href":"http:\/\/xenonkungen.com\/en\/wp-json\/wp\/v2\/product_brand?post=15682"},{"taxonomy":"product_cat","embeddable":true,"href":"http:\/\/xenonkungen.com\/en\/wp-json\/wp\/v2\/product_cat?post=15682"},{"taxonomy":"product_tag","embeddable":true,"href":"http:\/\/xenonkungen.com\/en\/wp-json\/wp\/v2\/product_tag?post=15682"}],"curies":[{"name":"wp","href":"https:\/\/api.w.org\/{rel}","templated":true}]}}