{"id":20965,"date":"2025-12-12T14:23:35","date_gmt":"2025-12-12T13:23:35","guid":{"rendered":"https:\/\/xenonkungen.com\/?post_type=product&#038;p=20965"},"modified":"2026-04-24T19:27:38","modified_gmt":"2026-04-24T18:27:38","slug":"luxtar-h15-skywarp","status":"publish","type":"product","link":"http:\/\/xenonkungen.com\/en\/product\/luxtar-h15-skywarp\/","title":{"rendered":"Luxtar H15 Skywarp"},"content":{"rendered":"<p><strong>Discover the new Luxtar H15 Skywarp \u2013 Power, precision and modern LED technology in perfect symbiosis<br \/>\n<\/strong>Luxtar proudly presents the next step in automotive lighting: <strong>Luxtar H15 LED<\/strong>, equipped with a Cree chip and developed to deliver maximum performance in both high beam and DRL mode. This is the lamp for those who want an instant upgrade in brightness, safety and driving pleasure \u2013 regardless of vehicle.<\/p>\n<p><strong>Why choose Luxtar H15 Skywarp?<\/strong><\/p>\n<p><strong>Double function \u2013 double light<\/strong><br \/>\nWith the whole <strong>4500 lumens in high beam<\/strong> and <strong>2100 lumens in DRL mode<\/strong> you get a powerful, pure white light that improves visibility and visibility in all situations. Perfect when you want to combine premium DRL with a brutally effective high beam.<\/p>\n<p><strong>Crisp, glare-free light image<\/strong><br \/>\nThe advanced optics and No-Glare technology ensure a <strong>precise light image with clear cutoff<\/strong>, which reduces the risk of glare and provides a safer driving experience for both you and oncoming traffic.<\/p>\n<p><strong>Canbus \u2013 completely hassle-free<\/strong><br \/>\nThis model uses <strong>linear Canbus solution<\/strong>, which means the lamp works in most vehicles without error codes. A worry-free installation straight out of the box.<\/p>\n<p><strong>Impressive power and efficient cooling<\/strong><br \/>\nMed <strong>45W in high beam<\/strong> and <strong>20W in DRL<\/strong> The lamp delivers an even and stable light. It cools itself effectively via a housing made of <strong>6063 aluminum<\/strong> and a high-performance fan on <strong>12,000 RPM<\/strong>, which ensures long life and constant performance.<\/p>\n<p><strong>Built for Nordic climate<\/strong><br \/>\nCertified according to <strong>IP67<\/strong>, works from <strong>-40 to +85\u00b0C<\/strong>, and fully adapted to our tough environments \u2013 from icy winter roads to warm summer nights.<\/p>","protected":false},"excerpt":{"rendered":"<p>Uppt\u00e4ck nya Luxtar H15 Skywarp \u2013 Kraft, precision och modern LED-teknik i perfekt symbios Luxtar presenterar stolt n\u00e4sta steg inom fordonsbelysning: Luxtar H15 LED, utrustad med Cree-chip och utvecklad f\u00f6r att leverera maximal prestanda i b\u00e5de helljus och DRL-l\u00e4ge. Detta \u00e4r lampan f\u00f6r dig som vill ha en omedelbar uppgradering i ljusstyrka, s\u00e4kerhet och k\u00f6rgl\u00e4dje [&hellip;]<\/p>","protected":false},"featured_media":20968,"comment_status":"open","ping_status":"closed","template":"","meta":{"_acf_changed":false,"_smort_price_nok":"641","_smort_price_dkk":"","_smort_price_eur":"","_smort_sale_price_nok":"641","_smort_sale_price_dkk":"","_smort_sale_price_eur":"","smort_restorder":"","shipmondo_restorder":"","_kad_blocks_custom_css":"","_kad_blocks_head_custom_js":"","_kad_blocks_body_custom_js":"","_kad_blocks_footer_custom_js":"","smort_custom_pricelist_1":"508.8","smort_custom_pricelist_2":"445.2","smort_custom_pricelist_3":"413.4","smort_custom_pricelist_4":"636","smort_custom_pricelist_5":"445.2"},"anvandningsomrade":[],"bilmarken":[],"product_brand":[103],"product_cat":[2451,2849,733,1402],"product_tag":[],"class_list":{"0":"post-20965","1":"product","2":"type-product","3":"status-publish","4":"has-post-thumbnail","6":"product_brand-luxtar","7":"product_cat-led-konvertering","8":"product_cat-malvin","9":"product_cat-halvljus-helljus","10":"product_cat-outlet","11":"pa_fargtemperatur-6000k","12":"pa_fuktskydd-varde-ipxx-ip67","13":"pa_godkannande-ce","14":"pa_godkannande-rohs","15":"pa_lampsockel-kontakt-h15","17":"first","18":"instock","19":"taxable","20":"shipping-taxable","21":"purchasable","22":"product-type-simple"},"bundled_by":[],"bundle_stock_status":"instock","bundle_stock_quantity":61,"bundle_virtual":false,"bundle_layout":"","bundle_add_to_cart_form_location":"","bundle_editable_in_cart":false,"bundle_sold_individually_context":"","bundle_item_grouping":"","bundle_min_size":"","bundle_max_size":"","bundle_price":[],"bundled_items":[],"bundle_sell_ids":[],"acf":[],"yoast_head":"<!-- This site is optimized with the Yoast SEO plugin v27.0 - https:\/\/yoast.com\/product\/yoast-seo-wordpress\/ -->\n<title>Luxtar H15 Skywarp - Xenonkungen<\/title>\n<meta name=\"robots\" content=\"index, follow, max-snippet:-1, max-image-preview:large, max-video-preview:-1\" \/>\n<link rel=\"canonical\" href=\"https:\/\/xenonkungen.com\/en\/product\/luxtar-h15-skywarp\/\" \/>\n<meta property=\"og:locale\" content=\"en_GB\" \/>\n<meta property=\"og:type\" content=\"article\" \/>\n<meta property=\"og:title\" content=\"Luxtar H15 Skywarp - Xenonkungen\" \/>\n<meta property=\"og:description\" content=\"Uppt\u00e4ck nya Luxtar H15 Skywarp \u2013 Kraft, precision och modern LED-teknik i perfekt symbios Luxtar presenterar stolt n\u00e4sta steg inom fordonsbelysning: Luxtar H15 LED, utrustad med Cree-chip och utvecklad f\u00f6r att leverera maximal prestanda i b\u00e5de helljus och DRL-l\u00e4ge. Detta \u00e4r lampan f\u00f6r dig som vill ha en omedelbar uppgradering i ljusstyrka, s\u00e4kerhet och k\u00f6rgl\u00e4dje [&hellip;]\" \/>\n<meta property=\"og:url\" content=\"https:\/\/xenonkungen.com\/en\/product\/luxtar-h15-skywarp\/\" \/>\n<meta property=\"og:site_name\" content=\"Xenonkungen\" \/>\n<meta property=\"article:modified_time\" content=\"2026-04-24T18:27:38+00:00\" \/>\n<meta property=\"og:image\" content=\"https:\/\/xenonkungen.com\/wp-content\/uploads\/2025\/12\/LUXTAR-SKYWARP-H15-ArtNr-20071-DSCF9921-PNNG-2000px.png\" \/>\n\t<meta property=\"og:image:width\" content=\"2000\" \/>\n\t<meta property=\"og:image:height\" content=\"1498\" \/>\n\t<meta property=\"og:image:type\" content=\"image\/png\" \/>\n<meta name=\"twitter:card\" content=\"summary_large_image\" \/>\n<meta name=\"twitter:label1\" content=\"Estimated reading time\" \/>\n\t<meta name=\"twitter:data1\" content=\"2 minutes\" \/>\n<script type=\"application\/ld+json\" class=\"yoast-schema-graph\">{\"@context\":\"https:\/\/schema.org\",\"@graph\":[{\"@type\":\"WebPage\",\"@id\":\"https:\/\/xenonkungen.com\/produkt\/luxtar-h15-skywarp\/\",\"url\":\"https:\/\/xenonkungen.com\/produkt\/luxtar-h15-skywarp\/\",\"name\":\"Luxtar H15 Skywarp - Xenonkungen\",\"isPartOf\":{\"@id\":\"https:\/\/xenonkungen.com\/#website\"},\"primaryImageOfPage\":{\"@id\":\"https:\/\/xenonkungen.com\/produkt\/luxtar-h15-skywarp\/#primaryimage\"},\"image\":{\"@id\":\"https:\/\/xenonkungen.com\/produkt\/luxtar-h15-skywarp\/#primaryimage\"},\"thumbnailUrl\":\"https:\/\/xenonkungen.com\/wp-content\/uploads\/2025\/12\/LUXTAR-SKYWARP-H15-ArtNr-20071-DSCF9921-PNNG-2000px.png\",\"datePublished\":\"2025-12-12T13:23:35+00:00\",\"dateModified\":\"2026-04-24T18:27:38+00:00\",\"breadcrumb\":{\"@id\":\"https:\/\/xenonkungen.com\/produkt\/luxtar-h15-skywarp\/#breadcrumb\"},\"inLanguage\":\"en-GB\",\"potentialAction\":[{\"@type\":\"ReadAction\",\"target\":[\"https:\/\/xenonkungen.com\/produkt\/luxtar-h15-skywarp\/\"]}]},{\"@type\":\"ImageObject\",\"inLanguage\":\"en-GB\",\"@id\":\"https:\/\/xenonkungen.com\/produkt\/luxtar-h15-skywarp\/#primaryimage\",\"url\":\"https:\/\/xenonkungen.com\/wp-content\/uploads\/2025\/12\/LUXTAR-SKYWARP-H15-ArtNr-20071-DSCF9921-PNNG-2000px.png\",\"contentUrl\":\"https:\/\/xenonkungen.com\/wp-content\/uploads\/2025\/12\/LUXTAR-SKYWARP-H15-ArtNr-20071-DSCF9921-PNNG-2000px.png\",\"width\":2000,\"height\":1498},{\"@type\":\"BreadcrumbList\",\"@id\":\"https:\/\/xenonkungen.com\/produkt\/luxtar-h15-skywarp\/#breadcrumb\",\"itemListElement\":[{\"@type\":\"ListItem\",\"position\":1,\"name\":\"Hem\",\"item\":\"https:\/\/xenonkungen.com\/\"},{\"@type\":\"ListItem\",\"position\":2,\"name\":\"Shop\",\"item\":\"https:\/\/xenonkungen.com\/shop\/\"},{\"@type\":\"ListItem\",\"position\":3,\"name\":\"Luxtar H15 Skywarp\"}]},{\"@type\":\"WebSite\",\"@id\":\"https:\/\/xenonkungen.com\/#website\",\"url\":\"https:\/\/xenonkungen.com\/\",\"name\":\"Xenonkungen\",\"description\":\"\",\"potentialAction\":[{\"@type\":\"SearchAction\",\"target\":{\"@type\":\"EntryPoint\",\"urlTemplate\":\"https:\/\/xenonkungen.com\/?s={search_term_string}\"},\"query-input\":{\"@type\":\"PropertyValueSpecification\",\"valueRequired\":true,\"valueName\":\"search_term_string\"}}],\"inLanguage\":\"en-GB\"}]}<\/script>\n<!-- \/ Yoast SEO plugin. -->","yoast_head_json":{"title":"Luxtar H15 Skywarp - The Xenon King","robots":{"index":"index","follow":"follow","max-snippet":"max-snippet:-1","max-image-preview":"max-image-preview:large","max-video-preview":"max-video-preview:-1"},"canonical":"https:\/\/xenonkungen.com\/en\/product\/luxtar-h15-skywarp\/","og_locale":"en_GB","og_type":"article","og_title":"Luxtar H15 Skywarp - Xenonkungen","og_description":"Uppt\u00e4ck nya Luxtar H15 Skywarp \u2013 Kraft, precision och modern LED-teknik i perfekt symbios Luxtar presenterar stolt n\u00e4sta steg inom fordonsbelysning: Luxtar H15 LED, utrustad med Cree-chip och utvecklad f\u00f6r att leverera maximal prestanda i b\u00e5de helljus och DRL-l\u00e4ge. Detta \u00e4r lampan f\u00f6r dig som vill ha en omedelbar uppgradering i ljusstyrka, s\u00e4kerhet och k\u00f6rgl\u00e4dje [&hellip;]","og_url":"https:\/\/xenonkungen.com\/en\/product\/luxtar-h15-skywarp\/","og_site_name":"Xenonkungen","article_modified_time":"2026-04-24T18:27:38+00:00","og_image":[{"width":2000,"height":1498,"url":"https:\/\/xenonkungen.com\/wp-content\/uploads\/2025\/12\/LUXTAR-SKYWARP-H15-ArtNr-20071-DSCF9921-PNNG-2000px.png","type":"image\/png"}],"twitter_card":"summary_large_image","twitter_misc":{"Estimated reading time":"2 minutes"},"schema":{"@context":"https:\/\/schema.org","@graph":[{"@type":"WebPage","@id":"https:\/\/xenonkungen.com\/produkt\/luxtar-h15-skywarp\/","url":"https:\/\/xenonkungen.com\/produkt\/luxtar-h15-skywarp\/","name":"Luxtar H15 Skywarp - The Xenon King","isPartOf":{"@id":"https:\/\/xenonkungen.com\/#website"},"primaryImageOfPage":{"@id":"https:\/\/xenonkungen.com\/produkt\/luxtar-h15-skywarp\/#primaryimage"},"image":{"@id":"https:\/\/xenonkungen.com\/produkt\/luxtar-h15-skywarp\/#primaryimage"},"thumbnailUrl":"https:\/\/xenonkungen.com\/wp-content\/uploads\/2025\/12\/LUXTAR-SKYWARP-H15-ArtNr-20071-DSCF9921-PNNG-2000px.png","datePublished":"2025-12-12T13:23:35+00:00","dateModified":"2026-04-24T18:27:38+00:00","breadcrumb":{"@id":"https:\/\/xenonkungen.com\/produkt\/luxtar-h15-skywarp\/#breadcrumb"},"inLanguage":"en-GB","potentialAction":[{"@type":"ReadAction","target":["https:\/\/xenonkungen.com\/produkt\/luxtar-h15-skywarp\/"]}]},{"@type":"ImageObject","inLanguage":"en-GB","@id":"https:\/\/xenonkungen.com\/produkt\/luxtar-h15-skywarp\/#primaryimage","url":"https:\/\/xenonkungen.com\/wp-content\/uploads\/2025\/12\/LUXTAR-SKYWARP-H15-ArtNr-20071-DSCF9921-PNNG-2000px.png","contentUrl":"https:\/\/xenonkungen.com\/wp-content\/uploads\/2025\/12\/LUXTAR-SKYWARP-H15-ArtNr-20071-DSCF9921-PNNG-2000px.png","width":2000,"height":1498},{"@type":"BreadcrumbList","@id":"https:\/\/xenonkungen.com\/produkt\/luxtar-h15-skywarp\/#breadcrumb","itemListElement":[{"@type":"ListItem","position":1,"name":"Hem","item":"https:\/\/xenonkungen.com\/"},{"@type":"ListItem","position":2,"name":"Shop","item":"https:\/\/xenonkungen.com\/shop\/"},{"@type":"ListItem","position":3,"name":"Luxtar H15 Skywarp"}]},{"@type":"WebSite","@id":"https:\/\/xenonkungen.com\/#website","url":"https:\/\/xenonkungen.com\/","name":"Xenonkungen","description":"","potentialAction":[{"@type":"SearchAction","target":{"@type":"EntryPoint","urlTemplate":"https:\/\/xenonkungen.com\/?s={search_term_string}"},"query-input":{"@type":"PropertyValueSpecification","valueRequired":true,"valueName":"search_term_string"}}],"inLanguage":"en-GB"}]}},"taxonomy_info":{"product_brand":[{"value":103,"label":"LUXTAR"}],"product_cat":[{"value":2451,"label":"Led-konvertering"},{"value":2849,"label":"Malvins VW Golf"},{"value":733,"label":"Halvljus \/ Helljus"},{"value":1402,"label":"Outlet"}],"pa_fargtemperatur":[{"value":188,"label":"6000K"}],"pa_fuktskydd-varde-ipxx":[{"value":333,"label":"IP67"}],"pa_godkannande":[{"value":794,"label":"CE"},{"value":2844,"label":"RoHS"}],"pa_lampsockel-kontakt":[{"value":736,"label":"H15"}]},"featured_image_src_large":["https:\/\/xenonkungen.com\/wp-content\/uploads\/2025\/12\/LUXTAR-SKYWARP-H15-ArtNr-20071-DSCF9921-PNNG-2000px-1024x767.png",1024,767,true],"author_info":[],"comment_info":1,"_links":{"self":[{"href":"http:\/\/xenonkungen.com\/en\/wp-json\/wp\/v2\/product\/20965","targetHints":{"allow":["GET"]}}],"collection":[{"href":"http:\/\/xenonkungen.com\/en\/wp-json\/wp\/v2\/product"}],"about":[{"href":"http:\/\/xenonkungen.com\/en\/wp-json\/wp\/v2\/types\/product"}],"replies":[{"embeddable":true,"href":"http:\/\/xenonkungen.com\/en\/wp-json\/wp\/v2\/comments?post=20965"}],"wp:featuredmedia":[{"embeddable":true,"href":"http:\/\/xenonkungen.com\/en\/wp-json\/wp\/v2\/media\/20968"}],"wp:attachment":[{"href":"http:\/\/xenonkungen.com\/en\/wp-json\/wp\/v2\/media?parent=20965"}],"wp:term":[{"taxonomy":"anvandningsomrade","embeddable":true,"href":"http:\/\/xenonkungen.com\/en\/wp-json\/wp\/v2\/anvandningsomrade?post=20965"},{"taxonomy":"bilmarken","embeddable":true,"href":"http:\/\/xenonkungen.com\/en\/wp-json\/wp\/v2\/bilmarken?post=20965"},{"taxonomy":"product_brand","embeddable":true,"href":"http:\/\/xenonkungen.com\/en\/wp-json\/wp\/v2\/product_brand?post=20965"},{"taxonomy":"product_cat","embeddable":true,"href":"http:\/\/xenonkungen.com\/en\/wp-json\/wp\/v2\/product_cat?post=20965"},{"taxonomy":"product_tag","embeddable":true,"href":"http:\/\/xenonkungen.com\/en\/wp-json\/wp\/v2\/product_tag?post=20965"}],"curies":[{"name":"wp","href":"https:\/\/api.w.org\/{rel}","templated":true}]}}