{"id":10254,"date":"2025-08-26T09:53:19","date_gmt":"2025-08-26T09:53:19","guid":{"rendered":"https:\/\/xenonkungen.com\/?post_type=product&#038;p=10254"},"modified":"2026-04-11T00:24:47","modified_gmt":"2026-04-10T23:24:47","slug":"w9-phoenix-9-edicion-oscura-160w-5500k-amarillo","status":"publish","type":"product","link":"http:\/\/xenonkungen.com\/es\/producto\/w9-phoenix-9-edicion-oscura-160w-5500k-amarillo\/","title":{"rendered":"W9 Phoenix 9\u2033 DARK EDITION 160W | 5500K | Amarillo"},"content":{"rendered":"<h1><strong>W-Light W9 Phoenix EDICI\u00d3N OSCURA \u2013 Amarillo<\/strong><\/h1>\n<p><strong>\u00a1Por fin lleg\u00f3!<\/strong> El esperado original ha vuelto, ahora m\u00e1s fuerte e impresionante que nunca con la exclusiva <strong>EDICI\u00d3N OSCURA<\/strong>Experimenta un rendimiento excepcional, mayor autonom\u00eda y un dise\u00f1o oscuro y atrevido que lleva tu conducci\u00f3n al siguiente nivel.<\/p>\n<h2><strong>M\u00e1ximo rendimiento, estilo m\u00e1s oscuro<\/strong><\/h2>\n<p>Con todo <strong>LED OSRAM de 160 W<\/strong>Con su potencia y la \u00faltima tecnolog\u00eda LED, la W-Light W9 Phoenix DARK EDITION Amarilla ofrece un brillo dominante. <strong>1 lux a 1076 metros<\/strong> Obtendr\u00e1s un alcance inigualable que supera al de su predecesor, con una elegante \u00f3ptica oscura que sin duda llamar\u00e1 la atenci\u00f3n. Tanto si conduces por carreteras rurales oscuras como por terrenos accidentados, puedes confiar en que estas luces auxiliares te proporcionar\u00e1n la luminosidad que necesitas, al instante, sin demora.<\/p>\n<h2><strong>\u00bfPor qu\u00e9 elegir W-Light W9 Phoenix DARK EDITION Amarillo?<\/strong><\/h2>\n<ul>\n<li><strong>Brillo incre\u00edble:<\/strong> 12.300 l\u00famenes y un alcance total de 2109 metros.<\/li>\n<li><strong>Mayor durabilidad:<\/strong> Durable <strong>Lente de policarbonato Lexan<\/strong> y con clasificaci\u00f3n IP68 para soportar las condiciones m\u00e1s extremas.<\/li>\n<li><strong>Seguridad ante todo:<\/strong> Protecci\u00f3n contra interferencias EMC para un funcionamiento sin interferencias.<\/li>\n<li><strong>Temperatura de color \u00f3ptima:<\/strong> La temperatura de color de 5500K proporciona una luz clara y natural que resulta agradable a la vista durante viajes largos.<\/li>\n<\/ul>\n<h2><strong>Rendimiento aut\u00e9ntico, calidad garantizada<\/strong><\/h2>\n<p>Evite las copias que no igualen la calidad del original. <strong>Amarillo F\u00e9nix W-Light W9<\/strong> Obtendr\u00e1s el rendimiento y el brillo que se ajustan a tu inversi\u00f3n. Elige el adecuado para disfrutar al m\u00e1ximo de tu veh\u00edculo.<\/p>\n<h2><strong>\u00a1Lleva tu conducci\u00f3n al siguiente nivel!<\/strong><\/h2>\n<p><strong>W-Light W9 Phoenix EDICI\u00d3N OSCURA Amarillo<\/strong> Combina potencia, estilo e innovaci\u00f3n en un paquete f\u00e1cil de instalar y que ofrece un rendimiento inmediato. \u00a1Prep\u00e1rate para dominar las carreteras y experimentar la novedad ligera m\u00e1s deseada del a\u00f1o!<\/p>","protected":false},"excerpt":{"rendered":"<p>W-Light W9 Phoenix DARK EDITION \u2013 Yellow \u00c4ntligen h\u00e4r! Det efterl\u00e4ngtade originalet \u00e4r tillbaka, nu starkare och mer imponerande \u00e4n n\u00e5gonsin med den exklusiva DARK EDITION. Upplev enast\u00e5ende prestanda, l\u00e4ngre r\u00e4ckvidd och en dj\u00e4rv m\u00f6rk design som tar din k\u00f6rning till n\u00e4sta niv\u00e5. Maximal prestanda, m\u00f6rkare stil Med hela 160W OSRAM LED-kraft och den senaste [&hellip;]<\/p>","protected":false},"featured_media":10256,"comment_status":"open","ping_status":"closed","template":"","meta":{"_acf_changed":false,"_smort_price_nok":"1810","_smort_price_dkk":"1150","_smort_price_eur":"154.08","_smort_sale_price_nok":"","_smort_sale_price_dkk":"","_smort_sale_price_eur":"","smort_restorder":"","shipmondo_restorder":"","_kad_blocks_custom_css":"","_kad_blocks_head_custom_js":"","_kad_blocks_body_custom_js":"","_kad_blocks_footer_custom_js":"","smort_custom_pricelist_1":"1084.8","smort_custom_pricelist_2":"949.2","smort_custom_pricelist_3":"881.4","smort_custom_pricelist_4":"1356","smort_custom_pricelist_5":"949.2"},"anvandningsomrade":[236,207,166,167,1915],"bilmarken":[],"product_brand":[2791],"product_cat":[2839,142],"product_tag":[],"class_list":{"0":"post-10254","1":"product","2":"type-product","3":"status-publish","4":"has-post-thumbnail","6":"anvandningsomrade-entreprenad","7":"anvandningsomrade-husbil","8":"anvandningsomrade-lastbil","9":"anvandningsomrade-personbil","10":"anvandningsomrade-skapbil","11":"product_brand-phoenix","12":"product_cat-extraljus-9","13":"product_cat-extraljus","15":"first","16":"instock","17":"taxable","18":"shipping-taxable","19":"purchasable","20":"product-type-simple"},"bundled_by":[],"bundle_stock_status":"instock","bundle_stock_quantity":4,"bundle_virtual":false,"bundle_layout":"","bundle_add_to_cart_form_location":"","bundle_editable_in_cart":false,"bundle_sold_individually_context":"","bundle_item_grouping":"","bundle_min_size":"","bundle_max_size":"","bundle_price":[],"bundled_items":[],"bundle_sell_ids":[],"acf":[],"yoast_head":"<!-- This site is optimized with the Yoast SEO plugin v27.0 - https:\/\/yoast.com\/product\/yoast-seo-wordpress\/ -->\n<title>W9 Phoenix 9&quot; DARK EDITION 160W | 5500K | Yellow - Xenonkungen<\/title>\n<meta name=\"robots\" content=\"index, follow, max-snippet:-1, max-image-preview:large, max-video-preview:-1\" \/>\n<link rel=\"canonical\" href=\"https:\/\/xenonkungen.com\/es\/producto\/w9-phoenix-9-edicion-oscura-160w-5500k-amarillo\/\" \/>\n<meta property=\"og:locale\" content=\"es_ES\" \/>\n<meta property=\"og:type\" content=\"article\" \/>\n<meta property=\"og:title\" content=\"W9 Phoenix 9&quot; DARK EDITION 160W | 5500K | Yellow - Xenonkungen\" \/>\n<meta property=\"og:description\" content=\"W-Light W9 Phoenix DARK EDITION \u2013 Yellow \u00c4ntligen h\u00e4r! Det efterl\u00e4ngtade originalet \u00e4r tillbaka, nu starkare och mer imponerande \u00e4n n\u00e5gonsin med den exklusiva DARK EDITION. Upplev enast\u00e5ende prestanda, l\u00e4ngre r\u00e4ckvidd och en dj\u00e4rv m\u00f6rk design som tar din k\u00f6rning till n\u00e4sta niv\u00e5. Maximal prestanda, m\u00f6rkare stil Med hela 160W OSRAM LED-kraft och den senaste [&hellip;]\" \/>\n<meta property=\"og:url\" content=\"https:\/\/xenonkungen.com\/es\/producto\/w9-phoenix-9-edicion-oscura-160w-5500k-amarillo\/\" \/>\n<meta property=\"og:site_name\" content=\"Xenonkungen\" \/>\n<meta property=\"article:modified_time\" content=\"2026-04-10T23:24:47+00:00\" \/>\n<meta property=\"og:image\" content=\"https:\/\/xenonkungen.com\/wp-content\/uploads\/2025\/06\/VuLl_J1H.png\" \/>\n\t<meta property=\"og:image:width\" content=\"600\" \/>\n\t<meta property=\"og:image:height\" content=\"600\" \/>\n\t<meta property=\"og:image:type\" content=\"image\/png\" \/>\n<meta name=\"twitter:card\" content=\"summary_large_image\" \/>\n<meta name=\"twitter:label1\" content=\"Tiempo de lectura\" \/>\n\t<meta name=\"twitter:data1\" content=\"2 minutos\" \/>\n<script type=\"application\/ld+json\" class=\"yoast-schema-graph\">{\"@context\":\"https:\/\/schema.org\",\"@graph\":[{\"@type\":\"WebPage\",\"@id\":\"https:\/\/xenonkungen.com\/produkt\/w9-phoenix-9-dark-edition-160w-5500k-yellow\/\",\"url\":\"https:\/\/xenonkungen.com\/produkt\/w9-phoenix-9-dark-edition-160w-5500k-yellow\/\",\"name\":\"W9 Phoenix 9\\\" DARK EDITION 160W | 5500K | Yellow - Xenonkungen\",\"isPartOf\":{\"@id\":\"https:\/\/xenonkungen.com\/#website\"},\"primaryImageOfPage\":{\"@id\":\"https:\/\/xenonkungen.com\/produkt\/w9-phoenix-9-dark-edition-160w-5500k-yellow\/#primaryimage\"},\"image\":{\"@id\":\"https:\/\/xenonkungen.com\/produkt\/w9-phoenix-9-dark-edition-160w-5500k-yellow\/#primaryimage\"},\"thumbnailUrl\":\"https:\/\/xenonkungen.com\/wp-content\/uploads\/2025\/06\/VuLl_J1H.png\",\"datePublished\":\"2025-08-26T09:53:19+00:00\",\"dateModified\":\"2026-04-10T23:24:47+00:00\",\"breadcrumb\":{\"@id\":\"https:\/\/xenonkungen.com\/produkt\/w9-phoenix-9-dark-edition-160w-5500k-yellow\/#breadcrumb\"},\"inLanguage\":\"es\",\"potentialAction\":[{\"@type\":\"ReadAction\",\"target\":[\"https:\/\/xenonkungen.com\/produkt\/w9-phoenix-9-dark-edition-160w-5500k-yellow\/\"]}]},{\"@type\":\"ImageObject\",\"inLanguage\":\"es\",\"@id\":\"https:\/\/xenonkungen.com\/produkt\/w9-phoenix-9-dark-edition-160w-5500k-yellow\/#primaryimage\",\"url\":\"https:\/\/xenonkungen.com\/wp-content\/uploads\/2025\/06\/VuLl_J1H.png\",\"contentUrl\":\"https:\/\/xenonkungen.com\/wp-content\/uploads\/2025\/06\/VuLl_J1H.png\",\"width\":600,\"height\":600},{\"@type\":\"BreadcrumbList\",\"@id\":\"https:\/\/xenonkungen.com\/produkt\/w9-phoenix-9-dark-edition-160w-5500k-yellow\/#breadcrumb\",\"itemListElement\":[{\"@type\":\"ListItem\",\"position\":1,\"name\":\"Hem\",\"item\":\"https:\/\/xenonkungen.com\/\"},{\"@type\":\"ListItem\",\"position\":2,\"name\":\"Shop\",\"item\":\"https:\/\/xenonkungen.com\/shop\/\"},{\"@type\":\"ListItem\",\"position\":3,\"name\":\"W9 Phoenix 9&#8243; DARK EDITION 160W | 5500K | Yellow\"}]},{\"@type\":\"WebSite\",\"@id\":\"https:\/\/xenonkungen.com\/#website\",\"url\":\"https:\/\/xenonkungen.com\/\",\"name\":\"Xenonkungen\",\"description\":\"\",\"potentialAction\":[{\"@type\":\"SearchAction\",\"target\":{\"@type\":\"EntryPoint\",\"urlTemplate\":\"https:\/\/xenonkungen.com\/?s={search_term_string}\"},\"query-input\":{\"@type\":\"PropertyValueSpecification\",\"valueRequired\":true,\"valueName\":\"search_term_string\"}}],\"inLanguage\":\"es\"}]}<\/script>\n<!-- \/ Yoast SEO plugin. -->","yoast_head_json":{"title":"W9 Phoenix 9&quot; DARK EDITION 160W | 5500K | Amarillo - El Rey del Xen\u00f3n","robots":{"index":"index","follow":"follow","max-snippet":"max-snippet:-1","max-image-preview":"max-image-preview:large","max-video-preview":"max-video-preview:-1"},"canonical":"https:\/\/xenonkungen.com\/es\/producto\/w9-phoenix-9-edicion-oscura-160w-5500k-amarillo\/","og_locale":"es_ES","og_type":"article","og_title":"W9 Phoenix 9\" DARK EDITION 160W | 5500K | Yellow - Xenonkungen","og_description":"W-Light W9 Phoenix DARK EDITION \u2013 Yellow \u00c4ntligen h\u00e4r! Det efterl\u00e4ngtade originalet \u00e4r tillbaka, nu starkare och mer imponerande \u00e4n n\u00e5gonsin med den exklusiva DARK EDITION. Upplev enast\u00e5ende prestanda, l\u00e4ngre r\u00e4ckvidd och en dj\u00e4rv m\u00f6rk design som tar din k\u00f6rning till n\u00e4sta niv\u00e5. Maximal prestanda, m\u00f6rkare stil Med hela 160W OSRAM LED-kraft och den senaste [&hellip;]","og_url":"https:\/\/xenonkungen.com\/es\/producto\/w9-phoenix-9-edicion-oscura-160w-5500k-amarillo\/","og_site_name":"Xenonkungen","article_modified_time":"2026-04-10T23:24:47+00:00","og_image":[{"width":600,"height":600,"url":"https:\/\/xenonkungen.com\/wp-content\/uploads\/2025\/06\/VuLl_J1H.png","type":"image\/png"}],"twitter_card":"summary_large_image","twitter_misc":{"Tiempo de lectura":"2 minutos"},"schema":{"@context":"https:\/\/schema.org","@graph":[{"@type":"WebPage","@id":"https:\/\/xenonkungen.com\/produkt\/w9-phoenix-9-dark-edition-160w-5500k-yellow\/","url":"https:\/\/xenonkungen.com\/produkt\/w9-phoenix-9-dark-edition-160w-5500k-yellow\/","name":"W9 Phoenix 9&quot; DARK EDITION 160W | 5500K | Amarillo - El Rey del Xen\u00f3n","isPartOf":{"@id":"https:\/\/xenonkungen.com\/#website"},"primaryImageOfPage":{"@id":"https:\/\/xenonkungen.com\/produkt\/w9-phoenix-9-dark-edition-160w-5500k-yellow\/#primaryimage"},"image":{"@id":"https:\/\/xenonkungen.com\/produkt\/w9-phoenix-9-dark-edition-160w-5500k-yellow\/#primaryimage"},"thumbnailUrl":"https:\/\/xenonkungen.com\/wp-content\/uploads\/2025\/06\/VuLl_J1H.png","datePublished":"2025-08-26T09:53:19+00:00","dateModified":"2026-04-10T23:24:47+00:00","breadcrumb":{"@id":"https:\/\/xenonkungen.com\/produkt\/w9-phoenix-9-dark-edition-160w-5500k-yellow\/#breadcrumb"},"inLanguage":"es","potentialAction":[{"@type":"ReadAction","target":["https:\/\/xenonkungen.com\/produkt\/w9-phoenix-9-dark-edition-160w-5500k-yellow\/"]}]},{"@type":"ImageObject","inLanguage":"es","@id":"https:\/\/xenonkungen.com\/produkt\/w9-phoenix-9-dark-edition-160w-5500k-yellow\/#primaryimage","url":"https:\/\/xenonkungen.com\/wp-content\/uploads\/2025\/06\/VuLl_J1H.png","contentUrl":"https:\/\/xenonkungen.com\/wp-content\/uploads\/2025\/06\/VuLl_J1H.png","width":600,"height":600},{"@type":"BreadcrumbList","@id":"https:\/\/xenonkungen.com\/produkt\/w9-phoenix-9-dark-edition-160w-5500k-yellow\/#breadcrumb","itemListElement":[{"@type":"ListItem","position":1,"name":"Hem","item":"https:\/\/xenonkungen.com\/"},{"@type":"ListItem","position":2,"name":"Shop","item":"https:\/\/xenonkungen.com\/shop\/"},{"@type":"ListItem","position":3,"name":"W9 Phoenix 9&#8243; DARK EDITION 160W | 5500K | Yellow"}]},{"@type":"WebSite","@id":"https:\/\/xenonkungen.com\/#website","url":"https:\/\/xenonkungen.com\/","name":"Xenonkungen","description":"","potentialAction":[{"@type":"SearchAction","target":{"@type":"EntryPoint","urlTemplate":"https:\/\/xenonkungen.com\/?s={search_term_string}"},"query-input":{"@type":"PropertyValueSpecification","valueRequired":true,"valueName":"search_term_string"}}],"inLanguage":"es"}]}},"taxonomy_info":{"anvandningsomrade":[{"value":236,"label":"Entreprenad"},{"value":207,"label":"Husbil"},{"value":166,"label":"Lastbil"},{"value":167,"label":"PERSONBIL"},{"value":1915,"label":"Sk\u00e5pbil"}],"product_brand":[{"value":2791,"label":"PHOENIX"}],"product_cat":[{"value":2839,"label":"Extraljus 9\""},{"value":142,"label":"Extraljus"}]},"featured_image_src_large":["https:\/\/xenonkungen.com\/wp-content\/uploads\/2025\/06\/VuLl_J1H.png",600,600,false],"author_info":[],"comment_info":0,"_links":{"self":[{"href":"http:\/\/xenonkungen.com\/es\/wp-json\/wp\/v2\/product\/10254","targetHints":{"allow":["GET"]}}],"collection":[{"href":"http:\/\/xenonkungen.com\/es\/wp-json\/wp\/v2\/product"}],"about":[{"href":"http:\/\/xenonkungen.com\/es\/wp-json\/wp\/v2\/types\/product"}],"replies":[{"embeddable":true,"href":"http:\/\/xenonkungen.com\/es\/wp-json\/wp\/v2\/comments?post=10254"}],"wp:featuredmedia":[{"embeddable":true,"href":"http:\/\/xenonkungen.com\/es\/wp-json\/wp\/v2\/media\/10256"}],"wp:attachment":[{"href":"http:\/\/xenonkungen.com\/es\/wp-json\/wp\/v2\/media?parent=10254"}],"wp:term":[{"taxonomy":"anvandningsomrade","embeddable":true,"href":"http:\/\/xenonkungen.com\/es\/wp-json\/wp\/v2\/anvandningsomrade?post=10254"},{"taxonomy":"bilmarken","embeddable":true,"href":"http:\/\/xenonkungen.com\/es\/wp-json\/wp\/v2\/bilmarken?post=10254"},{"taxonomy":"product_brand","embeddable":true,"href":"http:\/\/xenonkungen.com\/es\/wp-json\/wp\/v2\/product_brand?post=10254"},{"taxonomy":"product_cat","embeddable":true,"href":"http:\/\/xenonkungen.com\/es\/wp-json\/wp\/v2\/product_cat?post=10254"},{"taxonomy":"product_tag","embeddable":true,"href":"http:\/\/xenonkungen.com\/es\/wp-json\/wp\/v2\/product_tag?post=10254"}],"curies":[{"name":"wp","href":"https:\/\/api.w.org\/{rel}","templated":true}]}}