{"id":20965,"date":"2025-12-12T14:23:35","date_gmt":"2025-12-12T13:23:35","guid":{"rendered":"https:\/\/xenonkungen.com\/?post_type=product&#038;p=20965"},"modified":"2026-04-24T19:27:38","modified_gmt":"2026-04-24T18:27:38","slug":"luxtar-h15-skywarp","status":"publish","type":"product","link":"http:\/\/xenonkungen.com\/es\/producto\/luxtar-h15-skywarp\/","title":{"rendered":"Luxtar H15 Skywarp"},"content":{"rendered":"<p><strong>Descubra el nuevo Luxtar H15 Skywarp: potencia, precisi\u00f3n y moderna tecnolog\u00eda LED en perfecta simbiosis.<br \/>\n<\/strong>Luxtar presenta con orgullo el siguiente paso en iluminaci\u00f3n automotriz: <strong>LED Luxtar H15<\/strong>Equipada con un chip Cree y desarrollada para ofrecer el m\u00e1ximo rendimiento tanto en luz de carretera como en modo DRL. Esta es la l\u00e1mpara ideal para quienes buscan una mejora instant\u00e1nea en brillo, seguridad y placer de conducci\u00f3n, independientemente del veh\u00edculo.<\/p>\n<p><strong>\u00bfPor qu\u00e9 elegir Luxtar H15 Skywarp?<\/strong><\/p>\n<p><strong>Doble funci\u00f3n \u2013 doble luz<\/strong><br \/>\nCon todo <strong>4500 l\u00famenes en luz alta<\/strong> y <strong>2100 l\u00famenes en modo DRL<\/strong> Obtendr\u00e1s una potente luz blanca pura que mejora la visibilidad en cualquier situaci\u00f3n. Perfecta para combinar luces diurnas premium con unas luces altas incre\u00edblemente efectivas.<\/p>\n<p><strong>Imagen n\u00edtida y sin reflejos<\/strong><br \/>\nLa \u00f3ptica avanzada y la tecnolog\u00eda No-Glare garantizan una <strong>Imagen de luz precisa con corte claro<\/strong>, lo que reduce el riesgo de deslumbramiento y proporciona una experiencia de conducci\u00f3n m\u00e1s segura tanto para usted como para el tr\u00e1fico que viene en sentido contrario.<\/p>\n<p><strong>Canbus: completamente sin complicaciones<\/strong><br \/>\nEste modelo utiliza <strong>soluci\u00f3n Canbus lineal<\/strong>Esto significa que la l\u00e1mpara funciona en la mayor\u00eda de los veh\u00edculos sin c\u00f3digos de error. Instalaci\u00f3n sencilla y lista para usar.<\/p>\n<p><strong>Potencia impresionante y refrigeraci\u00f3n eficiente.<\/strong><br \/>\nMed <strong>45W en luz alta<\/strong> y <strong>20W en DRL<\/strong> La l\u00e1mpara proporciona una luz uniforme y estable. Se refrigera eficazmente gracias a una carcasa de... <strong>aluminio 6063<\/strong> y un ventilador de alto rendimiento en <strong>12.000 RPM<\/strong>, lo que garantiza una larga vida \u00fatil y un rendimiento constante.<\/p>\n<p><strong>Dise\u00f1ado para el clima n\u00f3rdico<\/strong><br \/>\nCertificado seg\u00fan <strong>IP67<\/strong>, obras de <strong>-40 a +85\u00b0C<\/strong>y totalmente adaptado a nuestros duros entornos, desde las heladas carreteras invernales hasta las c\u00e1lidas noches de verano.<\/p>","protected":false},"excerpt":{"rendered":"<p>Uppt\u00e4ck nya Luxtar H15 Skywarp \u2013 Kraft, precision och modern LED-teknik i perfekt symbios Luxtar presenterar stolt n\u00e4sta steg inom fordonsbelysning: Luxtar H15 LED, utrustad med Cree-chip och utvecklad f\u00f6r att leverera maximal prestanda i b\u00e5de helljus och DRL-l\u00e4ge. Detta \u00e4r lampan f\u00f6r dig som vill ha en omedelbar uppgradering i ljusstyrka, s\u00e4kerhet och k\u00f6rgl\u00e4dje [&hellip;]<\/p>","protected":false},"featured_media":20968,"comment_status":"open","ping_status":"closed","template":"","meta":{"_acf_changed":false,"_smort_price_nok":"641","_smort_price_dkk":"","_smort_price_eur":"","_smort_sale_price_nok":"641","_smort_sale_price_dkk":"","_smort_sale_price_eur":"","smort_restorder":"","shipmondo_restorder":"","_kad_blocks_custom_css":"","_kad_blocks_head_custom_js":"","_kad_blocks_body_custom_js":"","_kad_blocks_footer_custom_js":"","smort_custom_pricelist_1":"508.8","smort_custom_pricelist_2":"445.2","smort_custom_pricelist_3":"413.4","smort_custom_pricelist_4":"636","smort_custom_pricelist_5":"445.2"},"anvandningsomrade":[],"bilmarken":[],"product_brand":[103],"product_cat":[2451,2849,733,1402],"product_tag":[],"class_list":{"0":"post-20965","1":"product","2":"type-product","3":"status-publish","4":"has-post-thumbnail","6":"product_brand-luxtar","7":"product_cat-led-konvertering","8":"product_cat-malvin","9":"product_cat-halvljus-helljus","10":"product_cat-outlet","11":"pa_fargtemperatur-6000k","12":"pa_fuktskydd-varde-ipxx-ip67","13":"pa_godkannande-ce","14":"pa_godkannande-rohs","15":"pa_lampsockel-kontakt-h15","17":"first","18":"instock","19":"taxable","20":"shipping-taxable","21":"purchasable","22":"product-type-simple"},"bundled_by":[],"bundle_stock_status":"instock","bundle_stock_quantity":61,"bundle_virtual":false,"bundle_layout":"","bundle_add_to_cart_form_location":"","bundle_editable_in_cart":false,"bundle_sold_individually_context":"","bundle_item_grouping":"","bundle_min_size":"","bundle_max_size":"","bundle_price":[],"bundled_items":[],"bundle_sell_ids":[],"acf":[],"yoast_head":"<!-- This site is optimized with the Yoast SEO plugin v27.0 - https:\/\/yoast.com\/product\/yoast-seo-wordpress\/ -->\n<title>Luxtar H15 Skywarp - Xenonkungen<\/title>\n<meta name=\"robots\" content=\"index, follow, max-snippet:-1, max-image-preview:large, max-video-preview:-1\" \/>\n<link rel=\"canonical\" href=\"https:\/\/xenonkungen.com\/es\/producto\/luxtar-h15-skywarp\/\" \/>\n<meta property=\"og:locale\" content=\"es_ES\" \/>\n<meta property=\"og:type\" content=\"article\" \/>\n<meta property=\"og:title\" content=\"Luxtar H15 Skywarp - Xenonkungen\" \/>\n<meta property=\"og:description\" content=\"Uppt\u00e4ck nya Luxtar H15 Skywarp \u2013 Kraft, precision och modern LED-teknik i perfekt symbios Luxtar presenterar stolt n\u00e4sta steg inom fordonsbelysning: Luxtar H15 LED, utrustad med Cree-chip och utvecklad f\u00f6r att leverera maximal prestanda i b\u00e5de helljus och DRL-l\u00e4ge. Detta \u00e4r lampan f\u00f6r dig som vill ha en omedelbar uppgradering i ljusstyrka, s\u00e4kerhet och k\u00f6rgl\u00e4dje [&hellip;]\" \/>\n<meta property=\"og:url\" content=\"https:\/\/xenonkungen.com\/es\/producto\/luxtar-h15-skywarp\/\" \/>\n<meta property=\"og:site_name\" content=\"Xenonkungen\" \/>\n<meta property=\"article:modified_time\" content=\"2026-04-24T18:27:38+00:00\" \/>\n<meta property=\"og:image\" content=\"https:\/\/xenonkungen.com\/wp-content\/uploads\/2025\/12\/LUXTAR-SKYWARP-H15-ArtNr-20071-DSCF9921-PNNG-2000px.png\" \/>\n\t<meta property=\"og:image:width\" content=\"2000\" \/>\n\t<meta property=\"og:image:height\" content=\"1498\" \/>\n\t<meta property=\"og:image:type\" content=\"image\/png\" \/>\n<meta name=\"twitter:card\" content=\"summary_large_image\" \/>\n<meta name=\"twitter:label1\" content=\"Tiempo de lectura\" \/>\n\t<meta name=\"twitter:data1\" content=\"2 minutos\" \/>\n<script type=\"application\/ld+json\" class=\"yoast-schema-graph\">{\"@context\":\"https:\/\/schema.org\",\"@graph\":[{\"@type\":\"WebPage\",\"@id\":\"https:\/\/xenonkungen.com\/produkt\/luxtar-h15-skywarp\/\",\"url\":\"https:\/\/xenonkungen.com\/produkt\/luxtar-h15-skywarp\/\",\"name\":\"Luxtar H15 Skywarp - Xenonkungen\",\"isPartOf\":{\"@id\":\"https:\/\/xenonkungen.com\/#website\"},\"primaryImageOfPage\":{\"@id\":\"https:\/\/xenonkungen.com\/produkt\/luxtar-h15-skywarp\/#primaryimage\"},\"image\":{\"@id\":\"https:\/\/xenonkungen.com\/produkt\/luxtar-h15-skywarp\/#primaryimage\"},\"thumbnailUrl\":\"https:\/\/xenonkungen.com\/wp-content\/uploads\/2025\/12\/LUXTAR-SKYWARP-H15-ArtNr-20071-DSCF9921-PNNG-2000px.png\",\"datePublished\":\"2025-12-12T13:23:35+00:00\",\"dateModified\":\"2026-04-24T18:27:38+00:00\",\"breadcrumb\":{\"@id\":\"https:\/\/xenonkungen.com\/produkt\/luxtar-h15-skywarp\/#breadcrumb\"},\"inLanguage\":\"es\",\"potentialAction\":[{\"@type\":\"ReadAction\",\"target\":[\"https:\/\/xenonkungen.com\/produkt\/luxtar-h15-skywarp\/\"]}]},{\"@type\":\"ImageObject\",\"inLanguage\":\"es\",\"@id\":\"https:\/\/xenonkungen.com\/produkt\/luxtar-h15-skywarp\/#primaryimage\",\"url\":\"https:\/\/xenonkungen.com\/wp-content\/uploads\/2025\/12\/LUXTAR-SKYWARP-H15-ArtNr-20071-DSCF9921-PNNG-2000px.png\",\"contentUrl\":\"https:\/\/xenonkungen.com\/wp-content\/uploads\/2025\/12\/LUXTAR-SKYWARP-H15-ArtNr-20071-DSCF9921-PNNG-2000px.png\",\"width\":2000,\"height\":1498},{\"@type\":\"BreadcrumbList\",\"@id\":\"https:\/\/xenonkungen.com\/produkt\/luxtar-h15-skywarp\/#breadcrumb\",\"itemListElement\":[{\"@type\":\"ListItem\",\"position\":1,\"name\":\"Hem\",\"item\":\"https:\/\/xenonkungen.com\/\"},{\"@type\":\"ListItem\",\"position\":2,\"name\":\"Shop\",\"item\":\"https:\/\/xenonkungen.com\/shop\/\"},{\"@type\":\"ListItem\",\"position\":3,\"name\":\"Luxtar H15 Skywarp\"}]},{\"@type\":\"WebSite\",\"@id\":\"https:\/\/xenonkungen.com\/#website\",\"url\":\"https:\/\/xenonkungen.com\/\",\"name\":\"Xenonkungen\",\"description\":\"\",\"potentialAction\":[{\"@type\":\"SearchAction\",\"target\":{\"@type\":\"EntryPoint\",\"urlTemplate\":\"https:\/\/xenonkungen.com\/?s={search_term_string}\"},\"query-input\":{\"@type\":\"PropertyValueSpecification\",\"valueRequired\":true,\"valueName\":\"search_term_string\"}}],\"inLanguage\":\"es\"}]}<\/script>\n<!-- \/ Yoast SEO plugin. -->","yoast_head_json":{"title":"Luxtar H15 Skywarp - El Rey del Xen\u00f3n","robots":{"index":"index","follow":"follow","max-snippet":"max-snippet:-1","max-image-preview":"max-image-preview:large","max-video-preview":"max-video-preview:-1"},"canonical":"https:\/\/xenonkungen.com\/es\/producto\/luxtar-h15-skywarp\/","og_locale":"es_ES","og_type":"article","og_title":"Luxtar H15 Skywarp - Xenonkungen","og_description":"Uppt\u00e4ck nya Luxtar H15 Skywarp \u2013 Kraft, precision och modern LED-teknik i perfekt symbios Luxtar presenterar stolt n\u00e4sta steg inom fordonsbelysning: Luxtar H15 LED, utrustad med Cree-chip och utvecklad f\u00f6r att leverera maximal prestanda i b\u00e5de helljus och DRL-l\u00e4ge. Detta \u00e4r lampan f\u00f6r dig som vill ha en omedelbar uppgradering i ljusstyrka, s\u00e4kerhet och k\u00f6rgl\u00e4dje [&hellip;]","og_url":"https:\/\/xenonkungen.com\/es\/producto\/luxtar-h15-skywarp\/","og_site_name":"Xenonkungen","article_modified_time":"2026-04-24T18:27:38+00:00","og_image":[{"width":2000,"height":1498,"url":"https:\/\/xenonkungen.com\/wp-content\/uploads\/2025\/12\/LUXTAR-SKYWARP-H15-ArtNr-20071-DSCF9921-PNNG-2000px.png","type":"image\/png"}],"twitter_card":"summary_large_image","twitter_misc":{"Tiempo de lectura":"2 minutos"},"schema":{"@context":"https:\/\/schema.org","@graph":[{"@type":"WebPage","@id":"https:\/\/xenonkungen.com\/produkt\/luxtar-h15-skywarp\/","url":"https:\/\/xenonkungen.com\/produkt\/luxtar-h15-skywarp\/","name":"Luxtar H15 Skywarp - El Rey del Xen\u00f3n","isPartOf":{"@id":"https:\/\/xenonkungen.com\/#website"},"primaryImageOfPage":{"@id":"https:\/\/xenonkungen.com\/produkt\/luxtar-h15-skywarp\/#primaryimage"},"image":{"@id":"https:\/\/xenonkungen.com\/produkt\/luxtar-h15-skywarp\/#primaryimage"},"thumbnailUrl":"https:\/\/xenonkungen.com\/wp-content\/uploads\/2025\/12\/LUXTAR-SKYWARP-H15-ArtNr-20071-DSCF9921-PNNG-2000px.png","datePublished":"2025-12-12T13:23:35+00:00","dateModified":"2026-04-24T18:27:38+00:00","breadcrumb":{"@id":"https:\/\/xenonkungen.com\/produkt\/luxtar-h15-skywarp\/#breadcrumb"},"inLanguage":"es","potentialAction":[{"@type":"ReadAction","target":["https:\/\/xenonkungen.com\/produkt\/luxtar-h15-skywarp\/"]}]},{"@type":"ImageObject","inLanguage":"es","@id":"https:\/\/xenonkungen.com\/produkt\/luxtar-h15-skywarp\/#primaryimage","url":"https:\/\/xenonkungen.com\/wp-content\/uploads\/2025\/12\/LUXTAR-SKYWARP-H15-ArtNr-20071-DSCF9921-PNNG-2000px.png","contentUrl":"https:\/\/xenonkungen.com\/wp-content\/uploads\/2025\/12\/LUXTAR-SKYWARP-H15-ArtNr-20071-DSCF9921-PNNG-2000px.png","width":2000,"height":1498},{"@type":"BreadcrumbList","@id":"https:\/\/xenonkungen.com\/produkt\/luxtar-h15-skywarp\/#breadcrumb","itemListElement":[{"@type":"ListItem","position":1,"name":"Hem","item":"https:\/\/xenonkungen.com\/"},{"@type":"ListItem","position":2,"name":"Shop","item":"https:\/\/xenonkungen.com\/shop\/"},{"@type":"ListItem","position":3,"name":"Luxtar H15 Skywarp"}]},{"@type":"WebSite","@id":"https:\/\/xenonkungen.com\/#website","url":"https:\/\/xenonkungen.com\/","name":"Xenonkungen","description":"","potentialAction":[{"@type":"SearchAction","target":{"@type":"EntryPoint","urlTemplate":"https:\/\/xenonkungen.com\/?s={search_term_string}"},"query-input":{"@type":"PropertyValueSpecification","valueRequired":true,"valueName":"search_term_string"}}],"inLanguage":"es"}]}},"taxonomy_info":{"product_brand":[{"value":103,"label":"LUXTAR"}],"product_cat":[{"value":2451,"label":"Led-konvertering"},{"value":2849,"label":"Malvins VW Golf"},{"value":733,"label":"Halvljus \/ Helljus"},{"value":1402,"label":"Outlet"}],"pa_fargtemperatur":[{"value":188,"label":"6000K"}],"pa_fuktskydd-varde-ipxx":[{"value":333,"label":"IP67"}],"pa_godkannande":[{"value":794,"label":"CE"},{"value":2844,"label":"RoHS"}],"pa_lampsockel-kontakt":[{"value":736,"label":"H15"}]},"featured_image_src_large":["https:\/\/xenonkungen.com\/wp-content\/uploads\/2025\/12\/LUXTAR-SKYWARP-H15-ArtNr-20071-DSCF9921-PNNG-2000px-1024x767.png",1024,767,true],"author_info":[],"comment_info":1,"_links":{"self":[{"href":"http:\/\/xenonkungen.com\/es\/wp-json\/wp\/v2\/product\/20965","targetHints":{"allow":["GET"]}}],"collection":[{"href":"http:\/\/xenonkungen.com\/es\/wp-json\/wp\/v2\/product"}],"about":[{"href":"http:\/\/xenonkungen.com\/es\/wp-json\/wp\/v2\/types\/product"}],"replies":[{"embeddable":true,"href":"http:\/\/xenonkungen.com\/es\/wp-json\/wp\/v2\/comments?post=20965"}],"wp:featuredmedia":[{"embeddable":true,"href":"http:\/\/xenonkungen.com\/es\/wp-json\/wp\/v2\/media\/20968"}],"wp:attachment":[{"href":"http:\/\/xenonkungen.com\/es\/wp-json\/wp\/v2\/media?parent=20965"}],"wp:term":[{"taxonomy":"anvandningsomrade","embeddable":true,"href":"http:\/\/xenonkungen.com\/es\/wp-json\/wp\/v2\/anvandningsomrade?post=20965"},{"taxonomy":"bilmarken","embeddable":true,"href":"http:\/\/xenonkungen.com\/es\/wp-json\/wp\/v2\/bilmarken?post=20965"},{"taxonomy":"product_brand","embeddable":true,"href":"http:\/\/xenonkungen.com\/es\/wp-json\/wp\/v2\/product_brand?post=20965"},{"taxonomy":"product_cat","embeddable":true,"href":"http:\/\/xenonkungen.com\/es\/wp-json\/wp\/v2\/product_cat?post=20965"},{"taxonomy":"product_tag","embeddable":true,"href":"http:\/\/xenonkungen.com\/es\/wp-json\/wp\/v2\/product_tag?post=20965"}],"curies":[{"name":"wp","href":"https:\/\/api.w.org\/{rel}","templated":true}]}}