{"id":26410,"date":"2026-02-19T08:28:33","date_gmt":"2026-02-19T07:28:33","guid":{"rendered":"https:\/\/xenonkungen.com\/?post_type=product&#038;p=26410"},"modified":"2026-04-15T07:59:17","modified_gmt":"2026-04-15T06:59:17","slug":"portafusibles-luxtar-60a-awg8-fusible-incluido","status":"publish","type":"product","link":"http:\/\/xenonkungen.com\/es\/producto\/portafusibles-luxtar-60a-awg8-fusible-incluido\/","title":{"rendered":"Portafusibles Luxtar | 60 A | AWG8 | Fusible incluido"},"content":{"rendered":"<p>\u00bfNecesita una soluci\u00f3n de fusibles extra potente y segura para su instalaci\u00f3n de 12\u2013110 V?<\/p>\n<p><strong>Portafusibles Luxtar 60A (Art. 42047)<\/strong> es un portafusibles robusto para <strong>Fusibles de clavija plana midi<\/strong>, se entrega completo con fusible y borrador <strong>Cable AWG8 (\u00e1rea de cobre de \u2248 8,37 mm\u00b2)<\/strong>.<\/p>\n<p>Perfecto para instalar potentes rampas LED, luces auxiliares, conectores de bater\u00eda, cabrestantes y otros equipos de veh\u00edculos que consumen mucha energ\u00eda.<\/p>\n<p><strong>Cable extra grueso: p\u00e9rdida m\u00ednima de tensi\u00f3n<\/strong><\/p>\n<p>El portafusibles est\u00e1 equipado con:<\/p>\n<ul>\n<li><strong>Cable AWG8 (\u2248 8,37 mm\u00b2 de cobre)<\/strong><\/li>\n<li>Cable de 20 cm en cada lado (20 cm + 20 cm)<\/li>\n<li>Total 40 cm de alambre premontado<\/li>\n<li>Cable rojo para marcado positivo claro<\/li>\n<\/ul>\n<p>La dimensi\u00f3n del cable de alta resistencia proporciona una resistencia muy baja y minimiza la ca\u00edda de voltaje bajo cargas elevadas, ideal para instalaciones donde la corriente es alta.<\/p>\n<p><strong>\u00a0Construcci\u00f3n protegida con tapa<\/strong><\/p>\n<ul>\n<li>Tapa protectora negra<\/li>\n<li>Protege el fusible contra la humedad y la suciedad.<\/li>\n<li>Fabricado en PVC y cobre.<\/li>\n<li>Construcci\u00f3n robusta para veh\u00edculos e instalaciones de 12 V<\/li>\n<\/ul>\n<p>El soporte encapsula el fusible y contribuye a una instalaci\u00f3n segura y profesional.<\/p>\n<p><strong>Fusible incluido<\/strong><\/p>\n<ul>\n<li>Fusible de clavija plana Midi de 60 A incluido<\/li>\n<li>Tensi\u00f3n nominal: hasta 110 V m\u00e1x.<\/li>\n<\/ul>\n<p>Listo para ser instalado inmediatamente.<\/p>\n<p><strong>\u00a0\u00c1mbitos de utilizaci\u00f3n<\/strong><\/p>\n<ul>\n<li>Potentes rampas LED<\/li>\n<li>Extra ligero<\/li>\n<li>Instalaciones de bater\u00edas<\/li>\n<li>Instalaciones de cabrestantes<\/li>\n<li>Fuera de la carretera<\/li>\n<li>veh\u00edculos de transporte<\/li>\n<li>Sistemas de 12 V\/24 V<\/li>\n<\/ul>\n<p>Complemento perfecto para el panel de interruptores Luxtar y otras soluciones de distribuci\u00f3n de energ\u00eda.<\/p>","protected":false},"excerpt":{"rendered":"<p><strong>Portafusibles Luxtar 60A \u2013 AWG8 (8,37 mm\u00b2) \u2013 Fusible de clavija plana Midi<\/strong><\/p>","protected":false},"featured_media":27057,"comment_status":"open","ping_status":"closed","template":"","meta":{"_acf_changed":false,"_smort_price_nok":"101","_smort_price_dkk":"","_smort_price_eur":"","_smort_sale_price_nok":"","_smort_sale_price_dkk":"","_smort_sale_price_eur":"","smort_restorder":"","shipmondo_restorder":"","_kad_blocks_custom_css":"","_kad_blocks_head_custom_js":"","_kad_blocks_body_custom_js":"","_kad_blocks_footer_custom_js":"","smort_custom_pricelist_1":"60.8","smort_custom_pricelist_2":"45.6","smort_custom_pricelist_3":"38","smort_custom_pricelist_4":"76","smort_custom_pricelist_5":"45.6"},"anvandningsomrade":[],"bilmarken":[],"product_brand":[103],"product_cat":[2795],"product_tag":[],"class_list":{"0":"post-26410","1":"product","2":"type-product","3":"status-publish","4":"has-post-thumbnail","6":"product_brand-luxtar","7":"product_cat-kablar-rela","9":"first","10":"instock","11":"taxable","12":"shipping-taxable","13":"purchasable","14":"product-type-simple"},"bundled_by":[],"bundle_stock_status":"instock","bundle_stock_quantity":189,"bundle_virtual":false,"bundle_layout":"","bundle_add_to_cart_form_location":"","bundle_editable_in_cart":false,"bundle_sold_individually_context":"","bundle_item_grouping":"","bundle_min_size":"","bundle_max_size":"","bundle_price":[],"bundled_items":[],"bundle_sell_ids":[],"acf":[],"yoast_head":"<!-- This site is optimized with the Yoast SEO plugin v27.0 - https:\/\/yoast.com\/product\/yoast-seo-wordpress\/ -->\n<title>Luxtar Fuse holder | 60A | AWG8 | Fuse included - Xenonkungen<\/title>\n<meta name=\"robots\" content=\"index, follow, max-snippet:-1, max-image-preview:large, max-video-preview:-1\" \/>\n<link rel=\"canonical\" href=\"https:\/\/xenonkungen.com\/es\/producto\/portafusibles-luxtar-60a-awg8-fusible-incluido\/\" \/>\n<meta property=\"og:locale\" content=\"es_ES\" \/>\n<meta property=\"og:type\" content=\"article\" \/>\n<meta property=\"og:title\" content=\"Luxtar Fuse holder | 60A | AWG8 | Fuse included - Xenonkungen\" \/>\n<meta property=\"og:description\" content=\"Luxtar Fuse Holder 60A \u2013 AWG8 (8.37 mm\u00b2) \u2013 Midi Flatstifts\u00e4kring\" \/>\n<meta property=\"og:url\" content=\"https:\/\/xenonkungen.com\/es\/producto\/portafusibles-luxtar-60a-awg8-fusible-incluido\/\" \/>\n<meta property=\"og:site_name\" content=\"Xenonkungen\" \/>\n<meta property=\"article:modified_time\" content=\"2026-04-15T06:59:17+00:00\" \/>\n<meta property=\"og:image\" content=\"https:\/\/xenonkungen.com\/wp-content\/uploads\/2026\/02\/Kabel-m.-sakring-ArtNr.CB-08-60-KZ260459-2000px-PNNG.png\" \/>\n\t<meta property=\"og:image:width\" content=\"1500\" \/>\n\t<meta property=\"og:image:height\" content=\"1215\" \/>\n\t<meta property=\"og:image:type\" content=\"image\/png\" \/>\n<meta name=\"twitter:card\" content=\"summary_large_image\" \/>\n<meta name=\"twitter:label1\" content=\"Tiempo de lectura\" \/>\n\t<meta name=\"twitter:data1\" content=\"2 minutos\" \/>\n<script type=\"application\/ld+json\" class=\"yoast-schema-graph\">{\"@context\":\"https:\/\/schema.org\",\"@graph\":[{\"@type\":\"WebPage\",\"@id\":\"https:\/\/xenonkungen.com\/produkt\/luxtar-fuse-holder-60a-awg8-fuse-included\/\",\"url\":\"https:\/\/xenonkungen.com\/produkt\/luxtar-fuse-holder-60a-awg8-fuse-included\/\",\"name\":\"Luxtar Fuse holder | 60A | AWG8 | Fuse included - Xenonkungen\",\"isPartOf\":{\"@id\":\"https:\/\/xenonkungen.com\/#website\"},\"primaryImageOfPage\":{\"@id\":\"https:\/\/xenonkungen.com\/produkt\/luxtar-fuse-holder-60a-awg8-fuse-included\/#primaryimage\"},\"image\":{\"@id\":\"https:\/\/xenonkungen.com\/produkt\/luxtar-fuse-holder-60a-awg8-fuse-included\/#primaryimage\"},\"thumbnailUrl\":\"https:\/\/xenonkungen.com\/wp-content\/uploads\/2026\/02\/Kabel-m.-sakring-ArtNr.CB-08-60-KZ260459-2000px-PNNG.png\",\"datePublished\":\"2026-02-19T07:28:33+00:00\",\"dateModified\":\"2026-04-15T06:59:17+00:00\",\"breadcrumb\":{\"@id\":\"https:\/\/xenonkungen.com\/produkt\/luxtar-fuse-holder-60a-awg8-fuse-included\/#breadcrumb\"},\"inLanguage\":\"es\",\"potentialAction\":[{\"@type\":\"ReadAction\",\"target\":[\"https:\/\/xenonkungen.com\/produkt\/luxtar-fuse-holder-60a-awg8-fuse-included\/\"]}]},{\"@type\":\"ImageObject\",\"inLanguage\":\"es\",\"@id\":\"https:\/\/xenonkungen.com\/produkt\/luxtar-fuse-holder-60a-awg8-fuse-included\/#primaryimage\",\"url\":\"https:\/\/xenonkungen.com\/wp-content\/uploads\/2026\/02\/Kabel-m.-sakring-ArtNr.CB-08-60-KZ260459-2000px-PNNG.png\",\"contentUrl\":\"https:\/\/xenonkungen.com\/wp-content\/uploads\/2026\/02\/Kabel-m.-sakring-ArtNr.CB-08-60-KZ260459-2000px-PNNG.png\",\"width\":1500,\"height\":1215},{\"@type\":\"BreadcrumbList\",\"@id\":\"https:\/\/xenonkungen.com\/produkt\/luxtar-fuse-holder-60a-awg8-fuse-included\/#breadcrumb\",\"itemListElement\":[{\"@type\":\"ListItem\",\"position\":1,\"name\":\"Hem\",\"item\":\"https:\/\/xenonkungen.com\/\"},{\"@type\":\"ListItem\",\"position\":2,\"name\":\"Shop\",\"item\":\"https:\/\/xenonkungen.com\/shop\/\"},{\"@type\":\"ListItem\",\"position\":3,\"name\":\"Luxtar Fuse holder | 60A | AWG8 | Fuse included\"}]},{\"@type\":\"WebSite\",\"@id\":\"https:\/\/xenonkungen.com\/#website\",\"url\":\"https:\/\/xenonkungen.com\/\",\"name\":\"Xenonkungen\",\"description\":\"\",\"potentialAction\":[{\"@type\":\"SearchAction\",\"target\":{\"@type\":\"EntryPoint\",\"urlTemplate\":\"https:\/\/xenonkungen.com\/?s={search_term_string}\"},\"query-input\":{\"@type\":\"PropertyValueSpecification\",\"valueRequired\":true,\"valueName\":\"search_term_string\"}}],\"inLanguage\":\"es\"}]}<\/script>\n<!-- \/ Yoast SEO plugin. -->","yoast_head_json":{"title":"Portafusibles Luxtar | 60 A | AWG8 | Fusible incluido - El Rey del Xen\u00f3n","robots":{"index":"index","follow":"follow","max-snippet":"max-snippet:-1","max-image-preview":"max-image-preview:large","max-video-preview":"max-video-preview:-1"},"canonical":"https:\/\/xenonkungen.com\/es\/producto\/portafusibles-luxtar-60a-awg8-fusible-incluido\/","og_locale":"es_ES","og_type":"article","og_title":"Luxtar Fuse holder | 60A | AWG8 | Fuse included - Xenonkungen","og_description":"Luxtar Fuse Holder 60A \u2013 AWG8 (8.37 mm\u00b2) \u2013 Midi Flatstifts\u00e4kring","og_url":"https:\/\/xenonkungen.com\/es\/producto\/portafusibles-luxtar-60a-awg8-fusible-incluido\/","og_site_name":"Xenonkungen","article_modified_time":"2026-04-15T06:59:17+00:00","og_image":[{"width":1500,"height":1215,"url":"https:\/\/xenonkungen.com\/wp-content\/uploads\/2026\/02\/Kabel-m.-sakring-ArtNr.CB-08-60-KZ260459-2000px-PNNG.png","type":"image\/png"}],"twitter_card":"summary_large_image","twitter_misc":{"Tiempo de lectura":"2 minutos"},"schema":{"@context":"https:\/\/schema.org","@graph":[{"@type":"WebPage","@id":"https:\/\/xenonkungen.com\/produkt\/luxtar-fuse-holder-60a-awg8-fuse-included\/","url":"https:\/\/xenonkungen.com\/produkt\/luxtar-fuse-holder-60a-awg8-fuse-included\/","name":"Portafusibles Luxtar | 60 A | AWG8 | Fusible incluido - El Rey del Xen\u00f3n","isPartOf":{"@id":"https:\/\/xenonkungen.com\/#website"},"primaryImageOfPage":{"@id":"https:\/\/xenonkungen.com\/produkt\/luxtar-fuse-holder-60a-awg8-fuse-included\/#primaryimage"},"image":{"@id":"https:\/\/xenonkungen.com\/produkt\/luxtar-fuse-holder-60a-awg8-fuse-included\/#primaryimage"},"thumbnailUrl":"https:\/\/xenonkungen.com\/wp-content\/uploads\/2026\/02\/Kabel-m.-sakring-ArtNr.CB-08-60-KZ260459-2000px-PNNG.png","datePublished":"2026-02-19T07:28:33+00:00","dateModified":"2026-04-15T06:59:17+00:00","breadcrumb":{"@id":"https:\/\/xenonkungen.com\/produkt\/luxtar-fuse-holder-60a-awg8-fuse-included\/#breadcrumb"},"inLanguage":"es","potentialAction":[{"@type":"ReadAction","target":["https:\/\/xenonkungen.com\/produkt\/luxtar-fuse-holder-60a-awg8-fuse-included\/"]}]},{"@type":"ImageObject","inLanguage":"es","@id":"https:\/\/xenonkungen.com\/produkt\/luxtar-fuse-holder-60a-awg8-fuse-included\/#primaryimage","url":"https:\/\/xenonkungen.com\/wp-content\/uploads\/2026\/02\/Kabel-m.-sakring-ArtNr.CB-08-60-KZ260459-2000px-PNNG.png","contentUrl":"https:\/\/xenonkungen.com\/wp-content\/uploads\/2026\/02\/Kabel-m.-sakring-ArtNr.CB-08-60-KZ260459-2000px-PNNG.png","width":1500,"height":1215},{"@type":"BreadcrumbList","@id":"https:\/\/xenonkungen.com\/produkt\/luxtar-fuse-holder-60a-awg8-fuse-included\/#breadcrumb","itemListElement":[{"@type":"ListItem","position":1,"name":"Hem","item":"https:\/\/xenonkungen.com\/"},{"@type":"ListItem","position":2,"name":"Shop","item":"https:\/\/xenonkungen.com\/shop\/"},{"@type":"ListItem","position":3,"name":"Luxtar Fuse holder | 60A | AWG8 | Fuse included"}]},{"@type":"WebSite","@id":"https:\/\/xenonkungen.com\/#website","url":"https:\/\/xenonkungen.com\/","name":"Xenonkungen","description":"","potentialAction":[{"@type":"SearchAction","target":{"@type":"EntryPoint","urlTemplate":"https:\/\/xenonkungen.com\/?s={search_term_string}"},"query-input":{"@type":"PropertyValueSpecification","valueRequired":true,"valueName":"search_term_string"}}],"inLanguage":"es"}]}},"taxonomy_info":{"product_brand":[{"value":103,"label":"LUXTAR"}],"product_cat":[{"value":2795,"label":"Kablar och Rel\u00e4"}]},"featured_image_src_large":["https:\/\/xenonkungen.com\/wp-content\/uploads\/2026\/02\/Kabel-m.-sakring-ArtNr.CB-08-60-KZ260459-2000px-PNNG-1024x829.png",1024,829,true],"author_info":[],"comment_info":0,"_links":{"self":[{"href":"http:\/\/xenonkungen.com\/es\/wp-json\/wp\/v2\/product\/26410","targetHints":{"allow":["GET"]}}],"collection":[{"href":"http:\/\/xenonkungen.com\/es\/wp-json\/wp\/v2\/product"}],"about":[{"href":"http:\/\/xenonkungen.com\/es\/wp-json\/wp\/v2\/types\/product"}],"replies":[{"embeddable":true,"href":"http:\/\/xenonkungen.com\/es\/wp-json\/wp\/v2\/comments?post=26410"}],"wp:featuredmedia":[{"embeddable":true,"href":"http:\/\/xenonkungen.com\/es\/wp-json\/wp\/v2\/media\/27057"}],"wp:attachment":[{"href":"http:\/\/xenonkungen.com\/es\/wp-json\/wp\/v2\/media?parent=26410"}],"wp:term":[{"taxonomy":"anvandningsomrade","embeddable":true,"href":"http:\/\/xenonkungen.com\/es\/wp-json\/wp\/v2\/anvandningsomrade?post=26410"},{"taxonomy":"bilmarken","embeddable":true,"href":"http:\/\/xenonkungen.com\/es\/wp-json\/wp\/v2\/bilmarken?post=26410"},{"taxonomy":"product_brand","embeddable":true,"href":"http:\/\/xenonkungen.com\/es\/wp-json\/wp\/v2\/product_brand?post=26410"},{"taxonomy":"product_cat","embeddable":true,"href":"http:\/\/xenonkungen.com\/es\/wp-json\/wp\/v2\/product_cat?post=26410"},{"taxonomy":"product_tag","embeddable":true,"href":"http:\/\/xenonkungen.com\/es\/wp-json\/wp\/v2\/product_tag?post=26410"}],"curies":[{"name":"wp","href":"https:\/\/api.w.org\/{rel}","templated":true}]}}