{"id":2768,"date":"2025-04-15T08:42:47","date_gmt":"2025-04-15T08:42:47","guid":{"rendered":"https:\/\/xenonkungen.com\/product\/luxtar-universal-tvadelat-led-rampsfaste\/"},"modified":"2026-04-10T23:56:52","modified_gmt":"2026-04-10T22:56:52","slug":"soporte-de-rampa-led-universal-de-dos-piezas-luxtar","status":"publish","type":"product","link":"http:\/\/xenonkungen.com\/es\/producto\/soporte-de-rampa-led-universal-de-dos-piezas-luxtar\/","title":{"rendered":"Luxtar Soporte de rampa LED universal de dos piezas"},"content":{"rendered":"<h2><strong>Luxtar Soporte de rampa LED universal de dos piezas<\/strong><\/h2>\n<p><strong>Soportes universales Luxtar para rampas LED: flexibles, elegantes y eficientes<\/strong><\/p>\n<p>Descubra los soportes de marco LED de dos piezas de Luxtar, la elecci\u00f3n definitiva para una instalaci\u00f3n segura y sin problemas de su marco LED.<\/p>\n<p>Dise\u00f1adas para adaptarse a una gama de diferentes rampas LED, ofrecen opciones de montaje vers\u00e1tiles que permiten montarlas tanto hacia arriba como hacia abajo, directamente detr\u00e1s de la matr\u00edcula.<\/p>\n<p>Con un acabado en negro con recubrimiento en polvo y m\u00faltiples puntos de fijaci\u00f3n, obtendr\u00e1 una instalaci\u00f3n elegante y robusta. Perfecto para montaje empotrado e ideal para quienes desean combinar funcionalidad con un aspecto discreto.<\/p>\n<p><strong>\u00bfPor qu\u00e9 elegir los soportes de rampa LED Luxtar?<\/strong><\/p>\n<ul>\n<li><strong>Universal<\/strong>Adecuado para la mayor\u00eda de las rampas LED.<\/li>\n<li><strong>Opciones de instalaci\u00f3n flexibles<\/strong>Puede montarse en diferentes posiciones para adaptarse a sus necesidades.<\/li>\n<li><strong>Instalaci\u00f3n segura y estable<\/strong>: Proporciona una soluci\u00f3n s\u00f3lida y fiable detr\u00e1s de la matr\u00edcula.<\/li>\n<li><strong>F\u00e1cil instalaci\u00f3n<\/strong>: Instalaci\u00f3n r\u00e1pida y sencilla sin complicaciones.<\/li>\n<li><strong>Dise\u00f1o sostenible<\/strong>Pintura en polvo de color negro para un resultado duradero y elegante.<\/li>\n<li><strong>Se suministran por pares<\/strong><\/li>\n<\/ul>\n<p>Listo para llevar la iluminaci\u00f3n de su veh\u00edculo al siguiente nivel. Date la libertad de ajustar la distancia con precisi\u00f3n y crea una instalaci\u00f3n perfecta en todo momento.<\/p>\n<p>Con los soportes para rampas LED de Luxtar, no s\u00f3lo obtendr\u00e1 calidad, sino tambi\u00e9n una soluci\u00f3n que facilita la instalaci\u00f3n y la hace m\u00e1s eficaz.<\/p>\n<p>Elija lo mejor para su iluminaci\u00f3n: elija Luxtar.<\/p>","protected":false},"excerpt":{"rendered":"<p>Luxtar Universal tv\u00e5delat LED-rampsf\u00e4ste Luxtar Universella LED-rampsf\u00e4sten \u2013 Flexibla, Eleganta och Effektiva Uppt\u00e4ck Luxtars tv\u00e5delade LED-rampsf\u00e4sten, det ultimata valet f\u00f6r en s\u00e4ker och smidig montering av din LED-ramp. Designade f\u00f6r att passa en rad olika LED-ramper och erbjuder m\u00e5ngsidiga monteringsm\u00f6jligheter som g\u00f6r att de kan monteras b\u00e5de upp\u00e5t och ned\u00e5t, direkt bakom din registreringsskylt. Med [&hellip;]<\/p>","protected":false},"featured_media":2769,"comment_status":"closed","ping_status":"closed","template":"","meta":{"_acf_changed":false,"_smort_price_nok":"373","_smort_price_dkk":"237","_smort_price_eur":"31.73","_smort_sale_price_nok":"","_smort_sale_price_dkk":"","_smort_sale_price_eur":"","smort_restorder":"","shipmondo_restorder":"","_kad_blocks_custom_css":"","_kad_blocks_head_custom_js":"","_kad_blocks_body_custom_js":"","_kad_blocks_footer_custom_js":"","smort_custom_pricelist_1":"223.36","smort_custom_pricelist_2":"195.44","smort_custom_pricelist_3":"181.48","smort_custom_pricelist_4":"279.2","smort_custom_pricelist_5":"195.44"},"anvandningsomrade":[],"bilmarken":[],"product_brand":[103],"product_cat":[2534,2461,2828,2535,2826,2823,2536,390],"product_tag":[],"class_list":{"0":"post-2768","1":"product","2":"type-product","3":"status-publish","4":"has-post-thumbnail","6":"product_brand-luxtar","7":"product_cat-extraljusfaste-extraljus","8":"product_cat-fasten-installation","9":"product_cat-installation-led-ramper","10":"product_cat-tillbehor-ledramper","11":"product_cat-luxtar","12":"product_cat-luxtar-ovriga-produkter","13":"product_cat-tillbehor-tillbehor-ledramper","14":"product_cat-installation","15":"pa_storlek-mm-157x182x3","17":"first","18":"instock","19":"taxable","20":"shipping-taxable","21":"purchasable","22":"product-type-simple"},"bundled_by":[],"bundle_stock_status":"instock","bundle_stock_quantity":104,"bundle_virtual":false,"bundle_layout":"","bundle_add_to_cart_form_location":"","bundle_editable_in_cart":false,"bundle_sold_individually_context":"","bundle_item_grouping":"","bundle_min_size":"","bundle_max_size":"","bundle_price":[],"bundled_items":[],"bundle_sell_ids":[],"acf":[],"yoast_head":"<!-- This site is optimized with the Yoast SEO plugin v27.0 - https:\/\/yoast.com\/product\/yoast-seo-wordpress\/ -->\n<title>Luxtar Universal tv\u00e5delat LED-rampsf\u00e4ste - Xenonkungen<\/title>\n<meta name=\"robots\" content=\"index, follow, max-snippet:-1, max-image-preview:large, max-video-preview:-1\" \/>\n<link rel=\"canonical\" href=\"https:\/\/xenonkungen.com\/es\/producto\/soporte-de-rampa-led-universal-de-dos-piezas-luxtar\/\" \/>\n<meta property=\"og:locale\" content=\"es_ES\" \/>\n<meta property=\"og:type\" content=\"article\" \/>\n<meta property=\"og:title\" content=\"Luxtar Universal tv\u00e5delat LED-rampsf\u00e4ste - Xenonkungen\" \/>\n<meta property=\"og:description\" content=\"Luxtar Universal tv\u00e5delat LED-rampsf\u00e4ste Luxtar Universella LED-rampsf\u00e4sten \u2013 Flexibla, Eleganta och Effektiva Uppt\u00e4ck Luxtars tv\u00e5delade LED-rampsf\u00e4sten, det ultimata valet f\u00f6r en s\u00e4ker och smidig montering av din LED-ramp. Designade f\u00f6r att passa en rad olika LED-ramper och erbjuder m\u00e5ngsidiga monteringsm\u00f6jligheter som g\u00f6r att de kan monteras b\u00e5de upp\u00e5t och ned\u00e5t, direkt bakom din registreringsskylt. Med [&hellip;]\" \/>\n<meta property=\"og:url\" content=\"https:\/\/xenonkungen.com\/es\/producto\/soporte-de-rampa-led-universal-de-dos-piezas-luxtar\/\" \/>\n<meta property=\"og:site_name\" content=\"Xenonkungen\" \/>\n<meta property=\"article:modified_time\" content=\"2026-04-10T22:56:52+00:00\" \/>\n<meta property=\"og:image\" content=\"https:\/\/xenonkungen.com\/wp-content\/uploads\/2025\/04\/CDzV0pUQ.jpg\" \/>\n\t<meta property=\"og:image:width\" content=\"600\" \/>\n\t<meta property=\"og:image:height\" content=\"600\" \/>\n\t<meta property=\"og:image:type\" content=\"image\/jpeg\" \/>\n<meta name=\"twitter:card\" content=\"summary_large_image\" \/>\n<meta name=\"twitter:label1\" content=\"Tiempo de lectura\" \/>\n\t<meta name=\"twitter:data1\" content=\"2 minutos\" \/>\n<script type=\"application\/ld+json\" class=\"yoast-schema-graph\">{\"@context\":\"https:\/\/schema.org\",\"@graph\":[{\"@type\":\"WebPage\",\"@id\":\"https:\/\/xenonkungen.com\/produkt\/luxtar-universal-tvadelat-led-rampsfaste\/\",\"url\":\"https:\/\/xenonkungen.com\/produkt\/luxtar-universal-tvadelat-led-rampsfaste\/\",\"name\":\"Luxtar Universal tv\u00e5delat LED-rampsf\u00e4ste - Xenonkungen\",\"isPartOf\":{\"@id\":\"https:\/\/xenonkungen.com\/#website\"},\"primaryImageOfPage\":{\"@id\":\"https:\/\/xenonkungen.com\/produkt\/luxtar-universal-tvadelat-led-rampsfaste\/#primaryimage\"},\"image\":{\"@id\":\"https:\/\/xenonkungen.com\/produkt\/luxtar-universal-tvadelat-led-rampsfaste\/#primaryimage\"},\"thumbnailUrl\":\"https:\/\/xenonkungen.com\/wp-content\/uploads\/2025\/04\/CDzV0pUQ.jpg\",\"datePublished\":\"2025-04-15T08:42:47+00:00\",\"dateModified\":\"2026-04-10T22:56:52+00:00\",\"breadcrumb\":{\"@id\":\"https:\/\/xenonkungen.com\/produkt\/luxtar-universal-tvadelat-led-rampsfaste\/#breadcrumb\"},\"inLanguage\":\"es\",\"potentialAction\":[{\"@type\":\"ReadAction\",\"target\":[\"https:\/\/xenonkungen.com\/produkt\/luxtar-universal-tvadelat-led-rampsfaste\/\"]}]},{\"@type\":\"ImageObject\",\"inLanguage\":\"es\",\"@id\":\"https:\/\/xenonkungen.com\/produkt\/luxtar-universal-tvadelat-led-rampsfaste\/#primaryimage\",\"url\":\"https:\/\/xenonkungen.com\/wp-content\/uploads\/2025\/04\/CDzV0pUQ.jpg\",\"contentUrl\":\"https:\/\/xenonkungen.com\/wp-content\/uploads\/2025\/04\/CDzV0pUQ.jpg\",\"width\":600,\"height\":600},{\"@type\":\"BreadcrumbList\",\"@id\":\"https:\/\/xenonkungen.com\/produkt\/luxtar-universal-tvadelat-led-rampsfaste\/#breadcrumb\",\"itemListElement\":[{\"@type\":\"ListItem\",\"position\":1,\"name\":\"Hem\",\"item\":\"https:\/\/xenonkungen.com\/\"},{\"@type\":\"ListItem\",\"position\":2,\"name\":\"Shop\",\"item\":\"https:\/\/xenonkungen.com\/shop\/\"},{\"@type\":\"ListItem\",\"position\":3,\"name\":\"Luxtar Universal tv\u00e5delat LED-rampsf\u00e4ste\"}]},{\"@type\":\"WebSite\",\"@id\":\"https:\/\/xenonkungen.com\/#website\",\"url\":\"https:\/\/xenonkungen.com\/\",\"name\":\"Xenonkungen\",\"description\":\"\",\"potentialAction\":[{\"@type\":\"SearchAction\",\"target\":{\"@type\":\"EntryPoint\",\"urlTemplate\":\"https:\/\/xenonkungen.com\/?s={search_term_string}\"},\"query-input\":{\"@type\":\"PropertyValueSpecification\",\"valueRequired\":true,\"valueName\":\"search_term_string\"}}],\"inLanguage\":\"es\"}]}<\/script>\n<!-- \/ Yoast SEO plugin. -->","yoast_head_json":{"title":"Soporte de rampa LED universal de dos piezas Luxtar - Xenonkungen","robots":{"index":"index","follow":"follow","max-snippet":"max-snippet:-1","max-image-preview":"max-image-preview:large","max-video-preview":"max-video-preview:-1"},"canonical":"https:\/\/xenonkungen.com\/es\/producto\/soporte-de-rampa-led-universal-de-dos-piezas-luxtar\/","og_locale":"es_ES","og_type":"article","og_title":"Luxtar Universal tv\u00e5delat LED-rampsf\u00e4ste - Xenonkungen","og_description":"Luxtar Universal tv\u00e5delat LED-rampsf\u00e4ste Luxtar Universella LED-rampsf\u00e4sten \u2013 Flexibla, Eleganta och Effektiva Uppt\u00e4ck Luxtars tv\u00e5delade LED-rampsf\u00e4sten, det ultimata valet f\u00f6r en s\u00e4ker och smidig montering av din LED-ramp. Designade f\u00f6r att passa en rad olika LED-ramper och erbjuder m\u00e5ngsidiga monteringsm\u00f6jligheter som g\u00f6r att de kan monteras b\u00e5de upp\u00e5t och ned\u00e5t, direkt bakom din registreringsskylt. Med [&hellip;]","og_url":"https:\/\/xenonkungen.com\/es\/producto\/soporte-de-rampa-led-universal-de-dos-piezas-luxtar\/","og_site_name":"Xenonkungen","article_modified_time":"2026-04-10T22:56:52+00:00","og_image":[{"width":600,"height":600,"url":"https:\/\/xenonkungen.com\/wp-content\/uploads\/2025\/04\/CDzV0pUQ.jpg","type":"image\/jpeg"}],"twitter_card":"summary_large_image","twitter_misc":{"Tiempo de lectura":"2 minutos"},"schema":{"@context":"https:\/\/schema.org","@graph":[{"@type":"WebPage","@id":"https:\/\/xenonkungen.com\/produkt\/luxtar-universal-tvadelat-led-rampsfaste\/","url":"https:\/\/xenonkungen.com\/produkt\/luxtar-universal-tvadelat-led-rampsfaste\/","name":"Soporte de rampa LED universal de dos piezas Luxtar - Xenonkungen","isPartOf":{"@id":"https:\/\/xenonkungen.com\/#website"},"primaryImageOfPage":{"@id":"https:\/\/xenonkungen.com\/produkt\/luxtar-universal-tvadelat-led-rampsfaste\/#primaryimage"},"image":{"@id":"https:\/\/xenonkungen.com\/produkt\/luxtar-universal-tvadelat-led-rampsfaste\/#primaryimage"},"thumbnailUrl":"https:\/\/xenonkungen.com\/wp-content\/uploads\/2025\/04\/CDzV0pUQ.jpg","datePublished":"2025-04-15T08:42:47+00:00","dateModified":"2026-04-10T22:56:52+00:00","breadcrumb":{"@id":"https:\/\/xenonkungen.com\/produkt\/luxtar-universal-tvadelat-led-rampsfaste\/#breadcrumb"},"inLanguage":"es","potentialAction":[{"@type":"ReadAction","target":["https:\/\/xenonkungen.com\/produkt\/luxtar-universal-tvadelat-led-rampsfaste\/"]}]},{"@type":"ImageObject","inLanguage":"es","@id":"https:\/\/xenonkungen.com\/produkt\/luxtar-universal-tvadelat-led-rampsfaste\/#primaryimage","url":"https:\/\/xenonkungen.com\/wp-content\/uploads\/2025\/04\/CDzV0pUQ.jpg","contentUrl":"https:\/\/xenonkungen.com\/wp-content\/uploads\/2025\/04\/CDzV0pUQ.jpg","width":600,"height":600},{"@type":"BreadcrumbList","@id":"https:\/\/xenonkungen.com\/produkt\/luxtar-universal-tvadelat-led-rampsfaste\/#breadcrumb","itemListElement":[{"@type":"ListItem","position":1,"name":"Hem","item":"https:\/\/xenonkungen.com\/"},{"@type":"ListItem","position":2,"name":"Shop","item":"https:\/\/xenonkungen.com\/shop\/"},{"@type":"ListItem","position":3,"name":"Luxtar Universal tv\u00e5delat LED-rampsf\u00e4ste"}]},{"@type":"WebSite","@id":"https:\/\/xenonkungen.com\/#website","url":"https:\/\/xenonkungen.com\/","name":"Xenonkungen","description":"","potentialAction":[{"@type":"SearchAction","target":{"@type":"EntryPoint","urlTemplate":"https:\/\/xenonkungen.com\/?s={search_term_string}"},"query-input":{"@type":"PropertyValueSpecification","valueRequired":true,"valueName":"search_term_string"}}],"inLanguage":"es"}]}},"taxonomy_info":{"product_brand":[{"value":103,"label":"LUXTAR"}],"product_cat":[{"value":2534,"label":"Extraljusf\u00e4ste"},{"value":2461,"label":"F\u00e4sten"},{"value":2828,"label":"Installation LED-ramper"},{"value":2535,"label":"LEDRAMPER"},{"value":2826,"label":"LUXTAR"},{"value":2823,"label":"Luxtar - \u00d6vriga produkter"},{"value":2536,"label":"Tillbeh\u00f6r"},{"value":390,"label":"Installation"}],"pa_storlek-mm":[{"value":857,"label":"157x182x3"}]},"featured_image_src_large":["https:\/\/xenonkungen.com\/wp-content\/uploads\/2025\/04\/CDzV0pUQ.jpg",600,600,false],"author_info":[],"comment_info":0,"_links":{"self":[{"href":"http:\/\/xenonkungen.com\/es\/wp-json\/wp\/v2\/product\/2768","targetHints":{"allow":["GET"]}}],"collection":[{"href":"http:\/\/xenonkungen.com\/es\/wp-json\/wp\/v2\/product"}],"about":[{"href":"http:\/\/xenonkungen.com\/es\/wp-json\/wp\/v2\/types\/product"}],"replies":[{"embeddable":true,"href":"http:\/\/xenonkungen.com\/es\/wp-json\/wp\/v2\/comments?post=2768"}],"wp:featuredmedia":[{"embeddable":true,"href":"http:\/\/xenonkungen.com\/es\/wp-json\/wp\/v2\/media\/2769"}],"wp:attachment":[{"href":"http:\/\/xenonkungen.com\/es\/wp-json\/wp\/v2\/media?parent=2768"}],"wp:term":[{"taxonomy":"anvandningsomrade","embeddable":true,"href":"http:\/\/xenonkungen.com\/es\/wp-json\/wp\/v2\/anvandningsomrade?post=2768"},{"taxonomy":"bilmarken","embeddable":true,"href":"http:\/\/xenonkungen.com\/es\/wp-json\/wp\/v2\/bilmarken?post=2768"},{"taxonomy":"product_brand","embeddable":true,"href":"http:\/\/xenonkungen.com\/es\/wp-json\/wp\/v2\/product_brand?post=2768"},{"taxonomy":"product_cat","embeddable":true,"href":"http:\/\/xenonkungen.com\/es\/wp-json\/wp\/v2\/product_cat?post=2768"},{"taxonomy":"product_tag","embeddable":true,"href":"http:\/\/xenonkungen.com\/es\/wp-json\/wp\/v2\/product_tag?post=2768"}],"curies":[{"name":"wp","href":"https:\/\/api.w.org\/{rel}","templated":true}]}}