{"id":7612,"date":"2025-04-15T09:57:25","date_gmt":"2025-04-15T09:57:25","guid":{"rendered":"https:\/\/xenonkungen.com\/product\/dashcam-roadsight-50-fs1\/"},"modified":"2025-12-10T14:49:14","modified_gmt":"2025-12-10T13:49:14","slug":"camara-para-salpicadero-roadsight-50-fs1","status":"publish","type":"product","link":"http:\/\/xenonkungen.com\/es\/producto\/camara-para-salpicadero-roadsight-50-fs1\/","title":{"rendered":"Dashcam ROADSIGHT 50 FS1"},"content":{"rendered":"<h1>OSRAM ROADsight 50<\/h1>\n<p>Con una dashcam, puede sentirse seguro al conducir. Con una resoluci\u00f3n de 1440p, 30 fps y una lente de 140 grados, obtendr\u00e1 una vista gran angular de alta calidad de la carretera y podr\u00e1 ver claramente detalles como matr\u00edculas y se\u00f1ales de tr\u00e1fico. Puede acceder f\u00e1cilmente a las im\u00e1genes que pueda necesitar en el futuro con WiFi y OSRAMconnect. Rastrea la ubicaci\u00f3n y la velocidad de tu veh\u00edculo con la funci\u00f3n GPS. Su dise\u00f1o compacto y delgado hace que los conductores no se distraigan con la c\u00e1mara y puedan mantener la vista en la carretera.<\/p>\n<p>Si tu coche recibe un golpe mientras est\u00e1 aparcado, el modo de aparcamiento activa la c\u00e1mara para grabar todo lo que ocurre alrededor de tu coche dentro de un campo de visi\u00f3n de 140\u00b0. Guarda autom\u00e1ticamente las grabaciones de tu dashcam cuando se produzca una colisi\u00f3n para conservar las pruebas para su uso posterior. Almacena hasta 128 GB de v\u00eddeo en una tarjeta SD.<\/p>\n<p>Un soporte magn\u00e9tico y una herramienta para desmontar los accesorios interiores facilitan la instalaci\u00f3n.<br \/>Tarjeta SD no incluida.<\/p>","protected":false},"excerpt":{"rendered":"<p>C\u00e1mara compacta para coche para grabar en alta definici\u00f3n<\/p>","protected":false},"featured_media":7613,"comment_status":"closed","ping_status":"open","template":"","meta":{"_acf_changed":false,"_smort_price_nok":"2051","_smort_price_dkk":"1303","_smort_price_eur":"174.54","_smort_sale_price_nok":"","_smort_sale_price_dkk":"","_smort_sale_price_eur":"","smort_restorder":"","shipmondo_restorder":"","_kad_blocks_custom_css":"","_kad_blocks_head_custom_js":"","_kad_blocks_body_custom_js":"","_kad_blocks_footer_custom_js":"","smort_custom_pricelist_1":"1228.8","smort_custom_pricelist_2":"1228.8","smort_custom_pricelist_3":"1167.36","smort_custom_pricelist_4":"1536","smort_custom_pricelist_5":"1228.8"},"anvandningsomrade":[],"bilmarken":[],"product_brand":[108],"product_cat":[2652,377],"product_tag":[],"class_list":{"0":"post-7612","1":"product","2":"type-product","3":"status-publish","4":"has-post-thumbnail","6":"product_brand-osram","7":"product_cat-dashcam","8":"product_cat-biltillbehor","9":"pa_storlek-mm-195x150x390","11":"first","12":"onbackorder","13":"taxable","14":"shipping-taxable","15":"purchasable","16":"product-type-simple"},"bundled_by":[],"bundle_stock_status":"onbackorder","bundle_stock_quantity":0,"bundle_virtual":false,"bundle_layout":"","bundle_add_to_cart_form_location":"","bundle_editable_in_cart":false,"bundle_sold_individually_context":"","bundle_item_grouping":"","bundle_min_size":"","bundle_max_size":"","bundle_price":[],"bundled_items":[],"bundle_sell_ids":[],"acf":[],"yoast_head":"<!-- This site is optimized with the Yoast SEO plugin v27.0 - https:\/\/yoast.com\/product\/yoast-seo-wordpress\/ -->\n<title>Dashcam ROADSIGHT 50 FS1 - Xenonkungen<\/title>\n<meta name=\"robots\" content=\"index, follow, max-snippet:-1, max-image-preview:large, max-video-preview:-1\" \/>\n<link rel=\"canonical\" href=\"https:\/\/xenonkungen.com\/es\/producto\/camara-para-salpicadero-roadsight-50-fs1\/\" \/>\n<meta property=\"og:locale\" content=\"es_ES\" \/>\n<meta property=\"og:type\" content=\"article\" \/>\n<meta property=\"og:title\" content=\"Dashcam ROADSIGHT 50 FS1 - Xenonkungen\" \/>\n<meta property=\"og:description\" content=\"Kompakt bilkamera f\u00f6r h\u00f6guppl\u00f6st inspelning\" \/>\n<meta property=\"og:url\" content=\"https:\/\/xenonkungen.com\/es\/producto\/camara-para-salpicadero-roadsight-50-fs1\/\" \/>\n<meta property=\"og:site_name\" content=\"Xenonkungen\" \/>\n<meta property=\"article:modified_time\" content=\"2025-12-10T13:49:14+00:00\" \/>\n<meta property=\"og:image\" content=\"https:\/\/xenonkungen.com\/wp-content\/uploads\/2025\/04\/182440537-origpic-a6995c.jpg\" \/>\n\t<meta property=\"og:image:width\" content=\"900\" \/>\n\t<meta property=\"og:image:height\" content=\"900\" \/>\n\t<meta property=\"og:image:type\" content=\"image\/jpeg\" \/>\n<meta name=\"twitter:card\" content=\"summary_large_image\" \/>\n<meta name=\"twitter:label1\" content=\"Tiempo de lectura\" \/>\n\t<meta name=\"twitter:data1\" content=\"1 minuto\" \/>\n<script type=\"application\/ld+json\" class=\"yoast-schema-graph\">{\"@context\":\"https:\/\/schema.org\",\"@graph\":[{\"@type\":\"WebPage\",\"@id\":\"https:\/\/xenonkungen.com\/produkt\/dashcam-roadsight-50-fs1\/\",\"url\":\"https:\/\/xenonkungen.com\/produkt\/dashcam-roadsight-50-fs1\/\",\"name\":\"Dashcam ROADSIGHT 50 FS1 - Xenonkungen\",\"isPartOf\":{\"@id\":\"https:\/\/xenonkungen.com\/#website\"},\"primaryImageOfPage\":{\"@id\":\"https:\/\/xenonkungen.com\/produkt\/dashcam-roadsight-50-fs1\/#primaryimage\"},\"image\":{\"@id\":\"https:\/\/xenonkungen.com\/produkt\/dashcam-roadsight-50-fs1\/#primaryimage\"},\"thumbnailUrl\":\"https:\/\/xenonkungen.com\/wp-content\/uploads\/2025\/04\/182440537-origpic-a6995c.jpg\",\"datePublished\":\"2025-04-15T09:57:25+00:00\",\"dateModified\":\"2025-12-10T13:49:14+00:00\",\"breadcrumb\":{\"@id\":\"https:\/\/xenonkungen.com\/produkt\/dashcam-roadsight-50-fs1\/#breadcrumb\"},\"inLanguage\":\"es\",\"potentialAction\":[{\"@type\":\"ReadAction\",\"target\":[\"https:\/\/xenonkungen.com\/produkt\/dashcam-roadsight-50-fs1\/\"]}]},{\"@type\":\"ImageObject\",\"inLanguage\":\"es\",\"@id\":\"https:\/\/xenonkungen.com\/produkt\/dashcam-roadsight-50-fs1\/#primaryimage\",\"url\":\"https:\/\/xenonkungen.com\/wp-content\/uploads\/2025\/04\/182440537-origpic-a6995c.jpg\",\"contentUrl\":\"https:\/\/xenonkungen.com\/wp-content\/uploads\/2025\/04\/182440537-origpic-a6995c.jpg\",\"width\":900,\"height\":900},{\"@type\":\"BreadcrumbList\",\"@id\":\"https:\/\/xenonkungen.com\/produkt\/dashcam-roadsight-50-fs1\/#breadcrumb\",\"itemListElement\":[{\"@type\":\"ListItem\",\"position\":1,\"name\":\"Hem\",\"item\":\"https:\/\/xenonkungen.com\/\"},{\"@type\":\"ListItem\",\"position\":2,\"name\":\"Shop\",\"item\":\"https:\/\/xenonkungen.com\/shop\/\"},{\"@type\":\"ListItem\",\"position\":3,\"name\":\"Dashcam ROADSIGHT 50 FS1\"}]},{\"@type\":\"WebSite\",\"@id\":\"https:\/\/xenonkungen.com\/#website\",\"url\":\"https:\/\/xenonkungen.com\/\",\"name\":\"Xenonkungen\",\"description\":\"\",\"potentialAction\":[{\"@type\":\"SearchAction\",\"target\":{\"@type\":\"EntryPoint\",\"urlTemplate\":\"https:\/\/xenonkungen.com\/?s={search_term_string}\"},\"query-input\":{\"@type\":\"PropertyValueSpecification\",\"valueRequired\":true,\"valueName\":\"search_term_string\"}}],\"inLanguage\":\"es\"}]}<\/script>\n<!-- \/ Yoast SEO plugin. -->","yoast_head_json":{"title":"C\u00e1mara para salpicadero ROADSIGHT 50 FS1: la reina del xen\u00f3n","robots":{"index":"index","follow":"follow","max-snippet":"max-snippet:-1","max-image-preview":"max-image-preview:large","max-video-preview":"max-video-preview:-1"},"canonical":"https:\/\/xenonkungen.com\/es\/producto\/camara-para-salpicadero-roadsight-50-fs1\/","og_locale":"es_ES","og_type":"article","og_title":"Dashcam ROADSIGHT 50 FS1 - Xenonkungen","og_description":"Kompakt bilkamera f\u00f6r h\u00f6guppl\u00f6st inspelning","og_url":"https:\/\/xenonkungen.com\/es\/producto\/camara-para-salpicadero-roadsight-50-fs1\/","og_site_name":"Xenonkungen","article_modified_time":"2025-12-10T13:49:14+00:00","og_image":[{"width":900,"height":900,"url":"https:\/\/xenonkungen.com\/wp-content\/uploads\/2025\/04\/182440537-origpic-a6995c.jpg","type":"image\/jpeg"}],"twitter_card":"summary_large_image","twitter_misc":{"Tiempo de lectura":"1 minuto"},"schema":{"@context":"https:\/\/schema.org","@graph":[{"@type":"WebPage","@id":"https:\/\/xenonkungen.com\/produkt\/dashcam-roadsight-50-fs1\/","url":"https:\/\/xenonkungen.com\/produkt\/dashcam-roadsight-50-fs1\/","name":"C\u00e1mara para salpicadero ROADSIGHT 50 FS1: la reina del xen\u00f3n","isPartOf":{"@id":"https:\/\/xenonkungen.com\/#website"},"primaryImageOfPage":{"@id":"https:\/\/xenonkungen.com\/produkt\/dashcam-roadsight-50-fs1\/#primaryimage"},"image":{"@id":"https:\/\/xenonkungen.com\/produkt\/dashcam-roadsight-50-fs1\/#primaryimage"},"thumbnailUrl":"https:\/\/xenonkungen.com\/wp-content\/uploads\/2025\/04\/182440537-origpic-a6995c.jpg","datePublished":"2025-04-15T09:57:25+00:00","dateModified":"2025-12-10T13:49:14+00:00","breadcrumb":{"@id":"https:\/\/xenonkungen.com\/produkt\/dashcam-roadsight-50-fs1\/#breadcrumb"},"inLanguage":"es","potentialAction":[{"@type":"ReadAction","target":["https:\/\/xenonkungen.com\/produkt\/dashcam-roadsight-50-fs1\/"]}]},{"@type":"ImageObject","inLanguage":"es","@id":"https:\/\/xenonkungen.com\/produkt\/dashcam-roadsight-50-fs1\/#primaryimage","url":"https:\/\/xenonkungen.com\/wp-content\/uploads\/2025\/04\/182440537-origpic-a6995c.jpg","contentUrl":"https:\/\/xenonkungen.com\/wp-content\/uploads\/2025\/04\/182440537-origpic-a6995c.jpg","width":900,"height":900},{"@type":"BreadcrumbList","@id":"https:\/\/xenonkungen.com\/produkt\/dashcam-roadsight-50-fs1\/#breadcrumb","itemListElement":[{"@type":"ListItem","position":1,"name":"Hem","item":"https:\/\/xenonkungen.com\/"},{"@type":"ListItem","position":2,"name":"Shop","item":"https:\/\/xenonkungen.com\/shop\/"},{"@type":"ListItem","position":3,"name":"Dashcam ROADSIGHT 50 FS1"}]},{"@type":"WebSite","@id":"https:\/\/xenonkungen.com\/#website","url":"https:\/\/xenonkungen.com\/","name":"Xenonkungen","description":"","potentialAction":[{"@type":"SearchAction","target":{"@type":"EntryPoint","urlTemplate":"https:\/\/xenonkungen.com\/?s={search_term_string}"},"query-input":{"@type":"PropertyValueSpecification","valueRequired":true,"valueName":"search_term_string"}}],"inLanguage":"es"}]}},"taxonomy_info":{"product_brand":[{"value":108,"label":"OSRAM"}],"product_cat":[{"value":2652,"label":"Dashcam"},{"value":377,"label":"Biltillbeh\u00f6r"}],"pa_storlek-mm":[{"value":1966,"label":"195x150x390"}]},"featured_image_src_large":["https:\/\/xenonkungen.com\/wp-content\/uploads\/2025\/04\/182440537-origpic-a6995c.jpg",900,900,false],"author_info":[],"comment_info":0,"_links":{"self":[{"href":"http:\/\/xenonkungen.com\/es\/wp-json\/wp\/v2\/product\/7612","targetHints":{"allow":["GET"]}}],"collection":[{"href":"http:\/\/xenonkungen.com\/es\/wp-json\/wp\/v2\/product"}],"about":[{"href":"http:\/\/xenonkungen.com\/es\/wp-json\/wp\/v2\/types\/product"}],"replies":[{"embeddable":true,"href":"http:\/\/xenonkungen.com\/es\/wp-json\/wp\/v2\/comments?post=7612"}],"wp:featuredmedia":[{"embeddable":true,"href":"http:\/\/xenonkungen.com\/es\/wp-json\/wp\/v2\/media\/7613"}],"wp:attachment":[{"href":"http:\/\/xenonkungen.com\/es\/wp-json\/wp\/v2\/media?parent=7612"}],"wp:term":[{"taxonomy":"anvandningsomrade","embeddable":true,"href":"http:\/\/xenonkungen.com\/es\/wp-json\/wp\/v2\/anvandningsomrade?post=7612"},{"taxonomy":"bilmarken","embeddable":true,"href":"http:\/\/xenonkungen.com\/es\/wp-json\/wp\/v2\/bilmarken?post=7612"},{"taxonomy":"product_brand","embeddable":true,"href":"http:\/\/xenonkungen.com\/es\/wp-json\/wp\/v2\/product_brand?post=7612"},{"taxonomy":"product_cat","embeddable":true,"href":"http:\/\/xenonkungen.com\/es\/wp-json\/wp\/v2\/product_cat?post=7612"},{"taxonomy":"product_tag","embeddable":true,"href":"http:\/\/xenonkungen.com\/es\/wp-json\/wp\/v2\/product_tag?post=7612"}],"curies":[{"name":"wp","href":"https:\/\/api.w.org\/{rel}","templated":true}]}}