{"id":25078,"date":"2026-01-23T12:00:23","date_gmt":"2026-01-23T11:00:23","guid":{"rendered":"https:\/\/xenonkungen.com\/?post_type=product&#038;p=25078"},"modified":"2026-05-08T13:31:51","modified_gmt":"2026-05-08T12:31:51","slug":"osram-alkuperainen-festoon-5w-12v","status":"publish","type":"product","link":"http:\/\/xenonkungen.com\/fi\/tuote\/osram-alkuperainen-festoon-5w-12v\/","title":{"rendered":"OSRAM ALKUPER\u00c4INEN FESTOON \u2013 5W \u2013 12V"},"content":{"rendered":"<h3 data-start=\"141\" data-end=\"227\">OSRAM ORIGINAL -valonheittimet \u2013 luotettavaa alkuper\u00e4ist\u00e4 laatua moniin k\u00e4ytt\u00f6tarkoituksiin<\/h3>\n<p data-start=\"229\" data-end=\"520\">Kun sinun on vaihdettava pesukoneen polttimo <strong data-start=\"269\" data-end=\"317\">oikea valo, oikea istuvuus ja pitk\u00e4 kest\u00e4vyys<\/strong> on <strong data-start=\"321\" data-end=\"382\"><span class=\"hover:entity-accent entity-underline inline cursor-pointer align-baseline\"><span class=\"whitespace-normal\">OSRAM<\/span><\/span> ALKUPER\u00c4ISET uppovalaisimet<\/strong> turvallinen ja kustannustehokas valinta. Lamput kest\u00e4v\u00e4t <strong data-start=\"437\" data-end=\"453\">OEM-laatu<\/strong> ja sit\u00e4 k\u00e4ytet\u00e4\u00e4n usein mm. <strong data-start=\"475\" data-end=\"498\">alkuper\u00e4iset varaosat<\/strong> monissa eri ajoneuvoissa.<\/p>\n<p data-start=\"522\" data-end=\"761\">N\u00e4m\u00e4 valonheittimet sopivat moneen k\u00e4ytt\u00f6\u00f6n, kuten <strong data-start=\"588\" data-end=\"661\">rekisterikilven valot, seisontavalot, sis\u00e4valot ja lukuvalot<\/strong>Tuloksena on tasainen ja luotettava valo, joka varmistaa sek\u00e4 toimivuuden ett\u00e4 mukavuuden \u2013 joka p\u00e4iv\u00e4.<\/p>\n<p data-start=\"763\" data-end=\"883\">OSRAM ORIGINAL -polttimoiden avulla saat <strong data-start=\"792\" data-end=\"812\">todistettu ratkaisu<\/strong> joka t\u00e4ytt\u00e4\u00e4 valmistajan vaatimukset ja sopii suoraan ilman muutoksia.<\/p>\n<h4 data-start=\"885\" data-end=\"929\">OSRAM ORIGINAL -valonheittimien edut:<\/h4>\n<ul data-start=\"930\" data-end=\"1129\">\n<li data-start=\"930\" data-end=\"963\">\n<p data-start=\"932\" data-end=\"963\"><strong data-start=\"934\" data-end=\"950\">OEM-laatu<\/strong> OSRAMilta<\/p>\n<\/li>\n<li data-start=\"964\" data-end=\"1003\">\n<p data-start=\"966\" data-end=\"1003\"><strong data-start=\"969\" data-end=\"1001\">Vakaa ja luotettava valokuva<\/strong><\/p>\n<\/li>\n<li data-start=\"1004\" data-end=\"1044\">\n<p data-start=\"1006\" data-end=\"1044\"><strong data-start=\"1009\" data-end=\"1042\">T\u00e4ydellinen alkuper\u00e4isen\u00e4 varaosana<\/strong><\/p>\n<\/li>\n<li data-start=\"1045\" data-end=\"1086\">\n<p data-start=\"1047\" data-end=\"1086\">Sopii useisiin toimintoihin ajoneuvossa<\/p>\n<\/li>\n<li data-start=\"1087\" data-end=\"1129\">\n<p data-start=\"1089\" data-end=\"1129\"><strong data-start=\"1092\" data-end=\"1129\">Kustannustehokas vaihtolamppu<\/strong><\/p>\n<\/li>\n<\/ul>\n<hr data-start=\"1131\" data-end=\"1134\" \/>\n<h3 data-start=\"1136\" data-end=\"1164\">Tekniset tiedot<\/h3>\n<ul data-start=\"1165\" data-end=\"1284\">\n<li data-start=\"1165\" data-end=\"1194\">\n<p data-start=\"1167\" data-end=\"1194\"><strong data-start=\"1167\" data-end=\"1178\">Pohja:<\/strong> SV8.5-8 \/ C5W<\/p>\n<\/li>\n<li data-start=\"1195\" data-end=\"1230\">\n<p data-start=\"1197\" data-end=\"1230\"><strong data-start=\"1197\" data-end=\"1223\">Nimellinen nimellisj\u00e4nnite:<\/strong> 12 V<\/p>\n<\/li>\n<li data-start=\"1231\" data-end=\"1259\">\n<p data-start=\"1233\" data-end=\"1259\"><strong data-start=\"1233\" data-end=\"1253\">Nimellisteho:<\/strong> 5W<\/p>\n<\/li>\n<li data-start=\"1260\" data-end=\"1284\">\n<p data-start=\"1262\" data-end=\"1284\"><strong data-start=\"1262\" data-end=\"1278\">Maksimiteho:<\/strong> 5W<\/p>\n<\/li>\n<\/ul>","protected":false},"excerpt":{"rendered":"<p>OSRAM ORIGINAL spollampor \u2013 p\u00e5litlig originalkvalitet f\u00f6r flera anv\u00e4ndningsomr\u00e5den N\u00e4r du beh\u00f6ver ers\u00e4tta en spollampa med r\u00e4tt ljus, r\u00e4tt passform och l\u00e5ng h\u00e5llbarhet \u00e4r OSRAM ORIGINAL spollampor ett tryggt och kostnadseffektivt val. Lamporna h\u00e5ller OEM-kvalitet och anv\u00e4nds ofta som originalreservdelar i m\u00e5nga olika fordon. Dessa spollampor \u00e4r perfekta f\u00f6r en rad anv\u00e4ndningsomr\u00e5den, s\u00e5som nummerskyltsbelysning, positionsljus, [&hellip;]<\/p>","protected":false},"featured_media":25082,"comment_status":"open","ping_status":"closed","template":"","meta":{"_acf_changed":false,"_smort_price_nok":"15","_smort_price_dkk":"","_smort_price_eur":"","_smort_sale_price_nok":"","_smort_sale_price_dkk":"","_smort_sale_price_eur":"","smort_restorder":"","shipmondo_restorder":"","_kad_blocks_custom_css":"","_kad_blocks_head_custom_js":"","_kad_blocks_body_custom_js":"","_kad_blocks_footer_custom_js":"","smort_custom_pricelist_1":"8.96","smort_custom_pricelist_2":"7.84","smort_custom_pricelist_3":"7.28","smort_custom_pricelist_4":"11.2","smort_custom_pricelist_5":"7.84"},"anvandningsomrade":[],"bilmarken":[],"product_brand":[108],"product_cat":[2452,2459,338],"product_tag":[],"class_list":{"0":"post-25078","1":"product","2":"type-product","3":"status-publish","4":"has-post-thumbnail","6":"product_brand-osram","7":"product_cat-c5w","8":"product_cat-c5w-canbus-diodlampor","9":"product_cat-diodlampor","10":"pa_faktisk-effekts-forbrukning-540","11":"pa_lampsockel-kontakt-c5w","12":"pa_lampsockel-kontakt-sv8-5-8","13":"pa_volt-v-159","15":"first","16":"onbackorder","17":"taxable","18":"shipping-taxable","19":"purchasable","20":"product-type-simple"},"bundled_by":[],"bundle_stock_status":"onbackorder","bundle_stock_quantity":0,"bundle_virtual":false,"bundle_layout":"","bundle_add_to_cart_form_location":"","bundle_editable_in_cart":false,"bundle_sold_individually_context":"","bundle_item_grouping":"","bundle_min_size":"","bundle_max_size":"","bundle_price":[],"bundled_items":[],"bundle_sell_ids":[],"acf":[],"yoast_head":"<!-- This site is optimized with the Yoast SEO plugin v27.0 - https:\/\/yoast.com\/product\/yoast-seo-wordpress\/ -->\n<title>OSRAM ORIGINAL FESTOON - 5W - 12V - Xenonkungen<\/title>\n<meta name=\"robots\" content=\"index, follow, max-snippet:-1, max-image-preview:large, max-video-preview:-1\" \/>\n<link rel=\"canonical\" href=\"https:\/\/xenonkungen.com\/fi\/tuote\/osram-alkuperainen-festoon-5w-12v\/\" \/>\n<meta property=\"og:locale\" content=\"fi_FI\" \/>\n<meta property=\"og:type\" content=\"article\" \/>\n<meta property=\"og:title\" content=\"OSRAM ORIGINAL FESTOON - 5W - 12V - Xenonkungen\" \/>\n<meta property=\"og:description\" content=\"OSRAM ORIGINAL spollampor \u2013 p\u00e5litlig originalkvalitet f\u00f6r flera anv\u00e4ndningsomr\u00e5den N\u00e4r du beh\u00f6ver ers\u00e4tta en spollampa med r\u00e4tt ljus, r\u00e4tt passform och l\u00e5ng h\u00e5llbarhet \u00e4r OSRAM ORIGINAL spollampor ett tryggt och kostnadseffektivt val. Lamporna h\u00e5ller OEM-kvalitet och anv\u00e4nds ofta som originalreservdelar i m\u00e5nga olika fordon. Dessa spollampor \u00e4r perfekta f\u00f6r en rad anv\u00e4ndningsomr\u00e5den, s\u00e5som nummerskyltsbelysning, positionsljus, [&hellip;]\" \/>\n<meta property=\"og:url\" content=\"https:\/\/xenonkungen.com\/fi\/tuote\/osram-alkuperainen-festoon-5w-12v\/\" \/>\n<meta property=\"og:site_name\" content=\"Xenonkungen\" \/>\n<meta property=\"article:modified_time\" content=\"2026-05-08T12:31:51+00:00\" \/>\n<meta property=\"og:image\" content=\"https:\/\/xenonkungen.com\/wp-content\/uploads\/2026\/01\/Small-for-web-and-ppt-BS_C5W_41mm_02.jpg\" \/>\n\t<meta property=\"og:image:width\" content=\"1024\" \/>\n\t<meta property=\"og:image:height\" content=\"1024\" \/>\n\t<meta property=\"og:image:type\" content=\"image\/jpeg\" \/>\n<meta name=\"twitter:card\" content=\"summary_large_image\" \/>\n<meta name=\"twitter:label1\" content=\"Arvioitu lukuaika\" \/>\n\t<meta name=\"twitter:data1\" content=\"1 minuutti\" \/>\n<script type=\"application\/ld+json\" class=\"yoast-schema-graph\">{\"@context\":\"https:\/\/schema.org\",\"@graph\":[{\"@type\":\"WebPage\",\"@id\":\"https:\/\/xenonkungen.com\/produkt\/osram-original-festoon-5w-12v\/\",\"url\":\"https:\/\/xenonkungen.com\/produkt\/osram-original-festoon-5w-12v\/\",\"name\":\"OSRAM ORIGINAL FESTOON - 5W - 12V - Xenonkungen\",\"isPartOf\":{\"@id\":\"https:\/\/xenonkungen.com\/#website\"},\"primaryImageOfPage\":{\"@id\":\"https:\/\/xenonkungen.com\/produkt\/osram-original-festoon-5w-12v\/#primaryimage\"},\"image\":{\"@id\":\"https:\/\/xenonkungen.com\/produkt\/osram-original-festoon-5w-12v\/#primaryimage\"},\"thumbnailUrl\":\"https:\/\/xenonkungen.com\/wp-content\/uploads\/2026\/01\/Small-for-web-and-ppt-BS_C5W_41mm_02.jpg\",\"datePublished\":\"2026-01-23T11:00:23+00:00\",\"dateModified\":\"2026-05-08T12:31:51+00:00\",\"breadcrumb\":{\"@id\":\"https:\/\/xenonkungen.com\/produkt\/osram-original-festoon-5w-12v\/#breadcrumb\"},\"inLanguage\":\"fi\",\"potentialAction\":[{\"@type\":\"ReadAction\",\"target\":[\"https:\/\/xenonkungen.com\/produkt\/osram-original-festoon-5w-12v\/\"]}]},{\"@type\":\"ImageObject\",\"inLanguage\":\"fi\",\"@id\":\"https:\/\/xenonkungen.com\/produkt\/osram-original-festoon-5w-12v\/#primaryimage\",\"url\":\"https:\/\/xenonkungen.com\/wp-content\/uploads\/2026\/01\/Small-for-web-and-ppt-BS_C5W_41mm_02.jpg\",\"contentUrl\":\"https:\/\/xenonkungen.com\/wp-content\/uploads\/2026\/01\/Small-for-web-and-ppt-BS_C5W_41mm_02.jpg\",\"width\":1024,\"height\":1024},{\"@type\":\"BreadcrumbList\",\"@id\":\"https:\/\/xenonkungen.com\/produkt\/osram-original-festoon-5w-12v\/#breadcrumb\",\"itemListElement\":[{\"@type\":\"ListItem\",\"position\":1,\"name\":\"Hem\",\"item\":\"https:\/\/xenonkungen.com\/\"},{\"@type\":\"ListItem\",\"position\":2,\"name\":\"Shop\",\"item\":\"https:\/\/xenonkungen.com\/shop\/\"},{\"@type\":\"ListItem\",\"position\":3,\"name\":\"OSRAM ORIGINAL FESTOON &#8211; 5W &#8211; 12V\"}]},{\"@type\":\"WebSite\",\"@id\":\"https:\/\/xenonkungen.com\/#website\",\"url\":\"https:\/\/xenonkungen.com\/\",\"name\":\"Xenonkungen\",\"description\":\"\",\"potentialAction\":[{\"@type\":\"SearchAction\",\"target\":{\"@type\":\"EntryPoint\",\"urlTemplate\":\"https:\/\/xenonkungen.com\/?s={search_term_string}\"},\"query-input\":{\"@type\":\"PropertyValueSpecification\",\"valueRequired\":true,\"valueName\":\"search_term_string\"}}],\"inLanguage\":\"fi\"}]}<\/script>\n<!-- \/ Yoast SEO plugin. -->","yoast_head_json":{"title":"OSRAM ORIGINAL FESTOON - 5W - 12V - Ksenonkuningas","robots":{"index":"index","follow":"follow","max-snippet":"max-snippet:-1","max-image-preview":"max-image-preview:large","max-video-preview":"max-video-preview:-1"},"canonical":"https:\/\/xenonkungen.com\/fi\/tuote\/osram-alkuperainen-festoon-5w-12v\/","og_locale":"fi_FI","og_type":"article","og_title":"OSRAM ORIGINAL FESTOON - 5W - 12V - Xenonkungen","og_description":"OSRAM ORIGINAL spollampor \u2013 p\u00e5litlig originalkvalitet f\u00f6r flera anv\u00e4ndningsomr\u00e5den N\u00e4r du beh\u00f6ver ers\u00e4tta en spollampa med r\u00e4tt ljus, r\u00e4tt passform och l\u00e5ng h\u00e5llbarhet \u00e4r OSRAM ORIGINAL spollampor ett tryggt och kostnadseffektivt val. Lamporna h\u00e5ller OEM-kvalitet och anv\u00e4nds ofta som originalreservdelar i m\u00e5nga olika fordon. Dessa spollampor \u00e4r perfekta f\u00f6r en rad anv\u00e4ndningsomr\u00e5den, s\u00e5som nummerskyltsbelysning, positionsljus, [&hellip;]","og_url":"https:\/\/xenonkungen.com\/fi\/tuote\/osram-alkuperainen-festoon-5w-12v\/","og_site_name":"Xenonkungen","article_modified_time":"2026-05-08T12:31:51+00:00","og_image":[{"width":1024,"height":1024,"url":"https:\/\/xenonkungen.com\/wp-content\/uploads\/2026\/01\/Small-for-web-and-ppt-BS_C5W_41mm_02.jpg","type":"image\/jpeg"}],"twitter_card":"summary_large_image","twitter_misc":{"Arvioitu lukuaika":"1 minuutti"},"schema":{"@context":"https:\/\/schema.org","@graph":[{"@type":"WebPage","@id":"https:\/\/xenonkungen.com\/produkt\/osram-original-festoon-5w-12v\/","url":"https:\/\/xenonkungen.com\/produkt\/osram-original-festoon-5w-12v\/","name":"OSRAM ORIGINAL FESTOON - 5W - 12V - Ksenonkuningas","isPartOf":{"@id":"https:\/\/xenonkungen.com\/#website"},"primaryImageOfPage":{"@id":"https:\/\/xenonkungen.com\/produkt\/osram-original-festoon-5w-12v\/#primaryimage"},"image":{"@id":"https:\/\/xenonkungen.com\/produkt\/osram-original-festoon-5w-12v\/#primaryimage"},"thumbnailUrl":"https:\/\/xenonkungen.com\/wp-content\/uploads\/2026\/01\/Small-for-web-and-ppt-BS_C5W_41mm_02.jpg","datePublished":"2026-01-23T11:00:23+00:00","dateModified":"2026-05-08T12:31:51+00:00","breadcrumb":{"@id":"https:\/\/xenonkungen.com\/produkt\/osram-original-festoon-5w-12v\/#breadcrumb"},"inLanguage":"fi","potentialAction":[{"@type":"ReadAction","target":["https:\/\/xenonkungen.com\/produkt\/osram-original-festoon-5w-12v\/"]}]},{"@type":"ImageObject","inLanguage":"fi","@id":"https:\/\/xenonkungen.com\/produkt\/osram-original-festoon-5w-12v\/#primaryimage","url":"https:\/\/xenonkungen.com\/wp-content\/uploads\/2026\/01\/Small-for-web-and-ppt-BS_C5W_41mm_02.jpg","contentUrl":"https:\/\/xenonkungen.com\/wp-content\/uploads\/2026\/01\/Small-for-web-and-ppt-BS_C5W_41mm_02.jpg","width":1024,"height":1024},{"@type":"BreadcrumbList","@id":"https:\/\/xenonkungen.com\/produkt\/osram-original-festoon-5w-12v\/#breadcrumb","itemListElement":[{"@type":"ListItem","position":1,"name":"Hem","item":"https:\/\/xenonkungen.com\/"},{"@type":"ListItem","position":2,"name":"Shop","item":"https:\/\/xenonkungen.com\/shop\/"},{"@type":"ListItem","position":3,"name":"OSRAM ORIGINAL FESTOON &#8211; 5W &#8211; 12V"}]},{"@type":"WebSite","@id":"https:\/\/xenonkungen.com\/#website","url":"https:\/\/xenonkungen.com\/","name":"Xenonkungen","description":"","potentialAction":[{"@type":"SearchAction","target":{"@type":"EntryPoint","urlTemplate":"https:\/\/xenonkungen.com\/?s={search_term_string}"},"query-input":{"@type":"PropertyValueSpecification","valueRequired":true,"valueName":"search_term_string"}}],"inLanguage":"fi"}]}},"taxonomy_info":{"product_brand":[{"value":108,"label":"OSRAM"}],"product_cat":[{"value":2452,"label":"C5W"},{"value":2459,"label":"C5W"},{"value":338,"label":"Diodlampor"}],"pa_faktisk-effekts-forbrukning":[{"value":540,"label":"5"}],"pa_lampsockel-kontakt":[{"value":380,"label":"C5W"},{"value":2747,"label":"SV8.5-8"}],"pa_volt-v":[{"value":159,"label":"12"}]},"featured_image_src_large":["https:\/\/xenonkungen.com\/wp-content\/uploads\/2026\/01\/Small-for-web-and-ppt-BS_C5W_41mm_02.jpg",1024,1024,false],"author_info":[],"comment_info":0,"_links":{"self":[{"href":"http:\/\/xenonkungen.com\/fi\/wp-json\/wp\/v2\/product\/25078","targetHints":{"allow":["GET"]}}],"collection":[{"href":"http:\/\/xenonkungen.com\/fi\/wp-json\/wp\/v2\/product"}],"about":[{"href":"http:\/\/xenonkungen.com\/fi\/wp-json\/wp\/v2\/types\/product"}],"replies":[{"embeddable":true,"href":"http:\/\/xenonkungen.com\/fi\/wp-json\/wp\/v2\/comments?post=25078"}],"wp:featuredmedia":[{"embeddable":true,"href":"http:\/\/xenonkungen.com\/fi\/wp-json\/wp\/v2\/media\/25082"}],"wp:attachment":[{"href":"http:\/\/xenonkungen.com\/fi\/wp-json\/wp\/v2\/media?parent=25078"}],"wp:term":[{"taxonomy":"anvandningsomrade","embeddable":true,"href":"http:\/\/xenonkungen.com\/fi\/wp-json\/wp\/v2\/anvandningsomrade?post=25078"},{"taxonomy":"bilmarken","embeddable":true,"href":"http:\/\/xenonkungen.com\/fi\/wp-json\/wp\/v2\/bilmarken?post=25078"},{"taxonomy":"product_brand","embeddable":true,"href":"http:\/\/xenonkungen.com\/fi\/wp-json\/wp\/v2\/product_brand?post=25078"},{"taxonomy":"product_cat","embeddable":true,"href":"http:\/\/xenonkungen.com\/fi\/wp-json\/wp\/v2\/product_cat?post=25078"},{"taxonomy":"product_tag","embeddable":true,"href":"http:\/\/xenonkungen.com\/fi\/wp-json\/wp\/v2\/product_tag?post=25078"}],"curies":[{"name":"wp","href":"https:\/\/api.w.org\/{rel}","templated":true}]}}