{"id":26848,"date":"2026-02-27T08:43:34","date_gmt":"2026-02-27T07:43:34","guid":{"rendered":"https:\/\/xenonkungen.com\/?post_type=product&#038;p=26848"},"modified":"2026-04-11T01:49:36","modified_gmt":"2026-04-11T00:49:36","slug":"kiintea-lisavalo-irrotettava-o60mm-3mm-musta-yleismalli","status":"publish","type":"product","link":"http:\/\/xenonkungen.com\/fi\/tuote\/kiintea-lisavalo-irrotettava-o60mm-3mm-musta-yleismalli\/","title":{"rendered":"Lis\u00e4valon kiinnike Irrotettava \u00d860mm 3mm Musta, Yleismalli"},"content":{"rendered":"<h2 data-start=\"640\" data-end=\"683\">Vakaa ja turvallinen kiinnitys lis\u00e4valoille<\/h2>\n<p data-start=\"685\" data-end=\"964\">T\u00e4m\u00e4 \u00d860 mm:n lis\u00e4valon kiinnike on valmistettu 3 mm paksusta ruostumattomasta ter\u00e4ksest\u00e4 (T304) ja tarjoaa vakaan ja t\u00e4rin\u00e4tt\u00f6m\u00e4n kiinnityksen lis\u00e4valoille. Vankka rakenne yhdistettyn\u00e4 mustaan pulverimaalaukseen tarjoaa sek\u00e4 kest\u00e4vyytt\u00e4 ett\u00e4 tyylikk\u00e4\u00e4n ulkon\u00e4\u00f6n, joka sopii moderneihin keulakaareihin.<\/p>\n<p data-start=\"966\" data-end=\"1147\">Irrotettava kiinnike sopii asennettavaksi \u00d860\u201363 mm:n putkiin. 50 mm:n leveys tarjoaa turvallisen asennuspinnan ja vakaan sijoituksen lis\u00e4valolle tai LED-rampille.<\/p>\n<h2 data-start=\"1149\" data-end=\"1185\">Mukautettu tiettyihin etukaariin<\/h2>\n<p data-start=\"1187\" data-end=\"1206\">T\u00e4m\u00e4 kiinnike sopii:<\/p>\n<ul data-start=\"1208\" data-end=\"1297\">\n<li data-start=\"1208\" data-end=\"1248\">\n<p data-start=\"1210\" data-end=\"1248\">Yl\u00e4tukivarren muotoilu \u201dPIENEMPI\u201d (ei alatukivarsi)<\/p>\n<\/li>\n<li data-start=\"1249\" data-end=\"1297\">\n<p data-start=\"1251\" data-end=\"1297\">EU-etuputket \u00d860 mm yl\u00e4tukivarrella (ei \u00d870 mm)<\/p>\n<\/li>\n<\/ul>\n<p data-start=\"1299\" data-end=\"1380\">Ei sovi muihin malleihin eik\u00e4 EU-etuputkiin, joissa on \u00d870 mm yl\u00e4putket.<\/p>\n<p data-start=\"1382\" data-end=\"1631\">Huomioithan, ett\u00e4 \u201dSTOR TRIO\u201d -rakenteella (\u00d860 mm putki) varustetuissa keulakaareissa on jo kolme hitsattua kiinnikett\u00e4 lis\u00e4valoja varten. Sinun ei siis tarvitse t\u00e4ydent\u00e4\u00e4 t\u00e4t\u00e4 kiinnikett\u00e4, ellet aio asentaa yli kolmea lis\u00e4valoa tai esimerkiksi ylim\u00e4\u00e4r\u00e4ist\u00e4 LED-valopalkkia.<\/p>\n<h2 data-start=\"1633\" data-end=\"1661\">Materiaalit ja rakenne<\/h2>\n<p data-start=\"1663\" data-end=\"1895\">Kiinnike on valmistettu T304-luokan ruostumattomasta ter\u00e4ksest\u00e4, joka on eritt\u00e4in kest\u00e4v\u00e4 ruosteelle ja korroosiolle. Vankan rakenteensa ansiosta se sopii sek\u00e4 henkil\u00f6autoihin ett\u00e4 kuljetusajoneuvoihin, joita k\u00e4ytet\u00e4\u00e4n ankarissa s\u00e4\u00e4olosuhteissa.<\/p>\n<p data-start=\"1897\" data-end=\"1912\">Myyd\u00e4\u00e4n yksitellen.<\/p>","protected":false},"excerpt":{"rendered":"<p>Vakaa ja mustaksi maalattu lis\u00e4valon kiinnike 3 mm:n ruostumattomasta ter\u00e4ksest\u00e4 asennettavaksi \u00d860\u201363 mm:n putkiin. Irrotettava rakenne sopii t\u00e4ydellisesti etulokasuoriin, joissa on \u00d860 mm:n yl\u00e4tukivarsi.<\/p>","protected":false},"featured_media":26849,"comment_status":"open","ping_status":"closed","template":"","meta":{"_acf_changed":false,"_smort_price_nok":"545","_smort_price_dkk":"","_smort_price_eur":"","_smort_sale_price_nok":"","_smort_sale_price_dkk":"","_smort_sale_price_eur":"","smort_restorder":"","shipmondo_restorder":"","_kad_blocks_custom_css":"","_kad_blocks_head_custom_js":"","_kad_blocks_body_custom_js":"","_kad_blocks_footer_custom_js":"","smort_custom_pricelist_1":"408","smort_custom_pricelist_2":"408","smort_custom_pricelist_3":"408","smort_custom_pricelist_4":"408","smort_custom_pricelist_5":"408"},"anvandningsomrade":[],"bilmarken":[],"product_brand":[113],"product_cat":[2461,2537,810,390],"product_tag":[],"class_list":{"0":"post-26848","1":"product","2":"type-product","3":"status-publish","4":"has-post-thumbnail","6":"product_brand-vool","7":"product_cat-fasten-installation","8":"product_cat-fasten-ledramper","9":"product_cat-fasten","10":"product_cat-installation","12":"first","13":"instock","14":"taxable","15":"shipping-taxable","16":"purchasable","17":"product-type-simple"},"bundled_by":[],"bundle_stock_status":"instock","bundle_stock_quantity":1,"bundle_virtual":false,"bundle_layout":"","bundle_add_to_cart_form_location":"","bundle_editable_in_cart":false,"bundle_sold_individually_context":"","bundle_item_grouping":"","bundle_min_size":"","bundle_max_size":"","bundle_price":[],"bundled_items":[],"bundle_sell_ids":[],"acf":[],"yoast_head":"<!-- This site is optimized with the Yoast SEO plugin v27.0 - https:\/\/yoast.com\/product\/yoast-seo-wordpress\/ -->\n<title>F\u00e4ste Extraljus Avtagbart \u00d860mm 3mm Svart, Universal - Xenonkungen Avtagbart F\u00e4ste Extraljus \u00d860mm 3mm Svart - Xenonkungen<\/title>\n<meta name=\"description\" content=\"K\u00f6p avtagbart f\u00e4ste f\u00f6r extraljus \u00d860mm i 3mm svartlackerat st\u00e5l. Stabil och s\u00e4ker montering. Snabb leverans. \u00d6ppet k\u00f6p 30 dagar. Handla enkelt p\u00e5 xenonkungen.com!\" \/>\n<meta name=\"robots\" content=\"index, follow, max-snippet:-1, max-image-preview:large, max-video-preview:-1\" \/>\n<link rel=\"canonical\" href=\"https:\/\/xenonkungen.com\/fi\/tuote\/kiintea-lisavalo-irrotettava-o60mm-3mm-musta-yleismalli\/\" \/>\n<meta property=\"og:locale\" content=\"fi_FI\" \/>\n<meta property=\"og:type\" content=\"article\" \/>\n<meta property=\"og:title\" content=\"F\u00e4ste Extraljus Avtagbart \u00d860mm 3mm Svart, Universal - Xenonkungen Avtagbart F\u00e4ste Extraljus \u00d860mm 3mm Svart - Xenonkungen\" \/>\n<meta property=\"og:description\" content=\"K\u00f6p avtagbart f\u00e4ste f\u00f6r extraljus \u00d860mm i 3mm svartlackerat st\u00e5l. Stabil och s\u00e4ker montering. Snabb leverans. \u00d6ppet k\u00f6p 30 dagar. Handla enkelt p\u00e5 xenonkungen.com!\" \/>\n<meta property=\"og:url\" content=\"https:\/\/xenonkungen.com\/fi\/tuote\/kiintea-lisavalo-irrotettava-o60mm-3mm-musta-yleismalli\/\" \/>\n<meta property=\"og:site_name\" content=\"Xenonkungen\" \/>\n<meta property=\"article:modified_time\" content=\"2026-04-11T00:49:36+00:00\" \/>\n<meta property=\"og:image\" content=\"https:\/\/xenonkungen.com\/wp-content\/uploads\/2026\/02\/199356479-origpic-658dc2.jpg\" \/>\n\t<meta property=\"og:image:width\" content=\"1000\" \/>\n\t<meta property=\"og:image:height\" content=\"800\" \/>\n\t<meta property=\"og:image:type\" content=\"image\/jpeg\" \/>\n<meta name=\"twitter:card\" content=\"summary_large_image\" \/>\n<meta name=\"twitter:label1\" content=\"Arvioitu lukuaika\" \/>\n\t<meta name=\"twitter:data1\" content=\"2 minuuttia\" \/>\n<script type=\"application\/ld+json\" class=\"yoast-schema-graph\">{\"@context\":\"https:\/\/schema.org\",\"@graph\":[{\"@type\":\"WebPage\",\"@id\":\"https:\/\/xenonkungen.com\/produkt\/faste-extraljus-avtagbart-o60mm-3mm-svart-universal\/\",\"url\":\"https:\/\/xenonkungen.com\/produkt\/faste-extraljus-avtagbart-o60mm-3mm-svart-universal\/\",\"name\":\"F\u00e4ste Extraljus Avtagbart \u00d860mm 3mm Svart, Universal - Xenonkungen Avtagbart F\u00e4ste Extraljus \u00d860mm 3mm Svart - Xenonkungen\",\"isPartOf\":{\"@id\":\"https:\/\/xenonkungen.com\/#website\"},\"primaryImageOfPage\":{\"@id\":\"https:\/\/xenonkungen.com\/produkt\/faste-extraljus-avtagbart-o60mm-3mm-svart-universal\/#primaryimage\"},\"image\":{\"@id\":\"https:\/\/xenonkungen.com\/produkt\/faste-extraljus-avtagbart-o60mm-3mm-svart-universal\/#primaryimage\"},\"thumbnailUrl\":\"https:\/\/xenonkungen.com\/wp-content\/uploads\/2026\/02\/199356479-origpic-658dc2.jpg\",\"datePublished\":\"2026-02-27T07:43:34+00:00\",\"dateModified\":\"2026-04-11T00:49:36+00:00\",\"description\":\"K\u00f6p avtagbart f\u00e4ste f\u00f6r extraljus \u00d860mm i 3mm svartlackerat st\u00e5l. Stabil och s\u00e4ker montering. Snabb leverans. \u00d6ppet k\u00f6p 30 dagar. Handla enkelt p\u00e5 xenonkungen.com!\",\"breadcrumb\":{\"@id\":\"https:\/\/xenonkungen.com\/produkt\/faste-extraljus-avtagbart-o60mm-3mm-svart-universal\/#breadcrumb\"},\"inLanguage\":\"fi\",\"potentialAction\":[{\"@type\":\"ReadAction\",\"target\":[\"https:\/\/xenonkungen.com\/produkt\/faste-extraljus-avtagbart-o60mm-3mm-svart-universal\/\"]}]},{\"@type\":\"ImageObject\",\"inLanguage\":\"fi\",\"@id\":\"https:\/\/xenonkungen.com\/produkt\/faste-extraljus-avtagbart-o60mm-3mm-svart-universal\/#primaryimage\",\"url\":\"https:\/\/xenonkungen.com\/wp-content\/uploads\/2026\/02\/199356479-origpic-658dc2.jpg\",\"contentUrl\":\"https:\/\/xenonkungen.com\/wp-content\/uploads\/2026\/02\/199356479-origpic-658dc2.jpg\",\"width\":1000,\"height\":800},{\"@type\":\"BreadcrumbList\",\"@id\":\"https:\/\/xenonkungen.com\/produkt\/faste-extraljus-avtagbart-o60mm-3mm-svart-universal\/#breadcrumb\",\"itemListElement\":[{\"@type\":\"ListItem\",\"position\":1,\"name\":\"Hem\",\"item\":\"https:\/\/xenonkungen.com\/\"},{\"@type\":\"ListItem\",\"position\":2,\"name\":\"Shop\",\"item\":\"https:\/\/xenonkungen.com\/shop\/\"},{\"@type\":\"ListItem\",\"position\":3,\"name\":\"F\u00e4ste Extraljus Avtagbart \u00d860mm 3mm Svart, Universal\"}]},{\"@type\":\"WebSite\",\"@id\":\"https:\/\/xenonkungen.com\/#website\",\"url\":\"https:\/\/xenonkungen.com\/\",\"name\":\"Xenonkungen\",\"description\":\"\",\"potentialAction\":[{\"@type\":\"SearchAction\",\"target\":{\"@type\":\"EntryPoint\",\"urlTemplate\":\"https:\/\/xenonkungen.com\/?s={search_term_string}\"},\"query-input\":{\"@type\":\"PropertyValueSpecification\",\"valueRequired\":true,\"valueName\":\"search_term_string\"}}],\"inLanguage\":\"fi\"}]}<\/script>\n<!-- \/ Yoast SEO plugin. -->","yoast_head_json":{"title":"Lis\u00e4valon kiinnike Irrotettava \u00d860mm 3mm Musta, Yleismalli - Xenonkungen Irrotettava Lis\u00e4valon kiinnike \u00d860mm 3mm Musta - Xenonkungen","description":"Osta irrotettava kiinnike lis\u00e4valoille \u00d860 mm, valmistettu 3 mm mustaksi maalatusta ter\u00e4ksest\u00e4. Vakaa ja turvallinen asennus. Nopea toimitus. Ostoaika 30 p\u00e4iv\u00e4\u00e4. Osta helposti osoitteessa xenonkungen.com!","robots":{"index":"index","follow":"follow","max-snippet":"max-snippet:-1","max-image-preview":"max-image-preview:large","max-video-preview":"max-video-preview:-1"},"canonical":"https:\/\/xenonkungen.com\/fi\/tuote\/kiintea-lisavalo-irrotettava-o60mm-3mm-musta-yleismalli\/","og_locale":"fi_FI","og_type":"article","og_title":"F\u00e4ste Extraljus Avtagbart \u00d860mm 3mm Svart, Universal - Xenonkungen Avtagbart F\u00e4ste Extraljus \u00d860mm 3mm Svart - Xenonkungen","og_description":"K\u00f6p avtagbart f\u00e4ste f\u00f6r extraljus \u00d860mm i 3mm svartlackerat st\u00e5l. Stabil och s\u00e4ker montering. Snabb leverans. \u00d6ppet k\u00f6p 30 dagar. Handla enkelt p\u00e5 xenonkungen.com!","og_url":"https:\/\/xenonkungen.com\/fi\/tuote\/kiintea-lisavalo-irrotettava-o60mm-3mm-musta-yleismalli\/","og_site_name":"Xenonkungen","article_modified_time":"2026-04-11T00:49:36+00:00","og_image":[{"width":1000,"height":800,"url":"https:\/\/xenonkungen.com\/wp-content\/uploads\/2026\/02\/199356479-origpic-658dc2.jpg","type":"image\/jpeg"}],"twitter_card":"summary_large_image","twitter_misc":{"Arvioitu lukuaika":"2 minuuttia"},"schema":{"@context":"https:\/\/schema.org","@graph":[{"@type":"WebPage","@id":"https:\/\/xenonkungen.com\/produkt\/faste-extraljus-avtagbart-o60mm-3mm-svart-universal\/","url":"https:\/\/xenonkungen.com\/produkt\/faste-extraljus-avtagbart-o60mm-3mm-svart-universal\/","name":"Lis\u00e4valon kiinnike Irrotettava \u00d860mm 3mm Musta, Yleismalli - Xenonkungen Irrotettava Lis\u00e4valon kiinnike \u00d860mm 3mm Musta - Xenonkungen","isPartOf":{"@id":"https:\/\/xenonkungen.com\/#website"},"primaryImageOfPage":{"@id":"https:\/\/xenonkungen.com\/produkt\/faste-extraljus-avtagbart-o60mm-3mm-svart-universal\/#primaryimage"},"image":{"@id":"https:\/\/xenonkungen.com\/produkt\/faste-extraljus-avtagbart-o60mm-3mm-svart-universal\/#primaryimage"},"thumbnailUrl":"https:\/\/xenonkungen.com\/wp-content\/uploads\/2026\/02\/199356479-origpic-658dc2.jpg","datePublished":"2026-02-27T07:43:34+00:00","dateModified":"2026-04-11T00:49:36+00:00","description":"Osta irrotettava kiinnike lis\u00e4valoille \u00d860 mm, valmistettu 3 mm mustaksi maalatusta ter\u00e4ksest\u00e4. Vakaa ja turvallinen asennus. Nopea toimitus. Ostoaika 30 p\u00e4iv\u00e4\u00e4. Osta helposti osoitteessa xenonkungen.com!","breadcrumb":{"@id":"https:\/\/xenonkungen.com\/produkt\/faste-extraljus-avtagbart-o60mm-3mm-svart-universal\/#breadcrumb"},"inLanguage":"fi","potentialAction":[{"@type":"ReadAction","target":["https:\/\/xenonkungen.com\/produkt\/faste-extraljus-avtagbart-o60mm-3mm-svart-universal\/"]}]},{"@type":"ImageObject","inLanguage":"fi","@id":"https:\/\/xenonkungen.com\/produkt\/faste-extraljus-avtagbart-o60mm-3mm-svart-universal\/#primaryimage","url":"https:\/\/xenonkungen.com\/wp-content\/uploads\/2026\/02\/199356479-origpic-658dc2.jpg","contentUrl":"https:\/\/xenonkungen.com\/wp-content\/uploads\/2026\/02\/199356479-origpic-658dc2.jpg","width":1000,"height":800},{"@type":"BreadcrumbList","@id":"https:\/\/xenonkungen.com\/produkt\/faste-extraljus-avtagbart-o60mm-3mm-svart-universal\/#breadcrumb","itemListElement":[{"@type":"ListItem","position":1,"name":"Hem","item":"https:\/\/xenonkungen.com\/"},{"@type":"ListItem","position":2,"name":"Shop","item":"https:\/\/xenonkungen.com\/shop\/"},{"@type":"ListItem","position":3,"name":"F\u00e4ste Extraljus Avtagbart \u00d860mm 3mm Svart, Universal"}]},{"@type":"WebSite","@id":"https:\/\/xenonkungen.com\/#website","url":"https:\/\/xenonkungen.com\/","name":"Xenonkungen","description":"","potentialAction":[{"@type":"SearchAction","target":{"@type":"EntryPoint","urlTemplate":"https:\/\/xenonkungen.com\/?s={search_term_string}"},"query-input":{"@type":"PropertyValueSpecification","valueRequired":true,"valueName":"search_term_string"}}],"inLanguage":"fi"}]}},"taxonomy_info":{"product_brand":[{"value":113,"label":"Vool"}],"product_cat":[{"value":2461,"label":"F\u00e4sten"},{"value":2537,"label":"F\u00e4sten"},{"value":810,"label":"F\u00e4sten"},{"value":390,"label":"Installation"}]},"featured_image_src_large":["https:\/\/xenonkungen.com\/wp-content\/uploads\/2026\/02\/199356479-origpic-658dc2.jpg",1000,800,false],"author_info":[],"comment_info":0,"_links":{"self":[{"href":"http:\/\/xenonkungen.com\/fi\/wp-json\/wp\/v2\/product\/26848","targetHints":{"allow":["GET"]}}],"collection":[{"href":"http:\/\/xenonkungen.com\/fi\/wp-json\/wp\/v2\/product"}],"about":[{"href":"http:\/\/xenonkungen.com\/fi\/wp-json\/wp\/v2\/types\/product"}],"replies":[{"embeddable":true,"href":"http:\/\/xenonkungen.com\/fi\/wp-json\/wp\/v2\/comments?post=26848"}],"wp:featuredmedia":[{"embeddable":true,"href":"http:\/\/xenonkungen.com\/fi\/wp-json\/wp\/v2\/media\/26849"}],"wp:attachment":[{"href":"http:\/\/xenonkungen.com\/fi\/wp-json\/wp\/v2\/media?parent=26848"}],"wp:term":[{"taxonomy":"anvandningsomrade","embeddable":true,"href":"http:\/\/xenonkungen.com\/fi\/wp-json\/wp\/v2\/anvandningsomrade?post=26848"},{"taxonomy":"bilmarken","embeddable":true,"href":"http:\/\/xenonkungen.com\/fi\/wp-json\/wp\/v2\/bilmarken?post=26848"},{"taxonomy":"product_brand","embeddable":true,"href":"http:\/\/xenonkungen.com\/fi\/wp-json\/wp\/v2\/product_brand?post=26848"},{"taxonomy":"product_cat","embeddable":true,"href":"http:\/\/xenonkungen.com\/fi\/wp-json\/wp\/v2\/product_cat?post=26848"},{"taxonomy":"product_tag","embeddable":true,"href":"http:\/\/xenonkungen.com\/fi\/wp-json\/wp\/v2\/product_tag?post=26848"}],"curies":[{"name":"wp","href":"https:\/\/api.w.org\/{rel}","templated":true}]}}