{"id":17941,"date":"2025-11-12T14:50:19","date_gmt":"2025-11-12T13:50:19","guid":{"rendered":"https:\/\/xenonkungen.com\/?post_type=product&#038;p=17941"},"modified":"2026-04-10T23:44:58","modified_gmt":"2026-04-10T22:44:58","slug":"luxtar-neonlux-t10-w5w-canbus-blant-andre","status":"publish","type":"product","link":"http:\/\/xenonkungen.com\/no\/produkt\/luxtar-neonlux-t10-w5w-canbus-blant-andre\/","title":{"rendered":"Luxtar NeonLux | T10 W5W | Canbus | Bl\u00e5"},"content":{"rendered":"<h2 data-start=\"67\" data-end=\"112\"><strong data-start=\"71\" data-end=\"112\">Luxtar NeonLux Bl\u00e5 \u2013 T10 W5W Canbus 9-40V<\/strong><\/h2>\n<p data-start=\"114\" data-end=\"531\"><strong data-start=\"114\" data-end=\"141\">Lys. Livlig. Filmatisk.<\/strong><br data-start=\"141\" data-end=\"144\" \/>M\u00f8t den nye generasjonen av ambient LED-p\u00e6rer.<br data-start=\"184\" data-end=\"187\" \/>Luxtar NeonLux leverer en ultraren neongl\u00f8d med rike, intense farger \u2013 designet for \u00e5 forvandle atmosf\u00e6ren og l\u00f8fte hver kj\u00f8retur.<br data-start=\"336\" data-end=\"339\" \/>Fra subtil luksus til dristige futuristiske effekter \u2013 du velger f\u00f8lelsen.<br data-start=\"409\" data-end=\"412\" \/>Dette er ikke bare en lampeoppgradering\u2026<br data-start=\"451\" data-end=\"454\" \/>Dette er identitet. Dette er atmosf\u00e6re. Dette er din filmatiske kj\u00f8reopplevelse.<\/p>\n<hr data-start=\"533\" data-end=\"536\" \/>\n<h3 data-start=\"538\" data-end=\"561\"><strong data-start=\"542\" data-end=\"561\">Viktigste egenskaper<\/strong><\/h3>\n<p data-start=\"562\" data-end=\"875\">\u2022 T10 W5W Canbus 9\u201340V \u2013 Fungerer i b\u00e5de 12V og 24V systemer (biler + lastebiler)<br data-start=\"641\" data-end=\"644\" \/>\u2022 Premium SMD LED-brikkesett \u2013 H\u00f8yere lysstyrke og rent lysbilde<br data-start=\"705\" data-end=\"708\" \/>\u2022 Ekte livlige fargetoner \u2013 Neonlignende gl\u00f8d, elegant og stilig<br data-start=\"774\" data-end=\"777\" \/>\u2022 Canbus-kompatibel \u2013 Utviklet for de fleste moderne kj\u00f8ret\u00f8y<br data-start=\"836\" data-end=\"839\" \/>\u2022 2 \u00e5rs garanti \u2013 Innebygd trygghet<\/p>\n<hr data-start=\"877\" data-end=\"880\" \/>\n<h3 data-start=\"882\" data-end=\"914\"><strong data-start=\"886\" data-end=\"914\">Spesifikasjoner<\/strong><\/h3>\n<p>Effekt: 1,9 W<br \/>\nLysstr\u00f8m: 130 lm<br \/>\nSpenning: 9\u201340 V likestr\u00f8m<br \/>\nCanbus: Ja<br \/>\nFarge: Bl\u00e5<br \/>\nGaranti: 2 \u00e5r<\/p>\n<hr data-start=\"1123\" data-end=\"1126\" \/>\n<h3 data-start=\"1128\" data-end=\"1157\"><strong data-start=\"1132\" data-end=\"1157\">Hvorfor velge NeonLux?<\/strong><\/h3>\n<p data-start=\"1158\" data-end=\"1431\">NeonLux gir mer enn bare lys \u2013 det skaper atmosf\u00e6re.<br data-start=\"1209\" data-end=\"1212\" \/>Gl\u00f8den omslutter kupeen i en eksklusiv, filmatisk atmosf\u00e6re \u2013 og forvandler til og med en kort nattekj\u00f8ring til en scene fra en musikkvideo.<br data-start=\"1330\" data-end=\"1333\" \/>Perfekt for fotbelysning, innvendige aksenter, posisjonsbelysning og showinspirert stemningsbelysning.<\/p>\n<p data-start=\"1433\" data-end=\"1473\">Oppgrader f\u00f8lelsen \u2013 ikke bare lyset.<\/p>\n<p data-start=\"1475\" data-end=\"1558\">\u2022 Enest\u00e5ende atmosf\u00e6re<br data-start=\"1497\" data-end=\"1500\" \/>\u2022 Premiumf\u00f8lelse i interi\u00f8ret<br data-start=\"1528\" data-end=\"1531\" \/>\u2022 Et inntrykk som fester seg<\/p>","protected":false},"excerpt":{"rendered":"<p>Luxtar NeonLux Bl\u00e5 \u2013 T10 W5W Canbus 9\u201340V Ljus. Livfull. Filmisk.M\u00f6t den nya generationen av ambient LED.Luxtar NeonLux levererar ett ultrarent neongl\u00f6dande ljus med rika, intensiva f\u00e4rger \u2013 utvecklad f\u00f6r att f\u00f6rvandla atmosf\u00e4ren och lyfta varje k\u00f6rning.Fr\u00e5n subtil lyx till dj\u00e4rva futuristiska effekter \u2013 du v\u00e4ljer k\u00e4nslan.Detta \u00e4r inte bara en lampuppgradering\u2026Detta \u00e4r identitet. Detta [&hellip;]<\/p>","protected":false},"featured_media":17943,"comment_status":"open","ping_status":"closed","template":"","meta":{"_acf_changed":false,"_smort_price_nok":"208","_smort_price_dkk":"","_smort_price_eur":"","_smort_sale_price_nok":"","_smort_sale_price_dkk":"","_smort_sale_price_eur":"","smort_restorder":"","shipmondo_restorder":"","_kad_blocks_custom_css":"","_kad_blocks_head_custom_js":"","_kad_blocks_body_custom_js":"","_kad_blocks_footer_custom_js":"","smort_custom_pricelist_1":"124.8","smort_custom_pricelist_2":"109.2","smort_custom_pricelist_3":"101.4","smort_custom_pricelist_4":"156","smort_custom_pricelist_5":"109.2"},"anvandningsomrade":[],"bilmarken":[],"product_brand":[103],"product_cat":[3017,2826,2825,2533,338],"product_tag":[],"class_list":{"0":"post-17941","1":"product","2":"type-product","3":"status-publish","4":"has-post-thumbnail","6":"product_brand-luxtar","7":"product_cat-led-interiorbelysning","8":"product_cat-luxtar","9":"product_cat-luxtar-lampor-konvertering","10":"product_cat-t10-diodlampor","11":"product_cat-diodlampor","13":"first","14":"instock","15":"taxable","16":"shipping-taxable","17":"purchasable","18":"product-type-simple"},"bundled_by":[],"bundle_stock_status":"instock","bundle_stock_quantity":244,"bundle_virtual":false,"bundle_layout":"","bundle_add_to_cart_form_location":"","bundle_editable_in_cart":false,"bundle_sold_individually_context":"","bundle_item_grouping":"","bundle_min_size":"","bundle_max_size":"","bundle_price":[],"bundled_items":[],"bundle_sell_ids":[],"acf":[],"yoast_head":"<!-- This site is optimized with the Yoast SEO plugin v27.0 - https:\/\/yoast.com\/product\/yoast-seo-wordpress\/ -->\n<title>Luxtar NeonLux | T10 W5W | Canbus | Bl\u00e5 - Xenonkungen<\/title>\n<meta name=\"robots\" content=\"index, follow, max-snippet:-1, max-image-preview:large, max-video-preview:-1\" \/>\n<link rel=\"canonical\" href=\"https:\/\/xenonkungen.com\/no\/produkt\/luxtar-neonlux-t10-w5w-canbus-blant-andre\/\" \/>\n<meta property=\"og:locale\" content=\"nb_NO\" \/>\n<meta property=\"og:type\" content=\"article\" \/>\n<meta property=\"og:title\" content=\"Luxtar NeonLux | T10 W5W | Canbus | Bl\u00e5 - Xenonkungen\" \/>\n<meta property=\"og:description\" content=\"Luxtar NeonLux Bl\u00e5 \u2013 T10 W5W Canbus 9\u201340V Ljus. Livfull. Filmisk.M\u00f6t den nya generationen av ambient LED.Luxtar NeonLux levererar ett ultrarent neongl\u00f6dande ljus med rika, intensiva f\u00e4rger \u2013 utvecklad f\u00f6r att f\u00f6rvandla atmosf\u00e4ren och lyfta varje k\u00f6rning.Fr\u00e5n subtil lyx till dj\u00e4rva futuristiska effekter \u2013 du v\u00e4ljer k\u00e4nslan.Detta \u00e4r inte bara en lampuppgradering\u2026Detta \u00e4r identitet. Detta [&hellip;]\" \/>\n<meta property=\"og:url\" content=\"https:\/\/xenonkungen.com\/no\/produkt\/luxtar-neonlux-t10-w5w-canbus-blant-andre\/\" \/>\n<meta property=\"og:site_name\" content=\"Xenonkungen\" \/>\n<meta property=\"article:modified_time\" content=\"2026-04-10T22:44:58+00:00\" \/>\n<meta property=\"og:image\" content=\"https:\/\/xenonkungen.com\/wp-content\/uploads\/2025\/11\/Luxtar-NeonLux-T10-W5W-1.9W-Canbus-ArtNr-151138-BLUE-XK259810-2000px-PNNG.png\" \/>\n\t<meta property=\"og:image:width\" content=\"1500\" \/>\n\t<meta property=\"og:image:height\" content=\"1245\" \/>\n\t<meta property=\"og:image:type\" content=\"image\/png\" \/>\n<meta name=\"twitter:card\" content=\"summary_large_image\" \/>\n<meta name=\"twitter:label1\" content=\"Ansl. lesetid\" \/>\n\t<meta name=\"twitter:data1\" content=\"2 minutter\" \/>\n<script type=\"application\/ld+json\" class=\"yoast-schema-graph\">{\"@context\":\"https:\/\/schema.org\",\"@graph\":[{\"@type\":\"WebPage\",\"@id\":\"https:\/\/xenonkungen.com\/produkt\/luxtar-neonlux-t10-w5w-canbus-bla\/\",\"url\":\"https:\/\/xenonkungen.com\/produkt\/luxtar-neonlux-t10-w5w-canbus-bla\/\",\"name\":\"Luxtar NeonLux | T10 W5W | Canbus | Bl\u00e5 - Xenonkungen\",\"isPartOf\":{\"@id\":\"https:\/\/xenonkungen.com\/#website\"},\"primaryImageOfPage\":{\"@id\":\"https:\/\/xenonkungen.com\/produkt\/luxtar-neonlux-t10-w5w-canbus-bla\/#primaryimage\"},\"image\":{\"@id\":\"https:\/\/xenonkungen.com\/produkt\/luxtar-neonlux-t10-w5w-canbus-bla\/#primaryimage\"},\"thumbnailUrl\":\"https:\/\/xenonkungen.com\/wp-content\/uploads\/2025\/11\/Luxtar-NeonLux-T10-W5W-1.9W-Canbus-ArtNr-151138-BLUE-XK259810-2000px-PNNG.png\",\"datePublished\":\"2025-11-12T13:50:19+00:00\",\"dateModified\":\"2026-04-10T22:44:58+00:00\",\"breadcrumb\":{\"@id\":\"https:\/\/xenonkungen.com\/produkt\/luxtar-neonlux-t10-w5w-canbus-bla\/#breadcrumb\"},\"inLanguage\":\"nb-NO\",\"potentialAction\":[{\"@type\":\"ReadAction\",\"target\":[\"https:\/\/xenonkungen.com\/produkt\/luxtar-neonlux-t10-w5w-canbus-bla\/\"]}]},{\"@type\":\"ImageObject\",\"inLanguage\":\"nb-NO\",\"@id\":\"https:\/\/xenonkungen.com\/produkt\/luxtar-neonlux-t10-w5w-canbus-bla\/#primaryimage\",\"url\":\"https:\/\/xenonkungen.com\/wp-content\/uploads\/2025\/11\/Luxtar-NeonLux-T10-W5W-1.9W-Canbus-ArtNr-151138-BLUE-XK259810-2000px-PNNG.png\",\"contentUrl\":\"https:\/\/xenonkungen.com\/wp-content\/uploads\/2025\/11\/Luxtar-NeonLux-T10-W5W-1.9W-Canbus-ArtNr-151138-BLUE-XK259810-2000px-PNNG.png\",\"width\":1500,\"height\":1245},{\"@type\":\"BreadcrumbList\",\"@id\":\"https:\/\/xenonkungen.com\/produkt\/luxtar-neonlux-t10-w5w-canbus-bla\/#breadcrumb\",\"itemListElement\":[{\"@type\":\"ListItem\",\"position\":1,\"name\":\"Hem\",\"item\":\"https:\/\/xenonkungen.com\/\"},{\"@type\":\"ListItem\",\"position\":2,\"name\":\"Shop\",\"item\":\"https:\/\/xenonkungen.com\/shop\/\"},{\"@type\":\"ListItem\",\"position\":3,\"name\":\"Luxtar NeonLux | T10 W5W | Canbus | Bl\u00e5\"}]},{\"@type\":\"WebSite\",\"@id\":\"https:\/\/xenonkungen.com\/#website\",\"url\":\"https:\/\/xenonkungen.com\/\",\"name\":\"Xenonkungen\",\"description\":\"\",\"potentialAction\":[{\"@type\":\"SearchAction\",\"target\":{\"@type\":\"EntryPoint\",\"urlTemplate\":\"https:\/\/xenonkungen.com\/?s={search_term_string}\"},\"query-input\":{\"@type\":\"PropertyValueSpecification\",\"valueRequired\":true,\"valueName\":\"search_term_string\"}}],\"inLanguage\":\"nb-NO\"}]}<\/script>\n<!-- \/ Yoast SEO plugin. -->","yoast_head_json":{"title":"Luxtar NeonLux | T10 W5W | Canbus | Bl\u00e5 - Xenon-kongen","robots":{"index":"index","follow":"follow","max-snippet":"max-snippet:-1","max-image-preview":"max-image-preview:large","max-video-preview":"max-video-preview:-1"},"canonical":"https:\/\/xenonkungen.com\/no\/produkt\/luxtar-neonlux-t10-w5w-canbus-blant-andre\/","og_locale":"nb_NO","og_type":"article","og_title":"Luxtar NeonLux | T10 W5W | Canbus | Bl\u00e5 - Xenonkungen","og_description":"Luxtar NeonLux Bl\u00e5 \u2013 T10 W5W Canbus 9\u201340V Ljus. Livfull. Filmisk.M\u00f6t den nya generationen av ambient LED.Luxtar NeonLux levererar ett ultrarent neongl\u00f6dande ljus med rika, intensiva f\u00e4rger \u2013 utvecklad f\u00f6r att f\u00f6rvandla atmosf\u00e4ren och lyfta varje k\u00f6rning.Fr\u00e5n subtil lyx till dj\u00e4rva futuristiska effekter \u2013 du v\u00e4ljer k\u00e4nslan.Detta \u00e4r inte bara en lampuppgradering\u2026Detta \u00e4r identitet. Detta [&hellip;]","og_url":"https:\/\/xenonkungen.com\/no\/produkt\/luxtar-neonlux-t10-w5w-canbus-blant-andre\/","og_site_name":"Xenonkungen","article_modified_time":"2026-04-10T22:44:58+00:00","og_image":[{"width":1500,"height":1245,"url":"https:\/\/xenonkungen.com\/wp-content\/uploads\/2025\/11\/Luxtar-NeonLux-T10-W5W-1.9W-Canbus-ArtNr-151138-BLUE-XK259810-2000px-PNNG.png","type":"image\/png"}],"twitter_card":"summary_large_image","twitter_misc":{"Ansl. lesetid":"2 minutter"},"schema":{"@context":"https:\/\/schema.org","@graph":[{"@type":"WebPage","@id":"https:\/\/xenonkungen.com\/produkt\/luxtar-neonlux-t10-w5w-canbus-bla\/","url":"https:\/\/xenonkungen.com\/produkt\/luxtar-neonlux-t10-w5w-canbus-bla\/","name":"Luxtar NeonLux | T10 W5W | Canbus | Bl\u00e5 - Xenon-kongen","isPartOf":{"@id":"https:\/\/xenonkungen.com\/#website"},"primaryImageOfPage":{"@id":"https:\/\/xenonkungen.com\/produkt\/luxtar-neonlux-t10-w5w-canbus-bla\/#primaryimage"},"image":{"@id":"https:\/\/xenonkungen.com\/produkt\/luxtar-neonlux-t10-w5w-canbus-bla\/#primaryimage"},"thumbnailUrl":"https:\/\/xenonkungen.com\/wp-content\/uploads\/2025\/11\/Luxtar-NeonLux-T10-W5W-1.9W-Canbus-ArtNr-151138-BLUE-XK259810-2000px-PNNG.png","datePublished":"2025-11-12T13:50:19+00:00","dateModified":"2026-04-10T22:44:58+00:00","breadcrumb":{"@id":"https:\/\/xenonkungen.com\/produkt\/luxtar-neonlux-t10-w5w-canbus-bla\/#breadcrumb"},"inLanguage":"nb-NO","potentialAction":[{"@type":"ReadAction","target":["https:\/\/xenonkungen.com\/produkt\/luxtar-neonlux-t10-w5w-canbus-bla\/"]}]},{"@type":"ImageObject","inLanguage":"nb-NO","@id":"https:\/\/xenonkungen.com\/produkt\/luxtar-neonlux-t10-w5w-canbus-bla\/#primaryimage","url":"https:\/\/xenonkungen.com\/wp-content\/uploads\/2025\/11\/Luxtar-NeonLux-T10-W5W-1.9W-Canbus-ArtNr-151138-BLUE-XK259810-2000px-PNNG.png","contentUrl":"https:\/\/xenonkungen.com\/wp-content\/uploads\/2025\/11\/Luxtar-NeonLux-T10-W5W-1.9W-Canbus-ArtNr-151138-BLUE-XK259810-2000px-PNNG.png","width":1500,"height":1245},{"@type":"BreadcrumbList","@id":"https:\/\/xenonkungen.com\/produkt\/luxtar-neonlux-t10-w5w-canbus-bla\/#breadcrumb","itemListElement":[{"@type":"ListItem","position":1,"name":"Hem","item":"https:\/\/xenonkungen.com\/"},{"@type":"ListItem","position":2,"name":"Shop","item":"https:\/\/xenonkungen.com\/shop\/"},{"@type":"ListItem","position":3,"name":"Luxtar NeonLux | T10 W5W | Canbus | Bl\u00e5"}]},{"@type":"WebSite","@id":"https:\/\/xenonkungen.com\/#website","url":"https:\/\/xenonkungen.com\/","name":"Xenonkungen","description":"","potentialAction":[{"@type":"SearchAction","target":{"@type":"EntryPoint","urlTemplate":"https:\/\/xenonkungen.com\/?s={search_term_string}"},"query-input":{"@type":"PropertyValueSpecification","valueRequired":true,"valueName":"search_term_string"}}],"inLanguage":"nb-NO"}]}},"taxonomy_info":{"product_brand":[{"value":103,"label":"LUXTAR"}],"product_cat":[{"value":3017,"label":"LED Interi\u00f6rbelysning (personbil)"},{"value":2826,"label":"LUXTAR"},{"value":2825,"label":"Luxtar - Lampor &amp; Konvertering"},{"value":2533,"label":"T10"},{"value":338,"label":"Diodlampor"}]},"featured_image_src_large":["https:\/\/xenonkungen.com\/wp-content\/uploads\/2025\/11\/Luxtar-NeonLux-T10-W5W-1.9W-Canbus-ArtNr-151138-BLUE-XK259810-2000px-PNNG-1024x850.png",1024,850,true],"author_info":[],"comment_info":0,"_links":{"self":[{"href":"http:\/\/xenonkungen.com\/no\/wp-json\/wp\/v2\/product\/17941","targetHints":{"allow":["GET"]}}],"collection":[{"href":"http:\/\/xenonkungen.com\/no\/wp-json\/wp\/v2\/product"}],"about":[{"href":"http:\/\/xenonkungen.com\/no\/wp-json\/wp\/v2\/types\/product"}],"replies":[{"embeddable":true,"href":"http:\/\/xenonkungen.com\/no\/wp-json\/wp\/v2\/comments?post=17941"}],"wp:featuredmedia":[{"embeddable":true,"href":"http:\/\/xenonkungen.com\/no\/wp-json\/wp\/v2\/media\/17943"}],"wp:attachment":[{"href":"http:\/\/xenonkungen.com\/no\/wp-json\/wp\/v2\/media?parent=17941"}],"wp:term":[{"taxonomy":"anvandningsomrade","embeddable":true,"href":"http:\/\/xenonkungen.com\/no\/wp-json\/wp\/v2\/anvandningsomrade?post=17941"},{"taxonomy":"bilmarken","embeddable":true,"href":"http:\/\/xenonkungen.com\/no\/wp-json\/wp\/v2\/bilmarken?post=17941"},{"taxonomy":"product_brand","embeddable":true,"href":"http:\/\/xenonkungen.com\/no\/wp-json\/wp\/v2\/product_brand?post=17941"},{"taxonomy":"product_cat","embeddable":true,"href":"http:\/\/xenonkungen.com\/no\/wp-json\/wp\/v2\/product_cat?post=17941"},{"taxonomy":"product_tag","embeddable":true,"href":"http:\/\/xenonkungen.com\/no\/wp-json\/wp\/v2\/product_tag?post=17941"}],"curies":[{"name":"wp","href":"https:\/\/api.w.org\/{rel}","templated":true}]}}