{"id":20972,"date":"2025-12-12T15:08:14","date_gmt":"2025-12-12T14:08:14","guid":{"rendered":"https:\/\/xenonkungen.com\/?post_type=product&#038;p=20972"},"modified":"2026-04-16T03:21:48","modified_gmt":"2026-04-16T02:21:48","slug":"osram-dekktetningssett-essensielt","status":"publish","type":"product","link":"http:\/\/xenonkungen.com\/no\/produkt\/osram-dekktetningssett-essensielt\/","title":{"rendered":"OSRAM Dekktetningssett Essential"},"content":{"rendered":"<h3 data-start=\"106\" data-end=\"138\">OSRAM DEKKTETNINGSSETT ESSENTIAL<\/h3>\n<p data-start=\"140\" data-end=\"405\"><strong data-start=\"140\" data-end=\"172\">OSRAM DEKKTETNINGSSETT ESSENTIAL<\/strong> er en hendig og p\u00e5litelig n\u00f8dl\u00f8sning ved punktering \u2013 perfekt \u00e5 ha i bilen. Settet inneholder <strong data-start=\"272\" data-end=\"300\">450 ml dekkforsegling<\/strong> s\u00e5 vel som en <strong data-start=\"309\" data-end=\"338\">analog premiumkompressor<\/strong>, utviklet i henhold til OE-spesifikasjon med moderne partikkelgelteknologi.<\/p>\n<p data-start=\"407\" data-end=\"705\">Tetningsmiddelet reparerer punkteringer opptil <strong data-start=\"450\" data-end=\"458\">6 mm<\/strong> og gj\u00f8r det mulig \u00e5 fortsette \u00e5 kj\u00f8re i opptil <strong data-start=\"506\" data-end=\"516\">200 km<\/strong>, slik at du trygt kan komme deg til destinasjonen din eller n\u00e6rmeste verksted for dekkskift. Ingen jekk eller verkt\u00f8y n\u00f8dvendig \u2013 reparasjonen er rask, enkel og tar <strong data-start=\"680\" data-end=\"704\">mindre enn 10 minutter<\/strong>.<\/p>\n<p data-start=\"707\" data-end=\"980\">Settet leveres med en praktisk borrel\u00e5sl\u00f8sning, som betyr at det sitter trygt i bagasjerommet. Den medf\u00f8lgende kompressoren har <strong data-start=\"855\" data-end=\"890\">lange kabler og ventiladaptere<\/strong>, noe som gj\u00f8r den ogs\u00e5 nyttig for sykler, luftmadrasser og andre oppbl\u00e5sbare produkter.<\/p>\n<p data-start=\"982\" data-end=\"1270\">Tetningsmiddelet er trygt \u00e5 bruke med <strong data-start=\"1023\" data-end=\"1040\">TPMS-ventiler<\/strong>, ettersom den er konstruert for \u00e5 str\u00f8mme gjennom ventilen uten behov for \u00e5 fjerne ventilinnsatsen. N\u00e5r dekket er fjernet, kan tetningsmiddelet enkelt skylles ut for permanent reparasjon. L\u00f8sningen er ogs\u00e5 <strong data-start=\"1242\" data-end=\"1269\">giftfri og milj\u00f8vennlig<\/strong>.<\/p>\n<p data-start=\"1272\" data-end=\"1642\">\u2022 Reparasjon av punkteringer opptil 6 mm<br data-start=\"1311\" data-end=\"1314\" \/>\u2022 Kj\u00f8rbar i opptil 200 km etter reparasjon<br data-start=\"1352\" data-end=\"1355\" \/>\u2022 Rask og enkel reparasjon p\u00e5 under 10 minutter<br data-start=\"1403\" data-end=\"1406\" \/>\u2022 Ingen jekk eller verkt\u00f8y n\u00f8dvendig<br data-start=\"1442\" data-end=\"1445\" \/>\u2022 Trygg for TPMS-ventiler<br data-start=\"1470\" data-end=\"1473\" \/>\u2022 Lett \u00e5 vaske ut for permanent reparasjon<br data-start=\"1515\" data-end=\"1518\" data-is-only-node=\"\" \/>\u2022 Giftfri og milj\u00f8vennlig l\u00f8sning<br data-start=\"1551\" data-end=\"1554\" \/>\u2022 Praktisk oppbevaring med borrel\u00e5s<br data-start=\"1588\" data-end=\"1591\" \/>\u2022 Langtrekkende kompressor med flere adaptere<\/p>\n<p data-start=\"1644\" data-end=\"1767\" data-is-last-node=\"\" data-is-only-node=\"\">Et smart og trygt valg for alle bileiere \u2013 <strong data-start=\"1689\" data-end=\"1721\">OSRAM DEKKTETNINGSSETT ESSENTIAL<\/strong> holder deg i gang n\u00e5r du virkelig trenger det.<\/p>","protected":false},"excerpt":{"rendered":"<p>OSRAM TYREseal KIT ESSENTIAL OSRAM TYREseal KIT ESSENTIAL \u00e4r en smidig och p\u00e5litlig n\u00f6dl\u00f6sning vid punktering \u2013 perfekt att ha med i bilen. Kitet inneh\u00e5ller 450 ml d\u00e4ckt\u00e4tningsmedel samt en analog premium-kompressor, utvecklade enligt OE-specifikation med modern partikelgel-teknik. T\u00e4tningsmedlet lagar punkteringar upp till 6 mm och g\u00f6r det m\u00f6jligt att k\u00f6ra vidare i upp till [&hellip;]<\/p>","protected":false},"featured_media":20976,"comment_status":"open","ping_status":"closed","template":"","meta":{"_acf_changed":false,"_smort_price_nok":"529","_smort_price_dkk":"","_smort_price_eur":"","_smort_sale_price_nok":"","_smort_sale_price_dkk":"","_smort_sale_price_eur":"","smort_restorder":"","shipmondo_restorder":"","_kad_blocks_custom_css":"","_kad_blocks_head_custom_js":"","_kad_blocks_body_custom_js":"","_kad_blocks_footer_custom_js":"","smort_custom_pricelist_1":"316.8","smort_custom_pricelist_2":"316.8","smort_custom_pricelist_3":"316.8","smort_custom_pricelist_4":"316.8","smort_custom_pricelist_5":"316.8"},"anvandningsomrade":[],"bilmarken":[],"product_brand":[108],"product_cat":[2653,377],"product_tag":[],"class_list":{"0":"post-20972","1":"product","2":"type-product","3":"status-publish","4":"has-post-thumbnail","6":"product_brand-osram","7":"product_cat-dackpump","8":"product_cat-biltillbehor","10":"first","11":"onbackorder","12":"taxable","13":"shipping-taxable","14":"purchasable","15":"product-type-simple"},"bundled_by":[],"bundle_stock_status":"onbackorder","bundle_stock_quantity":-4,"bundle_virtual":false,"bundle_layout":"","bundle_add_to_cart_form_location":"","bundle_editable_in_cart":false,"bundle_sold_individually_context":"","bundle_item_grouping":"","bundle_min_size":"","bundle_max_size":"","bundle_price":[],"bundled_items":[],"bundle_sell_ids":[],"acf":[],"yoast_head":"<!-- This site is optimized with the Yoast SEO plugin v27.0 - https:\/\/yoast.com\/product\/yoast-seo-wordpress\/ -->\n<title>OSRAM Tyreseal Kit Essential - Xenonkungen<\/title>\n<meta name=\"robots\" content=\"index, follow, max-snippet:-1, max-image-preview:large, max-video-preview:-1\" \/>\n<link rel=\"canonical\" href=\"https:\/\/xenonkungen.com\/no\/produkt\/osram-dekktetningssett-essensielt\/\" \/>\n<meta property=\"og:locale\" content=\"nb_NO\" \/>\n<meta property=\"og:type\" content=\"article\" \/>\n<meta property=\"og:title\" content=\"OSRAM Tyreseal Kit Essential - Xenonkungen\" \/>\n<meta property=\"og:description\" content=\"OSRAM TYREseal KIT ESSENTIAL OSRAM TYREseal KIT ESSENTIAL \u00e4r en smidig och p\u00e5litlig n\u00f6dl\u00f6sning vid punktering \u2013 perfekt att ha med i bilen. Kitet inneh\u00e5ller 450 ml d\u00e4ckt\u00e4tningsmedel samt en analog premium-kompressor, utvecklade enligt OE-specifikation med modern partikelgel-teknik. T\u00e4tningsmedlet lagar punkteringar upp till 6 mm och g\u00f6r det m\u00f6jligt att k\u00f6ra vidare i upp till [&hellip;]\" \/>\n<meta property=\"og:url\" content=\"https:\/\/xenonkungen.com\/no\/produkt\/osram-dekktetningssett-essensielt\/\" \/>\n<meta property=\"og:site_name\" content=\"Xenonkungen\" \/>\n<meta property=\"article:modified_time\" content=\"2026-04-16T02:21:48+00:00\" \/>\n<meta property=\"og:image\" content=\"https:\/\/xenonkungen.com\/wp-content\/uploads\/2025\/12\/Small-for-web-and-ppt-OTSK6ESN_STUDIO_001.jpg\" \/>\n\t<meta property=\"og:image:width\" content=\"1024\" \/>\n\t<meta property=\"og:image:height\" content=\"1024\" \/>\n\t<meta property=\"og:image:type\" content=\"image\/jpeg\" \/>\n<meta name=\"twitter:card\" content=\"summary_large_image\" \/>\n<meta name=\"twitter:label1\" content=\"Ansl. lesetid\" \/>\n\t<meta name=\"twitter:data1\" content=\"2 minutter\" \/>\n<script type=\"application\/ld+json\" class=\"yoast-schema-graph\">{\"@context\":\"https:\/\/schema.org\",\"@graph\":[{\"@type\":\"WebPage\",\"@id\":\"https:\/\/xenonkungen.com\/produkt\/osram-tyreseal-kit-essential\/\",\"url\":\"https:\/\/xenonkungen.com\/produkt\/osram-tyreseal-kit-essential\/\",\"name\":\"OSRAM Tyreseal Kit Essential - Xenonkungen\",\"isPartOf\":{\"@id\":\"https:\/\/xenonkungen.com\/#website\"},\"primaryImageOfPage\":{\"@id\":\"https:\/\/xenonkungen.com\/produkt\/osram-tyreseal-kit-essential\/#primaryimage\"},\"image\":{\"@id\":\"https:\/\/xenonkungen.com\/produkt\/osram-tyreseal-kit-essential\/#primaryimage\"},\"thumbnailUrl\":\"https:\/\/xenonkungen.com\/wp-content\/uploads\/2025\/12\/Small-for-web-and-ppt-OTSK6ESN_STUDIO_001.jpg\",\"datePublished\":\"2025-12-12T14:08:14+00:00\",\"dateModified\":\"2026-04-16T02:21:48+00:00\",\"breadcrumb\":{\"@id\":\"https:\/\/xenonkungen.com\/produkt\/osram-tyreseal-kit-essential\/#breadcrumb\"},\"inLanguage\":\"nb-NO\",\"potentialAction\":[{\"@type\":\"ReadAction\",\"target\":[\"https:\/\/xenonkungen.com\/produkt\/osram-tyreseal-kit-essential\/\"]}]},{\"@type\":\"ImageObject\",\"inLanguage\":\"nb-NO\",\"@id\":\"https:\/\/xenonkungen.com\/produkt\/osram-tyreseal-kit-essential\/#primaryimage\",\"url\":\"https:\/\/xenonkungen.com\/wp-content\/uploads\/2025\/12\/Small-for-web-and-ppt-OTSK6ESN_STUDIO_001.jpg\",\"contentUrl\":\"https:\/\/xenonkungen.com\/wp-content\/uploads\/2025\/12\/Small-for-web-and-ppt-OTSK6ESN_STUDIO_001.jpg\",\"width\":1024,\"height\":1024},{\"@type\":\"BreadcrumbList\",\"@id\":\"https:\/\/xenonkungen.com\/produkt\/osram-tyreseal-kit-essential\/#breadcrumb\",\"itemListElement\":[{\"@type\":\"ListItem\",\"position\":1,\"name\":\"Hem\",\"item\":\"https:\/\/xenonkungen.com\/\"},{\"@type\":\"ListItem\",\"position\":2,\"name\":\"Shop\",\"item\":\"https:\/\/xenonkungen.com\/shop\/\"},{\"@type\":\"ListItem\",\"position\":3,\"name\":\"OSRAM Tyreseal Kit Essential\"}]},{\"@type\":\"WebSite\",\"@id\":\"https:\/\/xenonkungen.com\/#website\",\"url\":\"https:\/\/xenonkungen.com\/\",\"name\":\"Xenonkungen\",\"description\":\"\",\"potentialAction\":[{\"@type\":\"SearchAction\",\"target\":{\"@type\":\"EntryPoint\",\"urlTemplate\":\"https:\/\/xenonkungen.com\/?s={search_term_string}\"},\"query-input\":{\"@type\":\"PropertyValueSpecification\",\"valueRequired\":true,\"valueName\":\"search_term_string\"}}],\"inLanguage\":\"nb-NO\"}]}<\/script>\n<!-- \/ Yoast SEO plugin. -->","yoast_head_json":{"title":"OSRAM Dekktetningssett Essensielt \u2013 Xenon-kongen","robots":{"index":"index","follow":"follow","max-snippet":"max-snippet:-1","max-image-preview":"max-image-preview:large","max-video-preview":"max-video-preview:-1"},"canonical":"https:\/\/xenonkungen.com\/no\/produkt\/osram-dekktetningssett-essensielt\/","og_locale":"nb_NO","og_type":"article","og_title":"OSRAM Tyreseal Kit Essential - Xenonkungen","og_description":"OSRAM TYREseal KIT ESSENTIAL OSRAM TYREseal KIT ESSENTIAL \u00e4r en smidig och p\u00e5litlig n\u00f6dl\u00f6sning vid punktering \u2013 perfekt att ha med i bilen. Kitet inneh\u00e5ller 450 ml d\u00e4ckt\u00e4tningsmedel samt en analog premium-kompressor, utvecklade enligt OE-specifikation med modern partikelgel-teknik. T\u00e4tningsmedlet lagar punkteringar upp till 6 mm och g\u00f6r det m\u00f6jligt att k\u00f6ra vidare i upp till [&hellip;]","og_url":"https:\/\/xenonkungen.com\/no\/produkt\/osram-dekktetningssett-essensielt\/","og_site_name":"Xenonkungen","article_modified_time":"2026-04-16T02:21:48+00:00","og_image":[{"width":1024,"height":1024,"url":"https:\/\/xenonkungen.com\/wp-content\/uploads\/2025\/12\/Small-for-web-and-ppt-OTSK6ESN_STUDIO_001.jpg","type":"image\/jpeg"}],"twitter_card":"summary_large_image","twitter_misc":{"Ansl. lesetid":"2 minutter"},"schema":{"@context":"https:\/\/schema.org","@graph":[{"@type":"WebPage","@id":"https:\/\/xenonkungen.com\/produkt\/osram-tyreseal-kit-essential\/","url":"https:\/\/xenonkungen.com\/produkt\/osram-tyreseal-kit-essential\/","name":"OSRAM Dekktetningssett Essensielt \u2013 Xenon-kongen","isPartOf":{"@id":"https:\/\/xenonkungen.com\/#website"},"primaryImageOfPage":{"@id":"https:\/\/xenonkungen.com\/produkt\/osram-tyreseal-kit-essential\/#primaryimage"},"image":{"@id":"https:\/\/xenonkungen.com\/produkt\/osram-tyreseal-kit-essential\/#primaryimage"},"thumbnailUrl":"https:\/\/xenonkungen.com\/wp-content\/uploads\/2025\/12\/Small-for-web-and-ppt-OTSK6ESN_STUDIO_001.jpg","datePublished":"2025-12-12T14:08:14+00:00","dateModified":"2026-04-16T02:21:48+00:00","breadcrumb":{"@id":"https:\/\/xenonkungen.com\/produkt\/osram-tyreseal-kit-essential\/#breadcrumb"},"inLanguage":"nb-NO","potentialAction":[{"@type":"ReadAction","target":["https:\/\/xenonkungen.com\/produkt\/osram-tyreseal-kit-essential\/"]}]},{"@type":"ImageObject","inLanguage":"nb-NO","@id":"https:\/\/xenonkungen.com\/produkt\/osram-tyreseal-kit-essential\/#primaryimage","url":"https:\/\/xenonkungen.com\/wp-content\/uploads\/2025\/12\/Small-for-web-and-ppt-OTSK6ESN_STUDIO_001.jpg","contentUrl":"https:\/\/xenonkungen.com\/wp-content\/uploads\/2025\/12\/Small-for-web-and-ppt-OTSK6ESN_STUDIO_001.jpg","width":1024,"height":1024},{"@type":"BreadcrumbList","@id":"https:\/\/xenonkungen.com\/produkt\/osram-tyreseal-kit-essential\/#breadcrumb","itemListElement":[{"@type":"ListItem","position":1,"name":"Hem","item":"https:\/\/xenonkungen.com\/"},{"@type":"ListItem","position":2,"name":"Shop","item":"https:\/\/xenonkungen.com\/shop\/"},{"@type":"ListItem","position":3,"name":"OSRAM Tyreseal Kit Essential"}]},{"@type":"WebSite","@id":"https:\/\/xenonkungen.com\/#website","url":"https:\/\/xenonkungen.com\/","name":"Xenonkungen","description":"","potentialAction":[{"@type":"SearchAction","target":{"@type":"EntryPoint","urlTemplate":"https:\/\/xenonkungen.com\/?s={search_term_string}"},"query-input":{"@type":"PropertyValueSpecification","valueRequired":true,"valueName":"search_term_string"}}],"inLanguage":"nb-NO"}]}},"taxonomy_info":{"product_brand":[{"value":108,"label":"OSRAM"}],"product_cat":[{"value":2653,"label":"D\u00e4ckpump"},{"value":377,"label":"Biltillbeh\u00f6r"}]},"featured_image_src_large":["https:\/\/xenonkungen.com\/wp-content\/uploads\/2025\/12\/Small-for-web-and-ppt-OTSK6ESN_STUDIO_001.jpg",1024,1024,false],"author_info":[],"comment_info":0,"_links":{"self":[{"href":"http:\/\/xenonkungen.com\/no\/wp-json\/wp\/v2\/product\/20972","targetHints":{"allow":["GET"]}}],"collection":[{"href":"http:\/\/xenonkungen.com\/no\/wp-json\/wp\/v2\/product"}],"about":[{"href":"http:\/\/xenonkungen.com\/no\/wp-json\/wp\/v2\/types\/product"}],"replies":[{"embeddable":true,"href":"http:\/\/xenonkungen.com\/no\/wp-json\/wp\/v2\/comments?post=20972"}],"wp:featuredmedia":[{"embeddable":true,"href":"http:\/\/xenonkungen.com\/no\/wp-json\/wp\/v2\/media\/20976"}],"wp:attachment":[{"href":"http:\/\/xenonkungen.com\/no\/wp-json\/wp\/v2\/media?parent=20972"}],"wp:term":[{"taxonomy":"anvandningsomrade","embeddable":true,"href":"http:\/\/xenonkungen.com\/no\/wp-json\/wp\/v2\/anvandningsomrade?post=20972"},{"taxonomy":"bilmarken","embeddable":true,"href":"http:\/\/xenonkungen.com\/no\/wp-json\/wp\/v2\/bilmarken?post=20972"},{"taxonomy":"product_brand","embeddable":true,"href":"http:\/\/xenonkungen.com\/no\/wp-json\/wp\/v2\/product_brand?post=20972"},{"taxonomy":"product_cat","embeddable":true,"href":"http:\/\/xenonkungen.com\/no\/wp-json\/wp\/v2\/product_cat?post=20972"},{"taxonomy":"product_tag","embeddable":true,"href":"http:\/\/xenonkungen.com\/no\/wp-json\/wp\/v2\/product_tag?post=20972"}],"curies":[{"name":"wp","href":"https:\/\/api.w.org\/{rel}","templated":true}]}}