{"id":25032,"date":"2026-01-23T10:31:57","date_gmt":"2026-01-23T09:31:57","guid":{"rendered":"https:\/\/xenonkungen.com\/?post_type=product&#038;p=25032"},"modified":"2026-04-11T01:25:20","modified_gmt":"2026-04-11T00:25:20","slug":"osram-night-breaker-solv-h7-2-pakning","status":"publish","type":"product","link":"http:\/\/xenonkungen.com\/no\/produkt\/osram-night-breaker-solv-h7-2-pakning\/","title":{"rendered":"OSRAM NIGHT BREAKER SILVER \u2013 H7 \u2013 2-pakning"},"content":{"rendered":"<h3 data-start=\"179\" data-end=\"245\">OSRAM NIGHT BREAKER SILVER \u2013 maksimal sikt med lengre levetid<\/h3>\n<p data-start=\"247\" data-end=\"565\">Oppgrader kj\u00f8ringen din med <strong data-start=\"274\" data-end=\"336\"><span class=\"hover:entity-accent entity-underline inline cursor-pointer align-baseline\"><span class=\"whitespace-normal\">OSRAM<\/span><\/span> NATTBREKER S\u00d8LV<\/strong> \u2013 en h\u00f8ytytende halogenlampe som kombinerer <strong data-start=\"385\" data-end=\"443\">kraftig lys, lang rekkevidde og optimalisert levetid<\/strong>Det perfekte valget for sj\u00e5f\u00f8rer som \u00f8nsker \u00e5 se mer, reagere raskere og samtidig f\u00e5 et utmerket pris\/ytelsesforhold.<\/p>\n<p data-start=\"567\" data-end=\"862\">Med <strong data-start=\"571\" data-end=\"598\">opptil 100 % mer lys<\/strong> sammenlignet med den lovbestemte minimumsstandarden og en <strong data-start=\"646\" data-end=\"686\">lysstr\u00e5le som n\u00e5r opptil 130 meter<\/strong>, f\u00e5r du mye bedre oversikt over veien. Veiskilt, hindringer og potensielle farer oppdages tidligere \u2013 noe som gir deg <strong data-start=\"809\" data-end=\"861\">mer tid til \u00e5 handle og \u00f8kt sikkerhet bak rattet<\/strong>.<\/p>\n<p data-start=\"864\" data-end=\"1076\">NIGHT BREAKER SILVER er ogs\u00e5 utviklet for \u00e5 gi <strong data-start=\"918\" data-end=\"973\">best mulig levetid innen h\u00f8ytytende halogenlamper<\/strong>, noe som gj\u00f8r det til et smart valg for de som ikke vil g\u00e5 p\u00e5 akkord med lysstyrke og holdbarhet.<\/p>\n<h4 data-start=\"1078\" data-end=\"1123\">Fordeler med OSRAM NIGHT BREAKER SILVER:<\/h4>\n<ul data-start=\"1124\" data-end=\"1403\">\n<li data-start=\"1124\" data-end=\"1181\">\n<p data-start=\"1126\" data-end=\"1181\"><strong data-start=\"1129\" data-end=\"1156\">Opptil 100 % mer lys<\/strong> enn lovp\u00e5lagt standard<\/p>\n<\/li>\n<li data-start=\"1182\" data-end=\"1238\">\n<p data-start=\"1184\" data-end=\"1238\"><strong data-start=\"1188\" data-end=\"1220\">Opptil 130 m langt lysbilde<\/strong> for bedre sikt<\/p>\n<\/li>\n<li data-start=\"1239\" data-end=\"1295\">\n<p data-start=\"1241\" data-end=\"1295\"><strong data-start=\"1244\" data-end=\"1293\">Optimal balanse mellom ytelse og levetid<\/strong><\/p>\n<\/li>\n<li data-start=\"1296\" data-end=\"1351\">\n<p data-start=\"1298\" data-end=\"1351\"><strong data-start=\"1301\" data-end=\"1333\">Moderne design med s\u00f8lvfarget topp<\/strong><\/p>\n<\/li>\n<li data-start=\"1352\" data-end=\"1403\">\n<p data-start=\"1354\" data-end=\"1403\"><strong data-start=\"1357\" data-end=\"1401\">Sv\u00e6rt sterkt pris\/ytelsesforhold<\/strong><\/p>\n<\/li>\n<\/ul>\n<p data-start=\"1405\" data-end=\"1580\">OSRAM NIGHT BREAKER SILVER er valget for de som krever <strong data-start=\"1460\" data-end=\"1518\">h\u00f8y ytelse, p\u00e5litelig kvalitet og lengre holdbarhet<\/strong> \u2013 uten \u00e5 g\u00e5 helt til de mest ekstreme racinglysene.<\/p>","protected":false},"excerpt":{"rendered":"<p>OSRAM NIGHT BREAKER SILVER \u2013 maximal sikt med l\u00e4ngre livsl\u00e4ngd Uppgradera din k\u00f6rning med OSRAM NIGHT BREAKER SILVER \u2013 en h\u00f6gpresterande halogenlampa som kombinerar kraftfullt ljus, l\u00e5ng r\u00e4ckvidd och optimerad livsl\u00e4ngd. Det perfekta valet f\u00f6r f\u00f6rare som vill se mer, reagera snabbare och samtidigt f\u00e5 ett utm\u00e4rkt pris\/prestanda-f\u00f6rh\u00e5llande. Med upp till 100 % mer ljus [&hellip;]<\/p>","protected":false},"featured_media":25034,"comment_status":"open","ping_status":"closed","template":"","meta":{"_acf_changed":false,"_smort_price_nok":"176","_smort_price_dkk":"","_smort_price_eur":"","_smort_sale_price_nok":"","_smort_sale_price_dkk":"","_smort_sale_price_eur":"","smort_restorder":"","shipmondo_restorder":"","_kad_blocks_custom_css":"","_kad_blocks_head_custom_js":"","_kad_blocks_body_custom_js":"","_kad_blocks_footer_custom_js":"","smort_custom_pricelist_1":"105.6","smort_custom_pricelist_2":"92.4","smort_custom_pricelist_3":"85.8","smort_custom_pricelist_4":"132","smort_custom_pricelist_5":"92.4"},"anvandningsomrade":[],"bilmarken":[],"product_brand":[108],"product_cat":[2543,733],"product_tag":[],"class_list":{"0":"post-25032","1":"product","2":"type-product","3":"status-publish","4":"has-post-thumbnail","6":"product_brand-osram","7":"product_cat-halogen-halvljus-helljus","8":"product_cat-halvljus-helljus","9":"pa_faktisk-effekts-forbrukning-841","10":"pa_lampsockel-kontakt-h7","11":"pa_lampsockel-kontakt-px26d","12":"pa_volt-v-159","14":"first","15":"instock","16":"taxable","17":"shipping-taxable","18":"purchasable","19":"product-type-simple"},"bundled_by":[],"bundle_stock_status":"instock","bundle_stock_quantity":5,"bundle_virtual":false,"bundle_layout":"","bundle_add_to_cart_form_location":"","bundle_editable_in_cart":false,"bundle_sold_individually_context":"","bundle_item_grouping":"","bundle_min_size":"","bundle_max_size":"","bundle_price":[],"bundled_items":[],"bundle_sell_ids":[],"acf":[],"yoast_head":"<!-- This site is optimized with the Yoast SEO plugin v27.0 - https:\/\/yoast.com\/product\/yoast-seo-wordpress\/ -->\n<title>OSRAM NIGHT BREAKER SILVER - H7 - 2-Pack - Xenonkungen<\/title>\n<meta name=\"robots\" content=\"index, follow, max-snippet:-1, max-image-preview:large, max-video-preview:-1\" \/>\n<link rel=\"canonical\" href=\"https:\/\/xenonkungen.com\/no\/produkt\/osram-night-breaker-solv-h7-2-pakning\/\" \/>\n<meta property=\"og:locale\" content=\"nb_NO\" \/>\n<meta property=\"og:type\" content=\"article\" \/>\n<meta property=\"og:title\" content=\"OSRAM NIGHT BREAKER SILVER - H7 - 2-Pack - Xenonkungen\" \/>\n<meta property=\"og:description\" content=\"OSRAM NIGHT BREAKER SILVER \u2013 maximal sikt med l\u00e4ngre livsl\u00e4ngd Uppgradera din k\u00f6rning med OSRAM NIGHT BREAKER SILVER \u2013 en h\u00f6gpresterande halogenlampa som kombinerar kraftfullt ljus, l\u00e5ng r\u00e4ckvidd och optimerad livsl\u00e4ngd. Det perfekta valet f\u00f6r f\u00f6rare som vill se mer, reagera snabbare och samtidigt f\u00e5 ett utm\u00e4rkt pris\/prestanda-f\u00f6rh\u00e5llande. Med upp till 100 % mer ljus [&hellip;]\" \/>\n<meta property=\"og:url\" content=\"https:\/\/xenonkungen.com\/no\/produkt\/osram-night-breaker-solv-h7-2-pakning\/\" \/>\n<meta property=\"og:site_name\" content=\"Xenonkungen\" \/>\n<meta property=\"article:modified_time\" content=\"2026-04-11T00:25:20+00:00\" \/>\n<meta property=\"og:image\" content=\"https:\/\/xenonkungen.com\/wp-content\/uploads\/2026\/01\/Small-for-web-and-ppt-BS_NIGHT_BREAKER_SILVER_H7_64210NBS_2x.jpg\" \/>\n\t<meta property=\"og:image:width\" content=\"1024\" \/>\n\t<meta property=\"og:image:height\" content=\"1024\" \/>\n\t<meta property=\"og:image:type\" content=\"image\/jpeg\" \/>\n<meta name=\"twitter:card\" content=\"summary_large_image\" \/>\n<meta name=\"twitter:label1\" content=\"Ansl. lesetid\" \/>\n\t<meta name=\"twitter:data1\" content=\"2 minutter\" \/>\n<script type=\"application\/ld+json\" class=\"yoast-schema-graph\">{\"@context\":\"https:\/\/schema.org\",\"@graph\":[{\"@type\":\"WebPage\",\"@id\":\"https:\/\/xenonkungen.com\/produkt\/osram-night-breaker-silver-h7-2-pack\/\",\"url\":\"https:\/\/xenonkungen.com\/produkt\/osram-night-breaker-silver-h7-2-pack\/\",\"name\":\"OSRAM NIGHT BREAKER SILVER - H7 - 2-Pack - Xenonkungen\",\"isPartOf\":{\"@id\":\"https:\/\/xenonkungen.com\/#website\"},\"primaryImageOfPage\":{\"@id\":\"https:\/\/xenonkungen.com\/produkt\/osram-night-breaker-silver-h7-2-pack\/#primaryimage\"},\"image\":{\"@id\":\"https:\/\/xenonkungen.com\/produkt\/osram-night-breaker-silver-h7-2-pack\/#primaryimage\"},\"thumbnailUrl\":\"https:\/\/xenonkungen.com\/wp-content\/uploads\/2026\/01\/Small-for-web-and-ppt-BS_NIGHT_BREAKER_SILVER_H7_64210NBS_2x.jpg\",\"datePublished\":\"2026-01-23T09:31:57+00:00\",\"dateModified\":\"2026-04-11T00:25:20+00:00\",\"breadcrumb\":{\"@id\":\"https:\/\/xenonkungen.com\/produkt\/osram-night-breaker-silver-h7-2-pack\/#breadcrumb\"},\"inLanguage\":\"nb-NO\",\"potentialAction\":[{\"@type\":\"ReadAction\",\"target\":[\"https:\/\/xenonkungen.com\/produkt\/osram-night-breaker-silver-h7-2-pack\/\"]}]},{\"@type\":\"ImageObject\",\"inLanguage\":\"nb-NO\",\"@id\":\"https:\/\/xenonkungen.com\/produkt\/osram-night-breaker-silver-h7-2-pack\/#primaryimage\",\"url\":\"https:\/\/xenonkungen.com\/wp-content\/uploads\/2026\/01\/Small-for-web-and-ppt-BS_NIGHT_BREAKER_SILVER_H7_64210NBS_2x.jpg\",\"contentUrl\":\"https:\/\/xenonkungen.com\/wp-content\/uploads\/2026\/01\/Small-for-web-and-ppt-BS_NIGHT_BREAKER_SILVER_H7_64210NBS_2x.jpg\",\"width\":1024,\"height\":1024},{\"@type\":\"BreadcrumbList\",\"@id\":\"https:\/\/xenonkungen.com\/produkt\/osram-night-breaker-silver-h7-2-pack\/#breadcrumb\",\"itemListElement\":[{\"@type\":\"ListItem\",\"position\":1,\"name\":\"Hem\",\"item\":\"https:\/\/xenonkungen.com\/\"},{\"@type\":\"ListItem\",\"position\":2,\"name\":\"Shop\",\"item\":\"https:\/\/xenonkungen.com\/shop\/\"},{\"@type\":\"ListItem\",\"position\":3,\"name\":\"OSRAM NIGHT BREAKER SILVER &#8211; H7 &#8211; 2-Pack\"}]},{\"@type\":\"WebSite\",\"@id\":\"https:\/\/xenonkungen.com\/#website\",\"url\":\"https:\/\/xenonkungen.com\/\",\"name\":\"Xenonkungen\",\"description\":\"\",\"potentialAction\":[{\"@type\":\"SearchAction\",\"target\":{\"@type\":\"EntryPoint\",\"urlTemplate\":\"https:\/\/xenonkungen.com\/?s={search_term_string}\"},\"query-input\":{\"@type\":\"PropertyValueSpecification\",\"valueRequired\":true,\"valueName\":\"search_term_string\"}}],\"inLanguage\":\"nb-NO\"}]}<\/script>\n<!-- \/ Yoast SEO plugin. -->","yoast_head_json":{"title":"OSRAM NIGHT BREAKER SILVER - H7 - 2-pakning - Xenon-kongen","robots":{"index":"index","follow":"follow","max-snippet":"max-snippet:-1","max-image-preview":"max-image-preview:large","max-video-preview":"max-video-preview:-1"},"canonical":"https:\/\/xenonkungen.com\/no\/produkt\/osram-night-breaker-solv-h7-2-pakning\/","og_locale":"nb_NO","og_type":"article","og_title":"OSRAM NIGHT BREAKER SILVER - H7 - 2-Pack - Xenonkungen","og_description":"OSRAM NIGHT BREAKER SILVER \u2013 maximal sikt med l\u00e4ngre livsl\u00e4ngd Uppgradera din k\u00f6rning med OSRAM NIGHT BREAKER SILVER \u2013 en h\u00f6gpresterande halogenlampa som kombinerar kraftfullt ljus, l\u00e5ng r\u00e4ckvidd och optimerad livsl\u00e4ngd. Det perfekta valet f\u00f6r f\u00f6rare som vill se mer, reagera snabbare och samtidigt f\u00e5 ett utm\u00e4rkt pris\/prestanda-f\u00f6rh\u00e5llande. Med upp till 100 % mer ljus [&hellip;]","og_url":"https:\/\/xenonkungen.com\/no\/produkt\/osram-night-breaker-solv-h7-2-pakning\/","og_site_name":"Xenonkungen","article_modified_time":"2026-04-11T00:25:20+00:00","og_image":[{"width":1024,"height":1024,"url":"https:\/\/xenonkungen.com\/wp-content\/uploads\/2026\/01\/Small-for-web-and-ppt-BS_NIGHT_BREAKER_SILVER_H7_64210NBS_2x.jpg","type":"image\/jpeg"}],"twitter_card":"summary_large_image","twitter_misc":{"Ansl. lesetid":"2 minutter"},"schema":{"@context":"https:\/\/schema.org","@graph":[{"@type":"WebPage","@id":"https:\/\/xenonkungen.com\/produkt\/osram-night-breaker-silver-h7-2-pack\/","url":"https:\/\/xenonkungen.com\/produkt\/osram-night-breaker-silver-h7-2-pack\/","name":"OSRAM NIGHT BREAKER SILVER - H7 - 2-pakning - Xenon-kongen","isPartOf":{"@id":"https:\/\/xenonkungen.com\/#website"},"primaryImageOfPage":{"@id":"https:\/\/xenonkungen.com\/produkt\/osram-night-breaker-silver-h7-2-pack\/#primaryimage"},"image":{"@id":"https:\/\/xenonkungen.com\/produkt\/osram-night-breaker-silver-h7-2-pack\/#primaryimage"},"thumbnailUrl":"https:\/\/xenonkungen.com\/wp-content\/uploads\/2026\/01\/Small-for-web-and-ppt-BS_NIGHT_BREAKER_SILVER_H7_64210NBS_2x.jpg","datePublished":"2026-01-23T09:31:57+00:00","dateModified":"2026-04-11T00:25:20+00:00","breadcrumb":{"@id":"https:\/\/xenonkungen.com\/produkt\/osram-night-breaker-silver-h7-2-pack\/#breadcrumb"},"inLanguage":"nb-NO","potentialAction":[{"@type":"ReadAction","target":["https:\/\/xenonkungen.com\/produkt\/osram-night-breaker-silver-h7-2-pack\/"]}]},{"@type":"ImageObject","inLanguage":"nb-NO","@id":"https:\/\/xenonkungen.com\/produkt\/osram-night-breaker-silver-h7-2-pack\/#primaryimage","url":"https:\/\/xenonkungen.com\/wp-content\/uploads\/2026\/01\/Small-for-web-and-ppt-BS_NIGHT_BREAKER_SILVER_H7_64210NBS_2x.jpg","contentUrl":"https:\/\/xenonkungen.com\/wp-content\/uploads\/2026\/01\/Small-for-web-and-ppt-BS_NIGHT_BREAKER_SILVER_H7_64210NBS_2x.jpg","width":1024,"height":1024},{"@type":"BreadcrumbList","@id":"https:\/\/xenonkungen.com\/produkt\/osram-night-breaker-silver-h7-2-pack\/#breadcrumb","itemListElement":[{"@type":"ListItem","position":1,"name":"Hem","item":"https:\/\/xenonkungen.com\/"},{"@type":"ListItem","position":2,"name":"Shop","item":"https:\/\/xenonkungen.com\/shop\/"},{"@type":"ListItem","position":3,"name":"OSRAM NIGHT BREAKER SILVER &#8211; H7 &#8211; 2-Pack"}]},{"@type":"WebSite","@id":"https:\/\/xenonkungen.com\/#website","url":"https:\/\/xenonkungen.com\/","name":"Xenonkungen","description":"","potentialAction":[{"@type":"SearchAction","target":{"@type":"EntryPoint","urlTemplate":"https:\/\/xenonkungen.com\/?s={search_term_string}"},"query-input":{"@type":"PropertyValueSpecification","valueRequired":true,"valueName":"search_term_string"}}],"inLanguage":"nb-NO"}]}},"taxonomy_info":{"product_brand":[{"value":108,"label":"OSRAM"}],"product_cat":[{"value":2543,"label":"Halogen"},{"value":733,"label":"Halvljus \/ Helljus"}],"pa_faktisk-effekts-forbrukning":[{"value":841,"label":"55"}],"pa_lampsockel-kontakt":[{"value":206,"label":"H7"},{"value":2150,"label":"PX26d"}],"pa_volt-v":[{"value":159,"label":"12"}]},"featured_image_src_large":["https:\/\/xenonkungen.com\/wp-content\/uploads\/2026\/01\/Small-for-web-and-ppt-BS_NIGHT_BREAKER_SILVER_H7_64210NBS_2x.jpg",1024,1024,false],"author_info":[],"comment_info":1,"_links":{"self":[{"href":"http:\/\/xenonkungen.com\/no\/wp-json\/wp\/v2\/product\/25032","targetHints":{"allow":["GET"]}}],"collection":[{"href":"http:\/\/xenonkungen.com\/no\/wp-json\/wp\/v2\/product"}],"about":[{"href":"http:\/\/xenonkungen.com\/no\/wp-json\/wp\/v2\/types\/product"}],"replies":[{"embeddable":true,"href":"http:\/\/xenonkungen.com\/no\/wp-json\/wp\/v2\/comments?post=25032"}],"wp:featuredmedia":[{"embeddable":true,"href":"http:\/\/xenonkungen.com\/no\/wp-json\/wp\/v2\/media\/25034"}],"wp:attachment":[{"href":"http:\/\/xenonkungen.com\/no\/wp-json\/wp\/v2\/media?parent=25032"}],"wp:term":[{"taxonomy":"anvandningsomrade","embeddable":true,"href":"http:\/\/xenonkungen.com\/no\/wp-json\/wp\/v2\/anvandningsomrade?post=25032"},{"taxonomy":"bilmarken","embeddable":true,"href":"http:\/\/xenonkungen.com\/no\/wp-json\/wp\/v2\/bilmarken?post=25032"},{"taxonomy":"product_brand","embeddable":true,"href":"http:\/\/xenonkungen.com\/no\/wp-json\/wp\/v2\/product_brand?post=25032"},{"taxonomy":"product_cat","embeddable":true,"href":"http:\/\/xenonkungen.com\/no\/wp-json\/wp\/v2\/product_cat?post=25032"},{"taxonomy":"product_tag","embeddable":true,"href":"http:\/\/xenonkungen.com\/no\/wp-json\/wp\/v2\/product_tag?post=25032"}],"curies":[{"name":"wp","href":"https:\/\/api.w.org\/{rel}","templated":true}]}}