{"id":26848,"date":"2026-02-27T08:43:34","date_gmt":"2026-02-27T07:43:34","guid":{"rendered":"https:\/\/xenonkungen.com\/?post_type=product&#038;p=26848"},"modified":"2026-04-11T01:49:36","modified_gmt":"2026-04-11T00:49:36","slug":"fast-ekstralys-avtakbart-o60-mm-3-mm-svart-universal","status":"publish","type":"product","link":"http:\/\/xenonkungen.com\/no\/produkt\/fast-ekstralys-avtakbart-o60-mm-3-mm-svart-universal\/","title":{"rendered":"Brakett Ekstra Lett Avtakbar \u00d860mm 3mm Svart, Universal"},"content":{"rendered":"<h2 data-start=\"640\" data-end=\"683\">Stabil og sikker montering for ekstra lys<\/h2>\n<p data-start=\"685\" data-end=\"964\">Denne \u00d860 mm ekstralysbraketten er laget av 3 mm tykt rustfritt st\u00e5l (T304) og gir stabil og vibrasjonsfri montering av ekstralys. Den robuste konstruksjonen kombinert med svart pulverlakkering gir b\u00e5de holdbarhet og et stilig utseende som matcher moderne frontbuer.<\/p>\n<p data-start=\"966\" data-end=\"1147\">Braketten er avtakbar og tilpasset montering p\u00e5 r\u00f8rdimensjoner mellom \u00d860\u201363 mm. Bredden p\u00e5 50 mm gir en sikker monteringsflate og stabil plassering av din ekstra lys- eller LED-rampe.<\/p>\n<h2 data-start=\"1149\" data-end=\"1185\">Tilpasset for spesifikke frontbuer<\/h2>\n<p data-start=\"1187\" data-end=\"1206\">Denne braketten passer til:<\/p>\n<ul data-start=\"1208\" data-end=\"1297\">\n<li data-start=\"1208\" data-end=\"1248\">\n<p data-start=\"1210\" data-end=\"1248\">Design \u00abSMALLER\u00bb \u00f8vre st\u00f8tteben (ikke nedre)<\/p>\n<\/li>\n<li data-start=\"1249\" data-end=\"1297\">\n<p data-start=\"1251\" data-end=\"1297\">EU-forstag med \u00d860 mm \u00f8vre fj\u00e6rbein (ikke \u00d870 mm)<\/p>\n<\/li>\n<\/ul>\n<p data-start=\"1299\" data-end=\"1380\">Den passer ikke til andre modeller eller EU-forstyrer med \u00d870 mm \u00f8vre styre.<\/p>\n<p data-start=\"1382\" data-end=\"1631\">V\u00e6r oppmerksom p\u00e5 at frontbuer med \u00abSTOR TRIO\u00bb-design (\u00d860 mm r\u00f8r) allerede har tre sveisede braketter for ekstra lys. Du trenger derfor ikke \u00e5 supplere med denne braketten med mindre du planlegger \u00e5 installere mer enn tre ekstra lys eller for eksempel en ekstra LED-lyslist.<\/p>\n<h2 data-start=\"1633\" data-end=\"1661\">Materialer og konstruksjon<\/h2>\n<p data-start=\"1663\" data-end=\"1895\">Braketten er laget av rustfritt st\u00e5l av T304-kvalitet, som gir h\u00f8y motstand mot rust og korrosjon. Den robuste konstruksjonen gj\u00f8r den egnet for b\u00e5de personbiler og transportkj\u00f8ret\u00f8y som brukes i t\u00f8ffe v\u00e6rforhold.<\/p>\n<p data-start=\"1897\" data-end=\"1912\">Selges enkeltvis.<\/p>","protected":false},"excerpt":{"rendered":"<p>Stabil og sortlakkert ekstralysbrakett i 3 mm rustfritt st\u00e5l for montering p\u00e5 \u00d860\u201363 mm r\u00f8r. Avtakbar konstruksjon og perfekt for frontbuer med \u00d860 mm \u00f8vre avstiver.<\/p>","protected":false},"featured_media":26849,"comment_status":"open","ping_status":"closed","template":"","meta":{"_acf_changed":false,"_smort_price_nok":"545","_smort_price_dkk":"","_smort_price_eur":"","_smort_sale_price_nok":"","_smort_sale_price_dkk":"","_smort_sale_price_eur":"","smort_restorder":"","shipmondo_restorder":"","_kad_blocks_custom_css":"","_kad_blocks_head_custom_js":"","_kad_blocks_body_custom_js":"","_kad_blocks_footer_custom_js":"","smort_custom_pricelist_1":"408","smort_custom_pricelist_2":"408","smort_custom_pricelist_3":"408","smort_custom_pricelist_4":"408","smort_custom_pricelist_5":"408"},"anvandningsomrade":[],"bilmarken":[],"product_brand":[113],"product_cat":[2461,2537,810,390],"product_tag":[],"class_list":{"0":"post-26848","1":"product","2":"type-product","3":"status-publish","4":"has-post-thumbnail","6":"product_brand-vool","7":"product_cat-fasten-installation","8":"product_cat-fasten-ledramper","9":"product_cat-fasten","10":"product_cat-installation","12":"first","13":"instock","14":"taxable","15":"shipping-taxable","16":"purchasable","17":"product-type-simple"},"bundled_by":[],"bundle_stock_status":"instock","bundle_stock_quantity":1,"bundle_virtual":false,"bundle_layout":"","bundle_add_to_cart_form_location":"","bundle_editable_in_cart":false,"bundle_sold_individually_context":"","bundle_item_grouping":"","bundle_min_size":"","bundle_max_size":"","bundle_price":[],"bundled_items":[],"bundle_sell_ids":[],"acf":[],"yoast_head":"<!-- This site is optimized with the Yoast SEO plugin v27.0 - https:\/\/yoast.com\/product\/yoast-seo-wordpress\/ -->\n<title>F\u00e4ste Extraljus Avtagbart \u00d860mm 3mm Svart, Universal - Xenonkungen Avtagbart F\u00e4ste Extraljus \u00d860mm 3mm Svart - Xenonkungen<\/title>\n<meta name=\"description\" content=\"K\u00f6p avtagbart f\u00e4ste f\u00f6r extraljus \u00d860mm i 3mm svartlackerat st\u00e5l. Stabil och s\u00e4ker montering. Snabb leverans. \u00d6ppet k\u00f6p 30 dagar. Handla enkelt p\u00e5 xenonkungen.com!\" \/>\n<meta name=\"robots\" content=\"index, follow, max-snippet:-1, max-image-preview:large, max-video-preview:-1\" \/>\n<link rel=\"canonical\" href=\"https:\/\/xenonkungen.com\/no\/produkt\/fast-ekstralys-avtakbart-o60-mm-3-mm-svart-universal\/\" \/>\n<meta property=\"og:locale\" content=\"nb_NO\" \/>\n<meta property=\"og:type\" content=\"article\" \/>\n<meta property=\"og:title\" content=\"F\u00e4ste Extraljus Avtagbart \u00d860mm 3mm Svart, Universal - Xenonkungen Avtagbart F\u00e4ste Extraljus \u00d860mm 3mm Svart - Xenonkungen\" \/>\n<meta property=\"og:description\" content=\"K\u00f6p avtagbart f\u00e4ste f\u00f6r extraljus \u00d860mm i 3mm svartlackerat st\u00e5l. Stabil och s\u00e4ker montering. Snabb leverans. \u00d6ppet k\u00f6p 30 dagar. Handla enkelt p\u00e5 xenonkungen.com!\" \/>\n<meta property=\"og:url\" content=\"https:\/\/xenonkungen.com\/no\/produkt\/fast-ekstralys-avtakbart-o60-mm-3-mm-svart-universal\/\" \/>\n<meta property=\"og:site_name\" content=\"Xenonkungen\" \/>\n<meta property=\"article:modified_time\" content=\"2026-04-11T00:49:36+00:00\" \/>\n<meta property=\"og:image\" content=\"https:\/\/xenonkungen.com\/wp-content\/uploads\/2026\/02\/199356479-origpic-658dc2.jpg\" \/>\n\t<meta property=\"og:image:width\" content=\"1000\" \/>\n\t<meta property=\"og:image:height\" content=\"800\" \/>\n\t<meta property=\"og:image:type\" content=\"image\/jpeg\" \/>\n<meta name=\"twitter:card\" content=\"summary_large_image\" \/>\n<meta name=\"twitter:label1\" content=\"Ansl. lesetid\" \/>\n\t<meta name=\"twitter:data1\" content=\"2 minutter\" \/>\n<script type=\"application\/ld+json\" class=\"yoast-schema-graph\">{\"@context\":\"https:\/\/schema.org\",\"@graph\":[{\"@type\":\"WebPage\",\"@id\":\"https:\/\/xenonkungen.com\/produkt\/faste-extraljus-avtagbart-o60mm-3mm-svart-universal\/\",\"url\":\"https:\/\/xenonkungen.com\/produkt\/faste-extraljus-avtagbart-o60mm-3mm-svart-universal\/\",\"name\":\"F\u00e4ste Extraljus Avtagbart \u00d860mm 3mm Svart, Universal - Xenonkungen Avtagbart F\u00e4ste Extraljus \u00d860mm 3mm Svart - Xenonkungen\",\"isPartOf\":{\"@id\":\"https:\/\/xenonkungen.com\/#website\"},\"primaryImageOfPage\":{\"@id\":\"https:\/\/xenonkungen.com\/produkt\/faste-extraljus-avtagbart-o60mm-3mm-svart-universal\/#primaryimage\"},\"image\":{\"@id\":\"https:\/\/xenonkungen.com\/produkt\/faste-extraljus-avtagbart-o60mm-3mm-svart-universal\/#primaryimage\"},\"thumbnailUrl\":\"https:\/\/xenonkungen.com\/wp-content\/uploads\/2026\/02\/199356479-origpic-658dc2.jpg\",\"datePublished\":\"2026-02-27T07:43:34+00:00\",\"dateModified\":\"2026-04-11T00:49:36+00:00\",\"description\":\"K\u00f6p avtagbart f\u00e4ste f\u00f6r extraljus \u00d860mm i 3mm svartlackerat st\u00e5l. Stabil och s\u00e4ker montering. Snabb leverans. \u00d6ppet k\u00f6p 30 dagar. Handla enkelt p\u00e5 xenonkungen.com!\",\"breadcrumb\":{\"@id\":\"https:\/\/xenonkungen.com\/produkt\/faste-extraljus-avtagbart-o60mm-3mm-svart-universal\/#breadcrumb\"},\"inLanguage\":\"nb-NO\",\"potentialAction\":[{\"@type\":\"ReadAction\",\"target\":[\"https:\/\/xenonkungen.com\/produkt\/faste-extraljus-avtagbart-o60mm-3mm-svart-universal\/\"]}]},{\"@type\":\"ImageObject\",\"inLanguage\":\"nb-NO\",\"@id\":\"https:\/\/xenonkungen.com\/produkt\/faste-extraljus-avtagbart-o60mm-3mm-svart-universal\/#primaryimage\",\"url\":\"https:\/\/xenonkungen.com\/wp-content\/uploads\/2026\/02\/199356479-origpic-658dc2.jpg\",\"contentUrl\":\"https:\/\/xenonkungen.com\/wp-content\/uploads\/2026\/02\/199356479-origpic-658dc2.jpg\",\"width\":1000,\"height\":800},{\"@type\":\"BreadcrumbList\",\"@id\":\"https:\/\/xenonkungen.com\/produkt\/faste-extraljus-avtagbart-o60mm-3mm-svart-universal\/#breadcrumb\",\"itemListElement\":[{\"@type\":\"ListItem\",\"position\":1,\"name\":\"Hem\",\"item\":\"https:\/\/xenonkungen.com\/\"},{\"@type\":\"ListItem\",\"position\":2,\"name\":\"Shop\",\"item\":\"https:\/\/xenonkungen.com\/shop\/\"},{\"@type\":\"ListItem\",\"position\":3,\"name\":\"F\u00e4ste Extraljus Avtagbart \u00d860mm 3mm Svart, Universal\"}]},{\"@type\":\"WebSite\",\"@id\":\"https:\/\/xenonkungen.com\/#website\",\"url\":\"https:\/\/xenonkungen.com\/\",\"name\":\"Xenonkungen\",\"description\":\"\",\"potentialAction\":[{\"@type\":\"SearchAction\",\"target\":{\"@type\":\"EntryPoint\",\"urlTemplate\":\"https:\/\/xenonkungen.com\/?s={search_term_string}\"},\"query-input\":{\"@type\":\"PropertyValueSpecification\",\"valueRequired\":true,\"valueName\":\"search_term_string\"}}],\"inLanguage\":\"nb-NO\"}]}<\/script>\n<!-- \/ Yoast SEO plugin. -->","yoast_head_json":{"title":"Brakett Ekstralys Avtagbar \u00d860mm 3mm Svart, Universal - Xenonkungen Avtagbar Brakett Ekstralys \u00d860mm 3mm Svart - Xenonkungen","description":"Kj\u00f8p avtakbar brakett for ekstralys \u00d860mm i 3mm sortlakkert st\u00e5l. Stabil og sikker montering. Rask levering. \u00c5pent kj\u00f8p 30 dager. Handle enkelt p\u00e5 xenonkungen.com!","robots":{"index":"index","follow":"follow","max-snippet":"max-snippet:-1","max-image-preview":"max-image-preview:large","max-video-preview":"max-video-preview:-1"},"canonical":"https:\/\/xenonkungen.com\/no\/produkt\/fast-ekstralys-avtakbart-o60-mm-3-mm-svart-universal\/","og_locale":"nb_NO","og_type":"article","og_title":"F\u00e4ste Extraljus Avtagbart \u00d860mm 3mm Svart, Universal - Xenonkungen Avtagbart F\u00e4ste Extraljus \u00d860mm 3mm Svart - Xenonkungen","og_description":"K\u00f6p avtagbart f\u00e4ste f\u00f6r extraljus \u00d860mm i 3mm svartlackerat st\u00e5l. Stabil och s\u00e4ker montering. Snabb leverans. \u00d6ppet k\u00f6p 30 dagar. Handla enkelt p\u00e5 xenonkungen.com!","og_url":"https:\/\/xenonkungen.com\/no\/produkt\/fast-ekstralys-avtakbart-o60-mm-3-mm-svart-universal\/","og_site_name":"Xenonkungen","article_modified_time":"2026-04-11T00:49:36+00:00","og_image":[{"width":1000,"height":800,"url":"https:\/\/xenonkungen.com\/wp-content\/uploads\/2026\/02\/199356479-origpic-658dc2.jpg","type":"image\/jpeg"}],"twitter_card":"summary_large_image","twitter_misc":{"Ansl. lesetid":"2 minutter"},"schema":{"@context":"https:\/\/schema.org","@graph":[{"@type":"WebPage","@id":"https:\/\/xenonkungen.com\/produkt\/faste-extraljus-avtagbart-o60mm-3mm-svart-universal\/","url":"https:\/\/xenonkungen.com\/produkt\/faste-extraljus-avtagbart-o60mm-3mm-svart-universal\/","name":"Brakett Ekstralys Avtagbar \u00d860mm 3mm Svart, Universal - Xenonkungen Avtagbar Brakett Ekstralys \u00d860mm 3mm Svart - Xenonkungen","isPartOf":{"@id":"https:\/\/xenonkungen.com\/#website"},"primaryImageOfPage":{"@id":"https:\/\/xenonkungen.com\/produkt\/faste-extraljus-avtagbart-o60mm-3mm-svart-universal\/#primaryimage"},"image":{"@id":"https:\/\/xenonkungen.com\/produkt\/faste-extraljus-avtagbart-o60mm-3mm-svart-universal\/#primaryimage"},"thumbnailUrl":"https:\/\/xenonkungen.com\/wp-content\/uploads\/2026\/02\/199356479-origpic-658dc2.jpg","datePublished":"2026-02-27T07:43:34+00:00","dateModified":"2026-04-11T00:49:36+00:00","description":"Kj\u00f8p avtakbar brakett for ekstralys \u00d860mm i 3mm sortlakkert st\u00e5l. Stabil og sikker montering. Rask levering. \u00c5pent kj\u00f8p 30 dager. Handle enkelt p\u00e5 xenonkungen.com!","breadcrumb":{"@id":"https:\/\/xenonkungen.com\/produkt\/faste-extraljus-avtagbart-o60mm-3mm-svart-universal\/#breadcrumb"},"inLanguage":"nb-NO","potentialAction":[{"@type":"ReadAction","target":["https:\/\/xenonkungen.com\/produkt\/faste-extraljus-avtagbart-o60mm-3mm-svart-universal\/"]}]},{"@type":"ImageObject","inLanguage":"nb-NO","@id":"https:\/\/xenonkungen.com\/produkt\/faste-extraljus-avtagbart-o60mm-3mm-svart-universal\/#primaryimage","url":"https:\/\/xenonkungen.com\/wp-content\/uploads\/2026\/02\/199356479-origpic-658dc2.jpg","contentUrl":"https:\/\/xenonkungen.com\/wp-content\/uploads\/2026\/02\/199356479-origpic-658dc2.jpg","width":1000,"height":800},{"@type":"BreadcrumbList","@id":"https:\/\/xenonkungen.com\/produkt\/faste-extraljus-avtagbart-o60mm-3mm-svart-universal\/#breadcrumb","itemListElement":[{"@type":"ListItem","position":1,"name":"Hem","item":"https:\/\/xenonkungen.com\/"},{"@type":"ListItem","position":2,"name":"Shop","item":"https:\/\/xenonkungen.com\/shop\/"},{"@type":"ListItem","position":3,"name":"F\u00e4ste Extraljus Avtagbart \u00d860mm 3mm Svart, Universal"}]},{"@type":"WebSite","@id":"https:\/\/xenonkungen.com\/#website","url":"https:\/\/xenonkungen.com\/","name":"Xenonkungen","description":"","potentialAction":[{"@type":"SearchAction","target":{"@type":"EntryPoint","urlTemplate":"https:\/\/xenonkungen.com\/?s={search_term_string}"},"query-input":{"@type":"PropertyValueSpecification","valueRequired":true,"valueName":"search_term_string"}}],"inLanguage":"nb-NO"}]}},"taxonomy_info":{"product_brand":[{"value":113,"label":"Vool"}],"product_cat":[{"value":2461,"label":"F\u00e4sten"},{"value":2537,"label":"F\u00e4sten"},{"value":810,"label":"F\u00e4sten"},{"value":390,"label":"Installation"}]},"featured_image_src_large":["https:\/\/xenonkungen.com\/wp-content\/uploads\/2026\/02\/199356479-origpic-658dc2.jpg",1000,800,false],"author_info":[],"comment_info":0,"_links":{"self":[{"href":"http:\/\/xenonkungen.com\/no\/wp-json\/wp\/v2\/product\/26848","targetHints":{"allow":["GET"]}}],"collection":[{"href":"http:\/\/xenonkungen.com\/no\/wp-json\/wp\/v2\/product"}],"about":[{"href":"http:\/\/xenonkungen.com\/no\/wp-json\/wp\/v2\/types\/product"}],"replies":[{"embeddable":true,"href":"http:\/\/xenonkungen.com\/no\/wp-json\/wp\/v2\/comments?post=26848"}],"wp:featuredmedia":[{"embeddable":true,"href":"http:\/\/xenonkungen.com\/no\/wp-json\/wp\/v2\/media\/26849"}],"wp:attachment":[{"href":"http:\/\/xenonkungen.com\/no\/wp-json\/wp\/v2\/media?parent=26848"}],"wp:term":[{"taxonomy":"anvandningsomrade","embeddable":true,"href":"http:\/\/xenonkungen.com\/no\/wp-json\/wp\/v2\/anvandningsomrade?post=26848"},{"taxonomy":"bilmarken","embeddable":true,"href":"http:\/\/xenonkungen.com\/no\/wp-json\/wp\/v2\/bilmarken?post=26848"},{"taxonomy":"product_brand","embeddable":true,"href":"http:\/\/xenonkungen.com\/no\/wp-json\/wp\/v2\/product_brand?post=26848"},{"taxonomy":"product_cat","embeddable":true,"href":"http:\/\/xenonkungen.com\/no\/wp-json\/wp\/v2\/product_cat?post=26848"},{"taxonomy":"product_tag","embeddable":true,"href":"http:\/\/xenonkungen.com\/no\/wp-json\/wp\/v2\/product_tag?post=26848"}],"curies":[{"name":"wp","href":"https:\/\/api.w.org\/{rel}","templated":true}]}}