{"id":26926,"date":"2026-02-27T15:14:12","date_gmt":"2026-02-27T14:14:12","guid":{"rendered":"https:\/\/xenonkungen.com\/?post_type=product&#038;p=26926"},"modified":"2026-04-10T20:44:19","modified_gmt":"2026-04-10T19:44:19","slug":"adapterkabel-xbb-dongle-mra2-kan-fd-xbb","status":"publish","type":"product","link":"http:\/\/xenonkungen.com\/no\/produkt\/adapterkabel-xbb-dongle-mra2-kan-fd-xbb\/","title":{"rendered":"Adapterkabel XBB-dongle MRA2 CAN-FD, XBB"},"content":{"rendered":"<h2 data-start=\"628\" data-end=\"674\">N\u00f8dvendig adapterledning for Mercedes MRA2<\/h2>\n<p data-start=\"676\" data-end=\"913\">Denne adapterkabelen er n\u00f8dvendig for \u00e5 installere en standard XBB Dongle\u00ae p\u00e5 bilmodeller basert p\u00e5 Mercedes&#039; nye MRA2-plattform. P\u00e5 disse kj\u00f8ret\u00f8yene vil det ikke fungere \u00e5 koble XBB Dongle\u00ae via bilens tradisjonelle diagnoseuttak (OBD2).<\/p>\n<p data-start=\"915\" data-end=\"1066\">I stedet m\u00e5 enheten kobles direkte til kj\u00f8ret\u00f8yets interne CAN-bussnettverk. Oppskrifter og installasjonsinformasjon for disse modellene finner du under PP-CAN.<\/p>\n<h2 data-start=\"1068\" data-end=\"1123\">Avansert installasjon \u2013 anbefalt for verksted<\/h2>\n<p data-start=\"1125\" data-end=\"1327\">Denne typen installasjon er betydelig mer avansert enn en standard XBB Dongle\u00ae-installasjon. Intervensjon i kj\u00f8ret\u00f8yets CAN-nettverk krever riktig verkt\u00f8y, riktig metode og god kunnskap om bilelektronikk.<\/p>\n<p data-start=\"1329\" data-end=\"1448\">Vi anbefaler derfor p\u00e5 det sterkeste at installasjonen utf\u00f8res av en erfaren karosseribygger eller et autorisert bilverksted.<\/p>\n<h2 data-start=\"1450\" data-end=\"1491\">Viktig \u2013 krav til riktig maskinvareversjon<\/h2>\n<p data-start=\"1493\" data-end=\"1571\">For at adapterkablene skal fungere, kreves riktig maskinvareversjon av XBB Dongle\u00ae.<\/p>\n<p data-start=\"1573\" data-end=\"1706\">I tillegg til denne adapterkabelen (art.nr.: IDAB-2025-0113-1), m\u00e5 enheten din st\u00f8tte CAN-FD. Dette er tilgjengelig fra maskinvaremodellen:<\/p>\n<p data-start=\"1708\" data-end=\"1741\"><strong data-start=\"1708\" data-end=\"1739\">XBB-dongle 2 (XBB-Dongle-2)<\/strong><\/p>\n<p data-start=\"1743\" data-end=\"1804\">Denne versjonen har blitt produsert og levert siden juni 2024.<\/p>\n<p data-start=\"1806\" data-end=\"1922\">Du kan sjekke hvilken versjon du har via appen:<br \/>\nInnstillinger \u2192 Om XBB-dongelen \u2192 Modellen skal v\u00e6re <strong data-start=\"1905\" data-end=\"1921\">XBB-Dongle-2<\/strong>.<br \/>\nSe bildene nedenfor:<\/p>\n<p data-start=\"1806\" data-end=\"1922\"><a href=\"https:\/\/xenonkungen.com\/?attachment_id=26927\" rel=\"attachment wp-att-26927\"><img loading=\"lazy\" decoding=\"async\" class=\"alignnone size-medium wp-image-26927\" src=\"https:\/\/xenonkungen.com\/wp-content\/uploads\/2026\/02\/Screenshot_20250908_092956_XBB-473x1024-1-143x300.jpg\" alt=\"\" width=\"143\" height=\"300\" srcset=\"https:\/\/xenonkungen.com\/wp-content\/uploads\/2026\/02\/Screenshot_20250908_092956_XBB-473x1024-1-143x300.jpg 143w, https:\/\/xenonkungen.com\/wp-content\/uploads\/2026\/02\/Screenshot_20250908_092956_XBB-473x1024-1-6x12.jpg 6w, https:\/\/xenonkungen.com\/wp-content\/uploads\/2026\/02\/Screenshot_20250908_092956_XBB-473x1024-1-400x838.jpg 400w, https:\/\/xenonkungen.com\/wp-content\/uploads\/2026\/02\/Screenshot_20250908_092956_XBB-473x1024-1.jpg 473w\" sizes=\"auto, (max-width: 143px) 100vw, 143px\" \/><\/a>\u00a0 \u00a0 <a href=\"https:\/\/xenonkungen.com\/?attachment_id=26928\" rel=\"attachment wp-att-26928\"><img loading=\"lazy\" decoding=\"async\" class=\"alignnone size-medium wp-image-26928\" src=\"https:\/\/xenonkungen.com\/wp-content\/uploads\/2026\/02\/Screenshot_20250908_093002_XBB-473x1024-1-144x300.jpg\" alt=\"\" width=\"144\" height=\"300\" srcset=\"https:\/\/xenonkungen.com\/wp-content\/uploads\/2026\/02\/Screenshot_20250908_093002_XBB-473x1024-1-144x300.jpg 144w, https:\/\/xenonkungen.com\/wp-content\/uploads\/2026\/02\/Screenshot_20250908_093002_XBB-473x1024-1-6x12.jpg 6w, https:\/\/xenonkungen.com\/wp-content\/uploads\/2026\/02\/Screenshot_20250908_093002_XBB-473x1024-1-400x833.jpg 400w, https:\/\/xenonkungen.com\/wp-content\/uploads\/2026\/02\/Screenshot_20250908_093002_XBB-473x1024-1.jpg 473w\" sizes=\"auto, (max-width: 144px) 100vw, 144px\" \/><\/a><\/p>\n<h2 class=\"wp-block-heading\">Monteringsbeskrivelse<\/h2>\n<p class=\"wp-block-heading\"><a href=\"https:\/\/www.xbb.se\/wp-content\/uploads\/2025\/02\/NEW_Installationsmanual-Mercedes-CAN-FD-Plattform-1.pdf\" target=\"_blank\" rel=\"noreferrer noopener\">Monteringsanvisning Mercedes C\/GLC Rev. 2<\/a>\u00a0(Svensk tekst)<\/p>","protected":false},"excerpt":{"rendered":"<p>Adapterkabel for installasjon av XBB-dongle p\u00e5 Mercedes MRA2-plattform. Krever XBB-dongle 2 med CAN-FD-st\u00f8tte. For profesjonell installasjon via internt CAN-bussnettverk.<\/p>","protected":false},"featured_media":27019,"comment_status":"open","ping_status":"closed","template":"","meta":{"_acf_changed":false,"_smort_price_nok":"481","_smort_price_dkk":"","_smort_price_eur":"","_smort_sale_price_nok":"","_smort_sale_price_dkk":"","_smort_sale_price_eur":"","smort_restorder":"","shipmondo_restorder":"","_kad_blocks_custom_css":"","_kad_blocks_head_custom_js":"","_kad_blocks_body_custom_js":"","_kad_blocks_footer_custom_js":"","smort_custom_pricelist_1":"288","smort_custom_pricelist_2":"252","smort_custom_pricelist_3":"252","smort_custom_pricelist_4":"360","smort_custom_pricelist_5":"252"},"anvandningsomrade":[],"bilmarken":[],"product_brand":[115],"product_cat":[2487,2568,2497,477,390],"product_tag":[],"class_list":{"0":"post-26926","1":"product","2":"type-product","3":"status-publish","4":"has-post-thumbnail","6":"product_brand-xbb","7":"product_cat-canbus-installation","8":"product_cat-canbus-xbb-tesla","9":"product_cat-xbb","10":"product_cat-canbus-emc","11":"product_cat-installation","13":"first","14":"instock","15":"taxable","16":"shipping-taxable","17":"purchasable","18":"product-type-simple"},"bundled_by":[],"bundle_stock_status":"instock","bundle_stock_quantity":1,"bundle_virtual":false,"bundle_layout":"","bundle_add_to_cart_form_location":"","bundle_editable_in_cart":false,"bundle_sold_individually_context":"","bundle_item_grouping":"","bundle_min_size":"","bundle_max_size":"","bundle_price":[],"bundled_items":[],"bundle_sell_ids":[],"acf":[],"yoast_head":"<!-- This site is optimized with the Yoast SEO plugin v27.0 - https:\/\/yoast.com\/product\/yoast-seo-wordpress\/ -->\n<title>Adapterkablage XBB Dongle MRA2 CAN-FD, XBB - Xenonkungen Adapterkablage XBB Dongle MRA2 CAN-FD - Xenonkungen<\/title>\n<meta name=\"description\" content=\"K\u00f6p adapterkablage f\u00f6r XBB Dongle till Mercedes MRA2. Kr\u00e4ver CAN-FD och XBB Dongle 2. Snabb leverans. \u00d6ppet k\u00f6p 30 dagar. Handla enkelt p\u00e5 xenonkungen.com!\" \/>\n<meta name=\"robots\" content=\"index, follow, max-snippet:-1, max-image-preview:large, max-video-preview:-1\" \/>\n<link rel=\"canonical\" href=\"https:\/\/xenonkungen.com\/no\/produkt\/adapterkabel-xbb-dongle-mra2-kan-fd-xbb\/\" \/>\n<meta property=\"og:locale\" content=\"nb_NO\" \/>\n<meta property=\"og:type\" content=\"article\" \/>\n<meta property=\"og:title\" content=\"Adapterkablage XBB Dongle MRA2 CAN-FD, XBB - Xenonkungen Adapterkablage XBB Dongle MRA2 CAN-FD - Xenonkungen\" \/>\n<meta property=\"og:description\" content=\"K\u00f6p adapterkablage f\u00f6r XBB Dongle till Mercedes MRA2. Kr\u00e4ver CAN-FD och XBB Dongle 2. Snabb leverans. \u00d6ppet k\u00f6p 30 dagar. Handla enkelt p\u00e5 xenonkungen.com!\" \/>\n<meta property=\"og:url\" content=\"https:\/\/xenonkungen.com\/no\/produkt\/adapterkabel-xbb-dongle-mra2-kan-fd-xbb\/\" \/>\n<meta property=\"og:site_name\" content=\"Xenonkungen\" \/>\n<meta property=\"article:modified_time\" content=\"2026-04-10T19:44:19+00:00\" \/>\n<meta property=\"og:image\" content=\"https:\/\/xenonkungen.com\/wp-content\/uploads\/2026\/02\/ChatGPT-Image-27-feb.-2026-16_31_04.png\" \/>\n\t<meta property=\"og:image:width\" content=\"1024\" \/>\n\t<meta property=\"og:image:height\" content=\"1024\" \/>\n\t<meta property=\"og:image:type\" content=\"image\/png\" \/>\n<meta name=\"twitter:card\" content=\"summary_large_image\" \/>\n<meta name=\"twitter:label1\" content=\"Ansl. lesetid\" \/>\n\t<meta name=\"twitter:data1\" content=\"2 minutter\" \/>\n<script type=\"application\/ld+json\" class=\"yoast-schema-graph\">{\"@context\":\"https:\/\/schema.org\",\"@graph\":[{\"@type\":\"WebPage\",\"@id\":\"https:\/\/xenonkungen.com\/produkt\/adapterkablage-xbb-dongle-mra2-can-fd-xbb\/\",\"url\":\"https:\/\/xenonkungen.com\/produkt\/adapterkablage-xbb-dongle-mra2-can-fd-xbb\/\",\"name\":\"Adapterkablage XBB Dongle MRA2 CAN-FD, XBB - Xenonkungen Adapterkablage XBB Dongle MRA2 CAN-FD - Xenonkungen\",\"isPartOf\":{\"@id\":\"https:\/\/xenonkungen.com\/#website\"},\"primaryImageOfPage\":{\"@id\":\"https:\/\/xenonkungen.com\/produkt\/adapterkablage-xbb-dongle-mra2-can-fd-xbb\/#primaryimage\"},\"image\":{\"@id\":\"https:\/\/xenonkungen.com\/produkt\/adapterkablage-xbb-dongle-mra2-can-fd-xbb\/#primaryimage\"},\"thumbnailUrl\":\"https:\/\/xenonkungen.com\/wp-content\/uploads\/2026\/02\/ChatGPT-Image-27-feb.-2026-16_31_04.png\",\"datePublished\":\"2026-02-27T14:14:12+00:00\",\"dateModified\":\"2026-04-10T19:44:19+00:00\",\"description\":\"K\u00f6p adapterkablage f\u00f6r XBB Dongle till Mercedes MRA2. Kr\u00e4ver CAN-FD och XBB Dongle 2. Snabb leverans. \u00d6ppet k\u00f6p 30 dagar. Handla enkelt p\u00e5 xenonkungen.com!\",\"breadcrumb\":{\"@id\":\"https:\/\/xenonkungen.com\/produkt\/adapterkablage-xbb-dongle-mra2-can-fd-xbb\/#breadcrumb\"},\"inLanguage\":\"nb-NO\",\"potentialAction\":[{\"@type\":\"ReadAction\",\"target\":[\"https:\/\/xenonkungen.com\/produkt\/adapterkablage-xbb-dongle-mra2-can-fd-xbb\/\"]}]},{\"@type\":\"ImageObject\",\"inLanguage\":\"nb-NO\",\"@id\":\"https:\/\/xenonkungen.com\/produkt\/adapterkablage-xbb-dongle-mra2-can-fd-xbb\/#primaryimage\",\"url\":\"https:\/\/xenonkungen.com\/wp-content\/uploads\/2026\/02\/ChatGPT-Image-27-feb.-2026-16_31_04.png\",\"contentUrl\":\"https:\/\/xenonkungen.com\/wp-content\/uploads\/2026\/02\/ChatGPT-Image-27-feb.-2026-16_31_04.png\",\"width\":1024,\"height\":1024},{\"@type\":\"BreadcrumbList\",\"@id\":\"https:\/\/xenonkungen.com\/produkt\/adapterkablage-xbb-dongle-mra2-can-fd-xbb\/#breadcrumb\",\"itemListElement\":[{\"@type\":\"ListItem\",\"position\":1,\"name\":\"Hem\",\"item\":\"https:\/\/xenonkungen.com\/\"},{\"@type\":\"ListItem\",\"position\":2,\"name\":\"Shop\",\"item\":\"https:\/\/xenonkungen.com\/shop\/\"},{\"@type\":\"ListItem\",\"position\":3,\"name\":\"Adapterkablage XBB Dongle MRA2 CAN-FD, XBB\"}]},{\"@type\":\"WebSite\",\"@id\":\"https:\/\/xenonkungen.com\/#website\",\"url\":\"https:\/\/xenonkungen.com\/\",\"name\":\"Xenonkungen\",\"description\":\"\",\"potentialAction\":[{\"@type\":\"SearchAction\",\"target\":{\"@type\":\"EntryPoint\",\"urlTemplate\":\"https:\/\/xenonkungen.com\/?s={search_term_string}\"},\"query-input\":{\"@type\":\"PropertyValueSpecification\",\"valueRequired\":true,\"valueName\":\"search_term_string\"}}],\"inLanguage\":\"nb-NO\"}]}<\/script>\n<!-- \/ Yoast SEO plugin. -->","yoast_head_json":{"title":"Adapterkabel XBB Dongle MRA2 CAN-FD, XBB - Xenon-kongen Adapterkabel XBB Dongle MRA2 CAN-FD - Xenon-kongen","description":"Kj\u00f8p adapterledninger for XBB Dongle for Mercedes MRA2. Krever CAN-FD og XBB Dongle 2. Rask levering. \u00c5pent kj\u00f8p i 30 dager. Handle enkelt p\u00e5 xenonkungen.com!","robots":{"index":"index","follow":"follow","max-snippet":"max-snippet:-1","max-image-preview":"max-image-preview:large","max-video-preview":"max-video-preview:-1"},"canonical":"https:\/\/xenonkungen.com\/no\/produkt\/adapterkabel-xbb-dongle-mra2-kan-fd-xbb\/","og_locale":"nb_NO","og_type":"article","og_title":"Adapterkablage XBB Dongle MRA2 CAN-FD, XBB - Xenonkungen Adapterkablage XBB Dongle MRA2 CAN-FD - Xenonkungen","og_description":"K\u00f6p adapterkablage f\u00f6r XBB Dongle till Mercedes MRA2. Kr\u00e4ver CAN-FD och XBB Dongle 2. Snabb leverans. \u00d6ppet k\u00f6p 30 dagar. Handla enkelt p\u00e5 xenonkungen.com!","og_url":"https:\/\/xenonkungen.com\/no\/produkt\/adapterkabel-xbb-dongle-mra2-kan-fd-xbb\/","og_site_name":"Xenonkungen","article_modified_time":"2026-04-10T19:44:19+00:00","og_image":[{"width":1024,"height":1024,"url":"https:\/\/xenonkungen.com\/wp-content\/uploads\/2026\/02\/ChatGPT-Image-27-feb.-2026-16_31_04.png","type":"image\/png"}],"twitter_card":"summary_large_image","twitter_misc":{"Ansl. lesetid":"2 minutter"},"schema":{"@context":"https:\/\/schema.org","@graph":[{"@type":"WebPage","@id":"https:\/\/xenonkungen.com\/produkt\/adapterkablage-xbb-dongle-mra2-can-fd-xbb\/","url":"https:\/\/xenonkungen.com\/produkt\/adapterkablage-xbb-dongle-mra2-can-fd-xbb\/","name":"Adapterkabel XBB Dongle MRA2 CAN-FD, XBB - Xenon-kongen Adapterkabel XBB Dongle MRA2 CAN-FD - Xenon-kongen","isPartOf":{"@id":"https:\/\/xenonkungen.com\/#website"},"primaryImageOfPage":{"@id":"https:\/\/xenonkungen.com\/produkt\/adapterkablage-xbb-dongle-mra2-can-fd-xbb\/#primaryimage"},"image":{"@id":"https:\/\/xenonkungen.com\/produkt\/adapterkablage-xbb-dongle-mra2-can-fd-xbb\/#primaryimage"},"thumbnailUrl":"https:\/\/xenonkungen.com\/wp-content\/uploads\/2026\/02\/ChatGPT-Image-27-feb.-2026-16_31_04.png","datePublished":"2026-02-27T14:14:12+00:00","dateModified":"2026-04-10T19:44:19+00:00","description":"Kj\u00f8p adapterledninger for XBB Dongle for Mercedes MRA2. Krever CAN-FD og XBB Dongle 2. Rask levering. \u00c5pent kj\u00f8p i 30 dager. Handle enkelt p\u00e5 xenonkungen.com!","breadcrumb":{"@id":"https:\/\/xenonkungen.com\/produkt\/adapterkablage-xbb-dongle-mra2-can-fd-xbb\/#breadcrumb"},"inLanguage":"nb-NO","potentialAction":[{"@type":"ReadAction","target":["https:\/\/xenonkungen.com\/produkt\/adapterkablage-xbb-dongle-mra2-can-fd-xbb\/"]}]},{"@type":"ImageObject","inLanguage":"nb-NO","@id":"https:\/\/xenonkungen.com\/produkt\/adapterkablage-xbb-dongle-mra2-can-fd-xbb\/#primaryimage","url":"https:\/\/xenonkungen.com\/wp-content\/uploads\/2026\/02\/ChatGPT-Image-27-feb.-2026-16_31_04.png","contentUrl":"https:\/\/xenonkungen.com\/wp-content\/uploads\/2026\/02\/ChatGPT-Image-27-feb.-2026-16_31_04.png","width":1024,"height":1024},{"@type":"BreadcrumbList","@id":"https:\/\/xenonkungen.com\/produkt\/adapterkablage-xbb-dongle-mra2-can-fd-xbb\/#breadcrumb","itemListElement":[{"@type":"ListItem","position":1,"name":"Hem","item":"https:\/\/xenonkungen.com\/"},{"@type":"ListItem","position":2,"name":"Shop","item":"https:\/\/xenonkungen.com\/shop\/"},{"@type":"ListItem","position":3,"name":"Adapterkablage XBB Dongle MRA2 CAN-FD, XBB"}]},{"@type":"WebSite","@id":"https:\/\/xenonkungen.com\/#website","url":"https:\/\/xenonkungen.com\/","name":"Xenonkungen","description":"","potentialAction":[{"@type":"SearchAction","target":{"@type":"EntryPoint","urlTemplate":"https:\/\/xenonkungen.com\/?s={search_term_string}"},"query-input":{"@type":"PropertyValueSpecification","valueRequired":true,"valueName":"search_term_string"}}],"inLanguage":"nb-NO"}]}},"taxonomy_info":{"product_brand":[{"value":115,"label":"XBB"}],"product_cat":[{"value":2487,"label":"Canbus"},{"value":2568,"label":"Canbus"},{"value":2497,"label":"XBB"},{"value":477,"label":"Canbus | EMC"},{"value":390,"label":"Installation"}]},"featured_image_src_large":["https:\/\/xenonkungen.com\/wp-content\/uploads\/2026\/02\/ChatGPT-Image-27-feb.-2026-16_31_04.png",1024,1024,false],"author_info":[],"comment_info":1,"_links":{"self":[{"href":"http:\/\/xenonkungen.com\/no\/wp-json\/wp\/v2\/product\/26926","targetHints":{"allow":["GET"]}}],"collection":[{"href":"http:\/\/xenonkungen.com\/no\/wp-json\/wp\/v2\/product"}],"about":[{"href":"http:\/\/xenonkungen.com\/no\/wp-json\/wp\/v2\/types\/product"}],"replies":[{"embeddable":true,"href":"http:\/\/xenonkungen.com\/no\/wp-json\/wp\/v2\/comments?post=26926"}],"wp:featuredmedia":[{"embeddable":true,"href":"http:\/\/xenonkungen.com\/no\/wp-json\/wp\/v2\/media\/27019"}],"wp:attachment":[{"href":"http:\/\/xenonkungen.com\/no\/wp-json\/wp\/v2\/media?parent=26926"}],"wp:term":[{"taxonomy":"anvandningsomrade","embeddable":true,"href":"http:\/\/xenonkungen.com\/no\/wp-json\/wp\/v2\/anvandningsomrade?post=26926"},{"taxonomy":"bilmarken","embeddable":true,"href":"http:\/\/xenonkungen.com\/no\/wp-json\/wp\/v2\/bilmarken?post=26926"},{"taxonomy":"product_brand","embeddable":true,"href":"http:\/\/xenonkungen.com\/no\/wp-json\/wp\/v2\/product_brand?post=26926"},{"taxonomy":"product_cat","embeddable":true,"href":"http:\/\/xenonkungen.com\/no\/wp-json\/wp\/v2\/product_cat?post=26926"},{"taxonomy":"product_tag","embeddable":true,"href":"http:\/\/xenonkungen.com\/no\/wp-json\/wp\/v2\/product_tag?post=26926"}],"curies":[{"name":"wp","href":"https:\/\/api.w.org\/{rel}","templated":true}]}}