{"id":27058,"date":"2026-03-02T15:02:55","date_gmt":"2026-03-02T14:02:55","guid":{"rendered":"https:\/\/xenonkungen.com\/?post_type=product&#038;p=27058"},"modified":"2026-04-11T00:16:54","modified_gmt":"2026-04-10T23:16:54","slug":"krympeslange-med-loddestang-05-10-mm%c2%b2","status":"publish","type":"product","link":"http:\/\/xenonkungen.com\/no\/produkt\/krympeslange-med-loddestang-05-10-mm%c2%b2\/","title":{"rendered":"Krympeslange med lodding | R\u00d8D 0,5\u20131,0 mm\u00b2"},"content":{"rendered":"<h1>R\u00f8d krympeslange med lodding<\/h1>\n<p>Enkel krympeslange med loddetinn p\u00e5 innsiden. Gir deg perfekt ledning og vannbeskyttelse p\u00e5 samme tid.<\/p>\n<p>Denne varianten er laget for kabler som er 0,5\u20131,0 mm2<\/p>","protected":false},"excerpt":{"rendered":"<p>Perfekt for skj\u00f8ting av kabler i bilen.<\/p>","protected":false},"featured_media":27060,"comment_status":"closed","ping_status":"closed","template":"","meta":{"_acf_changed":false,"_smort_price_nok":"5","_smort_price_dkk":"3","_smort_price_eur":"0.45","_smort_sale_price_nok":"","_smort_sale_price_dkk":"","_smort_sale_price_eur":"","smort_restorder":"","shipmondo_restorder":"","_kad_blocks_custom_css":"","_kad_blocks_head_custom_js":"","_kad_blocks_body_custom_js":"","_kad_blocks_footer_custom_js":"","smort_custom_pricelist_1":"3.2","smort_custom_pricelist_2":"2.4","smort_custom_pricelist_3":"2.28","smort_custom_pricelist_4":"4","smort_custom_pricelist_5":"2.4"},"anvandningsomrade":[],"bilmarken":[],"product_brand":[2793],"product_cat":[2469,390],"product_tag":[],"class_list":{"0":"post-27058","1":"product","2":"type-product","3":"status-publish","4":"has-post-thumbnail","6":"product_brand-ovrigt","7":"product_cat-kabelskor-kabelhallare-installation","8":"product_cat-installation","10":"first","11":"instock","12":"taxable","13":"shipping-taxable","14":"purchasable","15":"product-type-simple"},"bundled_by":[],"bundle_stock_status":"instock","bundle_stock_quantity":253,"bundle_virtual":false,"bundle_layout":"","bundle_add_to_cart_form_location":"","bundle_editable_in_cart":false,"bundle_sold_individually_context":"","bundle_item_grouping":"","bundle_min_size":"","bundle_max_size":"","bundle_price":[],"bundled_items":[],"bundle_sell_ids":[],"acf":[],"yoast_head":"<!-- This site is optimized with the Yoast SEO plugin v27.0 - https:\/\/yoast.com\/product\/yoast-seo-wordpress\/ -->\n<title>Krympslang med l\u00f6dning | R\u00d6D 0.5-1.0mm2 - Xenonkungen<\/title>\n<meta name=\"robots\" content=\"index, follow, max-snippet:-1, max-image-preview:large, max-video-preview:-1\" \/>\n<link rel=\"canonical\" href=\"https:\/\/xenonkungen.com\/no\/produkt\/krympeslange-med-loddestang-05-10-mm\u00b2\/\" \/>\n<meta property=\"og:locale\" content=\"nb_NO\" \/>\n<meta property=\"og:type\" content=\"article\" \/>\n<meta property=\"og:title\" content=\"Krympslang med l\u00f6dning | R\u00d6D 0.5-1.0mm2 - Xenonkungen\" \/>\n<meta property=\"og:description\" content=\"Perfekt n\u00e4r ni ska skarva kablage i bilen.\" \/>\n<meta property=\"og:url\" content=\"https:\/\/xenonkungen.com\/no\/produkt\/krympeslange-med-loddestang-05-10-mm\u00b2\/\" \/>\n<meta property=\"og:site_name\" content=\"Xenonkungen\" \/>\n<meta property=\"article:modified_time\" content=\"2026-04-10T23:16:54+00:00\" \/>\n<meta property=\"og:image\" content=\"https:\/\/xenonkungen.com\/wp-content\/uploads\/2026\/03\/Krympslang-m.-lod-ROD-0.5-1.0mm-ArtNr45054-2KZ260555-close-2000px-PNNG.png\" \/>\n\t<meta property=\"og:image:width\" content=\"1500\" \/>\n\t<meta property=\"og:image:height\" content=\"828\" \/>\n\t<meta property=\"og:image:type\" content=\"image\/png\" \/>\n<meta name=\"twitter:card\" content=\"summary_large_image\" \/>\n<meta name=\"twitter:label1\" content=\"Ansl. lesetid\" \/>\n\t<meta name=\"twitter:data1\" content=\"1 minutt\" \/>\n<script type=\"application\/ld+json\" class=\"yoast-schema-graph\">{\"@context\":\"https:\/\/schema.org\",\"@graph\":[{\"@type\":\"WebPage\",\"@id\":\"https:\/\/xenonkungen.com\/produkt\/krympslang-med-lodning-rod-0-5-1-0mm2\/\",\"url\":\"https:\/\/xenonkungen.com\/produkt\/krympslang-med-lodning-rod-0-5-1-0mm2\/\",\"name\":\"Krympslang med l\u00f6dning | R\u00d6D 0.5-1.0mm2 - Xenonkungen\",\"isPartOf\":{\"@id\":\"https:\/\/xenonkungen.com\/#website\"},\"primaryImageOfPage\":{\"@id\":\"https:\/\/xenonkungen.com\/produkt\/krympslang-med-lodning-rod-0-5-1-0mm2\/#primaryimage\"},\"image\":{\"@id\":\"https:\/\/xenonkungen.com\/produkt\/krympslang-med-lodning-rod-0-5-1-0mm2\/#primaryimage\"},\"thumbnailUrl\":\"https:\/\/xenonkungen.com\/wp-content\/uploads\/2026\/03\/Krympslang-m.-lod-ROD-0.5-1.0mm-ArtNr45054-2KZ260555-close-2000px-PNNG.png\",\"datePublished\":\"2026-03-02T14:02:55+00:00\",\"dateModified\":\"2026-04-10T23:16:54+00:00\",\"breadcrumb\":{\"@id\":\"https:\/\/xenonkungen.com\/produkt\/krympslang-med-lodning-rod-0-5-1-0mm2\/#breadcrumb\"},\"inLanguage\":\"nb-NO\",\"potentialAction\":[{\"@type\":\"ReadAction\",\"target\":[\"https:\/\/xenonkungen.com\/produkt\/krympslang-med-lodning-rod-0-5-1-0mm2\/\"]}]},{\"@type\":\"ImageObject\",\"inLanguage\":\"nb-NO\",\"@id\":\"https:\/\/xenonkungen.com\/produkt\/krympslang-med-lodning-rod-0-5-1-0mm2\/#primaryimage\",\"url\":\"https:\/\/xenonkungen.com\/wp-content\/uploads\/2026\/03\/Krympslang-m.-lod-ROD-0.5-1.0mm-ArtNr45054-2KZ260555-close-2000px-PNNG.png\",\"contentUrl\":\"https:\/\/xenonkungen.com\/wp-content\/uploads\/2026\/03\/Krympslang-m.-lod-ROD-0.5-1.0mm-ArtNr45054-2KZ260555-close-2000px-PNNG.png\",\"width\":1500,\"height\":828},{\"@type\":\"BreadcrumbList\",\"@id\":\"https:\/\/xenonkungen.com\/produkt\/krympslang-med-lodning-rod-0-5-1-0mm2\/#breadcrumb\",\"itemListElement\":[{\"@type\":\"ListItem\",\"position\":1,\"name\":\"Hem\",\"item\":\"https:\/\/xenonkungen.com\/\"},{\"@type\":\"ListItem\",\"position\":2,\"name\":\"Shop\",\"item\":\"https:\/\/xenonkungen.com\/shop\/\"},{\"@type\":\"ListItem\",\"position\":3,\"name\":\"Krympslang med l\u00f6dning | R\u00d6D 0.5-1.0mm2\"}]},{\"@type\":\"WebSite\",\"@id\":\"https:\/\/xenonkungen.com\/#website\",\"url\":\"https:\/\/xenonkungen.com\/\",\"name\":\"Xenonkungen\",\"description\":\"\",\"potentialAction\":[{\"@type\":\"SearchAction\",\"target\":{\"@type\":\"EntryPoint\",\"urlTemplate\":\"https:\/\/xenonkungen.com\/?s={search_term_string}\"},\"query-input\":{\"@type\":\"PropertyValueSpecification\",\"valueRequired\":true,\"valueName\":\"search_term_string\"}}],\"inLanguage\":\"nb-NO\"}]}<\/script>\n<!-- \/ Yoast SEO plugin. -->","yoast_head_json":{"title":"Krympeslange med lodding | R\u00d8D 0,5-1,0 mm2 - Xenonkungen","robots":{"index":"index","follow":"follow","max-snippet":"max-snippet:-1","max-image-preview":"max-image-preview:large","max-video-preview":"max-video-preview:-1"},"canonical":"https:\/\/xenonkungen.com\/no\/produkt\/krympeslange-med-loddestang-05-10-mm\u00b2\/","og_locale":"nb_NO","og_type":"article","og_title":"Krympslang med l\u00f6dning | R\u00d6D 0.5-1.0mm2 - Xenonkungen","og_description":"Perfekt n\u00e4r ni ska skarva kablage i bilen.","og_url":"https:\/\/xenonkungen.com\/no\/produkt\/krympeslange-med-loddestang-05-10-mm\u00b2\/","og_site_name":"Xenonkungen","article_modified_time":"2026-04-10T23:16:54+00:00","og_image":[{"width":1500,"height":828,"url":"https:\/\/xenonkungen.com\/wp-content\/uploads\/2026\/03\/Krympslang-m.-lod-ROD-0.5-1.0mm-ArtNr45054-2KZ260555-close-2000px-PNNG.png","type":"image\/png"}],"twitter_card":"summary_large_image","twitter_misc":{"Ansl. lesetid":"1 minutt"},"schema":{"@context":"https:\/\/schema.org","@graph":[{"@type":"WebPage","@id":"https:\/\/xenonkungen.com\/produkt\/krympslang-med-lodning-rod-0-5-1-0mm2\/","url":"https:\/\/xenonkungen.com\/produkt\/krympslang-med-lodning-rod-0-5-1-0mm2\/","name":"Krympeslange med lodding | R\u00d8D 0,5-1,0 mm2 - Xenonkungen","isPartOf":{"@id":"https:\/\/xenonkungen.com\/#website"},"primaryImageOfPage":{"@id":"https:\/\/xenonkungen.com\/produkt\/krympslang-med-lodning-rod-0-5-1-0mm2\/#primaryimage"},"image":{"@id":"https:\/\/xenonkungen.com\/produkt\/krympslang-med-lodning-rod-0-5-1-0mm2\/#primaryimage"},"thumbnailUrl":"https:\/\/xenonkungen.com\/wp-content\/uploads\/2026\/03\/Krympslang-m.-lod-ROD-0.5-1.0mm-ArtNr45054-2KZ260555-close-2000px-PNNG.png","datePublished":"2026-03-02T14:02:55+00:00","dateModified":"2026-04-10T23:16:54+00:00","breadcrumb":{"@id":"https:\/\/xenonkungen.com\/produkt\/krympslang-med-lodning-rod-0-5-1-0mm2\/#breadcrumb"},"inLanguage":"nb-NO","potentialAction":[{"@type":"ReadAction","target":["https:\/\/xenonkungen.com\/produkt\/krympslang-med-lodning-rod-0-5-1-0mm2\/"]}]},{"@type":"ImageObject","inLanguage":"nb-NO","@id":"https:\/\/xenonkungen.com\/produkt\/krympslang-med-lodning-rod-0-5-1-0mm2\/#primaryimage","url":"https:\/\/xenonkungen.com\/wp-content\/uploads\/2026\/03\/Krympslang-m.-lod-ROD-0.5-1.0mm-ArtNr45054-2KZ260555-close-2000px-PNNG.png","contentUrl":"https:\/\/xenonkungen.com\/wp-content\/uploads\/2026\/03\/Krympslang-m.-lod-ROD-0.5-1.0mm-ArtNr45054-2KZ260555-close-2000px-PNNG.png","width":1500,"height":828},{"@type":"BreadcrumbList","@id":"https:\/\/xenonkungen.com\/produkt\/krympslang-med-lodning-rod-0-5-1-0mm2\/#breadcrumb","itemListElement":[{"@type":"ListItem","position":1,"name":"Hem","item":"https:\/\/xenonkungen.com\/"},{"@type":"ListItem","position":2,"name":"Shop","item":"https:\/\/xenonkungen.com\/shop\/"},{"@type":"ListItem","position":3,"name":"Krympslang med l\u00f6dning | R\u00d6D 0.5-1.0mm2"}]},{"@type":"WebSite","@id":"https:\/\/xenonkungen.com\/#website","url":"https:\/\/xenonkungen.com\/","name":"Xenonkungen","description":"","potentialAction":[{"@type":"SearchAction","target":{"@type":"EntryPoint","urlTemplate":"https:\/\/xenonkungen.com\/?s={search_term_string}"},"query-input":{"@type":"PropertyValueSpecification","valueRequired":true,"valueName":"search_term_string"}}],"inLanguage":"nb-NO"}]}},"taxonomy_info":{"product_brand":[{"value":2793,"label":"\u00d6VRIGT"}],"product_cat":[{"value":2469,"label":"Kabelskor &amp; Kabelh\u00e5llare"},{"value":390,"label":"Installation"}]},"featured_image_src_large":["https:\/\/xenonkungen.com\/wp-content\/uploads\/2026\/03\/Krympslang-m.-lod-ROD-0.5-1.0mm-ArtNr45054-2KZ260555-close-2000px-PNNG-1024x565.png",1024,565,true],"author_info":[],"comment_info":0,"_links":{"self":[{"href":"http:\/\/xenonkungen.com\/no\/wp-json\/wp\/v2\/product\/27058","targetHints":{"allow":["GET"]}}],"collection":[{"href":"http:\/\/xenonkungen.com\/no\/wp-json\/wp\/v2\/product"}],"about":[{"href":"http:\/\/xenonkungen.com\/no\/wp-json\/wp\/v2\/types\/product"}],"replies":[{"embeddable":true,"href":"http:\/\/xenonkungen.com\/no\/wp-json\/wp\/v2\/comments?post=27058"}],"wp:featuredmedia":[{"embeddable":true,"href":"http:\/\/xenonkungen.com\/no\/wp-json\/wp\/v2\/media\/27060"}],"wp:attachment":[{"href":"http:\/\/xenonkungen.com\/no\/wp-json\/wp\/v2\/media?parent=27058"}],"wp:term":[{"taxonomy":"anvandningsomrade","embeddable":true,"href":"http:\/\/xenonkungen.com\/no\/wp-json\/wp\/v2\/anvandningsomrade?post=27058"},{"taxonomy":"bilmarken","embeddable":true,"href":"http:\/\/xenonkungen.com\/no\/wp-json\/wp\/v2\/bilmarken?post=27058"},{"taxonomy":"product_brand","embeddable":true,"href":"http:\/\/xenonkungen.com\/no\/wp-json\/wp\/v2\/product_brand?post=27058"},{"taxonomy":"product_cat","embeddable":true,"href":"http:\/\/xenonkungen.com\/no\/wp-json\/wp\/v2\/product_cat?post=27058"},{"taxonomy":"product_tag","embeddable":true,"href":"http:\/\/xenonkungen.com\/no\/wp-json\/wp\/v2\/product_tag?post=27058"}],"curies":[{"name":"wp","href":"https:\/\/api.w.org\/{rel}","templated":true}]}}