{"id":2768,"date":"2025-04-15T08:42:47","date_gmt":"2025-04-15T08:42:47","guid":{"rendered":"https:\/\/xenonkungen.com\/product\/luxtar-universal-tvadelat-led-rampsfaste\/"},"modified":"2026-04-10T23:56:52","modified_gmt":"2026-04-10T22:56:52","slug":"luxtar-universell-todelt-led-rampefeste","status":"publish","type":"product","link":"http:\/\/xenonkungen.com\/no\/produkt\/luxtar-universell-todelt-led-rampefeste\/","title":{"rendered":"Luxtar Universal todelt LED-rampebrakett"},"content":{"rendered":"<h2><strong>Luxtar Universal todelt LED-rampebrakett<\/strong><\/h2>\n<p><strong>Luxtar Universal LED-rampeholdere - fleksible, stilige og effektive<\/strong><\/p>\n<p>Oppdag Luxtars todelte LED-rammefester, det ultimate valget for en sikker og smidig installasjon av LED-rammen din.<\/p>\n<p>De er designet for \u00e5 passe til en rekke ulike LED-ramper, og har allsidige monteringsalternativer som gj\u00f8r at de kan monteres b\u00e5de oppover og nedover, rett bak bilskiltet.<\/p>\n<p>Med en pulverlakkert svart overflate og flere festepunkter f\u00e5r du en stilig og robust installasjon. Perfekt for innfelt montering og ideell for deg som \u00f8nsker \u00e5 kombinere funksjonalitet med et diskret utseende.<\/p>\n<p><strong>Hvorfor velge Luxtar LED-rampebraketter?<\/strong><\/p>\n<ul>\n<li><strong>Universell<\/strong>: Passer til de fleste LED-ramper.<\/li>\n<li><strong>Fleksible installasjonsalternativer<\/strong>: Kan monteres i forskjellige posisjoner for \u00e5 dekke dine behov.<\/li>\n<li><strong>Sikker og stabil installasjon<\/strong>: Gir en solid og p\u00e5litelig l\u00f8sning bak bilskiltet.<\/li>\n<li><strong>Enkel installasjon<\/strong>: Rask og enkel \u00e5 installere uten problemer.<\/li>\n<li><strong>B\u00e6rekraftig design<\/strong>: Pulverlakkert i svart for et holdbart og elegant resultat.<\/li>\n<li><strong>Leveres i par<\/strong><\/li>\n<\/ul>\n<p>Klar til \u00e5 ta bilbelysningen til neste niv\u00e5. Gi deg selv friheten til \u00e5 justere avstanden n\u00f8yaktig og skape en perfekt installasjon hver gang.<\/p>\n<p>Med Luxtar LED-rampefester f\u00e5r du ikke bare kvalitet, men ogs\u00e5 en l\u00f8sning som gj\u00f8r installasjonen enkel og effektiv.<\/p>\n<p>Velg det beste for belysningen din - velg Luxtar.<\/p>","protected":false},"excerpt":{"rendered":"<p>Luxtar Universal tv\u00e5delat LED-rampsf\u00e4ste Luxtar Universella LED-rampsf\u00e4sten \u2013 Flexibla, Eleganta och Effektiva Uppt\u00e4ck Luxtars tv\u00e5delade LED-rampsf\u00e4sten, det ultimata valet f\u00f6r en s\u00e4ker och smidig montering av din LED-ramp. Designade f\u00f6r att passa en rad olika LED-ramper och erbjuder m\u00e5ngsidiga monteringsm\u00f6jligheter som g\u00f6r att de kan monteras b\u00e5de upp\u00e5t och ned\u00e5t, direkt bakom din registreringsskylt. Med [&hellip;]<\/p>","protected":false},"featured_media":2769,"comment_status":"closed","ping_status":"closed","template":"","meta":{"_acf_changed":false,"_smort_price_nok":"373","_smort_price_dkk":"237","_smort_price_eur":"31.73","_smort_sale_price_nok":"","_smort_sale_price_dkk":"","_smort_sale_price_eur":"","smort_restorder":"","shipmondo_restorder":"","_kad_blocks_custom_css":"","_kad_blocks_head_custom_js":"","_kad_blocks_body_custom_js":"","_kad_blocks_footer_custom_js":"","smort_custom_pricelist_1":"223.36","smort_custom_pricelist_2":"195.44","smort_custom_pricelist_3":"181.48","smort_custom_pricelist_4":"279.2","smort_custom_pricelist_5":"195.44"},"anvandningsomrade":[],"bilmarken":[],"product_brand":[103],"product_cat":[2534,2461,2828,2535,2826,2823,2536,390],"product_tag":[],"class_list":{"0":"post-2768","1":"product","2":"type-product","3":"status-publish","4":"has-post-thumbnail","6":"product_brand-luxtar","7":"product_cat-extraljusfaste-extraljus","8":"product_cat-fasten-installation","9":"product_cat-installation-led-ramper","10":"product_cat-tillbehor-ledramper","11":"product_cat-luxtar","12":"product_cat-luxtar-ovriga-produkter","13":"product_cat-tillbehor-tillbehor-ledramper","14":"product_cat-installation","15":"pa_storlek-mm-157x182x3","17":"first","18":"instock","19":"taxable","20":"shipping-taxable","21":"purchasable","22":"product-type-simple"},"bundled_by":[],"bundle_stock_status":"instock","bundle_stock_quantity":104,"bundle_virtual":false,"bundle_layout":"","bundle_add_to_cart_form_location":"","bundle_editable_in_cart":false,"bundle_sold_individually_context":"","bundle_item_grouping":"","bundle_min_size":"","bundle_max_size":"","bundle_price":[],"bundled_items":[],"bundle_sell_ids":[],"acf":[],"yoast_head":"<!-- This site is optimized with the Yoast SEO plugin v27.0 - https:\/\/yoast.com\/product\/yoast-seo-wordpress\/ -->\n<title>Luxtar Universal tv\u00e5delat LED-rampsf\u00e4ste - Xenonkungen<\/title>\n<meta name=\"robots\" content=\"index, follow, max-snippet:-1, max-image-preview:large, max-video-preview:-1\" \/>\n<link rel=\"canonical\" href=\"https:\/\/xenonkungen.com\/no\/produkt\/luxtar-universell-todelt-led-rampefeste\/\" \/>\n<meta property=\"og:locale\" content=\"nb_NO\" \/>\n<meta property=\"og:type\" content=\"article\" \/>\n<meta property=\"og:title\" content=\"Luxtar Universal tv\u00e5delat LED-rampsf\u00e4ste - Xenonkungen\" \/>\n<meta property=\"og:description\" content=\"Luxtar Universal tv\u00e5delat LED-rampsf\u00e4ste Luxtar Universella LED-rampsf\u00e4sten \u2013 Flexibla, Eleganta och Effektiva Uppt\u00e4ck Luxtars tv\u00e5delade LED-rampsf\u00e4sten, det ultimata valet f\u00f6r en s\u00e4ker och smidig montering av din LED-ramp. Designade f\u00f6r att passa en rad olika LED-ramper och erbjuder m\u00e5ngsidiga monteringsm\u00f6jligheter som g\u00f6r att de kan monteras b\u00e5de upp\u00e5t och ned\u00e5t, direkt bakom din registreringsskylt. Med [&hellip;]\" \/>\n<meta property=\"og:url\" content=\"https:\/\/xenonkungen.com\/no\/produkt\/luxtar-universell-todelt-led-rampefeste\/\" \/>\n<meta property=\"og:site_name\" content=\"Xenonkungen\" \/>\n<meta property=\"article:modified_time\" content=\"2026-04-10T22:56:52+00:00\" \/>\n<meta property=\"og:image\" content=\"https:\/\/xenonkungen.com\/wp-content\/uploads\/2025\/04\/CDzV0pUQ.jpg\" \/>\n\t<meta property=\"og:image:width\" content=\"600\" \/>\n\t<meta property=\"og:image:height\" content=\"600\" \/>\n\t<meta property=\"og:image:type\" content=\"image\/jpeg\" \/>\n<meta name=\"twitter:card\" content=\"summary_large_image\" \/>\n<meta name=\"twitter:label1\" content=\"Ansl. lesetid\" \/>\n\t<meta name=\"twitter:data1\" content=\"2 minutter\" \/>\n<script type=\"application\/ld+json\" class=\"yoast-schema-graph\">{\"@context\":\"https:\/\/schema.org\",\"@graph\":[{\"@type\":\"WebPage\",\"@id\":\"https:\/\/xenonkungen.com\/produkt\/luxtar-universal-tvadelat-led-rampsfaste\/\",\"url\":\"https:\/\/xenonkungen.com\/produkt\/luxtar-universal-tvadelat-led-rampsfaste\/\",\"name\":\"Luxtar Universal tv\u00e5delat LED-rampsf\u00e4ste - Xenonkungen\",\"isPartOf\":{\"@id\":\"https:\/\/xenonkungen.com\/#website\"},\"primaryImageOfPage\":{\"@id\":\"https:\/\/xenonkungen.com\/produkt\/luxtar-universal-tvadelat-led-rampsfaste\/#primaryimage\"},\"image\":{\"@id\":\"https:\/\/xenonkungen.com\/produkt\/luxtar-universal-tvadelat-led-rampsfaste\/#primaryimage\"},\"thumbnailUrl\":\"https:\/\/xenonkungen.com\/wp-content\/uploads\/2025\/04\/CDzV0pUQ.jpg\",\"datePublished\":\"2025-04-15T08:42:47+00:00\",\"dateModified\":\"2026-04-10T22:56:52+00:00\",\"breadcrumb\":{\"@id\":\"https:\/\/xenonkungen.com\/produkt\/luxtar-universal-tvadelat-led-rampsfaste\/#breadcrumb\"},\"inLanguage\":\"nb-NO\",\"potentialAction\":[{\"@type\":\"ReadAction\",\"target\":[\"https:\/\/xenonkungen.com\/produkt\/luxtar-universal-tvadelat-led-rampsfaste\/\"]}]},{\"@type\":\"ImageObject\",\"inLanguage\":\"nb-NO\",\"@id\":\"https:\/\/xenonkungen.com\/produkt\/luxtar-universal-tvadelat-led-rampsfaste\/#primaryimage\",\"url\":\"https:\/\/xenonkungen.com\/wp-content\/uploads\/2025\/04\/CDzV0pUQ.jpg\",\"contentUrl\":\"https:\/\/xenonkungen.com\/wp-content\/uploads\/2025\/04\/CDzV0pUQ.jpg\",\"width\":600,\"height\":600},{\"@type\":\"BreadcrumbList\",\"@id\":\"https:\/\/xenonkungen.com\/produkt\/luxtar-universal-tvadelat-led-rampsfaste\/#breadcrumb\",\"itemListElement\":[{\"@type\":\"ListItem\",\"position\":1,\"name\":\"Hem\",\"item\":\"https:\/\/xenonkungen.com\/\"},{\"@type\":\"ListItem\",\"position\":2,\"name\":\"Shop\",\"item\":\"https:\/\/xenonkungen.com\/shop\/\"},{\"@type\":\"ListItem\",\"position\":3,\"name\":\"Luxtar Universal tv\u00e5delat LED-rampsf\u00e4ste\"}]},{\"@type\":\"WebSite\",\"@id\":\"https:\/\/xenonkungen.com\/#website\",\"url\":\"https:\/\/xenonkungen.com\/\",\"name\":\"Xenonkungen\",\"description\":\"\",\"potentialAction\":[{\"@type\":\"SearchAction\",\"target\":{\"@type\":\"EntryPoint\",\"urlTemplate\":\"https:\/\/xenonkungen.com\/?s={search_term_string}\"},\"query-input\":{\"@type\":\"PropertyValueSpecification\",\"valueRequired\":true,\"valueName\":\"search_term_string\"}}],\"inLanguage\":\"nb-NO\"}]}<\/script>\n<!-- \/ Yoast SEO plugin. -->","yoast_head_json":{"title":"Luxtar Universal todelt LED rampefeste - Xenonkungen","robots":{"index":"index","follow":"follow","max-snippet":"max-snippet:-1","max-image-preview":"max-image-preview:large","max-video-preview":"max-video-preview:-1"},"canonical":"https:\/\/xenonkungen.com\/no\/produkt\/luxtar-universell-todelt-led-rampefeste\/","og_locale":"nb_NO","og_type":"article","og_title":"Luxtar Universal tv\u00e5delat LED-rampsf\u00e4ste - Xenonkungen","og_description":"Luxtar Universal tv\u00e5delat LED-rampsf\u00e4ste Luxtar Universella LED-rampsf\u00e4sten \u2013 Flexibla, Eleganta och Effektiva Uppt\u00e4ck Luxtars tv\u00e5delade LED-rampsf\u00e4sten, det ultimata valet f\u00f6r en s\u00e4ker och smidig montering av din LED-ramp. Designade f\u00f6r att passa en rad olika LED-ramper och erbjuder m\u00e5ngsidiga monteringsm\u00f6jligheter som g\u00f6r att de kan monteras b\u00e5de upp\u00e5t och ned\u00e5t, direkt bakom din registreringsskylt. Med [&hellip;]","og_url":"https:\/\/xenonkungen.com\/no\/produkt\/luxtar-universell-todelt-led-rampefeste\/","og_site_name":"Xenonkungen","article_modified_time":"2026-04-10T22:56:52+00:00","og_image":[{"width":600,"height":600,"url":"https:\/\/xenonkungen.com\/wp-content\/uploads\/2025\/04\/CDzV0pUQ.jpg","type":"image\/jpeg"}],"twitter_card":"summary_large_image","twitter_misc":{"Ansl. lesetid":"2 minutter"},"schema":{"@context":"https:\/\/schema.org","@graph":[{"@type":"WebPage","@id":"https:\/\/xenonkungen.com\/produkt\/luxtar-universal-tvadelat-led-rampsfaste\/","url":"https:\/\/xenonkungen.com\/produkt\/luxtar-universal-tvadelat-led-rampsfaste\/","name":"Luxtar Universal todelt LED rampefeste - Xenonkungen","isPartOf":{"@id":"https:\/\/xenonkungen.com\/#website"},"primaryImageOfPage":{"@id":"https:\/\/xenonkungen.com\/produkt\/luxtar-universal-tvadelat-led-rampsfaste\/#primaryimage"},"image":{"@id":"https:\/\/xenonkungen.com\/produkt\/luxtar-universal-tvadelat-led-rampsfaste\/#primaryimage"},"thumbnailUrl":"https:\/\/xenonkungen.com\/wp-content\/uploads\/2025\/04\/CDzV0pUQ.jpg","datePublished":"2025-04-15T08:42:47+00:00","dateModified":"2026-04-10T22:56:52+00:00","breadcrumb":{"@id":"https:\/\/xenonkungen.com\/produkt\/luxtar-universal-tvadelat-led-rampsfaste\/#breadcrumb"},"inLanguage":"nb-NO","potentialAction":[{"@type":"ReadAction","target":["https:\/\/xenonkungen.com\/produkt\/luxtar-universal-tvadelat-led-rampsfaste\/"]}]},{"@type":"ImageObject","inLanguage":"nb-NO","@id":"https:\/\/xenonkungen.com\/produkt\/luxtar-universal-tvadelat-led-rampsfaste\/#primaryimage","url":"https:\/\/xenonkungen.com\/wp-content\/uploads\/2025\/04\/CDzV0pUQ.jpg","contentUrl":"https:\/\/xenonkungen.com\/wp-content\/uploads\/2025\/04\/CDzV0pUQ.jpg","width":600,"height":600},{"@type":"BreadcrumbList","@id":"https:\/\/xenonkungen.com\/produkt\/luxtar-universal-tvadelat-led-rampsfaste\/#breadcrumb","itemListElement":[{"@type":"ListItem","position":1,"name":"Hem","item":"https:\/\/xenonkungen.com\/"},{"@type":"ListItem","position":2,"name":"Shop","item":"https:\/\/xenonkungen.com\/shop\/"},{"@type":"ListItem","position":3,"name":"Luxtar Universal tv\u00e5delat LED-rampsf\u00e4ste"}]},{"@type":"WebSite","@id":"https:\/\/xenonkungen.com\/#website","url":"https:\/\/xenonkungen.com\/","name":"Xenonkungen","description":"","potentialAction":[{"@type":"SearchAction","target":{"@type":"EntryPoint","urlTemplate":"https:\/\/xenonkungen.com\/?s={search_term_string}"},"query-input":{"@type":"PropertyValueSpecification","valueRequired":true,"valueName":"search_term_string"}}],"inLanguage":"nb-NO"}]}},"taxonomy_info":{"product_brand":[{"value":103,"label":"LUXTAR"}],"product_cat":[{"value":2534,"label":"Extraljusf\u00e4ste"},{"value":2461,"label":"F\u00e4sten"},{"value":2828,"label":"Installation LED-ramper"},{"value":2535,"label":"LEDRAMPER"},{"value":2826,"label":"LUXTAR"},{"value":2823,"label":"Luxtar - \u00d6vriga produkter"},{"value":2536,"label":"Tillbeh\u00f6r"},{"value":390,"label":"Installation"}],"pa_storlek-mm":[{"value":857,"label":"157x182x3"}]},"featured_image_src_large":["https:\/\/xenonkungen.com\/wp-content\/uploads\/2025\/04\/CDzV0pUQ.jpg",600,600,false],"author_info":[],"comment_info":0,"_links":{"self":[{"href":"http:\/\/xenonkungen.com\/no\/wp-json\/wp\/v2\/product\/2768","targetHints":{"allow":["GET"]}}],"collection":[{"href":"http:\/\/xenonkungen.com\/no\/wp-json\/wp\/v2\/product"}],"about":[{"href":"http:\/\/xenonkungen.com\/no\/wp-json\/wp\/v2\/types\/product"}],"replies":[{"embeddable":true,"href":"http:\/\/xenonkungen.com\/no\/wp-json\/wp\/v2\/comments?post=2768"}],"wp:featuredmedia":[{"embeddable":true,"href":"http:\/\/xenonkungen.com\/no\/wp-json\/wp\/v2\/media\/2769"}],"wp:attachment":[{"href":"http:\/\/xenonkungen.com\/no\/wp-json\/wp\/v2\/media?parent=2768"}],"wp:term":[{"taxonomy":"anvandningsomrade","embeddable":true,"href":"http:\/\/xenonkungen.com\/no\/wp-json\/wp\/v2\/anvandningsomrade?post=2768"},{"taxonomy":"bilmarken","embeddable":true,"href":"http:\/\/xenonkungen.com\/no\/wp-json\/wp\/v2\/bilmarken?post=2768"},{"taxonomy":"product_brand","embeddable":true,"href":"http:\/\/xenonkungen.com\/no\/wp-json\/wp\/v2\/product_brand?post=2768"},{"taxonomy":"product_cat","embeddable":true,"href":"http:\/\/xenonkungen.com\/no\/wp-json\/wp\/v2\/product_cat?post=2768"},{"taxonomy":"product_tag","embeddable":true,"href":"http:\/\/xenonkungen.com\/no\/wp-json\/wp\/v2\/product_tag?post=2768"}],"curies":[{"name":"wp","href":"https:\/\/api.w.org\/{rel}","templated":true}]}}