{"id":1006,"date":"2025-04-15T07:56:42","date_gmt":"2025-04-15T07:56:42","guid":{"rendered":"https:\/\/xenonkungen.com\/product\/relakabelsats-3st-extraljus-12vdt\/"},"modified":"2026-04-15T07:56:57","modified_gmt":"2026-04-15T06:56:57","slug":"relaiskabelsatz-3-stuck-zusatzscheinwerfer-12-vdt","status":"publish","type":"product","link":"https:\/\/xenonkungen.com\/de\/produkt\/relaiskabelsatz-3-stuck-zusatzscheinwerfer-12-vdt\/","title":{"rendered":"Relaiskabelsatz 3tlg. Extra leicht 12V|DT 60A"},"content":{"rendered":"<h1>Relaiskabelsatz 3B | DT 60A 12V<\/h1>\n<p>Relaisverkabelung f\u00fcr den sicheren Betrieb von 3 LED-Lichtleisten oder 3 Zusatzscheinwerfern mit DT-Steckern (Deutsch) an einem Fahrzeug ohne besondere Anforderungen (sogenannter CAN-Bus). Bei Fahrzeugen mit Halogen-Fernlicht kann diese Verkabelung in der Regel verwendet werden.<\/p>\n<p>Funktioniert hervorragend mit Arbeitsleuchten mit DT-Anschluss.<\/p>\n<p>F\u00fcr den Anschluss des Signalkabels (+) wird eine Steckdosenleiste mitgeliefert.<br \/>\nDie Installationsanleitung finden Sie im Bild (dort wird die Kabelversion mit 1 DT gezeigt).<\/p>\n<p>Aktuell: <strong>12V<\/strong><br \/>\nRelais: 60 A<br \/>\nSicherung: 40 A<br \/>\nKabelquerschnitt: 2 oder 2,7 mm\u00b2<br \/>\nL\u00e4nge: 1,7 Meter<br \/>\n= Gesamtl\u00e4nge 2,5 Meter einschlie\u00dflich des 0,8 Meter langen Rampenkabels.<\/p>\n<p><em>Bitte beachten Sie, dass einige Fahrzeuge aufgrund der sogenannten CAN-Bus-\u00dcberwachung eine spezielle Relaisl\u00f6sung ben\u00f6tigen (siehe Zubeh\u00f6r XBB und\/oder CanM8). Dies betrifft haupts\u00e4chlich neuere europ\u00e4ische Fahrzeuge mit LED- oder Xenon-Scheinwerfern.<\/em><\/p>","protected":false},"excerpt":{"rendered":"<p>Rel\u00e4kabelsats 3B | DT 60A 12V Rel\u00e4kablage f\u00f6r s\u00e4ker str\u00f6mdrift av 3st ljusramper eller 3st extraljus med DT (Deutsch) kontakter och bil utan s\u00e4rskilda krav (sk. Can-bus). Om din bil har halogen helljus kan du i regel anv\u00e4nda detta kablage. Fungerar utm\u00e4rkt p\u00e5 arbetsljus med DT-kontakt. Str\u00f6mtjuv medf\u00f6ljer f\u00f6r inkoppling av signalkabel (+). Se bild [&hellip;]<\/p>","protected":false},"featured_media":25294,"comment_status":"closed","ping_status":"closed","template":"","meta":{"_acf_changed":false,"_smort_price_nok":"315","_smort_price_dkk":"200","_smort_price_eur":"26.82","_smort_sale_price_nok":"","_smort_sale_price_dkk":"","_smort_sale_price_eur":"","smort_restorder":"","shipmondo_restorder":"","_kad_blocks_custom_css":"","_kad_blocks_head_custom_js":"","_kad_blocks_body_custom_js":"","_kad_blocks_footer_custom_js":"","smort_custom_pricelist_1":"188.8","smort_custom_pricelist_2":"165.2","smort_custom_pricelist_3":"153.4","smort_custom_pricelist_4":"279.2","smort_custom_pricelist_5":"165.2"},"anvandningsomrade":[],"bilmarken":[],"product_brand":[117],"product_cat":[2841,2828,2795,2796,2488,2491,2489,2490,390],"product_tag":[],"class_list":{"0":"post-1006","1":"product","2":"type-product","3":"status-publish","4":"has-post-thumbnail","6":"product_brand-xenonkungen","7":"product_cat-installation-extraljus","8":"product_cat-installation-led-ramper","9":"product_cat-kablar-rela","10":"product_cat-relakabelsatser","11":"product_cat-relasats-arbetsbelysning","12":"product_cat-relasats","13":"product_cat-relasats-extraljus","14":"product_cat-relasats-2","15":"product_cat-installation","16":"pa_lampsockel-kontakt-dt","17":"pa_volt-v-159","19":"first","20":"instock","21":"taxable","22":"shipping-taxable","23":"purchasable","24":"product-type-simple"},"bundled_by":["9346","9353","9360","9375","9384","9393"],"bundle_stock_status":"instock","bundle_stock_quantity":386,"bundle_virtual":false,"bundle_layout":"","bundle_add_to_cart_form_location":"","bundle_editable_in_cart":false,"bundle_sold_individually_context":"","bundle_item_grouping":"","bundle_min_size":"","bundle_max_size":"","bundle_price":[],"bundled_items":[],"bundle_sell_ids":[],"acf":[],"yoast_head":"<!-- This site is optimized with the Yoast SEO plugin v27.0 - https:\/\/yoast.com\/product\/yoast-seo-wordpress\/ -->\n<title>Rel\u00e4kabelsats 3st Extraljus 12V|DT 60A - Xenonkungen<\/title>\n<meta name=\"robots\" content=\"index, follow, max-snippet:-1, max-image-preview:large, max-video-preview:-1\" \/>\n<link rel=\"canonical\" href=\"https:\/\/xenonkungen.com\/de\/produkt\/relaiskabelsatz-3-stuck-zusatzscheinwerfer-12-vdt\/\" \/>\n<meta property=\"og:locale\" content=\"de_DE\" \/>\n<meta property=\"og:type\" content=\"article\" \/>\n<meta property=\"og:title\" content=\"Rel\u00e4kabelsats 3st Extraljus 12V|DT 60A - Xenonkungen\" \/>\n<meta property=\"og:description\" content=\"Rel\u00e4kabelsats 3B | DT 60A 12V Rel\u00e4kablage f\u00f6r s\u00e4ker str\u00f6mdrift av 3st ljusramper eller 3st extraljus med DT (Deutsch) kontakter och bil utan s\u00e4rskilda krav (sk. Can-bus). Om din bil har halogen helljus kan du i regel anv\u00e4nda detta kablage. Fungerar utm\u00e4rkt p\u00e5 arbetsljus med DT-kontakt. Str\u00f6mtjuv medf\u00f6ljer f\u00f6r inkoppling av signalkabel (+). Se bild [&hellip;]\" \/>\n<meta property=\"og:url\" content=\"https:\/\/xenonkungen.com\/de\/produkt\/relaiskabelsatz-3-stuck-zusatzscheinwerfer-12-vdt\/\" \/>\n<meta property=\"og:site_name\" content=\"Xenonkungen\" \/>\n<meta property=\"article:modified_time\" content=\"2026-04-15T06:56:57+00:00\" \/>\n<meta property=\"og:image\" content=\"https:\/\/xenonkungen.com\/wp-content\/uploads\/2025\/04\/Relakabelsats-Art.nr103105-3-Relakabelsats-3st-Extraljus-12VDT-60A-DSCF9960-2000px-1024x580.png\" \/>\n\t<meta property=\"og:image:width\" content=\"1024\" \/>\n\t<meta property=\"og:image:height\" content=\"580\" \/>\n\t<meta property=\"og:image:type\" content=\"image\/png\" \/>\n<meta name=\"twitter:card\" content=\"summary_large_image\" \/>\n<meta name=\"twitter:label1\" content=\"Gesch\u00e4tzte Lesezeit\" \/>\n\t<meta name=\"twitter:data1\" content=\"1\u00a0Minute\" \/>\n<script type=\"application\/ld+json\" class=\"yoast-schema-graph\">{\"@context\":\"https:\/\/schema.org\",\"@graph\":[{\"@type\":\"WebPage\",\"@id\":\"https:\/\/xenonkungen.com\/nl\/product\/relaiskabelset-3-stuks-hulplampen-12v\/\",\"url\":\"https:\/\/xenonkungen.com\/nl\/product\/relaiskabelset-3-stuks-hulplampen-12v\/\",\"name\":\"Rel\u00e4kabelsats 3st Extraljus 12V|DT 60A - Xenonkungen\",\"isPartOf\":{\"@id\":\"https:\/\/xenonkungen.com\/#website\"},\"primaryImageOfPage\":{\"@id\":\"https:\/\/xenonkungen.com\/nl\/product\/relaiskabelset-3-stuks-hulplampen-12v\/#primaryimage\"},\"image\":{\"@id\":\"https:\/\/xenonkungen.com\/nl\/product\/relaiskabelset-3-stuks-hulplampen-12v\/#primaryimage\"},\"thumbnailUrl\":\"https:\/\/xenonkungen.com\/wp-content\/uploads\/2025\/04\/Relakabelsats-Art.nr103105-3-Relakabelsats-3st-Extraljus-12VDT-60A-DSCF9960-2000px.png\",\"datePublished\":\"2025-04-15T07:56:42+00:00\",\"dateModified\":\"2026-04-15T06:56:57+00:00\",\"breadcrumb\":{\"@id\":\"https:\/\/xenonkungen.com\/nl\/product\/relaiskabelset-3-stuks-hulplampen-12v\/#breadcrumb\"},\"inLanguage\":\"de\",\"potentialAction\":[{\"@type\":\"ReadAction\",\"target\":[\"https:\/\/xenonkungen.com\/nl\/product\/relaiskabelset-3-stuks-hulplampen-12v\/\"]}]},{\"@type\":\"ImageObject\",\"inLanguage\":\"de\",\"@id\":\"https:\/\/xenonkungen.com\/nl\/product\/relaiskabelset-3-stuks-hulplampen-12v\/#primaryimage\",\"url\":\"https:\/\/xenonkungen.com\/wp-content\/uploads\/2025\/04\/Relakabelsats-Art.nr103105-3-Relakabelsats-3st-Extraljus-12VDT-60A-DSCF9960-2000px.png\",\"contentUrl\":\"https:\/\/xenonkungen.com\/wp-content\/uploads\/2025\/04\/Relakabelsats-Art.nr103105-3-Relakabelsats-3st-Extraljus-12VDT-60A-DSCF9960-2000px.png\",\"width\":2000,\"height\":1132},{\"@type\":\"BreadcrumbList\",\"@id\":\"https:\/\/xenonkungen.com\/nl\/product\/relaiskabelset-3-stuks-hulplampen-12v\/#breadcrumb\",\"itemListElement\":[{\"@type\":\"ListItem\",\"position\":1,\"name\":\"Hem\",\"item\":\"https:\/\/xenonkungen.com\/\"},{\"@type\":\"ListItem\",\"position\":2,\"name\":\"Shop\",\"item\":\"https:\/\/xenonkungen.com\/shop\/\"},{\"@type\":\"ListItem\",\"position\":3,\"name\":\"Rel\u00e4kabelsats 3st Extraljus 12V|DT 60A\"}]},{\"@type\":\"WebSite\",\"@id\":\"https:\/\/xenonkungen.com\/#website\",\"url\":\"https:\/\/xenonkungen.com\/\",\"name\":\"Xenonkungen\",\"description\":\"\",\"potentialAction\":[{\"@type\":\"SearchAction\",\"target\":{\"@type\":\"EntryPoint\",\"urlTemplate\":\"https:\/\/xenonkungen.com\/?s={search_term_string}\"},\"query-input\":{\"@type\":\"PropertyValueSpecification\",\"valueRequired\":true,\"valueName\":\"search_term_string\"}}],\"inLanguage\":\"de\"}]}<\/script>\n<!-- \/ Yoast SEO plugin. -->","yoast_head_json":{"title":"Relaiskabelsatz 3-teilig Zusatzscheinwerfer 12V|DT 60A - Xenonkungen","robots":{"index":"index","follow":"follow","max-snippet":"max-snippet:-1","max-image-preview":"max-image-preview:large","max-video-preview":"max-video-preview:-1"},"canonical":"https:\/\/xenonkungen.com\/de\/produkt\/relaiskabelsatz-3-stuck-zusatzscheinwerfer-12-vdt\/","og_locale":"de_DE","og_type":"article","og_title":"Rel\u00e4kabelsats 3st Extraljus 12V|DT 60A - Xenonkungen","og_description":"Rel\u00e4kabelsats 3B | DT 60A 12V Rel\u00e4kablage f\u00f6r s\u00e4ker str\u00f6mdrift av 3st ljusramper eller 3st extraljus med DT (Deutsch) kontakter och bil utan s\u00e4rskilda krav (sk. Can-bus). Om din bil har halogen helljus kan du i regel anv\u00e4nda detta kablage. Fungerar utm\u00e4rkt p\u00e5 arbetsljus med DT-kontakt. Str\u00f6mtjuv medf\u00f6ljer f\u00f6r inkoppling av signalkabel (+). Se bild [&hellip;]","og_url":"https:\/\/xenonkungen.com\/de\/produkt\/relaiskabelsatz-3-stuck-zusatzscheinwerfer-12-vdt\/","og_site_name":"Xenonkungen","article_modified_time":"2026-04-15T06:56:57+00:00","og_image":[{"width":1024,"height":580,"url":"https:\/\/xenonkungen.com\/wp-content\/uploads\/2025\/04\/Relakabelsats-Art.nr103105-3-Relakabelsats-3st-Extraljus-12VDT-60A-DSCF9960-2000px-1024x580.png","type":"image\/png"}],"twitter_card":"summary_large_image","twitter_misc":{"Gesch\u00e4tzte Lesezeit":"1\u00a0Minute"},"schema":{"@context":"https:\/\/schema.org","@graph":[{"@type":"WebPage","@id":"https:\/\/xenonkungen.com\/nl\/product\/relaiskabelset-3-stuks-hulplampen-12v\/","url":"https:\/\/xenonkungen.com\/nl\/product\/relaiskabelset-3-stuks-hulplampen-12v\/","name":"Relaiskabelsatz 3-teilig Zusatzscheinwerfer 12V|DT 60A - Xenonkungen","isPartOf":{"@id":"https:\/\/xenonkungen.com\/#website"},"primaryImageOfPage":{"@id":"https:\/\/xenonkungen.com\/nl\/product\/relaiskabelset-3-stuks-hulplampen-12v\/#primaryimage"},"image":{"@id":"https:\/\/xenonkungen.com\/nl\/product\/relaiskabelset-3-stuks-hulplampen-12v\/#primaryimage"},"thumbnailUrl":"https:\/\/xenonkungen.com\/wp-content\/uploads\/2025\/04\/Relakabelsats-Art.nr103105-3-Relakabelsats-3st-Extraljus-12VDT-60A-DSCF9960-2000px.png","datePublished":"2025-04-15T07:56:42+00:00","dateModified":"2026-04-15T06:56:57+00:00","breadcrumb":{"@id":"https:\/\/xenonkungen.com\/nl\/product\/relaiskabelset-3-stuks-hulplampen-12v\/#breadcrumb"},"inLanguage":"de","potentialAction":[{"@type":"ReadAction","target":["https:\/\/xenonkungen.com\/nl\/product\/relaiskabelset-3-stuks-hulplampen-12v\/"]}]},{"@type":"ImageObject","inLanguage":"de","@id":"https:\/\/xenonkungen.com\/nl\/product\/relaiskabelset-3-stuks-hulplampen-12v\/#primaryimage","url":"https:\/\/xenonkungen.com\/wp-content\/uploads\/2025\/04\/Relakabelsats-Art.nr103105-3-Relakabelsats-3st-Extraljus-12VDT-60A-DSCF9960-2000px.png","contentUrl":"https:\/\/xenonkungen.com\/wp-content\/uploads\/2025\/04\/Relakabelsats-Art.nr103105-3-Relakabelsats-3st-Extraljus-12VDT-60A-DSCF9960-2000px.png","width":2000,"height":1132},{"@type":"BreadcrumbList","@id":"https:\/\/xenonkungen.com\/nl\/product\/relaiskabelset-3-stuks-hulplampen-12v\/#breadcrumb","itemListElement":[{"@type":"ListItem","position":1,"name":"Hem","item":"https:\/\/xenonkungen.com\/"},{"@type":"ListItem","position":2,"name":"Shop","item":"https:\/\/xenonkungen.com\/shop\/"},{"@type":"ListItem","position":3,"name":"Rel\u00e4kabelsats 3st Extraljus 12V|DT 60A"}]},{"@type":"WebSite","@id":"https:\/\/xenonkungen.com\/#website","url":"https:\/\/xenonkungen.com\/","name":"Xenonkungen","description":"","potentialAction":[{"@type":"SearchAction","target":{"@type":"EntryPoint","urlTemplate":"https:\/\/xenonkungen.com\/?s={search_term_string}"},"query-input":{"@type":"PropertyValueSpecification","valueRequired":true,"valueName":"search_term_string"}}],"inLanguage":"de"}]}},"taxonomy_info":{"product_brand":[{"value":117,"label":"Xenonkungen"}],"product_cat":[{"value":2841,"label":"Installation extraljus"},{"value":2828,"label":"Installation LED-ramper"},{"value":2795,"label":"Kablar och Rel\u00e4"},{"value":2796,"label":"Rel\u00e4kabelsatser"},{"value":2488,"label":"Rel\u00e4sats"},{"value":2491,"label":"Rel\u00e4sats"},{"value":2489,"label":"Rel\u00e4satser"},{"value":2490,"label":"Rel\u00e4satser"},{"value":390,"label":"Installation"}],"pa_lampsockel-kontakt":[{"value":329,"label":"DT"}],"pa_volt-v":[{"value":159,"label":"12"}]},"featured_image_src_large":["https:\/\/xenonkungen.com\/wp-content\/uploads\/2025\/04\/Relakabelsats-Art.nr103105-3-Relakabelsats-3st-Extraljus-12VDT-60A-DSCF9960-2000px-1024x580.png",1024,580,true],"author_info":[],"comment_info":0,"_links":{"self":[{"href":"https:\/\/xenonkungen.com\/de\/wp-json\/wp\/v2\/product\/1006","targetHints":{"allow":["GET"]}}],"collection":[{"href":"https:\/\/xenonkungen.com\/de\/wp-json\/wp\/v2\/product"}],"about":[{"href":"https:\/\/xenonkungen.com\/de\/wp-json\/wp\/v2\/types\/product"}],"replies":[{"embeddable":true,"href":"https:\/\/xenonkungen.com\/de\/wp-json\/wp\/v2\/comments?post=1006"}],"wp:featuredmedia":[{"embeddable":true,"href":"https:\/\/xenonkungen.com\/de\/wp-json\/wp\/v2\/media\/25294"}],"wp:attachment":[{"href":"https:\/\/xenonkungen.com\/de\/wp-json\/wp\/v2\/media?parent=1006"}],"wp:term":[{"taxonomy":"anvandningsomrade","embeddable":true,"href":"https:\/\/xenonkungen.com\/de\/wp-json\/wp\/v2\/anvandningsomrade?post=1006"},{"taxonomy":"bilmarken","embeddable":true,"href":"https:\/\/xenonkungen.com\/de\/wp-json\/wp\/v2\/bilmarken?post=1006"},{"taxonomy":"product_brand","embeddable":true,"href":"https:\/\/xenonkungen.com\/de\/wp-json\/wp\/v2\/product_brand?post=1006"},{"taxonomy":"product_cat","embeddable":true,"href":"https:\/\/xenonkungen.com\/de\/wp-json\/wp\/v2\/product_cat?post=1006"},{"taxonomy":"product_tag","embeddable":true,"href":"https:\/\/xenonkungen.com\/de\/wp-json\/wp\/v2\/product_tag?post=1006"}],"curies":[{"name":"wp","href":"https:\/\/api.w.org\/{rel}","templated":true}]}}