{"id":10295,"date":"2025-08-26T06:40:25","date_gmt":"2025-08-26T06:40:25","guid":{"rendered":"https:\/\/xenonkungen.com\/?post_type=product&#038;p=10295"},"modified":"2026-04-24T19:50:39","modified_gmt":"2026-04-24T18:50:39","slug":"luxuspaket-luxtar-twilight-yellow","status":"publish","type":"product","link":"https:\/\/xenonkungen.com\/de\/produkt\/luxuspaket-luxtar-twilight-yellow\/","title":{"rendered":"Luxtar Twilight Unterputz-Einbausatz | Gelb"},"content":{"rendered":"<h2>Luxtar Twilight Einbau-Komplettset | Gelb \u2013 Leistungsstarke Beleuchtung in Premiumqualit\u00e4t<\/h2>\n<p>Bringen Sie die Beleuchtung Ihres Fahrzeugs auf die n\u00e4chste Stufe mit <strong>Luxtar Twilight Unterputz-Einbausatz | Gelb<\/strong>. Mit einer beeindruckenden Leistung von 300 W und satten 18.140 Lumen bietet dieses Paket selbst unter den schwierigsten Bedingungen eine hervorragende Sicht. Die Helligkeit erreicht 1 Lux bei einer Entfernung von 794 Metern und ist nach der R112-Norm f\u00fcr mehr Sicherheit im Stra\u00dfenverkehr zertifiziert, d. h. 1 Lux auch bei 430 Metern.<\/p>\n<h3>Das Paket enth\u00e4lt:<\/h3>\n<ul>\n<li><strong>Luxtar Twilight Handlaufhalterung | Schwarz | Edelstahl<\/strong><br \/>\nEine elegante und wetterfeste Halterung aus rostfreiem Stahl. Die schlichte schwarze Oberfl\u00e4che bietet sowohl Stabilit\u00e4t als auch eine diskrete Befestigung, die zu jedem Fahrzeug passt.<\/li>\n<li><strong>Luxtar Relaiskabelsatz DTP-4 X1 | 12V 80A Relais<\/strong><br \/>\nEin robuster und zuverl\u00e4ssiger Kabelsatz, der f\u00fcr 80 A ausgelegt ist und eine stabile Strom\u00fcbertragung und einen sicheren Betrieb Ihrer Beleuchtungsanlage gew\u00e4hrleistet.<\/li>\n<\/ul>\n<p>Dieser Einbausatz ist perfekt f\u00fcr alle, die eine Kombination aus starker Helligkeit, Langlebigkeit und sicherer Installation suchen - f\u00fcr ein \u00fcberragendes Fahrerlebnis bei allen Wetterbedingungen.<\/p>","protected":false},"excerpt":{"rendered":"<p>Inf\u00e4llnadspaket Luxtar Twilight | Yellow \u2013 Kraftfull Belysning med Premiumkvalitet Ta din bils belysning till n\u00e4sta niv\u00e5 med Inf\u00e4llnadspaket Luxtar Twilight | Yellow. Med en imponerande effekt p\u00e5 300W och hela 18 140 lumen erbjuder detta paket enast\u00e5ende sikt \u00e4ven under de mest utmanande f\u00f6rh\u00e5llanden. Ljusstyrkan n\u00e5r 1 lux vid hela 794 meters avst\u00e5nd och [&hellip;]<\/p>","protected":false},"featured_media":10300,"comment_status":"open","ping_status":"closed","template":"","meta":{"_acf_changed":false,"_smort_price_nok":"6403","_smort_price_dkk":"4068","_smort_price_eur":"544.98","_smort_sale_price_nok":"","_smort_sale_price_dkk":"","_smort_sale_price_eur":"","smort_restorder":"","shipmondo_restorder":"","_kad_blocks_custom_css":"","_kad_blocks_head_custom_js":"","_kad_blocks_body_custom_js":"","_kad_blocks_footer_custom_js":"","smort_custom_pricelist_1":"3836.8","smort_custom_pricelist_2":"3357.2","smort_custom_pricelist_3":"3117.4","smort_custom_pricelist_4":"4796","smort_custom_pricelist_5":"3357.2"},"anvandningsomrade":[236,207,166,167,1915],"bilmarken":[],"product_brand":[103],"product_cat":[2539,2826,2542,18,20,2159,1916],"product_tag":[2726],"class_list":{"0":"post-10295","1":"product","2":"type-product","3":"status-publish","4":"has-post-thumbnail","6":"anvandningsomrade-entreprenad","7":"anvandningsomrade-husbil","8":"anvandningsomrade-lastbil","9":"anvandningsomrade-personbil","10":"anvandningsomrade-skapbil","11":"product_brand-luxtar","12":"product_cat-ledramper","13":"product_cat-luxtar","14":"product_cat-luxtar-twilight-ledramper","15":"product_cat-led-ramper-ljusramper","16":"product_cat-luxtar-twilight-led-ramper-ljusramper","17":"product_cat-luxtar-twilight","18":"product_cat-ledrampspaket","19":"product_tag-produktpaket","21":"first","22":"outofstock","23":"virtual","24":"taxable","25":"purchasable","26":"product-type-bundle"},"bundled_by":[],"bundle_stock_status":"outofstock","bundle_stock_quantity":0,"bundle_virtual":false,"bundle_layout":"default","bundle_add_to_cart_form_location":"default","bundle_editable_in_cart":false,"bundle_sold_individually_context":"product","bundle_item_grouping":"parent","bundle_min_size":"","bundle_max_size":"","bundle_price":{"price":{"min":{"incl_tax":"544.95","excl_tax":"435.96038068"},"max":{"incl_tax":"544.95","excl_tax":"435.96038068"}},"regular_price":{"min":{"incl_tax":"544.95","excl_tax":"435.96038068"},"max":{"incl_tax":"544.95","excl_tax":"435.96038068"}}},"bundled_items":[{"bundled_item_id":473,"product_id":2765,"menu_order":0,"quantity_min":1,"quantity_max":1,"quantity_default":1,"priced_individually":false,"shipped_individually":false,"override_title":false,"title":"Luxtar Twilight Led Ramp Bracket | Schwarz | RF","override_description":false,"description":"","optional":false,"hide_thumbnail":false,"discount":"","override_variations":false,"allowed_variations":[],"override_default_variation_attributes":false,"default_variation_attributes":[],"single_product_visibility":"visible","cart_visibility":"visible","order_visibility":"visible","single_product_price_visibility":"visible","cart_price_visibility":"visible","order_price_visibility":"visible","stock_status":"out_of_stock"},{"bundled_item_id":474,"product_id":1069,"menu_order":1,"quantity_min":1,"quantity_max":1,"quantity_default":1,"priced_individually":false,"shipped_individually":false,"override_title":false,"title":"Luxtar Relaiskabelsatz DTP-4 X1 12V 80A Relais","override_description":false,"description":"","optional":false,"hide_thumbnail":false,"discount":"","override_variations":false,"allowed_variations":[],"override_default_variation_attributes":false,"default_variation_attributes":[],"single_product_visibility":"visible","cart_visibility":"visible","order_visibility":"visible","single_product_price_visibility":"visible","cart_price_visibility":"visible","order_price_visibility":"visible","stock_status":"on_backorder"}],"bundle_sell_ids":[],"acf":[],"yoast_head":"<!-- This site is optimized with the Yoast SEO plugin v27.0 - https:\/\/yoast.com\/product\/yoast-seo-wordpress\/ -->\n<title>Inf\u00e4llnadspaket Luxtar Twilight | Yellow - Xenonkungen<\/title>\n<meta name=\"robots\" content=\"index, follow, max-snippet:-1, max-image-preview:large, max-video-preview:-1\" \/>\n<link rel=\"canonical\" href=\"https:\/\/xenonkungen.com\/de\/produkt\/luxuspaket-luxtar-twilight-yellow\/\" \/>\n<meta property=\"og:locale\" content=\"de_DE\" \/>\n<meta property=\"og:type\" content=\"article\" \/>\n<meta property=\"og:title\" content=\"Inf\u00e4llnadspaket Luxtar Twilight | Yellow - Xenonkungen\" \/>\n<meta property=\"og:description\" content=\"Inf\u00e4llnadspaket Luxtar Twilight | Yellow \u2013 Kraftfull Belysning med Premiumkvalitet Ta din bils belysning till n\u00e4sta niv\u00e5 med Inf\u00e4llnadspaket Luxtar Twilight | Yellow. Med en imponerande effekt p\u00e5 300W och hela 18 140 lumen erbjuder detta paket enast\u00e5ende sikt \u00e4ven under de mest utmanande f\u00f6rh\u00e5llanden. Ljusstyrkan n\u00e5r 1 lux vid hela 794 meters avst\u00e5nd och [&hellip;]\" \/>\n<meta property=\"og:url\" content=\"https:\/\/xenonkungen.com\/de\/produkt\/luxuspaket-luxtar-twilight-yellow\/\" \/>\n<meta property=\"og:site_name\" content=\"Xenonkungen\" \/>\n<meta property=\"article:modified_time\" content=\"2026-04-24T18:50:39+00:00\" \/>\n<meta property=\"og:image\" content=\"https:\/\/xenonkungen.com\/wp-content\/uploads\/2025\/06\/XX-Twilight-INF-Y.png\" \/>\n\t<meta property=\"og:image:width\" content=\"1000\" \/>\n\t<meta property=\"og:image:height\" content=\"1000\" \/>\n\t<meta property=\"og:image:type\" content=\"image\/png\" \/>\n<meta name=\"twitter:card\" content=\"summary_large_image\" \/>\n<meta name=\"twitter:label1\" content=\"Gesch\u00e4tzte Lesezeit\" \/>\n\t<meta name=\"twitter:data1\" content=\"1\u00a0Minute\" \/>\n<script type=\"application\/ld+json\" class=\"yoast-schema-graph\">{\"@context\":\"https:\/\/schema.org\",\"@graph\":[{\"@type\":\"WebPage\",\"@id\":\"https:\/\/xenonkungen.com\/produkt\/infallnadspaket-luxtar-twilight-yellow\/\",\"url\":\"https:\/\/xenonkungen.com\/produkt\/infallnadspaket-luxtar-twilight-yellow\/\",\"name\":\"Inf\u00e4llnadspaket Luxtar Twilight | Yellow - Xenonkungen\",\"isPartOf\":{\"@id\":\"https:\/\/xenonkungen.com\/#website\"},\"primaryImageOfPage\":{\"@id\":\"https:\/\/xenonkungen.com\/produkt\/infallnadspaket-luxtar-twilight-yellow\/#primaryimage\"},\"image\":{\"@id\":\"https:\/\/xenonkungen.com\/produkt\/infallnadspaket-luxtar-twilight-yellow\/#primaryimage\"},\"thumbnailUrl\":\"https:\/\/xenonkungen.com\/wp-content\/uploads\/2025\/06\/XX-Twilight-INF-Y.png\",\"datePublished\":\"2025-08-26T06:40:25+00:00\",\"dateModified\":\"2026-04-24T18:50:39+00:00\",\"breadcrumb\":{\"@id\":\"https:\/\/xenonkungen.com\/produkt\/infallnadspaket-luxtar-twilight-yellow\/#breadcrumb\"},\"inLanguage\":\"de\",\"potentialAction\":[{\"@type\":\"ReadAction\",\"target\":[\"https:\/\/xenonkungen.com\/produkt\/infallnadspaket-luxtar-twilight-yellow\/\"]}]},{\"@type\":\"ImageObject\",\"inLanguage\":\"de\",\"@id\":\"https:\/\/xenonkungen.com\/produkt\/infallnadspaket-luxtar-twilight-yellow\/#primaryimage\",\"url\":\"https:\/\/xenonkungen.com\/wp-content\/uploads\/2025\/06\/XX-Twilight-INF-Y.png\",\"contentUrl\":\"https:\/\/xenonkungen.com\/wp-content\/uploads\/2025\/06\/XX-Twilight-INF-Y.png\",\"width\":1000,\"height\":1000},{\"@type\":\"BreadcrumbList\",\"@id\":\"https:\/\/xenonkungen.com\/produkt\/infallnadspaket-luxtar-twilight-yellow\/#breadcrumb\",\"itemListElement\":[{\"@type\":\"ListItem\",\"position\":1,\"name\":\"Hem\",\"item\":\"https:\/\/xenonkungen.com\/\"},{\"@type\":\"ListItem\",\"position\":2,\"name\":\"Shop\",\"item\":\"https:\/\/xenonkungen.com\/shop\/\"},{\"@type\":\"ListItem\",\"position\":3,\"name\":\"Inf\u00e4llnadspaket Luxtar Twilight | Yellow\"}]},{\"@type\":\"WebSite\",\"@id\":\"https:\/\/xenonkungen.com\/#website\",\"url\":\"https:\/\/xenonkungen.com\/\",\"name\":\"Xenonkungen\",\"description\":\"\",\"potentialAction\":[{\"@type\":\"SearchAction\",\"target\":{\"@type\":\"EntryPoint\",\"urlTemplate\":\"https:\/\/xenonkungen.com\/?s={search_term_string}\"},\"query-input\":{\"@type\":\"PropertyValueSpecification\",\"valueRequired\":true,\"valueName\":\"search_term_string\"}}],\"inLanguage\":\"de\"}]}<\/script>\n<!-- \/ Yoast SEO plugin. -->","yoast_head_json":{"title":"Einbaugeh\u00e4use Luxtar Twilight | Gelb - Xenonkungen","robots":{"index":"index","follow":"follow","max-snippet":"max-snippet:-1","max-image-preview":"max-image-preview:large","max-video-preview":"max-video-preview:-1"},"canonical":"https:\/\/xenonkungen.com\/de\/produkt\/luxuspaket-luxtar-twilight-yellow\/","og_locale":"de_DE","og_type":"article","og_title":"Inf\u00e4llnadspaket Luxtar Twilight | Yellow - Xenonkungen","og_description":"Inf\u00e4llnadspaket Luxtar Twilight | Yellow \u2013 Kraftfull Belysning med Premiumkvalitet Ta din bils belysning till n\u00e4sta niv\u00e5 med Inf\u00e4llnadspaket Luxtar Twilight | Yellow. Med en imponerande effekt p\u00e5 300W och hela 18 140 lumen erbjuder detta paket enast\u00e5ende sikt \u00e4ven under de mest utmanande f\u00f6rh\u00e5llanden. Ljusstyrkan n\u00e5r 1 lux vid hela 794 meters avst\u00e5nd och [&hellip;]","og_url":"https:\/\/xenonkungen.com\/de\/produkt\/luxuspaket-luxtar-twilight-yellow\/","og_site_name":"Xenonkungen","article_modified_time":"2026-04-24T18:50:39+00:00","og_image":[{"width":1000,"height":1000,"url":"https:\/\/xenonkungen.com\/wp-content\/uploads\/2025\/06\/XX-Twilight-INF-Y.png","type":"image\/png"}],"twitter_card":"summary_large_image","twitter_misc":{"Gesch\u00e4tzte Lesezeit":"1\u00a0Minute"},"schema":{"@context":"https:\/\/schema.org","@graph":[{"@type":"WebPage","@id":"https:\/\/xenonkungen.com\/produkt\/infallnadspaket-luxtar-twilight-yellow\/","url":"https:\/\/xenonkungen.com\/produkt\/infallnadspaket-luxtar-twilight-yellow\/","name":"Einbaugeh\u00e4use Luxtar Twilight | Gelb - Xenonkungen","isPartOf":{"@id":"https:\/\/xenonkungen.com\/#website"},"primaryImageOfPage":{"@id":"https:\/\/xenonkungen.com\/produkt\/infallnadspaket-luxtar-twilight-yellow\/#primaryimage"},"image":{"@id":"https:\/\/xenonkungen.com\/produkt\/infallnadspaket-luxtar-twilight-yellow\/#primaryimage"},"thumbnailUrl":"https:\/\/xenonkungen.com\/wp-content\/uploads\/2025\/06\/XX-Twilight-INF-Y.png","datePublished":"2025-08-26T06:40:25+00:00","dateModified":"2026-04-24T18:50:39+00:00","breadcrumb":{"@id":"https:\/\/xenonkungen.com\/produkt\/infallnadspaket-luxtar-twilight-yellow\/#breadcrumb"},"inLanguage":"de","potentialAction":[{"@type":"ReadAction","target":["https:\/\/xenonkungen.com\/produkt\/infallnadspaket-luxtar-twilight-yellow\/"]}]},{"@type":"ImageObject","inLanguage":"de","@id":"https:\/\/xenonkungen.com\/produkt\/infallnadspaket-luxtar-twilight-yellow\/#primaryimage","url":"https:\/\/xenonkungen.com\/wp-content\/uploads\/2025\/06\/XX-Twilight-INF-Y.png","contentUrl":"https:\/\/xenonkungen.com\/wp-content\/uploads\/2025\/06\/XX-Twilight-INF-Y.png","width":1000,"height":1000},{"@type":"BreadcrumbList","@id":"https:\/\/xenonkungen.com\/produkt\/infallnadspaket-luxtar-twilight-yellow\/#breadcrumb","itemListElement":[{"@type":"ListItem","position":1,"name":"Hem","item":"https:\/\/xenonkungen.com\/"},{"@type":"ListItem","position":2,"name":"Shop","item":"https:\/\/xenonkungen.com\/shop\/"},{"@type":"ListItem","position":3,"name":"Inf\u00e4llnadspaket Luxtar Twilight | Yellow"}]},{"@type":"WebSite","@id":"https:\/\/xenonkungen.com\/#website","url":"https:\/\/xenonkungen.com\/","name":"Xenonkungen","description":"","potentialAction":[{"@type":"SearchAction","target":{"@type":"EntryPoint","urlTemplate":"https:\/\/xenonkungen.com\/?s={search_term_string}"},"query-input":{"@type":"PropertyValueSpecification","valueRequired":true,"valueName":"search_term_string"}}],"inLanguage":"de"}]}},"taxonomy_info":{"anvandningsomrade":[{"value":236,"label":"Entreprenad"},{"value":207,"label":"Husbil"},{"value":166,"label":"Lastbil"},{"value":167,"label":"PERSONBIL"},{"value":1915,"label":"Sk\u00e5pbil"}],"product_brand":[{"value":103,"label":"LUXTAR"}],"product_cat":[{"value":2539,"label":"LEDRAMPER"},{"value":2826,"label":"LUXTAR"},{"value":2542,"label":"Luxtar Twilight"},{"value":18,"label":"LED Ramper \/ Ljusramper"},{"value":20,"label":"Luxtar Twilight"},{"value":2159,"label":"LUXTAR Twilight"},{"value":1916,"label":"Ledrampspaket"}],"product_tag":[{"value":2726,"label":"produktpaket"}]},"featured_image_src_large":["https:\/\/xenonkungen.com\/wp-content\/uploads\/2025\/06\/XX-Twilight-INF-Y.png",1000,1000,false],"author_info":[],"comment_info":1,"_links":{"self":[{"href":"https:\/\/xenonkungen.com\/de\/wp-json\/wp\/v2\/product\/10295","targetHints":{"allow":["GET"]}}],"collection":[{"href":"https:\/\/xenonkungen.com\/de\/wp-json\/wp\/v2\/product"}],"about":[{"href":"https:\/\/xenonkungen.com\/de\/wp-json\/wp\/v2\/types\/product"}],"replies":[{"embeddable":true,"href":"https:\/\/xenonkungen.com\/de\/wp-json\/wp\/v2\/comments?post=10295"}],"wp:featuredmedia":[{"embeddable":true,"href":"https:\/\/xenonkungen.com\/de\/wp-json\/wp\/v2\/media\/10300"}],"wp:attachment":[{"href":"https:\/\/xenonkungen.com\/de\/wp-json\/wp\/v2\/media?parent=10295"}],"wp:term":[{"taxonomy":"anvandningsomrade","embeddable":true,"href":"https:\/\/xenonkungen.com\/de\/wp-json\/wp\/v2\/anvandningsomrade?post=10295"},{"taxonomy":"bilmarken","embeddable":true,"href":"https:\/\/xenonkungen.com\/de\/wp-json\/wp\/v2\/bilmarken?post=10295"},{"taxonomy":"product_brand","embeddable":true,"href":"https:\/\/xenonkungen.com\/de\/wp-json\/wp\/v2\/product_brand?post=10295"},{"taxonomy":"product_cat","embeddable":true,"href":"https:\/\/xenonkungen.com\/de\/wp-json\/wp\/v2\/product_cat?post=10295"},{"taxonomy":"product_tag","embeddable":true,"href":"https:\/\/xenonkungen.com\/de\/wp-json\/wp\/v2\/product_tag?post=10295"}],"curies":[{"name":"wp","href":"https:\/\/api.w.org\/{rel}","templated":true}]}}