{"id":10303,"date":"2025-08-25T14:19:02","date_gmt":"2025-08-25T14:19:02","guid":{"rendered":"https:\/\/xenonkungen.com\/?post_type=product&#038;p=10303"},"modified":"2026-04-16T03:28:14","modified_gmt":"2026-04-16T02:28:14","slug":"custom-paket-luxtar-twilight-yellow-canbus","status":"publish","type":"product","link":"https:\/\/xenonkungen.com\/de\/produkt\/custom-paket-luxtar-twilight-yellow-canbus\/","title":{"rendered":"Luxtar Twilight Unterputz-Einbausatz | Gelb &gt;&gt;CANBUS<<"},"content":{"rendered":"<h2>Luxtar Twilight Einbau-Komplettpaket | Gelb &gt;&gt;CANBUS&lt;&lt; | Komplettpaket f\u00fcr leistungsstarke Beleuchtung und sichere Verbindung<\/h2>\n<p>Bringen Sie Ihre Fahrzeugbeleuchtung mit unserem Produkt auf die n\u00e4chste Stufe. <strong>Unterputz-Einbausatz Luxtar Twilight | Gelb &gt;&gt;CANBUS&lt;&lt;<\/strong>Mit einer beeindruckenden Helligkeit von 300 W und 18.140 Lumen sowie einer Beleuchtungsst\u00e4rke von 1 Lux bis zu 794 Metern bietet dieses Set selbst bei Dunkelheit und schwierigen Lichtverh\u00e4ltnissen hervorragende Sicht. Es ist nach der Norm R112 gepr\u00fcft und zugelassen und liefert zudem eine Beleuchtungsst\u00e4rke von 1 Lux bis zu 430 Metern.<\/p>\n<h3>Das Paket enth\u00e4lt:<\/h3>\n<ul>\n<li><strong>Luxtar Twilight Handlaufhalterung | Schwarz | Edelstahl<\/strong><br \/>\nEine robuste und wetterfeste Edelstahlhalterung, die sich harmonisch in das elegante, schwarze Design einf\u00fcgt. Die Halterung ist auf optimale Langlebigkeit ausgelegt und f\u00fcgt sich nahtlos in Ihr Fahrzeug ein.<\/li>\n<li><strong>Luxtar Relaiskabelsatz DTP-4 X1 | 12V 80A Relais<\/strong><br \/>\nEin zuverl\u00e4ssiges Relaiskabelset f\u00fcr stabile Strom\u00fcbertragung, ausgelegt f\u00fcr 80 A und zur Gew\u00e4hrleistung einer gleichbleibenden Leistung und eines sicheren Betriebs der Beleuchtungsanlage.<\/li>\n<li><strong>XBB OBD-II Dongle + PowerUnit<\/strong><br \/>\nIntuitive und effiziente Lichtsteuerung \u00fcber OBD-II f\u00fcr eine reibungslose Steuerung direkt \u00fcber das Diagnosesystem Ihres Fahrzeugs. Eine praktische L\u00f6sung, die Installation und Bedienung vereinfacht.<\/li>\n<li><strong>Kabelsatz f\u00fcr XBB Power Unit - DT<br \/>\n<\/strong>Signalkabel mit DT-Stecker f\u00fcr effiziente und sichere \u00dcbertragung. Robuste Konstruktion f\u00fcr lange Lebensdauer und optimale Leistung in elektrischen und technischen Anwendungen. Einfache Installation.<\/li>\n<\/ul>\n<h3>Empfohlenes Zubeh\u00f6r f\u00fcr optimale Leistung:<\/h3>\n<p>Um eine optimale Signal\u00fcbertragung zu gew\u00e4hrleisten, empfehlen wir Ihnen die Verwendung von <strong>103179XR-DT Kabelsatz f\u00fcr XBB Netzteil \u2013 DT<\/strong> Als Signalkabel. Dieses hochwertige Kabelset ist f\u00fcr anspruchsvolle Umgebungen konzipiert und bietet eine sichere und robuste Verbindung, die die Lebensdauer und Funktionalit\u00e4t Ihres Beleuchtungssystems verl\u00e4ngert.<\/p>\n<p>Mit dem Luxtar Twilight | Yellow Einbauleuchten-Paket erhalten Sie alles, was Sie f\u00fcr eine effiziente und zuverl\u00e4ssige Beleuchtungsinstallation ben\u00f6tigen, mit hoher Leistung und zuverl\u00e4ssiger Verbindung \u2013 perfekt f\u00fcr alle, die leistungsstarke Beleuchtung mit Stil und Sicherheit verbinden m\u00f6chten.<\/p>\n<h2><a href=\"https:\/\/xenonkungen.com\/wp-content\/uploads\/2025\/10\/XBB-Canbus-over-15A-inkoppling.pdf\">Klicken Sie hier, um den Schaltplan zu sehen, Doppelrelais-Kabelb\u00e4ume mit XBB\u00a0<\/a><\/h2>","protected":false},"excerpt":{"rendered":"<p>R\u00fcsten Sie die Beleuchtung Ihres Fahrzeugs mit dem Luxtar Twilight | Yellow Installationspaket &gt;&gt;CANBUS&lt;&lt; auf. Dieses Komplettpaket bietet starke Leistung, optimale Langlebigkeit und einfache Installation \u2013 perfekt f\u00fcr mehr Sicherheit beim Fahren und bessere Sicht bei allen Bedingungen.<\/p>","protected":false},"featured_media":10304,"comment_status":"open","ping_status":"closed","template":"","meta":{"_acf_changed":false,"_smort_price_nok":"9287","_smort_price_dkk":"5900","_smort_price_eur":"790.42","_smort_sale_price_nok":"","_smort_sale_price_dkk":"","_smort_sale_price_eur":"","smort_restorder":"","shipmondo_restorder":"","_kad_blocks_custom_css":"","_kad_blocks_head_custom_js":"","_kad_blocks_body_custom_js":"","_kad_blocks_footer_custom_js":"","smort_custom_pricelist_1":"5564.8","smort_custom_pricelist_2":"4869.2","smort_custom_pricelist_3":"4521.4","smort_custom_pricelist_4":"6956","smort_custom_pricelist_5":"4869.2"},"anvandningsomrade":[236,207,166,167,1915],"bilmarken":[],"product_brand":[103],"product_cat":[2539,2826,2820,2542,18,20,2159,1916],"product_tag":[2726],"class_list":{"0":"post-10303","1":"product","2":"type-product","3":"status-publish","4":"has-post-thumbnail","6":"anvandningsomrade-entreprenad","7":"anvandningsomrade-husbil","8":"anvandningsomrade-lastbil","9":"anvandningsomrade-personbil","10":"anvandningsomrade-skapbil","11":"product_brand-luxtar","12":"product_cat-ledramper","13":"product_cat-luxtar","14":"product_cat-luxtar-paketlosningar","15":"product_cat-luxtar-twilight-ledramper","16":"product_cat-led-ramper-ljusramper","17":"product_cat-luxtar-twilight-led-ramper-ljusramper","18":"product_cat-luxtar-twilight","19":"product_cat-ledrampspaket","20":"product_tag-produktpaket","22":"first","23":"onbackorder","24":"virtual","25":"taxable","26":"purchasable","27":"product-type-bundle"},"bundled_by":[],"bundle_stock_status":"instock","bundle_stock_quantity":"","bundle_virtual":false,"bundle_layout":"default","bundle_add_to_cart_form_location":"default","bundle_editable_in_cart":false,"bundle_sold_individually_context":"product","bundle_item_grouping":"parent","bundle_min_size":"","bundle_max_size":"","bundle_price":{"price":{"min":{"incl_tax":"790.39","excl_tax":"632.30617348"},"max":{"incl_tax":"790.39","excl_tax":"632.30617348"}},"regular_price":{"min":{"incl_tax":"790.39","excl_tax":"632.30617348"},"max":{"incl_tax":"790.39","excl_tax":"632.30617348"}}},"bundled_items":[{"bundled_item_id":491,"product_id":2765,"menu_order":0,"quantity_min":1,"quantity_max":1,"quantity_default":1,"priced_individually":false,"shipped_individually":false,"override_title":false,"title":"Luxtar Twilight Led Ramp Bracket | Schwarz | RF","override_description":false,"description":"","optional":false,"hide_thumbnail":false,"discount":"","override_variations":false,"allowed_variations":[],"override_default_variation_attributes":false,"default_variation_attributes":[],"single_product_visibility":"visible","cart_visibility":"visible","order_visibility":"visible","single_product_price_visibility":"visible","cart_price_visibility":"visible","order_price_visibility":"visible","stock_status":"in_stock"},{"bundled_item_id":492,"product_id":1069,"menu_order":1,"quantity_min":1,"quantity_max":1,"quantity_default":1,"priced_individually":false,"shipped_individually":false,"override_title":false,"title":"Luxtar Relaiskabelsatz DTP-4 X1 12V 80A Relais","override_description":false,"description":"","optional":false,"hide_thumbnail":false,"discount":"","override_variations":false,"allowed_variations":[],"override_default_variation_attributes":false,"default_variation_attributes":[],"single_product_visibility":"visible","cart_visibility":"visible","order_visibility":"visible","single_product_price_visibility":"visible","cart_price_visibility":"visible","order_price_visibility":"visible","stock_status":"in_stock"},{"bundled_item_id":493,"product_id":1538,"menu_order":2,"quantity_min":1,"quantity_max":1,"quantity_default":1,"priced_individually":false,"shipped_individually":false,"override_title":false,"title":"XBB OBD-II Dongle + PowerUnit","override_description":false,"description":"","optional":false,"hide_thumbnail":false,"discount":"","override_variations":false,"allowed_variations":[],"override_default_variation_attributes":false,"default_variation_attributes":[],"single_product_visibility":"visible","cart_visibility":"visible","order_visibility":"visible","single_product_price_visibility":"visible","cart_price_visibility":"visible","order_price_visibility":"visible","stock_status":"on_backorder"},{"bundled_item_id":494,"product_id":2605,"menu_order":3,"quantity_min":1,"quantity_max":1,"quantity_default":1,"priced_individually":false,"shipped_individually":false,"override_title":false,"title":"Kabelsatz f\u00fcr XBB Netzteil - DT","override_description":false,"description":"","optional":false,"hide_thumbnail":false,"discount":"","override_variations":false,"allowed_variations":[],"override_default_variation_attributes":false,"default_variation_attributes":[],"single_product_visibility":"visible","cart_visibility":"visible","order_visibility":"visible","single_product_price_visibility":"visible","cart_price_visibility":"visible","order_price_visibility":"visible","stock_status":"in_stock"}],"bundle_sell_ids":[],"acf":[],"yoast_head":"<!-- This site is optimized with the Yoast SEO plugin v27.0 - https:\/\/yoast.com\/product\/yoast-seo-wordpress\/ -->\n<title>Inf\u00e4llnadspaket Luxtar Twilight | Yellow &gt;&gt;CANBUS<\/title>\n<meta name=\"robots\" content=\"index, follow, max-snippet:-1, max-image-preview:large, max-video-preview:-1\" \/>\n<link rel=\"canonical\" href=\"https:\/\/xenonkungen.com\/de\/produkt\/custom-paket-luxtar-twilight-yellow-canbus\/\" \/>\n<meta property=\"og:locale\" content=\"de_DE\" \/>\n<meta property=\"og:type\" content=\"article\" \/>\n<meta property=\"og:title\" content=\"Inf\u00e4llnadspaket Luxtar Twilight | Yellow &gt;&gt;CANBUS\" \/>\n<meta property=\"og:description\" content=\"Uppgradera din bils belysning med Luxtar Twilight | Yellow Inbyggnadspaket &gt;&gt;CANBUS&lt;&lt;. Detta kompletta paket erbjuder kraftfull prestanda, optimal h\u00e5llbarhet och enkel installation \u2013 perfekt f\u00f6r s\u00e4krare k\u00f6rning och b\u00e4ttre sikt under alla f\u00f6rh\u00e5llanden.\" \/>\n<meta property=\"og:url\" content=\"https:\/\/xenonkungen.com\/de\/produkt\/custom-paket-luxtar-twilight-yellow-canbus\/\" \/>\n<meta property=\"og:site_name\" content=\"Xenonkungen\" \/>\n<meta property=\"article:modified_time\" content=\"2026-04-16T02:28:14+00:00\" \/>\n<meta property=\"og:image\" content=\"https:\/\/xenonkungen.com\/wp-content\/uploads\/2025\/06\/XXC-Twilight-INF-Y.png\" \/>\n\t<meta property=\"og:image:width\" content=\"1000\" \/>\n\t<meta property=\"og:image:height\" content=\"1000\" \/>\n\t<meta property=\"og:image:type\" content=\"image\/png\" \/>\n<meta name=\"twitter:card\" content=\"summary_large_image\" \/>\n<meta name=\"twitter:label1\" content=\"Gesch\u00e4tzte Lesezeit\" \/>\n\t<meta name=\"twitter:data1\" content=\"2\u00a0Minuten\" \/>\n<script type=\"application\/ld+json\" class=\"yoast-schema-graph\">{\"@context\":\"https:\/\/schema.org\",\"@graph\":[{\"@type\":\"WebPage\",\"@id\":\"https:\/\/xenonkungen.com\/produkt\/infallnadspaket-luxtar-twilight-yellow-canbus\/\",\"url\":\"https:\/\/xenonkungen.com\/produkt\/infallnadspaket-luxtar-twilight-yellow-canbus\/\",\"name\":\"Inf\u00e4llnadspaket Luxtar Twilight | Yellow >>CANBUS\",\"isPartOf\":{\"@id\":\"https:\/\/xenonkungen.com\/#website\"},\"primaryImageOfPage\":{\"@id\":\"https:\/\/xenonkungen.com\/produkt\/infallnadspaket-luxtar-twilight-yellow-canbus\/#primaryimage\"},\"image\":{\"@id\":\"https:\/\/xenonkungen.com\/produkt\/infallnadspaket-luxtar-twilight-yellow-canbus\/#primaryimage\"},\"thumbnailUrl\":\"https:\/\/xenonkungen.com\/wp-content\/uploads\/2025\/06\/XXC-Twilight-INF-Y.png\",\"datePublished\":\"2025-08-25T14:19:02+00:00\",\"dateModified\":\"2026-04-16T02:28:14+00:00\",\"breadcrumb\":{\"@id\":\"https:\/\/xenonkungen.com\/produkt\/infallnadspaket-luxtar-twilight-yellow-canbus\/#breadcrumb\"},\"inLanguage\":\"de\",\"potentialAction\":[{\"@type\":\"ReadAction\",\"target\":[\"https:\/\/xenonkungen.com\/produkt\/infallnadspaket-luxtar-twilight-yellow-canbus\/\"]}]},{\"@type\":\"ImageObject\",\"inLanguage\":\"de\",\"@id\":\"https:\/\/xenonkungen.com\/produkt\/infallnadspaket-luxtar-twilight-yellow-canbus\/#primaryimage\",\"url\":\"https:\/\/xenonkungen.com\/wp-content\/uploads\/2025\/06\/XXC-Twilight-INF-Y.png\",\"contentUrl\":\"https:\/\/xenonkungen.com\/wp-content\/uploads\/2025\/06\/XXC-Twilight-INF-Y.png\",\"width\":1000,\"height\":1000},{\"@type\":\"BreadcrumbList\",\"@id\":\"https:\/\/xenonkungen.com\/produkt\/infallnadspaket-luxtar-twilight-yellow-canbus\/#breadcrumb\",\"itemListElement\":[{\"@type\":\"ListItem\",\"position\":1,\"name\":\"Hem\",\"item\":\"https:\/\/xenonkungen.com\/\"},{\"@type\":\"ListItem\",\"position\":2,\"name\":\"Shop\",\"item\":\"https:\/\/xenonkungen.com\/shop\/\"},{\"@type\":\"ListItem\",\"position\":3,\"name\":\"Inf\u00e4llnadspaket Luxtar Twilight | Yellow >>CANBUS\"}]},{\"@type\":\"WebSite\",\"@id\":\"https:\/\/xenonkungen.com\/#website\",\"url\":\"https:\/\/xenonkungen.com\/\",\"name\":\"Xenonkungen\",\"description\":\"\",\"potentialAction\":[{\"@type\":\"SearchAction\",\"target\":{\"@type\":\"EntryPoint\",\"urlTemplate\":\"https:\/\/xenonkungen.com\/?s={search_term_string}\"},\"query-input\":{\"@type\":\"PropertyValueSpecification\",\"valueRequired\":true,\"valueName\":\"search_term_string\"}}],\"inLanguage\":\"de\"}]}<\/script>\n<!-- \/ Yoast SEO plugin. -->","yoast_head_json":{"title":"Luxtar Twilight Unterputz-Einbausatz | Gelb &gt;&gt;CANBUS","robots":{"index":"index","follow":"follow","max-snippet":"max-snippet:-1","max-image-preview":"max-image-preview:large","max-video-preview":"max-video-preview:-1"},"canonical":"https:\/\/xenonkungen.com\/de\/produkt\/custom-paket-luxtar-twilight-yellow-canbus\/","og_locale":"de_DE","og_type":"article","og_title":"Inf\u00e4llnadspaket Luxtar Twilight | Yellow >>CANBUS","og_description":"Uppgradera din bils belysning med Luxtar Twilight | Yellow Inbyggnadspaket &gt;&gt;CANBUS&lt;&lt;. Detta kompletta paket erbjuder kraftfull prestanda, optimal h\u00e5llbarhet och enkel installation \u2013 perfekt f\u00f6r s\u00e4krare k\u00f6rning och b\u00e4ttre sikt under alla f\u00f6rh\u00e5llanden.","og_url":"https:\/\/xenonkungen.com\/de\/produkt\/custom-paket-luxtar-twilight-yellow-canbus\/","og_site_name":"Xenonkungen","article_modified_time":"2026-04-16T02:28:14+00:00","og_image":[{"width":1000,"height":1000,"url":"https:\/\/xenonkungen.com\/wp-content\/uploads\/2025\/06\/XXC-Twilight-INF-Y.png","type":"image\/png"}],"twitter_card":"summary_large_image","twitter_misc":{"Gesch\u00e4tzte Lesezeit":"2\u00a0Minuten"},"schema":{"@context":"https:\/\/schema.org","@graph":[{"@type":"WebPage","@id":"https:\/\/xenonkungen.com\/produkt\/infallnadspaket-luxtar-twilight-yellow-canbus\/","url":"https:\/\/xenonkungen.com\/produkt\/infallnadspaket-luxtar-twilight-yellow-canbus\/","name":"Luxtar Twilight Unterputz-Einbausatz | Gelb &gt;&gt;CANBUS","isPartOf":{"@id":"https:\/\/xenonkungen.com\/#website"},"primaryImageOfPage":{"@id":"https:\/\/xenonkungen.com\/produkt\/infallnadspaket-luxtar-twilight-yellow-canbus\/#primaryimage"},"image":{"@id":"https:\/\/xenonkungen.com\/produkt\/infallnadspaket-luxtar-twilight-yellow-canbus\/#primaryimage"},"thumbnailUrl":"https:\/\/xenonkungen.com\/wp-content\/uploads\/2025\/06\/XXC-Twilight-INF-Y.png","datePublished":"2025-08-25T14:19:02+00:00","dateModified":"2026-04-16T02:28:14+00:00","breadcrumb":{"@id":"https:\/\/xenonkungen.com\/produkt\/infallnadspaket-luxtar-twilight-yellow-canbus\/#breadcrumb"},"inLanguage":"de","potentialAction":[{"@type":"ReadAction","target":["https:\/\/xenonkungen.com\/produkt\/infallnadspaket-luxtar-twilight-yellow-canbus\/"]}]},{"@type":"ImageObject","inLanguage":"de","@id":"https:\/\/xenonkungen.com\/produkt\/infallnadspaket-luxtar-twilight-yellow-canbus\/#primaryimage","url":"https:\/\/xenonkungen.com\/wp-content\/uploads\/2025\/06\/XXC-Twilight-INF-Y.png","contentUrl":"https:\/\/xenonkungen.com\/wp-content\/uploads\/2025\/06\/XXC-Twilight-INF-Y.png","width":1000,"height":1000},{"@type":"BreadcrumbList","@id":"https:\/\/xenonkungen.com\/produkt\/infallnadspaket-luxtar-twilight-yellow-canbus\/#breadcrumb","itemListElement":[{"@type":"ListItem","position":1,"name":"Hem","item":"https:\/\/xenonkungen.com\/"},{"@type":"ListItem","position":2,"name":"Shop","item":"https:\/\/xenonkungen.com\/shop\/"},{"@type":"ListItem","position":3,"name":"Inf\u00e4llnadspaket Luxtar Twilight | Yellow >>CANBUS"}]},{"@type":"WebSite","@id":"https:\/\/xenonkungen.com\/#website","url":"https:\/\/xenonkungen.com\/","name":"Xenonkungen","description":"","potentialAction":[{"@type":"SearchAction","target":{"@type":"EntryPoint","urlTemplate":"https:\/\/xenonkungen.com\/?s={search_term_string}"},"query-input":{"@type":"PropertyValueSpecification","valueRequired":true,"valueName":"search_term_string"}}],"inLanguage":"de"}]}},"taxonomy_info":{"anvandningsomrade":[{"value":236,"label":"Entreprenad"},{"value":207,"label":"Husbil"},{"value":166,"label":"Lastbil"},{"value":167,"label":"PERSONBIL"},{"value":1915,"label":"Sk\u00e5pbil"}],"product_brand":[{"value":103,"label":"LUXTAR"}],"product_cat":[{"value":2539,"label":"LEDRAMPER"},{"value":2826,"label":"LUXTAR"},{"value":2820,"label":"Luxtar - Paketl\u00f6sningar"},{"value":2542,"label":"Luxtar Twilight"},{"value":18,"label":"LED Ramper \/ Ljusramper"},{"value":20,"label":"Luxtar Twilight"},{"value":2159,"label":"LUXTAR Twilight"},{"value":1916,"label":"Ledrampspaket"}],"product_tag":[{"value":2726,"label":"produktpaket"}]},"featured_image_src_large":["https:\/\/xenonkungen.com\/wp-content\/uploads\/2025\/06\/XXC-Twilight-INF-Y.png",1000,1000,false],"author_info":[],"comment_info":0,"_links":{"self":[{"href":"https:\/\/xenonkungen.com\/de\/wp-json\/wp\/v2\/product\/10303","targetHints":{"allow":["GET"]}}],"collection":[{"href":"https:\/\/xenonkungen.com\/de\/wp-json\/wp\/v2\/product"}],"about":[{"href":"https:\/\/xenonkungen.com\/de\/wp-json\/wp\/v2\/types\/product"}],"replies":[{"embeddable":true,"href":"https:\/\/xenonkungen.com\/de\/wp-json\/wp\/v2\/comments?post=10303"}],"wp:featuredmedia":[{"embeddable":true,"href":"https:\/\/xenonkungen.com\/de\/wp-json\/wp\/v2\/media\/10304"}],"wp:attachment":[{"href":"https:\/\/xenonkungen.com\/de\/wp-json\/wp\/v2\/media?parent=10303"}],"wp:term":[{"taxonomy":"anvandningsomrade","embeddable":true,"href":"https:\/\/xenonkungen.com\/de\/wp-json\/wp\/v2\/anvandningsomrade?post=10303"},{"taxonomy":"bilmarken","embeddable":true,"href":"https:\/\/xenonkungen.com\/de\/wp-json\/wp\/v2\/bilmarken?post=10303"},{"taxonomy":"product_brand","embeddable":true,"href":"https:\/\/xenonkungen.com\/de\/wp-json\/wp\/v2\/product_brand?post=10303"},{"taxonomy":"product_cat","embeddable":true,"href":"https:\/\/xenonkungen.com\/de\/wp-json\/wp\/v2\/product_cat?post=10303"},{"taxonomy":"product_tag","embeddable":true,"href":"https:\/\/xenonkungen.com\/de\/wp-json\/wp\/v2\/product_tag?post=10303"}],"curies":[{"name":"wp","href":"https:\/\/api.w.org\/{rel}","templated":true}]}}