{"id":10321,"date":"2025-08-25T13:29:37","date_gmt":"2025-08-25T13:29:37","guid":{"rendered":"https:\/\/xenonkungen.com\/?post_type=product&#038;p=10321"},"modified":"2026-04-11T00:05:01","modified_gmt":"2026-04-10T23:05:01","slug":"lazer-utility-50-rotes-rucklicht","status":"publish","type":"product","link":"https:\/\/xenonkungen.com\/de\/produkt\/lazer-utility-50-rotes-rucklicht\/","title":{"rendered":"Lazer Utility-50 | Rotes R\u00fccklicht"},"content":{"rendered":"<h2 data-start=\"211\" data-end=\"268\"><strong data-start=\"214\" data-end=\"266\">Lazer Utility-50 \u2013 Professionelle Arbeitsbeleuchtung<\/strong><\/h2>\n<p data-start=\"269\" data-end=\"635\">Erleben Sie die Leistungsf\u00e4higkeit der LED-Arbeitsbeleuchtung der n\u00e4chsten Generation mit <strong data-start=\"328\" data-end=\"348\">Laser Utility-50<\/strong> \u2013 Entwickelt f\u00fcr maximale Leistung, Langlebigkeit und optimale Sichtbarkeit in anspruchsvollsten Arbeitsumgebungen. Dank fortschrittlicher Technologie, kompaktem Design und intelligenter Zusatzfunktionen ist die Utility-50 die perfekte Wahl f\u00fcr professionelle Anwender in den Bereichen Transport, Bauwesen, Rettungsdienste und Industrie.<\/p>\n<hr data-start=\"637\" data-end=\"640\" \/>\n<h3 data-start=\"642\" data-end=\"702\"><strong data-start=\"646\" data-end=\"700\">Leistungsstark und effizient \u2013 wenn Licht Leistung bringen muss.<\/strong><\/h3>\n<p data-start=\"703\" data-end=\"1010\">Die Utility-50 ist mit einem Hochleistungs-LED-System ausgestattet, das bis zu <strong data-start=\"777\" data-end=\"791\">5000 Lumen<\/strong> \u2013 ein kraftvoller und breiter Lichtstrahl, der den Arbeitsbereich pr\u00e4zise ausleuchtet. <strong data-start=\"876\" data-end=\"909\">klares Tageslicht (5000 K)<\/strong> Dank der hohen Farbwiedergabe lassen sich Details auch bei langen Arbeitsschichten in der Dunkelheit gut erkennen.<\/p>\n<p data-start=\"1012\" data-end=\"1294\">Lazers firmeneigene <strong data-start=\"1034\" data-end=\"1058\">CEA Matrix K\u00fchlsystem<\/strong> Sie sorgt f\u00fcr optimale W\u00e4rmeableitung, maximiert so die Lebensdauer der Lampe und gew\u00e4hrleistet eine gleichbleibende Lichtleistung. Dank ihres leichten und kompakten Designs \u2013 nur 650 Gramm \u2013 l\u00e4sst sie sich auch auf engstem Raum problemlos installieren.<\/p>\n<hr data-start=\"1296\" data-end=\"1299\" \/>\n<h3 data-start=\"1301\" data-end=\"1326\"><strong data-start=\"1305\" data-end=\"1326\">Wesentliche Merkmale:<\/strong><\/h3>\n<ul data-start=\"1328\" data-end=\"1551\">\n<li data-start=\"1328\" data-end=\"1353\">\n<p data-start=\"1330\" data-end=\"1353\">5000 Lumen Helligkeit<\/p>\n<\/li>\n<li data-start=\"1354\" data-end=\"1378\">\n<p data-start=\"1356\" data-end=\"1378\">Leistung: 50 W \/ 3,6 A<\/p>\n<\/li>\n<li data-start=\"1379\" data-end=\"1406\">\n<p data-start=\"1381\" data-end=\"1406\">Spannungsbereich: 9\u201332 V<\/p>\n<\/li>\n<li data-start=\"1407\" data-end=\"1450\">\n<p data-start=\"1409\" data-end=\"1450\">Farbtemperatur: 5000 K (helles Tageslicht)<\/p>\n<\/li>\n<li data-start=\"1451\" data-end=\"1488\">\n<p data-start=\"1453\" data-end=\"1488\">Lebensdauer: bis zu 50.000 Stunden<\/p>\n<\/li>\n<li data-start=\"1489\" data-end=\"1511\">\n<p data-start=\"1491\" data-end=\"1511\">Gewicht: nur 650 g<\/p>\n<\/li>\n<li data-start=\"1512\" data-end=\"1551\">\n<p data-start=\"1514\" data-end=\"1551\">ECE-Zulassung f\u00fcr den Stra\u00dfen- und Baustelleneinsatz<\/p>\n<\/li>\n<\/ul>\n<hr data-start=\"1553\" data-end=\"1556\" \/>\n<h3 data-start=\"1558\" data-end=\"1622\"><strong data-start=\"1562\" data-end=\"1622\">Intelligente Zusatzfunktionen \u2013 f\u00fcr mehr Sicherheit und bessere Sichtbarkeit<\/strong><\/h3>\n<p data-start=\"1624\" data-end=\"1840\"><strong data-start=\"1624\" data-end=\"1653\">Rotes R\u00fccklicht (optional):<\/strong><br data-start=\"1653\" data-end=\"1656\" \/>Ideal f\u00fcr die Montage am Heck des Fahrzeugs. Die integrierten roten Umrandungsleuchten sorgen f\u00fcr ein unverwechselbares und gut sichtbares Erscheinungsbild und erh\u00f6hen gleichzeitig die Sicherheit \u2013 gepr\u00fcft und zugelassen nach [Norm\/Richtlinien einf\u00fcgen]. <strong data-start=\"1819\" data-end=\"1839\">UNECE-Regel 148-R1<\/strong>.<\/p>\n<p data-start=\"1842\" data-end=\"2091\"><strong data-start=\"1842\" data-end=\"1878\">Blinkendes gelbes Licht (optional):<\/strong><br data-start=\"1878\" data-end=\"1881\" \/>Entwickelt, um in Gefahrensituationen wie Baustellen oder Notf\u00e4llen zu warnen und gut sichtbar zu sein. Die Blinkfunktion ist gem\u00e4\u00df [Norm\/Richtlinie einf\u00fcgen] zugelassen. <strong data-start=\"2011\" data-end=\"2027\">UNECE-Regel 65<\/strong> und kann f\u00fcr maximale Funktionalit\u00e4t mit einem roten R\u00fccklicht kombiniert werden.<\/p>\n<hr data-start=\"2093\" data-end=\"2096\" \/>\n<h3 data-start=\"2098\" data-end=\"2144\"><strong data-start=\"2102\" data-end=\"2144\">Komplett geliefert \u2013 montagefertig<\/strong><\/h3>\n<p>Jedes Utility-50 wird mit folgendem Zubeh\u00f6r geliefert:<br data-start=\"2176\" data-end=\"2179\" \/>- LED-Gl\u00fchbirne<br data-start=\"2191\" data-end=\"2194\" \/>\u2013 Montagehalterung aus satiniertem, schwarzem Edelstahl<br data-start=\"2234\" data-end=\"2237\" \/>\u2013 Befestigungsschrauben (fest oder lose M10, je nach Wahl)<br data-start=\"2296\" data-end=\"2299\" \/>\u2013 Deutsch-Stecker (weiblich\/m\u00e4nnlich, je nach Modell)<br data-start=\"2350\" data-end=\"2353\" \/>\u2013 Klare Installationsanleitung<\/p>\n<hr data-start=\"2387\" data-end=\"2390\" \/>\n<p data-start=\"2392\" data-end=\"2594\"><strong data-start=\"2392\" data-end=\"2541\">Utility-50 von Lazer ist Arbeitsbeleuchtung in ihrer anspruchsvollsten Form \u2013 f\u00fcr alle, die in jedem Detail kompromisslose Leistung und Zuverl\u00e4ssigkeit fordern.<\/strong><br data-start=\"2541\" data-end=\"2544\" \/>Bereit, sich den Herausforderungen des Alltags zu stellen \u2013 Tag und Nacht.<\/p>","protected":false},"excerpt":{"rendered":"<p>Die Lazer Utility-50 ist eine leistungsstarke und kompakte LED-Arbeitsleuchte, die f\u00fcr zuverl\u00e4ssige Ausleuchtung in anspruchsvollen Umgebungen entwickelt wurde. Dank hoher Helligkeit, intelligenter K\u00fchlung und w\u00e4hlbarer Sicherheitsfunktionen ist sie die ideale Wahl f\u00fcr professionelle Anwender.<\/p>","protected":false},"featured_media":10322,"comment_status":"open","ping_status":"closed","template":"","meta":{"_acf_changed":false,"_smort_price_nok":"2403","_smort_price_dkk":"1527","_smort_price_eur":"204.54","_smort_sale_price_nok":"","_smort_sale_price_dkk":"","_smort_sale_price_eur":"","smort_restorder":"","shipmondo_restorder":"","_kad_blocks_custom_css":"","_kad_blocks_head_custom_js":"","_kad_blocks_body_custom_js":"","_kad_blocks_footer_custom_js":"","smort_custom_pricelist_1":"1440","smort_custom_pricelist_2":"1440","smort_custom_pricelist_3":"1440","smort_custom_pricelist_4":"1800","smort_custom_pricelist_5":"1440"},"anvandningsomrade":[1281,165,236,677,166,167,1915,973],"bilmarken":[],"product_brand":[1124],"product_cat":[508],"product_tag":[2788],"class_list":{"0":"post-10321","1":"product","2":"type-product","3":"status-publish","4":"has-post-thumbnail","6":"anvandningsomrade-arbetsfordon","7":"anvandningsomrade-atv","8":"anvandningsomrade-entreprenad","9":"anvandningsomrade-gravmaskin","10":"anvandningsomrade-lastbil","11":"anvandningsomrade-personbil","12":"anvandningsomrade-skapbil","13":"anvandningsomrade-traktorer","14":"product_brand-lazer","15":"product_cat-arbetsbelysning","16":"product_tag-black-week-exclude","18":"first","19":"instock","20":"taxable","21":"shipping-taxable","22":"purchasable","23":"product-type-simple"},"bundled_by":[],"bundle_stock_status":"instock","bundle_stock_quantity":2,"bundle_virtual":false,"bundle_layout":"","bundle_add_to_cart_form_location":"","bundle_editable_in_cart":false,"bundle_sold_individually_context":"","bundle_item_grouping":"","bundle_min_size":"","bundle_max_size":"","bundle_price":[],"bundled_items":[],"bundle_sell_ids":[],"acf":[],"yoast_head":"<!-- This site is optimized with the Yoast SEO plugin v27.0 - https:\/\/yoast.com\/product\/yoast-seo-wordpress\/ -->\n<title>Lazer Utility-50 | Red Tail Light - Xenonkungen<\/title>\n<meta name=\"robots\" content=\"index, follow, max-snippet:-1, max-image-preview:large, max-video-preview:-1\" \/>\n<link rel=\"canonical\" href=\"https:\/\/xenonkungen.com\/de\/produkt\/lazer-utility-50-rotes-rucklicht\/\" \/>\n<meta property=\"og:locale\" content=\"de_DE\" \/>\n<meta property=\"og:type\" content=\"article\" \/>\n<meta property=\"og:title\" content=\"Lazer Utility-50 | Red Tail Light - Xenonkungen\" \/>\n<meta property=\"og:description\" content=\"Lazer Utility-50 \u00e4r en kraftfull och kompakt LED-arbetslampa, utvecklad f\u00f6r att leverera p\u00e5litlig belysning i kr\u00e4vande milj\u00f6er. Med h\u00f6g ljusstyrka, smart kylning och valbara s\u00e4kerhetsfunktioner \u00e4r den ett sj\u00e4lvklart val f\u00f6r professionella anv\u00e4ndare.\" \/>\n<meta property=\"og:url\" content=\"https:\/\/xenonkungen.com\/de\/produkt\/lazer-utility-50-rotes-rucklicht\/\" \/>\n<meta property=\"og:site_name\" content=\"Xenonkungen\" \/>\n<meta property=\"article:modified_time\" content=\"2026-04-10T23:05:01+00:00\" \/>\n<meta property=\"og:image\" content=\"https:\/\/xenonkungen.com\/wp-content\/uploads\/2025\/06\/utility-50_red_tail_light_on_front_web_text.png\" \/>\n\t<meta property=\"og:image:width\" content=\"1000\" \/>\n\t<meta property=\"og:image:height\" content=\"750\" \/>\n\t<meta property=\"og:image:type\" content=\"image\/png\" \/>\n<meta name=\"twitter:card\" content=\"summary_large_image\" \/>\n<meta name=\"twitter:label1\" content=\"Gesch\u00e4tzte Lesezeit\" \/>\n\t<meta name=\"twitter:data1\" content=\"2\u00a0Minuten\" \/>\n<script type=\"application\/ld+json\" class=\"yoast-schema-graph\">{\"@context\":\"https:\/\/schema.org\",\"@graph\":[{\"@type\":\"WebPage\",\"@id\":\"https:\/\/xenonkungen.com\/es\/producto\/lazer-utility-50-red-tail-light\/\",\"url\":\"https:\/\/xenonkungen.com\/es\/producto\/lazer-utility-50-red-tail-light\/\",\"name\":\"Lazer Utility-50 | Red Tail Light - Xenonkungen\",\"isPartOf\":{\"@id\":\"https:\/\/xenonkungen.com\/#website\"},\"primaryImageOfPage\":{\"@id\":\"https:\/\/xenonkungen.com\/es\/producto\/lazer-utility-50-red-tail-light\/#primaryimage\"},\"image\":{\"@id\":\"https:\/\/xenonkungen.com\/es\/producto\/lazer-utility-50-red-tail-light\/#primaryimage\"},\"thumbnailUrl\":\"https:\/\/xenonkungen.com\/wp-content\/uploads\/2025\/06\/utility-50_red_tail_light_on_front_web_text.png\",\"datePublished\":\"2025-08-25T13:29:37+00:00\",\"dateModified\":\"2026-04-10T23:05:01+00:00\",\"breadcrumb\":{\"@id\":\"https:\/\/xenonkungen.com\/es\/producto\/lazer-utility-50-red-tail-light\/#breadcrumb\"},\"inLanguage\":\"de\",\"potentialAction\":[{\"@type\":\"ReadAction\",\"target\":[\"https:\/\/xenonkungen.com\/es\/producto\/lazer-utility-50-red-tail-light\/\"]}]},{\"@type\":\"ImageObject\",\"inLanguage\":\"de\",\"@id\":\"https:\/\/xenonkungen.com\/es\/producto\/lazer-utility-50-red-tail-light\/#primaryimage\",\"url\":\"https:\/\/xenonkungen.com\/wp-content\/uploads\/2025\/06\/utility-50_red_tail_light_on_front_web_text.png\",\"contentUrl\":\"https:\/\/xenonkungen.com\/wp-content\/uploads\/2025\/06\/utility-50_red_tail_light_on_front_web_text.png\",\"width\":1000,\"height\":750},{\"@type\":\"BreadcrumbList\",\"@id\":\"https:\/\/xenonkungen.com\/es\/producto\/lazer-utility-50-red-tail-light\/#breadcrumb\",\"itemListElement\":[{\"@type\":\"ListItem\",\"position\":1,\"name\":\"Hem\",\"item\":\"https:\/\/xenonkungen.com\/\"},{\"@type\":\"ListItem\",\"position\":2,\"name\":\"Shop\",\"item\":\"https:\/\/xenonkungen.com\/shop\/\"},{\"@type\":\"ListItem\",\"position\":3,\"name\":\"Lazer Utility-50 | Red Tail Light\"}]},{\"@type\":\"WebSite\",\"@id\":\"https:\/\/xenonkungen.com\/#website\",\"url\":\"https:\/\/xenonkungen.com\/\",\"name\":\"Xenonkungen\",\"description\":\"\",\"potentialAction\":[{\"@type\":\"SearchAction\",\"target\":{\"@type\":\"EntryPoint\",\"urlTemplate\":\"https:\/\/xenonkungen.com\/?s={search_term_string}\"},\"query-input\":{\"@type\":\"PropertyValueSpecification\",\"valueRequired\":true,\"valueName\":\"search_term_string\"}}],\"inLanguage\":\"de\"}]}<\/script>\n<!-- \/ Yoast SEO plugin. -->","yoast_head_json":{"title":"Lazer Utility-50 | Rotes R\u00fccklicht \u2013 Der Xenon-K\u00f6nig","robots":{"index":"index","follow":"follow","max-snippet":"max-snippet:-1","max-image-preview":"max-image-preview:large","max-video-preview":"max-video-preview:-1"},"canonical":"https:\/\/xenonkungen.com\/de\/produkt\/lazer-utility-50-rotes-rucklicht\/","og_locale":"de_DE","og_type":"article","og_title":"Lazer Utility-50 | Red Tail Light - Xenonkungen","og_description":"Lazer Utility-50 \u00e4r en kraftfull och kompakt LED-arbetslampa, utvecklad f\u00f6r att leverera p\u00e5litlig belysning i kr\u00e4vande milj\u00f6er. Med h\u00f6g ljusstyrka, smart kylning och valbara s\u00e4kerhetsfunktioner \u00e4r den ett sj\u00e4lvklart val f\u00f6r professionella anv\u00e4ndare.","og_url":"https:\/\/xenonkungen.com\/de\/produkt\/lazer-utility-50-rotes-rucklicht\/","og_site_name":"Xenonkungen","article_modified_time":"2026-04-10T23:05:01+00:00","og_image":[{"width":1000,"height":750,"url":"https:\/\/xenonkungen.com\/wp-content\/uploads\/2025\/06\/utility-50_red_tail_light_on_front_web_text.png","type":"image\/png"}],"twitter_card":"summary_large_image","twitter_misc":{"Gesch\u00e4tzte Lesezeit":"2\u00a0Minuten"},"schema":{"@context":"https:\/\/schema.org","@graph":[{"@type":"WebPage","@id":"https:\/\/xenonkungen.com\/es\/producto\/lazer-utility-50-red-tail-light\/","url":"https:\/\/xenonkungen.com\/es\/producto\/lazer-utility-50-red-tail-light\/","name":"Lazer Utility-50 | Rotes R\u00fccklicht \u2013 Der Xenon-K\u00f6nig","isPartOf":{"@id":"https:\/\/xenonkungen.com\/#website"},"primaryImageOfPage":{"@id":"https:\/\/xenonkungen.com\/es\/producto\/lazer-utility-50-red-tail-light\/#primaryimage"},"image":{"@id":"https:\/\/xenonkungen.com\/es\/producto\/lazer-utility-50-red-tail-light\/#primaryimage"},"thumbnailUrl":"https:\/\/xenonkungen.com\/wp-content\/uploads\/2025\/06\/utility-50_red_tail_light_on_front_web_text.png","datePublished":"2025-08-25T13:29:37+00:00","dateModified":"2026-04-10T23:05:01+00:00","breadcrumb":{"@id":"https:\/\/xenonkungen.com\/es\/producto\/lazer-utility-50-red-tail-light\/#breadcrumb"},"inLanguage":"de","potentialAction":[{"@type":"ReadAction","target":["https:\/\/xenonkungen.com\/es\/producto\/lazer-utility-50-red-tail-light\/"]}]},{"@type":"ImageObject","inLanguage":"de","@id":"https:\/\/xenonkungen.com\/es\/producto\/lazer-utility-50-red-tail-light\/#primaryimage","url":"https:\/\/xenonkungen.com\/wp-content\/uploads\/2025\/06\/utility-50_red_tail_light_on_front_web_text.png","contentUrl":"https:\/\/xenonkungen.com\/wp-content\/uploads\/2025\/06\/utility-50_red_tail_light_on_front_web_text.png","width":1000,"height":750},{"@type":"BreadcrumbList","@id":"https:\/\/xenonkungen.com\/es\/producto\/lazer-utility-50-red-tail-light\/#breadcrumb","itemListElement":[{"@type":"ListItem","position":1,"name":"Hem","item":"https:\/\/xenonkungen.com\/"},{"@type":"ListItem","position":2,"name":"Shop","item":"https:\/\/xenonkungen.com\/shop\/"},{"@type":"ListItem","position":3,"name":"Lazer Utility-50 | Red Tail Light"}]},{"@type":"WebSite","@id":"https:\/\/xenonkungen.com\/#website","url":"https:\/\/xenonkungen.com\/","name":"Xenonkungen","description":"","potentialAction":[{"@type":"SearchAction","target":{"@type":"EntryPoint","urlTemplate":"https:\/\/xenonkungen.com\/?s={search_term_string}"},"query-input":{"@type":"PropertyValueSpecification","valueRequired":true,"valueName":"search_term_string"}}],"inLanguage":"de"}]}},"taxonomy_info":{"anvandningsomrade":[{"value":1281,"label":"Arbetsfordon"},{"value":165,"label":"ATV"},{"value":236,"label":"Entreprenad"},{"value":677,"label":"Gr\u00e4vmaskin"},{"value":166,"label":"Lastbil"},{"value":167,"label":"PERSONBIL"},{"value":1915,"label":"Sk\u00e5pbil"},{"value":973,"label":"traktorer"}],"product_brand":[{"value":1124,"label":"Lazer"}],"product_cat":[{"value":508,"label":"Arbetsbelysning"}],"product_tag":[{"value":2788,"label":"black-week-exclude"}]},"featured_image_src_large":["https:\/\/xenonkungen.com\/wp-content\/uploads\/2025\/06\/utility-50_red_tail_light_on_front_web_text.png",1000,750,false],"author_info":[],"comment_info":0,"_links":{"self":[{"href":"https:\/\/xenonkungen.com\/de\/wp-json\/wp\/v2\/product\/10321","targetHints":{"allow":["GET"]}}],"collection":[{"href":"https:\/\/xenonkungen.com\/de\/wp-json\/wp\/v2\/product"}],"about":[{"href":"https:\/\/xenonkungen.com\/de\/wp-json\/wp\/v2\/types\/product"}],"replies":[{"embeddable":true,"href":"https:\/\/xenonkungen.com\/de\/wp-json\/wp\/v2\/comments?post=10321"}],"wp:featuredmedia":[{"embeddable":true,"href":"https:\/\/xenonkungen.com\/de\/wp-json\/wp\/v2\/media\/10322"}],"wp:attachment":[{"href":"https:\/\/xenonkungen.com\/de\/wp-json\/wp\/v2\/media?parent=10321"}],"wp:term":[{"taxonomy":"anvandningsomrade","embeddable":true,"href":"https:\/\/xenonkungen.com\/de\/wp-json\/wp\/v2\/anvandningsomrade?post=10321"},{"taxonomy":"bilmarken","embeddable":true,"href":"https:\/\/xenonkungen.com\/de\/wp-json\/wp\/v2\/bilmarken?post=10321"},{"taxonomy":"product_brand","embeddable":true,"href":"https:\/\/xenonkungen.com\/de\/wp-json\/wp\/v2\/product_brand?post=10321"},{"taxonomy":"product_cat","embeddable":true,"href":"https:\/\/xenonkungen.com\/de\/wp-json\/wp\/v2\/product_cat?post=10321"},{"taxonomy":"product_tag","embeddable":true,"href":"https:\/\/xenonkungen.com\/de\/wp-json\/wp\/v2\/product_tag?post=10321"}],"curies":[{"name":"wp","href":"https:\/\/api.w.org\/{rel}","templated":true}]}}