{"id":1038,"date":"2025-04-15T07:57:53","date_gmt":"2025-04-15T07:57:53","guid":{"rendered":"https:\/\/xenonkungen.com\/product\/luxtar-onyx-881\/"},"modified":"2026-05-13T07:52:30","modified_gmt":"2026-05-13T06:52:30","slug":"luxtar-onyx-881","status":"publish","type":"product","link":"https:\/\/xenonkungen.com\/de\/produkt\/luxtar-onyx-881\/","title":{"rendered":"LUXTAR\u00ae Onyx | 881"},"content":{"rendered":"<p>Luxtar Onyx ist eine sehr flexible Lampe, die den Wechsel von Halogen zu LED sehr einfach macht. Mit neuer Technologie wurde die Gr\u00f6\u00dfe der Lampen reduziert, w\u00e4hrend ein wirklich guter Effekt und helles Licht beibehalten wird!<\/p>\n<p>Am besten geeignet f\u00fcr die Umr\u00fcstung von Abblendlicht und Nebelscheinwerfern.<\/p>\n<p>Die Luxtar Onyx hat einen Lichtstrom von \u00fcber 1800 Lumen. Dank des wei\u00dfen Lichts der LED-Lampe sorgt dies f\u00fcr ein st\u00e4rkeres und klareres Licht auf der Stra\u00dfe. So lassen sich Gefahren fr\u00fcher erkennen und Unf\u00e4lle vermeiden.<\/p>\n<p>Dank des cleveren Designs und der fortschrittlichen LED-Chips, die speziell f\u00fcr die Fahrzeugbeleuchtung entwickelt wurden, erhalten Sie ein wirklich gutes Lichtbild, mit dem andere Lampen auf dem Markt Probleme haben k\u00f6nnen.<\/p>\n<p>Ersetzt au\u00dferdem die Halogenlampen 886 (H27W\/2) sowie 889, 894, 896 und 898.<\/p>","protected":false},"excerpt":{"rendered":"<p>\"Mit den Luxtar Onyx LED-Lampen k\u00f6nnen Sie die Beleuchtung und Sichtbarkeit Ihres Fahrzeugs drastisch verbessern. Durch die Umstellung von Halogen- auf LED-Leuchten erhalten Sie ein helleres Licht, das f\u00fcr eine bessere Sicht beim Fahren sorgt. Neben der Sicherheit wird auch Ihr Sichtfeld erweitert. Wenn Sie die Lichtleistung Ihres Fahrzeugs verbessern m\u00f6chten, sind diese LED-Lampen die richtige Wahl.<\/p>\n<p>Lampenfu\u00df 881\u201d<\/p>","protected":false},"featured_media":1039,"comment_status":"closed","ping_status":"closed","template":"","meta":{"_acf_changed":false,"_smort_price_nok":"266","_smort_price_dkk":"169","_smort_price_eur":"22.64","_smort_sale_price_nok":"","_smort_sale_price_dkk":"","_smort_sale_price_eur":"","smort_restorder":"","shipmondo_restorder":"","_kad_blocks_custom_css":"","_kad_blocks_head_custom_js":"","_kad_blocks_body_custom_js":"","_kad_blocks_footer_custom_js":"","smort_custom_pricelist_1":"159.36","smort_custom_pricelist_2":"139.44","smort_custom_pricelist_3":"132.47","smort_custom_pricelist_4":"199.2","smort_custom_pricelist_5":"139.44"},"anvandningsomrade":[],"bilmarken":[],"product_brand":[103],"product_cat":[2451,2826,733],"product_tag":[],"class_list":{"0":"post-1038","1":"product","2":"type-product","3":"status-publish","4":"has-post-thumbnail","6":"product_brand-luxtar","7":"product_cat-led-konvertering","8":"product_cat-luxtar","9":"product_cat-halvljus-helljus","10":"pa_faktisk-effekts-forbrukning-332","11":"pa_fuktskydd-varde-ipxx-ip67","12":"pa_godkannande-ce-rohs","13":"pa_lampsockel-kontakt-345","14":"pa_led-chips-effekt-w-331","15":"pa_stromforbrukning-1-4a-12v","16":"pa_volt-v-9-12-18","18":"first","19":"instock","20":"taxable","21":"shipping-taxable","22":"purchasable","23":"product-type-simple"},"bundled_by":[],"bundle_stock_status":"instock","bundle_stock_quantity":17,"bundle_virtual":false,"bundle_layout":"","bundle_add_to_cart_form_location":"","bundle_editable_in_cart":false,"bundle_sold_individually_context":"","bundle_item_grouping":"","bundle_min_size":"","bundle_max_size":"","bundle_price":[],"bundled_items":[],"bundle_sell_ids":[],"acf":[],"yoast_head":"<!-- This site is optimized with the Yoast SEO plugin v27.0 - https:\/\/yoast.com\/product\/yoast-seo-wordpress\/ -->\n<title>LUXTAR\u00ae Onyx | 881 - Xenonkungen<\/title>\n<meta name=\"robots\" content=\"index, follow, max-snippet:-1, max-image-preview:large, max-video-preview:-1\" \/>\n<link rel=\"canonical\" href=\"https:\/\/xenonkungen.com\/de\/produkt\/luxtar-onyx-881\/\" \/>\n<meta property=\"og:locale\" content=\"de_DE\" \/>\n<meta property=\"og:type\" content=\"article\" \/>\n<meta property=\"og:title\" content=\"LUXTAR\u00ae Onyx | 881 - Xenonkungen\" \/>\n<meta property=\"og:description\" content=\"&quot;Med Luxtar Onyx LED-lampor kan du drastiskt f\u00f6rb\u00e4ttra din bils belysning och synlighet. Genom att konvertera fr\u00e5n halogen till LED ger denna gl\u00f6dlampa dig starkare ljus som ger b\u00e4ttre sikt under k\u00f6rning. F\u00f6rutom s\u00e4kerhet ut\u00f6kar den \u00e4ven ditt synomr\u00e5de. Om du vill f\u00f6rb\u00e4ttra ditt fordons belysningsprestanda \u00e4r dessa ledlampor det r\u00e4tta valet.  Lampsockel 881&quot;\" \/>\n<meta property=\"og:url\" content=\"https:\/\/xenonkungen.com\/de\/produkt\/luxtar-onyx-881\/\" \/>\n<meta property=\"og:site_name\" content=\"Xenonkungen\" \/>\n<meta property=\"article:modified_time\" content=\"2026-05-13T06:52:30+00:00\" \/>\n<meta property=\"og:image\" content=\"https:\/\/xenonkungen.com\/wp-content\/uploads\/2025\/04\/193240078-origpic-5e1a87.png\" \/>\n\t<meta property=\"og:image:width\" content=\"992\" \/>\n\t<meta property=\"og:image:height\" content=\"1000\" \/>\n\t<meta property=\"og:image:type\" content=\"image\/png\" \/>\n<meta name=\"twitter:card\" content=\"summary_large_image\" \/>\n<meta name=\"twitter:label1\" content=\"Gesch\u00e4tzte Lesezeit\" \/>\n\t<meta name=\"twitter:data1\" content=\"1\u00a0Minute\" \/>\n<script type=\"application\/ld+json\" class=\"yoast-schema-graph\">{\"@context\":\"https:\/\/schema.org\",\"@graph\":[{\"@type\":\"WebPage\",\"@id\":\"https:\/\/xenonkungen.com\/produkt\/luxtar-onyx-881\/\",\"url\":\"https:\/\/xenonkungen.com\/produkt\/luxtar-onyx-881\/\",\"name\":\"LUXTAR\u00ae Onyx | 881 - Xenonkungen\",\"isPartOf\":{\"@id\":\"https:\/\/xenonkungen.com\/#website\"},\"primaryImageOfPage\":{\"@id\":\"https:\/\/xenonkungen.com\/produkt\/luxtar-onyx-881\/#primaryimage\"},\"image\":{\"@id\":\"https:\/\/xenonkungen.com\/produkt\/luxtar-onyx-881\/#primaryimage\"},\"thumbnailUrl\":\"https:\/\/xenonkungen.com\/wp-content\/uploads\/2025\/04\/193240078-origpic-5e1a87.png\",\"datePublished\":\"2025-04-15T07:57:53+00:00\",\"dateModified\":\"2026-05-13T06:52:30+00:00\",\"breadcrumb\":{\"@id\":\"https:\/\/xenonkungen.com\/produkt\/luxtar-onyx-881\/#breadcrumb\"},\"inLanguage\":\"de\",\"potentialAction\":[{\"@type\":\"ReadAction\",\"target\":[\"https:\/\/xenonkungen.com\/produkt\/luxtar-onyx-881\/\"]}]},{\"@type\":\"ImageObject\",\"inLanguage\":\"de\",\"@id\":\"https:\/\/xenonkungen.com\/produkt\/luxtar-onyx-881\/#primaryimage\",\"url\":\"https:\/\/xenonkungen.com\/wp-content\/uploads\/2025\/04\/193240078-origpic-5e1a87.png\",\"contentUrl\":\"https:\/\/xenonkungen.com\/wp-content\/uploads\/2025\/04\/193240078-origpic-5e1a87.png\",\"width\":992,\"height\":1000},{\"@type\":\"BreadcrumbList\",\"@id\":\"https:\/\/xenonkungen.com\/produkt\/luxtar-onyx-881\/#breadcrumb\",\"itemListElement\":[{\"@type\":\"ListItem\",\"position\":1,\"name\":\"Hem\",\"item\":\"https:\/\/xenonkungen.com\/\"},{\"@type\":\"ListItem\",\"position\":2,\"name\":\"Shop\",\"item\":\"https:\/\/xenonkungen.com\/shop\/\"},{\"@type\":\"ListItem\",\"position\":3,\"name\":\"LUXTAR\u00ae Onyx | 881\"}]},{\"@type\":\"WebSite\",\"@id\":\"https:\/\/xenonkungen.com\/#website\",\"url\":\"https:\/\/xenonkungen.com\/\",\"name\":\"Xenonkungen\",\"description\":\"\",\"potentialAction\":[{\"@type\":\"SearchAction\",\"target\":{\"@type\":\"EntryPoint\",\"urlTemplate\":\"https:\/\/xenonkungen.com\/?s={search_term_string}\"},\"query-input\":{\"@type\":\"PropertyValueSpecification\",\"valueRequired\":true,\"valueName\":\"search_term_string\"}}],\"inLanguage\":\"de\"}]}<\/script>\n<!-- \/ Yoast SEO plugin. -->","yoast_head_json":{"title":"LUXTAR\u00ae Onyx | 881 \u2013 Der Xenon-K\u00f6nig","robots":{"index":"index","follow":"follow","max-snippet":"max-snippet:-1","max-image-preview":"max-image-preview:large","max-video-preview":"max-video-preview:-1"},"canonical":"https:\/\/xenonkungen.com\/de\/produkt\/luxtar-onyx-881\/","og_locale":"de_DE","og_type":"article","og_title":"LUXTAR\u00ae Onyx | 881 - Xenonkungen","og_description":"\"Med Luxtar Onyx LED-lampor kan du drastiskt f\u00f6rb\u00e4ttra din bils belysning och synlighet. Genom att konvertera fr\u00e5n halogen till LED ger denna gl\u00f6dlampa dig starkare ljus som ger b\u00e4ttre sikt under k\u00f6rning. F\u00f6rutom s\u00e4kerhet ut\u00f6kar den \u00e4ven ditt synomr\u00e5de. Om du vill f\u00f6rb\u00e4ttra ditt fordons belysningsprestanda \u00e4r dessa ledlampor det r\u00e4tta valet.  Lampsockel 881\"","og_url":"https:\/\/xenonkungen.com\/de\/produkt\/luxtar-onyx-881\/","og_site_name":"Xenonkungen","article_modified_time":"2026-05-13T06:52:30+00:00","og_image":[{"width":992,"height":1000,"url":"https:\/\/xenonkungen.com\/wp-content\/uploads\/2025\/04\/193240078-origpic-5e1a87.png","type":"image\/png"}],"twitter_card":"summary_large_image","twitter_misc":{"Gesch\u00e4tzte Lesezeit":"1\u00a0Minute"},"schema":{"@context":"https:\/\/schema.org","@graph":[{"@type":"WebPage","@id":"https:\/\/xenonkungen.com\/produkt\/luxtar-onyx-881\/","url":"https:\/\/xenonkungen.com\/produkt\/luxtar-onyx-881\/","name":"LUXTAR\u00ae Onyx | 881 \u2013 Der Xenon-K\u00f6nig","isPartOf":{"@id":"https:\/\/xenonkungen.com\/#website"},"primaryImageOfPage":{"@id":"https:\/\/xenonkungen.com\/produkt\/luxtar-onyx-881\/#primaryimage"},"image":{"@id":"https:\/\/xenonkungen.com\/produkt\/luxtar-onyx-881\/#primaryimage"},"thumbnailUrl":"https:\/\/xenonkungen.com\/wp-content\/uploads\/2025\/04\/193240078-origpic-5e1a87.png","datePublished":"2025-04-15T07:57:53+00:00","dateModified":"2026-05-13T06:52:30+00:00","breadcrumb":{"@id":"https:\/\/xenonkungen.com\/produkt\/luxtar-onyx-881\/#breadcrumb"},"inLanguage":"de","potentialAction":[{"@type":"ReadAction","target":["https:\/\/xenonkungen.com\/produkt\/luxtar-onyx-881\/"]}]},{"@type":"ImageObject","inLanguage":"de","@id":"https:\/\/xenonkungen.com\/produkt\/luxtar-onyx-881\/#primaryimage","url":"https:\/\/xenonkungen.com\/wp-content\/uploads\/2025\/04\/193240078-origpic-5e1a87.png","contentUrl":"https:\/\/xenonkungen.com\/wp-content\/uploads\/2025\/04\/193240078-origpic-5e1a87.png","width":992,"height":1000},{"@type":"BreadcrumbList","@id":"https:\/\/xenonkungen.com\/produkt\/luxtar-onyx-881\/#breadcrumb","itemListElement":[{"@type":"ListItem","position":1,"name":"Hem","item":"https:\/\/xenonkungen.com\/"},{"@type":"ListItem","position":2,"name":"Shop","item":"https:\/\/xenonkungen.com\/shop\/"},{"@type":"ListItem","position":3,"name":"LUXTAR\u00ae Onyx | 881"}]},{"@type":"WebSite","@id":"https:\/\/xenonkungen.com\/#website","url":"https:\/\/xenonkungen.com\/","name":"Xenonkungen","description":"","potentialAction":[{"@type":"SearchAction","target":{"@type":"EntryPoint","urlTemplate":"https:\/\/xenonkungen.com\/?s={search_term_string}"},"query-input":{"@type":"PropertyValueSpecification","valueRequired":true,"valueName":"search_term_string"}}],"inLanguage":"de"}]}},"taxonomy_info":{"product_brand":[{"value":103,"label":"LUXTAR"}],"product_cat":[{"value":2451,"label":"Led-konvertering"},{"value":2826,"label":"LUXTAR"},{"value":733,"label":"Halvljus \/ Helljus"}],"pa_faktisk-effekts-forbrukning":[{"value":332,"label":"17"}],"pa_fuktskydd-varde-ipxx":[{"value":333,"label":"IP67"}],"pa_godkannande":[{"value":337,"label":"CE, RoHS"}],"pa_lampsockel-kontakt":[{"value":345,"label":"881"}],"pa_led-chips-effekt-w":[{"value":331,"label":"36"}],"pa_stromforbrukning":[{"value":335,"label":"1.4A @12V"}],"pa_volt-v":[{"value":334,"label":"9, 12, 18,"}]},"featured_image_src_large":["https:\/\/xenonkungen.com\/wp-content\/uploads\/2025\/04\/193240078-origpic-5e1a87.png",992,1000,false],"author_info":[],"comment_info":0,"_links":{"self":[{"href":"https:\/\/xenonkungen.com\/de\/wp-json\/wp\/v2\/product\/1038","targetHints":{"allow":["GET"]}}],"collection":[{"href":"https:\/\/xenonkungen.com\/de\/wp-json\/wp\/v2\/product"}],"about":[{"href":"https:\/\/xenonkungen.com\/de\/wp-json\/wp\/v2\/types\/product"}],"replies":[{"embeddable":true,"href":"https:\/\/xenonkungen.com\/de\/wp-json\/wp\/v2\/comments?post=1038"}],"wp:featuredmedia":[{"embeddable":true,"href":"https:\/\/xenonkungen.com\/de\/wp-json\/wp\/v2\/media\/1039"}],"wp:attachment":[{"href":"https:\/\/xenonkungen.com\/de\/wp-json\/wp\/v2\/media?parent=1038"}],"wp:term":[{"taxonomy":"anvandningsomrade","embeddable":true,"href":"https:\/\/xenonkungen.com\/de\/wp-json\/wp\/v2\/anvandningsomrade?post=1038"},{"taxonomy":"bilmarken","embeddable":true,"href":"https:\/\/xenonkungen.com\/de\/wp-json\/wp\/v2\/bilmarken?post=1038"},{"taxonomy":"product_brand","embeddable":true,"href":"https:\/\/xenonkungen.com\/de\/wp-json\/wp\/v2\/product_brand?post=1038"},{"taxonomy":"product_cat","embeddable":true,"href":"https:\/\/xenonkungen.com\/de\/wp-json\/wp\/v2\/product_cat?post=1038"},{"taxonomy":"product_tag","embeddable":true,"href":"https:\/\/xenonkungen.com\/de\/wp-json\/wp\/v2\/product_tag?post=1038"}],"curies":[{"name":"wp","href":"https:\/\/api.w.org\/{rel}","templated":true}]}}