{"id":10613,"date":"2025-06-19T11:29:49","date_gmt":"2025-06-19T11:29:49","guid":{"rendered":"https:\/\/xenonkungen.com\/produkt\/2-pack-extraljus-nbb-alpha-225-60w-xenon-24v-2\/"},"modified":"2025-12-10T14:51:22","modified_gmt":"2025-12-10T13:51:22","slug":"2er-pack-extra-leichte-nbb-alpha-225-60w-xenon-24v","status":"publish","type":"product","link":"https:\/\/xenonkungen.com\/de\/produkt\/2er-pack-extra-leichte-nbb-alpha-225-60w-xenon-24v\/","title":{"rendered":"2-PACK Zusatzleuchte NBB Alpha 225 60W Xenon 24V"},"content":{"rendered":"<p>NBB Alpha 225 60W Xenon 24V | Komplettpaket mit 2 x Xenon Zusatzscheinwerfer mit Durchmesser <strong>225mm<\/strong> des sehr beliebten Modells mit einem der besten Lichtmuster auf dem Markt. Neues Modell mit LED-Positionslicht an der Oberkante (optionaler Anschluss).<\/p>\n<p>Die Option f\u00fcr diejenigen, die das meiste und bestm\u00f6gliche Licht bevorzugen. In einer Version mit echter Wirkung auf <strong>60W Xenon<\/strong>.<\/p>\n<p>Sowohl das Vorschaltger\u00e4t (mit 3 Jahren Garantie) als auch die Xenon-Lampe sind vom Typ Superschnellstart und hohe Helligkeit. <\/p>\n<p>Ein Lichtstrom von 10000\u00b1200 Lumen (4300K) mit zwei NBB225 sorgt f\u00fcr eine Fernausleuchtung von etwa 1000 Metern.<\/p>\n<p>Lampengeh\u00e4use: NBB 225 Alpha LED, beliebter Bestseller, der hohe Qualit\u00e4tsanforderungen erf\u00fcllt, mit E-Zeichen im Original-Halogen-Design. Vertikal montiert.<br \/>- Glasfaserverst\u00e4rkter Kunststoff<br \/>- Freiform-Reflektor aus Aluminium<br \/>- Klare Glaslinse aus Polycarbonat<br \/>- Lichtbild Fernbedienung<\/p>\n<p><em>Falls gew\u00fcnscht, k\u00f6nnen Sie das Vorschaltger\u00e4t im Inneren der Laterne montieren. Unsere Empfehlung ist jedoch die externe Platzierung im Motorraum. Das spart Gewicht und Sie haben noch einen gewissen Wert, wenn die Zusatzscheinwerfer gestohlen werden.<\/em><\/p>\n<p>Beliebige Farbtemperatur (K = Kelvin):<br \/><strong>4300K<\/strong> (5000\u00b1100 lm, Standard wei\u00df)<br \/><strong>5000K<\/strong>~5400K (4700\u00b1100 lm, helles Wei\u00df)<br \/><strong>6000K<\/strong> (4100\u00b1100 lm, diamantwei\u00df)<br \/>Tats\u00e4chliche Werte pro Xenonlicht gem\u00e4\u00df Spektralanalyse.<br \/>- Wir empfehlen 4300K.<\/p>\n<p>Inhalt der Lieferung:<br \/>2St\u00fcck <a href=\"https:\/\/www.xenonkungen.com\/sok\/161041\" target=\"_blank\" rel=\"noopener\">Zusatzleuchte NBB 225 LED<\/a><br \/>2St\u00fcck <a href=\"https:\/\/www.xenonkungen.com\/se\/produkter\/xenon\/ballaster\/xenon-ballast-60w-70w.html\" target=\"_blank\" rel=\"noopener\">#103099 HNS-6 Xenon-Vorschaltger\u00e4t 60W<\/a><br \/>2St\u00fcck <a href=\"https:\/\/www.xenonkungen.com\/se\/produkter\/xenon\/xenonlampor-kit\/d2h-xenonlampor-for-nbb-225.html\" target=\"_blank\" rel=\"noopener\">#124344 Power Extra Gl\u00fchbirne D2H<\/a><br \/>2St\u00fcck <a href=\"https:\/\/www.xenonkungen.com\/se\/produkter\/xenon\/kablar-kontakter\/forlangningskabel-40cm.html\" target=\"_blank\" rel=\"noopener\">#103126-40 Verl\u00e4ngerungskabel 40 cm<\/a><br \/>1. <a href=\"https:\/\/www.xenonkungen.com\/se\/produkter\/xenon\/kablar-kontakter\/extraljuskabel-2b-24v.html\" target=\"_blank\" rel=\"noopener\">#103108 Relaiskabel 2B 24V<\/a><br \/>1. <a href=\"https:\/\/www.xenonkungen.com\/se\/produkter\/installationsmaterial\/fasten-universal\/extraljusfaste-svart-2-225mm.html\" target=\"_blank\" rel=\"noopener\">#161101-2 Zusatzlichtb\u00fcgel Schwarz 2<\/a><br \/>2St\u00fcck <a href=\"https:\/\/www.xenonkungen.com\/se\/produkter\/installationsmaterial\/fasten-universal\/extraljus-stag-rund-svart.html\" target=\"_blank\" rel=\"noopener\">#161107 Extra leichter Anh\u00e4nger<\/a><\/p>\n<p>Ersatzteile sind in unserem regul\u00e4ren Sortiment erh\u00e4ltlich.<\/p>\n<p>Das Paket wird standardm\u00e4\u00dfig unmontiert oder montiert mit eingebautem Vorschaltger\u00e4t und Xenonlampe (100 SEK\/NBB) geliefert.<br \/>Die Zusatzleuchte ist in dieser Version nicht E-gepr\u00fcft.<\/p>\n<p>1 Jahr Garantie (3 Jahre f\u00fcr das Vorschaltger\u00e4t HNS-6).<\/p>","protected":false},"excerpt":{"rendered":"<p>NBB Alpha 225 60W Xenon 24V | Komplett paket med 2st xenon extraljus med diameter 225mm av mycket popul\u00e4r modell med ett av marknadens absolut b\u00e4sta ljusbild. Nya modellen med LED positionsljus p\u00e5 \u00f6verkanten (valfri inkoppling). Alternativet f\u00f6r dig som prioriterar mesta och b\u00e4sta m\u00f6jliga ljus. I utf\u00f6rande med verklig effekt p\u00e5 60W xenon. B\u00e5de [&hellip;]<\/p>","protected":false},"featured_media":10577,"comment_status":"closed","ping_status":"open","template":"","meta":{"_acf_changed":false,"_smort_price_nok":"3947","_smort_price_dkk":"2507","_smort_price_eur":"335.89","_smort_sale_price_nok":"","_smort_sale_price_dkk":"","_smort_sale_price_eur":"","smort_restorder":"","shipmondo_restorder":"","_kad_blocks_custom_css":"","_kad_blocks_head_custom_js":"","_kad_blocks_body_custom_js":"","_kad_blocks_footer_custom_js":"","smort_custom_pricelist_1":"","smort_custom_pricelist_2":"","smort_custom_pricelist_3":"","smort_custom_pricelist_4":"","smort_custom_pricelist_5":""},"anvandningsomrade":[],"bilmarken":[],"product_brand":[],"product_cat":[2674,142],"product_tag":[],"class_list":{"0":"post-10613","1":"product","2":"type-product","3":"status-publish","4":"has-post-thumbnail","6":"product_cat-paket-extraljus","7":"product_cat-extraljus","8":"pa_fargtemperatur-5000k","9":"pa_fargtemperatur-6000k","10":"pa_fargtemperatur-4300k","12":"first","13":"onbackorder","14":"taxable","15":"shipping-taxable","16":"purchasable","17":"product-type-variable"},"bundled_by":[],"bundle_stock_status":"onbackorder","bundle_stock_quantity":null,"bundle_virtual":false,"bundle_layout":"","bundle_add_to_cart_form_location":"","bundle_editable_in_cart":false,"bundle_sold_individually_context":"","bundle_item_grouping":"","bundle_min_size":"","bundle_max_size":"","bundle_price":[],"bundled_items":[],"bundle_sell_ids":[],"acf":[],"yoast_head":"<!-- This site is optimized with the Yoast SEO plugin v27.0 - https:\/\/yoast.com\/product\/yoast-seo-wordpress\/ -->\n<title>2-PACK Extraljus NBB Alpha 225 60W Xenon 24V - Xenonkungen<\/title>\n<meta name=\"robots\" content=\"index, follow, max-snippet:-1, max-image-preview:large, max-video-preview:-1\" \/>\n<link rel=\"canonical\" href=\"https:\/\/xenonkungen.com\/de\/produkt\/2er-pack-extra-leichte-nbb-alpha-225-60w-xenon-24v\/\" \/>\n<meta property=\"og:locale\" content=\"de_DE\" \/>\n<meta property=\"og:type\" content=\"article\" \/>\n<meta property=\"og:title\" content=\"2-PACK Extraljus NBB Alpha 225 60W Xenon 24V - Xenonkungen\" \/>\n<meta property=\"og:description\" content=\"NBB Alpha 225 60W Xenon 24V | Komplett paket med 2st xenon extraljus med diameter 225mm av mycket popul\u00e4r modell med ett av marknadens absolut b\u00e4sta ljusbild. Nya modellen med LED positionsljus p\u00e5 \u00f6verkanten (valfri inkoppling). Alternativet f\u00f6r dig som prioriterar mesta och b\u00e4sta m\u00f6jliga ljus. I utf\u00f6rande med verklig effekt p\u00e5 60W xenon. B\u00e5de [&hellip;]\" \/>\n<meta property=\"og:url\" content=\"https:\/\/xenonkungen.com\/de\/produkt\/2er-pack-extra-leichte-nbb-alpha-225-60w-xenon-24v\/\" \/>\n<meta property=\"og:site_name\" content=\"Xenonkungen\" \/>\n<meta property=\"article:modified_time\" content=\"2025-12-10T13:51:22+00:00\" \/>\n<meta property=\"og:image\" content=\"https:\/\/xenonkungen.com\/wp-content\/uploads\/2025\/06\/172077013-origpic-ff0ac1.png\" \/>\n\t<meta property=\"og:image:width\" content=\"1000\" \/>\n\t<meta property=\"og:image:height\" content=\"1000\" \/>\n\t<meta property=\"og:image:type\" content=\"image\/png\" \/>\n<meta name=\"twitter:card\" content=\"summary_large_image\" \/>\n<meta name=\"twitter:label1\" content=\"Gesch\u00e4tzte Lesezeit\" \/>\n\t<meta name=\"twitter:data1\" content=\"1\u00a0Minute\" \/>\n<script type=\"application\/ld+json\" class=\"yoast-schema-graph\">{\"@context\":\"https:\/\/schema.org\",\"@graph\":[{\"@type\":\"WebPage\",\"@id\":\"https:\/\/xenonkungen.com\/no\/produkt\/2-pakning-ekstra-lys-nbb-alpha-225-60w-xenon-24v\/\",\"url\":\"https:\/\/xenonkungen.com\/no\/produkt\/2-pakning-ekstra-lys-nbb-alpha-225-60w-xenon-24v\/\",\"name\":\"2-PACK Extraljus NBB Alpha 225 60W Xenon 24V - Xenonkungen\",\"isPartOf\":{\"@id\":\"https:\/\/xenonkungen.com\/#website\"},\"primaryImageOfPage\":{\"@id\":\"https:\/\/xenonkungen.com\/no\/produkt\/2-pakning-ekstra-lys-nbb-alpha-225-60w-xenon-24v\/#primaryimage\"},\"image\":{\"@id\":\"https:\/\/xenonkungen.com\/no\/produkt\/2-pakning-ekstra-lys-nbb-alpha-225-60w-xenon-24v\/#primaryimage\"},\"thumbnailUrl\":\"https:\/\/xenonkungen.com\/wp-content\/uploads\/2025\/06\/172077013-origpic-ff0ac1.png\",\"datePublished\":\"2025-06-19T11:29:49+00:00\",\"dateModified\":\"2025-12-10T13:51:22+00:00\",\"breadcrumb\":{\"@id\":\"https:\/\/xenonkungen.com\/no\/produkt\/2-pakning-ekstra-lys-nbb-alpha-225-60w-xenon-24v\/#breadcrumb\"},\"inLanguage\":\"de\",\"potentialAction\":[{\"@type\":\"ReadAction\",\"target\":[\"https:\/\/xenonkungen.com\/no\/produkt\/2-pakning-ekstra-lys-nbb-alpha-225-60w-xenon-24v\/\"]}]},{\"@type\":\"ImageObject\",\"inLanguage\":\"de\",\"@id\":\"https:\/\/xenonkungen.com\/no\/produkt\/2-pakning-ekstra-lys-nbb-alpha-225-60w-xenon-24v\/#primaryimage\",\"url\":\"https:\/\/xenonkungen.com\/wp-content\/uploads\/2025\/06\/172077013-origpic-ff0ac1.png\",\"contentUrl\":\"https:\/\/xenonkungen.com\/wp-content\/uploads\/2025\/06\/172077013-origpic-ff0ac1.png\",\"width\":1000,\"height\":1000},{\"@type\":\"BreadcrumbList\",\"@id\":\"https:\/\/xenonkungen.com\/no\/produkt\/2-pakning-ekstra-lys-nbb-alpha-225-60w-xenon-24v\/#breadcrumb\",\"itemListElement\":[{\"@type\":\"ListItem\",\"position\":1,\"name\":\"Hem\",\"item\":\"https:\/\/xenonkungen.com\/\"},{\"@type\":\"ListItem\",\"position\":2,\"name\":\"Shop\",\"item\":\"https:\/\/xenonkungen.com\/shop\/\"},{\"@type\":\"ListItem\",\"position\":3,\"name\":\"2-PACK Extraljus NBB Alpha 225 60W Xenon 24V\"}]},{\"@type\":\"WebSite\",\"@id\":\"https:\/\/xenonkungen.com\/#website\",\"url\":\"https:\/\/xenonkungen.com\/\",\"name\":\"Xenonkungen\",\"description\":\"\",\"potentialAction\":[{\"@type\":\"SearchAction\",\"target\":{\"@type\":\"EntryPoint\",\"urlTemplate\":\"https:\/\/xenonkungen.com\/?s={search_term_string}\"},\"query-input\":{\"@type\":\"PropertyValueSpecification\",\"valueRequired\":true,\"valueName\":\"search_term_string\"}}],\"inLanguage\":\"de\"}]}<\/script>\n<!-- \/ Yoast SEO plugin. -->","yoast_head_json":{"title":"2er-Pack extra leichte NBB Alpha 225 60W Xenon 24V - Xenonkungen","robots":{"index":"index","follow":"follow","max-snippet":"max-snippet:-1","max-image-preview":"max-image-preview:large","max-video-preview":"max-video-preview:-1"},"canonical":"https:\/\/xenonkungen.com\/de\/produkt\/2er-pack-extra-leichte-nbb-alpha-225-60w-xenon-24v\/","og_locale":"de_DE","og_type":"article","og_title":"2-PACK Extraljus NBB Alpha 225 60W Xenon 24V - Xenonkungen","og_description":"NBB Alpha 225 60W Xenon 24V | Komplett paket med 2st xenon extraljus med diameter 225mm av mycket popul\u00e4r modell med ett av marknadens absolut b\u00e4sta ljusbild. Nya modellen med LED positionsljus p\u00e5 \u00f6verkanten (valfri inkoppling). Alternativet f\u00f6r dig som prioriterar mesta och b\u00e4sta m\u00f6jliga ljus. I utf\u00f6rande med verklig effekt p\u00e5 60W xenon. B\u00e5de [&hellip;]","og_url":"https:\/\/xenonkungen.com\/de\/produkt\/2er-pack-extra-leichte-nbb-alpha-225-60w-xenon-24v\/","og_site_name":"Xenonkungen","article_modified_time":"2025-12-10T13:51:22+00:00","og_image":[{"width":1000,"height":1000,"url":"https:\/\/xenonkungen.com\/wp-content\/uploads\/2025\/06\/172077013-origpic-ff0ac1.png","type":"image\/png"}],"twitter_card":"summary_large_image","twitter_misc":{"Gesch\u00e4tzte Lesezeit":"1\u00a0Minute"},"schema":{"@context":"https:\/\/schema.org","@graph":[{"@type":"WebPage","@id":"https:\/\/xenonkungen.com\/no\/produkt\/2-pakning-ekstra-lys-nbb-alpha-225-60w-xenon-24v\/","url":"https:\/\/xenonkungen.com\/no\/produkt\/2-pakning-ekstra-lys-nbb-alpha-225-60w-xenon-24v\/","name":"2er-Pack extra leichte NBB Alpha 225 60W Xenon 24V - Xenonkungen","isPartOf":{"@id":"https:\/\/xenonkungen.com\/#website"},"primaryImageOfPage":{"@id":"https:\/\/xenonkungen.com\/no\/produkt\/2-pakning-ekstra-lys-nbb-alpha-225-60w-xenon-24v\/#primaryimage"},"image":{"@id":"https:\/\/xenonkungen.com\/no\/produkt\/2-pakning-ekstra-lys-nbb-alpha-225-60w-xenon-24v\/#primaryimage"},"thumbnailUrl":"https:\/\/xenonkungen.com\/wp-content\/uploads\/2025\/06\/172077013-origpic-ff0ac1.png","datePublished":"2025-06-19T11:29:49+00:00","dateModified":"2025-12-10T13:51:22+00:00","breadcrumb":{"@id":"https:\/\/xenonkungen.com\/no\/produkt\/2-pakning-ekstra-lys-nbb-alpha-225-60w-xenon-24v\/#breadcrumb"},"inLanguage":"de","potentialAction":[{"@type":"ReadAction","target":["https:\/\/xenonkungen.com\/no\/produkt\/2-pakning-ekstra-lys-nbb-alpha-225-60w-xenon-24v\/"]}]},{"@type":"ImageObject","inLanguage":"de","@id":"https:\/\/xenonkungen.com\/no\/produkt\/2-pakning-ekstra-lys-nbb-alpha-225-60w-xenon-24v\/#primaryimage","url":"https:\/\/xenonkungen.com\/wp-content\/uploads\/2025\/06\/172077013-origpic-ff0ac1.png","contentUrl":"https:\/\/xenonkungen.com\/wp-content\/uploads\/2025\/06\/172077013-origpic-ff0ac1.png","width":1000,"height":1000},{"@type":"BreadcrumbList","@id":"https:\/\/xenonkungen.com\/no\/produkt\/2-pakning-ekstra-lys-nbb-alpha-225-60w-xenon-24v\/#breadcrumb","itemListElement":[{"@type":"ListItem","position":1,"name":"Hem","item":"https:\/\/xenonkungen.com\/"},{"@type":"ListItem","position":2,"name":"Shop","item":"https:\/\/xenonkungen.com\/shop\/"},{"@type":"ListItem","position":3,"name":"2-PACK Extraljus NBB Alpha 225 60W Xenon 24V"}]},{"@type":"WebSite","@id":"https:\/\/xenonkungen.com\/#website","url":"https:\/\/xenonkungen.com\/","name":"Xenonkungen","description":"","potentialAction":[{"@type":"SearchAction","target":{"@type":"EntryPoint","urlTemplate":"https:\/\/xenonkungen.com\/?s={search_term_string}"},"query-input":{"@type":"PropertyValueSpecification","valueRequired":true,"valueName":"search_term_string"}}],"inLanguage":"de"}]}},"taxonomy_info":{"product_cat":[{"value":2674,"label":"Paket"},{"value":142,"label":"Extraljus"}],"pa_fargtemperatur":[{"value":154,"label":"5000K"},{"value":188,"label":"6000K"},{"value":755,"label":"4300K"}]},"featured_image_src_large":["https:\/\/xenonkungen.com\/wp-content\/uploads\/2025\/06\/172077013-origpic-ff0ac1.png",1000,1000,false],"author_info":[],"comment_info":0,"_links":{"self":[{"href":"https:\/\/xenonkungen.com\/de\/wp-json\/wp\/v2\/product\/10613","targetHints":{"allow":["GET"]}}],"collection":[{"href":"https:\/\/xenonkungen.com\/de\/wp-json\/wp\/v2\/product"}],"about":[{"href":"https:\/\/xenonkungen.com\/de\/wp-json\/wp\/v2\/types\/product"}],"replies":[{"embeddable":true,"href":"https:\/\/xenonkungen.com\/de\/wp-json\/wp\/v2\/comments?post=10613"}],"wp:featuredmedia":[{"embeddable":true,"href":"https:\/\/xenonkungen.com\/de\/wp-json\/wp\/v2\/media\/10577"}],"wp:attachment":[{"href":"https:\/\/xenonkungen.com\/de\/wp-json\/wp\/v2\/media?parent=10613"}],"wp:term":[{"taxonomy":"anvandningsomrade","embeddable":true,"href":"https:\/\/xenonkungen.com\/de\/wp-json\/wp\/v2\/anvandningsomrade?post=10613"},{"taxonomy":"bilmarken","embeddable":true,"href":"https:\/\/xenonkungen.com\/de\/wp-json\/wp\/v2\/bilmarken?post=10613"},{"taxonomy":"product_brand","embeddable":true,"href":"https:\/\/xenonkungen.com\/de\/wp-json\/wp\/v2\/product_brand?post=10613"},{"taxonomy":"product_cat","embeddable":true,"href":"https:\/\/xenonkungen.com\/de\/wp-json\/wp\/v2\/product_cat?post=10613"},{"taxonomy":"product_tag","embeddable":true,"href":"https:\/\/xenonkungen.com\/de\/wp-json\/wp\/v2\/product_tag?post=10613"}],"curies":[{"name":"wp","href":"https:\/\/api.w.org\/{rel}","templated":true}]}}