{"id":1081,"date":"2025-04-15T07:58:48","date_gmt":"2025-04-15T07:58:48","guid":{"rendered":"https:\/\/xenonkungen.com\/product\/relakabelsats-3st-extraljus-24v9006\/"},"modified":"2026-03-25T09:13:24","modified_gmt":"2026-03-25T08:13:24","slug":"relaiskabelsatz-3-stuck-zusatzscheinwerfer-24v9006","status":"publish","type":"product","link":"https:\/\/xenonkungen.com\/de\/produkt\/relaiskabelsatz-3-stuck-zusatzscheinwerfer-24v9006\/","title":{"rendered":"Relaiskabelsatz 3tlg. Extra leicht 24V|9006"},"content":{"rendered":"<h1>Relaiskabelsatz 3B | 9006 24V<\/h1>\n<p>Relaisverdrahtung f\u00fcr 3 zus\u00e4tzliche Leuchten zur sicheren Stromversorgung von 24V Xenon-Vorschaltger\u00e4ten, Zusatzleuchten, LED-Rampen usw. an Lastwagen, Bussen, Nutzfahrzeugen, Traktoren usw.<\/p>\n<p>Dieser Relaiskabelsatz besteht aus 3 Kabeln, die jeweils mit einem 9006-Kontakt (m\u00e4nnlich) abgeschlossen sind, einem Plus- und einem Minuskabel sowie einem Signalkabel, das bei der Aktivierung des Fernlichts an das 24-V-Plus des Fahrzeugs angeschlossen wird.<\/p>\n<p>Auf der Relaisplatine befinden sich eine Sicherung (40 A) und ein 24-V-Relais (60 A). F\u00fcr optimale Ergebnisse empfehlen wir, das Relais mit der \u00d6ffnung nach oben zu montieren. Das Set hat eine Kabell\u00e4nge von 3 Metern. Die L\u00e4ngenangabe bezieht sich auf die Zeit vom Pluspol bis zum Ende der 9006 Kontakte.<br \/>Dieses Produkt erleichtert die Installation und erm\u00f6glicht zudem die sichere Verwendung von 3 zus\u00e4tzlichen Xenon-Scheinwerfern.<br \/>Bitte beachten Sie, dass einige Fahrzeuge aufgrund der sogenannten CAN-Bus-\u00dcberwachung eine spezielle Relais-L\u00f6sung ben\u00f6tigen (siehe Zubeh\u00f6r XBB Lichtschalter). Dies betrifft haupts\u00e4chlich neuere europ\u00e4ische Fahrzeuge mit LED- oder Xenon-Scheinwerfern.<br \/><strong>Gut zu wissen<\/strong><br \/>Wir haben sch\u00fctzende flexible Schl\u00e4uche verwendet, die Besch\u00e4digungen der Verkabelung in engen R\u00e4umen reduzieren.<\/p>\n<p><strong>Verbindung<\/strong><br \/>3 St\u00fcck 9006-Steckverbinder f\u00fcr schnelle Verbindung<\/p>\n<p><strong>Relais<\/strong><br \/>60A Relais, 40A Sicherung \u2013 Das bedeutet, dass Sie mit dieser Verkabelung problemlos gro\u00dfe Lampen betreiben k\u00f6nnen.<\/p>\n<p><strong>Gesch\u00fctzt<\/strong><br \/>Ein flexibler Schlauch um die Verkabelung sorgt daf\u00fcr, dass keine elektromagnetische Strahlung austritt und die Kabel nicht am K\u00f6rper oder \u00c4hnlichem scheuern. <\/p>\n<p><strong>Wirkung<\/strong><br \/>Mit dieser Verkabelung k\u00f6nnen Sie Lampen mit einer Leistung von bis zu etwa 300 W betreiben. <\/p>\n<p><strong>B\u00fcrgschaft<\/strong><br \/>1 Jahr<\/p>\n<p><strong>Inhalt der Lieferung<\/strong><br \/>Bei der Bestellung sind 1 kompletter Relais-Kabelbaum und 1 Stromdieb enthalten.<\/p>","protected":false},"excerpt":{"rendered":"<p>Relaiskabelsatz f\u00fcr 3 Zusatzleuchten\/24 V. Ideal f\u00fcr alle, die bis zu 3 Zusatzleuchten oder LED-Streifen anschlie\u00dfen m\u00f6chten. Inklusive Schnellverbinder (9006\/HB4).<\/p>","protected":false},"featured_media":1082,"comment_status":"closed","ping_status":"open","template":"","meta":{"_acf_changed":false,"_smort_price_nok":"315","_smort_price_dkk":"200","_smort_price_eur":"26.82","_smort_sale_price_nok":"","_smort_sale_price_dkk":"","_smort_sale_price_eur":"","smort_restorder":"","shipmondo_restorder":"","_kad_blocks_custom_css":"","_kad_blocks_head_custom_js":"","_kad_blocks_body_custom_js":"","_kad_blocks_footer_custom_js":"","smort_custom_pricelist_1":"188.8","smort_custom_pricelist_2":"165.2","smort_custom_pricelist_3":"156.94","smort_custom_pricelist_4":"236","smort_custom_pricelist_5":"165.2"},"anvandningsomrade":[],"bilmarken":[],"product_brand":[],"product_cat":[2841,2828,2795,2796,2488,2491,2489,2490,390],"product_tag":[],"class_list":{"0":"post-1081","1":"product","2":"type-product","3":"status-publish","4":"has-post-thumbnail","6":"product_cat-installation-extraljus","7":"product_cat-installation-led-ramper","8":"product_cat-kablar-rela","9":"product_cat-relakabelsatser","10":"product_cat-relasats-arbetsbelysning","11":"product_cat-relasats","12":"product_cat-relasats-extraljus","13":"product_cat-relasats-2","14":"product_cat-installation","15":"pa_lampsockel-kontakt-9006-hb4","16":"pa_volt-v-160","18":"first","19":"instock","20":"taxable","21":"shipping-taxable","22":"purchasable","23":"product-type-simple"},"bundled_by":[],"bundle_stock_status":"instock","bundle_stock_quantity":143,"bundle_virtual":false,"bundle_layout":"","bundle_add_to_cart_form_location":"","bundle_editable_in_cart":false,"bundle_sold_individually_context":"","bundle_item_grouping":"","bundle_min_size":"","bundle_max_size":"","bundle_price":[],"bundled_items":[],"bundle_sell_ids":[],"acf":[],"yoast_head":"<!-- This site is optimized with the Yoast SEO plugin v27.0 - https:\/\/yoast.com\/product\/yoast-seo-wordpress\/ -->\n<title>Rel\u00e4kabelsats 3st Extraljus 24V|9006 - Xenonkungen<\/title>\n<meta name=\"robots\" content=\"index, follow, max-snippet:-1, max-image-preview:large, max-video-preview:-1\" \/>\n<link rel=\"canonical\" href=\"https:\/\/xenonkungen.com\/de\/produkt\/relaiskabelsatz-3-stuck-zusatzscheinwerfer-24v9006\/\" \/>\n<meta property=\"og:locale\" content=\"de_DE\" \/>\n<meta property=\"og:type\" content=\"article\" \/>\n<meta property=\"og:title\" content=\"Rel\u00e4kabelsats 3st Extraljus 24V|9006 - Xenonkungen\" \/>\n<meta property=\"og:description\" content=\"Rel\u00e4kabelsats f\u00f6r 3st extraljus\/24V Perfekt rel\u00e4kablage f\u00f6r dig som vill ansluta upp till 3 stycken Extraljus eller ledramper. F\u00e4rdigt med snabbkontakt (9006\/HB4)\" \/>\n<meta property=\"og:url\" content=\"https:\/\/xenonkungen.com\/de\/produkt\/relaiskabelsatz-3-stuck-zusatzscheinwerfer-24v9006\/\" \/>\n<meta property=\"og:site_name\" content=\"Xenonkungen\" \/>\n<meta property=\"article:modified_time\" content=\"2026-03-25T08:13:24+00:00\" \/>\n<meta property=\"og:image\" content=\"https:\/\/xenonkungen.com\/wp-content\/uploads\/2025\/04\/174316781-origpic-6484aa.png\" \/>\n\t<meta property=\"og:image:width\" content=\"1000\" \/>\n\t<meta property=\"og:image:height\" content=\"1000\" \/>\n\t<meta property=\"og:image:type\" content=\"image\/png\" \/>\n<meta name=\"twitter:card\" content=\"summary_large_image\" \/>\n<meta name=\"twitter:label1\" content=\"Gesch\u00e4tzte Lesezeit\" \/>\n\t<meta name=\"twitter:data1\" content=\"1\u00a0Minute\" \/>\n<script type=\"application\/ld+json\" class=\"yoast-schema-graph\">{\"@context\":\"https:\/\/schema.org\",\"@graph\":[{\"@type\":\"WebPage\",\"@id\":\"https:\/\/xenonkungen.com\/nl\/product\/relaiskabelset-3-stuks-hulpverlichting-24v9006\/\",\"url\":\"https:\/\/xenonkungen.com\/nl\/product\/relaiskabelset-3-stuks-hulpverlichting-24v9006\/\",\"name\":\"Rel\u00e4kabelsats 3st Extraljus 24V|9006 - Xenonkungen\",\"isPartOf\":{\"@id\":\"https:\/\/xenonkungen.com\/#website\"},\"primaryImageOfPage\":{\"@id\":\"https:\/\/xenonkungen.com\/nl\/product\/relaiskabelset-3-stuks-hulpverlichting-24v9006\/#primaryimage\"},\"image\":{\"@id\":\"https:\/\/xenonkungen.com\/nl\/product\/relaiskabelset-3-stuks-hulpverlichting-24v9006\/#primaryimage\"},\"thumbnailUrl\":\"https:\/\/xenonkungen.com\/wp-content\/uploads\/2025\/04\/174316781-origpic-6484aa.png\",\"datePublished\":\"2025-04-15T07:58:48+00:00\",\"dateModified\":\"2026-03-25T08:13:24+00:00\",\"breadcrumb\":{\"@id\":\"https:\/\/xenonkungen.com\/nl\/product\/relaiskabelset-3-stuks-hulpverlichting-24v9006\/#breadcrumb\"},\"inLanguage\":\"de\",\"potentialAction\":[{\"@type\":\"ReadAction\",\"target\":[\"https:\/\/xenonkungen.com\/nl\/product\/relaiskabelset-3-stuks-hulpverlichting-24v9006\/\"]}]},{\"@type\":\"ImageObject\",\"inLanguage\":\"de\",\"@id\":\"https:\/\/xenonkungen.com\/nl\/product\/relaiskabelset-3-stuks-hulpverlichting-24v9006\/#primaryimage\",\"url\":\"https:\/\/xenonkungen.com\/wp-content\/uploads\/2025\/04\/174316781-origpic-6484aa.png\",\"contentUrl\":\"https:\/\/xenonkungen.com\/wp-content\/uploads\/2025\/04\/174316781-origpic-6484aa.png\",\"width\":1000,\"height\":1000},{\"@type\":\"BreadcrumbList\",\"@id\":\"https:\/\/xenonkungen.com\/nl\/product\/relaiskabelset-3-stuks-hulpverlichting-24v9006\/#breadcrumb\",\"itemListElement\":[{\"@type\":\"ListItem\",\"position\":1,\"name\":\"Hem\",\"item\":\"https:\/\/xenonkungen.com\/\"},{\"@type\":\"ListItem\",\"position\":2,\"name\":\"Shop\",\"item\":\"https:\/\/xenonkungen.com\/shop\/\"},{\"@type\":\"ListItem\",\"position\":3,\"name\":\"Rel\u00e4kabelsats 3st Extraljus 24V|9006\"}]},{\"@type\":\"WebSite\",\"@id\":\"https:\/\/xenonkungen.com\/#website\",\"url\":\"https:\/\/xenonkungen.com\/\",\"name\":\"Xenonkungen\",\"description\":\"\",\"potentialAction\":[{\"@type\":\"SearchAction\",\"target\":{\"@type\":\"EntryPoint\",\"urlTemplate\":\"https:\/\/xenonkungen.com\/?s={search_term_string}\"},\"query-input\":{\"@type\":\"PropertyValueSpecification\",\"valueRequired\":true,\"valueName\":\"search_term_string\"}}],\"inLanguage\":\"de\"}]}<\/script>\n<!-- \/ Yoast SEO plugin. -->","yoast_head_json":{"title":"Relaiskabelsatz 3-teilig Zusatzscheinwerfer 24V|9006 - Xenonkungen","robots":{"index":"index","follow":"follow","max-snippet":"max-snippet:-1","max-image-preview":"max-image-preview:large","max-video-preview":"max-video-preview:-1"},"canonical":"https:\/\/xenonkungen.com\/de\/produkt\/relaiskabelsatz-3-stuck-zusatzscheinwerfer-24v9006\/","og_locale":"de_DE","og_type":"article","og_title":"Rel\u00e4kabelsats 3st Extraljus 24V|9006 - Xenonkungen","og_description":"Rel\u00e4kabelsats f\u00f6r 3st extraljus\/24V Perfekt rel\u00e4kablage f\u00f6r dig som vill ansluta upp till 3 stycken Extraljus eller ledramper. F\u00e4rdigt med snabbkontakt (9006\/HB4)","og_url":"https:\/\/xenonkungen.com\/de\/produkt\/relaiskabelsatz-3-stuck-zusatzscheinwerfer-24v9006\/","og_site_name":"Xenonkungen","article_modified_time":"2026-03-25T08:13:24+00:00","og_image":[{"width":1000,"height":1000,"url":"https:\/\/xenonkungen.com\/wp-content\/uploads\/2025\/04\/174316781-origpic-6484aa.png","type":"image\/png"}],"twitter_card":"summary_large_image","twitter_misc":{"Gesch\u00e4tzte Lesezeit":"1\u00a0Minute"},"schema":{"@context":"https:\/\/schema.org","@graph":[{"@type":"WebPage","@id":"https:\/\/xenonkungen.com\/nl\/product\/relaiskabelset-3-stuks-hulpverlichting-24v9006\/","url":"https:\/\/xenonkungen.com\/nl\/product\/relaiskabelset-3-stuks-hulpverlichting-24v9006\/","name":"Relaiskabelsatz 3-teilig Zusatzscheinwerfer 24V|9006 - Xenonkungen","isPartOf":{"@id":"https:\/\/xenonkungen.com\/#website"},"primaryImageOfPage":{"@id":"https:\/\/xenonkungen.com\/nl\/product\/relaiskabelset-3-stuks-hulpverlichting-24v9006\/#primaryimage"},"image":{"@id":"https:\/\/xenonkungen.com\/nl\/product\/relaiskabelset-3-stuks-hulpverlichting-24v9006\/#primaryimage"},"thumbnailUrl":"https:\/\/xenonkungen.com\/wp-content\/uploads\/2025\/04\/174316781-origpic-6484aa.png","datePublished":"2025-04-15T07:58:48+00:00","dateModified":"2026-03-25T08:13:24+00:00","breadcrumb":{"@id":"https:\/\/xenonkungen.com\/nl\/product\/relaiskabelset-3-stuks-hulpverlichting-24v9006\/#breadcrumb"},"inLanguage":"de","potentialAction":[{"@type":"ReadAction","target":["https:\/\/xenonkungen.com\/nl\/product\/relaiskabelset-3-stuks-hulpverlichting-24v9006\/"]}]},{"@type":"ImageObject","inLanguage":"de","@id":"https:\/\/xenonkungen.com\/nl\/product\/relaiskabelset-3-stuks-hulpverlichting-24v9006\/#primaryimage","url":"https:\/\/xenonkungen.com\/wp-content\/uploads\/2025\/04\/174316781-origpic-6484aa.png","contentUrl":"https:\/\/xenonkungen.com\/wp-content\/uploads\/2025\/04\/174316781-origpic-6484aa.png","width":1000,"height":1000},{"@type":"BreadcrumbList","@id":"https:\/\/xenonkungen.com\/nl\/product\/relaiskabelset-3-stuks-hulpverlichting-24v9006\/#breadcrumb","itemListElement":[{"@type":"ListItem","position":1,"name":"Hem","item":"https:\/\/xenonkungen.com\/"},{"@type":"ListItem","position":2,"name":"Shop","item":"https:\/\/xenonkungen.com\/shop\/"},{"@type":"ListItem","position":3,"name":"Rel\u00e4kabelsats 3st Extraljus 24V|9006"}]},{"@type":"WebSite","@id":"https:\/\/xenonkungen.com\/#website","url":"https:\/\/xenonkungen.com\/","name":"Xenonkungen","description":"","potentialAction":[{"@type":"SearchAction","target":{"@type":"EntryPoint","urlTemplate":"https:\/\/xenonkungen.com\/?s={search_term_string}"},"query-input":{"@type":"PropertyValueSpecification","valueRequired":true,"valueName":"search_term_string"}}],"inLanguage":"de"}]}},"taxonomy_info":{"product_cat":[{"value":2841,"label":"Installation extraljus"},{"value":2828,"label":"Installation LED-ramper"},{"value":2795,"label":"Kablar och Rel\u00e4"},{"value":2796,"label":"Rel\u00e4kabelsatser"},{"value":2488,"label":"Rel\u00e4sats"},{"value":2491,"label":"Rel\u00e4sats"},{"value":2489,"label":"Rel\u00e4satser"},{"value":2490,"label":"Rel\u00e4satser"},{"value":390,"label":"Installation"}],"pa_lampsockel-kontakt":[{"value":326,"label":"9006 , HB4"}],"pa_volt-v":[{"value":160,"label":"24"}]},"featured_image_src_large":["https:\/\/xenonkungen.com\/wp-content\/uploads\/2025\/04\/174316781-origpic-6484aa.png",1000,1000,false],"author_info":[],"comment_info":0,"_links":{"self":[{"href":"https:\/\/xenonkungen.com\/de\/wp-json\/wp\/v2\/product\/1081","targetHints":{"allow":["GET"]}}],"collection":[{"href":"https:\/\/xenonkungen.com\/de\/wp-json\/wp\/v2\/product"}],"about":[{"href":"https:\/\/xenonkungen.com\/de\/wp-json\/wp\/v2\/types\/product"}],"replies":[{"embeddable":true,"href":"https:\/\/xenonkungen.com\/de\/wp-json\/wp\/v2\/comments?post=1081"}],"wp:featuredmedia":[{"embeddable":true,"href":"https:\/\/xenonkungen.com\/de\/wp-json\/wp\/v2\/media\/1082"}],"wp:attachment":[{"href":"https:\/\/xenonkungen.com\/de\/wp-json\/wp\/v2\/media?parent=1081"}],"wp:term":[{"taxonomy":"anvandningsomrade","embeddable":true,"href":"https:\/\/xenonkungen.com\/de\/wp-json\/wp\/v2\/anvandningsomrade?post=1081"},{"taxonomy":"bilmarken","embeddable":true,"href":"https:\/\/xenonkungen.com\/de\/wp-json\/wp\/v2\/bilmarken?post=1081"},{"taxonomy":"product_brand","embeddable":true,"href":"https:\/\/xenonkungen.com\/de\/wp-json\/wp\/v2\/product_brand?post=1081"},{"taxonomy":"product_cat","embeddable":true,"href":"https:\/\/xenonkungen.com\/de\/wp-json\/wp\/v2\/product_cat?post=1081"},{"taxonomy":"product_tag","embeddable":true,"href":"https:\/\/xenonkungen.com\/de\/wp-json\/wp\/v2\/product_tag?post=1081"}],"curies":[{"name":"wp","href":"https:\/\/api.w.org\/{rel}","templated":true}]}}