{"id":1091,"date":"2025-04-15T07:58:48","date_gmt":"2025-04-15T07:58:48","guid":{"rendered":"https:\/\/xenonkungen.com\/product\/smarter-bullit-cykellampa-f290-vit-400lm\/"},"modified":"2026-04-11T00:25:13","modified_gmt":"2026-04-10T23:25:13","slug":"smarter-bullit-fahrradlampe-f290-weis-400-lm","status":"publish","type":"product","link":"https:\/\/xenonkungen.com\/de\/produkt\/smarter-bullit-fahrradlampe-f290-weis-400-lm\/","title":{"rendered":"Smarter\u00ae Bullit Fahrradlicht F290 WEISS | 400lm"},"content":{"rendered":"<p>Robuste Fahrradbeleuchtung f\u00fcr alle, die Wert auf hohe Sicherheit legen. <\/p>\n<p>Sto\u00dffest dank der stabilen Aluminiumkonstruktion, der starken LED-Chips und des gro\u00dfen Akkus macht diese Fahrradleuchte einen gro\u00dfen Eindruck, dem sie auch gerecht wird! Ein helles Licht von \u00fcber 400 Lumen und eine Akkulaufzeit von bis zu 7,5 Stunden machen sie zu einem perfekten Partner in der Dunkelheit. <\/p>\n<p>Die Lampe ist einfach zu montieren, die Halterung an der Unterseite ist anpassungsf\u00e4hig, um an allen verschiedenen Lenkern zu funktionieren. <\/p>","protected":false},"excerpt":{"rendered":"<p>Stabile Fahrradbeleuchtung mit viel Licht!<\/p>","protected":false},"featured_media":1092,"comment_status":"closed","ping_status":"closed","template":"","meta":{"_acf_changed":false,"_smort_price_nok":"138","_smort_price_dkk":"121","_smort_price_eur":"16.27","_smort_sale_price_nok":"138","_smort_sale_price_dkk":"","_smort_sale_price_eur":"11.73","smort_restorder":"","shipmondo_restorder":"","_kad_blocks_custom_css":"","_kad_blocks_head_custom_js":"","_kad_blocks_body_custom_js":"","_kad_blocks_footer_custom_js":"","smort_custom_pricelist_1":"114.56","smort_custom_pricelist_2":"114.56","smort_custom_pricelist_3":"108.83","smort_custom_pricelist_4":"143.2","smort_custom_pricelist_5":"114.56"},"anvandningsomrade":[237],"bilmarken":[],"product_brand":[111],"product_cat":[2443,1962],"product_tag":[],"class_list":{"0":"post-1091","1":"product","2":"type-product","3":"status-publish","4":"has-post-thumbnail","6":"anvandningsomrade-fritid","7":"product_brand-smarter","8":"product_cat-cykelbelysning","9":"product_cat-cykel","10":"pa_fargtemperatur-6000k","11":"pa_storlek-mm-95x3x33","12":"pa_volt-v-361","14":"first","15":"instock","16":"sale","17":"taxable","18":"shipping-taxable","19":"purchasable","20":"product-type-simple"},"bundled_by":[],"bundle_stock_status":"instock","bundle_stock_quantity":35,"bundle_virtual":false,"bundle_layout":"","bundle_add_to_cart_form_location":"","bundle_editable_in_cart":false,"bundle_sold_individually_context":"","bundle_item_grouping":"","bundle_min_size":"","bundle_max_size":"","bundle_price":[],"bundled_items":[],"bundle_sell_ids":[],"acf":[],"yoast_head":"<!-- This site is optimized with the Yoast SEO plugin v27.0 - https:\/\/yoast.com\/product\/yoast-seo-wordpress\/ -->\n<title>Smarter\u00ae Bullit Cykellampa F290 VIT | 400lm - Xenonkungen<\/title>\n<meta name=\"robots\" content=\"index, follow, max-snippet:-1, max-image-preview:large, max-video-preview:-1\" \/>\n<link rel=\"canonical\" href=\"https:\/\/xenonkungen.com\/de\/produkt\/smarter-bullit-fahrradlampe-f290-weis-400-lm\/\" \/>\n<meta property=\"og:locale\" content=\"de_DE\" \/>\n<meta property=\"og:type\" content=\"article\" \/>\n<meta property=\"og:title\" content=\"Smarter\u00ae Bullit Cykellampa F290 VIT | 400lm - Xenonkungen\" \/>\n<meta property=\"og:description\" content=\"Rej\u00e4l cykelbelysning med mycket ljus!\" \/>\n<meta property=\"og:url\" content=\"https:\/\/xenonkungen.com\/de\/produkt\/smarter-bullit-fahrradlampe-f290-weis-400-lm\/\" \/>\n<meta property=\"og:site_name\" content=\"Xenonkungen\" \/>\n<meta property=\"article:modified_time\" content=\"2026-04-10T23:25:13+00:00\" \/>\n<meta property=\"og:image\" content=\"https:\/\/xenonkungen.com\/wp-content\/uploads\/2025\/04\/191774627-origpic-42231e.png\" \/>\n\t<meta property=\"og:image:width\" content=\"1000\" \/>\n\t<meta property=\"og:image:height\" content=\"1000\" \/>\n\t<meta property=\"og:image:type\" content=\"image\/png\" \/>\n<meta name=\"twitter:card\" content=\"summary_large_image\" \/>\n<script type=\"application\/ld+json\" class=\"yoast-schema-graph\">{\"@context\":\"https:\/\/schema.org\",\"@graph\":[{\"@type\":\"WebPage\",\"@id\":\"https:\/\/xenonkungen.com\/de\/produkt\/smarter-bullit-cykellampa-f290-vit-400lm\/\",\"url\":\"https:\/\/xenonkungen.com\/de\/produkt\/smarter-bullit-cykellampa-f290-vit-400lm\/\",\"name\":\"Smarter\u00ae Bullit Cykellampa F290 VIT | 400lm - Xenonkungen\",\"isPartOf\":{\"@id\":\"https:\/\/xenonkungen.com\/#website\"},\"primaryImageOfPage\":{\"@id\":\"https:\/\/xenonkungen.com\/de\/produkt\/smarter-bullit-cykellampa-f290-vit-400lm\/#primaryimage\"},\"image\":{\"@id\":\"https:\/\/xenonkungen.com\/de\/produkt\/smarter-bullit-cykellampa-f290-vit-400lm\/#primaryimage\"},\"thumbnailUrl\":\"https:\/\/xenonkungen.com\/wp-content\/uploads\/2025\/04\/191774627-origpic-42231e.png\",\"datePublished\":\"2025-04-15T07:58:48+00:00\",\"dateModified\":\"2026-04-10T23:25:13+00:00\",\"breadcrumb\":{\"@id\":\"https:\/\/xenonkungen.com\/de\/produkt\/smarter-bullit-cykellampa-f290-vit-400lm\/#breadcrumb\"},\"inLanguage\":\"de\",\"potentialAction\":[{\"@type\":\"ReadAction\",\"target\":[\"https:\/\/xenonkungen.com\/de\/produkt\/smarter-bullit-cykellampa-f290-vit-400lm\/\"]}]},{\"@type\":\"ImageObject\",\"inLanguage\":\"de\",\"@id\":\"https:\/\/xenonkungen.com\/de\/produkt\/smarter-bullit-cykellampa-f290-vit-400lm\/#primaryimage\",\"url\":\"https:\/\/xenonkungen.com\/wp-content\/uploads\/2025\/04\/191774627-origpic-42231e.png\",\"contentUrl\":\"https:\/\/xenonkungen.com\/wp-content\/uploads\/2025\/04\/191774627-origpic-42231e.png\",\"width\":1000,\"height\":1000},{\"@type\":\"BreadcrumbList\",\"@id\":\"https:\/\/xenonkungen.com\/de\/produkt\/smarter-bullit-cykellampa-f290-vit-400lm\/#breadcrumb\",\"itemListElement\":[{\"@type\":\"ListItem\",\"position\":1,\"name\":\"Hem\",\"item\":\"https:\/\/xenonkungen.com\/\"},{\"@type\":\"ListItem\",\"position\":2,\"name\":\"Shop\",\"item\":\"https:\/\/xenonkungen.com\/shop\/\"},{\"@type\":\"ListItem\",\"position\":3,\"name\":\"Smarter\u00ae Bullit Cykellampa F290 VIT | 400lm\"}]},{\"@type\":\"WebSite\",\"@id\":\"https:\/\/xenonkungen.com\/#website\",\"url\":\"https:\/\/xenonkungen.com\/\",\"name\":\"Xenonkungen\",\"description\":\"\",\"potentialAction\":[{\"@type\":\"SearchAction\",\"target\":{\"@type\":\"EntryPoint\",\"urlTemplate\":\"https:\/\/xenonkungen.com\/?s={search_term_string}\"},\"query-input\":{\"@type\":\"PropertyValueSpecification\",\"valueRequired\":true,\"valueName\":\"search_term_string\"}}],\"inLanguage\":\"de\"}]}<\/script>\n<!-- \/ Yoast SEO plugin. -->","yoast_head_json":{"title":"Smarter\u00ae Bullit Fahrradlampe F290 WEISS | 400 lm - Xenonkungen","robots":{"index":"index","follow":"follow","max-snippet":"max-snippet:-1","max-image-preview":"max-image-preview:large","max-video-preview":"max-video-preview:-1"},"canonical":"https:\/\/xenonkungen.com\/de\/produkt\/smarter-bullit-fahrradlampe-f290-weis-400-lm\/","og_locale":"de_DE","og_type":"article","og_title":"Smarter\u00ae Bullit Cykellampa F290 VIT | 400lm - Xenonkungen","og_description":"Rej\u00e4l cykelbelysning med mycket ljus!","og_url":"https:\/\/xenonkungen.com\/de\/produkt\/smarter-bullit-fahrradlampe-f290-weis-400-lm\/","og_site_name":"Xenonkungen","article_modified_time":"2026-04-10T23:25:13+00:00","og_image":[{"width":1000,"height":1000,"url":"https:\/\/xenonkungen.com\/wp-content\/uploads\/2025\/04\/191774627-origpic-42231e.png","type":"image\/png"}],"twitter_card":"summary_large_image","schema":{"@context":"https:\/\/schema.org","@graph":[{"@type":"WebPage","@id":"https:\/\/xenonkungen.com\/de\/produkt\/smarter-bullit-cykellampa-f290-vit-400lm\/","url":"https:\/\/xenonkungen.com\/de\/produkt\/smarter-bullit-cykellampa-f290-vit-400lm\/","name":"Smarter\u00ae Bullit Fahrradlampe F290 WEISS | 400 lm - Xenonkungen","isPartOf":{"@id":"https:\/\/xenonkungen.com\/#website"},"primaryImageOfPage":{"@id":"https:\/\/xenonkungen.com\/de\/produkt\/smarter-bullit-cykellampa-f290-vit-400lm\/#primaryimage"},"image":{"@id":"https:\/\/xenonkungen.com\/de\/produkt\/smarter-bullit-cykellampa-f290-vit-400lm\/#primaryimage"},"thumbnailUrl":"https:\/\/xenonkungen.com\/wp-content\/uploads\/2025\/04\/191774627-origpic-42231e.png","datePublished":"2025-04-15T07:58:48+00:00","dateModified":"2026-04-10T23:25:13+00:00","breadcrumb":{"@id":"https:\/\/xenonkungen.com\/de\/produkt\/smarter-bullit-cykellampa-f290-vit-400lm\/#breadcrumb"},"inLanguage":"de","potentialAction":[{"@type":"ReadAction","target":["https:\/\/xenonkungen.com\/de\/produkt\/smarter-bullit-cykellampa-f290-vit-400lm\/"]}]},{"@type":"ImageObject","inLanguage":"de","@id":"https:\/\/xenonkungen.com\/de\/produkt\/smarter-bullit-cykellampa-f290-vit-400lm\/#primaryimage","url":"https:\/\/xenonkungen.com\/wp-content\/uploads\/2025\/04\/191774627-origpic-42231e.png","contentUrl":"https:\/\/xenonkungen.com\/wp-content\/uploads\/2025\/04\/191774627-origpic-42231e.png","width":1000,"height":1000},{"@type":"BreadcrumbList","@id":"https:\/\/xenonkungen.com\/de\/produkt\/smarter-bullit-cykellampa-f290-vit-400lm\/#breadcrumb","itemListElement":[{"@type":"ListItem","position":1,"name":"Hem","item":"https:\/\/xenonkungen.com\/"},{"@type":"ListItem","position":2,"name":"Shop","item":"https:\/\/xenonkungen.com\/shop\/"},{"@type":"ListItem","position":3,"name":"Smarter\u00ae Bullit Cykellampa F290 VIT | 400lm"}]},{"@type":"WebSite","@id":"https:\/\/xenonkungen.com\/#website","url":"https:\/\/xenonkungen.com\/","name":"Xenonkungen","description":"","potentialAction":[{"@type":"SearchAction","target":{"@type":"EntryPoint","urlTemplate":"https:\/\/xenonkungen.com\/?s={search_term_string}"},"query-input":{"@type":"PropertyValueSpecification","valueRequired":true,"valueName":"search_term_string"}}],"inLanguage":"de"}]}},"taxonomy_info":{"anvandningsomrade":[{"value":237,"label":"Fritid"}],"product_brand":[{"value":111,"label":"SMARTER"}],"product_cat":[{"value":2443,"label":"Cykelbelysning"},{"value":1962,"label":"Cykel"}],"pa_fargtemperatur":[{"value":188,"label":"6000K"}],"pa_storlek-mm":[{"value":360,"label":"9,5x3x3,3"}],"pa_volt-v":[{"value":361,"label":"3,7"}]},"featured_image_src_large":["https:\/\/xenonkungen.com\/wp-content\/uploads\/2025\/04\/191774627-origpic-42231e.png",1000,1000,false],"author_info":[],"comment_info":0,"_links":{"self":[{"href":"https:\/\/xenonkungen.com\/de\/wp-json\/wp\/v2\/product\/1091","targetHints":{"allow":["GET"]}}],"collection":[{"href":"https:\/\/xenonkungen.com\/de\/wp-json\/wp\/v2\/product"}],"about":[{"href":"https:\/\/xenonkungen.com\/de\/wp-json\/wp\/v2\/types\/product"}],"replies":[{"embeddable":true,"href":"https:\/\/xenonkungen.com\/de\/wp-json\/wp\/v2\/comments?post=1091"}],"wp:featuredmedia":[{"embeddable":true,"href":"https:\/\/xenonkungen.com\/de\/wp-json\/wp\/v2\/media\/1092"}],"wp:attachment":[{"href":"https:\/\/xenonkungen.com\/de\/wp-json\/wp\/v2\/media?parent=1091"}],"wp:term":[{"taxonomy":"anvandningsomrade","embeddable":true,"href":"https:\/\/xenonkungen.com\/de\/wp-json\/wp\/v2\/anvandningsomrade?post=1091"},{"taxonomy":"bilmarken","embeddable":true,"href":"https:\/\/xenonkungen.com\/de\/wp-json\/wp\/v2\/bilmarken?post=1091"},{"taxonomy":"product_brand","embeddable":true,"href":"https:\/\/xenonkungen.com\/de\/wp-json\/wp\/v2\/product_brand?post=1091"},{"taxonomy":"product_cat","embeddable":true,"href":"https:\/\/xenonkungen.com\/de\/wp-json\/wp\/v2\/product_cat?post=1091"},{"taxonomy":"product_tag","embeddable":true,"href":"https:\/\/xenonkungen.com\/de\/wp-json\/wp\/v2\/product_tag?post=1091"}],"curies":[{"name":"wp","href":"https:\/\/api.w.org\/{rel}","templated":true}]}}