{"id":1150,"date":"2025-04-15T08:00:23","date_gmt":"2025-04-15T08:00:23","guid":{"rendered":"https:\/\/xenonkungen.com\/product\/smarter-vevradio-solar-radio-am-fm\/"},"modified":"2026-04-21T17:03:49","modified_gmt":"2026-04-21T16:03:49","slug":"intelligenteres-kurbelradio-solarradio-am-fm","status":"publish","type":"product","link":"https:\/\/xenonkungen.com\/de\/produkt\/intelligenteres-kurbelradio-solarradio-am-fm\/","title":{"rendered":"Smarter\u00ae Vevradio Solar-Radio AM\/FM"},"content":{"rendered":"<h1>Smarter Solar Radio<\/h1>\n<p>Ein Notfallradio, das mit einem eingebauten Solarpanel aufgeladen werden kann. Sollte das Wetter bew\u00f6lkt sein, hat das Radio auch eine Handkurbel, die Sie in wenigen Minuten aufladen k\u00f6nnen. <\/p>\n<p>Ideal f\u00fcr das Ferienhaus, den Wohnwagen, den Campingurlaub oder einfach im Auto zum Wandern!<\/p>\n<p>Das Funkger\u00e4t verf\u00fcgt au\u00dferdem \u00fcber eine LED-Taschenlampe mit niedrigem Stromverbrauch, so dass Sie den Akku optimal nutzen k\u00f6nnen. <\/p>\n<p>Eine weitere praktische Funktion ist, dass das Radio auch Ihr Handy aufladen kann! Dies wird \u00fcber den USB-Anschluss unter der wetterfesten Gummiabdeckung getan. 1000mAh gibt Ihnen etwa eine halbe Ladung auf Ihrem Handy, perfekt zu haben, wenn Sie weit drau\u00dfen in den W\u00e4ldern ohne Zugang zu Strom sind. <\/p>\n<p>Nat\u00fcrlich k\u00f6nnen Sie das Radio auch vorher aufladen, so dass Sie sicher sein k\u00f6nnen, dass der Akku voll ist, bevor Sie abreisen.<\/p>\n<p><strong>B\u00fcrgschaft:<\/strong> 1 Jahr<\/p>","protected":false},"excerpt":{"rendered":"<p>Das Vevradio Smarter Solar Radio ist ein multifunktionales Campingradio, das mehr bietet, als seine Gr\u00f6\u00dfe vermuten l\u00e4sst!<\/p>\n<p>Das Funkger\u00e4t hat eine robuste Konstruktion, die es auch unter schwierigen Bedingungen sch\u00fctzt.<\/p>","protected":false},"featured_media":1151,"comment_status":"closed","ping_status":"closed","template":"","meta":{"_acf_changed":false,"_smort_price_nok":"256","_smort_price_dkk":"268","_smort_price_eur":"35.91","_smort_sale_price_nok":"256","_smort_sale_price_dkk":"","_smort_sale_price_eur":"21.82","smort_restorder":"","shipmondo_restorder":"","_kad_blocks_custom_css":"","_kad_blocks_head_custom_js":"","_kad_blocks_body_custom_js":"","_kad_blocks_footer_custom_js":"","smort_custom_pricelist_1":"252.8","smort_custom_pricelist_2":"252.8","smort_custom_pricelist_3":"240.16","smort_custom_pricelist_4":"316","smort_custom_pricelist_5":"252.8"},"anvandningsomrade":[237],"bilmarken":[],"product_brand":[111],"product_cat":[2440,2439],"product_tag":[],"class_list":{"0":"post-1150","1":"product","2":"type-product","3":"status-publish","4":"has-post-thumbnail","6":"anvandningsomrade-fritid","7":"product_brand-smarter","8":"product_cat-camping","9":"product_cat-hem","11":"first","12":"instock","13":"sale","14":"taxable","15":"shipping-taxable","16":"purchasable","17":"product-type-simple"},"bundled_by":[],"bundle_stock_status":"instock","bundle_stock_quantity":101,"bundle_virtual":false,"bundle_layout":"","bundle_add_to_cart_form_location":"","bundle_editable_in_cart":false,"bundle_sold_individually_context":"","bundle_item_grouping":"","bundle_min_size":"","bundle_max_size":"","bundle_price":[],"bundled_items":[],"bundle_sell_ids":[],"acf":[],"yoast_head":"<!-- This site is optimized with the Yoast SEO plugin v27.0 - https:\/\/yoast.com\/product\/yoast-seo-wordpress\/ -->\n<title>Smarter\u00ae Vevradio Solar Radio AM\/FM - Xenonkungen<\/title>\n<meta name=\"robots\" content=\"index, follow, max-snippet:-1, max-image-preview:large, max-video-preview:-1\" \/>\n<link rel=\"canonical\" href=\"https:\/\/xenonkungen.com\/de\/produkt\/intelligenteres-kurbelradio-solarradio-am-fm\/\" \/>\n<meta property=\"og:locale\" content=\"de_DE\" \/>\n<meta property=\"og:type\" content=\"article\" \/>\n<meta property=\"og:title\" content=\"Smarter\u00ae Vevradio Solar Radio AM\/FM - Xenonkungen\" \/>\n<meta property=\"og:description\" content=\"Vevradio Smarter Solar Radio \u00e4r en multifunktionell campingradion som bjuder p\u00e5 mer \u00e4n storleken vill visa! Radion har en t\u00e5lig konstruktion, som skyddar den n\u00e4r f\u00f6rh\u00e5llandena blir tuffa.\" \/>\n<meta property=\"og:url\" content=\"https:\/\/xenonkungen.com\/de\/produkt\/intelligenteres-kurbelradio-solarradio-am-fm\/\" \/>\n<meta property=\"og:site_name\" content=\"Xenonkungen\" \/>\n<meta property=\"article:modified_time\" content=\"2026-04-21T16:03:49+00:00\" \/>\n<meta property=\"og:image\" content=\"https:\/\/xenonkungen.com\/wp-content\/uploads\/2025\/04\/177072467-origpic-94380d.png\" \/>\n\t<meta property=\"og:image:width\" content=\"1000\" \/>\n\t<meta property=\"og:image:height\" content=\"1000\" \/>\n\t<meta property=\"og:image:type\" content=\"image\/png\" \/>\n<meta name=\"twitter:card\" content=\"summary_large_image\" \/>\n<meta name=\"twitter:label1\" content=\"Gesch\u00e4tzte Lesezeit\" \/>\n\t<meta name=\"twitter:data1\" content=\"1\u00a0Minute\" \/>\n<script type=\"application\/ld+json\" class=\"yoast-schema-graph\">{\"@context\":\"https:\/\/schema.org\",\"@graph\":[{\"@type\":\"WebPage\",\"@id\":\"https:\/\/xenonkungen.com\/produkt\/smarter-vevradio-solar-radio-am-fm\/\",\"url\":\"https:\/\/xenonkungen.com\/produkt\/smarter-vevradio-solar-radio-am-fm\/\",\"name\":\"Smarter\u00ae Vevradio Solar Radio AM\/FM - Xenonkungen\",\"isPartOf\":{\"@id\":\"https:\/\/xenonkungen.com\/#website\"},\"primaryImageOfPage\":{\"@id\":\"https:\/\/xenonkungen.com\/produkt\/smarter-vevradio-solar-radio-am-fm\/#primaryimage\"},\"image\":{\"@id\":\"https:\/\/xenonkungen.com\/produkt\/smarter-vevradio-solar-radio-am-fm\/#primaryimage\"},\"thumbnailUrl\":\"https:\/\/xenonkungen.com\/wp-content\/uploads\/2025\/04\/177072467-origpic-94380d.png\",\"datePublished\":\"2025-04-15T08:00:23+00:00\",\"dateModified\":\"2026-04-21T16:03:49+00:00\",\"breadcrumb\":{\"@id\":\"https:\/\/xenonkungen.com\/produkt\/smarter-vevradio-solar-radio-am-fm\/#breadcrumb\"},\"inLanguage\":\"de\",\"potentialAction\":[{\"@type\":\"ReadAction\",\"target\":[\"https:\/\/xenonkungen.com\/produkt\/smarter-vevradio-solar-radio-am-fm\/\"]}]},{\"@type\":\"ImageObject\",\"inLanguage\":\"de\",\"@id\":\"https:\/\/xenonkungen.com\/produkt\/smarter-vevradio-solar-radio-am-fm\/#primaryimage\",\"url\":\"https:\/\/xenonkungen.com\/wp-content\/uploads\/2025\/04\/177072467-origpic-94380d.png\",\"contentUrl\":\"https:\/\/xenonkungen.com\/wp-content\/uploads\/2025\/04\/177072467-origpic-94380d.png\",\"width\":1000,\"height\":1000},{\"@type\":\"BreadcrumbList\",\"@id\":\"https:\/\/xenonkungen.com\/produkt\/smarter-vevradio-solar-radio-am-fm\/#breadcrumb\",\"itemListElement\":[{\"@type\":\"ListItem\",\"position\":1,\"name\":\"Hem\",\"item\":\"https:\/\/xenonkungen.com\/\"},{\"@type\":\"ListItem\",\"position\":2,\"name\":\"Shop\",\"item\":\"https:\/\/xenonkungen.com\/shop\/\"},{\"@type\":\"ListItem\",\"position\":3,\"name\":\"Smarter\u00ae Vevradio Solar Radio AM\/FM\"}]},{\"@type\":\"WebSite\",\"@id\":\"https:\/\/xenonkungen.com\/#website\",\"url\":\"https:\/\/xenonkungen.com\/\",\"name\":\"Xenonkungen\",\"description\":\"\",\"potentialAction\":[{\"@type\":\"SearchAction\",\"target\":{\"@type\":\"EntryPoint\",\"urlTemplate\":\"https:\/\/xenonkungen.com\/?s={search_term_string}\"},\"query-input\":{\"@type\":\"PropertyValueSpecification\",\"valueRequired\":true,\"valueName\":\"search_term_string\"}}],\"inLanguage\":\"de\"}]}<\/script>\n<!-- \/ Yoast SEO plugin. -->","yoast_head_json":{"title":"Smarter\u00ae Kurbelradio Solarradio AM\/FM - Der Xenon-K\u00f6nig","robots":{"index":"index","follow":"follow","max-snippet":"max-snippet:-1","max-image-preview":"max-image-preview:large","max-video-preview":"max-video-preview:-1"},"canonical":"https:\/\/xenonkungen.com\/de\/produkt\/intelligenteres-kurbelradio-solarradio-am-fm\/","og_locale":"de_DE","og_type":"article","og_title":"Smarter\u00ae Vevradio Solar Radio AM\/FM - Xenonkungen","og_description":"Vevradio Smarter Solar Radio \u00e4r en multifunktionell campingradion som bjuder p\u00e5 mer \u00e4n storleken vill visa! Radion har en t\u00e5lig konstruktion, som skyddar den n\u00e4r f\u00f6rh\u00e5llandena blir tuffa.","og_url":"https:\/\/xenonkungen.com\/de\/produkt\/intelligenteres-kurbelradio-solarradio-am-fm\/","og_site_name":"Xenonkungen","article_modified_time":"2026-04-21T16:03:49+00:00","og_image":[{"width":1000,"height":1000,"url":"https:\/\/xenonkungen.com\/wp-content\/uploads\/2025\/04\/177072467-origpic-94380d.png","type":"image\/png"}],"twitter_card":"summary_large_image","twitter_misc":{"Gesch\u00e4tzte Lesezeit":"1\u00a0Minute"},"schema":{"@context":"https:\/\/schema.org","@graph":[{"@type":"WebPage","@id":"https:\/\/xenonkungen.com\/produkt\/smarter-vevradio-solar-radio-am-fm\/","url":"https:\/\/xenonkungen.com\/produkt\/smarter-vevradio-solar-radio-am-fm\/","name":"Smarter\u00ae Kurbelradio Solarradio AM\/FM - Der Xenon-K\u00f6nig","isPartOf":{"@id":"https:\/\/xenonkungen.com\/#website"},"primaryImageOfPage":{"@id":"https:\/\/xenonkungen.com\/produkt\/smarter-vevradio-solar-radio-am-fm\/#primaryimage"},"image":{"@id":"https:\/\/xenonkungen.com\/produkt\/smarter-vevradio-solar-radio-am-fm\/#primaryimage"},"thumbnailUrl":"https:\/\/xenonkungen.com\/wp-content\/uploads\/2025\/04\/177072467-origpic-94380d.png","datePublished":"2025-04-15T08:00:23+00:00","dateModified":"2026-04-21T16:03:49+00:00","breadcrumb":{"@id":"https:\/\/xenonkungen.com\/produkt\/smarter-vevradio-solar-radio-am-fm\/#breadcrumb"},"inLanguage":"de","potentialAction":[{"@type":"ReadAction","target":["https:\/\/xenonkungen.com\/produkt\/smarter-vevradio-solar-radio-am-fm\/"]}]},{"@type":"ImageObject","inLanguage":"de","@id":"https:\/\/xenonkungen.com\/produkt\/smarter-vevradio-solar-radio-am-fm\/#primaryimage","url":"https:\/\/xenonkungen.com\/wp-content\/uploads\/2025\/04\/177072467-origpic-94380d.png","contentUrl":"https:\/\/xenonkungen.com\/wp-content\/uploads\/2025\/04\/177072467-origpic-94380d.png","width":1000,"height":1000},{"@type":"BreadcrumbList","@id":"https:\/\/xenonkungen.com\/produkt\/smarter-vevradio-solar-radio-am-fm\/#breadcrumb","itemListElement":[{"@type":"ListItem","position":1,"name":"Hem","item":"https:\/\/xenonkungen.com\/"},{"@type":"ListItem","position":2,"name":"Shop","item":"https:\/\/xenonkungen.com\/shop\/"},{"@type":"ListItem","position":3,"name":"Smarter\u00ae Vevradio Solar Radio AM\/FM"}]},{"@type":"WebSite","@id":"https:\/\/xenonkungen.com\/#website","url":"https:\/\/xenonkungen.com\/","name":"Xenonkungen","description":"","potentialAction":[{"@type":"SearchAction","target":{"@type":"EntryPoint","urlTemplate":"https:\/\/xenonkungen.com\/?s={search_term_string}"},"query-input":{"@type":"PropertyValueSpecification","valueRequired":true,"valueName":"search_term_string"}}],"inLanguage":"de"}]}},"taxonomy_info":{"anvandningsomrade":[{"value":237,"label":"Fritid"}],"product_brand":[{"value":111,"label":"SMARTER"}],"product_cat":[{"value":2440,"label":"Camping"},{"value":2439,"label":"HEM"}]},"featured_image_src_large":["https:\/\/xenonkungen.com\/wp-content\/uploads\/2025\/04\/177072467-origpic-94380d.png",1000,1000,false],"author_info":[],"comment_info":0,"_links":{"self":[{"href":"https:\/\/xenonkungen.com\/de\/wp-json\/wp\/v2\/product\/1150","targetHints":{"allow":["GET"]}}],"collection":[{"href":"https:\/\/xenonkungen.com\/de\/wp-json\/wp\/v2\/product"}],"about":[{"href":"https:\/\/xenonkungen.com\/de\/wp-json\/wp\/v2\/types\/product"}],"replies":[{"embeddable":true,"href":"https:\/\/xenonkungen.com\/de\/wp-json\/wp\/v2\/comments?post=1150"}],"wp:featuredmedia":[{"embeddable":true,"href":"https:\/\/xenonkungen.com\/de\/wp-json\/wp\/v2\/media\/1151"}],"wp:attachment":[{"href":"https:\/\/xenonkungen.com\/de\/wp-json\/wp\/v2\/media?parent=1150"}],"wp:term":[{"taxonomy":"anvandningsomrade","embeddable":true,"href":"https:\/\/xenonkungen.com\/de\/wp-json\/wp\/v2\/anvandningsomrade?post=1150"},{"taxonomy":"bilmarken","embeddable":true,"href":"https:\/\/xenonkungen.com\/de\/wp-json\/wp\/v2\/bilmarken?post=1150"},{"taxonomy":"product_brand","embeddable":true,"href":"https:\/\/xenonkungen.com\/de\/wp-json\/wp\/v2\/product_brand?post=1150"},{"taxonomy":"product_cat","embeddable":true,"href":"https:\/\/xenonkungen.com\/de\/wp-json\/wp\/v2\/product_cat?post=1150"},{"taxonomy":"product_tag","embeddable":true,"href":"https:\/\/xenonkungen.com\/de\/wp-json\/wp\/v2\/product_tag?post=1150"}],"curies":[{"name":"wp","href":"https:\/\/api.w.org\/{rel}","templated":true}]}}