{"id":11526,"date":"2025-06-23T13:50:43","date_gmt":"2025-06-23T13:50:43","guid":{"rendered":"https:\/\/xenonkungen.com\/produkt\/rad4-extraljus-nbb-alpha-225-60w-xenon\/"},"modified":"2026-04-05T15:26:17","modified_gmt":"2026-04-05T14:26:17","slug":"rad4-zusatzscheinwerfer-nbb-alpha-225-60w-xenon","status":"publish","type":"product","link":"https:\/\/xenonkungen.com\/de\/produkt\/rad4-zusatzscheinwerfer-nbb-alpha-225-60w-xenon\/","title":{"rendered":"RAD4 Extra leicht NBB Alpha 225 60W Xenon"},"content":{"rendered":"<h1>Ein Extra Light Pack f\u00fcr alle, denen 3 Lampen nicht genug sind!<\/h1>\n<p>Komplettpaket mit 4 Zusatzleuchten NBB Alpha 225 mit Durchmesser 225mm mit einem der absolut besten Lichtbilder auf dem Markt. Neues Modell mit LED-Positionslicht an der Oberkante (optionaler Anschluss).<\/p>\n<p>Die Option f\u00fcr diejenigen, die das meiste und bestm\u00f6gliche Licht bevorzugen. In einer Version mit echter Wirkung auf <strong>60W Xenon<\/strong> (entspricht den sogenannten \"70W\" der Wettbewerber).<\/p>\n<p>Sowohl das Vorschaltger\u00e4t (mit 3 Jahren Garantie) als auch die Xenon-Lampe sind vom Typ Superschnellstart und hohe Helligkeit. <\/p>\n<p><strong>Frage:<\/strong> Viele Leute verkaufen dieses zus\u00e4tzliche Licht. Warum bei Ihnen kaufen?<br \/><strong>Antwort:<\/strong> Laut der Zeitschrift Vi bil\u00e4gares test haben wir den besten Kundenservice in Schweden. Unsere HNS-6-Vorschaltger\u00e4te haben auch die l\u00e4ngste Garantie aller Vorschaltger\u00e4te auf dem Ersatzteilmarkt. <\/p>\n<p>Das Paket kommt mit 2 Remote &amp;2 Spot. wir empfehlen, in der folgenden Reihenfolge zu montieren F-S-S-F <\/p>\n<p>Der Lichtstrom von 22400\u00b1400 Lumen (4300K) mit drei NBB225 bietet eine Leuchtweite von weit \u00fcber 1000 Metern!<\/p>\n<p>Lampengeh\u00e4use: NBB 225 Alpha LED, beliebter Bestseller, der hohe Qualit\u00e4tsanforderungen erf\u00fcllt, mit E-Zeichen im Original-Halogen-Design. Vertikal montiert.<br \/>- Glasfaserverst\u00e4rkter Kunststoff<br \/>- Freiform-Reflektor aus Aluminium<br \/>- Klare Glaslinse aus Polycarbonat<br \/>- Lichtbild Remote(Driving), Spot(Pencil Beam)<\/p>\n<p><em>Falls gew\u00fcnscht, k\u00f6nnen Sie das Vorschaltger\u00e4t im Inneren der Laterne montieren. Unsere Empfehlung ist jedoch die externe Platzierung im Motorraum. Das spart Gewicht und Sie haben noch einen gewissen Wert, wenn die Zusatzscheinwerfer gestohlen werden.<\/em><\/p>\n<p><strong>Beliebige Farbtemperatur (K = Kelvin):<\/strong><br \/><strong>4300K<\/strong> (5600\u00b1100 lm, Standard-Wei\u00df)<br \/><strong>5000K<\/strong>~5400K (5200\u00b1100 lm, helles Wei\u00df)<br \/><strong>6000K<\/strong> (4700\u00b1100 lm, diamantwei\u00df)<br \/>Tats\u00e4chliche Werte pro Xenonlicht gem\u00e4\u00df Spektralanalyse.<br \/>- Wir empfehlen 4300K.<\/p>\n<p><strong>Inhalt der Lieferung:<\/strong><br \/>4St\u00fcck <a href=\"https:\/\/www.xenonkungen.com\/sok\/161041\" target=\"_blank\" rel=\"noopener\">Zusatzleuchte NBB 225 LED<\/a><br \/>4St\u00fcck <a href=\"https:\/\/www.xenonkungen.com\/se\/produkter\/xenon\/ballaster\/xenon-ballast-60w-70w.html\" target=\"_blank\" rel=\"noopener\">#103099 HNS-6 Speed Start Vorschaltger\u00e4t 12V<\/a><br \/>4St\u00fcck <a href=\"https:\/\/www.xenonkungen.com\/se\/produkter\/xenon\/xenonlampor-kit\/d2h-xenonlampor-for-nbb-225.html\" target=\"_blank\" rel=\"noopener\">#124344 Power Extra Gl\u00fchbirne D2H<\/a><br \/>4St\u00fcck <a href=\"https:\/\/www.xenonkungen.com\/se\/produkter\/xenon\/kablar-kontakter\/forlangningskabel-40cm.html\" target=\"_blank\" rel=\"noopener\">#103126-40 Verl\u00e4ngerungskabel 40cm<\/a><br \/>2St\u00fcck <a href=\"https:\/\/www.xenonkungen.com\/se\/produkter\/xenon\/kablar-kontakter\/extraljus-relakablage.html\" target=\"_blank\" rel=\"noopener\">#103120 Relaiskabelsatz 2tlg. Zusatzleuchte 12V|9006<\/a><br \/>4St\u00fcck <a href=\"https:\/\/www.xenonkungen.com\/se\/produkter\/installationsmaterial\/fasten-universal\/extraljus-stag-rund-svart.html\" target=\"_blank\" rel=\"noopener\">#161107 Extra leichter Anh\u00e4nger<\/a><br \/>1. <a href=\"https:\/\/www.xenonkungen.com\/se\/produkter\/installationsmaterial\/fasten-universal\/extraljusfaste-svart-4.html\" target=\"_blank\" rel=\"noopener\">#161106 Zusatzlichtb\u00fcgel 4 - 225mm\/9\u2033<\/a><\/p>\n<p>Ersatzteile sind in unserem regul\u00e4ren Sortiment erh\u00e4ltlich.<\/p>\n<p>Das Paket wird unmontiert geliefert, aber Sie k\u00f6nnen die Vorschaltger\u00e4te leicht in den H\u00e4usern installieren, wenn Sie m\u00f6chten.<\/p>\n<p>Die Zusatzleuchte ist in dieser Version nicht E-gepr\u00fcft.<\/p>\n<p>1 Jahr Garantie (3 Jahre Funktionsgarantie auf das Vorschaltger\u00e4t HNS-6).<\/p>","protected":false},"excerpt":{"rendered":"<p>Ein Extra Light Pack f\u00fcr alle, denen 3 Lampen nicht genug sind!<\/p>","protected":false},"featured_media":10694,"comment_status":"closed","ping_status":"open","template":"","meta":{"_acf_changed":false,"_smort_price_nok":"7472","_smort_price_dkk":"4747","_smort_price_eur":"635.88","_smort_sale_price_nok":"","_smort_sale_price_dkk":"","_smort_sale_price_eur":"","smort_restorder":"","shipmondo_restorder":"","_kad_blocks_custom_css":"","_kad_blocks_head_custom_js":"","_kad_blocks_body_custom_js":"","_kad_blocks_footer_custom_js":"","smort_custom_pricelist_1":"4476.8","smort_custom_pricelist_2":"4197","smort_custom_pricelist_3":"3987.15","smort_custom_pricelist_4":"5596","smort_custom_pricelist_5":"4197"},"anvandningsomrade":[],"bilmarken":[],"product_brand":[],"product_cat":[2674,142],"product_tag":[],"class_list":{"0":"post-11526","1":"product","2":"type-product","3":"status-publish","4":"has-post-thumbnail","6":"product_cat-paket-extraljus","7":"product_cat-extraljus","8":"pa_fargtemperatur-5000k","9":"pa_fargtemperatur-6000k","10":"pa_fargtemperatur-4300k","12":"first","13":"instock","14":"taxable","15":"shipping-taxable","16":"purchasable","17":"product-type-variable"},"bundled_by":[],"bundle_stock_status":"instock","bundle_stock_quantity":12,"bundle_virtual":false,"bundle_layout":"","bundle_add_to_cart_form_location":"","bundle_editable_in_cart":false,"bundle_sold_individually_context":"","bundle_item_grouping":"","bundle_min_size":"","bundle_max_size":"","bundle_price":[],"bundled_items":[],"bundle_sell_ids":[],"acf":[],"yoast_head":"<!-- This site is optimized with the Yoast SEO plugin v27.0 - https:\/\/yoast.com\/product\/yoast-seo-wordpress\/ -->\n<title>RAD4 Extraljus NBB Alpha 225 60W Xenon - Xenonkungen<\/title>\n<meta name=\"robots\" content=\"index, follow, max-snippet:-1, max-image-preview:large, max-video-preview:-1\" \/>\n<link rel=\"canonical\" href=\"https:\/\/xenonkungen.com\/de\/produkt\/rad4-zusatzscheinwerfer-nbb-alpha-225-60w-xenon\/\" \/>\n<meta property=\"og:locale\" content=\"de_DE\" \/>\n<meta property=\"og:type\" content=\"article\" \/>\n<meta property=\"og:title\" content=\"RAD4 Extraljus NBB Alpha 225 60W Xenon - Xenonkungen\" \/>\n<meta property=\"og:description\" content=\"Ett Extraljuspaket f\u00f6r er som tycker att 3 lyktor inte r\u00e4cker!\" \/>\n<meta property=\"og:url\" content=\"https:\/\/xenonkungen.com\/de\/produkt\/rad4-zusatzscheinwerfer-nbb-alpha-225-60w-xenon\/\" \/>\n<meta property=\"og:site_name\" content=\"Xenonkungen\" \/>\n<meta property=\"article:modified_time\" content=\"2026-04-05T14:26:17+00:00\" \/>\n<meta property=\"og:image\" content=\"https:\/\/xenonkungen.com\/wp-content\/uploads\/2025\/06\/178754953-origpic-703a97.png\" \/>\n\t<meta property=\"og:image:width\" content=\"1000\" \/>\n\t<meta property=\"og:image:height\" content=\"1000\" \/>\n\t<meta property=\"og:image:type\" content=\"image\/png\" \/>\n<meta name=\"twitter:card\" content=\"summary_large_image\" \/>\n<meta name=\"twitter:label1\" content=\"Gesch\u00e4tzte Lesezeit\" \/>\n\t<meta name=\"twitter:data1\" content=\"2\u00a0Minuten\" \/>\n<script type=\"application\/ld+json\" class=\"yoast-schema-graph\">{\"@context\":\"https:\/\/schema.org\",\"@graph\":[{\"@type\":\"WebPage\",\"@id\":\"https:\/\/xenonkungen.com\/nl\/product\/rad4-extraljus-nbb-alpha-225-60w-xenon\/\",\"url\":\"https:\/\/xenonkungen.com\/nl\/product\/rad4-extraljus-nbb-alpha-225-60w-xenon\/\",\"name\":\"RAD4 Extraljus NBB Alpha 225 60W Xenon - Xenonkungen\",\"isPartOf\":{\"@id\":\"https:\/\/xenonkungen.com\/#website\"},\"primaryImageOfPage\":{\"@id\":\"https:\/\/xenonkungen.com\/nl\/product\/rad4-extraljus-nbb-alpha-225-60w-xenon\/#primaryimage\"},\"image\":{\"@id\":\"https:\/\/xenonkungen.com\/nl\/product\/rad4-extraljus-nbb-alpha-225-60w-xenon\/#primaryimage\"},\"thumbnailUrl\":\"https:\/\/xenonkungen.com\/wp-content\/uploads\/2025\/06\/178754953-origpic-703a97.png\",\"datePublished\":\"2025-06-23T13:50:43+00:00\",\"dateModified\":\"2026-04-05T14:26:17+00:00\",\"breadcrumb\":{\"@id\":\"https:\/\/xenonkungen.com\/nl\/product\/rad4-extraljus-nbb-alpha-225-60w-xenon\/#breadcrumb\"},\"inLanguage\":\"de\",\"potentialAction\":[{\"@type\":\"ReadAction\",\"target\":[\"https:\/\/xenonkungen.com\/nl\/product\/rad4-extraljus-nbb-alpha-225-60w-xenon\/\"]}]},{\"@type\":\"ImageObject\",\"inLanguage\":\"de\",\"@id\":\"https:\/\/xenonkungen.com\/nl\/product\/rad4-extraljus-nbb-alpha-225-60w-xenon\/#primaryimage\",\"url\":\"https:\/\/xenonkungen.com\/wp-content\/uploads\/2025\/06\/178754953-origpic-703a97.png\",\"contentUrl\":\"https:\/\/xenonkungen.com\/wp-content\/uploads\/2025\/06\/178754953-origpic-703a97.png\",\"width\":1000,\"height\":1000},{\"@type\":\"BreadcrumbList\",\"@id\":\"https:\/\/xenonkungen.com\/nl\/product\/rad4-extraljus-nbb-alpha-225-60w-xenon\/#breadcrumb\",\"itemListElement\":[{\"@type\":\"ListItem\",\"position\":1,\"name\":\"Hem\",\"item\":\"https:\/\/xenonkungen.com\/\"},{\"@type\":\"ListItem\",\"position\":2,\"name\":\"Shop\",\"item\":\"https:\/\/xenonkungen.com\/shop\/\"},{\"@type\":\"ListItem\",\"position\":3,\"name\":\"RAD4 Extraljus NBB Alpha 225 60W Xenon\"}]},{\"@type\":\"WebSite\",\"@id\":\"https:\/\/xenonkungen.com\/#website\",\"url\":\"https:\/\/xenonkungen.com\/\",\"name\":\"Xenonkungen\",\"description\":\"\",\"potentialAction\":[{\"@type\":\"SearchAction\",\"target\":{\"@type\":\"EntryPoint\",\"urlTemplate\":\"https:\/\/xenonkungen.com\/?s={search_term_string}\"},\"query-input\":{\"@type\":\"PropertyValueSpecification\",\"valueRequired\":true,\"valueName\":\"search_term_string\"}}],\"inLanguage\":\"de\"}]}<\/script>\n<!-- \/ Yoast SEO plugin. -->","yoast_head_json":{"title":"RAD4 Zusatzscheinwerfer NBB Alpha 225 60W Xenon - Xenonkungen","robots":{"index":"index","follow":"follow","max-snippet":"max-snippet:-1","max-image-preview":"max-image-preview:large","max-video-preview":"max-video-preview:-1"},"canonical":"https:\/\/xenonkungen.com\/de\/produkt\/rad4-zusatzscheinwerfer-nbb-alpha-225-60w-xenon\/","og_locale":"de_DE","og_type":"article","og_title":"RAD4 Extraljus NBB Alpha 225 60W Xenon - Xenonkungen","og_description":"Ett Extraljuspaket f\u00f6r er som tycker att 3 lyktor inte r\u00e4cker!","og_url":"https:\/\/xenonkungen.com\/de\/produkt\/rad4-zusatzscheinwerfer-nbb-alpha-225-60w-xenon\/","og_site_name":"Xenonkungen","article_modified_time":"2026-04-05T14:26:17+00:00","og_image":[{"width":1000,"height":1000,"url":"https:\/\/xenonkungen.com\/wp-content\/uploads\/2025\/06\/178754953-origpic-703a97.png","type":"image\/png"}],"twitter_card":"summary_large_image","twitter_misc":{"Gesch\u00e4tzte Lesezeit":"2\u00a0Minuten"},"schema":{"@context":"https:\/\/schema.org","@graph":[{"@type":"WebPage","@id":"https:\/\/xenonkungen.com\/nl\/product\/rad4-extraljus-nbb-alpha-225-60w-xenon\/","url":"https:\/\/xenonkungen.com\/nl\/product\/rad4-extraljus-nbb-alpha-225-60w-xenon\/","name":"RAD4 Zusatzscheinwerfer NBB Alpha 225 60W Xenon - Xenonkungen","isPartOf":{"@id":"https:\/\/xenonkungen.com\/#website"},"primaryImageOfPage":{"@id":"https:\/\/xenonkungen.com\/nl\/product\/rad4-extraljus-nbb-alpha-225-60w-xenon\/#primaryimage"},"image":{"@id":"https:\/\/xenonkungen.com\/nl\/product\/rad4-extraljus-nbb-alpha-225-60w-xenon\/#primaryimage"},"thumbnailUrl":"https:\/\/xenonkungen.com\/wp-content\/uploads\/2025\/06\/178754953-origpic-703a97.png","datePublished":"2025-06-23T13:50:43+00:00","dateModified":"2026-04-05T14:26:17+00:00","breadcrumb":{"@id":"https:\/\/xenonkungen.com\/nl\/product\/rad4-extraljus-nbb-alpha-225-60w-xenon\/#breadcrumb"},"inLanguage":"de","potentialAction":[{"@type":"ReadAction","target":["https:\/\/xenonkungen.com\/nl\/product\/rad4-extraljus-nbb-alpha-225-60w-xenon\/"]}]},{"@type":"ImageObject","inLanguage":"de","@id":"https:\/\/xenonkungen.com\/nl\/product\/rad4-extraljus-nbb-alpha-225-60w-xenon\/#primaryimage","url":"https:\/\/xenonkungen.com\/wp-content\/uploads\/2025\/06\/178754953-origpic-703a97.png","contentUrl":"https:\/\/xenonkungen.com\/wp-content\/uploads\/2025\/06\/178754953-origpic-703a97.png","width":1000,"height":1000},{"@type":"BreadcrumbList","@id":"https:\/\/xenonkungen.com\/nl\/product\/rad4-extraljus-nbb-alpha-225-60w-xenon\/#breadcrumb","itemListElement":[{"@type":"ListItem","position":1,"name":"Hem","item":"https:\/\/xenonkungen.com\/"},{"@type":"ListItem","position":2,"name":"Shop","item":"https:\/\/xenonkungen.com\/shop\/"},{"@type":"ListItem","position":3,"name":"RAD4 Extraljus NBB Alpha 225 60W Xenon"}]},{"@type":"WebSite","@id":"https:\/\/xenonkungen.com\/#website","url":"https:\/\/xenonkungen.com\/","name":"Xenonkungen","description":"","potentialAction":[{"@type":"SearchAction","target":{"@type":"EntryPoint","urlTemplate":"https:\/\/xenonkungen.com\/?s={search_term_string}"},"query-input":{"@type":"PropertyValueSpecification","valueRequired":true,"valueName":"search_term_string"}}],"inLanguage":"de"}]}},"taxonomy_info":{"product_cat":[{"value":2674,"label":"Paket"},{"value":142,"label":"Extraljus"}],"pa_fargtemperatur":[{"value":154,"label":"5000K"},{"value":188,"label":"6000K"},{"value":755,"label":"4300K"}]},"featured_image_src_large":["https:\/\/xenonkungen.com\/wp-content\/uploads\/2025\/06\/178754953-origpic-703a97.png",1000,1000,false],"author_info":[],"comment_info":0,"_links":{"self":[{"href":"https:\/\/xenonkungen.com\/de\/wp-json\/wp\/v2\/product\/11526","targetHints":{"allow":["GET"]}}],"collection":[{"href":"https:\/\/xenonkungen.com\/de\/wp-json\/wp\/v2\/product"}],"about":[{"href":"https:\/\/xenonkungen.com\/de\/wp-json\/wp\/v2\/types\/product"}],"replies":[{"embeddable":true,"href":"https:\/\/xenonkungen.com\/de\/wp-json\/wp\/v2\/comments?post=11526"}],"wp:featuredmedia":[{"embeddable":true,"href":"https:\/\/xenonkungen.com\/de\/wp-json\/wp\/v2\/media\/10694"}],"wp:attachment":[{"href":"https:\/\/xenonkungen.com\/de\/wp-json\/wp\/v2\/media?parent=11526"}],"wp:term":[{"taxonomy":"anvandningsomrade","embeddable":true,"href":"https:\/\/xenonkungen.com\/de\/wp-json\/wp\/v2\/anvandningsomrade?post=11526"},{"taxonomy":"bilmarken","embeddable":true,"href":"https:\/\/xenonkungen.com\/de\/wp-json\/wp\/v2\/bilmarken?post=11526"},{"taxonomy":"product_brand","embeddable":true,"href":"https:\/\/xenonkungen.com\/de\/wp-json\/wp\/v2\/product_brand?post=11526"},{"taxonomy":"product_cat","embeddable":true,"href":"https:\/\/xenonkungen.com\/de\/wp-json\/wp\/v2\/product_cat?post=11526"},{"taxonomy":"product_tag","embeddable":true,"href":"https:\/\/xenonkungen.com\/de\/wp-json\/wp\/v2\/product_tag?post=11526"}],"curies":[{"name":"wp","href":"https:\/\/api.w.org\/{rel}","templated":true}]}}