{"id":11570,"date":"2025-06-23T13:50:57","date_gmt":"2025-06-23T13:50:57","guid":{"rendered":"https:\/\/xenonkungen.com\/produkt\/frontmarkering-380mm\/"},"modified":"2026-04-21T17:05:21","modified_gmt":"2026-04-21T16:05:21","slug":"vordere-markierung-380-mm","status":"publish","type":"product","link":"https:\/\/xenonkungen.com\/de\/produkt\/vordere-markierung-380-mm\/","title":{"rendered":"Vordere Markierung 380mm"},"content":{"rendered":"<h1>Wei\u00dfe LED-Beleuchtungslampe f\u00fcr flexible Montage<\/h1>\n<p>Diese hochwertige wei\u00dfe LED-Leuchte wurde speziell f\u00fcr die optimale Ausleuchtung beengter R\u00e4ume entwickelt. Dank ihres flexiblen Designs l\u00e4sst sie sich sowohl vertikal als auch horizontal, als Einzelleuchte oder integriert in ein Leuchtengestell f\u00fcr individuelle L\u00f6sungen installieren. Ideal f\u00fcr vielf\u00e4ltige Anwendungen, bei denen \u00c4sthetik und Funktionalit\u00e4t gleicherma\u00dfen wichtig sind.<\/p>\n<h2>Spezifikationen:<\/h2>\n<ul>\n<li><strong>Montageoptionen:<\/strong> Vertikal oder horizontal, freistehend oder in einem Lampengestell.<\/li>\n<li><strong>Lichtart:<\/strong> Wei\u00dfe LEDs f\u00fcr klare und saubere Ausleuchtung.<\/li>\n<li><strong>Materialien und Konstruktion:<\/strong> Hergestellt aus hochwertigen Materialien, die sowohl \u00c4sthetik als auch Langlebigkeit bieten.<\/li>\n<li><strong>Sicherheit und Standards:<\/strong> Erf\u00fcllt die Schutzart IP67 f\u00fcr Sto\u00df- und Vibrationsfestigkeit sowie vollst\u00e4ndige Tauchf\u00e4higkeit.<\/li>\n<li><strong>Technik:<\/strong> Nutzt fortschrittliche LED-Technologie f\u00fcr energieeffiziente und effektive Beleuchtung.<\/li>\n<\/ul>\n<h2>Merkmale und Vorteile:<\/h2>\n<ul>\n<li><strong>Flexible Installation:<\/strong> Kann an viele verschiedene Montageszenarien angepasst werden.<\/li>\n<li><strong>Optimale Beleuchtung:<\/strong> Sorgt f\u00fcr eine starke und gezielte Beleuchtung genau dort, wo sie am meisten ben\u00f6tigt wird.<\/li>\n<li><strong>\u00c4sthetisches Design:<\/strong> Modernes und dezentes Design, das die Optik des Fahrzeugs aufwertet.<\/li>\n<li><strong>Lange Lebensdauer:<\/strong> Die robuste Konstruktion gew\u00e4hrleistet eine lange und zuverl\u00e4ssige Lebensdauer.<\/li>\n<li><strong>Effizienz:<\/strong> Die LED-Technologie bietet eine energieeffiziente L\u00f6sung mit minimalem Wartungsaufwand.<\/li>\n<\/ul>","protected":false},"excerpt":{"rendered":"<p>Vit LED Belysningslampa f\u00f6r Flexibel Montage Denna h\u00f6gkvalitativa vit LED belysningslampa \u00e4r speciellt framtagen f\u00f6r att ge optimal belysning i tr\u00e5nga utrymmen. Dess flexibla design g\u00f6r det m\u00f6jligt att installera lampan antingen vertikalt eller horisontellt, som en enskild enhet eller integrerad i en lampsarg f\u00f6r en skr\u00e4ddarsydd l\u00f6sning. Perfekt f\u00f6r en rad olika anv\u00e4ndningsomr\u00e5den d\u00e4r [&hellip;]<\/p>","protected":false},"featured_media":10751,"comment_status":"closed","ping_status":"closed","template":"","meta":{"_acf_changed":false,"_smort_price_nok":"470","_smort_price_dkk":"299","_smort_price_eur":"40","_smort_sale_price_nok":"","_smort_sale_price_dkk":"","_smort_sale_price_eur":"","smort_restorder":"","shipmondo_restorder":"","_kad_blocks_custom_css":"","_kad_blocks_head_custom_js":"","_kad_blocks_body_custom_js":"","_kad_blocks_footer_custom_js":"","smort_custom_pricelist_1":"268.8","smort_custom_pricelist_2":"268.8","smort_custom_pricelist_3":"255.36","smort_custom_pricelist_4":"384","smort_custom_pricelist_5":"268.8"},"anvandningsomrade":[166,238],"bilmarken":[],"product_brand":[1252],"product_cat":[1830],"product_tag":[],"class_list":{"0":"post-11570","1":"product","2":"type-product","3":"status-publish","4":"has-post-thumbnail","6":"anvandningsomrade-lastbil","7":"anvandningsomrade-slap","8":"product_brand-lea","9":"product_cat-frontmarkering","10":"pa_farg-vit","11":"pa_fuktskydd-varde-ipxx-ip67","12":"pa_godkannande-ece-r10","13":"pa_storlek-mm-383x25x18","14":"pa_stromforbrukning-009a-28v","15":"pa_stromforbrukning-014a-138v","16":"pa_volt-v-159","17":"pa_volt-v-160","19":"first","20":"outofstock","21":"taxable","22":"shipping-taxable","23":"purchasable","24":"product-type-variable"},"bundled_by":[],"bundle_stock_status":"outofstock","bundle_stock_quantity":0,"bundle_virtual":false,"bundle_layout":"","bundle_add_to_cart_form_location":"","bundle_editable_in_cart":false,"bundle_sold_individually_context":"","bundle_item_grouping":"","bundle_min_size":"","bundle_max_size":"","bundle_price":[],"bundled_items":[],"bundle_sell_ids":[],"acf":[],"yoast_head":"<!-- This site is optimized with the Yoast SEO plugin v27.0 - https:\/\/yoast.com\/product\/yoast-seo-wordpress\/ -->\n<title>Frontmarkering 380mm - Xenonkungen<\/title>\n<meta name=\"robots\" content=\"index, follow, max-snippet:-1, max-image-preview:large, max-video-preview:-1\" \/>\n<link rel=\"canonical\" href=\"https:\/\/xenonkungen.com\/de\/produkt\/vordere-markierung-380-mm\/\" \/>\n<meta property=\"og:locale\" content=\"de_DE\" \/>\n<meta property=\"og:type\" content=\"article\" \/>\n<meta property=\"og:title\" content=\"Frontmarkering 380mm - Xenonkungen\" \/>\n<meta property=\"og:description\" content=\"Vit LED Belysningslampa f\u00f6r Flexibel Montage Denna h\u00f6gkvalitativa vit LED belysningslampa \u00e4r speciellt framtagen f\u00f6r att ge optimal belysning i tr\u00e5nga utrymmen. Dess flexibla design g\u00f6r det m\u00f6jligt att installera lampan antingen vertikalt eller horisontellt, som en enskild enhet eller integrerad i en lampsarg f\u00f6r en skr\u00e4ddarsydd l\u00f6sning. Perfekt f\u00f6r en rad olika anv\u00e4ndningsomr\u00e5den d\u00e4r [&hellip;]\" \/>\n<meta property=\"og:url\" content=\"https:\/\/xenonkungen.com\/de\/produkt\/vordere-markierung-380-mm\/\" \/>\n<meta property=\"og:site_name\" content=\"Xenonkungen\" \/>\n<meta property=\"article:modified_time\" content=\"2026-04-21T16:05:21+00:00\" \/>\n<meta property=\"og:image\" content=\"https:\/\/xenonkungen.com\/wp-content\/uploads\/2025\/06\/7348358-origpic-002565.jpg\" \/>\n\t<meta property=\"og:image:width\" content=\"600\" \/>\n\t<meta property=\"og:image:height\" content=\"600\" \/>\n\t<meta property=\"og:image:type\" content=\"image\/jpeg\" \/>\n<meta name=\"twitter:card\" content=\"summary_large_image\" \/>\n<meta name=\"twitter:label1\" content=\"Gesch\u00e4tzte Lesezeit\" \/>\n\t<meta name=\"twitter:data1\" content=\"1\u00a0Minute\" \/>\n<script type=\"application\/ld+json\" class=\"yoast-schema-graph\">{\"@context\":\"https:\/\/schema.org\",\"@graph\":[{\"@type\":\"WebPage\",\"@id\":\"https:\/\/xenonkungen.com\/produkt\/frontmarkering-380mm\/\",\"url\":\"https:\/\/xenonkungen.com\/produkt\/frontmarkering-380mm\/\",\"name\":\"Frontmarkering 380mm - Xenonkungen\",\"isPartOf\":{\"@id\":\"https:\/\/xenonkungen.com\/#website\"},\"primaryImageOfPage\":{\"@id\":\"https:\/\/xenonkungen.com\/produkt\/frontmarkering-380mm\/#primaryimage\"},\"image\":{\"@id\":\"https:\/\/xenonkungen.com\/produkt\/frontmarkering-380mm\/#primaryimage\"},\"thumbnailUrl\":\"https:\/\/xenonkungen.com\/wp-content\/uploads\/2025\/06\/7348358-origpic-002565.jpg\",\"datePublished\":\"2025-06-23T13:50:57+00:00\",\"dateModified\":\"2026-04-21T16:05:21+00:00\",\"breadcrumb\":{\"@id\":\"https:\/\/xenonkungen.com\/produkt\/frontmarkering-380mm\/#breadcrumb\"},\"inLanguage\":\"de\",\"potentialAction\":[{\"@type\":\"ReadAction\",\"target\":[\"https:\/\/xenonkungen.com\/produkt\/frontmarkering-380mm\/\"]}]},{\"@type\":\"ImageObject\",\"inLanguage\":\"de\",\"@id\":\"https:\/\/xenonkungen.com\/produkt\/frontmarkering-380mm\/#primaryimage\",\"url\":\"https:\/\/xenonkungen.com\/wp-content\/uploads\/2025\/06\/7348358-origpic-002565.jpg\",\"contentUrl\":\"https:\/\/xenonkungen.com\/wp-content\/uploads\/2025\/06\/7348358-origpic-002565.jpg\",\"width\":600,\"height\":600},{\"@type\":\"BreadcrumbList\",\"@id\":\"https:\/\/xenonkungen.com\/produkt\/frontmarkering-380mm\/#breadcrumb\",\"itemListElement\":[{\"@type\":\"ListItem\",\"position\":1,\"name\":\"Hem\",\"item\":\"https:\/\/xenonkungen.com\/\"},{\"@type\":\"ListItem\",\"position\":2,\"name\":\"Shop\",\"item\":\"https:\/\/xenonkungen.com\/shop\/\"},{\"@type\":\"ListItem\",\"position\":3,\"name\":\"Frontmarkering 380mm\"}]},{\"@type\":\"WebSite\",\"@id\":\"https:\/\/xenonkungen.com\/#website\",\"url\":\"https:\/\/xenonkungen.com\/\",\"name\":\"Xenonkungen\",\"description\":\"\",\"potentialAction\":[{\"@type\":\"SearchAction\",\"target\":{\"@type\":\"EntryPoint\",\"urlTemplate\":\"https:\/\/xenonkungen.com\/?s={search_term_string}\"},\"query-input\":{\"@type\":\"PropertyValueSpecification\",\"valueRequired\":true,\"valueName\":\"search_term_string\"}}],\"inLanguage\":\"de\"}]}<\/script>\n<!-- \/ Yoast SEO plugin. -->","yoast_head_json":{"title":"Frontmarkierung 380 mm \u2013 Xenon-K\u00f6nig","robots":{"index":"index","follow":"follow","max-snippet":"max-snippet:-1","max-image-preview":"max-image-preview:large","max-video-preview":"max-video-preview:-1"},"canonical":"https:\/\/xenonkungen.com\/de\/produkt\/vordere-markierung-380-mm\/","og_locale":"de_DE","og_type":"article","og_title":"Frontmarkering 380mm - Xenonkungen","og_description":"Vit LED Belysningslampa f\u00f6r Flexibel Montage Denna h\u00f6gkvalitativa vit LED belysningslampa \u00e4r speciellt framtagen f\u00f6r att ge optimal belysning i tr\u00e5nga utrymmen. Dess flexibla design g\u00f6r det m\u00f6jligt att installera lampan antingen vertikalt eller horisontellt, som en enskild enhet eller integrerad i en lampsarg f\u00f6r en skr\u00e4ddarsydd l\u00f6sning. Perfekt f\u00f6r en rad olika anv\u00e4ndningsomr\u00e5den d\u00e4r [&hellip;]","og_url":"https:\/\/xenonkungen.com\/de\/produkt\/vordere-markierung-380-mm\/","og_site_name":"Xenonkungen","article_modified_time":"2026-04-21T16:05:21+00:00","og_image":[{"width":600,"height":600,"url":"https:\/\/xenonkungen.com\/wp-content\/uploads\/2025\/06\/7348358-origpic-002565.jpg","type":"image\/jpeg"}],"twitter_card":"summary_large_image","twitter_misc":{"Gesch\u00e4tzte Lesezeit":"1\u00a0Minute"},"schema":{"@context":"https:\/\/schema.org","@graph":[{"@type":"WebPage","@id":"https:\/\/xenonkungen.com\/produkt\/frontmarkering-380mm\/","url":"https:\/\/xenonkungen.com\/produkt\/frontmarkering-380mm\/","name":"Frontmarkierung 380 mm \u2013 Xenon-K\u00f6nig","isPartOf":{"@id":"https:\/\/xenonkungen.com\/#website"},"primaryImageOfPage":{"@id":"https:\/\/xenonkungen.com\/produkt\/frontmarkering-380mm\/#primaryimage"},"image":{"@id":"https:\/\/xenonkungen.com\/produkt\/frontmarkering-380mm\/#primaryimage"},"thumbnailUrl":"https:\/\/xenonkungen.com\/wp-content\/uploads\/2025\/06\/7348358-origpic-002565.jpg","datePublished":"2025-06-23T13:50:57+00:00","dateModified":"2026-04-21T16:05:21+00:00","breadcrumb":{"@id":"https:\/\/xenonkungen.com\/produkt\/frontmarkering-380mm\/#breadcrumb"},"inLanguage":"de","potentialAction":[{"@type":"ReadAction","target":["https:\/\/xenonkungen.com\/produkt\/frontmarkering-380mm\/"]}]},{"@type":"ImageObject","inLanguage":"de","@id":"https:\/\/xenonkungen.com\/produkt\/frontmarkering-380mm\/#primaryimage","url":"https:\/\/xenonkungen.com\/wp-content\/uploads\/2025\/06\/7348358-origpic-002565.jpg","contentUrl":"https:\/\/xenonkungen.com\/wp-content\/uploads\/2025\/06\/7348358-origpic-002565.jpg","width":600,"height":600},{"@type":"BreadcrumbList","@id":"https:\/\/xenonkungen.com\/produkt\/frontmarkering-380mm\/#breadcrumb","itemListElement":[{"@type":"ListItem","position":1,"name":"Hem","item":"https:\/\/xenonkungen.com\/"},{"@type":"ListItem","position":2,"name":"Shop","item":"https:\/\/xenonkungen.com\/shop\/"},{"@type":"ListItem","position":3,"name":"Frontmarkering 380mm"}]},{"@type":"WebSite","@id":"https:\/\/xenonkungen.com\/#website","url":"https:\/\/xenonkungen.com\/","name":"Xenonkungen","description":"","potentialAction":[{"@type":"SearchAction","target":{"@type":"EntryPoint","urlTemplate":"https:\/\/xenonkungen.com\/?s={search_term_string}"},"query-input":{"@type":"PropertyValueSpecification","valueRequired":true,"valueName":"search_term_string"}}],"inLanguage":"de"}]}},"taxonomy_info":{"anvandningsomrade":[{"value":166,"label":"Lastbil"},{"value":238,"label":"SL\u00c4P"}],"product_brand":[{"value":1252,"label":"LEA"}],"product_cat":[{"value":1830,"label":"Frontmarkering"}],"pa_farg":[{"value":2256,"label":"Vit"}],"pa_fuktskydd-varde-ipxx":[{"value":333,"label":"IP67"}],"pa_godkannande":[{"value":966,"label":"ECE, R10"}],"pa_storlek-mm":[{"value":2404,"label":"383x25x18"}],"pa_stromforbrukning":[{"value":2099,"label":"0,09A @28V"},{"value":2258,"label":"0,14A @13,8V"}],"pa_volt-v":[{"value":159,"label":"12"},{"value":160,"label":"24"}]},"featured_image_src_large":["https:\/\/xenonkungen.com\/wp-content\/uploads\/2025\/06\/7348358-origpic-002565.jpg",600,600,false],"author_info":[],"comment_info":0,"_links":{"self":[{"href":"https:\/\/xenonkungen.com\/de\/wp-json\/wp\/v2\/product\/11570","targetHints":{"allow":["GET"]}}],"collection":[{"href":"https:\/\/xenonkungen.com\/de\/wp-json\/wp\/v2\/product"}],"about":[{"href":"https:\/\/xenonkungen.com\/de\/wp-json\/wp\/v2\/types\/product"}],"replies":[{"embeddable":true,"href":"https:\/\/xenonkungen.com\/de\/wp-json\/wp\/v2\/comments?post=11570"}],"wp:featuredmedia":[{"embeddable":true,"href":"https:\/\/xenonkungen.com\/de\/wp-json\/wp\/v2\/media\/10751"}],"wp:attachment":[{"href":"https:\/\/xenonkungen.com\/de\/wp-json\/wp\/v2\/media?parent=11570"}],"wp:term":[{"taxonomy":"anvandningsomrade","embeddable":true,"href":"https:\/\/xenonkungen.com\/de\/wp-json\/wp\/v2\/anvandningsomrade?post=11570"},{"taxonomy":"bilmarken","embeddable":true,"href":"https:\/\/xenonkungen.com\/de\/wp-json\/wp\/v2\/bilmarken?post=11570"},{"taxonomy":"product_brand","embeddable":true,"href":"https:\/\/xenonkungen.com\/de\/wp-json\/wp\/v2\/product_brand?post=11570"},{"taxonomy":"product_cat","embeddable":true,"href":"https:\/\/xenonkungen.com\/de\/wp-json\/wp\/v2\/product_cat?post=11570"},{"taxonomy":"product_tag","embeddable":true,"href":"https:\/\/xenonkungen.com\/de\/wp-json\/wp\/v2\/product_tag?post=11570"}],"curies":[{"name":"wp","href":"https:\/\/api.w.org\/{rel}","templated":true}]}}