{"id":11627,"date":"2025-06-23T13:51:18","date_gmt":"2025-06-23T13:51:18","guid":{"rendered":"https:\/\/xenonkungen.com\/produkt\/osram-ledriving-cube-x-mx85\/"},"modified":"2026-04-24T17:40:43","modified_gmt":"2026-04-24T16:40:43","slug":"osram-ledriving-cube-x-mx85","status":"publish","type":"product","link":"https:\/\/xenonkungen.com\/de\/produkt\/osram-ledriving-cube-x-mx85\/","title":{"rendered":"OSRAM LEDriving\u00ae Cube-X MX85"},"content":{"rendered":"<h1>OSRAM LEDriving\u00ae Cube-X MX85<\/h1>\n<h3 class=\"font-headline-text-bold orange\">Leistungsstarker LED-Arbeitsscheinwerfer f\u00fcr Offroad-Fahrten<\/h3>\n<div class=\"product-text\">\n<div class=\"space-paragraph\" data-attr-id=\"ZPIM1TE00821\">\n<p>Wer h\u00e4ufig in schwierigem Gel\u00e4nde unterwegs ist, wei\u00df, wie wichtig ein leistungsstarker und zuverl\u00e4ssiger LED-Scheinwerfer ist.<br \/>\nDie Ausleuchtung des unmittelbaren Bereichs ist ideal f\u00fcr Fahrten im Gel\u00e4nde. Der LED-Arbeitsscheinwerfer hat eine Reichweite von bis zu 55 m bei einer Beleuchtungsst\u00e4rke von 1 Lux. Der Abstrahlwinkel betr\u00e4gt 43,5 Grad.<br \/>\nDie Kfz-Arbeitsleuchte bietet dem Fahrer zwei verschiedene LED-Lichtfunktionen. Zum einen eine klassische Arbeitsleuchte und zum anderen ein LED-Scheinwerfer, der ein elegantes X-f\u00f6rmiges Licht erzeugt.<br \/>\nUnd der Scheinwerfer ist mehr als nur ein LED-Arbeitsscheinwerfer. Das LED-Fernlicht unterstreicht den Offroad-Stil des Fahrzeugs wirkungsvoll.<\/p>\n<p><strong>Kompakt, robust und langlebig<\/strong><br \/>\nLanglebigkeit und Qualit\u00e4t sind besonders im Gel\u00e4nde gefragte Eigenschaften. Die LEDriving Cube MX85-WD Arbeitsleuchte verf\u00fcgt \u00fcber eine robuste Polycarbonat-Linse und h\u00e4lt selbst h\u00e4rtesten Offroad-Bedingungen stand. Der \u00dcber- und Unterspannungsschutz bis 18 V unterbricht den Stromkreis automatisch, sobald die voreingestellte Stromst\u00e4rke f\u00fcr einen bestimmten Zeitraum \u00fcberschritten wird.<br \/>\nEin integriertes Antriebs- und W\u00e4rmemanagementsystem sch\u00fctzt den leistungsstarken Suchscheinwerfer und tr\u00e4gt zu seiner Langlebigkeit bei, indem es das Risiko einer \u00dcberhitzung w\u00e4hrend des Dauerbetriebs beseitigt.<\/p>\n<p><strong>Hervorragende Kompatibilit\u00e4t<\/strong><br \/>\nDer LEDriving Cube MX85-WD Arbeitsscheinwerfer eignet sich perfekt f\u00fcr ein breites Anwendungsspektrum. Er ist f\u00fcr alles geeignet, von Gel\u00e4ndewagen \u00fcber Offroad-Fahrzeuge und Nutzfahrzeuge bis hin zu Freizeit- und Landwirtschaftsfahrzeugen.<br \/>\nEs ist jedoch wichtig darauf hinzuweisen, dass der leistungsstarke Arbeitsscheinwerfer f\u00fcr Fahrzeuge nur im Gel\u00e4nde und nicht auf \u00f6ffentlichen Stra\u00dfen verwendet werden darf.<\/p>\n<\/div>\n<\/div>\n<p>Diese Arbeitsleuchte ist in 2 verschiedenen Ausf\u00fchrungen erh\u00e4ltlich.<br \/>\n<strong>Spotlight<\/strong> und Autofahren.<\/p>\n<p><strong>Spotlight<\/strong> hat ein gerichtetes Licht, damit das Licht so weit wie m\u00f6glich reicht.<\/p>\n<p><strong>Fahren<\/strong> verf\u00fcgt \u00fcber Reflektoren, die das Licht in ein breiteres Lichtmuster streuen.<\/p>","protected":false},"excerpt":{"rendered":"<p>OSRAM LEDriving\u00ae Cube-X MX85 Kraftfullt LED-arbetsljus f\u00f6r terr\u00e4ngk\u00f6rning De som ofta k\u00f6r i sv\u00e5r terr\u00e4ng vet hur viktigt det \u00e4r med ett starkt och p\u00e5litligt LED-helljus. Belysning av n\u00e4romr\u00e5det \u00e4r perfekt vid terr\u00e4ngk\u00f6rning. LED-arbetsljuset n\u00e5r upp till 55 m med en illuminans p\u00e5 1 lux. Lampan har en str\u00e5lvinkel p\u00e5 43,5 grader. Arbetsljuset f\u00f6r bilar [&hellip;]<\/p>","protected":false},"featured_media":10860,"comment_status":"closed","ping_status":"closed","template":"","meta":{"_acf_changed":false,"_smort_price_nok":"1399","_smort_price_dkk":"889","_smort_price_eur":"119.09","_smort_sale_price_nok":"","_smort_sale_price_dkk":"","_smort_sale_price_eur":"","smort_restorder":"","shipmondo_restorder":"","_kad_blocks_custom_css":"","_kad_blocks_head_custom_js":"","_kad_blocks_body_custom_js":"","_kad_blocks_footer_custom_js":"","smort_custom_pricelist_1":"838.4","smort_custom_pricelist_2":"838.4","smort_custom_pricelist_3":"796.48","smort_custom_pricelist_4":"1048","smort_custom_pricelist_5":"838.4"},"anvandningsomrade":[],"bilmarken":[],"product_brand":[108],"product_cat":[2639,508],"product_tag":[],"class_list":{"0":"post-11627","1":"product","2":"type-product","3":"status-publish","4":"has-post-thumbnail","6":"product_brand-osram","7":"product_cat-osram-ledriving-arbetsbelysning","8":"product_cat-arbetsbelysning","9":"pa_faktisk-effekts-forbrukning-527","10":"pa_fargtemperatur-1428","11":"pa_fuktskydd-varde-ipxx-ip67","12":"pa_godkannande-r10","13":"pa_ljusbild-driving","14":"pa_ljusbild-spot","15":"pa_storlek-mm-85x121x57","16":"pa_volt-v-multivolt-9-12-14","18":"first","19":"instock","20":"taxable","21":"shipping-taxable","22":"purchasable","23":"product-type-variable"},"bundled_by":[],"bundle_stock_status":"instock","bundle_stock_quantity":2,"bundle_virtual":false,"bundle_layout":"","bundle_add_to_cart_form_location":"","bundle_editable_in_cart":false,"bundle_sold_individually_context":"","bundle_item_grouping":"","bundle_min_size":"","bundle_max_size":"","bundle_price":[],"bundled_items":[],"bundle_sell_ids":[],"acf":[],"yoast_head":"<!-- This site is optimized with the Yoast SEO plugin v27.0 - https:\/\/yoast.com\/product\/yoast-seo-wordpress\/ -->\n<title>OSRAM LEDriving\u00ae Cube-X MX85 - Xenonkungen<\/title>\n<meta name=\"robots\" content=\"index, follow, max-snippet:-1, max-image-preview:large, max-video-preview:-1\" \/>\n<link rel=\"canonical\" href=\"https:\/\/xenonkungen.com\/de\/produkt\/osram-ledriving-cube-x-mx85\/\" \/>\n<meta property=\"og:locale\" content=\"de_DE\" \/>\n<meta property=\"og:type\" content=\"article\" \/>\n<meta property=\"og:title\" content=\"OSRAM LEDriving\u00ae Cube-X MX85 - Xenonkungen\" \/>\n<meta property=\"og:description\" content=\"OSRAM LEDriving\u00ae Cube-X MX85 Kraftfullt LED-arbetsljus f\u00f6r terr\u00e4ngk\u00f6rning De som ofta k\u00f6r i sv\u00e5r terr\u00e4ng vet hur viktigt det \u00e4r med ett starkt och p\u00e5litligt LED-helljus. Belysning av n\u00e4romr\u00e5det \u00e4r perfekt vid terr\u00e4ngk\u00f6rning. LED-arbetsljuset n\u00e5r upp till 55 m med en illuminans p\u00e5 1 lux. Lampan har en str\u00e5lvinkel p\u00e5 43,5 grader. Arbetsljuset f\u00f6r bilar [&hellip;]\" \/>\n<meta property=\"og:url\" content=\"https:\/\/xenonkungen.com\/de\/produkt\/osram-ledriving-cube-x-mx85\/\" \/>\n<meta property=\"og:site_name\" content=\"Xenonkungen\" \/>\n<meta property=\"article:modified_time\" content=\"2026-04-24T16:40:43+00:00\" \/>\n<meta property=\"og:image\" content=\"https:\/\/xenonkungen.com\/wp-content\/uploads\/2025\/06\/163495765-origpic-44bcf5.png\" \/>\n\t<meta property=\"og:image:width\" content=\"1000\" \/>\n\t<meta property=\"og:image:height\" content=\"932\" \/>\n\t<meta property=\"og:image:type\" content=\"image\/png\" \/>\n<meta name=\"twitter:card\" content=\"summary_large_image\" \/>\n<meta name=\"twitter:label1\" content=\"Gesch\u00e4tzte Lesezeit\" \/>\n\t<meta name=\"twitter:data1\" content=\"2\u00a0Minuten\" \/>\n<script type=\"application\/ld+json\" class=\"yoast-schema-graph\">{\"@context\":\"https:\/\/schema.org\",\"@graph\":[{\"@type\":\"WebPage\",\"@id\":\"https:\/\/xenonkungen.com\/produkt\/osram-ledriving-cube-x-mx85\/\",\"url\":\"https:\/\/xenonkungen.com\/produkt\/osram-ledriving-cube-x-mx85\/\",\"name\":\"OSRAM LEDriving\u00ae Cube-X MX85 - Xenonkungen\",\"isPartOf\":{\"@id\":\"https:\/\/xenonkungen.com\/#website\"},\"primaryImageOfPage\":{\"@id\":\"https:\/\/xenonkungen.com\/produkt\/osram-ledriving-cube-x-mx85\/#primaryimage\"},\"image\":{\"@id\":\"https:\/\/xenonkungen.com\/produkt\/osram-ledriving-cube-x-mx85\/#primaryimage\"},\"thumbnailUrl\":\"https:\/\/xenonkungen.com\/wp-content\/uploads\/2025\/06\/163495765-origpic-44bcf5.png\",\"datePublished\":\"2025-06-23T13:51:18+00:00\",\"dateModified\":\"2026-04-24T16:40:43+00:00\",\"breadcrumb\":{\"@id\":\"https:\/\/xenonkungen.com\/produkt\/osram-ledriving-cube-x-mx85\/#breadcrumb\"},\"inLanguage\":\"de\",\"potentialAction\":[{\"@type\":\"ReadAction\",\"target\":[\"https:\/\/xenonkungen.com\/produkt\/osram-ledriving-cube-x-mx85\/\"]}]},{\"@type\":\"ImageObject\",\"inLanguage\":\"de\",\"@id\":\"https:\/\/xenonkungen.com\/produkt\/osram-ledriving-cube-x-mx85\/#primaryimage\",\"url\":\"https:\/\/xenonkungen.com\/wp-content\/uploads\/2025\/06\/163495765-origpic-44bcf5.png\",\"contentUrl\":\"https:\/\/xenonkungen.com\/wp-content\/uploads\/2025\/06\/163495765-origpic-44bcf5.png\",\"width\":1000,\"height\":932},{\"@type\":\"BreadcrumbList\",\"@id\":\"https:\/\/xenonkungen.com\/produkt\/osram-ledriving-cube-x-mx85\/#breadcrumb\",\"itemListElement\":[{\"@type\":\"ListItem\",\"position\":1,\"name\":\"Hem\",\"item\":\"https:\/\/xenonkungen.com\/\"},{\"@type\":\"ListItem\",\"position\":2,\"name\":\"Shop\",\"item\":\"https:\/\/xenonkungen.com\/shop\/\"},{\"@type\":\"ListItem\",\"position\":3,\"name\":\"OSRAM LEDriving\u00ae Cube-X MX85\"}]},{\"@type\":\"WebSite\",\"@id\":\"https:\/\/xenonkungen.com\/#website\",\"url\":\"https:\/\/xenonkungen.com\/\",\"name\":\"Xenonkungen\",\"description\":\"\",\"potentialAction\":[{\"@type\":\"SearchAction\",\"target\":{\"@type\":\"EntryPoint\",\"urlTemplate\":\"https:\/\/xenonkungen.com\/?s={search_term_string}\"},\"query-input\":{\"@type\":\"PropertyValueSpecification\",\"valueRequired\":true,\"valueName\":\"search_term_string\"}}],\"inLanguage\":\"de\"}]}<\/script>\n<!-- \/ Yoast SEO plugin. -->","yoast_head_json":{"title":"OSRAM LEDriving\u00ae Cube-X MX85 \u2013 Der Xenon-K\u00f6nig","robots":{"index":"index","follow":"follow","max-snippet":"max-snippet:-1","max-image-preview":"max-image-preview:large","max-video-preview":"max-video-preview:-1"},"canonical":"https:\/\/xenonkungen.com\/de\/produkt\/osram-ledriving-cube-x-mx85\/","og_locale":"de_DE","og_type":"article","og_title":"OSRAM LEDriving\u00ae Cube-X MX85 - Xenonkungen","og_description":"OSRAM LEDriving\u00ae Cube-X MX85 Kraftfullt LED-arbetsljus f\u00f6r terr\u00e4ngk\u00f6rning De som ofta k\u00f6r i sv\u00e5r terr\u00e4ng vet hur viktigt det \u00e4r med ett starkt och p\u00e5litligt LED-helljus. Belysning av n\u00e4romr\u00e5det \u00e4r perfekt vid terr\u00e4ngk\u00f6rning. LED-arbetsljuset n\u00e5r upp till 55 m med en illuminans p\u00e5 1 lux. Lampan har en str\u00e5lvinkel p\u00e5 43,5 grader. Arbetsljuset f\u00f6r bilar [&hellip;]","og_url":"https:\/\/xenonkungen.com\/de\/produkt\/osram-ledriving-cube-x-mx85\/","og_site_name":"Xenonkungen","article_modified_time":"2026-04-24T16:40:43+00:00","og_image":[{"width":1000,"height":932,"url":"https:\/\/xenonkungen.com\/wp-content\/uploads\/2025\/06\/163495765-origpic-44bcf5.png","type":"image\/png"}],"twitter_card":"summary_large_image","twitter_misc":{"Gesch\u00e4tzte Lesezeit":"2\u00a0Minuten"},"schema":{"@context":"https:\/\/schema.org","@graph":[{"@type":"WebPage","@id":"https:\/\/xenonkungen.com\/produkt\/osram-ledriving-cube-x-mx85\/","url":"https:\/\/xenonkungen.com\/produkt\/osram-ledriving-cube-x-mx85\/","name":"OSRAM LEDriving\u00ae Cube-X MX85 \u2013 Der Xenon-K\u00f6nig","isPartOf":{"@id":"https:\/\/xenonkungen.com\/#website"},"primaryImageOfPage":{"@id":"https:\/\/xenonkungen.com\/produkt\/osram-ledriving-cube-x-mx85\/#primaryimage"},"image":{"@id":"https:\/\/xenonkungen.com\/produkt\/osram-ledriving-cube-x-mx85\/#primaryimage"},"thumbnailUrl":"https:\/\/xenonkungen.com\/wp-content\/uploads\/2025\/06\/163495765-origpic-44bcf5.png","datePublished":"2025-06-23T13:51:18+00:00","dateModified":"2026-04-24T16:40:43+00:00","breadcrumb":{"@id":"https:\/\/xenonkungen.com\/produkt\/osram-ledriving-cube-x-mx85\/#breadcrumb"},"inLanguage":"de","potentialAction":[{"@type":"ReadAction","target":["https:\/\/xenonkungen.com\/produkt\/osram-ledriving-cube-x-mx85\/"]}]},{"@type":"ImageObject","inLanguage":"de","@id":"https:\/\/xenonkungen.com\/produkt\/osram-ledriving-cube-x-mx85\/#primaryimage","url":"https:\/\/xenonkungen.com\/wp-content\/uploads\/2025\/06\/163495765-origpic-44bcf5.png","contentUrl":"https:\/\/xenonkungen.com\/wp-content\/uploads\/2025\/06\/163495765-origpic-44bcf5.png","width":1000,"height":932},{"@type":"BreadcrumbList","@id":"https:\/\/xenonkungen.com\/produkt\/osram-ledriving-cube-x-mx85\/#breadcrumb","itemListElement":[{"@type":"ListItem","position":1,"name":"Hem","item":"https:\/\/xenonkungen.com\/"},{"@type":"ListItem","position":2,"name":"Shop","item":"https:\/\/xenonkungen.com\/shop\/"},{"@type":"ListItem","position":3,"name":"OSRAM LEDriving\u00ae Cube-X MX85"}]},{"@type":"WebSite","@id":"https:\/\/xenonkungen.com\/#website","url":"https:\/\/xenonkungen.com\/","name":"Xenonkungen","description":"","potentialAction":[{"@type":"SearchAction","target":{"@type":"EntryPoint","urlTemplate":"https:\/\/xenonkungen.com\/?s={search_term_string}"},"query-input":{"@type":"PropertyValueSpecification","valueRequired":true,"valueName":"search_term_string"}}],"inLanguage":"de"}]}},"taxonomy_info":{"product_brand":[{"value":108,"label":"OSRAM"}],"product_cat":[{"value":2639,"label":"OSRAM Ledriving"},{"value":508,"label":"Arbetsbelysning"}],"pa_faktisk-effekts-forbrukning":[{"value":527,"label":"20"}],"pa_fargtemperatur":[{"value":1428,"label":"6000"}],"pa_fuktskydd-varde-ipxx":[{"value":333,"label":"IP67"}],"pa_godkannande":[{"value":184,"label":"R10"}],"pa_ljusbild":[{"value":178,"label":"Driving"},{"value":1177,"label":"Spot"}],"pa_storlek-mm":[{"value":2411,"label":"85x121x57"}],"pa_volt-v":[{"value":2271,"label":"Multivolt, 9, 12, 14"}]},"featured_image_src_large":["https:\/\/xenonkungen.com\/wp-content\/uploads\/2025\/06\/163495765-origpic-44bcf5.png",1000,932,false],"author_info":[],"comment_info":0,"_links":{"self":[{"href":"https:\/\/xenonkungen.com\/de\/wp-json\/wp\/v2\/product\/11627","targetHints":{"allow":["GET"]}}],"collection":[{"href":"https:\/\/xenonkungen.com\/de\/wp-json\/wp\/v2\/product"}],"about":[{"href":"https:\/\/xenonkungen.com\/de\/wp-json\/wp\/v2\/types\/product"}],"replies":[{"embeddable":true,"href":"https:\/\/xenonkungen.com\/de\/wp-json\/wp\/v2\/comments?post=11627"}],"wp:featuredmedia":[{"embeddable":true,"href":"https:\/\/xenonkungen.com\/de\/wp-json\/wp\/v2\/media\/10860"}],"wp:attachment":[{"href":"https:\/\/xenonkungen.com\/de\/wp-json\/wp\/v2\/media?parent=11627"}],"wp:term":[{"taxonomy":"anvandningsomrade","embeddable":true,"href":"https:\/\/xenonkungen.com\/de\/wp-json\/wp\/v2\/anvandningsomrade?post=11627"},{"taxonomy":"bilmarken","embeddable":true,"href":"https:\/\/xenonkungen.com\/de\/wp-json\/wp\/v2\/bilmarken?post=11627"},{"taxonomy":"product_brand","embeddable":true,"href":"https:\/\/xenonkungen.com\/de\/wp-json\/wp\/v2\/product_brand?post=11627"},{"taxonomy":"product_cat","embeddable":true,"href":"https:\/\/xenonkungen.com\/de\/wp-json\/wp\/v2\/product_cat?post=11627"},{"taxonomy":"product_tag","embeddable":true,"href":"https:\/\/xenonkungen.com\/de\/wp-json\/wp\/v2\/product_tag?post=11627"}],"curies":[{"name":"wp","href":"https:\/\/api.w.org\/{rel}","templated":true}]}}