{"id":11636,"date":"2025-06-23T13:51:21","date_gmt":"2025-06-23T13:51:21","guid":{"rendered":"https:\/\/xenonkungen.com\/produkt\/ljuspaket-luxtar-x20-black-edition\/"},"modified":"2026-05-15T11:52:04","modified_gmt":"2026-05-15T10:52:04","slug":"lichtpaket-luxtar-x20-black-edition","status":"publish","type":"product","link":"https:\/\/xenonkungen.com\/de\/produkt\/lichtpaket-luxtar-x20-black-edition\/","title":{"rendered":"Lichtpaket LUXTAR\u00ae X20 Black Edition"},"content":{"rendered":"<h1>Komplettes fertiges Paket mit Handlauf, Halterung und Verkabelung<\/h1>\n<p>Luxtar-Lichtbalken haben ein einzigartiges Design und verf\u00fcgen \u00fcber Reflektoren mit seitlich angebrachten Diodenlampen, die die Leistung erheblich verbessern.<\/p>\n<p><strong>200W | 20 000 Lumen<\/strong> Dies sind die theoretischen Werte f\u00fcr den Luxtar X20, die Sie beim Vergleich mit anderen Optionen auf dem Markt (die theoretische Daten betonen) ber\u00fccksichtigen k\u00f6nnen.<\/p>\n<p><strong>Bei Bedarf aktualisieren<\/strong> mit <a href=\"https:\/\/www.xenonkungen.com\/se\/article.php?art=179733167\" target=\"NEW\">XBB Smart Relay<\/a> zum Beispiel, wenn das Auto \u00fcber eine Canbus-Licht\u00fcberwachung und\/oder eine elegante Edelstahl-Lichtleiste in Chrom oder Schwarz verf\u00fcgt.<\/p>\n<p>Die Luxtar X20 eignet sich f\u00fcr alle, die Wert auf Reichweite legen, anstatt auf Licht, oder f\u00fcr alle, die h\u00f6here Geschwindigkeiten bevorzugen und bei denen der Fokus naturgem\u00e4\u00df auf l\u00e4ngeren Distanzen liegt.<\/p>\n<p><span style=\"font-size: 12pt;\"><strong>TESTGEWINNER<\/strong><\/span><br \/>\nOjanper\u00e4 Sweden f\u00fchrte seinen j\u00e4hrlichen Zusatzscheinwerfertest durch, bei dem die Luxtar X20 sowohl den ersten als auch den zweiten Platz in der Kategorie \u201eHervorragendes Preis-Leistungs-Verh\u00e4ltnis\u201c belegte.<br \/>\nX20 Driving belegte den ersten Platz, X20 Spot den zweiten.<br \/>\n<strong>Den Test finden Sie hier: <\/strong><a href=\"https:\/\/www.youtube.com\/watch?v=GMZSA34IUc8\" target=\"NEW\">Ojanper\u00e4s j\u00e4hrlicher Zusatzlichttest<\/a><\/p>\n<p>Ojanper\u00e4s Testbilder:<br \/>\n<img decoding=\"async\" src=\"https:\/\/admin.abicart.se\/shop\/4404\/files\/Kundbilar\/121118173_1727214287429391_3091007273041282311_o.jpg\" width=\"350\" \/><img decoding=\"async\" src=\"https:\/\/admin.abicart.se\/shop\/4404\/files\/Kundbilar\/121174054_1727214300762723_3477495534743964641_o.jpg\" width=\"350\" \/><\/p>\n<p><strong>Inhaltspaket X20:<\/strong><br \/>\n1. <a href=\"https:\/\/www.xenonkungen.com\/se\/produkter\/ledramper\/ledramp-serie\/x-serie\/luxtarr-ledramp-x20-blackedition.html\" target=\"_blank\" rel=\"noopener\">Luxtar Lightning X20 Lichtleiste<\/a><br \/>\n1. <a href=\"https:\/\/www.xenonkungen.com\/se\/produkter\/installationsmaterial\/fasten-universal\/extraljusfaste-svart-3-225mm.html\" target=\"_blank\" rel=\"noopener\">Zusatzlichtb\u00fcgel Schwarz 3<\/a><br \/>\n1. <a href=\"https:\/\/www.xenonkungen.com\/se\/produkter\/installationsmaterial\/kablar-kontakter\/extraljuskabel-1b-12v.html\" target=\"_blank\" rel=\"noopener\">Stromanschluss 1B 12V<\/a><\/p>","protected":false},"excerpt":{"rendered":"<p><b>Komplettes Fertigpaket<\/b> mit Halterung und Verkabelung, die dem Auto eine stilvolle und effektive Lichtleiste verleihen.<\/p>\n<p><b>Testspielsieger des Jahres 2021<\/b><br \/>\nDer LUXTAR X20 Black Edition hat den gro\u00dfen Rampentest von Auto Ojanper\u00e4 gewonnen.<br \/>\nAcht Marken und 18 LED-Rampen nahmen am Test teil, und die LUXTAR X20 Black Edition ging als Sieger hervor!<\/p>\n<p><b>Inhalt der Lieferung<\/b><br \/>\n1. LUXTAR X20 Black Edition &gt;&gt;Testsieger&lt;<br \/>\n1 St\u00fcck Relaisverdrahtung 1B<br \/>\n1x Halterung f\u00fcr Zusatzscheinwerfer<\/p>","protected":false},"featured_media":10878,"comment_status":"closed","ping_status":"closed","template":"","meta":{"_acf_changed":false,"_smort_price_nok":"3461","_smort_price_dkk":"2199","_smort_price_eur":"294.53","_smort_sale_price_nok":"","_smort_sale_price_dkk":"","_smort_sale_price_eur":"","smort_restorder":"","shipmondo_restorder":"","_kad_blocks_custom_css":"","_kad_blocks_head_custom_js":"","_kad_blocks_body_custom_js":"","_kad_blocks_footer_custom_js":"","smort_custom_pricelist_1":"2073.6","smort_custom_pricelist_2":"1814.4","smort_custom_pricelist_3":"1684.8","smort_custom_pricelist_4":"2592","smort_custom_pricelist_5":"1814.4"},"anvandningsomrade":[],"bilmarken":[],"product_brand":[103],"product_cat":[2539,2826,2541,2596,18,2160,1916],"product_tag":[],"class_list":{"0":"post-11636","1":"product","2":"type-product","3":"status-publish","4":"has-post-thumbnail","6":"product_brand-luxtar","7":"product_cat-ledramper","8":"product_cat-luxtar","9":"product_cat-luxtar-x-serie-black-ledramper","10":"product_cat-paket","11":"product_cat-led-ramper-ljusramper","12":"product_cat-luxtar-x-serie-black","13":"product_cat-ledrampspaket","14":"pa_faktisk-effekts-forbrukning-2274","15":"pa_fuktskydd-varde-ipxx-ip68","16":"pa_godkannande-e-markt","17":"pa_ljusbild-driving","18":"pa_ljusbild-spot","19":"pa_storlek-mm-570x63x85","20":"pa_stromforbrukning-121a-12v","21":"pa_stromforbrukning-62a-24v","22":"pa_volt-v-multivolt-9-12-16-18-24-28-30-32","24":"first","25":"instock","26":"taxable","27":"shipping-taxable","28":"purchasable","29":"product-type-variable"},"bundled_by":[],"bundle_stock_status":"instock","bundle_stock_quantity":500,"bundle_virtual":false,"bundle_layout":"","bundle_add_to_cart_form_location":"","bundle_editable_in_cart":false,"bundle_sold_individually_context":"","bundle_item_grouping":"","bundle_min_size":"","bundle_max_size":"","bundle_price":[],"bundled_items":[],"bundle_sell_ids":[],"acf":[],"yoast_head":"<!-- This site is optimized with the Yoast SEO plugin v27.0 - https:\/\/yoast.com\/product\/yoast-seo-wordpress\/ -->\n<title>Ljuspaket LUXTAR\u00ae X20 Black Edition - Xenonkungen<\/title>\n<meta name=\"robots\" content=\"index, follow, max-snippet:-1, max-image-preview:large, max-video-preview:-1\" \/>\n<link rel=\"canonical\" href=\"https:\/\/xenonkungen.com\/de\/produkt\/lichtpaket-luxtar-x20-black-edition\/\" \/>\n<meta property=\"og:locale\" content=\"de_DE\" \/>\n<meta property=\"og:type\" content=\"article\" \/>\n<meta property=\"og:title\" content=\"Ljuspaket LUXTAR\u00ae X20 Black Edition - Xenonkungen\" \/>\n<meta property=\"og:description\" content=\"Komplett f\u00e4rdigt paket med f\u00e4ste och kablage som ger bilen en snygg och effektiv ljusramp.  \u00c5rets testvinnare 2021 LUXTAR X20 Black Edition vann i Auto Ojanper\u00e4 stora ledrampstest. 8 varum\u00e4rken och 18st ledramper medverkade i testet och LUXTAR X20 Black Edition ut som segrare!  Leveransinneh\u00e5ll 1st LUXTAR X20 Black Edition &gt;&gt;Testvinnaren&lt;&lt; 1st Rel\u00e4kablage 1B 1st Extraljusf\u00e4ste\" \/>\n<meta property=\"og:url\" content=\"https:\/\/xenonkungen.com\/de\/produkt\/lichtpaket-luxtar-x20-black-edition\/\" \/>\n<meta property=\"og:site_name\" content=\"Xenonkungen\" \/>\n<meta property=\"article:modified_time\" content=\"2026-05-15T10:52:04+00:00\" \/>\n<meta property=\"og:image\" content=\"https:\/\/xenonkungen.com\/wp-content\/uploads\/2025\/06\/78767663-origpic-a32a37.png\" \/>\n\t<meta property=\"og:image:width\" content=\"1000\" \/>\n\t<meta property=\"og:image:height\" content=\"1000\" \/>\n\t<meta property=\"og:image:type\" content=\"image\/png\" \/>\n<meta name=\"twitter:card\" content=\"summary_large_image\" \/>\n<meta name=\"twitter:label1\" content=\"Gesch\u00e4tzte Lesezeit\" \/>\n\t<meta name=\"twitter:data1\" content=\"2\u00a0Minuten\" \/>\n<script type=\"application\/ld+json\" class=\"yoast-schema-graph\">{\"@context\":\"https:\/\/schema.org\",\"@graph\":[{\"@type\":\"WebPage\",\"@id\":\"https:\/\/xenonkungen.com\/produkt\/ljuspaket-luxtar-x20-black-edition\/\",\"url\":\"https:\/\/xenonkungen.com\/produkt\/ljuspaket-luxtar-x20-black-edition\/\",\"name\":\"Ljuspaket LUXTAR\u00ae X20 Black Edition - Xenonkungen\",\"isPartOf\":{\"@id\":\"https:\/\/xenonkungen.com\/#website\"},\"primaryImageOfPage\":{\"@id\":\"https:\/\/xenonkungen.com\/produkt\/ljuspaket-luxtar-x20-black-edition\/#primaryimage\"},\"image\":{\"@id\":\"https:\/\/xenonkungen.com\/produkt\/ljuspaket-luxtar-x20-black-edition\/#primaryimage\"},\"thumbnailUrl\":\"https:\/\/xenonkungen.com\/wp-content\/uploads\/2025\/06\/78767663-origpic-a32a37.png\",\"datePublished\":\"2025-06-23T13:51:21+00:00\",\"dateModified\":\"2026-05-15T10:52:04+00:00\",\"breadcrumb\":{\"@id\":\"https:\/\/xenonkungen.com\/produkt\/ljuspaket-luxtar-x20-black-edition\/#breadcrumb\"},\"inLanguage\":\"de\",\"potentialAction\":[{\"@type\":\"ReadAction\",\"target\":[\"https:\/\/xenonkungen.com\/produkt\/ljuspaket-luxtar-x20-black-edition\/\"]}]},{\"@type\":\"ImageObject\",\"inLanguage\":\"de\",\"@id\":\"https:\/\/xenonkungen.com\/produkt\/ljuspaket-luxtar-x20-black-edition\/#primaryimage\",\"url\":\"https:\/\/xenonkungen.com\/wp-content\/uploads\/2025\/06\/78767663-origpic-a32a37.png\",\"contentUrl\":\"https:\/\/xenonkungen.com\/wp-content\/uploads\/2025\/06\/78767663-origpic-a32a37.png\",\"width\":1000,\"height\":1000},{\"@type\":\"BreadcrumbList\",\"@id\":\"https:\/\/xenonkungen.com\/produkt\/ljuspaket-luxtar-x20-black-edition\/#breadcrumb\",\"itemListElement\":[{\"@type\":\"ListItem\",\"position\":1,\"name\":\"Hem\",\"item\":\"https:\/\/xenonkungen.com\/\"},{\"@type\":\"ListItem\",\"position\":2,\"name\":\"Shop\",\"item\":\"https:\/\/xenonkungen.com\/shop\/\"},{\"@type\":\"ListItem\",\"position\":3,\"name\":\"Ljuspaket LUXTAR\u00ae X20 Black Edition\"}]},{\"@type\":\"WebSite\",\"@id\":\"https:\/\/xenonkungen.com\/#website\",\"url\":\"https:\/\/xenonkungen.com\/\",\"name\":\"Xenonkungen\",\"description\":\"\",\"potentialAction\":[{\"@type\":\"SearchAction\",\"target\":{\"@type\":\"EntryPoint\",\"urlTemplate\":\"https:\/\/xenonkungen.com\/?s={search_term_string}\"},\"query-input\":{\"@type\":\"PropertyValueSpecification\",\"valueRequired\":true,\"valueName\":\"search_term_string\"}}],\"inLanguage\":\"de\"}]}<\/script>\n<!-- \/ Yoast SEO plugin. -->","yoast_head_json":{"title":"Lichtpaket LUXTAR\u00ae X20 Black Edition \u2013 Der Xenon-K\u00f6nig","robots":{"index":"index","follow":"follow","max-snippet":"max-snippet:-1","max-image-preview":"max-image-preview:large","max-video-preview":"max-video-preview:-1"},"canonical":"https:\/\/xenonkungen.com\/de\/produkt\/lichtpaket-luxtar-x20-black-edition\/","og_locale":"de_DE","og_type":"article","og_title":"Ljuspaket LUXTAR\u00ae X20 Black Edition - Xenonkungen","og_description":"Komplett f\u00e4rdigt paket med f\u00e4ste och kablage som ger bilen en snygg och effektiv ljusramp.  \u00c5rets testvinnare 2021 LUXTAR X20 Black Edition vann i Auto Ojanper\u00e4 stora ledrampstest. 8 varum\u00e4rken och 18st ledramper medverkade i testet och LUXTAR X20 Black Edition ut som segrare!  Leveransinneh\u00e5ll 1st LUXTAR X20 Black Edition &gt;&gt;Testvinnaren&lt;&lt; 1st Rel\u00e4kablage 1B 1st Extraljusf\u00e4ste","og_url":"https:\/\/xenonkungen.com\/de\/produkt\/lichtpaket-luxtar-x20-black-edition\/","og_site_name":"Xenonkungen","article_modified_time":"2026-05-15T10:52:04+00:00","og_image":[{"width":1000,"height":1000,"url":"https:\/\/xenonkungen.com\/wp-content\/uploads\/2025\/06\/78767663-origpic-a32a37.png","type":"image\/png"}],"twitter_card":"summary_large_image","twitter_misc":{"Gesch\u00e4tzte Lesezeit":"2\u00a0Minuten"},"schema":{"@context":"https:\/\/schema.org","@graph":[{"@type":"WebPage","@id":"https:\/\/xenonkungen.com\/produkt\/ljuspaket-luxtar-x20-black-edition\/","url":"https:\/\/xenonkungen.com\/produkt\/ljuspaket-luxtar-x20-black-edition\/","name":"Lichtpaket LUXTAR\u00ae X20 Black Edition \u2013 Der Xenon-K\u00f6nig","isPartOf":{"@id":"https:\/\/xenonkungen.com\/#website"},"primaryImageOfPage":{"@id":"https:\/\/xenonkungen.com\/produkt\/ljuspaket-luxtar-x20-black-edition\/#primaryimage"},"image":{"@id":"https:\/\/xenonkungen.com\/produkt\/ljuspaket-luxtar-x20-black-edition\/#primaryimage"},"thumbnailUrl":"https:\/\/xenonkungen.com\/wp-content\/uploads\/2025\/06\/78767663-origpic-a32a37.png","datePublished":"2025-06-23T13:51:21+00:00","dateModified":"2026-05-15T10:52:04+00:00","breadcrumb":{"@id":"https:\/\/xenonkungen.com\/produkt\/ljuspaket-luxtar-x20-black-edition\/#breadcrumb"},"inLanguage":"de","potentialAction":[{"@type":"ReadAction","target":["https:\/\/xenonkungen.com\/produkt\/ljuspaket-luxtar-x20-black-edition\/"]}]},{"@type":"ImageObject","inLanguage":"de","@id":"https:\/\/xenonkungen.com\/produkt\/ljuspaket-luxtar-x20-black-edition\/#primaryimage","url":"https:\/\/xenonkungen.com\/wp-content\/uploads\/2025\/06\/78767663-origpic-a32a37.png","contentUrl":"https:\/\/xenonkungen.com\/wp-content\/uploads\/2025\/06\/78767663-origpic-a32a37.png","width":1000,"height":1000},{"@type":"BreadcrumbList","@id":"https:\/\/xenonkungen.com\/produkt\/ljuspaket-luxtar-x20-black-edition\/#breadcrumb","itemListElement":[{"@type":"ListItem","position":1,"name":"Hem","item":"https:\/\/xenonkungen.com\/"},{"@type":"ListItem","position":2,"name":"Shop","item":"https:\/\/xenonkungen.com\/shop\/"},{"@type":"ListItem","position":3,"name":"Ljuspaket LUXTAR\u00ae X20 Black Edition"}]},{"@type":"WebSite","@id":"https:\/\/xenonkungen.com\/#website","url":"https:\/\/xenonkungen.com\/","name":"Xenonkungen","description":"","potentialAction":[{"@type":"SearchAction","target":{"@type":"EntryPoint","urlTemplate":"https:\/\/xenonkungen.com\/?s={search_term_string}"},"query-input":{"@type":"PropertyValueSpecification","valueRequired":true,"valueName":"search_term_string"}}],"inLanguage":"de"}]}},"taxonomy_info":{"product_brand":[{"value":103,"label":"LUXTAR"}],"product_cat":[{"value":2539,"label":"LEDRAMPER"},{"value":2826,"label":"LUXTAR"},{"value":2541,"label":"Luxtar X-Serie Black"},{"value":2596,"label":"Paket"},{"value":18,"label":"LED Ramper \/ Ljusramper"},{"value":2160,"label":"LUXTAR X-serie B"},{"value":1916,"label":"Ledrampspaket"}],"pa_faktisk-effekts-forbrukning":[{"value":2274,"label":"146,4"}],"pa_fuktskydd-varde-ipxx":[{"value":177,"label":"IP68"}],"pa_godkannande":[{"value":191,"label":"E-m\u00e4rkt"}],"pa_ljusbild":[{"value":178,"label":"Driving"},{"value":1177,"label":"Spot"}],"pa_storlek-mm":[{"value":2197,"label":"570x63x85"}],"pa_stromforbrukning":[{"value":2200,"label":"12,1A @ 12V"},{"value":2275,"label":"6,2A @24V"}],"pa_volt-v":[{"value":521,"label":"Multivolt, 9, 12, 16, 18, 24, 28, 30, 32"}]},"featured_image_src_large":["https:\/\/xenonkungen.com\/wp-content\/uploads\/2025\/06\/78767663-origpic-a32a37.png",1000,1000,false],"author_info":[],"comment_info":1,"_links":{"self":[{"href":"https:\/\/xenonkungen.com\/de\/wp-json\/wp\/v2\/product\/11636","targetHints":{"allow":["GET"]}}],"collection":[{"href":"https:\/\/xenonkungen.com\/de\/wp-json\/wp\/v2\/product"}],"about":[{"href":"https:\/\/xenonkungen.com\/de\/wp-json\/wp\/v2\/types\/product"}],"replies":[{"embeddable":true,"href":"https:\/\/xenonkungen.com\/de\/wp-json\/wp\/v2\/comments?post=11636"}],"wp:featuredmedia":[{"embeddable":true,"href":"https:\/\/xenonkungen.com\/de\/wp-json\/wp\/v2\/media\/10878"}],"wp:attachment":[{"href":"https:\/\/xenonkungen.com\/de\/wp-json\/wp\/v2\/media?parent=11636"}],"wp:term":[{"taxonomy":"anvandningsomrade","embeddable":true,"href":"https:\/\/xenonkungen.com\/de\/wp-json\/wp\/v2\/anvandningsomrade?post=11636"},{"taxonomy":"bilmarken","embeddable":true,"href":"https:\/\/xenonkungen.com\/de\/wp-json\/wp\/v2\/bilmarken?post=11636"},{"taxonomy":"product_brand","embeddable":true,"href":"https:\/\/xenonkungen.com\/de\/wp-json\/wp\/v2\/product_brand?post=11636"},{"taxonomy":"product_cat","embeddable":true,"href":"https:\/\/xenonkungen.com\/de\/wp-json\/wp\/v2\/product_cat?post=11636"},{"taxonomy":"product_tag","embeddable":true,"href":"https:\/\/xenonkungen.com\/de\/wp-json\/wp\/v2\/product_tag?post=11636"}],"curies":[{"name":"wp","href":"https:\/\/api.w.org\/{rel}","templated":true}]}}