{"id":11681,"date":"2025-06-23T13:51:36","date_gmt":"2025-06-23T13:51:36","guid":{"rendered":"https:\/\/xenonkungen.com\/produkt\/t5-led-interiorlampa-1smd\/"},"modified":"2026-04-17T12:04:52","modified_gmt":"2026-04-17T11:04:52","slug":"t5-led-innenraumleuchte-1-smd","status":"publish","type":"product","link":"https:\/\/xenonkungen.com\/de\/produkt\/t5-led-innenraumleuchte-1-smd\/","title":{"rendered":"T5 LED-Innenleuchte 1SMD"},"content":{"rendered":"<p>T5 12V LED mit 1 St\u00fcck 5050 SMD-Diode zur Beleuchtung des Innenraums, des Armaturenbretts usw.<\/p>\n<p><strong>Wei\u00df<\/strong> 6000-6500K<br \/>\n<strong>Blau<\/strong><\/p>\n<p>Lieferung paarweise.<\/p>","protected":false},"excerpt":{"rendered":"<p>T5-Lampen zur Umr\u00fcstung auf LED-Innenraum- oder Armaturenbrettbeleuchtung.<\/p>","protected":false},"featured_media":10979,"comment_status":"closed","ping_status":"closed","template":"","meta":{"_acf_changed":false,"_smort_price_nok":"11","_smort_price_dkk":"7","_smort_price_eur":"0.91","_smort_sale_price_nok":"","_smort_sale_price_dkk":"","_smort_sale_price_eur":"","smort_restorder":"","shipmondo_restorder":"","_kad_blocks_custom_css":"","_kad_blocks_head_custom_js":"","_kad_blocks_body_custom_js":"","_kad_blocks_footer_custom_js":"","smort_custom_pricelist_1":null,"smort_custom_pricelist_2":null,"smort_custom_pricelist_3":null,"smort_custom_pricelist_4":null,"smort_custom_pricelist_5":null},"anvandningsomrade":[],"bilmarken":[],"product_brand":[2793],"product_cat":[3014,3017,338],"product_tag":[],"class_list":{"0":"post-11681","1":"product","2":"type-product","3":"status-publish","4":"has-post-thumbnail","6":"product_brand-ovrigt","7":"product_cat-instrumentlampor","8":"product_cat-led-interiorbelysning","9":"product_cat-diodlampor","10":"pa_fargtemperatur-blue","11":"pa_fargtemperatur-white","12":"pa_lampsockel-kontakt-t5","13":"pa_volt-v-159","15":"first","16":"outofstock","17":"taxable","18":"shipping-taxable","19":"purchasable","20":"product-type-variable"},"bundled_by":[],"bundle_stock_status":"outofstock","bundle_stock_quantity":null,"bundle_virtual":false,"bundle_layout":"","bundle_add_to_cart_form_location":"","bundle_editable_in_cart":false,"bundle_sold_individually_context":"","bundle_item_grouping":"","bundle_min_size":"","bundle_max_size":"","bundle_price":[],"bundled_items":[],"bundle_sell_ids":[],"acf":[],"yoast_head":"<!-- This site is optimized with the Yoast SEO plugin v27.0 - https:\/\/yoast.com\/product\/yoast-seo-wordpress\/ -->\n<title>T5 LED Interi\u00f6rlampa 1SMD - Xenonkungen<\/title>\n<meta name=\"robots\" content=\"index, follow, max-snippet:-1, max-image-preview:large, max-video-preview:-1\" \/>\n<link rel=\"canonical\" href=\"https:\/\/xenonkungen.com\/de\/produkt\/t5-led-innenraumleuchte-1-smd\/\" \/>\n<meta property=\"og:locale\" content=\"de_DE\" \/>\n<meta property=\"og:type\" content=\"article\" \/>\n<meta property=\"og:title\" content=\"T5 LED Interi\u00f6rlampa 1SMD - Xenonkungen\" \/>\n<meta property=\"og:description\" content=\"T5 lampor f\u00f6r uppgradering till LED belysning av interi\u00f6r eller instrumentpanel.\" \/>\n<meta property=\"og:url\" content=\"https:\/\/xenonkungen.com\/de\/produkt\/t5-led-innenraumleuchte-1-smd\/\" \/>\n<meta property=\"og:site_name\" content=\"Xenonkungen\" \/>\n<meta property=\"article:modified_time\" content=\"2026-04-17T11:04:52+00:00\" \/>\n<meta property=\"og:image\" content=\"https:\/\/xenonkungen.com\/wp-content\/uploads\/2025\/06\/884374-origpic-5ab799.png\" \/>\n\t<meta property=\"og:image:width\" content=\"1000\" \/>\n\t<meta property=\"og:image:height\" content=\"1000\" \/>\n\t<meta property=\"og:image:type\" content=\"image\/png\" \/>\n<meta name=\"twitter:card\" content=\"summary_large_image\" \/>\n<script type=\"application\/ld+json\" class=\"yoast-schema-graph\">{\"@context\":\"https:\/\/schema.org\",\"@graph\":[{\"@type\":\"WebPage\",\"@id\":\"https:\/\/xenonkungen.com\/de\/produkt\/t5-led-innenraumleuchte-1-smd\/\",\"url\":\"https:\/\/xenonkungen.com\/de\/produkt\/t5-led-innenraumleuchte-1-smd\/\",\"name\":\"T5 LED Interi\u00f6rlampa 1SMD - Xenonkungen\",\"isPartOf\":{\"@id\":\"https:\/\/xenonkungen.com\/#website\"},\"primaryImageOfPage\":{\"@id\":\"https:\/\/xenonkungen.com\/de\/produkt\/t5-led-innenraumleuchte-1-smd\/#primaryimage\"},\"image\":{\"@id\":\"https:\/\/xenonkungen.com\/de\/produkt\/t5-led-innenraumleuchte-1-smd\/#primaryimage\"},\"thumbnailUrl\":\"https:\/\/xenonkungen.com\/wp-content\/uploads\/2025\/06\/884374-origpic-5ab799.png\",\"datePublished\":\"2025-06-23T13:51:36+00:00\",\"dateModified\":\"2026-04-17T11:04:52+00:00\",\"breadcrumb\":{\"@id\":\"https:\/\/xenonkungen.com\/de\/produkt\/t5-led-innenraumleuchte-1-smd\/#breadcrumb\"},\"inLanguage\":\"de\",\"potentialAction\":[{\"@type\":\"ReadAction\",\"target\":[\"https:\/\/xenonkungen.com\/de\/produkt\/t5-led-innenraumleuchte-1-smd\/\"]}]},{\"@type\":\"ImageObject\",\"inLanguage\":\"de\",\"@id\":\"https:\/\/xenonkungen.com\/de\/produkt\/t5-led-innenraumleuchte-1-smd\/#primaryimage\",\"url\":\"https:\/\/xenonkungen.com\/wp-content\/uploads\/2025\/06\/884374-origpic-5ab799.png\",\"contentUrl\":\"https:\/\/xenonkungen.com\/wp-content\/uploads\/2025\/06\/884374-origpic-5ab799.png\",\"width\":1000,\"height\":1000},{\"@type\":\"BreadcrumbList\",\"@id\":\"https:\/\/xenonkungen.com\/de\/produkt\/t5-led-innenraumleuchte-1-smd\/#breadcrumb\",\"itemListElement\":[{\"@type\":\"ListItem\",\"position\":1,\"name\":\"Hem\",\"item\":\"https:\/\/xenonkungen.com\/\"},{\"@type\":\"ListItem\",\"position\":2,\"name\":\"Shop\",\"item\":\"https:\/\/xenonkungen.com\/shop\/\"},{\"@type\":\"ListItem\",\"position\":3,\"name\":\"T5 LED Interi\u00f6rlampa 1SMD\"}]},{\"@type\":\"WebSite\",\"@id\":\"https:\/\/xenonkungen.com\/#website\",\"url\":\"https:\/\/xenonkungen.com\/\",\"name\":\"Xenonkungen\",\"description\":\"\",\"potentialAction\":[{\"@type\":\"SearchAction\",\"target\":{\"@type\":\"EntryPoint\",\"urlTemplate\":\"https:\/\/xenonkungen.com\/?s={search_term_string}\"},\"query-input\":{\"@type\":\"PropertyValueSpecification\",\"valueRequired\":true,\"valueName\":\"search_term_string\"}}],\"inLanguage\":\"de\"}]}<\/script>\n<!-- \/ Yoast SEO plugin. -->","yoast_head_json":{"title":"T5 LED-Innenraumleuchte 1SMD \u2013 Der Xenon-K\u00f6nig","robots":{"index":"index","follow":"follow","max-snippet":"max-snippet:-1","max-image-preview":"max-image-preview:large","max-video-preview":"max-video-preview:-1"},"canonical":"https:\/\/xenonkungen.com\/de\/produkt\/t5-led-innenraumleuchte-1-smd\/","og_locale":"de_DE","og_type":"article","og_title":"T5 LED Interi\u00f6rlampa 1SMD - Xenonkungen","og_description":"T5 lampor f\u00f6r uppgradering till LED belysning av interi\u00f6r eller instrumentpanel.","og_url":"https:\/\/xenonkungen.com\/de\/produkt\/t5-led-innenraumleuchte-1-smd\/","og_site_name":"Xenonkungen","article_modified_time":"2026-04-17T11:04:52+00:00","og_image":[{"width":1000,"height":1000,"url":"https:\/\/xenonkungen.com\/wp-content\/uploads\/2025\/06\/884374-origpic-5ab799.png","type":"image\/png"}],"twitter_card":"summary_large_image","schema":{"@context":"https:\/\/schema.org","@graph":[{"@type":"WebPage","@id":"https:\/\/xenonkungen.com\/de\/produkt\/t5-led-innenraumleuchte-1-smd\/","url":"https:\/\/xenonkungen.com\/de\/produkt\/t5-led-innenraumleuchte-1-smd\/","name":"T5 LED-Innenraumleuchte 1SMD \u2013 Der Xenon-K\u00f6nig","isPartOf":{"@id":"https:\/\/xenonkungen.com\/#website"},"primaryImageOfPage":{"@id":"https:\/\/xenonkungen.com\/de\/produkt\/t5-led-innenraumleuchte-1-smd\/#primaryimage"},"image":{"@id":"https:\/\/xenonkungen.com\/de\/produkt\/t5-led-innenraumleuchte-1-smd\/#primaryimage"},"thumbnailUrl":"https:\/\/xenonkungen.com\/wp-content\/uploads\/2025\/06\/884374-origpic-5ab799.png","datePublished":"2025-06-23T13:51:36+00:00","dateModified":"2026-04-17T11:04:52+00:00","breadcrumb":{"@id":"https:\/\/xenonkungen.com\/de\/produkt\/t5-led-innenraumleuchte-1-smd\/#breadcrumb"},"inLanguage":"de","potentialAction":[{"@type":"ReadAction","target":["https:\/\/xenonkungen.com\/de\/produkt\/t5-led-innenraumleuchte-1-smd\/"]}]},{"@type":"ImageObject","inLanguage":"de","@id":"https:\/\/xenonkungen.com\/de\/produkt\/t5-led-innenraumleuchte-1-smd\/#primaryimage","url":"https:\/\/xenonkungen.com\/wp-content\/uploads\/2025\/06\/884374-origpic-5ab799.png","contentUrl":"https:\/\/xenonkungen.com\/wp-content\/uploads\/2025\/06\/884374-origpic-5ab799.png","width":1000,"height":1000},{"@type":"BreadcrumbList","@id":"https:\/\/xenonkungen.com\/de\/produkt\/t5-led-innenraumleuchte-1-smd\/#breadcrumb","itemListElement":[{"@type":"ListItem","position":1,"name":"Hem","item":"https:\/\/xenonkungen.com\/"},{"@type":"ListItem","position":2,"name":"Shop","item":"https:\/\/xenonkungen.com\/shop\/"},{"@type":"ListItem","position":3,"name":"T5 LED Interi\u00f6rlampa 1SMD"}]},{"@type":"WebSite","@id":"https:\/\/xenonkungen.com\/#website","url":"https:\/\/xenonkungen.com\/","name":"Xenonkungen","description":"","potentialAction":[{"@type":"SearchAction","target":{"@type":"EntryPoint","urlTemplate":"https:\/\/xenonkungen.com\/?s={search_term_string}"},"query-input":{"@type":"PropertyValueSpecification","valueRequired":true,"valueName":"search_term_string"}}],"inLanguage":"de"}]}},"taxonomy_info":{"product_brand":[{"value":2793,"label":"\u00d6VRIGT"}],"product_cat":[{"value":3014,"label":"Instrumentlampor"},{"value":3017,"label":"LED Interi\u00f6rbelysning (personbil)"},{"value":338,"label":"Diodlampor"}],"pa_fargtemperatur":[{"value":2678,"label":"Blue"},{"value":1065,"label":"White"}],"pa_lampsockel-kontakt":[{"value":2297,"label":"T5"}],"pa_volt-v":[{"value":159,"label":"12"}]},"featured_image_src_large":["https:\/\/xenonkungen.com\/wp-content\/uploads\/2025\/06\/884374-origpic-5ab799.png",1000,1000,false],"author_info":[],"comment_info":0,"_links":{"self":[{"href":"https:\/\/xenonkungen.com\/de\/wp-json\/wp\/v2\/product\/11681","targetHints":{"allow":["GET"]}}],"collection":[{"href":"https:\/\/xenonkungen.com\/de\/wp-json\/wp\/v2\/product"}],"about":[{"href":"https:\/\/xenonkungen.com\/de\/wp-json\/wp\/v2\/types\/product"}],"replies":[{"embeddable":true,"href":"https:\/\/xenonkungen.com\/de\/wp-json\/wp\/v2\/comments?post=11681"}],"wp:featuredmedia":[{"embeddable":true,"href":"https:\/\/xenonkungen.com\/de\/wp-json\/wp\/v2\/media\/10979"}],"wp:attachment":[{"href":"https:\/\/xenonkungen.com\/de\/wp-json\/wp\/v2\/media?parent=11681"}],"wp:term":[{"taxonomy":"anvandningsomrade","embeddable":true,"href":"https:\/\/xenonkungen.com\/de\/wp-json\/wp\/v2\/anvandningsomrade?post=11681"},{"taxonomy":"bilmarken","embeddable":true,"href":"https:\/\/xenonkungen.com\/de\/wp-json\/wp\/v2\/bilmarken?post=11681"},{"taxonomy":"product_brand","embeddable":true,"href":"https:\/\/xenonkungen.com\/de\/wp-json\/wp\/v2\/product_brand?post=11681"},{"taxonomy":"product_cat","embeddable":true,"href":"https:\/\/xenonkungen.com\/de\/wp-json\/wp\/v2\/product_cat?post=11681"},{"taxonomy":"product_tag","embeddable":true,"href":"https:\/\/xenonkungen.com\/de\/wp-json\/wp\/v2\/product_tag?post=11681"}],"curies":[{"name":"wp","href":"https:\/\/api.w.org\/{rel}","templated":true}]}}