{"id":11771,"date":"2025-06-23T13:52:10","date_gmt":"2025-06-23T13:52:10","guid":{"rendered":"https:\/\/xenonkungen.com\/produkt\/poppy-doftflaska-150ml\/"},"modified":"2026-03-28T11:36:39","modified_gmt":"2026-03-28T10:36:39","slug":"mohnduftflasche-150-ml","status":"publish","type":"product","link":"https:\/\/xenonkungen.com\/de\/produkt\/mohnduftflasche-150-ml\/","title":{"rendered":"Mohn-Duftflasche 150ml"},"content":{"rendered":"<h2>Poppy \u2013 Das Original von Grace Mate aus Japan.<\/h2>\n<p>Mohn ist seit langem ein beliebter Duftstoff f\u00fcr Autos und Lastwagen.<br \/>\nDie Duftintensit\u00e4t l\u00e4sst sich durch Drehen des verstellbaren Drehverschlusses bestimmen.<br \/>\nEinfache Montage mit dem beiliegenden doppelseitigen Klebeband.<\/p>\n<p>Au\u00dferdem gibt es eine RGB-Platte, die man kaufen kann und die f\u00fcr zus\u00e4tzliche stimmungsvolle Beleuchtung sorgt.<\/p>","protected":false},"excerpt":{"rendered":"<p>Poppy \u2013 das Original von Grace Mate aus Japan. Poppy ist seit Langem ein beliebter Duft f\u00fcr Autos und LKWs. Die Duftintensit\u00e4t l\u00e4sst sich durch Drehen des verstellbaren Drehverschlusses regulieren. Die Montage ist dank des mitgelieferten doppelseitigen Klebebands kinderleicht. Optional ist eine RGB-Platte erh\u00e4ltlich, die f\u00fcr zus\u00e4tzliche stimmungsvolle Beleuchtung sorgt.<\/p>","protected":false},"featured_media":11166,"comment_status":"closed","ping_status":"closed","template":"","meta":{"_acf_changed":false,"_smort_price_nok":"37","_smort_price_dkk":"75","_smort_price_eur":"10","_smort_sale_price_nok":"","_smort_sale_price_dkk":"","_smort_sale_price_eur":"","smort_restorder":"","shipmondo_restorder":"","_kad_blocks_custom_css":"","_kad_blocks_head_custom_js":"","_kad_blocks_body_custom_js":"","_kad_blocks_footer_custom_js":"","smort_custom_pricelist_1":"60","smort_custom_pricelist_2":"60","smort_custom_pricelist_3":"60","smort_custom_pricelist_4":"60","smort_custom_pricelist_5":"60"},"anvandningsomrade":[],"bilmarken":[],"product_brand":[110],"product_cat":[2447,378],"product_tag":[],"class_list":{"0":"post-11771","1":"product","2":"type-product","3":"status-publish","4":"has-post-thumbnail","6":"product_brand-poppy","7":"product_cat-doft","8":"product_cat-bilvard","9":"pa_storlek-mm-90x95x95","11":"first","12":"instock","13":"taxable","14":"shipping-taxable","15":"purchasable","16":"product-type-variable"},"bundled_by":[],"bundle_stock_status":"instock","bundle_stock_quantity":8,"bundle_virtual":false,"bundle_layout":"","bundle_add_to_cart_form_location":"","bundle_editable_in_cart":false,"bundle_sold_individually_context":"","bundle_item_grouping":"","bundle_min_size":"","bundle_max_size":"","bundle_price":[],"bundled_items":[],"bundle_sell_ids":[],"acf":[],"yoast_head":"<!-- This site is optimized with the Yoast SEO plugin v27.0 - https:\/\/yoast.com\/product\/yoast-seo-wordpress\/ -->\n<title>Poppy Doftflaska 150ml - Xenonkungen<\/title>\n<meta name=\"robots\" content=\"index, follow, max-snippet:-1, max-image-preview:large, max-video-preview:-1\" \/>\n<link rel=\"canonical\" href=\"https:\/\/xenonkungen.com\/de\/produkt\/mohnduftflasche-150-ml\/\" \/>\n<meta property=\"og:locale\" content=\"de_DE\" \/>\n<meta property=\"og:type\" content=\"article\" \/>\n<meta property=\"og:title\" content=\"Poppy Doftflaska 150ml - Xenonkungen\" \/>\n<meta property=\"og:description\" content=\"Poppy Originalet fr\u00e5n Grace Mate i Japan. Poppy har l\u00e4nge varit favoriten f\u00f6r doft i bilar och lastbilar. V\u00e4lj intensiteten p\u00e5 doften genom att snurra p\u00e5 den st\u00e4llbara vridkorken. Monteras enkelt med hj\u00e4lp av den medf\u00f6ljande dubbelh\u00e4ftande tejpen. Finns \u00e4ven en RGB platta man kan k\u00f6pa till som ger lite extra st\u00e4mningsfull belysning.\" \/>\n<meta property=\"og:url\" content=\"https:\/\/xenonkungen.com\/de\/produkt\/mohnduftflasche-150-ml\/\" \/>\n<meta property=\"og:site_name\" content=\"Xenonkungen\" \/>\n<meta property=\"article:modified_time\" content=\"2026-03-28T10:36:39+00:00\" \/>\n<meta property=\"og:image\" content=\"https:\/\/xenonkungen.com\/wp-content\/uploads\/2025\/06\/162538711-origpic-9e01a1.png\" \/>\n\t<meta property=\"og:image:width\" content=\"1000\" \/>\n\t<meta property=\"og:image:height\" content=\"477\" \/>\n\t<meta property=\"og:image:type\" content=\"image\/png\" \/>\n<meta name=\"twitter:card\" content=\"summary_large_image\" \/>\n<meta name=\"twitter:label1\" content=\"Gesch\u00e4tzte Lesezeit\" \/>\n\t<meta name=\"twitter:data1\" content=\"1\u00a0Minute\" \/>\n<script type=\"application\/ld+json\" class=\"yoast-schema-graph\">{\"@context\":\"https:\/\/schema.org\",\"@graph\":[{\"@type\":\"WebPage\",\"@id\":\"https:\/\/xenonkungen.com\/produkt\/poppy-doftflaska-150ml\/\",\"url\":\"https:\/\/xenonkungen.com\/produkt\/poppy-doftflaska-150ml\/\",\"name\":\"Poppy Doftflaska 150ml - Xenonkungen\",\"isPartOf\":{\"@id\":\"https:\/\/xenonkungen.com\/#website\"},\"primaryImageOfPage\":{\"@id\":\"https:\/\/xenonkungen.com\/produkt\/poppy-doftflaska-150ml\/#primaryimage\"},\"image\":{\"@id\":\"https:\/\/xenonkungen.com\/produkt\/poppy-doftflaska-150ml\/#primaryimage\"},\"thumbnailUrl\":\"https:\/\/xenonkungen.com\/wp-content\/uploads\/2025\/06\/162538711-origpic-9e01a1.png\",\"datePublished\":\"2025-06-23T13:52:10+00:00\",\"dateModified\":\"2026-03-28T10:36:39+00:00\",\"breadcrumb\":{\"@id\":\"https:\/\/xenonkungen.com\/produkt\/poppy-doftflaska-150ml\/#breadcrumb\"},\"inLanguage\":\"de\",\"potentialAction\":[{\"@type\":\"ReadAction\",\"target\":[\"https:\/\/xenonkungen.com\/produkt\/poppy-doftflaska-150ml\/\"]}]},{\"@type\":\"ImageObject\",\"inLanguage\":\"de\",\"@id\":\"https:\/\/xenonkungen.com\/produkt\/poppy-doftflaska-150ml\/#primaryimage\",\"url\":\"https:\/\/xenonkungen.com\/wp-content\/uploads\/2025\/06\/162538711-origpic-9e01a1.png\",\"contentUrl\":\"https:\/\/xenonkungen.com\/wp-content\/uploads\/2025\/06\/162538711-origpic-9e01a1.png\",\"width\":1000,\"height\":477},{\"@type\":\"BreadcrumbList\",\"@id\":\"https:\/\/xenonkungen.com\/produkt\/poppy-doftflaska-150ml\/#breadcrumb\",\"itemListElement\":[{\"@type\":\"ListItem\",\"position\":1,\"name\":\"Hem\",\"item\":\"https:\/\/xenonkungen.com\/\"},{\"@type\":\"ListItem\",\"position\":2,\"name\":\"Shop\",\"item\":\"https:\/\/xenonkungen.com\/shop\/\"},{\"@type\":\"ListItem\",\"position\":3,\"name\":\"Poppy Doftflaska 150ml\"}]},{\"@type\":\"WebSite\",\"@id\":\"https:\/\/xenonkungen.com\/#website\",\"url\":\"https:\/\/xenonkungen.com\/\",\"name\":\"Xenonkungen\",\"description\":\"\",\"potentialAction\":[{\"@type\":\"SearchAction\",\"target\":{\"@type\":\"EntryPoint\",\"urlTemplate\":\"https:\/\/xenonkungen.com\/?s={search_term_string}\"},\"query-input\":{\"@type\":\"PropertyValueSpecification\",\"valueRequired\":true,\"valueName\":\"search_term_string\"}}],\"inLanguage\":\"de\"}]}<\/script>\n<!-- \/ Yoast SEO plugin. -->","yoast_head_json":{"title":"Poppy Duftflasche 150ml - The Xenon King","robots":{"index":"index","follow":"follow","max-snippet":"max-snippet:-1","max-image-preview":"max-image-preview:large","max-video-preview":"max-video-preview:-1"},"canonical":"https:\/\/xenonkungen.com\/de\/produkt\/mohnduftflasche-150-ml\/","og_locale":"de_DE","og_type":"article","og_title":"Poppy Doftflaska 150ml - Xenonkungen","og_description":"Poppy Originalet fr\u00e5n Grace Mate i Japan. Poppy har l\u00e4nge varit favoriten f\u00f6r doft i bilar och lastbilar. V\u00e4lj intensiteten p\u00e5 doften genom att snurra p\u00e5 den st\u00e4llbara vridkorken. Monteras enkelt med hj\u00e4lp av den medf\u00f6ljande dubbelh\u00e4ftande tejpen. Finns \u00e4ven en RGB platta man kan k\u00f6pa till som ger lite extra st\u00e4mningsfull belysning.","og_url":"https:\/\/xenonkungen.com\/de\/produkt\/mohnduftflasche-150-ml\/","og_site_name":"Xenonkungen","article_modified_time":"2026-03-28T10:36:39+00:00","og_image":[{"width":1000,"height":477,"url":"https:\/\/xenonkungen.com\/wp-content\/uploads\/2025\/06\/162538711-origpic-9e01a1.png","type":"image\/png"}],"twitter_card":"summary_large_image","twitter_misc":{"Gesch\u00e4tzte Lesezeit":"1\u00a0Minute"},"schema":{"@context":"https:\/\/schema.org","@graph":[{"@type":"WebPage","@id":"https:\/\/xenonkungen.com\/produkt\/poppy-doftflaska-150ml\/","url":"https:\/\/xenonkungen.com\/produkt\/poppy-doftflaska-150ml\/","name":"Poppy Duftflasche 150ml - The Xenon King","isPartOf":{"@id":"https:\/\/xenonkungen.com\/#website"},"primaryImageOfPage":{"@id":"https:\/\/xenonkungen.com\/produkt\/poppy-doftflaska-150ml\/#primaryimage"},"image":{"@id":"https:\/\/xenonkungen.com\/produkt\/poppy-doftflaska-150ml\/#primaryimage"},"thumbnailUrl":"https:\/\/xenonkungen.com\/wp-content\/uploads\/2025\/06\/162538711-origpic-9e01a1.png","datePublished":"2025-06-23T13:52:10+00:00","dateModified":"2026-03-28T10:36:39+00:00","breadcrumb":{"@id":"https:\/\/xenonkungen.com\/produkt\/poppy-doftflaska-150ml\/#breadcrumb"},"inLanguage":"de","potentialAction":[{"@type":"ReadAction","target":["https:\/\/xenonkungen.com\/produkt\/poppy-doftflaska-150ml\/"]}]},{"@type":"ImageObject","inLanguage":"de","@id":"https:\/\/xenonkungen.com\/produkt\/poppy-doftflaska-150ml\/#primaryimage","url":"https:\/\/xenonkungen.com\/wp-content\/uploads\/2025\/06\/162538711-origpic-9e01a1.png","contentUrl":"https:\/\/xenonkungen.com\/wp-content\/uploads\/2025\/06\/162538711-origpic-9e01a1.png","width":1000,"height":477},{"@type":"BreadcrumbList","@id":"https:\/\/xenonkungen.com\/produkt\/poppy-doftflaska-150ml\/#breadcrumb","itemListElement":[{"@type":"ListItem","position":1,"name":"Hem","item":"https:\/\/xenonkungen.com\/"},{"@type":"ListItem","position":2,"name":"Shop","item":"https:\/\/xenonkungen.com\/shop\/"},{"@type":"ListItem","position":3,"name":"Poppy Doftflaska 150ml"}]},{"@type":"WebSite","@id":"https:\/\/xenonkungen.com\/#website","url":"https:\/\/xenonkungen.com\/","name":"Xenonkungen","description":"","potentialAction":[{"@type":"SearchAction","target":{"@type":"EntryPoint","urlTemplate":"https:\/\/xenonkungen.com\/?s={search_term_string}"},"query-input":{"@type":"PropertyValueSpecification","valueRequired":true,"valueName":"search_term_string"}}],"inLanguage":"de"}]}},"taxonomy_info":{"product_brand":[{"value":110,"label":"Poppy"}],"product_cat":[{"value":2447,"label":"Doft"},{"value":378,"label":"Bilv\u00e5rd"}],"pa_storlek-mm":[{"value":2431,"label":"90x95x95"}]},"featured_image_src_large":["https:\/\/xenonkungen.com\/wp-content\/uploads\/2025\/06\/162538711-origpic-9e01a1.png",1000,477,false],"author_info":[],"comment_info":0,"_links":{"self":[{"href":"https:\/\/xenonkungen.com\/de\/wp-json\/wp\/v2\/product\/11771","targetHints":{"allow":["GET"]}}],"collection":[{"href":"https:\/\/xenonkungen.com\/de\/wp-json\/wp\/v2\/product"}],"about":[{"href":"https:\/\/xenonkungen.com\/de\/wp-json\/wp\/v2\/types\/product"}],"replies":[{"embeddable":true,"href":"https:\/\/xenonkungen.com\/de\/wp-json\/wp\/v2\/comments?post=11771"}],"wp:featuredmedia":[{"embeddable":true,"href":"https:\/\/xenonkungen.com\/de\/wp-json\/wp\/v2\/media\/11166"}],"wp:attachment":[{"href":"https:\/\/xenonkungen.com\/de\/wp-json\/wp\/v2\/media?parent=11771"}],"wp:term":[{"taxonomy":"anvandningsomrade","embeddable":true,"href":"https:\/\/xenonkungen.com\/de\/wp-json\/wp\/v2\/anvandningsomrade?post=11771"},{"taxonomy":"bilmarken","embeddable":true,"href":"https:\/\/xenonkungen.com\/de\/wp-json\/wp\/v2\/bilmarken?post=11771"},{"taxonomy":"product_brand","embeddable":true,"href":"https:\/\/xenonkungen.com\/de\/wp-json\/wp\/v2\/product_brand?post=11771"},{"taxonomy":"product_cat","embeddable":true,"href":"https:\/\/xenonkungen.com\/de\/wp-json\/wp\/v2\/product_cat?post=11771"},{"taxonomy":"product_tag","embeddable":true,"href":"https:\/\/xenonkungen.com\/de\/wp-json\/wp\/v2\/product_tag?post=11771"}],"curies":[{"name":"wp","href":"https:\/\/api.w.org\/{rel}","templated":true}]}}