{"id":11798,"date":"2025-06-23T13:52:22","date_gmt":"2025-06-23T13:52:22","guid":{"rendered":"https:\/\/xenonkungen.com\/produkt\/luxtar-ledramp-x6-black-edition-60w\/"},"modified":"2026-04-10T23:49:47","modified_gmt":"2026-04-10T22:49:47","slug":"luxtar-led-rampe-x6-black-edition-60w","status":"publish","type":"product","link":"https:\/\/xenonkungen.com\/de\/produkt\/luxtar-led-rampe-x6-black-edition-60w\/","title":{"rendered":"LUXTAR\u00ae Ledramp X6 Schwarze Ausgabe 60W <21cm>"},"content":{"rendered":"<h2><strong>LUXTAR\u00ae LED-Rampe X6 Black Edition<\/strong><\/h2>\n<p>Die Luxtar\u00ae LED-Lichtleisten der X-Serie zeichnen sich durch ein einzigartiges Design mit seitlich angebrachten Diodenlampen aus, die f\u00fcr eine verbesserte Leistung sorgen. Die Black Edition ist ideal f\u00fcr alle, die Wert auf Stil und Leistung legen.<\/p>\n<p><strong>Theoretische Werte der LED-Rampe <\/strong><br \/>\n60 W &amp; 3.718 Lumen<\/p>\n<p>Die Luxtar LED-Rampe X6 hat eine theoretische Leistung von 60 W und eine Lichtst\u00e4rke von 3.718 Lumen. Beim Vergleich mit anderen Modellen auf dem Markt sollten Sie diese Faktoren ber\u00fccksichtigen.<\/p>\n<p><strong>Tats\u00e4chliche Werte der LED-Rampe <\/strong><br \/>\n43 W &amp; 3.032 Lumen<\/p>\n<p>Der tats\u00e4chliche Ausgangswert von 43 Watt und 3.032 Lumen kann mit der Helligkeit einer 2,5-Halogenlampe verglichen werden (55 W haben einen Lichtwert von ungef\u00e4hr 1.000 Lumen \u00b1 200 lm).<\/p>\n<p><strong>Gr\u00f6\u00dfe<\/strong><br \/>\n21 cm<\/p>\n<p><strong>Spannungen<\/strong><br \/>\n10-32<\/p>\n<p><strong>Bereiche der Nutzung<\/strong><br \/>\nPkw | ATV | UTV | Schneemobil<\/p>\n<p><strong>Wahl des Reflektors \/ Lichtmusters der LED-Rampe<\/strong><br \/>\nSpot &amp; Fahren<\/p>\n<p>Spot: Optimiert f\u00fcr maximale Reichweite, enge Lichtverteilung<br \/>\nFahren: Optimiert f\u00fcr breites Lichtmuster mit reduzierter Reichweite<\/p>\n<p>Spot - Geeignet f\u00fcr diejenigen, die Wert auf die Reichweite des Lichts legen, oder bei h\u00f6heren Geschwindigkeiten, wo der Fokus nat\u00fcrlich auf gr\u00f6\u00dferen Entfernungen liegt.<\/p>\n<p>Fernlicht - Auch Fernlicht genannt, ist f\u00fcr diejenigen geeignet, die ein breites Licht f\u00fcr eine bessere seitliche Sicht suchen.<\/p>","protected":false},"excerpt":{"rendered":"<p><i>Die Luxtar\u00ae X6 Black Edition hat eine Lichtst\u00e4rke von 3.032 Lumen und ist 21 cm lang; das entspricht etwa 2,5 Halogenlampen mit 55 W | 1.000 Lumen (+-200 lm). <\/i><\/p>","protected":false},"featured_media":11223,"comment_status":"closed","ping_status":"closed","template":"","meta":{"_acf_changed":false,"_smort_price_nok":"828","_smort_price_dkk":"811","_smort_price_eur":"108.63","_smort_sale_price_nok":"","_smort_sale_price_dkk":"","_smort_sale_price_eur":"","smort_restorder":"","shipmondo_restorder":"","_kad_blocks_custom_css":"","_kad_blocks_head_custom_js":"","_kad_blocks_body_custom_js":"","_kad_blocks_footer_custom_js":"","smort_custom_pricelist_1":"764.8","smort_custom_pricelist_2":"621.4","smort_custom_pricelist_3":"590.33","smort_custom_pricelist_4":"956","smort_custom_pricelist_5":"621.4"},"anvandningsomrade":[],"bilmarken":[],"product_brand":[103],"product_cat":[2966,2539,2826,2822,2824,2541,2160,1402],"product_tag":[],"class_list":{"0":"post-11798","1":"product","2":"type-product","3":"status-publish","4":"has-post-thumbnail","6":"product_brand-luxtar","7":"product_cat-ledramp-rak","8":"product_cat-ledramper","9":"product_cat-luxtar","10":"product_cat-luxtar-arbetsljus","11":"product_cat-luxtar-ledramper","12":"product_cat-luxtar-x-serie-black-ledramper","13":"product_cat-luxtar-x-serie-black","14":"product_cat-outlet","15":"pa_faktisk-effekts-forbrukning-2348","16":"pa_fuktskydd-varde-ipxx-ip68","17":"pa_godkannande-ce-emc-rohs","18":"pa_lampsockel-kontakt-dt","19":"pa_led-chips-effekt-w-694","20":"pa_ljusbild-driving","21":"pa_ljusbild-spot","22":"pa_storlek-mm-210x63x85","23":"pa_stromforbrukning-18a-24v","24":"pa_stromforbrukning-32a-137v","25":"pa_volt-v-multivolt-9-12-14-18-24-28-32","27":"first","28":"instock","29":"taxable","30":"shipping-taxable","31":"purchasable","32":"product-type-variable"},"bundled_by":[],"bundle_stock_status":"instock","bundle_stock_quantity":9,"bundle_virtual":false,"bundle_layout":"","bundle_add_to_cart_form_location":"","bundle_editable_in_cart":false,"bundle_sold_individually_context":"","bundle_item_grouping":"","bundle_min_size":"","bundle_max_size":"","bundle_price":[],"bundled_items":[],"bundle_sell_ids":[],"acf":[],"yoast_head":"<!-- This site is optimized with the Yoast SEO plugin v27.0 - https:\/\/yoast.com\/product\/yoast-seo-wordpress\/ -->\n<title>LUXTAR\u00ae Ledramp X6 Black Edition 60W  - Xenonkungen<\/title>\n<meta name=\"robots\" content=\"index, follow, max-snippet:-1, max-image-preview:large, max-video-preview:-1\" \/>\n<link rel=\"canonical\" href=\"https:\/\/xenonkungen.com\/de\/produkt\/luxtar-led-rampe-x6-black-edition-60w\/\" \/>\n<meta property=\"og:locale\" content=\"de_DE\" \/>\n<meta property=\"og:type\" content=\"article\" \/>\n<meta property=\"og:title\" content=\"LUXTAR\u00ae Ledramp X6 Black Edition 60W  - Xenonkungen\" \/>\n<meta property=\"og:description\" content=\"Luxtar\u00ae X6 Black Edition har en ljusintensitet p\u00e5 3 032 faktiska lumen och \u00e4r 21 cm, i v\u00e4rde kan detta j\u00e4mf\u00f6ras med ca 2.5 halogenlampor p\u00e5 55w | 1 000 Lumen (+-200 lm).\" \/>\n<meta property=\"og:url\" content=\"https:\/\/xenonkungen.com\/de\/produkt\/luxtar-led-rampe-x6-black-edition-60w\/\" \/>\n<meta property=\"og:site_name\" content=\"Xenonkungen\" \/>\n<meta property=\"article:modified_time\" content=\"2026-04-10T22:49:47+00:00\" \/>\n<meta property=\"og:image\" content=\"https:\/\/xenonkungen.com\/wp-content\/uploads\/2025\/06\/184973501-origpic-4e943a.png\" \/>\n\t<meta property=\"og:image:width\" content=\"1000\" \/>\n\t<meta property=\"og:image:height\" content=\"626\" \/>\n\t<meta property=\"og:image:type\" content=\"image\/png\" \/>\n<meta name=\"twitter:card\" content=\"summary_large_image\" \/>\n<meta name=\"twitter:label1\" content=\"Gesch\u00e4tzte Lesezeit\" \/>\n\t<meta name=\"twitter:data1\" content=\"1\u00a0Minute\" \/>\n<script type=\"application\/ld+json\" class=\"yoast-schema-graph\">{\"@context\":\"https:\/\/schema.org\",\"@graph\":[{\"@type\":\"WebPage\",\"@id\":\"https:\/\/xenonkungen.com\/produkt\/luxtar-ledramp-x6-black-edition-60w\/\",\"url\":\"https:\/\/xenonkungen.com\/produkt\/luxtar-ledramp-x6-black-edition-60w\/\",\"name\":\"LUXTAR\u00ae Ledramp X6 Black Edition 60W - Xenonkungen\",\"isPartOf\":{\"@id\":\"https:\/\/xenonkungen.com\/#website\"},\"primaryImageOfPage\":{\"@id\":\"https:\/\/xenonkungen.com\/produkt\/luxtar-ledramp-x6-black-edition-60w\/#primaryimage\"},\"image\":{\"@id\":\"https:\/\/xenonkungen.com\/produkt\/luxtar-ledramp-x6-black-edition-60w\/#primaryimage\"},\"thumbnailUrl\":\"https:\/\/xenonkungen.com\/wp-content\/uploads\/2025\/06\/184973501-origpic-4e943a.png\",\"datePublished\":\"2025-06-23T13:52:22+00:00\",\"dateModified\":\"2026-04-10T22:49:47+00:00\",\"breadcrumb\":{\"@id\":\"https:\/\/xenonkungen.com\/produkt\/luxtar-ledramp-x6-black-edition-60w\/#breadcrumb\"},\"inLanguage\":\"de\",\"potentialAction\":[{\"@type\":\"ReadAction\",\"target\":[\"https:\/\/xenonkungen.com\/produkt\/luxtar-ledramp-x6-black-edition-60w\/\"]}]},{\"@type\":\"ImageObject\",\"inLanguage\":\"de\",\"@id\":\"https:\/\/xenonkungen.com\/produkt\/luxtar-ledramp-x6-black-edition-60w\/#primaryimage\",\"url\":\"https:\/\/xenonkungen.com\/wp-content\/uploads\/2025\/06\/184973501-origpic-4e943a.png\",\"contentUrl\":\"https:\/\/xenonkungen.com\/wp-content\/uploads\/2025\/06\/184973501-origpic-4e943a.png\",\"width\":1000,\"height\":626},{\"@type\":\"BreadcrumbList\",\"@id\":\"https:\/\/xenonkungen.com\/produkt\/luxtar-ledramp-x6-black-edition-60w\/#breadcrumb\",\"itemListElement\":[{\"@type\":\"ListItem\",\"position\":1,\"name\":\"Hem\",\"item\":\"https:\/\/xenonkungen.com\/\"},{\"@type\":\"ListItem\",\"position\":2,\"name\":\"Shop\",\"item\":\"https:\/\/xenonkungen.com\/shop\/\"},{\"@type\":\"ListItem\",\"position\":3,\"name\":\"LUXTAR\u00ae Ledramp X6 Black Edition 60W\"}]},{\"@type\":\"WebSite\",\"@id\":\"https:\/\/xenonkungen.com\/#website\",\"url\":\"https:\/\/xenonkungen.com\/\",\"name\":\"Xenonkungen\",\"description\":\"\",\"potentialAction\":[{\"@type\":\"SearchAction\",\"target\":{\"@type\":\"EntryPoint\",\"urlTemplate\":\"https:\/\/xenonkungen.com\/?s={search_term_string}\"},\"query-input\":{\"@type\":\"PropertyValueSpecification\",\"valueRequired\":true,\"valueName\":\"search_term_string\"}}],\"inLanguage\":\"de\"}]}<\/script>\n<!-- \/ Yoast SEO plugin. -->","yoast_head_json":{"title":"LUXTAR\u00ae LED-Rampe X6 Black Edition 60W \u2013 Der Xenon-K\u00f6nig","robots":{"index":"index","follow":"follow","max-snippet":"max-snippet:-1","max-image-preview":"max-image-preview:large","max-video-preview":"max-video-preview:-1"},"canonical":"https:\/\/xenonkungen.com\/de\/produkt\/luxtar-led-rampe-x6-black-edition-60w\/","og_locale":"de_DE","og_type":"article","og_title":"LUXTAR\u00ae Ledramp X6 Black Edition 60W  - Xenonkungen","og_description":"Luxtar\u00ae X6 Black Edition har en ljusintensitet p\u00e5 3 032 faktiska lumen och \u00e4r 21 cm, i v\u00e4rde kan detta j\u00e4mf\u00f6ras med ca 2.5 halogenlampor p\u00e5 55w | 1 000 Lumen (+-200 lm).","og_url":"https:\/\/xenonkungen.com\/de\/produkt\/luxtar-led-rampe-x6-black-edition-60w\/","og_site_name":"Xenonkungen","article_modified_time":"2026-04-10T22:49:47+00:00","og_image":[{"width":1000,"height":626,"url":"https:\/\/xenonkungen.com\/wp-content\/uploads\/2025\/06\/184973501-origpic-4e943a.png","type":"image\/png"}],"twitter_card":"summary_large_image","twitter_misc":{"Gesch\u00e4tzte Lesezeit":"1\u00a0Minute"},"schema":{"@context":"https:\/\/schema.org","@graph":[{"@type":"WebPage","@id":"https:\/\/xenonkungen.com\/produkt\/luxtar-ledramp-x6-black-edition-60w\/","url":"https:\/\/xenonkungen.com\/produkt\/luxtar-ledramp-x6-black-edition-60w\/","name":"LUXTAR\u00ae LED-Rampe X6 Black Edition 60W \u2013 Der Xenon-K\u00f6nig","isPartOf":{"@id":"https:\/\/xenonkungen.com\/#website"},"primaryImageOfPage":{"@id":"https:\/\/xenonkungen.com\/produkt\/luxtar-ledramp-x6-black-edition-60w\/#primaryimage"},"image":{"@id":"https:\/\/xenonkungen.com\/produkt\/luxtar-ledramp-x6-black-edition-60w\/#primaryimage"},"thumbnailUrl":"https:\/\/xenonkungen.com\/wp-content\/uploads\/2025\/06\/184973501-origpic-4e943a.png","datePublished":"2025-06-23T13:52:22+00:00","dateModified":"2026-04-10T22:49:47+00:00","breadcrumb":{"@id":"https:\/\/xenonkungen.com\/produkt\/luxtar-ledramp-x6-black-edition-60w\/#breadcrumb"},"inLanguage":"de","potentialAction":[{"@type":"ReadAction","target":["https:\/\/xenonkungen.com\/produkt\/luxtar-ledramp-x6-black-edition-60w\/"]}]},{"@type":"ImageObject","inLanguage":"de","@id":"https:\/\/xenonkungen.com\/produkt\/luxtar-ledramp-x6-black-edition-60w\/#primaryimage","url":"https:\/\/xenonkungen.com\/wp-content\/uploads\/2025\/06\/184973501-origpic-4e943a.png","contentUrl":"https:\/\/xenonkungen.com\/wp-content\/uploads\/2025\/06\/184973501-origpic-4e943a.png","width":1000,"height":626},{"@type":"BreadcrumbList","@id":"https:\/\/xenonkungen.com\/produkt\/luxtar-ledramp-x6-black-edition-60w\/#breadcrumb","itemListElement":[{"@type":"ListItem","position":1,"name":"Hem","item":"https:\/\/xenonkungen.com\/"},{"@type":"ListItem","position":2,"name":"Shop","item":"https:\/\/xenonkungen.com\/shop\/"},{"@type":"ListItem","position":3,"name":"LUXTAR\u00ae Ledramp X6 Black Edition 60W"}]},{"@type":"WebSite","@id":"https:\/\/xenonkungen.com\/#website","url":"https:\/\/xenonkungen.com\/","name":"Xenonkungen","description":"","potentialAction":[{"@type":"SearchAction","target":{"@type":"EntryPoint","urlTemplate":"https:\/\/xenonkungen.com\/?s={search_term_string}"},"query-input":{"@type":"PropertyValueSpecification","valueRequired":true,"valueName":"search_term_string"}}],"inLanguage":"de"}]}},"taxonomy_info":{"product_brand":[{"value":103,"label":"LUXTAR"}],"product_cat":[{"value":2966,"label":"Ledramp Rak"},{"value":2539,"label":"LEDRAMPER"},{"value":2826,"label":"LUXTAR"},{"value":2822,"label":"Luxtar - Arbetsljus"},{"value":2824,"label":"Luxtar - Ledramper"},{"value":2541,"label":"Luxtar X-Serie Black"},{"value":2160,"label":"LUXTAR X-serie Black"},{"value":1402,"label":"Outlet"}],"pa_faktisk-effekts-forbrukning":[{"value":2348,"label":"43,2"}],"pa_fuktskydd-varde-ipxx":[{"value":177,"label":"IP68"}],"pa_godkannande":[{"value":325,"label":"CE, EMC, RoHS"}],"pa_lampsockel-kontakt":[{"value":329,"label":"DT"}],"pa_led-chips-effekt-w":[{"value":694,"label":"60"}],"pa_ljusbild":[{"value":178,"label":"Driving"},{"value":1177,"label":"Spot"}],"pa_storlek-mm":[{"value":2432,"label":"210x63x85"}],"pa_stromforbrukning":[{"value":2350,"label":"1,8A @24V"},{"value":2349,"label":"3,2A @13,7V"}],"pa_volt-v":[{"value":321,"label":"Multivolt, 9, 12, 14, 18, 24, 28, 32"}]},"featured_image_src_large":["https:\/\/xenonkungen.com\/wp-content\/uploads\/2025\/06\/184973501-origpic-4e943a.png",1000,626,false],"author_info":[],"comment_info":0,"_links":{"self":[{"href":"https:\/\/xenonkungen.com\/de\/wp-json\/wp\/v2\/product\/11798","targetHints":{"allow":["GET"]}}],"collection":[{"href":"https:\/\/xenonkungen.com\/de\/wp-json\/wp\/v2\/product"}],"about":[{"href":"https:\/\/xenonkungen.com\/de\/wp-json\/wp\/v2\/types\/product"}],"replies":[{"embeddable":true,"href":"https:\/\/xenonkungen.com\/de\/wp-json\/wp\/v2\/comments?post=11798"}],"wp:featuredmedia":[{"embeddable":true,"href":"https:\/\/xenonkungen.com\/de\/wp-json\/wp\/v2\/media\/11223"}],"wp:attachment":[{"href":"https:\/\/xenonkungen.com\/de\/wp-json\/wp\/v2\/media?parent=11798"}],"wp:term":[{"taxonomy":"anvandningsomrade","embeddable":true,"href":"https:\/\/xenonkungen.com\/de\/wp-json\/wp\/v2\/anvandningsomrade?post=11798"},{"taxonomy":"bilmarken","embeddable":true,"href":"https:\/\/xenonkungen.com\/de\/wp-json\/wp\/v2\/bilmarken?post=11798"},{"taxonomy":"product_brand","embeddable":true,"href":"https:\/\/xenonkungen.com\/de\/wp-json\/wp\/v2\/product_brand?post=11798"},{"taxonomy":"product_cat","embeddable":true,"href":"https:\/\/xenonkungen.com\/de\/wp-json\/wp\/v2\/product_cat?post=11798"},{"taxonomy":"product_tag","embeddable":true,"href":"https:\/\/xenonkungen.com\/de\/wp-json\/wp\/v2\/product_tag?post=11798"}],"curies":[{"name":"wp","href":"https:\/\/api.w.org\/{rel}","templated":true}]}}