{"id":11801,"date":"2025-06-23T13:52:22","date_gmt":"2025-06-23T13:52:22","guid":{"rendered":"https:\/\/xenonkungen.com\/produkt\/luxtar-ledramp-x8-black-edition-80w\/"},"modified":"2026-05-11T15:11:45","modified_gmt":"2026-05-11T14:11:45","slug":"luxtar-led-ramp-x8-black-edition-80w","status":"publish","type":"product","link":"https:\/\/xenonkungen.com\/de\/produkt\/luxtar-led-ramp-x8-black-edition-80w\/","title":{"rendered":"LUXTAR\u00ae Ledramp X8 Schwarze Ausgabe 80W <26cm>"},"content":{"rendered":"<h2><strong>Luxtar\u00ae X8 Black Edition<\/strong><\/h2>\n<p>Die Luxtar X-Serie ist mit seitlich montierten Diodenlampen ausgestattet. Dadurch entsteht ein einzigartiges Aussehen, das die Leistung erh\u00f6ht. Die Black Edition bietet ein dezentes Design.<\/p>\n<p>Die Luxtar X8 Black Edition ist ideal f\u00fcr alle, die Stil und Leistung in einem suchen. Dank ihrer kompakten Gr\u00f6\u00dfe eignet sie sich perfekt f\u00fcr die Montage im K\u00fchlergrill Ihres Fahrzeugs.<\/p>\n<p><strong>Theoretische Werte der Led-Rampe <\/strong><br \/>\n80 W &amp; 4.884 Lumen<\/p>\n<p>Die Luxtar LED-Rampe X8 hat eine theoretische Leistung von 80 W und 4.884 Lumen. Beim Vergleich mit anderen Modellen auf dem Markt sollten Sie diese Faktoren ber\u00fccksichtigen.<\/p>\n<p><strong>Tats\u00e4chliche Werte der LED-Rampe <\/strong><br \/>\n58,8 W &amp; 4.008 Lumen<\/p>\n<p>Vergleicht man die tats\u00e4chliche Ausgangsleistung von 58,8 Watt und 4.008 Lumen, so entspricht dies drei Halogenlampen mit je 55 Watt, die einen Lichtstrom von etwa 1.000 Lumen (+-200lm) erzeugen.<\/p>\n<p><strong>Gr\u00f6\u00dfe<\/strong><br \/>\n26 cm<\/p>\n<p><strong>Spannungen<\/strong><br \/>\n10-32<\/p>\n<p><strong>Bereiche der Nutzung<\/strong><br \/>\nPkw | Nutzfahrzeug | Transporter | Lkw | Pickup-Truck<\/p>\n<p><strong>Wahl des Reflektors \/ Lichtmusters der LED-Rampe<\/strong><br \/>\nSpot &amp; Fahren<\/p>\n<p>Spot: Optimiert f\u00fcr maximale Reichweite, enge Lichtverteilung<\/p>\n<p>Fahren: Optimiert f\u00fcr breites Lichtmuster mit reduzierter Reichweite<\/p>\n<p>Spot - Geeignet f\u00fcr diejenigen, die Wert auf die Reichweite des Lichts legen, oder bei h\u00f6heren Geschwindigkeiten, wo der Fokus nat\u00fcrlich auf gr\u00f6\u00dferen Entfernungen liegt.<\/p>\n<p>Fernlicht - Auch Fernlicht genannt, ist f\u00fcr diejenigen geeignet, die ein breites Licht f\u00fcr eine bessere seitliche Sicht suchen.<\/p>","protected":false},"excerpt":{"rendered":"<p><b>LUXTAR\u00ae LED-Flutlicht X8 Black Edition 80W, 4008 Lumen &lt;26cm&gt;<\/b><\/p>","protected":false},"featured_media":11230,"comment_status":"closed","ping_status":"closed","template":"","meta":{"_acf_changed":false,"_smort_price_nok":"1041","_smort_price_dkk":"1014","_smort_price_eur":"135.9","_smort_sale_price_nok":"","_smort_sale_price_dkk":"","_smort_sale_price_eur":"","smort_restorder":"","shipmondo_restorder":"","_kad_blocks_custom_css":"","_kad_blocks_head_custom_js":"","_kad_blocks_body_custom_js":"","_kad_blocks_footer_custom_js":"","smort_custom_pricelist_1":"956.8","smort_custom_pricelist_2":"777.4","smort_custom_pricelist_3":"738.53","smort_custom_pricelist_4":"1196","smort_custom_pricelist_5":"777.4"},"anvandningsomrade":[],"bilmarken":[],"product_brand":[103],"product_cat":[2966,2539,2826,2541,2160,1402],"product_tag":[],"class_list":{"0":"post-11801","1":"product","2":"type-product","3":"status-publish","4":"has-post-thumbnail","6":"product_brand-luxtar","7":"product_cat-ledramp-rak","8":"product_cat-ledramper","9":"product_cat-luxtar","10":"product_cat-luxtar-x-serie-black-ledramper","11":"product_cat-luxtar-x-serie-black","12":"product_cat-outlet","13":"pa_faktisk-effekts-forbrukning-2352","14":"pa_fuktskydd-varde-ipxx-ip68","15":"pa_godkannande-ce-emc-rohs","16":"pa_lampsockel-kontakt-dt","17":"pa_led-chips-effekt-w-1017","18":"pa_ljusbild-driving","19":"pa_ljusbild-spot","20":"pa_storlek-mm-260x63x85","21":"pa_stromforbrukning-245a-24v","22":"pa_stromforbrukning-43a-137v","23":"pa_volt-v-multivolt-9-12-14-18-24-28-32","25":"first","26":"instock","27":"taxable","28":"shipping-taxable","29":"purchasable","30":"product-type-variable"},"bundled_by":[],"bundle_stock_status":"instock","bundle_stock_quantity":8,"bundle_virtual":false,"bundle_layout":"","bundle_add_to_cart_form_location":"","bundle_editable_in_cart":false,"bundle_sold_individually_context":"","bundle_item_grouping":"","bundle_min_size":"","bundle_max_size":"","bundle_price":[],"bundled_items":[],"bundle_sell_ids":[],"acf":[],"yoast_head":"<!-- This site is optimized with the Yoast SEO plugin v27.0 - https:\/\/yoast.com\/product\/yoast-seo-wordpress\/ -->\n<title>LUXTAR\u00ae Ledramp X8 Black Edition 80W  - Xenonkungen<\/title>\n<meta name=\"robots\" content=\"index, follow, max-snippet:-1, max-image-preview:large, max-video-preview:-1\" \/>\n<link rel=\"canonical\" href=\"https:\/\/xenonkungen.com\/de\/produkt\/luxtar-led-ramp-x8-black-edition-80w\/\" \/>\n<meta property=\"og:locale\" content=\"de_DE\" \/>\n<meta property=\"og:type\" content=\"article\" \/>\n<meta property=\"og:title\" content=\"LUXTAR\u00ae Ledramp X8 Black Edition 80W  - Xenonkungen\" \/>\n<meta property=\"og:description\" content=\"LUXTAR\u00ae Ledramp X8 Black Edition 80W, 4008 riktiga lumen &lt;26cm&gt;\" \/>\n<meta property=\"og:url\" content=\"https:\/\/xenonkungen.com\/de\/produkt\/luxtar-led-ramp-x8-black-edition-80w\/\" \/>\n<meta property=\"og:site_name\" content=\"Xenonkungen\" \/>\n<meta property=\"article:modified_time\" content=\"2026-05-11T14:11:45+00:00\" \/>\n<meta property=\"og:image\" content=\"https:\/\/xenonkungen.com\/wp-content\/uploads\/2025\/06\/184973459-origpic-c3f607.png\" \/>\n\t<meta property=\"og:image:width\" content=\"1000\" \/>\n\t<meta property=\"og:image:height\" content=\"730\" \/>\n\t<meta property=\"og:image:type\" content=\"image\/png\" \/>\n<meta name=\"twitter:card\" content=\"summary_large_image\" \/>\n<meta name=\"twitter:label1\" content=\"Gesch\u00e4tzte Lesezeit\" \/>\n\t<meta name=\"twitter:data1\" content=\"1\u00a0Minute\" \/>\n<script type=\"application\/ld+json\" class=\"yoast-schema-graph\">{\"@context\":\"https:\/\/schema.org\",\"@graph\":[{\"@type\":\"WebPage\",\"@id\":\"https:\/\/xenonkungen.com\/produkt\/luxtar-ledramp-x8-black-edition-80w\/\",\"url\":\"https:\/\/xenonkungen.com\/produkt\/luxtar-ledramp-x8-black-edition-80w\/\",\"name\":\"LUXTAR\u00ae Ledramp X8 Black Edition 80W - Xenonkungen\",\"isPartOf\":{\"@id\":\"https:\/\/xenonkungen.com\/#website\"},\"primaryImageOfPage\":{\"@id\":\"https:\/\/xenonkungen.com\/produkt\/luxtar-ledramp-x8-black-edition-80w\/#primaryimage\"},\"image\":{\"@id\":\"https:\/\/xenonkungen.com\/produkt\/luxtar-ledramp-x8-black-edition-80w\/#primaryimage\"},\"thumbnailUrl\":\"https:\/\/xenonkungen.com\/wp-content\/uploads\/2025\/06\/184973459-origpic-c3f607.png\",\"datePublished\":\"2025-06-23T13:52:22+00:00\",\"dateModified\":\"2026-05-11T14:11:45+00:00\",\"breadcrumb\":{\"@id\":\"https:\/\/xenonkungen.com\/produkt\/luxtar-ledramp-x8-black-edition-80w\/#breadcrumb\"},\"inLanguage\":\"de\",\"potentialAction\":[{\"@type\":\"ReadAction\",\"target\":[\"https:\/\/xenonkungen.com\/produkt\/luxtar-ledramp-x8-black-edition-80w\/\"]}]},{\"@type\":\"ImageObject\",\"inLanguage\":\"de\",\"@id\":\"https:\/\/xenonkungen.com\/produkt\/luxtar-ledramp-x8-black-edition-80w\/#primaryimage\",\"url\":\"https:\/\/xenonkungen.com\/wp-content\/uploads\/2025\/06\/184973459-origpic-c3f607.png\",\"contentUrl\":\"https:\/\/xenonkungen.com\/wp-content\/uploads\/2025\/06\/184973459-origpic-c3f607.png\",\"width\":1000,\"height\":730},{\"@type\":\"BreadcrumbList\",\"@id\":\"https:\/\/xenonkungen.com\/produkt\/luxtar-ledramp-x8-black-edition-80w\/#breadcrumb\",\"itemListElement\":[{\"@type\":\"ListItem\",\"position\":1,\"name\":\"Hem\",\"item\":\"https:\/\/xenonkungen.com\/\"},{\"@type\":\"ListItem\",\"position\":2,\"name\":\"Shop\",\"item\":\"https:\/\/xenonkungen.com\/shop\/\"},{\"@type\":\"ListItem\",\"position\":3,\"name\":\"LUXTAR\u00ae Ledramp X8 Black Edition 80W\"}]},{\"@type\":\"WebSite\",\"@id\":\"https:\/\/xenonkungen.com\/#website\",\"url\":\"https:\/\/xenonkungen.com\/\",\"name\":\"Xenonkungen\",\"description\":\"\",\"potentialAction\":[{\"@type\":\"SearchAction\",\"target\":{\"@type\":\"EntryPoint\",\"urlTemplate\":\"https:\/\/xenonkungen.com\/?s={search_term_string}\"},\"query-input\":{\"@type\":\"PropertyValueSpecification\",\"valueRequired\":true,\"valueName\":\"search_term_string\"}}],\"inLanguage\":\"de\"}]}<\/script>\n<!-- \/ Yoast SEO plugin. -->","yoast_head_json":{"title":"LUXTAR\u00ae LED-Rampe X8 Black Edition 80W \u2013 Der Xenon-K\u00f6nig","robots":{"index":"index","follow":"follow","max-snippet":"max-snippet:-1","max-image-preview":"max-image-preview:large","max-video-preview":"max-video-preview:-1"},"canonical":"https:\/\/xenonkungen.com\/de\/produkt\/luxtar-led-ramp-x8-black-edition-80w\/","og_locale":"de_DE","og_type":"article","og_title":"LUXTAR\u00ae Ledramp X8 Black Edition 80W  - Xenonkungen","og_description":"LUXTAR\u00ae Ledramp X8 Black Edition 80W, 4008 riktiga lumen &lt;26cm&gt;","og_url":"https:\/\/xenonkungen.com\/de\/produkt\/luxtar-led-ramp-x8-black-edition-80w\/","og_site_name":"Xenonkungen","article_modified_time":"2026-05-11T14:11:45+00:00","og_image":[{"width":1000,"height":730,"url":"https:\/\/xenonkungen.com\/wp-content\/uploads\/2025\/06\/184973459-origpic-c3f607.png","type":"image\/png"}],"twitter_card":"summary_large_image","twitter_misc":{"Gesch\u00e4tzte Lesezeit":"1\u00a0Minute"},"schema":{"@context":"https:\/\/schema.org","@graph":[{"@type":"WebPage","@id":"https:\/\/xenonkungen.com\/produkt\/luxtar-ledramp-x8-black-edition-80w\/","url":"https:\/\/xenonkungen.com\/produkt\/luxtar-ledramp-x8-black-edition-80w\/","name":"LUXTAR\u00ae LED-Rampe X8 Black Edition 80W \u2013 Der Xenon-K\u00f6nig","isPartOf":{"@id":"https:\/\/xenonkungen.com\/#website"},"primaryImageOfPage":{"@id":"https:\/\/xenonkungen.com\/produkt\/luxtar-ledramp-x8-black-edition-80w\/#primaryimage"},"image":{"@id":"https:\/\/xenonkungen.com\/produkt\/luxtar-ledramp-x8-black-edition-80w\/#primaryimage"},"thumbnailUrl":"https:\/\/xenonkungen.com\/wp-content\/uploads\/2025\/06\/184973459-origpic-c3f607.png","datePublished":"2025-06-23T13:52:22+00:00","dateModified":"2026-05-11T14:11:45+00:00","breadcrumb":{"@id":"https:\/\/xenonkungen.com\/produkt\/luxtar-ledramp-x8-black-edition-80w\/#breadcrumb"},"inLanguage":"de","potentialAction":[{"@type":"ReadAction","target":["https:\/\/xenonkungen.com\/produkt\/luxtar-ledramp-x8-black-edition-80w\/"]}]},{"@type":"ImageObject","inLanguage":"de","@id":"https:\/\/xenonkungen.com\/produkt\/luxtar-ledramp-x8-black-edition-80w\/#primaryimage","url":"https:\/\/xenonkungen.com\/wp-content\/uploads\/2025\/06\/184973459-origpic-c3f607.png","contentUrl":"https:\/\/xenonkungen.com\/wp-content\/uploads\/2025\/06\/184973459-origpic-c3f607.png","width":1000,"height":730},{"@type":"BreadcrumbList","@id":"https:\/\/xenonkungen.com\/produkt\/luxtar-ledramp-x8-black-edition-80w\/#breadcrumb","itemListElement":[{"@type":"ListItem","position":1,"name":"Hem","item":"https:\/\/xenonkungen.com\/"},{"@type":"ListItem","position":2,"name":"Shop","item":"https:\/\/xenonkungen.com\/shop\/"},{"@type":"ListItem","position":3,"name":"LUXTAR\u00ae Ledramp X8 Black Edition 80W"}]},{"@type":"WebSite","@id":"https:\/\/xenonkungen.com\/#website","url":"https:\/\/xenonkungen.com\/","name":"Xenonkungen","description":"","potentialAction":[{"@type":"SearchAction","target":{"@type":"EntryPoint","urlTemplate":"https:\/\/xenonkungen.com\/?s={search_term_string}"},"query-input":{"@type":"PropertyValueSpecification","valueRequired":true,"valueName":"search_term_string"}}],"inLanguage":"de"}]}},"taxonomy_info":{"product_brand":[{"value":103,"label":"LUXTAR"}],"product_cat":[{"value":2966,"label":"Ledramp Rak"},{"value":2539,"label":"LEDRAMPER"},{"value":2826,"label":"LUXTAR"},{"value":2541,"label":"Luxtar X-Serie Black"},{"value":2160,"label":"LUXTAR X-serie B"},{"value":1402,"label":"Outlet"}],"pa_faktisk-effekts-forbrukning":[{"value":2352,"label":"58,8"}],"pa_fuktskydd-varde-ipxx":[{"value":177,"label":"IP68"}],"pa_godkannande":[{"value":325,"label":"CE, EMC, RoHS"}],"pa_lampsockel-kontakt":[{"value":329,"label":"DT"}],"pa_led-chips-effekt-w":[{"value":1017,"label":"80"}],"pa_ljusbild":[{"value":178,"label":"Driving"},{"value":1177,"label":"Spot"}],"pa_storlek-mm":[{"value":2433,"label":"260x63x85"}],"pa_stromforbrukning":[{"value":2354,"label":"2,45A @24V"},{"value":2353,"label":"4,3A @13,7V"}],"pa_volt-v":[{"value":321,"label":"Multivolt, 9, 12, 14, 18, 24, 28, 32"}]},"featured_image_src_large":["https:\/\/xenonkungen.com\/wp-content\/uploads\/2025\/06\/184973459-origpic-c3f607.png",1000,730,false],"author_info":[],"comment_info":0,"_links":{"self":[{"href":"https:\/\/xenonkungen.com\/de\/wp-json\/wp\/v2\/product\/11801","targetHints":{"allow":["GET"]}}],"collection":[{"href":"https:\/\/xenonkungen.com\/de\/wp-json\/wp\/v2\/product"}],"about":[{"href":"https:\/\/xenonkungen.com\/de\/wp-json\/wp\/v2\/types\/product"}],"replies":[{"embeddable":true,"href":"https:\/\/xenonkungen.com\/de\/wp-json\/wp\/v2\/comments?post=11801"}],"wp:featuredmedia":[{"embeddable":true,"href":"https:\/\/xenonkungen.com\/de\/wp-json\/wp\/v2\/media\/11230"}],"wp:attachment":[{"href":"https:\/\/xenonkungen.com\/de\/wp-json\/wp\/v2\/media?parent=11801"}],"wp:term":[{"taxonomy":"anvandningsomrade","embeddable":true,"href":"https:\/\/xenonkungen.com\/de\/wp-json\/wp\/v2\/anvandningsomrade?post=11801"},{"taxonomy":"bilmarken","embeddable":true,"href":"https:\/\/xenonkungen.com\/de\/wp-json\/wp\/v2\/bilmarken?post=11801"},{"taxonomy":"product_brand","embeddable":true,"href":"https:\/\/xenonkungen.com\/de\/wp-json\/wp\/v2\/product_brand?post=11801"},{"taxonomy":"product_cat","embeddable":true,"href":"https:\/\/xenonkungen.com\/de\/wp-json\/wp\/v2\/product_cat?post=11801"},{"taxonomy":"product_tag","embeddable":true,"href":"https:\/\/xenonkungen.com\/de\/wp-json\/wp\/v2\/product_tag?post=11801"}],"curies":[{"name":"wp","href":"https:\/\/api.w.org\/{rel}","templated":true}]}}