{"id":1181,"date":"2025-04-15T08:00:23","date_gmt":"2025-04-15T08:00:23","guid":{"rendered":"https:\/\/xenonkungen.com\/product\/torkduk-i-mikrofiber-30x40cm-400-gsm-lyx\/"},"modified":"2026-04-24T17:04:26","modified_gmt":"2026-04-24T16:04:26","slug":"mikrofasertuch-30x40cm-400-g-m%c2%b2-luxus","status":"publish","type":"product","link":"https:\/\/xenonkungen.com\/de\/produkt\/mikrofasertuch-30x40cm-400-g-m%c2%b2-luxus\/","title":{"rendered":"Mikrofasertuch 30x40cm | 400 GSM (LYX)"},"content":{"rendered":"<h1>Xenonkungen Mikrofaser-Trockentuch 30x40cm | 400 g\/m\u00b2 (LYX)<\/h1>\n<p>Entdecken Sie mit dem LYX-Mikrofasertuch von Xenon King das ultimative Reinigungstuch f\u00fcr Ihr Auto. Mit einer Gr\u00f6\u00dfe von 30 \u00d7 40 cm und einem Gewicht von 400 g\/m\u00b2 bietet dieses Reinigungstuch au\u00dfergew\u00f6hnliche Qualit\u00e4t und Leistung f\u00fcr die Au\u00dfen- und Innenreinigung.<\/p>\n<h2>Die Vorteile der Verwendung des Xenon King Mikrofasertuchs<\/h2>\n<ul>\n<li><strong>Optimale Trocknung:<\/strong> Dieses Mikrofasertuch eignet sich perfekt zum Abwischen aller Oberfl\u00e4chen Ihres Autos. Dank der Mikrofasertechnologie werden Schmutz, Staub und Wasser effektiv aufgenommen, ohne Streifen oder Kratzer zu hinterlassen.<\/li>\n<li><strong>Hohe Absorptionsf\u00e4higkeit:<\/strong> Mit einem Fl\u00e4chengewicht von 400 g\/m\u00b2 bietet das Tuch eine hervorragende Saugf\u00e4higkeit, sodass es gro\u00dfe Mengen Wasser und Schmutz aufnehmen kann, ohne schnell durchn\u00e4sst zu werden. Dadurch wird der Reinigungsprozess schneller und effizienter.<\/li>\n<li><strong>Vielseitig einsetzbar:<\/strong> Das Mikrofasertuch von Xenon King eignet sich ideal f\u00fcr Lackfl\u00e4chen und Innenr\u00e4ume. Es kann zum Abwischen von Fenstern, Armaturenbrettern, Sitzen und anderen Oberfl\u00e4chen verwendet werden, ohne diese zu besch\u00e4digen oder zu zerkratzen.<\/li>\n<li><strong>Langzeitbest\u00e4ndigkeit:<\/strong> Dieses aus hochwertiger Mikrofaser gefertigte Tuch ist besonders langlebig. Es kann in der Maschine gewaschen und viele Male wiederverwendet werden, ohne an Weichheit oder Reinigungskraft einzub\u00fc\u00dfen.<\/li>\n<li><strong>Schonend zu allen Oberfl\u00e4chen:<\/strong> Das Mikrofasertuch ist extrem weich und sanft und eignet sich daher ideal f\u00fcr empfindliche Oberfl\u00e4chen wie Autolack, Kunststoffteile und Bildschirme. Es hinterl\u00e4sst keine Fusseln oder Streifen und sorgt so jedes Mal f\u00fcr eine saubere und gl\u00e4nzende Oberfl\u00e4che.<\/li>\n<\/ul>\n<p>Mit dem Mikrofasertuch von Xenonkungen sieht Ihr Auto immer wie neu aus. Verw\u00f6hnen Sie Ihr Auto mit unserem Premium-Mikrofasertuch und erleben Sie den Unterschied in Reinigung und Ergebnis.<\/p>\n<p>Entdecken Sie noch heute unser LUXUS-Mikrofasertuch und g\u00f6nnen Sie Ihrem Auto die professionelle Pflege, die es verdient!<\/p>\n<p><span>Maschinenwaschbar, keinen Weichsp\u00fcler verwenden.<\/span><\/p>","protected":false},"excerpt":{"rendered":"<p>Xenonkungen Torkduk i Mikrofiber 30x40cm | 400 GSM (LYX) Uppt\u00e4ck den ultimata torkduken f\u00f6r din bil med Xenonkungens LYX-mikrofiberduk. Med en storlek p\u00e5 30&#215;40 cm och en vikt p\u00e5 400 GSM (gram per kvadratmeter) erbjuder denna torkduk exceptionell kvalitet och prestanda f\u00f6r b\u00e5de exteri\u00f6r och interi\u00f6r. F\u00f6rdelarna med att anv\u00e4nda Xenonkungens Mikrofiberduk Optimal torkning: Denna [&hellip;]<\/p>","protected":false},"featured_media":1182,"comment_status":"closed","ping_status":"open","template":"","meta":{"_acf_changed":false,"_smort_price_nok":"42","_smort_price_dkk":"26","_smort_price_eur":"3.55","_smort_sale_price_nok":"","_smort_sale_price_dkk":"","_smort_sale_price_eur":"","smort_restorder":"","shipmondo_restorder":"","_kad_blocks_custom_css":"","_kad_blocks_head_custom_js":"","_kad_blocks_body_custom_js":"","_kad_blocks_footer_custom_js":"","smort_custom_pricelist_1":"28.08","smort_custom_pricelist_2":"24.96","smort_custom_pricelist_3":"24.96","smort_custom_pricelist_4":"31.2","smort_custom_pricelist_5":"24.96"},"anvandningsomrade":[],"bilmarken":[],"product_brand":[2793],"product_cat":[2450,378],"product_tag":[],"class_list":{"0":"post-1181","1":"product","2":"type-product","3":"status-publish","4":"has-post-thumbnail","6":"product_brand-ovrigt","7":"product_cat-tillbehor-bilvard","8":"product_cat-bilvard","10":"first","11":"instock","12":"taxable","13":"shipping-taxable","14":"purchasable","15":"product-type-simple"},"bundled_by":["9676"],"bundle_stock_status":"instock","bundle_stock_quantity":126,"bundle_virtual":false,"bundle_layout":"","bundle_add_to_cart_form_location":"","bundle_editable_in_cart":false,"bundle_sold_individually_context":"","bundle_item_grouping":"","bundle_min_size":"","bundle_max_size":"","bundle_price":[],"bundled_items":[],"bundle_sell_ids":[],"acf":[],"yoast_head":"<!-- This site is optimized with the Yoast SEO plugin v27.0 - https:\/\/yoast.com\/product\/yoast-seo-wordpress\/ -->\n<title>Torkduk i mikrofiber 30x40cm | 400 GSM (LYX) - Xenonkungen<\/title>\n<meta name=\"robots\" content=\"index, follow, max-snippet:-1, max-image-preview:large, max-video-preview:-1\" \/>\n<link rel=\"canonical\" href=\"https:\/\/xenonkungen.com\/de\/produkt\/mikrofasertuch-30x40cm-400-g-m\u00b2-luxus\/\" \/>\n<meta property=\"og:locale\" content=\"de_DE\" \/>\n<meta property=\"og:type\" content=\"article\" \/>\n<meta property=\"og:title\" content=\"Torkduk i mikrofiber 30x40cm | 400 GSM (LYX) - Xenonkungen\" \/>\n<meta property=\"og:description\" content=\"Xenonkungen Torkduk i Mikrofiber 30x40cm | 400 GSM (LYX) Uppt\u00e4ck den ultimata torkduken f\u00f6r din bil med Xenonkungens LYX-mikrofiberduk. Med en storlek p\u00e5 30&#215;40 cm och en vikt p\u00e5 400 GSM (gram per kvadratmeter) erbjuder denna torkduk exceptionell kvalitet och prestanda f\u00f6r b\u00e5de exteri\u00f6r och interi\u00f6r. F\u00f6rdelarna med att anv\u00e4nda Xenonkungens Mikrofiberduk Optimal torkning: Denna [&hellip;]\" \/>\n<meta property=\"og:url\" content=\"https:\/\/xenonkungen.com\/de\/produkt\/mikrofasertuch-30x40cm-400-g-m\u00b2-luxus\/\" \/>\n<meta property=\"og:site_name\" content=\"Xenonkungen\" \/>\n<meta property=\"article:modified_time\" content=\"2026-04-24T16:04:26+00:00\" \/>\n<meta property=\"og:image\" content=\"https:\/\/xenonkungen.com\/wp-content\/uploads\/2025\/04\/195774113-origpic-06fd46.png\" \/>\n\t<meta property=\"og:image:width\" content=\"1000\" \/>\n\t<meta property=\"og:image:height\" content=\"1000\" \/>\n\t<meta property=\"og:image:type\" content=\"image\/png\" \/>\n<meta name=\"twitter:card\" content=\"summary_large_image\" \/>\n<meta name=\"twitter:label1\" content=\"Gesch\u00e4tzte Lesezeit\" \/>\n\t<meta name=\"twitter:data1\" content=\"2\u00a0Minuten\" \/>\n<script type=\"application\/ld+json\" class=\"yoast-schema-graph\">{\"@context\":\"https:\/\/schema.org\",\"@graph\":[{\"@type\":\"WebPage\",\"@id\":\"https:\/\/xenonkungen.com\/produkt\/torkduk-i-mikrofiber-30x40cm-400-gsm-lyx\/\",\"url\":\"https:\/\/xenonkungen.com\/produkt\/torkduk-i-mikrofiber-30x40cm-400-gsm-lyx\/\",\"name\":\"Torkduk i mikrofiber 30x40cm | 400 GSM (LYX) - Xenonkungen\",\"isPartOf\":{\"@id\":\"https:\/\/xenonkungen.com\/#website\"},\"primaryImageOfPage\":{\"@id\":\"https:\/\/xenonkungen.com\/produkt\/torkduk-i-mikrofiber-30x40cm-400-gsm-lyx\/#primaryimage\"},\"image\":{\"@id\":\"https:\/\/xenonkungen.com\/produkt\/torkduk-i-mikrofiber-30x40cm-400-gsm-lyx\/#primaryimage\"},\"thumbnailUrl\":\"https:\/\/xenonkungen.com\/wp-content\/uploads\/2025\/04\/195774113-origpic-06fd46.png\",\"datePublished\":\"2025-04-15T08:00:23+00:00\",\"dateModified\":\"2026-04-24T16:04:26+00:00\",\"breadcrumb\":{\"@id\":\"https:\/\/xenonkungen.com\/produkt\/torkduk-i-mikrofiber-30x40cm-400-gsm-lyx\/#breadcrumb\"},\"inLanguage\":\"de\",\"potentialAction\":[{\"@type\":\"ReadAction\",\"target\":[\"https:\/\/xenonkungen.com\/produkt\/torkduk-i-mikrofiber-30x40cm-400-gsm-lyx\/\"]}]},{\"@type\":\"ImageObject\",\"inLanguage\":\"de\",\"@id\":\"https:\/\/xenonkungen.com\/produkt\/torkduk-i-mikrofiber-30x40cm-400-gsm-lyx\/#primaryimage\",\"url\":\"https:\/\/xenonkungen.com\/wp-content\/uploads\/2025\/04\/195774113-origpic-06fd46.png\",\"contentUrl\":\"https:\/\/xenonkungen.com\/wp-content\/uploads\/2025\/04\/195774113-origpic-06fd46.png\",\"width\":1000,\"height\":1000},{\"@type\":\"BreadcrumbList\",\"@id\":\"https:\/\/xenonkungen.com\/produkt\/torkduk-i-mikrofiber-30x40cm-400-gsm-lyx\/#breadcrumb\",\"itemListElement\":[{\"@type\":\"ListItem\",\"position\":1,\"name\":\"Hem\",\"item\":\"https:\/\/xenonkungen.com\/\"},{\"@type\":\"ListItem\",\"position\":2,\"name\":\"Shop\",\"item\":\"https:\/\/xenonkungen.com\/shop\/\"},{\"@type\":\"ListItem\",\"position\":3,\"name\":\"Torkduk i mikrofiber 30x40cm | 400 GSM (LYX)\"}]},{\"@type\":\"WebSite\",\"@id\":\"https:\/\/xenonkungen.com\/#website\",\"url\":\"https:\/\/xenonkungen.com\/\",\"name\":\"Xenonkungen\",\"description\":\"\",\"potentialAction\":[{\"@type\":\"SearchAction\",\"target\":{\"@type\":\"EntryPoint\",\"urlTemplate\":\"https:\/\/xenonkungen.com\/?s={search_term_string}\"},\"query-input\":{\"@type\":\"PropertyValueSpecification\",\"valueRequired\":true,\"valueName\":\"search_term_string\"}}],\"inLanguage\":\"de\"}]}<\/script>\n<!-- \/ Yoast SEO plugin. -->","yoast_head_json":{"title":"Mikrofasertuch 30x40cm | 400 g\/m\u00b2 (LYX) - Xenonkungen","robots":{"index":"index","follow":"follow","max-snippet":"max-snippet:-1","max-image-preview":"max-image-preview:large","max-video-preview":"max-video-preview:-1"},"canonical":"https:\/\/xenonkungen.com\/de\/produkt\/mikrofasertuch-30x40cm-400-g-m\u00b2-luxus\/","og_locale":"de_DE","og_type":"article","og_title":"Torkduk i mikrofiber 30x40cm | 400 GSM (LYX) - Xenonkungen","og_description":"Xenonkungen Torkduk i Mikrofiber 30x40cm | 400 GSM (LYX) Uppt\u00e4ck den ultimata torkduken f\u00f6r din bil med Xenonkungens LYX-mikrofiberduk. Med en storlek p\u00e5 30&#215;40 cm och en vikt p\u00e5 400 GSM (gram per kvadratmeter) erbjuder denna torkduk exceptionell kvalitet och prestanda f\u00f6r b\u00e5de exteri\u00f6r och interi\u00f6r. F\u00f6rdelarna med att anv\u00e4nda Xenonkungens Mikrofiberduk Optimal torkning: Denna [&hellip;]","og_url":"https:\/\/xenonkungen.com\/de\/produkt\/mikrofasertuch-30x40cm-400-g-m\u00b2-luxus\/","og_site_name":"Xenonkungen","article_modified_time":"2026-04-24T16:04:26+00:00","og_image":[{"width":1000,"height":1000,"url":"https:\/\/xenonkungen.com\/wp-content\/uploads\/2025\/04\/195774113-origpic-06fd46.png","type":"image\/png"}],"twitter_card":"summary_large_image","twitter_misc":{"Gesch\u00e4tzte Lesezeit":"2\u00a0Minuten"},"schema":{"@context":"https:\/\/schema.org","@graph":[{"@type":"WebPage","@id":"https:\/\/xenonkungen.com\/produkt\/torkduk-i-mikrofiber-30x40cm-400-gsm-lyx\/","url":"https:\/\/xenonkungen.com\/produkt\/torkduk-i-mikrofiber-30x40cm-400-gsm-lyx\/","name":"Mikrofasertuch 30x40cm | 400 g\/m\u00b2 (LYX) - Xenonkungen","isPartOf":{"@id":"https:\/\/xenonkungen.com\/#website"},"primaryImageOfPage":{"@id":"https:\/\/xenonkungen.com\/produkt\/torkduk-i-mikrofiber-30x40cm-400-gsm-lyx\/#primaryimage"},"image":{"@id":"https:\/\/xenonkungen.com\/produkt\/torkduk-i-mikrofiber-30x40cm-400-gsm-lyx\/#primaryimage"},"thumbnailUrl":"https:\/\/xenonkungen.com\/wp-content\/uploads\/2025\/04\/195774113-origpic-06fd46.png","datePublished":"2025-04-15T08:00:23+00:00","dateModified":"2026-04-24T16:04:26+00:00","breadcrumb":{"@id":"https:\/\/xenonkungen.com\/produkt\/torkduk-i-mikrofiber-30x40cm-400-gsm-lyx\/#breadcrumb"},"inLanguage":"de","potentialAction":[{"@type":"ReadAction","target":["https:\/\/xenonkungen.com\/produkt\/torkduk-i-mikrofiber-30x40cm-400-gsm-lyx\/"]}]},{"@type":"ImageObject","inLanguage":"de","@id":"https:\/\/xenonkungen.com\/produkt\/torkduk-i-mikrofiber-30x40cm-400-gsm-lyx\/#primaryimage","url":"https:\/\/xenonkungen.com\/wp-content\/uploads\/2025\/04\/195774113-origpic-06fd46.png","contentUrl":"https:\/\/xenonkungen.com\/wp-content\/uploads\/2025\/04\/195774113-origpic-06fd46.png","width":1000,"height":1000},{"@type":"BreadcrumbList","@id":"https:\/\/xenonkungen.com\/produkt\/torkduk-i-mikrofiber-30x40cm-400-gsm-lyx\/#breadcrumb","itemListElement":[{"@type":"ListItem","position":1,"name":"Hem","item":"https:\/\/xenonkungen.com\/"},{"@type":"ListItem","position":2,"name":"Shop","item":"https:\/\/xenonkungen.com\/shop\/"},{"@type":"ListItem","position":3,"name":"Torkduk i mikrofiber 30x40cm | 400 GSM (LYX)"}]},{"@type":"WebSite","@id":"https:\/\/xenonkungen.com\/#website","url":"https:\/\/xenonkungen.com\/","name":"Xenonkungen","description":"","potentialAction":[{"@type":"SearchAction","target":{"@type":"EntryPoint","urlTemplate":"https:\/\/xenonkungen.com\/?s={search_term_string}"},"query-input":{"@type":"PropertyValueSpecification","valueRequired":true,"valueName":"search_term_string"}}],"inLanguage":"de"}]}},"taxonomy_info":{"product_brand":[{"value":2793,"label":"\u00d6VRIGT"}],"product_cat":[{"value":2450,"label":"6 | Tillbeh\u00f6r"},{"value":378,"label":"Bilv\u00e5rd"}]},"featured_image_src_large":["https:\/\/xenonkungen.com\/wp-content\/uploads\/2025\/04\/195774113-origpic-06fd46.png",1000,1000,false],"author_info":[],"comment_info":0,"_links":{"self":[{"href":"https:\/\/xenonkungen.com\/de\/wp-json\/wp\/v2\/product\/1181","targetHints":{"allow":["GET"]}}],"collection":[{"href":"https:\/\/xenonkungen.com\/de\/wp-json\/wp\/v2\/product"}],"about":[{"href":"https:\/\/xenonkungen.com\/de\/wp-json\/wp\/v2\/types\/product"}],"replies":[{"embeddable":true,"href":"https:\/\/xenonkungen.com\/de\/wp-json\/wp\/v2\/comments?post=1181"}],"wp:featuredmedia":[{"embeddable":true,"href":"https:\/\/xenonkungen.com\/de\/wp-json\/wp\/v2\/media\/1182"}],"wp:attachment":[{"href":"https:\/\/xenonkungen.com\/de\/wp-json\/wp\/v2\/media?parent=1181"}],"wp:term":[{"taxonomy":"anvandningsomrade","embeddable":true,"href":"https:\/\/xenonkungen.com\/de\/wp-json\/wp\/v2\/anvandningsomrade?post=1181"},{"taxonomy":"bilmarken","embeddable":true,"href":"https:\/\/xenonkungen.com\/de\/wp-json\/wp\/v2\/bilmarken?post=1181"},{"taxonomy":"product_brand","embeddable":true,"href":"https:\/\/xenonkungen.com\/de\/wp-json\/wp\/v2\/product_brand?post=1181"},{"taxonomy":"product_cat","embeddable":true,"href":"https:\/\/xenonkungen.com\/de\/wp-json\/wp\/v2\/product_cat?post=1181"},{"taxonomy":"product_tag","embeddable":true,"href":"https:\/\/xenonkungen.com\/de\/wp-json\/wp\/v2\/product_tag?post=1181"}],"curies":[{"name":"wp","href":"https:\/\/api.w.org\/{rel}","templated":true}]}}