{"id":11813,"date":"2025-06-23T13:52:27","date_gmt":"2025-06-23T13:52:27","guid":{"rendered":"https:\/\/xenonkungen.com\/produkt\/luxtar-ledramp-x18-black-edition-180w\/"},"modified":"2026-04-10T23:50:15","modified_gmt":"2026-04-10T22:50:15","slug":"luxtar-led-ramp-x18-black-edition-180w","status":"publish","type":"product","link":"https:\/\/xenonkungen.com\/de\/produkt\/luxtar-led-ramp-x18-black-edition-180w\/","title":{"rendered":"LUXTAR\u00ae Ledramp X18 Schwarze Ausgabe 180W <52cm>"},"content":{"rendered":"<h2><strong>LUXTAR\u00ae LED-Rampe X18 Schwarz Edition<\/strong><\/h2>\n<p>Die LED-Rampen der Luxtar\u00ae X-Serie zeichnen sich durch ein einzigartiges Design mit seitlich angebrachten Diodenlampen aus, die f\u00fcr eine verbesserte Leistung sorgen. Die Black Edition ist ideal f\u00fcr diejenigen, die das Beste aus beiden Welten wollen: Stil und Leistung.<\/p>\n<p><strong>Theoretische Werte der LED-Rampe <\/strong><br \/>\n180 W &amp; 10 450 Lumen<\/p>\n<p>Die Luxtar Led Rampe X 18 hat einen theoretischen Wert von 180 W und 10.450 Lumen. Wenn Sie andere Optionen auf dem Markt vergleichen, sollten Sie diese Faktoren im Auge behalten.<\/p>\n<p><strong>Tats\u00e4chliche Werte der LED-Rampe <\/strong><br \/>\n132 W &amp; 9 019 Lumen<\/p>\n<p>Vergleicht man die tats\u00e4chliche Leistung von 132 Watt und 9.019 Lumen, kann man sie mit 9 Halogenlampen vergleichen (55W hat einen Lichtwert von etwa 1.000 Lumen + 200lm).<\/p>\n<p><strong>Gr\u00f6\u00dfe<\/strong><br \/>\n52cm<\/p>\n<p><strong>Spannungen<\/strong><br \/>\n10-32<\/p>\n<p><strong>Bereiche der Nutzung<\/strong><br \/>\nPkw | Nutzfahrzeug | Transporter | Lkw | Pickup-Truck<\/p>\n<p><strong>Wahl des Reflektors \/ Lichtmusters der LED-Rampe<\/strong><br \/>\nSpot &amp; Fahren<\/p>\n<p>Spot: Optimiert f\u00fcr maximale Reichweite, enge Lichtverteilung<br \/>\nFahren: Optimiert f\u00fcr breites Lichtmuster mit reduzierter Reichweite<\/p>\n<p>Spot - Geeignet f\u00fcr diejenigen, die Wert auf die Reichweite des Lichts legen, oder bei h\u00f6heren Geschwindigkeiten, wo der Fokus nat\u00fcrlich auf gr\u00f6\u00dferen Entfernungen liegt.<\/p>\n<p>Fernlicht - Auch Fernlicht genannt, ist f\u00fcr diejenigen geeignet, die ein breites Licht f\u00fcr eine bessere seitliche Sicht suchen.<\/p>","protected":false},"excerpt":{"rendered":"<p><i>Luxtar\u00ae Ledramp X18 Black Edition hat eine Lichtst\u00e4rke von 9.019 Lumen und ist 51,8 cm lang, was eine unglaubliche Lichtleistung ergibt und mit 8-9 originalen Halogenlampen von 55w | 1.000 Lumen (+-200 lm) verglichen werden kann. <\/i><\/p>","protected":false},"featured_media":11258,"comment_status":"closed","ping_status":"closed","template":"","meta":{"_acf_changed":false,"_smort_price_nok":"3199","_smort_price_dkk":"2032","_smort_price_eur":"272.26","_smort_sale_price_nok":"","_smort_sale_price_dkk":"","_smort_sale_price_eur":"","smort_restorder":"","shipmondo_restorder":"","_kad_blocks_custom_css":"","_kad_blocks_head_custom_js":"","_kad_blocks_body_custom_js":"","_kad_blocks_footer_custom_js":"","smort_custom_pricelist_1":"1916.8","smort_custom_pricelist_2":"1557.4","smort_custom_pricelist_3":"1479.53","smort_custom_pricelist_4":"2396","smort_custom_pricelist_5":"1557.4"},"anvandningsomrade":[],"bilmarken":[],"product_brand":[103],"product_cat":[2966,2539,2826,2822,2824,2541,2160],"product_tag":[],"class_list":{"0":"post-11813","1":"product","2":"type-product","3":"status-publish","4":"has-post-thumbnail","6":"product_brand-luxtar","7":"product_cat-ledramp-rak","8":"product_cat-ledramper","9":"product_cat-luxtar","10":"product_cat-luxtar-arbetsljus","11":"product_cat-luxtar-ledramper","12":"product_cat-luxtar-x-serie-black-ledramper","13":"product_cat-luxtar-x-serie-black","14":"pa_faktisk-effekts-forbrukning-2277","15":"pa_fuktskydd-varde-ipxx-ip68","16":"pa_godkannande-ce-emc-rohs","17":"pa_lampsockel-kontakt-hb4-9006","18":"pa_led-chips-effekt-w-2364","19":"pa_ljusbild-driving","20":"pa_ljusbild-spot","21":"pa_storlek-mm-518x63x85","22":"pa_stromforbrukning-55a-24v","23":"pa_stromforbrukning-96a-137v","24":"pa_volt-v-multivolt-9-12-14-18-24-28-32","26":"first","27":"outofstock","28":"taxable","29":"shipping-taxable","30":"purchasable","31":"product-type-variable"},"bundled_by":[],"bundle_stock_status":"outofstock","bundle_stock_quantity":-59,"bundle_virtual":false,"bundle_layout":"","bundle_add_to_cart_form_location":"","bundle_editable_in_cart":false,"bundle_sold_individually_context":"","bundle_item_grouping":"","bundle_min_size":"","bundle_max_size":"","bundle_price":[],"bundled_items":[],"bundle_sell_ids":[],"acf":[],"yoast_head":"<!-- This site is optimized with the Yoast SEO plugin v27.0 - https:\/\/yoast.com\/product\/yoast-seo-wordpress\/ -->\n<title>LUXTAR\u00ae Ledramp X18 Black Edition 180W  - Xenonkungen<\/title>\n<meta name=\"robots\" content=\"index, follow, max-snippet:-1, max-image-preview:large, max-video-preview:-1\" \/>\n<link rel=\"canonical\" href=\"https:\/\/xenonkungen.com\/de\/produkt\/luxtar-led-ramp-x18-black-edition-180w\/\" \/>\n<meta property=\"og:locale\" content=\"de_DE\" \/>\n<meta property=\"og:type\" content=\"article\" \/>\n<meta property=\"og:title\" content=\"LUXTAR\u00ae Ledramp X18 Black Edition 180W  - Xenonkungen\" \/>\n<meta property=\"og:description\" content=\"Luxtar\u00ae Ledramp X18 Black Edition har en ljusintensitet p\u00e5 9 019 lumen och \u00e4r 51,8 cm, vilket ger en otrolig ljusbild och kan j\u00e4mf\u00f6ras med 8-9 original halogen p\u00e5 55w | 1 000 Lumen (+-200 lm).\" \/>\n<meta property=\"og:url\" content=\"https:\/\/xenonkungen.com\/de\/produkt\/luxtar-led-ramp-x18-black-edition-180w\/\" \/>\n<meta property=\"og:site_name\" content=\"Xenonkungen\" \/>\n<meta property=\"article:modified_time\" content=\"2026-04-10T22:50:15+00:00\" \/>\n<meta property=\"og:image\" content=\"https:\/\/xenonkungen.com\/wp-content\/uploads\/2025\/06\/184973357-origpic-fcb8e9.png\" \/>\n\t<meta property=\"og:image:width\" content=\"1000\" \/>\n\t<meta property=\"og:image:height\" content=\"712\" \/>\n\t<meta property=\"og:image:type\" content=\"image\/png\" \/>\n<meta name=\"twitter:card\" content=\"summary_large_image\" \/>\n<meta name=\"twitter:label1\" content=\"Gesch\u00e4tzte Lesezeit\" \/>\n\t<meta name=\"twitter:data1\" content=\"1\u00a0Minute\" \/>\n<script type=\"application\/ld+json\" class=\"yoast-schema-graph\">{\"@context\":\"https:\/\/schema.org\",\"@graph\":[{\"@type\":\"WebPage\",\"@id\":\"https:\/\/xenonkungen.com\/produkt\/luxtar-ledramp-x18-black-edition-180w\/\",\"url\":\"https:\/\/xenonkungen.com\/produkt\/luxtar-ledramp-x18-black-edition-180w\/\",\"name\":\"LUXTAR\u00ae Ledramp X18 Black Edition 180W - Xenonkungen\",\"isPartOf\":{\"@id\":\"https:\/\/xenonkungen.com\/#website\"},\"primaryImageOfPage\":{\"@id\":\"https:\/\/xenonkungen.com\/produkt\/luxtar-ledramp-x18-black-edition-180w\/#primaryimage\"},\"image\":{\"@id\":\"https:\/\/xenonkungen.com\/produkt\/luxtar-ledramp-x18-black-edition-180w\/#primaryimage\"},\"thumbnailUrl\":\"https:\/\/xenonkungen.com\/wp-content\/uploads\/2025\/06\/184973357-origpic-fcb8e9.png\",\"datePublished\":\"2025-06-23T13:52:27+00:00\",\"dateModified\":\"2026-04-10T22:50:15+00:00\",\"breadcrumb\":{\"@id\":\"https:\/\/xenonkungen.com\/produkt\/luxtar-ledramp-x18-black-edition-180w\/#breadcrumb\"},\"inLanguage\":\"de\",\"potentialAction\":[{\"@type\":\"ReadAction\",\"target\":[\"https:\/\/xenonkungen.com\/produkt\/luxtar-ledramp-x18-black-edition-180w\/\"]}]},{\"@type\":\"ImageObject\",\"inLanguage\":\"de\",\"@id\":\"https:\/\/xenonkungen.com\/produkt\/luxtar-ledramp-x18-black-edition-180w\/#primaryimage\",\"url\":\"https:\/\/xenonkungen.com\/wp-content\/uploads\/2025\/06\/184973357-origpic-fcb8e9.png\",\"contentUrl\":\"https:\/\/xenonkungen.com\/wp-content\/uploads\/2025\/06\/184973357-origpic-fcb8e9.png\",\"width\":1000,\"height\":712},{\"@type\":\"BreadcrumbList\",\"@id\":\"https:\/\/xenonkungen.com\/produkt\/luxtar-ledramp-x18-black-edition-180w\/#breadcrumb\",\"itemListElement\":[{\"@type\":\"ListItem\",\"position\":1,\"name\":\"Hem\",\"item\":\"https:\/\/xenonkungen.com\/\"},{\"@type\":\"ListItem\",\"position\":2,\"name\":\"Shop\",\"item\":\"https:\/\/xenonkungen.com\/shop\/\"},{\"@type\":\"ListItem\",\"position\":3,\"name\":\"LUXTAR\u00ae Ledramp X18 Black Edition 180W\"}]},{\"@type\":\"WebSite\",\"@id\":\"https:\/\/xenonkungen.com\/#website\",\"url\":\"https:\/\/xenonkungen.com\/\",\"name\":\"Xenonkungen\",\"description\":\"\",\"potentialAction\":[{\"@type\":\"SearchAction\",\"target\":{\"@type\":\"EntryPoint\",\"urlTemplate\":\"https:\/\/xenonkungen.com\/?s={search_term_string}\"},\"query-input\":{\"@type\":\"PropertyValueSpecification\",\"valueRequired\":true,\"valueName\":\"search_term_string\"}}],\"inLanguage\":\"de\"}]}<\/script>\n<!-- \/ Yoast SEO plugin. -->","yoast_head_json":{"title":"LUXTAR\u00ae LED-Rampe X18 Black Edition 180W \u2013 Der Xenon-K\u00f6nig","robots":{"index":"index","follow":"follow","max-snippet":"max-snippet:-1","max-image-preview":"max-image-preview:large","max-video-preview":"max-video-preview:-1"},"canonical":"https:\/\/xenonkungen.com\/de\/produkt\/luxtar-led-ramp-x18-black-edition-180w\/","og_locale":"de_DE","og_type":"article","og_title":"LUXTAR\u00ae Ledramp X18 Black Edition 180W  - Xenonkungen","og_description":"Luxtar\u00ae Ledramp X18 Black Edition har en ljusintensitet p\u00e5 9 019 lumen och \u00e4r 51,8 cm, vilket ger en otrolig ljusbild och kan j\u00e4mf\u00f6ras med 8-9 original halogen p\u00e5 55w | 1 000 Lumen (+-200 lm).","og_url":"https:\/\/xenonkungen.com\/de\/produkt\/luxtar-led-ramp-x18-black-edition-180w\/","og_site_name":"Xenonkungen","article_modified_time":"2026-04-10T22:50:15+00:00","og_image":[{"width":1000,"height":712,"url":"https:\/\/xenonkungen.com\/wp-content\/uploads\/2025\/06\/184973357-origpic-fcb8e9.png","type":"image\/png"}],"twitter_card":"summary_large_image","twitter_misc":{"Gesch\u00e4tzte Lesezeit":"1\u00a0Minute"},"schema":{"@context":"https:\/\/schema.org","@graph":[{"@type":"WebPage","@id":"https:\/\/xenonkungen.com\/produkt\/luxtar-ledramp-x18-black-edition-180w\/","url":"https:\/\/xenonkungen.com\/produkt\/luxtar-ledramp-x18-black-edition-180w\/","name":"LUXTAR\u00ae LED-Rampe X18 Black Edition 180W \u2013 Der Xenon-K\u00f6nig","isPartOf":{"@id":"https:\/\/xenonkungen.com\/#website"},"primaryImageOfPage":{"@id":"https:\/\/xenonkungen.com\/produkt\/luxtar-ledramp-x18-black-edition-180w\/#primaryimage"},"image":{"@id":"https:\/\/xenonkungen.com\/produkt\/luxtar-ledramp-x18-black-edition-180w\/#primaryimage"},"thumbnailUrl":"https:\/\/xenonkungen.com\/wp-content\/uploads\/2025\/06\/184973357-origpic-fcb8e9.png","datePublished":"2025-06-23T13:52:27+00:00","dateModified":"2026-04-10T22:50:15+00:00","breadcrumb":{"@id":"https:\/\/xenonkungen.com\/produkt\/luxtar-ledramp-x18-black-edition-180w\/#breadcrumb"},"inLanguage":"de","potentialAction":[{"@type":"ReadAction","target":["https:\/\/xenonkungen.com\/produkt\/luxtar-ledramp-x18-black-edition-180w\/"]}]},{"@type":"ImageObject","inLanguage":"de","@id":"https:\/\/xenonkungen.com\/produkt\/luxtar-ledramp-x18-black-edition-180w\/#primaryimage","url":"https:\/\/xenonkungen.com\/wp-content\/uploads\/2025\/06\/184973357-origpic-fcb8e9.png","contentUrl":"https:\/\/xenonkungen.com\/wp-content\/uploads\/2025\/06\/184973357-origpic-fcb8e9.png","width":1000,"height":712},{"@type":"BreadcrumbList","@id":"https:\/\/xenonkungen.com\/produkt\/luxtar-ledramp-x18-black-edition-180w\/#breadcrumb","itemListElement":[{"@type":"ListItem","position":1,"name":"Hem","item":"https:\/\/xenonkungen.com\/"},{"@type":"ListItem","position":2,"name":"Shop","item":"https:\/\/xenonkungen.com\/shop\/"},{"@type":"ListItem","position":3,"name":"LUXTAR\u00ae Ledramp X18 Black Edition 180W"}]},{"@type":"WebSite","@id":"https:\/\/xenonkungen.com\/#website","url":"https:\/\/xenonkungen.com\/","name":"Xenonkungen","description":"","potentialAction":[{"@type":"SearchAction","target":{"@type":"EntryPoint","urlTemplate":"https:\/\/xenonkungen.com\/?s={search_term_string}"},"query-input":{"@type":"PropertyValueSpecification","valueRequired":true,"valueName":"search_term_string"}}],"inLanguage":"de"}]}},"taxonomy_info":{"product_brand":[{"value":103,"label":"LUXTAR"}],"product_cat":[{"value":2966,"label":"Ledramp Rak"},{"value":2539,"label":"LEDRAMPER"},{"value":2826,"label":"LUXTAR"},{"value":2822,"label":"Luxtar - Arbetsljus"},{"value":2824,"label":"Luxtar - Ledramper"},{"value":2541,"label":"Luxtar X-Serie Black"},{"value":2160,"label":"LUXTAR X-serie Black"}],"pa_faktisk-effekts-forbrukning":[{"value":2277,"label":"132"}],"pa_fuktskydd-varde-ipxx":[{"value":177,"label":"IP68"}],"pa_godkannande":[{"value":325,"label":"CE, EMC, RoHS"}],"pa_lampsockel-kontakt":[{"value":328,"label":"HB4 , 9006"}],"pa_led-chips-effekt-w":[{"value":2364,"label":"180"}],"pa_ljusbild":[{"value":178,"label":"Driving"},{"value":1177,"label":"Spot"}],"pa_storlek-mm":[{"value":2412,"label":"518x63x85"}],"pa_stromforbrukning":[{"value":2214,"label":"5,5A @ 24V"},{"value":2365,"label":"9,6A @13,7V"}],"pa_volt-v":[{"value":321,"label":"Multivolt, 9, 12, 14, 18, 24, 28, 32"}]},"featured_image_src_large":["https:\/\/xenonkungen.com\/wp-content\/uploads\/2025\/06\/184973357-origpic-fcb8e9.png",1000,712,false],"author_info":[],"comment_info":1,"_links":{"self":[{"href":"https:\/\/xenonkungen.com\/de\/wp-json\/wp\/v2\/product\/11813","targetHints":{"allow":["GET"]}}],"collection":[{"href":"https:\/\/xenonkungen.com\/de\/wp-json\/wp\/v2\/product"}],"about":[{"href":"https:\/\/xenonkungen.com\/de\/wp-json\/wp\/v2\/types\/product"}],"replies":[{"embeddable":true,"href":"https:\/\/xenonkungen.com\/de\/wp-json\/wp\/v2\/comments?post=11813"}],"wp:featuredmedia":[{"embeddable":true,"href":"https:\/\/xenonkungen.com\/de\/wp-json\/wp\/v2\/media\/11258"}],"wp:attachment":[{"href":"https:\/\/xenonkungen.com\/de\/wp-json\/wp\/v2\/media?parent=11813"}],"wp:term":[{"taxonomy":"anvandningsomrade","embeddable":true,"href":"https:\/\/xenonkungen.com\/de\/wp-json\/wp\/v2\/anvandningsomrade?post=11813"},{"taxonomy":"bilmarken","embeddable":true,"href":"https:\/\/xenonkungen.com\/de\/wp-json\/wp\/v2\/bilmarken?post=11813"},{"taxonomy":"product_brand","embeddable":true,"href":"https:\/\/xenonkungen.com\/de\/wp-json\/wp\/v2\/product_brand?post=11813"},{"taxonomy":"product_cat","embeddable":true,"href":"https:\/\/xenonkungen.com\/de\/wp-json\/wp\/v2\/product_cat?post=11813"},{"taxonomy":"product_tag","embeddable":true,"href":"https:\/\/xenonkungen.com\/de\/wp-json\/wp\/v2\/product_tag?post=11813"}],"curies":[{"name":"wp","href":"https:\/\/api.w.org\/{rel}","templated":true}]}}