{"id":11822,"date":"2025-06-23T13:52:30","date_gmt":"2025-06-23T13:52:30","guid":{"rendered":"https:\/\/xenonkungen.com\/produkt\/luxtar-ledramp-x30-black-edition-300w\/"},"modified":"2026-04-10T23:50:31","modified_gmt":"2026-04-10T22:50:31","slug":"luxtar-led-ramp-x30-black-edition-300w","status":"publish","type":"product","link":"https:\/\/xenonkungen.com\/de\/produkt\/luxtar-led-ramp-x30-black-edition-300w\/","title":{"rendered":"LUXTAR\u00ae Ledramp X30 Schwarze Ausgabe 300W <83cm>"},"content":{"rendered":"<h2><strong>Luxtar X30 Black Edition<\/strong><\/h2>\n<p>Die Luxtar X-Series LED-Scheinwerfer verf\u00fcgen \u00fcber seitlich angebrachte LEDs f\u00fcr verbesserte Sichtbarkeit. Die Black Edition zeichnet sich zudem durch ein dezentes Design f\u00fcr eine ansprechendere Optik aus.<\/p>\n<p>Die Luxtar X30 Black Edition liefert beeindruckende 15.031 Lumen und kann in zwei verschiedenen Modellen mit Reflektoren bestellt werden: \u201eSpot\u201c und \u201eDriving\u201c.<\/p>\n<p><strong>Theoretische Werte der LED-Rampe<\/strong><br \/>\n300 W &amp; 30.000 Lumen<\/p>\n<p>Die Luxtar LED-Lichtleiste X 30 Black Edition hat eine theoretische Leistung von 300 W und eine Lichtst\u00e4rke von 30.000 Lumen. Diese Werte entsprechen Industriestandards und k\u00f6nnen von den tats\u00e4chlichen Werten abweichen.<\/p>\n<p><strong>Tats\u00e4chliche Werte der LED-Rampe<\/strong><br \/>\n222,4 W &amp; 15.031 Lumen<\/p>\n<p>Die tats\u00e4chliche Ausgangsleistung von 222,4 Watt und 15.031 Lumen entspricht mehr als dem 15-Fachen der Lichtausbeute einer 55-Watt-Halogenlampe (1000 Lumen \u00b1 200 lm).<\/p>\n<p>Halogen 55 W | 1000 Lumen* = 15-mal mehr Licht<br \/>\nXenon 35 W | 3200 Lumen* = 4-mal mehr Licht<br \/>\nXenon 50W | 4000 Lumen* = 3-mal mehr Licht<\/p>\n<p><strong>Gr\u00f6\u00dfe<\/strong><br \/>\n83 cm<\/p>\n<p><strong>Spannungen<\/strong><br \/>\n10-32<\/p>\n<p><strong>Wahl des Reflektors \/ Lichtmusters der LED-Rampe<\/strong><br \/>\nSpot &amp; Fahren<\/p>\n<p>Spot: Optimiert f\u00fcr maximale Reichweite, enge Lichtverteilung<br \/>\nFahren: Optimiert f\u00fcr breites Lichtmuster mit reduzierter Reichweite<\/p>\n<p>Die Luxtar\u00ae X30 LED-Rampe Black Edition besitzt keine E-Kennzeichnung, da sie weit \u00fcber dem Grenzwert f\u00fcr zugelassene Lampen leuchtet (siehe unten Alternativen f\u00fcr LED-Rampen mit E-Kennzeichnung).<\/p>\n<p><strong>Bereiche der Nutzung <\/strong><br \/>\nLkw | Pkw | Transporter | Pickup-Truck<\/p>","protected":false},"excerpt":{"rendered":"<p><i>Sind Sie auf der Suche nach guten Zusatzscheinwerfern f\u00fcr Ihr Auto, Ihren Lieferwagen, Ihren Lastwagen oder ein anderes Fahrzeug? <\/i><\/p>\n<p>Luxtar X30 LED-Leuchten bieten mehr als 12-mal so viel Licht wie eine 55-Watt-Halogenlampe.<\/p>","protected":false},"featured_media":11285,"comment_status":"closed","ping_status":"closed","template":"","meta":{"_acf_changed":false,"_smort_price_nok":"4588","_smort_price_dkk":"2914","_smort_price_eur":"390.44","_smort_sale_price_nok":"","_smort_sale_price_dkk":"","_smort_sale_price_eur":"","smort_restorder":"","shipmondo_restorder":"","_kad_blocks_custom_css":"","_kad_blocks_head_custom_js":"","_kad_blocks_body_custom_js":"","_kad_blocks_footer_custom_js":"","smort_custom_pricelist_1":"2748.8","smort_custom_pricelist_2":"2233.4","smort_custom_pricelist_3":"2121.73","smort_custom_pricelist_4":"3436","smort_custom_pricelist_5":"2233.4"},"anvandningsomrade":[],"bilmarken":[],"product_brand":[103],"product_cat":[2966,2539,2826,2822,2824,2541,2160],"product_tag":[],"class_list":{"0":"post-11822","1":"product","2":"type-product","3":"status-publish","4":"has-post-thumbnail","6":"product_brand-luxtar","7":"product_cat-ledramp-rak","8":"product_cat-ledramper","9":"product_cat-luxtar","10":"product_cat-luxtar-arbetsljus","11":"product_cat-luxtar-ledramper","12":"product_cat-luxtar-x-serie-black-ledramper","13":"product_cat-luxtar-x-serie-black","14":"pa_faktisk-effekts-forbrukning-2371","15":"pa_fuktskydd-varde-ipxx-ip68","16":"pa_godkannande-ce-emc-rohs","17":"pa_lampsockel-kontakt-hb4-9006","18":"pa_led-chips-effekt-w-152","19":"pa_ljusbild-driving","20":"pa_ljusbild-spot","21":"pa_storlek-mm-830x63x85","22":"pa_stromforbrukning-182a-137v","23":"pa_stromforbrukning-94a-24v","24":"pa_volt-v-multivolt-9-12-14-18-24-28-32","26":"first","27":"instock","28":"taxable","29":"shipping-taxable","30":"purchasable","31":"product-type-variable"},"bundled_by":[],"bundle_stock_status":"instock","bundle_stock_quantity":23,"bundle_virtual":false,"bundle_layout":"","bundle_add_to_cart_form_location":"","bundle_editable_in_cart":false,"bundle_sold_individually_context":"","bundle_item_grouping":"","bundle_min_size":"","bundle_max_size":"","bundle_price":[],"bundled_items":[],"bundle_sell_ids":[],"acf":[],"yoast_head":"<!-- This site is optimized with the Yoast SEO plugin v27.0 - https:\/\/yoast.com\/product\/yoast-seo-wordpress\/ -->\n<title>LUXTAR\u00ae Ledramp X30 Black Edition 300W  - Xenonkungen<\/title>\n<meta name=\"robots\" content=\"index, follow, max-snippet:-1, max-image-preview:large, max-video-preview:-1\" \/>\n<link rel=\"canonical\" href=\"https:\/\/xenonkungen.com\/de\/produkt\/luxtar-led-ramp-x30-black-edition-300w\/\" \/>\n<meta property=\"og:locale\" content=\"de_DE\" \/>\n<meta property=\"og:type\" content=\"article\" \/>\n<meta property=\"og:title\" content=\"LUXTAR\u00ae Ledramp X30 Black Edition 300W  - Xenonkungen\" \/>\n<meta property=\"og:description\" content=\"Letar du efter bra extraljus till personbil, transportbil, lastbil eller annat fordon?   Luxtar X30 Ledramper erbjuder mer \u00e4n 12 g\u00e5nger s\u00e5 mycket ljus som en 55watt halogen.\" \/>\n<meta property=\"og:url\" content=\"https:\/\/xenonkungen.com\/de\/produkt\/luxtar-led-ramp-x30-black-edition-300w\/\" \/>\n<meta property=\"og:site_name\" content=\"Xenonkungen\" \/>\n<meta property=\"article:modified_time\" content=\"2026-04-10T22:50:31+00:00\" \/>\n<meta property=\"og:image\" content=\"https:\/\/xenonkungen.com\/wp-content\/uploads\/2025\/06\/184973287-origpic-266741.png\" \/>\n\t<meta property=\"og:image:width\" content=\"1000\" \/>\n\t<meta property=\"og:image:height\" content=\"387\" \/>\n\t<meta property=\"og:image:type\" content=\"image\/png\" \/>\n<meta name=\"twitter:card\" content=\"summary_large_image\" \/>\n<meta name=\"twitter:label1\" content=\"Gesch\u00e4tzte Lesezeit\" \/>\n\t<meta name=\"twitter:data1\" content=\"1\u00a0Minute\" \/>\n<script type=\"application\/ld+json\" class=\"yoast-schema-graph\">{\"@context\":\"https:\/\/schema.org\",\"@graph\":[{\"@type\":\"WebPage\",\"@id\":\"https:\/\/xenonkungen.com\/produkt\/luxtar-ledramp-x30-black-edition-300w\/\",\"url\":\"https:\/\/xenonkungen.com\/produkt\/luxtar-ledramp-x30-black-edition-300w\/\",\"name\":\"LUXTAR\u00ae Ledramp X30 Black Edition 300W - Xenonkungen\",\"isPartOf\":{\"@id\":\"https:\/\/xenonkungen.com\/#website\"},\"primaryImageOfPage\":{\"@id\":\"https:\/\/xenonkungen.com\/produkt\/luxtar-ledramp-x30-black-edition-300w\/#primaryimage\"},\"image\":{\"@id\":\"https:\/\/xenonkungen.com\/produkt\/luxtar-ledramp-x30-black-edition-300w\/#primaryimage\"},\"thumbnailUrl\":\"https:\/\/xenonkungen.com\/wp-content\/uploads\/2025\/06\/184973287-origpic-266741.png\",\"datePublished\":\"2025-06-23T13:52:30+00:00\",\"dateModified\":\"2026-04-10T22:50:31+00:00\",\"breadcrumb\":{\"@id\":\"https:\/\/xenonkungen.com\/produkt\/luxtar-ledramp-x30-black-edition-300w\/#breadcrumb\"},\"inLanguage\":\"de\",\"potentialAction\":[{\"@type\":\"ReadAction\",\"target\":[\"https:\/\/xenonkungen.com\/produkt\/luxtar-ledramp-x30-black-edition-300w\/\"]}]},{\"@type\":\"ImageObject\",\"inLanguage\":\"de\",\"@id\":\"https:\/\/xenonkungen.com\/produkt\/luxtar-ledramp-x30-black-edition-300w\/#primaryimage\",\"url\":\"https:\/\/xenonkungen.com\/wp-content\/uploads\/2025\/06\/184973287-origpic-266741.png\",\"contentUrl\":\"https:\/\/xenonkungen.com\/wp-content\/uploads\/2025\/06\/184973287-origpic-266741.png\",\"width\":1000,\"height\":387},{\"@type\":\"BreadcrumbList\",\"@id\":\"https:\/\/xenonkungen.com\/produkt\/luxtar-ledramp-x30-black-edition-300w\/#breadcrumb\",\"itemListElement\":[{\"@type\":\"ListItem\",\"position\":1,\"name\":\"Hem\",\"item\":\"https:\/\/xenonkungen.com\/\"},{\"@type\":\"ListItem\",\"position\":2,\"name\":\"Shop\",\"item\":\"https:\/\/xenonkungen.com\/shop\/\"},{\"@type\":\"ListItem\",\"position\":3,\"name\":\"LUXTAR\u00ae Ledramp X30 Black Edition 300W\"}]},{\"@type\":\"WebSite\",\"@id\":\"https:\/\/xenonkungen.com\/#website\",\"url\":\"https:\/\/xenonkungen.com\/\",\"name\":\"Xenonkungen\",\"description\":\"\",\"potentialAction\":[{\"@type\":\"SearchAction\",\"target\":{\"@type\":\"EntryPoint\",\"urlTemplate\":\"https:\/\/xenonkungen.com\/?s={search_term_string}\"},\"query-input\":{\"@type\":\"PropertyValueSpecification\",\"valueRequired\":true,\"valueName\":\"search_term_string\"}}],\"inLanguage\":\"de\"}]}<\/script>\n<!-- \/ Yoast SEO plugin. -->","yoast_head_json":{"title":"LUXTAR\u00ae LED-Rampe X30 Black Edition 300W \u2013 Der Xenon-K\u00f6nig","robots":{"index":"index","follow":"follow","max-snippet":"max-snippet:-1","max-image-preview":"max-image-preview:large","max-video-preview":"max-video-preview:-1"},"canonical":"https:\/\/xenonkungen.com\/de\/produkt\/luxtar-led-ramp-x30-black-edition-300w\/","og_locale":"de_DE","og_type":"article","og_title":"LUXTAR\u00ae Ledramp X30 Black Edition 300W  - Xenonkungen","og_description":"Letar du efter bra extraljus till personbil, transportbil, lastbil eller annat fordon?   Luxtar X30 Ledramper erbjuder mer \u00e4n 12 g\u00e5nger s\u00e5 mycket ljus som en 55watt halogen.","og_url":"https:\/\/xenonkungen.com\/de\/produkt\/luxtar-led-ramp-x30-black-edition-300w\/","og_site_name":"Xenonkungen","article_modified_time":"2026-04-10T22:50:31+00:00","og_image":[{"width":1000,"height":387,"url":"https:\/\/xenonkungen.com\/wp-content\/uploads\/2025\/06\/184973287-origpic-266741.png","type":"image\/png"}],"twitter_card":"summary_large_image","twitter_misc":{"Gesch\u00e4tzte Lesezeit":"1\u00a0Minute"},"schema":{"@context":"https:\/\/schema.org","@graph":[{"@type":"WebPage","@id":"https:\/\/xenonkungen.com\/produkt\/luxtar-ledramp-x30-black-edition-300w\/","url":"https:\/\/xenonkungen.com\/produkt\/luxtar-ledramp-x30-black-edition-300w\/","name":"LUXTAR\u00ae LED-Rampe X30 Black Edition 300W \u2013 Der Xenon-K\u00f6nig","isPartOf":{"@id":"https:\/\/xenonkungen.com\/#website"},"primaryImageOfPage":{"@id":"https:\/\/xenonkungen.com\/produkt\/luxtar-ledramp-x30-black-edition-300w\/#primaryimage"},"image":{"@id":"https:\/\/xenonkungen.com\/produkt\/luxtar-ledramp-x30-black-edition-300w\/#primaryimage"},"thumbnailUrl":"https:\/\/xenonkungen.com\/wp-content\/uploads\/2025\/06\/184973287-origpic-266741.png","datePublished":"2025-06-23T13:52:30+00:00","dateModified":"2026-04-10T22:50:31+00:00","breadcrumb":{"@id":"https:\/\/xenonkungen.com\/produkt\/luxtar-ledramp-x30-black-edition-300w\/#breadcrumb"},"inLanguage":"de","potentialAction":[{"@type":"ReadAction","target":["https:\/\/xenonkungen.com\/produkt\/luxtar-ledramp-x30-black-edition-300w\/"]}]},{"@type":"ImageObject","inLanguage":"de","@id":"https:\/\/xenonkungen.com\/produkt\/luxtar-ledramp-x30-black-edition-300w\/#primaryimage","url":"https:\/\/xenonkungen.com\/wp-content\/uploads\/2025\/06\/184973287-origpic-266741.png","contentUrl":"https:\/\/xenonkungen.com\/wp-content\/uploads\/2025\/06\/184973287-origpic-266741.png","width":1000,"height":387},{"@type":"BreadcrumbList","@id":"https:\/\/xenonkungen.com\/produkt\/luxtar-ledramp-x30-black-edition-300w\/#breadcrumb","itemListElement":[{"@type":"ListItem","position":1,"name":"Hem","item":"https:\/\/xenonkungen.com\/"},{"@type":"ListItem","position":2,"name":"Shop","item":"https:\/\/xenonkungen.com\/shop\/"},{"@type":"ListItem","position":3,"name":"LUXTAR\u00ae Ledramp X30 Black Edition 300W"}]},{"@type":"WebSite","@id":"https:\/\/xenonkungen.com\/#website","url":"https:\/\/xenonkungen.com\/","name":"Xenonkungen","description":"","potentialAction":[{"@type":"SearchAction","target":{"@type":"EntryPoint","urlTemplate":"https:\/\/xenonkungen.com\/?s={search_term_string}"},"query-input":{"@type":"PropertyValueSpecification","valueRequired":true,"valueName":"search_term_string"}}],"inLanguage":"de"}]}},"taxonomy_info":{"product_brand":[{"value":103,"label":"LUXTAR"}],"product_cat":[{"value":2966,"label":"Ledramp Rak"},{"value":2539,"label":"LEDRAMPER"},{"value":2826,"label":"LUXTAR"},{"value":2822,"label":"Luxtar - Arbetsljus"},{"value":2824,"label":"Luxtar - Ledramper"},{"value":2541,"label":"Luxtar X-Serie Black"},{"value":2160,"label":"LUXTAR X-serie Black"}],"pa_faktisk-effekts-forbrukning":[{"value":2371,"label":"218,4"}],"pa_fuktskydd-varde-ipxx":[{"value":177,"label":"IP68"}],"pa_godkannande":[{"value":325,"label":"CE, EMC, RoHS"}],"pa_lampsockel-kontakt":[{"value":328,"label":"HB4 , 9006"}],"pa_led-chips-effekt-w":[{"value":152,"label":"300"}],"pa_ljusbild":[{"value":178,"label":"Driving"},{"value":1177,"label":"Spot"}],"pa_storlek-mm":[{"value":2206,"label":"830x63x85"}],"pa_stromforbrukning":[{"value":2372,"label":"18,2A @13,7V"},{"value":2209,"label":"9,4A @ 24V"}],"pa_volt-v":[{"value":321,"label":"Multivolt, 9, 12, 14, 18, 24, 28, 32"}]},"featured_image_src_large":["https:\/\/xenonkungen.com\/wp-content\/uploads\/2025\/06\/184973287-origpic-266741.png",1000,387,false],"author_info":[],"comment_info":0,"_links":{"self":[{"href":"https:\/\/xenonkungen.com\/de\/wp-json\/wp\/v2\/product\/11822","targetHints":{"allow":["GET"]}}],"collection":[{"href":"https:\/\/xenonkungen.com\/de\/wp-json\/wp\/v2\/product"}],"about":[{"href":"https:\/\/xenonkungen.com\/de\/wp-json\/wp\/v2\/types\/product"}],"replies":[{"embeddable":true,"href":"https:\/\/xenonkungen.com\/de\/wp-json\/wp\/v2\/comments?post=11822"}],"wp:featuredmedia":[{"embeddable":true,"href":"https:\/\/xenonkungen.com\/de\/wp-json\/wp\/v2\/media\/11285"}],"wp:attachment":[{"href":"https:\/\/xenonkungen.com\/de\/wp-json\/wp\/v2\/media?parent=11822"}],"wp:term":[{"taxonomy":"anvandningsomrade","embeddable":true,"href":"https:\/\/xenonkungen.com\/de\/wp-json\/wp\/v2\/anvandningsomrade?post=11822"},{"taxonomy":"bilmarken","embeddable":true,"href":"https:\/\/xenonkungen.com\/de\/wp-json\/wp\/v2\/bilmarken?post=11822"},{"taxonomy":"product_brand","embeddable":true,"href":"https:\/\/xenonkungen.com\/de\/wp-json\/wp\/v2\/product_brand?post=11822"},{"taxonomy":"product_cat","embeddable":true,"href":"https:\/\/xenonkungen.com\/de\/wp-json\/wp\/v2\/product_cat?post=11822"},{"taxonomy":"product_tag","embeddable":true,"href":"https:\/\/xenonkungen.com\/de\/wp-json\/wp\/v2\/product_tag?post=11822"}],"curies":[{"name":"wp","href":"https:\/\/api.w.org\/{rel}","templated":true}]}}