{"id":11856,"date":"2025-06-23T13:52:42","date_gmt":"2025-06-23T13:52:42","guid":{"rendered":"https:\/\/xenonkungen.com\/produkt\/ledramp-paket-x24-black\/"},"modified":"2026-04-17T15:10:34","modified_gmt":"2026-04-17T14:10:34","slug":"led-rampenpaket-x24-schwarz","status":"publish","type":"product","link":"https:\/\/xenonkungen.com\/de\/produkt\/led-rampenpaket-x24-schwarz\/","title":{"rendered":"LEDramp Paket X24 Schwarz"},"content":{"rendered":"<h1>Luxtar X24 Black Edition Paket \u2013 Komplettes Zusatzlichtpaket f\u00fcr maximale Fahrleistung<\/h1>\n<p>Verleihen Sie Ihrem Fahrzeug un\u00fcbertroffene Helligkeit und einen stilvollen Look mit <strong>Luxtar X24 Black Edition Driving<\/strong>Dieses leistungsstarke Paket enth\u00e4lt alles, was Sie ben\u00f6tigen, um eine Hochleistungs-LED-Leiste an Ihrem Fahrzeug zu montieren und Ihr Fahrerlebnis auf die n\u00e4chste Stufe zu heben.<\/p>\n<h2>Was ist im Paket enthalten?<\/h2>\n<ul>\n<li>Luxtar X24 Black Edition LED-Rampe \u2013 Ger <span class=\"highlight\">177,6 W<\/span> und das Ganze <span class=\"highlight\">12.025 Lumen<\/span> F\u00fcr ein breites und kraftvolles Lichtbild. Mit Fernlichtreflektoren betr\u00e4gt die Reichweite 630 m, mit Spotlicht sogar 880 m.<\/li>\n<li>Zusatzscheinwerferhalterung Schwarz 3 \u2013 225 mm \u2013 Stabile und robuste Halterung, die die Montage einfach und sicher macht.<\/li>\n<li>Relaiskabelsatz 1B 12V \u2013 F\u00fcr den einfachen und sicheren Anschluss Ihrer LED-Rampe.<\/li>\n<\/ul>\n<p>Die elegante <strong>Das Design der Black Edition<\/strong> Verbindet Leistung mit einem stilvollen Look und ist damit perfekt f\u00fcr alle, die optimale Helligkeit w\u00fcnschen, ohne Kompromisse beim Aussehen einzugehen.<\/p>\n<p><strong>Perfekt geeignet f\u00fcr Nachtfahrten, Offroad-Eins\u00e4tze und schwierige Wetterbedingungen<\/strong> \u2013 Der Luxtar X24 Black Edition bietet Ihnen maximale Sicherheit und Sichtbarkeit im Stra\u00dfenverkehr.<\/p>\n<p><strong>Komplettpaket f\u00fcr einfache Installation \u2013 Bestellen Sie noch heute und r\u00fcsten Sie Ihr Auto mit professioneller Beleuchtung auf.<\/strong><\/p>\n<p><strong>Bereiche der Nutzung<br \/>\n<\/strong>Lkw | Pkw | Transporter | Pickup-Truck<\/p>","protected":false},"excerpt":{"rendered":"<p><strong>Das Paket enth\u00e4lt:<\/strong><br \/>\nLUXTAR\u00ae LED-Rampe X24<br \/>\nRelaiskabelsatz 1B 12V<br \/>\nZusatzscheinwerferhalterung Schwarz 3 \u2013 225 mm<\/p>","protected":false},"featured_media":11365,"comment_status":"closed","ping_status":"closed","template":"","meta":{"_acf_changed":false,"_smort_price_nok":"4267","_smort_price_dkk":"2711","_smort_price_eur":"363.17","_smort_sale_price_nok":"","_smort_sale_price_dkk":"","_smort_sale_price_eur":"","smort_restorder":"","shipmondo_restorder":"","_kad_blocks_custom_css":"","_kad_blocks_head_custom_js":"","_kad_blocks_body_custom_js":"","_kad_blocks_footer_custom_js":"","smort_custom_pricelist_1":"2556.8","smort_custom_pricelist_2":"2237.2","smort_custom_pricelist_3":"2077.4","smort_custom_pricelist_4":"3196","smort_custom_pricelist_5":"2237.2"},"anvandningsomrade":[2234],"bilmarken":[168],"product_brand":[103],"product_cat":[2826,2820,2541,2160,1916],"product_tag":[],"class_list":{"0":"post-11856","1":"product","2":"type-product","3":"status-publish","4":"has-post-thumbnail","6":"anvandningsomrade-alla","7":"bilmarken-alla","8":"product_brand-luxtar","9":"product_cat-luxtar","10":"product_cat-luxtar-paketlosningar","11":"product_cat-luxtar-x-serie-black-ledramper","12":"product_cat-luxtar-x-serie-black","13":"product_cat-ledrampspaket","14":"pa_faktisk-effekts-forbrukning-1922","15":"pa_fuktskydd-varde-ipxx-ip68","16":"pa_godkannande-ce-emc-rohs","17":"pa_lampsockel-kontakt-hb4-9006","18":"pa_led-chips-effekt-w-823","19":"pa_ljusbild-driving","20":"pa_ljusbild-spot","21":"pa_storlek-mm-674x63x85","22":"pa_stromforbrukning-13a-137v","23":"pa_stromforbrukning-74a-24v","24":"pa_volt-v-multivolt-9-12-14-18-24-28-32","26":"first","27":"onbackorder","28":"taxable","29":"shipping-taxable","30":"purchasable","31":"product-type-bundle"},"bundled_by":[],"bundle_stock_status":"instock","bundle_stock_quantity":"","bundle_virtual":false,"bundle_layout":"default","bundle_add_to_cart_form_location":"default","bundle_editable_in_cart":false,"bundle_sold_individually_context":"product","bundle_item_grouping":"parent","bundle_min_size":"","bundle_max_size":"","bundle_price":{"price":{"min":{"incl_tax":"363.15","excl_tax":"290.51905268"},"max":{"incl_tax":"363.15","excl_tax":"290.51905268"}},"regular_price":{"min":{"incl_tax":"363.15","excl_tax":"290.51905268"},"max":{"incl_tax":"363.15","excl_tax":"290.51905268"}}},"bundled_items":[{"bundled_item_id":499,"product_id":2716,"menu_order":0,"quantity_min":1,"quantity_max":1,"quantity_default":1,"priced_individually":false,"shipped_individually":false,"override_title":false,"title":"Zus\u00e4tzliche Lichthalterung f\u00fcr 3 St\u00fcck 225 mm | 9&quot;","override_description":false,"description":"","optional":false,"hide_thumbnail":false,"discount":"","override_variations":false,"allowed_variations":[],"override_default_variation_attributes":false,"default_variation_attributes":[],"single_product_visibility":"visible","cart_visibility":"visible","order_visibility":"visible","single_product_price_visibility":"visible","cart_price_visibility":"visible","order_price_visibility":"visible","stock_status":"on_backorder"},{"bundled_item_id":500,"product_id":991,"menu_order":1,"quantity_min":1,"quantity_max":1,"quantity_default":1,"priced_individually":false,"shipped_individually":false,"override_title":false,"title":"Relaiskabelsatz 1. Zusatzleuchte 12V|9006","override_description":false,"description":"","optional":false,"hide_thumbnail":false,"discount":"","override_variations":false,"allowed_variations":[],"override_default_variation_attributes":false,"default_variation_attributes":[],"single_product_visibility":"visible","cart_visibility":"visible","order_visibility":"visible","single_product_price_visibility":"visible","cart_price_visibility":"visible","order_price_visibility":"visible","stock_status":"on_backorder"}],"bundle_sell_ids":[],"acf":[],"yoast_head":"<!-- This site is optimized with the Yoast SEO plugin v27.0 - https:\/\/yoast.com\/product\/yoast-seo-wordpress\/ -->\n<title>LEDramp Paket X24 Black - Xenonkungen<\/title>\n<meta name=\"robots\" content=\"index, follow, max-snippet:-1, max-image-preview:large, max-video-preview:-1\" \/>\n<link rel=\"canonical\" href=\"https:\/\/xenonkungen.com\/de\/produkt\/led-rampenpaket-x24-schwarz\/\" \/>\n<meta property=\"og:locale\" content=\"de_DE\" \/>\n<meta property=\"og:type\" content=\"article\" \/>\n<meta property=\"og:title\" content=\"LEDramp Paket X24 Black - Xenonkungen\" \/>\n<meta property=\"og:description\" content=\"Paketet inneh\u00e5ller: LUXTAR\u00ae Ledramp X24 Rel\u00e4kabelsats 1B 12V Extraljusf\u00e4ste Svart 3 - 225mm\" \/>\n<meta property=\"og:url\" content=\"https:\/\/xenonkungen.com\/de\/produkt\/led-rampenpaket-x24-schwarz\/\" \/>\n<meta property=\"og:site_name\" content=\"Xenonkungen\" \/>\n<meta property=\"article:modified_time\" content=\"2026-04-17T14:10:34+00:00\" \/>\n<meta property=\"og:image\" content=\"https:\/\/xenonkungen.com\/wp-content\/uploads\/2025\/06\/Luxtar-X24.png\" \/>\n\t<meta property=\"og:image:width\" content=\"1280\" \/>\n\t<meta property=\"og:image:height\" content=\"720\" \/>\n\t<meta property=\"og:image:type\" content=\"image\/png\" \/>\n<meta name=\"twitter:card\" content=\"summary_large_image\" \/>\n<meta name=\"twitter:label1\" content=\"Gesch\u00e4tzte Lesezeit\" \/>\n\t<meta name=\"twitter:data1\" content=\"2\u00a0Minuten\" \/>\n<script type=\"application\/ld+json\" class=\"yoast-schema-graph\">{\"@context\":\"https:\/\/schema.org\",\"@graph\":[{\"@type\":\"WebPage\",\"@id\":\"https:\/\/xenonkungen.com\/produkt\/ledramp-paket-x24-black\/\",\"url\":\"https:\/\/xenonkungen.com\/produkt\/ledramp-paket-x24-black\/\",\"name\":\"LEDramp Paket X24 Black - Xenonkungen\",\"isPartOf\":{\"@id\":\"https:\/\/xenonkungen.com\/#website\"},\"primaryImageOfPage\":{\"@id\":\"https:\/\/xenonkungen.com\/produkt\/ledramp-paket-x24-black\/#primaryimage\"},\"image\":{\"@id\":\"https:\/\/xenonkungen.com\/produkt\/ledramp-paket-x24-black\/#primaryimage\"},\"thumbnailUrl\":\"https:\/\/xenonkungen.com\/wp-content\/uploads\/2025\/06\/Luxtar-X24.png\",\"datePublished\":\"2025-06-23T13:52:42+00:00\",\"dateModified\":\"2026-04-17T14:10:34+00:00\",\"breadcrumb\":{\"@id\":\"https:\/\/xenonkungen.com\/produkt\/ledramp-paket-x24-black\/#breadcrumb\"},\"inLanguage\":\"de\",\"potentialAction\":[{\"@type\":\"ReadAction\",\"target\":[\"https:\/\/xenonkungen.com\/produkt\/ledramp-paket-x24-black\/\"]}]},{\"@type\":\"ImageObject\",\"inLanguage\":\"de\",\"@id\":\"https:\/\/xenonkungen.com\/produkt\/ledramp-paket-x24-black\/#primaryimage\",\"url\":\"https:\/\/xenonkungen.com\/wp-content\/uploads\/2025\/06\/Luxtar-X24.png\",\"contentUrl\":\"https:\/\/xenonkungen.com\/wp-content\/uploads\/2025\/06\/Luxtar-X24.png\",\"width\":1280,\"height\":720},{\"@type\":\"BreadcrumbList\",\"@id\":\"https:\/\/xenonkungen.com\/produkt\/ledramp-paket-x24-black\/#breadcrumb\",\"itemListElement\":[{\"@type\":\"ListItem\",\"position\":1,\"name\":\"Hem\",\"item\":\"https:\/\/xenonkungen.com\/\"},{\"@type\":\"ListItem\",\"position\":2,\"name\":\"Shop\",\"item\":\"https:\/\/xenonkungen.com\/shop\/\"},{\"@type\":\"ListItem\",\"position\":3,\"name\":\"LEDramp Paket X24 Black\"}]},{\"@type\":\"WebSite\",\"@id\":\"https:\/\/xenonkungen.com\/#website\",\"url\":\"https:\/\/xenonkungen.com\/\",\"name\":\"Xenonkungen\",\"description\":\"\",\"potentialAction\":[{\"@type\":\"SearchAction\",\"target\":{\"@type\":\"EntryPoint\",\"urlTemplate\":\"https:\/\/xenonkungen.com\/?s={search_term_string}\"},\"query-input\":{\"@type\":\"PropertyValueSpecification\",\"valueRequired\":true,\"valueName\":\"search_term_string\"}}],\"inLanguage\":\"de\"}]}<\/script>\n<!-- \/ Yoast SEO plugin. -->","yoast_head_json":{"title":"LEDramp Paket X24 Schwarz \u2013 Der Xenon-K\u00f6nig","robots":{"index":"index","follow":"follow","max-snippet":"max-snippet:-1","max-image-preview":"max-image-preview:large","max-video-preview":"max-video-preview:-1"},"canonical":"https:\/\/xenonkungen.com\/de\/produkt\/led-rampenpaket-x24-schwarz\/","og_locale":"de_DE","og_type":"article","og_title":"LEDramp Paket X24 Black - Xenonkungen","og_description":"Paketet inneh\u00e5ller: LUXTAR\u00ae Ledramp X24 Rel\u00e4kabelsats 1B 12V Extraljusf\u00e4ste Svart 3 - 225mm","og_url":"https:\/\/xenonkungen.com\/de\/produkt\/led-rampenpaket-x24-schwarz\/","og_site_name":"Xenonkungen","article_modified_time":"2026-04-17T14:10:34+00:00","og_image":[{"width":1280,"height":720,"url":"https:\/\/xenonkungen.com\/wp-content\/uploads\/2025\/06\/Luxtar-X24.png","type":"image\/png"}],"twitter_card":"summary_large_image","twitter_misc":{"Gesch\u00e4tzte Lesezeit":"2\u00a0Minuten"},"schema":{"@context":"https:\/\/schema.org","@graph":[{"@type":"WebPage","@id":"https:\/\/xenonkungen.com\/produkt\/ledramp-paket-x24-black\/","url":"https:\/\/xenonkungen.com\/produkt\/ledramp-paket-x24-black\/","name":"LEDramp Paket X24 Schwarz \u2013 Der Xenon-K\u00f6nig","isPartOf":{"@id":"https:\/\/xenonkungen.com\/#website"},"primaryImageOfPage":{"@id":"https:\/\/xenonkungen.com\/produkt\/ledramp-paket-x24-black\/#primaryimage"},"image":{"@id":"https:\/\/xenonkungen.com\/produkt\/ledramp-paket-x24-black\/#primaryimage"},"thumbnailUrl":"https:\/\/xenonkungen.com\/wp-content\/uploads\/2025\/06\/Luxtar-X24.png","datePublished":"2025-06-23T13:52:42+00:00","dateModified":"2026-04-17T14:10:34+00:00","breadcrumb":{"@id":"https:\/\/xenonkungen.com\/produkt\/ledramp-paket-x24-black\/#breadcrumb"},"inLanguage":"de","potentialAction":[{"@type":"ReadAction","target":["https:\/\/xenonkungen.com\/produkt\/ledramp-paket-x24-black\/"]}]},{"@type":"ImageObject","inLanguage":"de","@id":"https:\/\/xenonkungen.com\/produkt\/ledramp-paket-x24-black\/#primaryimage","url":"https:\/\/xenonkungen.com\/wp-content\/uploads\/2025\/06\/Luxtar-X24.png","contentUrl":"https:\/\/xenonkungen.com\/wp-content\/uploads\/2025\/06\/Luxtar-X24.png","width":1280,"height":720},{"@type":"BreadcrumbList","@id":"https:\/\/xenonkungen.com\/produkt\/ledramp-paket-x24-black\/#breadcrumb","itemListElement":[{"@type":"ListItem","position":1,"name":"Hem","item":"https:\/\/xenonkungen.com\/"},{"@type":"ListItem","position":2,"name":"Shop","item":"https:\/\/xenonkungen.com\/shop\/"},{"@type":"ListItem","position":3,"name":"LEDramp Paket X24 Black"}]},{"@type":"WebSite","@id":"https:\/\/xenonkungen.com\/#website","url":"https:\/\/xenonkungen.com\/","name":"Xenonkungen","description":"","potentialAction":[{"@type":"SearchAction","target":{"@type":"EntryPoint","urlTemplate":"https:\/\/xenonkungen.com\/?s={search_term_string}"},"query-input":{"@type":"PropertyValueSpecification","valueRequired":true,"valueName":"search_term_string"}}],"inLanguage":"de"}]}},"taxonomy_info":{"anvandningsomrade":[{"value":2234,"label":"Alla"}],"bilmarken":[{"value":168,"label":"Alla"}],"product_brand":[{"value":103,"label":"LUXTAR"}],"product_cat":[{"value":2826,"label":"LUXTAR"},{"value":2820,"label":"Luxtar - Paketl\u00f6sningar"},{"value":2541,"label":"Luxtar X-Serie Black"},{"value":2160,"label":"LUXTAR X-serie Black"},{"value":1916,"label":"Ledrampspaket"}],"pa_faktisk-effekts-forbrukning":[{"value":1922,"label":"177,6"}],"pa_fuktskydd-varde-ipxx":[{"value":177,"label":"IP68"}],"pa_godkannande":[{"value":325,"label":"CE, EMC, RoHS"}],"pa_lampsockel-kontakt":[{"value":328,"label":"HB4 , 9006"}],"pa_led-chips-effekt-w":[{"value":823,"label":"240"}],"pa_ljusbild":[{"value":178,"label":"Driving"},{"value":1177,"label":"Spot"}],"pa_storlek-mm":[{"value":1921,"label":"674x63x85"}],"pa_stromforbrukning":[{"value":2368,"label":"13A @13,7V"},{"value":2369,"label":"7,4A @24V"}],"pa_volt-v":[{"value":321,"label":"Multivolt, 9, 12, 14, 18, 24, 28, 32"}]},"featured_image_src_large":["https:\/\/xenonkungen.com\/wp-content\/uploads\/2025\/06\/Luxtar-X24-1024x576.png",1024,576,true],"author_info":[],"comment_info":0,"_links":{"self":[{"href":"https:\/\/xenonkungen.com\/de\/wp-json\/wp\/v2\/product\/11856","targetHints":{"allow":["GET"]}}],"collection":[{"href":"https:\/\/xenonkungen.com\/de\/wp-json\/wp\/v2\/product"}],"about":[{"href":"https:\/\/xenonkungen.com\/de\/wp-json\/wp\/v2\/types\/product"}],"replies":[{"embeddable":true,"href":"https:\/\/xenonkungen.com\/de\/wp-json\/wp\/v2\/comments?post=11856"}],"wp:featuredmedia":[{"embeddable":true,"href":"https:\/\/xenonkungen.com\/de\/wp-json\/wp\/v2\/media\/11365"}],"wp:attachment":[{"href":"https:\/\/xenonkungen.com\/de\/wp-json\/wp\/v2\/media?parent=11856"}],"wp:term":[{"taxonomy":"anvandningsomrade","embeddable":true,"href":"https:\/\/xenonkungen.com\/de\/wp-json\/wp\/v2\/anvandningsomrade?post=11856"},{"taxonomy":"bilmarken","embeddable":true,"href":"https:\/\/xenonkungen.com\/de\/wp-json\/wp\/v2\/bilmarken?post=11856"},{"taxonomy":"product_brand","embeddable":true,"href":"https:\/\/xenonkungen.com\/de\/wp-json\/wp\/v2\/product_brand?post=11856"},{"taxonomy":"product_cat","embeddable":true,"href":"https:\/\/xenonkungen.com\/de\/wp-json\/wp\/v2\/product_cat?post=11856"},{"taxonomy":"product_tag","embeddable":true,"href":"https:\/\/xenonkungen.com\/de\/wp-json\/wp\/v2\/product_tag?post=11856"}],"curies":[{"name":"wp","href":"https:\/\/api.w.org\/{rel}","templated":true}]}}