{"id":12020,"date":"2025-08-26T09:50:16","date_gmt":"2025-08-26T09:50:16","guid":{"rendered":"https:\/\/xenonkungen.com\/?post_type=product&#038;p=12020"},"modified":"2025-12-10T14:52:47","modified_gmt":"2025-12-10T13:52:47","slug":"meguiars-ultimative-keramikbeschichtung","status":"publish","type":"product","link":"https:\/\/xenonkungen.com\/de\/produkt\/meguiars-ultimative-keramikbeschichtung\/","title":{"rendered":"Meguiar's Ultimate Keramik-Beschichtung"},"content":{"rendered":"<h1 class=\"product_title entry-title\">Ultimative keramische Beschichtung<\/h1>\n<p><strong>Um beste Ergebnisse zu erzielen, empfehlen wir, dass die Lackierung vor der Verwendung in bestm\u00f6glichem Zustand ist.<\/strong><\/p>\n<p><strong>F\u00fchren Sie vor dem Auftragen eine dreistufige Politur durch (Kneten, Reiben und Polieren), um die beste Haftung und das beste Finish zu gew\u00e4hrleisten.<\/strong><\/p>\n<p>ANWEISUNGEN: GUT WASCHEN Vor dem Auftragen das Fahrzeug gr\u00fcndlich waschen und trocknen. Im Schatten und auf k\u00fchlen Oberfl\u00e4chen auftragen. Wenn die Oberfl\u00e4che beim Auftragen warm ist, werden Sie ein ungleichm\u00e4\u00dfiges Ergebnis erhalten. Wir empfehlen die Verwendung von Mikrofasern h\u00f6chster Qualit\u00e4t wie Meguiar's\u00ae Supreme Shine\u2122 &amp; Even Coat Microfibre Applicator Pads.<\/p>\n<ol>\n<li>Spr\u00fchen Sie das Produkt auf einen Mikrofaserapplikator wie z. B.\u00a0<a href=\"https:\/\/xenonkungen.com\/produkt\/meguiars-even-coat-applicator-pads-2-pack\/\">Meguiar's X3080<\/a>. Wir empfehlen Ihnen, jeweils eine Platte zu erstellen.<\/li>\n<li>Verteilen Sie das Produkt mit der Rolle mit leichtem bis m\u00e4\u00dfigem Druck \u00fcber die Platte in einer Querstrichbewegung. Durch diesen Schritt wird der Aush\u00e4rtungsprozess aktiviert.<\/li>\n<li>Warten Sie etwa 15 Sekunden und wischen Sie dann das Produkt mit einem sauberen Mikrofasertuch ab, nachdem Sie es auf die Oberfl\u00e4che aufgetragen haben.<\/li>\n<li>Setzen Sie diesen Vorgang am gesamten Fahrzeug fort.<\/li>\n<li>Waschen Sie alle Mikrofasert\u00fccher und -pads sofort nach der Behandlung.<\/li>\n<\/ol>\n<p>Sie k\u00f6nnen dieses Produkt auch auf anderen Au\u00dfenfl\u00e4chen wie Kunststoffleisten, Abziehbildern, Lackschutzfolien (PPF) und R\u00e4dern verwenden. F\u00fchren Sie f\u00fcr diese anderen Au\u00dfenfl\u00e4chen das gleiche Verfahren durch. Die Haltbarkeit variiert je nach dem urspr\u00fcnglichen Zustand der Oberfl\u00e4che.<\/p>\n<p><strong>WARTUNG:<\/strong><\/p>\n<p>H\u00e4ufiges Waschen des Fahrzeugs sorgt f\u00fcr eine m\u00f6glichst lange Haltbarkeit. Waschen Sie Ihr Fahrzeug mit pH-ausgeglichenen Autoshampoos, wie Meguiar's\u00ae Ultimate Wash &amp; Wax oder Meguiar's\u00ae Hybrid Ceramic Wash &amp; Wax.<\/p>\n<p>Um sicherzustellen, dass die Ultimate Ceramic Coating ihr Finish so lange wie m\u00f6glich beh\u00e4lt, verwenden Sie nur Premium-Pflegeprodukte wie Meguiar's\u00ae Ultimate Quik Detailer\u2122 oder Meguiar's\u00ae Hybrid Ceramic Detailer, so oft wie gew\u00fcnscht.<\/p>\n<p><strong><em>WARNUNG:<\/em><\/strong>\u00a0Nachdem der Lack mit Ultimate Ceramic Coating behandelt wurde, sollten Sie Ihr Fahrzeug nicht mit Tonerde, Politur, Scheuer-, Fl\u00fcssig- oder Pastenwachsen behandeln, da diese die Wirkung der Beschichtung entfernen oder verringern.<\/p>\n<p><strong>GEBRAUCHSANWEISUNG:<\/strong> Aufspr\u00fchen, verteilen und abwischen. Nicht \u00fcberdosieren - eine Flasche reicht f\u00fcr vier mittelgro\u00dfe Fahrzeuge! Nicht empfohlen f\u00fcr matte oder seidenmatte Lacke, da es unerw\u00fcnschten Glanz erzeugt.<\/p>\n<p><strong>Inhalt:<\/strong> 236 ml<\/p>\n<p><h2>Farbkodierung<\/h2>\n<p><a href=\"https:\/\/meguiars.se\/wp-content\/uploads\/2024\/03\/Label-MeguiarsUltimateCeramicCoatingG2401_1.0_66423-5.pdf\" target=\"_blank\" rel=\"noopener\">https:\/\/meguiars.se\/wp-content\/uploads\/2024\/03\/Label-MeguiarsUltimateCeramicCoatingG2401_1.0_66423-5.pdf<\/a><\/p>","protected":false},"excerpt":{"rendered":"<p>Meguiar's Ultimate Ceramic Coating - Patentierte Technologie h\u00e4rtet das Produkt zu einer soliden Barriere aus, die dem professionellen Keramik-Lackschutz \u00e4hnelt!<\/p>\n<ul>\n<li>Unglaubliche wasserabweisende Eigenschaften mit au\u00dfergew\u00f6hnlicher Haltbarkeit<\/li>\n<li>Erh\u00f6ht den Glanz und die Geschmeidigkeit - und verdeckt gleichzeitig M\u00e4ngel leichter<\/li>\n<li>In erster Linie f\u00fcr Au\u00dfenlacke entwickelt, funktioniert aber auch gut auf Kunststoffteilen, Abziehbildern, PPF und Felgen<\/li>\n<\/ul>","protected":false},"featured_media":12021,"comment_status":"open","ping_status":"closed","template":"","meta":{"_acf_changed":false,"_smort_price_nok":"458","_smort_price_dkk":"291","_smort_price_eur":"39","_smort_sale_price_nok":"","_smort_sale_price_dkk":"","_smort_sale_price_eur":"","smort_restorder":"","shipmondo_restorder":"","_kad_blocks_custom_css":"","_kad_blocks_head_custom_js":"","_kad_blocks_body_custom_js":"","_kad_blocks_footer_custom_js":"","smort_custom_pricelist_1":"274.56","smort_custom_pricelist_2":"274.56","smort_custom_pricelist_3":"240.24","smort_custom_pricelist_4":"343.2","smort_custom_pricelist_5":"274.56"},"anvandningsomrade":[],"bilmarken":[],"product_brand":[1383],"product_cat":[2614,378],"product_tag":[],"class_list":{"0":"post-12020","1":"product","2":"type-product","3":"status-publish","4":"has-post-thumbnail","6":"product_brand-meguiars","7":"product_cat-lackskydd","8":"product_cat-bilvard","10":"first","11":"onbackorder","12":"taxable","13":"shipping-taxable","14":"purchasable","15":"product-type-simple"},"bundled_by":[],"bundle_stock_status":"onbackorder","bundle_stock_quantity":0,"bundle_virtual":false,"bundle_layout":"","bundle_add_to_cart_form_location":"","bundle_editable_in_cart":false,"bundle_sold_individually_context":"","bundle_item_grouping":"","bundle_min_size":"","bundle_max_size":"","bundle_price":[],"bundled_items":[],"bundle_sell_ids":[],"acf":[],"yoast_head":"<!-- This site is optimized with the Yoast SEO plugin v27.0 - https:\/\/yoast.com\/product\/yoast-seo-wordpress\/ -->\n<title>Meguiar\u2019s Ultimate Ceramic Coating - Xenonkungen<\/title>\n<meta name=\"robots\" content=\"index, follow, max-snippet:-1, max-image-preview:large, max-video-preview:-1\" \/>\n<link rel=\"canonical\" href=\"https:\/\/xenonkungen.com\/de\/produkt\/meguiars-ultimative-keramikbeschichtung\/\" \/>\n<meta property=\"og:locale\" content=\"de_DE\" \/>\n<meta property=\"og:type\" content=\"article\" \/>\n<meta property=\"og:title\" content=\"Meguiar\u2019s Ultimate Ceramic Coating - Xenonkungen\" \/>\n<meta property=\"og:description\" content=\"Meguiar\u2019s Ultimate Ceramic Coating \u2013 Patenterad teknologi h\u00e4rdar produkten till en solid barri\u00e4r liknande professionella keramiska lackskydd!   Otroligt vattenavst\u00f6tande med exceptionell h\u00e5llbarhet  \u00d6kar glans och sl\u00e4thet \u2013 samtidigt d\u00f6ljs l\u00e4ttare defekter  Prim\u00e4rt utvecklad f\u00f6r exteri\u00f6r lack men fungerar \u00e4ven bra p\u00e5 plastdetaljer, dekaler, PPF och f\u00e4lgar\" \/>\n<meta property=\"og:url\" content=\"https:\/\/xenonkungen.com\/de\/produkt\/meguiars-ultimative-keramikbeschichtung\/\" \/>\n<meta property=\"og:site_name\" content=\"Xenonkungen\" \/>\n<meta property=\"article:modified_time\" content=\"2025-12-10T13:52:47+00:00\" \/>\n<meta property=\"og:image\" content=\"https:\/\/xenonkungen.com\/wp-content\/uploads\/2025\/06\/G240108_UltimateCeramicCoating_Fr_10x10-2.png\" \/>\n\t<meta property=\"og:image:width\" content=\"2048\" \/>\n\t<meta property=\"og:image:height\" content=\"2048\" \/>\n\t<meta property=\"og:image:type\" content=\"image\/png\" \/>\n<meta name=\"twitter:card\" content=\"summary_large_image\" \/>\n<meta name=\"twitter:label1\" content=\"Gesch\u00e4tzte Lesezeit\" \/>\n\t<meta name=\"twitter:data1\" content=\"2\u00a0Minuten\" \/>\n<script type=\"application\/ld+json\" class=\"yoast-schema-graph\">{\"@context\":\"https:\/\/schema.org\",\"@graph\":[{\"@type\":\"WebPage\",\"@id\":\"https:\/\/xenonkungen.com\/produkt\/meguiars-ultimate-ceramic-coating\/\",\"url\":\"https:\/\/xenonkungen.com\/produkt\/meguiars-ultimate-ceramic-coating\/\",\"name\":\"Meguiar\u2019s Ultimate Ceramic Coating - Xenonkungen\",\"isPartOf\":{\"@id\":\"https:\/\/xenonkungen.com\/#website\"},\"primaryImageOfPage\":{\"@id\":\"https:\/\/xenonkungen.com\/produkt\/meguiars-ultimate-ceramic-coating\/#primaryimage\"},\"image\":{\"@id\":\"https:\/\/xenonkungen.com\/produkt\/meguiars-ultimate-ceramic-coating\/#primaryimage\"},\"thumbnailUrl\":\"https:\/\/xenonkungen.com\/wp-content\/uploads\/2025\/06\/G240108_UltimateCeramicCoating_Fr_10x10-2.png\",\"datePublished\":\"2025-08-26T09:50:16+00:00\",\"dateModified\":\"2025-12-10T13:52:47+00:00\",\"breadcrumb\":{\"@id\":\"https:\/\/xenonkungen.com\/produkt\/meguiars-ultimate-ceramic-coating\/#breadcrumb\"},\"inLanguage\":\"de\",\"potentialAction\":[{\"@type\":\"ReadAction\",\"target\":[\"https:\/\/xenonkungen.com\/produkt\/meguiars-ultimate-ceramic-coating\/\"]}]},{\"@type\":\"ImageObject\",\"inLanguage\":\"de\",\"@id\":\"https:\/\/xenonkungen.com\/produkt\/meguiars-ultimate-ceramic-coating\/#primaryimage\",\"url\":\"https:\/\/xenonkungen.com\/wp-content\/uploads\/2025\/06\/G240108_UltimateCeramicCoating_Fr_10x10-2.png\",\"contentUrl\":\"https:\/\/xenonkungen.com\/wp-content\/uploads\/2025\/06\/G240108_UltimateCeramicCoating_Fr_10x10-2.png\",\"width\":2048,\"height\":2048},{\"@type\":\"BreadcrumbList\",\"@id\":\"https:\/\/xenonkungen.com\/produkt\/meguiars-ultimate-ceramic-coating\/#breadcrumb\",\"itemListElement\":[{\"@type\":\"ListItem\",\"position\":1,\"name\":\"Hem\",\"item\":\"https:\/\/xenonkungen.com\/\"},{\"@type\":\"ListItem\",\"position\":2,\"name\":\"Shop\",\"item\":\"https:\/\/xenonkungen.com\/shop\/\"},{\"@type\":\"ListItem\",\"position\":3,\"name\":\"Meguiar\u2019s Ultimate Ceramic Coating\"}]},{\"@type\":\"WebSite\",\"@id\":\"https:\/\/xenonkungen.com\/#website\",\"url\":\"https:\/\/xenonkungen.com\/\",\"name\":\"Xenonkungen\",\"description\":\"\",\"potentialAction\":[{\"@type\":\"SearchAction\",\"target\":{\"@type\":\"EntryPoint\",\"urlTemplate\":\"https:\/\/xenonkungen.com\/?s={search_term_string}\"},\"query-input\":{\"@type\":\"PropertyValueSpecification\",\"valueRequired\":true,\"valueName\":\"search_term_string\"}}],\"inLanguage\":\"de\"}]}<\/script>\n<!-- \/ Yoast SEO plugin. -->","yoast_head_json":{"title":"Meguiar&#039;s Ultimate Ceramic Coating - Der Xenon-K\u00f6nig","robots":{"index":"index","follow":"follow","max-snippet":"max-snippet:-1","max-image-preview":"max-image-preview:large","max-video-preview":"max-video-preview:-1"},"canonical":"https:\/\/xenonkungen.com\/de\/produkt\/meguiars-ultimative-keramikbeschichtung\/","og_locale":"de_DE","og_type":"article","og_title":"Meguiar\u2019s Ultimate Ceramic Coating - Xenonkungen","og_description":"Meguiar\u2019s Ultimate Ceramic Coating \u2013 Patenterad teknologi h\u00e4rdar produkten till en solid barri\u00e4r liknande professionella keramiska lackskydd!   Otroligt vattenavst\u00f6tande med exceptionell h\u00e5llbarhet  \u00d6kar glans och sl\u00e4thet \u2013 samtidigt d\u00f6ljs l\u00e4ttare defekter  Prim\u00e4rt utvecklad f\u00f6r exteri\u00f6r lack men fungerar \u00e4ven bra p\u00e5 plastdetaljer, dekaler, PPF och f\u00e4lgar","og_url":"https:\/\/xenonkungen.com\/de\/produkt\/meguiars-ultimative-keramikbeschichtung\/","og_site_name":"Xenonkungen","article_modified_time":"2025-12-10T13:52:47+00:00","og_image":[{"width":2048,"height":2048,"url":"https:\/\/xenonkungen.com\/wp-content\/uploads\/2025\/06\/G240108_UltimateCeramicCoating_Fr_10x10-2.png","type":"image\/png"}],"twitter_card":"summary_large_image","twitter_misc":{"Gesch\u00e4tzte Lesezeit":"2\u00a0Minuten"},"schema":{"@context":"https:\/\/schema.org","@graph":[{"@type":"WebPage","@id":"https:\/\/xenonkungen.com\/produkt\/meguiars-ultimate-ceramic-coating\/","url":"https:\/\/xenonkungen.com\/produkt\/meguiars-ultimate-ceramic-coating\/","name":"Meguiar&#039;s Ultimate Ceramic Coating - Der Xenon-K\u00f6nig","isPartOf":{"@id":"https:\/\/xenonkungen.com\/#website"},"primaryImageOfPage":{"@id":"https:\/\/xenonkungen.com\/produkt\/meguiars-ultimate-ceramic-coating\/#primaryimage"},"image":{"@id":"https:\/\/xenonkungen.com\/produkt\/meguiars-ultimate-ceramic-coating\/#primaryimage"},"thumbnailUrl":"https:\/\/xenonkungen.com\/wp-content\/uploads\/2025\/06\/G240108_UltimateCeramicCoating_Fr_10x10-2.png","datePublished":"2025-08-26T09:50:16+00:00","dateModified":"2025-12-10T13:52:47+00:00","breadcrumb":{"@id":"https:\/\/xenonkungen.com\/produkt\/meguiars-ultimate-ceramic-coating\/#breadcrumb"},"inLanguage":"de","potentialAction":[{"@type":"ReadAction","target":["https:\/\/xenonkungen.com\/produkt\/meguiars-ultimate-ceramic-coating\/"]}]},{"@type":"ImageObject","inLanguage":"de","@id":"https:\/\/xenonkungen.com\/produkt\/meguiars-ultimate-ceramic-coating\/#primaryimage","url":"https:\/\/xenonkungen.com\/wp-content\/uploads\/2025\/06\/G240108_UltimateCeramicCoating_Fr_10x10-2.png","contentUrl":"https:\/\/xenonkungen.com\/wp-content\/uploads\/2025\/06\/G240108_UltimateCeramicCoating_Fr_10x10-2.png","width":2048,"height":2048},{"@type":"BreadcrumbList","@id":"https:\/\/xenonkungen.com\/produkt\/meguiars-ultimate-ceramic-coating\/#breadcrumb","itemListElement":[{"@type":"ListItem","position":1,"name":"Hem","item":"https:\/\/xenonkungen.com\/"},{"@type":"ListItem","position":2,"name":"Shop","item":"https:\/\/xenonkungen.com\/shop\/"},{"@type":"ListItem","position":3,"name":"Meguiar\u2019s Ultimate Ceramic Coating"}]},{"@type":"WebSite","@id":"https:\/\/xenonkungen.com\/#website","url":"https:\/\/xenonkungen.com\/","name":"Xenonkungen","description":"","potentialAction":[{"@type":"SearchAction","target":{"@type":"EntryPoint","urlTemplate":"https:\/\/xenonkungen.com\/?s={search_term_string}"},"query-input":{"@type":"PropertyValueSpecification","valueRequired":true,"valueName":"search_term_string"}}],"inLanguage":"de"}]}},"taxonomy_info":{"product_brand":[{"value":1383,"label":"Meguiar's"}],"product_cat":[{"value":2614,"label":"4 | Bilvax &amp; Lackskydd"},{"value":378,"label":"Bilv\u00e5rd"}]},"featured_image_src_large":["https:\/\/xenonkungen.com\/wp-content\/uploads\/2025\/06\/G240108_UltimateCeramicCoating_Fr_10x10-2-1024x1024.png",1024,1024,true],"author_info":[],"comment_info":0,"_links":{"self":[{"href":"https:\/\/xenonkungen.com\/de\/wp-json\/wp\/v2\/product\/12020","targetHints":{"allow":["GET"]}}],"collection":[{"href":"https:\/\/xenonkungen.com\/de\/wp-json\/wp\/v2\/product"}],"about":[{"href":"https:\/\/xenonkungen.com\/de\/wp-json\/wp\/v2\/types\/product"}],"replies":[{"embeddable":true,"href":"https:\/\/xenonkungen.com\/de\/wp-json\/wp\/v2\/comments?post=12020"}],"wp:featuredmedia":[{"embeddable":true,"href":"https:\/\/xenonkungen.com\/de\/wp-json\/wp\/v2\/media\/12021"}],"wp:attachment":[{"href":"https:\/\/xenonkungen.com\/de\/wp-json\/wp\/v2\/media?parent=12020"}],"wp:term":[{"taxonomy":"anvandningsomrade","embeddable":true,"href":"https:\/\/xenonkungen.com\/de\/wp-json\/wp\/v2\/anvandningsomrade?post=12020"},{"taxonomy":"bilmarken","embeddable":true,"href":"https:\/\/xenonkungen.com\/de\/wp-json\/wp\/v2\/bilmarken?post=12020"},{"taxonomy":"product_brand","embeddable":true,"href":"https:\/\/xenonkungen.com\/de\/wp-json\/wp\/v2\/product_brand?post=12020"},{"taxonomy":"product_cat","embeddable":true,"href":"https:\/\/xenonkungen.com\/de\/wp-json\/wp\/v2\/product_cat?post=12020"},{"taxonomy":"product_tag","embeddable":true,"href":"https:\/\/xenonkungen.com\/de\/wp-json\/wp\/v2\/product_tag?post=12020"}],"curies":[{"name":"wp","href":"https:\/\/api.w.org\/{rel}","templated":true}]}}