{"id":12057,"date":"2025-07-02T12:56:38","date_gmt":"2025-07-02T12:56:38","guid":{"rendered":"https:\/\/xenonkungen.com\/?post_type=product&#038;p=12057"},"modified":"2026-04-10T20:44:05","modified_gmt":"2026-04-10T19:44:05","slug":"xbb-powerunit-6-slave-einheit","status":"publish","type":"product","link":"https:\/\/xenonkungen.com\/de\/produkt\/xbb-powerunit-6-slave-einheit\/","title":{"rendered":"XBB PowerUnit 6 | Slave-Einheit"},"content":{"rendered":"<section>\n<h1>XBB PowerUnit 6 \u2013 Intelligente Steuerung, einfache Installation<\/h1>\n<p>Die XBB PowerUnit 6 ist die optimale L\u00f6sung f\u00fcr alle, die Fahrzeugbeleuchtung und Zubeh\u00f6r steuern m\u00f6chten \u2013 ohne den Innenraum auszubauen, Signalkabel zu verlegen oder zus\u00e4tzliche Schalter einzubauen. Die Installation ist einfach, unauff\u00e4llig und komplett kabellos.<\/p>\n<p>Koppeln Sie das Ger\u00e4t mit dem XBB Dongle oder PP-CAN-FD und Sie erhalten Zugriff auf die CAN-Bus-Signale des Fahrzeugs. Dadurch k\u00f6nnen Sie beispielsweise die Beleuchtung beim Fernlicht, R\u00fcckw\u00e4rtsgang, Z\u00fcndung oder jede andere Funktion Ihrer Wahl vollautomatisch aktivieren.<\/p>\n<p>Mit 6 Hochstromausg\u00e4ngen pro PowerUnit und der M\u00f6glichkeit, bis zu vier Ger\u00e4te anzuschlie\u00dfen, k\u00f6nnen Sie ganze 24 Ausg\u00e4nge drahtlos steuern und \u00fcber die App frei konfigurieren.<\/p>\n<h2>Mehr Steuerungsm\u00f6glichkeiten \u2013 XBB-Dashboard<\/h2>\n<p>Eine der spannendsten Funktionen der XBB Configurator App ist das neue integrierte XBB Dashboard \u2013 ein virtuelles Bedienfeld direkt auf Ihrem Smartphone! Hier erhalten Sie:<\/p>\n<ul>\n<li>Virtuelle Tasten zur manuellen Steuerung optionaler Ausg\u00e4nge<\/li>\n<li>Live-Werte vom Fahrzeug, wie z. B. die Batteriespannung<\/li>\n<li>Unterst\u00fctzung f\u00fcr Blitzlichtfunktionen und PWM-Steuerung<\/li>\n<li>Vollst\u00e4ndige Anpassung der Schaltfl\u00e4chen \u2013 Symbole, Farben und Aussehen \u00e4ndern<\/li>\n<\/ul>\n<p><strong>Bitte beachten:<\/strong> Das XBB Dashboard befindet sich noch in der Entwicklung. Einige Teile sind noch nicht vollst\u00e4ndig fertiggestellt \u2013 aber es entwickelt sich schnell und hat gro\u00dfes Potenzial, ein wirklich leistungsstarkes Tool zu werden!<\/p>\n<h2>Vorteile der XBB PowerUnit 6<\/h2>\n<ul>\n<li>Plug-and-Play-Installation ohne Besch\u00e4digung des Fahrzeugs<\/li>\n<li>Drahtlose Steuerung \u00fcber Bluetooth (BLE 5)<\/li>\n<li>Volle Kompatibilit\u00e4t mit dem CAN-Bus-Signal des Fahrzeugs<\/li>\n<li>Steuerung \u00fcber App und\/oder Fahrzeugfunktionen<\/li>\n<li>Kompatibel mit XBB Dongle und PP-CAN-FD<\/li>\n<li>Erstellen Sie Ihre eigenen Regeln, Automatisierungen und manuellen Steuerungsm\u00f6glichkeiten in der App.<\/li>\n<\/ul>\n<h2>Leistung und Kontrolle \u2013 ohne Kompromisse<\/h2>\n<p>Ob Sie Einsatzfahrzeuge, Nutzfahrzeuge, Gel\u00e4ndewagen bauen oder einfach nur eine stilvolle und intelligente L\u00f6sung f\u00fcr Ihre Zusatzbeleuchtung suchen \u2013 die XBB PowerUnit 6 ist eine robuste und zukunftssichere Wahl. Die Konfiguration erfolgt ganz einfach per App, und mit den passenden Einstellungen f\u00fcr Ihr Fahrzeugmodell sind Sie schnell startklar.<\/p>\n<p><strong>XBB PowerUnit 6 \u2013 die Zukunft der Steuerung des elektrischen Systems Ihres Fahrzeugs.<\/strong><\/p>\n<p>Entdecken Sie kompatible Fahrzeuge und Funktionen in der App und erleben Sie den Unterschied noch heute!<\/p>\n<\/section>","protected":false},"excerpt":{"rendered":"<ul>\n<li>M\u00f6glichkeit von 6 Funktionen in ein und demselben Ger\u00e4t.<\/li>\n<li>6 Ausg\u00e4nge mit je 10 Ampere.<\/li>\n<li>M\u00f6glichkeit zum Anschluss mehrerer Ausg\u00e4nge f\u00fcr mehr Leistung.<\/li>\n<li>Flache Stecknadeln 6,3 x 10 St\u00fcck<\/li>\n<li>Relaisanschluss gem\u00e4\u00df ISO 8092-1<\/li>\n<li>Befestigungslaschen f\u00fcr einfache Montage<\/li>\n<li>Anschlussm\u00f6glichkeit f\u00fcr XBB Dongle\u00ae oder PP-CAN-FD\u00ae.<\/li>\n<\/ul>","protected":false},"featured_media":12058,"comment_status":"open","ping_status":"closed","template":"","meta":{"_acf_changed":false,"_smort_price_nok":"1917","_smort_price_dkk":"1218","_smort_price_eur":"163.17","_smort_sale_price_nok":"","_smort_sale_price_dkk":"","_smort_sale_price_eur":"","smort_restorder":"","shipmondo_restorder":"","_kad_blocks_custom_css":"","_kad_blocks_head_custom_js":"","_kad_blocks_body_custom_js":"","_kad_blocks_footer_custom_js":"","smort_custom_pricelist_1":"1148.8","smort_custom_pricelist_2":"1005.2","smort_custom_pricelist_3":"1005.2","smort_custom_pricelist_4":"1436","smort_custom_pricelist_5":"1005.2"},"anvandningsomrade":[],"bilmarken":[],"product_brand":[115],"product_cat":[2487,2841,2828,2468,2497,390],"product_tag":[],"class_list":{"0":"post-12057","1":"product","2":"type-product","3":"status-publish","4":"has-post-thumbnail","6":"product_brand-xbb","7":"product_cat-canbus-installation","8":"product_cat-installation-extraljus","9":"product_cat-installation-led-ramper","10":"product_cat-rela","11":"product_cat-xbb","12":"product_cat-installation","14":"first","15":"instock","16":"taxable","17":"shipping-taxable","18":"purchasable","19":"product-type-simple"},"bundled_by":["15682"],"bundle_stock_status":"instock","bundle_stock_quantity":9,"bundle_virtual":false,"bundle_layout":"","bundle_add_to_cart_form_location":"","bundle_editable_in_cart":false,"bundle_sold_individually_context":"","bundle_item_grouping":"","bundle_min_size":"","bundle_max_size":"","bundle_price":[],"bundled_items":[],"bundle_sell_ids":[],"acf":[],"yoast_head":"<!-- This site is optimized with the Yoast SEO plugin v27.0 - https:\/\/yoast.com\/product\/yoast-seo-wordpress\/ -->\n<title>XBB PowerUnit 6 | Slave unit - Xenonkungen<\/title>\n<meta name=\"robots\" content=\"index, follow, max-snippet:-1, max-image-preview:large, max-video-preview:-1\" \/>\n<link rel=\"canonical\" href=\"https:\/\/xenonkungen.com\/de\/produkt\/xbb-powerunit-6-slave-einheit\/\" \/>\n<meta property=\"og:locale\" content=\"de_DE\" \/>\n<meta property=\"og:type\" content=\"article\" \/>\n<meta property=\"og:title\" content=\"XBB PowerUnit 6 | Slave unit - Xenonkungen\" \/>\n<meta property=\"og:description\" content=\"M\u00f6jlighet till 6 st funktioner i samma enhet.  6 st utg\u00e5ngar \u00e1 10 Ampere.  M\u00f6jlighet att koppla ihop flera utg\u00e5ngar f\u00f6r mer effekt.  Flatstift 6,3 x 10 st  Rel\u00e4anslutning enl. ISO 8092-1  F\u00e4st\u00f6ron f\u00f6r enkelt montage  Ansluts till XBB Dongle\u00ae eller PP-CAN-FD\u00ae.\" \/>\n<meta property=\"og:url\" content=\"https:\/\/xenonkungen.com\/de\/produkt\/xbb-powerunit-6-slave-einheit\/\" \/>\n<meta property=\"og:site_name\" content=\"Xenonkungen\" \/>\n<meta property=\"article:modified_time\" content=\"2026-04-10T19:44:05+00:00\" \/>\n<meta property=\"og:image\" content=\"https:\/\/xenonkungen.com\/wp-content\/uploads\/2025\/07\/26416235.jpg\" \/>\n\t<meta property=\"og:image:width\" content=\"500\" \/>\n\t<meta property=\"og:image:height\" content=\"375\" \/>\n\t<meta property=\"og:image:type\" content=\"image\/jpeg\" \/>\n<meta name=\"twitter:card\" content=\"summary_large_image\" \/>\n<meta name=\"twitter:label1\" content=\"Gesch\u00e4tzte Lesezeit\" \/>\n\t<meta name=\"twitter:data1\" content=\"2\u00a0Minuten\" \/>\n<script type=\"application\/ld+json\" class=\"yoast-schema-graph\">{\"@context\":\"https:\/\/schema.org\",\"@graph\":[{\"@type\":\"WebPage\",\"@id\":\"https:\/\/xenonkungen.com\/nl\/product\/xbb-powerunit-6-slave-unit\/\",\"url\":\"https:\/\/xenonkungen.com\/nl\/product\/xbb-powerunit-6-slave-unit\/\",\"name\":\"XBB PowerUnit 6 | Slave unit - Xenonkungen\",\"isPartOf\":{\"@id\":\"https:\/\/xenonkungen.com\/#website\"},\"primaryImageOfPage\":{\"@id\":\"https:\/\/xenonkungen.com\/nl\/product\/xbb-powerunit-6-slave-unit\/#primaryimage\"},\"image\":{\"@id\":\"https:\/\/xenonkungen.com\/nl\/product\/xbb-powerunit-6-slave-unit\/#primaryimage\"},\"thumbnailUrl\":\"https:\/\/xenonkungen.com\/wp-content\/uploads\/2025\/07\/26416235.jpg\",\"datePublished\":\"2025-07-02T12:56:38+00:00\",\"dateModified\":\"2026-04-10T19:44:05+00:00\",\"breadcrumb\":{\"@id\":\"https:\/\/xenonkungen.com\/nl\/product\/xbb-powerunit-6-slave-unit\/#breadcrumb\"},\"inLanguage\":\"de\",\"potentialAction\":[{\"@type\":\"ReadAction\",\"target\":[\"https:\/\/xenonkungen.com\/nl\/product\/xbb-powerunit-6-slave-unit\/\"]}]},{\"@type\":\"ImageObject\",\"inLanguage\":\"de\",\"@id\":\"https:\/\/xenonkungen.com\/nl\/product\/xbb-powerunit-6-slave-unit\/#primaryimage\",\"url\":\"https:\/\/xenonkungen.com\/wp-content\/uploads\/2025\/07\/26416235.jpg\",\"contentUrl\":\"https:\/\/xenonkungen.com\/wp-content\/uploads\/2025\/07\/26416235.jpg\",\"width\":500,\"height\":375},{\"@type\":\"BreadcrumbList\",\"@id\":\"https:\/\/xenonkungen.com\/nl\/product\/xbb-powerunit-6-slave-unit\/#breadcrumb\",\"itemListElement\":[{\"@type\":\"ListItem\",\"position\":1,\"name\":\"Hem\",\"item\":\"https:\/\/xenonkungen.com\/\"},{\"@type\":\"ListItem\",\"position\":2,\"name\":\"Shop\",\"item\":\"https:\/\/xenonkungen.com\/shop\/\"},{\"@type\":\"ListItem\",\"position\":3,\"name\":\"XBB PowerUnit 6 | Slave unit\"}]},{\"@type\":\"WebSite\",\"@id\":\"https:\/\/xenonkungen.com\/#website\",\"url\":\"https:\/\/xenonkungen.com\/\",\"name\":\"Xenonkungen\",\"description\":\"\",\"potentialAction\":[{\"@type\":\"SearchAction\",\"target\":{\"@type\":\"EntryPoint\",\"urlTemplate\":\"https:\/\/xenonkungen.com\/?s={search_term_string}\"},\"query-input\":{\"@type\":\"PropertyValueSpecification\",\"valueRequired\":true,\"valueName\":\"search_term_string\"}}],\"inLanguage\":\"de\"}]}<\/script>\n<!-- \/ Yoast SEO plugin. -->","yoast_head_json":{"title":"XBB PowerUnit 6 | Slave-Einheit \u2013 Der Xenon-K\u00f6nig","robots":{"index":"index","follow":"follow","max-snippet":"max-snippet:-1","max-image-preview":"max-image-preview:large","max-video-preview":"max-video-preview:-1"},"canonical":"https:\/\/xenonkungen.com\/de\/produkt\/xbb-powerunit-6-slave-einheit\/","og_locale":"de_DE","og_type":"article","og_title":"XBB PowerUnit 6 | Slave unit - Xenonkungen","og_description":"M\u00f6jlighet till 6 st funktioner i samma enhet.  6 st utg\u00e5ngar \u00e1 10 Ampere.  M\u00f6jlighet att koppla ihop flera utg\u00e5ngar f\u00f6r mer effekt.  Flatstift 6,3 x 10 st  Rel\u00e4anslutning enl. ISO 8092-1  F\u00e4st\u00f6ron f\u00f6r enkelt montage  Ansluts till XBB Dongle\u00ae eller PP-CAN-FD\u00ae.","og_url":"https:\/\/xenonkungen.com\/de\/produkt\/xbb-powerunit-6-slave-einheit\/","og_site_name":"Xenonkungen","article_modified_time":"2026-04-10T19:44:05+00:00","og_image":[{"width":500,"height":375,"url":"https:\/\/xenonkungen.com\/wp-content\/uploads\/2025\/07\/26416235.jpg","type":"image\/jpeg"}],"twitter_card":"summary_large_image","twitter_misc":{"Gesch\u00e4tzte Lesezeit":"2\u00a0Minuten"},"schema":{"@context":"https:\/\/schema.org","@graph":[{"@type":"WebPage","@id":"https:\/\/xenonkungen.com\/nl\/product\/xbb-powerunit-6-slave-unit\/","url":"https:\/\/xenonkungen.com\/nl\/product\/xbb-powerunit-6-slave-unit\/","name":"XBB PowerUnit 6 | Slave-Einheit \u2013 Der Xenon-K\u00f6nig","isPartOf":{"@id":"https:\/\/xenonkungen.com\/#website"},"primaryImageOfPage":{"@id":"https:\/\/xenonkungen.com\/nl\/product\/xbb-powerunit-6-slave-unit\/#primaryimage"},"image":{"@id":"https:\/\/xenonkungen.com\/nl\/product\/xbb-powerunit-6-slave-unit\/#primaryimage"},"thumbnailUrl":"https:\/\/xenonkungen.com\/wp-content\/uploads\/2025\/07\/26416235.jpg","datePublished":"2025-07-02T12:56:38+00:00","dateModified":"2026-04-10T19:44:05+00:00","breadcrumb":{"@id":"https:\/\/xenonkungen.com\/nl\/product\/xbb-powerunit-6-slave-unit\/#breadcrumb"},"inLanguage":"de","potentialAction":[{"@type":"ReadAction","target":["https:\/\/xenonkungen.com\/nl\/product\/xbb-powerunit-6-slave-unit\/"]}]},{"@type":"ImageObject","inLanguage":"de","@id":"https:\/\/xenonkungen.com\/nl\/product\/xbb-powerunit-6-slave-unit\/#primaryimage","url":"https:\/\/xenonkungen.com\/wp-content\/uploads\/2025\/07\/26416235.jpg","contentUrl":"https:\/\/xenonkungen.com\/wp-content\/uploads\/2025\/07\/26416235.jpg","width":500,"height":375},{"@type":"BreadcrumbList","@id":"https:\/\/xenonkungen.com\/nl\/product\/xbb-powerunit-6-slave-unit\/#breadcrumb","itemListElement":[{"@type":"ListItem","position":1,"name":"Hem","item":"https:\/\/xenonkungen.com\/"},{"@type":"ListItem","position":2,"name":"Shop","item":"https:\/\/xenonkungen.com\/shop\/"},{"@type":"ListItem","position":3,"name":"XBB PowerUnit 6 | Slave unit"}]},{"@type":"WebSite","@id":"https:\/\/xenonkungen.com\/#website","url":"https:\/\/xenonkungen.com\/","name":"Xenonkungen","description":"","potentialAction":[{"@type":"SearchAction","target":{"@type":"EntryPoint","urlTemplate":"https:\/\/xenonkungen.com\/?s={search_term_string}"},"query-input":{"@type":"PropertyValueSpecification","valueRequired":true,"valueName":"search_term_string"}}],"inLanguage":"de"}]}},"taxonomy_info":{"product_brand":[{"value":115,"label":"XBB"}],"product_cat":[{"value":2487,"label":"Canbus"},{"value":2841,"label":"Installation extraljus"},{"value":2828,"label":"Installation LED-ramper"},{"value":2468,"label":"Rel\u00e4"},{"value":2497,"label":"XBB"},{"value":390,"label":"Installation"}]},"featured_image_src_large":["https:\/\/xenonkungen.com\/wp-content\/uploads\/2025\/07\/26416235.jpg",500,375,false],"author_info":[],"comment_info":0,"_links":{"self":[{"href":"https:\/\/xenonkungen.com\/de\/wp-json\/wp\/v2\/product\/12057","targetHints":{"allow":["GET"]}}],"collection":[{"href":"https:\/\/xenonkungen.com\/de\/wp-json\/wp\/v2\/product"}],"about":[{"href":"https:\/\/xenonkungen.com\/de\/wp-json\/wp\/v2\/types\/product"}],"replies":[{"embeddable":true,"href":"https:\/\/xenonkungen.com\/de\/wp-json\/wp\/v2\/comments?post=12057"}],"wp:featuredmedia":[{"embeddable":true,"href":"https:\/\/xenonkungen.com\/de\/wp-json\/wp\/v2\/media\/12058"}],"wp:attachment":[{"href":"https:\/\/xenonkungen.com\/de\/wp-json\/wp\/v2\/media?parent=12057"}],"wp:term":[{"taxonomy":"anvandningsomrade","embeddable":true,"href":"https:\/\/xenonkungen.com\/de\/wp-json\/wp\/v2\/anvandningsomrade?post=12057"},{"taxonomy":"bilmarken","embeddable":true,"href":"https:\/\/xenonkungen.com\/de\/wp-json\/wp\/v2\/bilmarken?post=12057"},{"taxonomy":"product_brand","embeddable":true,"href":"https:\/\/xenonkungen.com\/de\/wp-json\/wp\/v2\/product_brand?post=12057"},{"taxonomy":"product_cat","embeddable":true,"href":"https:\/\/xenonkungen.com\/de\/wp-json\/wp\/v2\/product_cat?post=12057"},{"taxonomy":"product_tag","embeddable":true,"href":"https:\/\/xenonkungen.com\/de\/wp-json\/wp\/v2\/product_tag?post=12057"}],"curies":[{"name":"wp","href":"https:\/\/api.w.org\/{rel}","templated":true}]}}