{"id":12078,"date":"2025-07-04T12:50:00","date_gmt":"2025-07-04T12:50:00","guid":{"rendered":"https:\/\/xenonkungen.com\/?post_type=product&#038;p=12078"},"modified":"2026-04-11T00:33:39","modified_gmt":"2026-04-10T23:33:39","slug":"tesla-obd-can-bus-adapter-modell-sx-2021","status":"publish","type":"product","link":"https:\/\/xenonkungen.com\/de\/produkt\/tesla-obd-can-bus-adapter-modell-sx-2021\/","title":{"rendered":"Tesla OBD Canbus Adapter Model S\/X 2021+"},"content":{"rendered":"<section>\n<h2>Mit dem OBD-Canbus-Adapter erhalten Sie die volle Kontrolle \u00fcber Ihren Tesla.<\/h2>\n<p>Suchen Sie nach weiteren Informationen zu Ihrem Auto? Oder m\u00f6chten Sie vielleicht Zubeh\u00f6r wie ein Fahrtenbuch oder einen Lichtrahmen anschlie\u00dfen? Dann ist Ihnen wahrscheinlich schon aufgefallen, dass die Standardanschl\u00fcsse nicht immer passen.<\/p>\n<p>Mit einem <strong>OBD-Canbus-Adapter oder Diagnosekabel<\/strong> Sie erhalten die richtige Verbindung zum Canbus Ihres Tesla \u2013 und das er\u00f6ffnet eine Vielzahl von M\u00f6glichkeiten.<\/p>\n<h3>Wof\u00fcr kann man es verwenden?<\/h3>\n<ul>\n<li>Verbinden Sie ein Fahrtenbuch f\u00fcr Firmenfahrten<\/li>\n<li>Lichtleisten mit coolen Lichteffekten steuern<\/li>\n<li>Schlie\u00dfen Sie einen MX+-Adapter an, um erweiterte Fahrzeugdaten auszulesen.<\/li>\n<\/ul>\n<p>Med <strong>MX+ und die ScanMyTesla-App<\/strong> Zum Beispiel k\u00f6nnen Sie Folgendes sehen:<\/p>\n<ul>\n<li>Batteriekapazit\u00e4t und Batterietemperatur<\/li>\n<li>Echtzeitverbrauch<\/li>\n<li>Detaillierte Informationen zu Ihrer Reichweite<\/li>\n<\/ul>\n<p>MX+ ist erforderlich, um Daten auf beiden Ger\u00e4ten lesen zu k\u00f6nnen. <strong>iPhone und Android<\/strong>.<\/p>\n<p>Die App <strong>ScanMyTesla<\/strong> separat heruntergeladen \u00fcber <em>App Store<\/em> oder <em>Google Play<\/em> - <strong>HINWEIS: Die App ist nicht im Kaufpreis enthalten.<\/strong>.<\/p>\n<p><strong>\u00dcbernehmen Sie noch heute die Kontrolle \u00fcber Ihren Tesla \u2013 mit dem richtigen Adapter f\u00fcr intelligenteres Fahren.<\/strong><\/p>\n<\/section>","protected":false},"excerpt":{"rendered":"<p>F\u00e5 full koll p\u00e5 din Tesla med OBD Canbus-adapter S\u00f6ker du mer information om din bil? Eller kanske vill du koppla in tillbeh\u00f6r som en k\u00f6rjournal eller ljusram? D\u00e5 har du s\u00e4kert m\u00e4rkt att standardkontakterna inte alltid passar. Med en OBD Canbus-adapter eller diagnostikkabel f\u00e5r du r\u00e4tt anslutning till din Teslas Canbus \u2013 och \u00f6ppnar [&hellip;]<\/p>","protected":false},"featured_media":12081,"comment_status":"open","ping_status":"closed","template":"","meta":{"_acf_changed":false,"_smort_price_nok":"315","_smort_price_dkk":"200","_smort_price_eur":"26.82","_smort_sale_price_nok":"","_smort_sale_price_dkk":"","_smort_sale_price_eur":"","smort_restorder":"","shipmondo_restorder":"","_kad_blocks_custom_css":"","_kad_blocks_head_custom_js":"","_kad_blocks_body_custom_js":"","_kad_blocks_footer_custom_js":"","smort_custom_pricelist_1":"188.8","smort_custom_pricelist_2":"188.8","smort_custom_pricelist_3":"188.8","smort_custom_pricelist_4":"236","smort_custom_pricelist_5":"188.8"},"anvandningsomrade":[],"bilmarken":[],"product_brand":[2792],"product_cat":[16],"product_tag":[],"class_list":{"0":"post-12078","1":"product","2":"type-product","3":"status-publish","4":"has-post-thumbnail","6":"product_brand-tesla","7":"product_cat-uncategorized","9":"first","10":"onbackorder","11":"taxable","12":"shipping-taxable","13":"purchasable","14":"product-type-simple"},"bundled_by":[],"bundle_stock_status":"onbackorder","bundle_stock_quantity":-1,"bundle_virtual":false,"bundle_layout":"","bundle_add_to_cart_form_location":"","bundle_editable_in_cart":false,"bundle_sold_individually_context":"","bundle_item_grouping":"","bundle_min_size":"","bundle_max_size":"","bundle_price":[],"bundled_items":[],"bundle_sell_ids":[],"acf":[],"yoast_head":"<!-- This site is optimized with the Yoast SEO plugin v27.0 - https:\/\/yoast.com\/product\/yoast-seo-wordpress\/ -->\n<title>Tesla OBD canbus adapter Model S\/X 2021+ - Xenonkungen<\/title>\n<meta name=\"robots\" content=\"index, follow, max-snippet:-1, max-image-preview:large, max-video-preview:-1\" \/>\n<link rel=\"canonical\" href=\"http:\/\/xenonkungen.com\/de\/produkt\/tesla-obd-can-bus-adapter-modell-sx-2021\/\" \/>\n<meta property=\"og:locale\" content=\"de_DE\" \/>\n<meta property=\"og:type\" content=\"article\" \/>\n<meta property=\"og:title\" content=\"Tesla OBD canbus adapter Model S\/X 2021+ - Xenonkungen\" \/>\n<meta property=\"og:description\" content=\"F\u00e5 full koll p\u00e5 din Tesla med OBD Canbus-adapter S\u00f6ker du mer information om din bil? Eller kanske vill du koppla in tillbeh\u00f6r som en k\u00f6rjournal eller ljusram? D\u00e5 har du s\u00e4kert m\u00e4rkt att standardkontakterna inte alltid passar. Med en OBD Canbus-adapter eller diagnostikkabel f\u00e5r du r\u00e4tt anslutning till din Teslas Canbus \u2013 och \u00f6ppnar [&hellip;]\" \/>\n<meta property=\"og:url\" content=\"http:\/\/xenonkungen.com\/de\/produkt\/tesla-obd-can-bus-adapter-modell-sx-2021\/\" \/>\n<meta property=\"og:site_name\" content=\"Xenonkungen\" \/>\n<meta property=\"article:modified_time\" content=\"2026-04-10T23:33:39+00:00\" \/>\n<meta property=\"og:image\" content=\"https:\/\/xenonkungen.com\/wp-content\/uploads\/2025\/07\/canbus-adapter-obd.webp\" \/>\n\t<meta property=\"og:image:width\" content=\"493\" \/>\n\t<meta property=\"og:image:height\" content=\"657\" \/>\n\t<meta property=\"og:image:type\" content=\"image\/webp\" \/>\n<meta name=\"twitter:card\" content=\"summary_large_image\" \/>\n<meta name=\"twitter:label1\" content=\"Gesch\u00e4tzte Lesezeit\" \/>\n\t<meta name=\"twitter:data1\" content=\"1\u00a0Minute\" \/>\n<script type=\"application\/ld+json\" class=\"yoast-schema-graph\">{\"@context\":\"https:\/\/schema.org\",\"@graph\":[{\"@type\":\"WebPage\",\"@id\":\"http:\/\/xenonkungen.com\/fi\/tuote\/tesla-obd-canbus-sovitin-malli-sx-2021\/\",\"url\":\"http:\/\/xenonkungen.com\/fi\/tuote\/tesla-obd-canbus-sovitin-malli-sx-2021\/\",\"name\":\"Tesla OBD canbus adapter Model S\/X 2021+ - Xenonkungen\",\"isPartOf\":{\"@id\":\"https:\/\/xenonkungen.com\/#website\"},\"primaryImageOfPage\":{\"@id\":\"http:\/\/xenonkungen.com\/fi\/tuote\/tesla-obd-canbus-sovitin-malli-sx-2021\/#primaryimage\"},\"image\":{\"@id\":\"http:\/\/xenonkungen.com\/fi\/tuote\/tesla-obd-canbus-sovitin-malli-sx-2021\/#primaryimage\"},\"thumbnailUrl\":\"https:\/\/xenonkungen.com\/wp-content\/uploads\/2025\/07\/canbus-adapter-obd.webp\",\"datePublished\":\"2025-07-04T12:50:00+00:00\",\"dateModified\":\"2026-04-10T23:33:39+00:00\",\"breadcrumb\":{\"@id\":\"http:\/\/xenonkungen.com\/fi\/tuote\/tesla-obd-canbus-sovitin-malli-sx-2021\/#breadcrumb\"},\"inLanguage\":\"de\",\"potentialAction\":[{\"@type\":\"ReadAction\",\"target\":[\"http:\/\/xenonkungen.com\/fi\/tuote\/tesla-obd-canbus-sovitin-malli-sx-2021\/\"]}]},{\"@type\":\"ImageObject\",\"inLanguage\":\"de\",\"@id\":\"http:\/\/xenonkungen.com\/fi\/tuote\/tesla-obd-canbus-sovitin-malli-sx-2021\/#primaryimage\",\"url\":\"https:\/\/xenonkungen.com\/wp-content\/uploads\/2025\/07\/canbus-adapter-obd.webp\",\"contentUrl\":\"https:\/\/xenonkungen.com\/wp-content\/uploads\/2025\/07\/canbus-adapter-obd.webp\",\"width\":493,\"height\":657},{\"@type\":\"BreadcrumbList\",\"@id\":\"http:\/\/xenonkungen.com\/fi\/tuote\/tesla-obd-canbus-sovitin-malli-sx-2021\/#breadcrumb\",\"itemListElement\":[{\"@type\":\"ListItem\",\"position\":1,\"name\":\"Hem\",\"item\":\"https:\/\/xenonkungen.com\/\"},{\"@type\":\"ListItem\",\"position\":2,\"name\":\"Shop\",\"item\":\"https:\/\/xenonkungen.com\/shop\/\"},{\"@type\":\"ListItem\",\"position\":3,\"name\":\"Tesla OBD canbus adapter Model S\/X 2021+\"}]},{\"@type\":\"WebSite\",\"@id\":\"https:\/\/xenonkungen.com\/#website\",\"url\":\"https:\/\/xenonkungen.com\/\",\"name\":\"Xenonkungen\",\"description\":\"\",\"potentialAction\":[{\"@type\":\"SearchAction\",\"target\":{\"@type\":\"EntryPoint\",\"urlTemplate\":\"https:\/\/xenonkungen.com\/?s={search_term_string}\"},\"query-input\":{\"@type\":\"PropertyValueSpecification\",\"valueRequired\":true,\"valueName\":\"search_term_string\"}}],\"inLanguage\":\"de\"}]}<\/script>\n<!-- \/ Yoast SEO plugin. -->","yoast_head_json":{"title":"Tesla OBD CAN-Bus-Adapter Model S\/X ab 2021 \u2013 Der Xenon-K\u00f6nig","robots":{"index":"index","follow":"follow","max-snippet":"max-snippet:-1","max-image-preview":"max-image-preview:large","max-video-preview":"max-video-preview:-1"},"canonical":"http:\/\/xenonkungen.com\/de\/produkt\/tesla-obd-can-bus-adapter-modell-sx-2021\/","og_locale":"de_DE","og_type":"article","og_title":"Tesla OBD canbus adapter Model S\/X 2021+ - Xenonkungen","og_description":"F\u00e5 full koll p\u00e5 din Tesla med OBD Canbus-adapter S\u00f6ker du mer information om din bil? Eller kanske vill du koppla in tillbeh\u00f6r som en k\u00f6rjournal eller ljusram? D\u00e5 har du s\u00e4kert m\u00e4rkt att standardkontakterna inte alltid passar. Med en OBD Canbus-adapter eller diagnostikkabel f\u00e5r du r\u00e4tt anslutning till din Teslas Canbus \u2013 och \u00f6ppnar [&hellip;]","og_url":"http:\/\/xenonkungen.com\/de\/produkt\/tesla-obd-can-bus-adapter-modell-sx-2021\/","og_site_name":"Xenonkungen","article_modified_time":"2026-04-10T23:33:39+00:00","og_image":[{"width":493,"height":657,"url":"https:\/\/xenonkungen.com\/wp-content\/uploads\/2025\/07\/canbus-adapter-obd.webp","type":"image\/webp"}],"twitter_card":"summary_large_image","twitter_misc":{"Gesch\u00e4tzte Lesezeit":"1\u00a0Minute"},"schema":{"@context":"https:\/\/schema.org","@graph":[{"@type":"WebPage","@id":"http:\/\/xenonkungen.com\/fi\/tuote\/tesla-obd-canbus-sovitin-malli-sx-2021\/","url":"http:\/\/xenonkungen.com\/fi\/tuote\/tesla-obd-canbus-sovitin-malli-sx-2021\/","name":"Tesla OBD CAN-Bus-Adapter Model S\/X ab 2021 \u2013 Der Xenon-K\u00f6nig","isPartOf":{"@id":"https:\/\/xenonkungen.com\/#website"},"primaryImageOfPage":{"@id":"http:\/\/xenonkungen.com\/fi\/tuote\/tesla-obd-canbus-sovitin-malli-sx-2021\/#primaryimage"},"image":{"@id":"http:\/\/xenonkungen.com\/fi\/tuote\/tesla-obd-canbus-sovitin-malli-sx-2021\/#primaryimage"},"thumbnailUrl":"https:\/\/xenonkungen.com\/wp-content\/uploads\/2025\/07\/canbus-adapter-obd.webp","datePublished":"2025-07-04T12:50:00+00:00","dateModified":"2026-04-10T23:33:39+00:00","breadcrumb":{"@id":"http:\/\/xenonkungen.com\/fi\/tuote\/tesla-obd-canbus-sovitin-malli-sx-2021\/#breadcrumb"},"inLanguage":"de","potentialAction":[{"@type":"ReadAction","target":["http:\/\/xenonkungen.com\/fi\/tuote\/tesla-obd-canbus-sovitin-malli-sx-2021\/"]}]},{"@type":"ImageObject","inLanguage":"de","@id":"http:\/\/xenonkungen.com\/fi\/tuote\/tesla-obd-canbus-sovitin-malli-sx-2021\/#primaryimage","url":"https:\/\/xenonkungen.com\/wp-content\/uploads\/2025\/07\/canbus-adapter-obd.webp","contentUrl":"https:\/\/xenonkungen.com\/wp-content\/uploads\/2025\/07\/canbus-adapter-obd.webp","width":493,"height":657},{"@type":"BreadcrumbList","@id":"http:\/\/xenonkungen.com\/fi\/tuote\/tesla-obd-canbus-sovitin-malli-sx-2021\/#breadcrumb","itemListElement":[{"@type":"ListItem","position":1,"name":"Hem","item":"https:\/\/xenonkungen.com\/"},{"@type":"ListItem","position":2,"name":"Shop","item":"https:\/\/xenonkungen.com\/shop\/"},{"@type":"ListItem","position":3,"name":"Tesla OBD canbus adapter Model S\/X 2021+"}]},{"@type":"WebSite","@id":"https:\/\/xenonkungen.com\/#website","url":"https:\/\/xenonkungen.com\/","name":"Xenonkungen","description":"","potentialAction":[{"@type":"SearchAction","target":{"@type":"EntryPoint","urlTemplate":"https:\/\/xenonkungen.com\/?s={search_term_string}"},"query-input":{"@type":"PropertyValueSpecification","valueRequired":true,"valueName":"search_term_string"}}],"inLanguage":"de"}]}},"taxonomy_info":{"product_brand":[{"value":2792,"label":"TESLA"}],"product_cat":[{"value":16,"label":"Uncategorized"}]},"featured_image_src_large":["https:\/\/xenonkungen.com\/wp-content\/uploads\/2025\/07\/canbus-adapter-obd.webp",493,657,false],"author_info":[],"comment_info":0,"_links":{"self":[{"href":"https:\/\/xenonkungen.com\/de\/wp-json\/wp\/v2\/product\/12078","targetHints":{"allow":["GET"]}}],"collection":[{"href":"https:\/\/xenonkungen.com\/de\/wp-json\/wp\/v2\/product"}],"about":[{"href":"https:\/\/xenonkungen.com\/de\/wp-json\/wp\/v2\/types\/product"}],"replies":[{"embeddable":true,"href":"https:\/\/xenonkungen.com\/de\/wp-json\/wp\/v2\/comments?post=12078"}],"wp:featuredmedia":[{"embeddable":true,"href":"https:\/\/xenonkungen.com\/de\/wp-json\/wp\/v2\/media\/12081"}],"wp:attachment":[{"href":"https:\/\/xenonkungen.com\/de\/wp-json\/wp\/v2\/media?parent=12078"}],"wp:term":[{"taxonomy":"anvandningsomrade","embeddable":true,"href":"https:\/\/xenonkungen.com\/de\/wp-json\/wp\/v2\/anvandningsomrade?post=12078"},{"taxonomy":"bilmarken","embeddable":true,"href":"https:\/\/xenonkungen.com\/de\/wp-json\/wp\/v2\/bilmarken?post=12078"},{"taxonomy":"product_brand","embeddable":true,"href":"https:\/\/xenonkungen.com\/de\/wp-json\/wp\/v2\/product_brand?post=12078"},{"taxonomy":"product_cat","embeddable":true,"href":"https:\/\/xenonkungen.com\/de\/wp-json\/wp\/v2\/product_cat?post=12078"},{"taxonomy":"product_tag","embeddable":true,"href":"https:\/\/xenonkungen.com\/de\/wp-json\/wp\/v2\/product_tag?post=12078"}],"curies":[{"name":"wp","href":"https:\/\/api.w.org\/{rel}","templated":true}]}}