{"id":12124,"date":"2025-07-04T13:16:35","date_gmt":"2025-07-04T13:16:35","guid":{"rendered":"https:\/\/xenonkungen.com\/?post_type=product&#038;p=12124"},"modified":"2026-04-11T00:33:58","modified_gmt":"2026-04-10T23:33:58","slug":"kleines-paket-3d-max-pider-tesla-model-s-2021","status":"publish","type":"product","link":"https:\/\/xenonkungen.com\/de\/produkt\/kleines-paket-3d-max-pider-tesla-model-s-2021\/","title":{"rendered":"Kleines Paket 3D Maxpider Tesla Model S 2021+"},"content":{"rendered":"<section>\n<h2>3D Maxpider \u2013 Premium-Fu\u00dfmatten f\u00fcr Tesla Model S<\/h2>\n<p>In diesem Paket erhalten Sie unser beliebtes <strong>3D Maxpider Teppiche<\/strong> f\u00fcr das Tesla Model S \u2013 ein komplettes Set, das die gesamte Kabine sowie Matten f\u00fcr den vorderen Bereich und den Kofferraum umfasst.<\/p>\n<p>Dank an <strong>Das 3D-Design<\/strong> Die Matten passen sich exakt dem Fahrzeugboden an, was f\u00fcr eine <strong>Maximaler Schutz vor Schmutz, Schlamm, Wasser und Kies<\/strong>Die hohen R\u00e4nder sorgen daf\u00fcr, dass nichts auf den originalen Innenraum des Fahrzeugs gelangt.<\/p>\n<p>Das Exklusive <strong>das leichte Material<\/strong> Sie vereinen Langlebigkeit mit Eleganz und verleihen den Teppichen ein hochwertiges Flair. Dar\u00fcber hinaus sind sie <strong>v\u00f6llig geruchlos<\/strong> \u2013 Kein starker chemischer Geruch beim Auspacken.<\/p>\n<p><strong>Der Formguss<\/strong> ist speziell auf das Tesla Model S abgestimmt und sorgt daf\u00fcr, dass jede Matte perfekt an ihrem Platz liegt \u2013 ohne zu verrutschen.<\/p>\n<h3>Dieses Paket beinhaltet:<\/h3>\n<ul>\n<li>Fu\u00dfmatte f\u00fcr Vordersitze (links und rechts)<\/li>\n<li>Fu\u00dfmatte f\u00fcr R\u00fccksitze<\/li>\n<li>Kofferraummatte (hinten)<\/li>\n<li>Fu\u00dfmatte (vorne)<\/li>\n<\/ul>\n<h3>Geeignet f\u00fcr:<\/h3>\n<ul>\n<li>Tesla Model S (alle Modelljahre \u2013 bitte bei der Bestellung die Passform f\u00fcr das Facelift-Modell pr\u00fcfen)<\/li>\n<\/ul>\n<p><strong>Sch\u00fctzen Sie Ihr Tesla Model S mit den exklusivsten Fu\u00dfmatten auf dem Markt \u2013 3D Maxpider ist die Wahl f\u00fcr alle, die keine Kompromisse bei Qualit\u00e4t und Funktion eingehen.<\/strong><\/p>\n<\/section>","protected":false},"excerpt":{"rendered":"<p>3D Maxpider \u2013 Premium golvmattor till Tesla Model S I detta paket f\u00e5r du v\u00e5ra omtyckta 3D Maxpider-mattor till Tesla Model S \u2013 ett komplett set som inkluderar hela kup\u00e9n, samt mattor till b\u00e5de frunken och bagageutrymmet. Tack vare 3D-designen formar sig mattorna exakt efter bilens golv, vilket ger ett maximalt skydd mot smuts, lera, [&hellip;]<\/p>","protected":false},"featured_media":12131,"comment_status":"open","ping_status":"closed","template":"","meta":{"_acf_changed":false,"_smort_price_nok":"3733","_smort_price_dkk":"2372","_smort_price_eur":"317.71","_smort_sale_price_nok":"","_smort_sale_price_dkk":"","_smort_sale_price_eur":"269.99","smort_restorder":"","shipmondo_restorder":"","_kad_blocks_custom_css":"","_kad_blocks_head_custom_js":"","_kad_blocks_body_custom_js":"","_kad_blocks_footer_custom_js":"","smort_custom_pricelist_1":"2516.4","smort_custom_pricelist_2":"2516.4","smort_custom_pricelist_3":"2516.4","smort_custom_pricelist_4":"2796","smort_custom_pricelist_5":"2516.4"},"anvandningsomrade":[],"bilmarken":[],"product_brand":[2792],"product_cat":[2809],"product_tag":[],"class_list":{"0":"post-12124","1":"product","2":"type-product","3":"status-publish","4":"has-post-thumbnail","6":"product_brand-tesla","7":"product_cat-mattpaket","9":"first","10":"instock","11":"taxable","12":"shipping-taxable","13":"purchasable","14":"product-type-simple"},"bundled_by":[],"bundle_stock_status":"instock","bundle_stock_quantity":1,"bundle_virtual":false,"bundle_layout":"","bundle_add_to_cart_form_location":"","bundle_editable_in_cart":false,"bundle_sold_individually_context":"","bundle_item_grouping":"","bundle_min_size":"","bundle_max_size":"","bundle_price":[],"bundled_items":[],"bundle_sell_ids":[],"acf":[],"yoast_head":"<!-- This site is optimized with the Yoast SEO plugin v27.0 - https:\/\/yoast.com\/product\/yoast-seo-wordpress\/ -->\n<title>Litet Paket 3D Maxpider Tesla Model S 2021+ - Xenonkungen<\/title>\n<meta name=\"robots\" content=\"index, follow, max-snippet:-1, max-image-preview:large, max-video-preview:-1\" \/>\n<link rel=\"canonical\" href=\"https:\/\/xenonkungen.com\/de\/produkt\/kleines-paket-3d-max-pider-tesla-model-s-2021\/\" \/>\n<meta property=\"og:locale\" content=\"de_DE\" \/>\n<meta property=\"og:type\" content=\"article\" \/>\n<meta property=\"og:title\" content=\"Litet Paket 3D Maxpider Tesla Model S 2021+ - Xenonkungen\" \/>\n<meta property=\"og:description\" content=\"3D Maxpider \u2013 Premium golvmattor till Tesla Model S I detta paket f\u00e5r du v\u00e5ra omtyckta 3D Maxpider-mattor till Tesla Model S \u2013 ett komplett set som inkluderar hela kup\u00e9n, samt mattor till b\u00e5de frunken och bagageutrymmet. Tack vare 3D-designen formar sig mattorna exakt efter bilens golv, vilket ger ett maximalt skydd mot smuts, lera, [&hellip;]\" \/>\n<meta property=\"og:url\" content=\"https:\/\/xenonkungen.com\/de\/produkt\/kleines-paket-3d-max-pider-tesla-model-s-2021\/\" \/>\n<meta property=\"og:site_name\" content=\"Xenonkungen\" \/>\n<meta property=\"article:modified_time\" content=\"2026-04-10T23:33:58+00:00\" \/>\n<meta property=\"og:image\" content=\"https:\/\/xenonkungen.com\/wp-content\/uploads\/2025\/07\/Skarmavbild2023-11-21kl.11.47.06.webp\" \/>\n\t<meta property=\"og:image:width\" content=\"493\" \/>\n\t<meta property=\"og:image:height\" content=\"667\" \/>\n\t<meta property=\"og:image:type\" content=\"image\/webp\" \/>\n<meta name=\"twitter:card\" content=\"summary_large_image\" \/>\n<meta name=\"twitter:label1\" content=\"Gesch\u00e4tzte Lesezeit\" \/>\n\t<meta name=\"twitter:data1\" content=\"2\u00a0Minuten\" \/>\n<script type=\"application\/ld+json\" class=\"yoast-schema-graph\">{\"@context\":\"https:\/\/schema.org\",\"@graph\":[{\"@type\":\"WebPage\",\"@id\":\"https:\/\/xenonkungen.com\/no\/produkt\/litet-paket-3d-maxpider-tesla-model-s-2021\/\",\"url\":\"https:\/\/xenonkungen.com\/no\/produkt\/litet-paket-3d-maxpider-tesla-model-s-2021\/\",\"name\":\"Litet Paket 3D Maxpider Tesla Model S 2021+ - Xenonkungen\",\"isPartOf\":{\"@id\":\"https:\/\/xenonkungen.com\/#website\"},\"primaryImageOfPage\":{\"@id\":\"https:\/\/xenonkungen.com\/no\/produkt\/litet-paket-3d-maxpider-tesla-model-s-2021\/#primaryimage\"},\"image\":{\"@id\":\"https:\/\/xenonkungen.com\/no\/produkt\/litet-paket-3d-maxpider-tesla-model-s-2021\/#primaryimage\"},\"thumbnailUrl\":\"https:\/\/xenonkungen.com\/wp-content\/uploads\/2025\/07\/Skarmavbild2023-11-21kl.11.47.06.webp\",\"datePublished\":\"2025-07-04T13:16:35+00:00\",\"dateModified\":\"2026-04-10T23:33:58+00:00\",\"breadcrumb\":{\"@id\":\"https:\/\/xenonkungen.com\/no\/produkt\/litet-paket-3d-maxpider-tesla-model-s-2021\/#breadcrumb\"},\"inLanguage\":\"de\",\"potentialAction\":[{\"@type\":\"ReadAction\",\"target\":[\"https:\/\/xenonkungen.com\/no\/produkt\/litet-paket-3d-maxpider-tesla-model-s-2021\/\"]}]},{\"@type\":\"ImageObject\",\"inLanguage\":\"de\",\"@id\":\"https:\/\/xenonkungen.com\/no\/produkt\/litet-paket-3d-maxpider-tesla-model-s-2021\/#primaryimage\",\"url\":\"https:\/\/xenonkungen.com\/wp-content\/uploads\/2025\/07\/Skarmavbild2023-11-21kl.11.47.06.webp\",\"contentUrl\":\"https:\/\/xenonkungen.com\/wp-content\/uploads\/2025\/07\/Skarmavbild2023-11-21kl.11.47.06.webp\",\"width\":493,\"height\":667},{\"@type\":\"BreadcrumbList\",\"@id\":\"https:\/\/xenonkungen.com\/no\/produkt\/litet-paket-3d-maxpider-tesla-model-s-2021\/#breadcrumb\",\"itemListElement\":[{\"@type\":\"ListItem\",\"position\":1,\"name\":\"Hem\",\"item\":\"https:\/\/xenonkungen.com\/\"},{\"@type\":\"ListItem\",\"position\":2,\"name\":\"Shop\",\"item\":\"https:\/\/xenonkungen.com\/shop\/\"},{\"@type\":\"ListItem\",\"position\":3,\"name\":\"Litet Paket 3D Maxpider Tesla Model S 2021+\"}]},{\"@type\":\"WebSite\",\"@id\":\"https:\/\/xenonkungen.com\/#website\",\"url\":\"https:\/\/xenonkungen.com\/\",\"name\":\"Xenonkungen\",\"description\":\"\",\"potentialAction\":[{\"@type\":\"SearchAction\",\"target\":{\"@type\":\"EntryPoint\",\"urlTemplate\":\"https:\/\/xenonkungen.com\/?s={search_term_string}\"},\"query-input\":{\"@type\":\"PropertyValueSpecification\",\"valueRequired\":true,\"valueName\":\"search_term_string\"}}],\"inLanguage\":\"de\"}]}<\/script>\n<!-- \/ Yoast SEO plugin. -->","yoast_head_json":{"title":"Small Package 3D Maxpider Tesla Model S 2021+ - Xenonkungen","robots":{"index":"index","follow":"follow","max-snippet":"max-snippet:-1","max-image-preview":"max-image-preview:large","max-video-preview":"max-video-preview:-1"},"canonical":"https:\/\/xenonkungen.com\/de\/produkt\/kleines-paket-3d-max-pider-tesla-model-s-2021\/","og_locale":"de_DE","og_type":"article","og_title":"Litet Paket 3D Maxpider Tesla Model S 2021+ - Xenonkungen","og_description":"3D Maxpider \u2013 Premium golvmattor till Tesla Model S I detta paket f\u00e5r du v\u00e5ra omtyckta 3D Maxpider-mattor till Tesla Model S \u2013 ett komplett set som inkluderar hela kup\u00e9n, samt mattor till b\u00e5de frunken och bagageutrymmet. Tack vare 3D-designen formar sig mattorna exakt efter bilens golv, vilket ger ett maximalt skydd mot smuts, lera, [&hellip;]","og_url":"https:\/\/xenonkungen.com\/de\/produkt\/kleines-paket-3d-max-pider-tesla-model-s-2021\/","og_site_name":"Xenonkungen","article_modified_time":"2026-04-10T23:33:58+00:00","og_image":[{"width":493,"height":667,"url":"https:\/\/xenonkungen.com\/wp-content\/uploads\/2025\/07\/Skarmavbild2023-11-21kl.11.47.06.webp","type":"image\/webp"}],"twitter_card":"summary_large_image","twitter_misc":{"Gesch\u00e4tzte Lesezeit":"2\u00a0Minuten"},"schema":{"@context":"https:\/\/schema.org","@graph":[{"@type":"WebPage","@id":"https:\/\/xenonkungen.com\/no\/produkt\/litet-paket-3d-maxpider-tesla-model-s-2021\/","url":"https:\/\/xenonkungen.com\/no\/produkt\/litet-paket-3d-maxpider-tesla-model-s-2021\/","name":"Small Package 3D Maxpider Tesla Model S 2021+ - Xenonkungen","isPartOf":{"@id":"https:\/\/xenonkungen.com\/#website"},"primaryImageOfPage":{"@id":"https:\/\/xenonkungen.com\/no\/produkt\/litet-paket-3d-maxpider-tesla-model-s-2021\/#primaryimage"},"image":{"@id":"https:\/\/xenonkungen.com\/no\/produkt\/litet-paket-3d-maxpider-tesla-model-s-2021\/#primaryimage"},"thumbnailUrl":"https:\/\/xenonkungen.com\/wp-content\/uploads\/2025\/07\/Skarmavbild2023-11-21kl.11.47.06.webp","datePublished":"2025-07-04T13:16:35+00:00","dateModified":"2026-04-10T23:33:58+00:00","breadcrumb":{"@id":"https:\/\/xenonkungen.com\/no\/produkt\/litet-paket-3d-maxpider-tesla-model-s-2021\/#breadcrumb"},"inLanguage":"de","potentialAction":[{"@type":"ReadAction","target":["https:\/\/xenonkungen.com\/no\/produkt\/litet-paket-3d-maxpider-tesla-model-s-2021\/"]}]},{"@type":"ImageObject","inLanguage":"de","@id":"https:\/\/xenonkungen.com\/no\/produkt\/litet-paket-3d-maxpider-tesla-model-s-2021\/#primaryimage","url":"https:\/\/xenonkungen.com\/wp-content\/uploads\/2025\/07\/Skarmavbild2023-11-21kl.11.47.06.webp","contentUrl":"https:\/\/xenonkungen.com\/wp-content\/uploads\/2025\/07\/Skarmavbild2023-11-21kl.11.47.06.webp","width":493,"height":667},{"@type":"BreadcrumbList","@id":"https:\/\/xenonkungen.com\/no\/produkt\/litet-paket-3d-maxpider-tesla-model-s-2021\/#breadcrumb","itemListElement":[{"@type":"ListItem","position":1,"name":"Hem","item":"https:\/\/xenonkungen.com\/"},{"@type":"ListItem","position":2,"name":"Shop","item":"https:\/\/xenonkungen.com\/shop\/"},{"@type":"ListItem","position":3,"name":"Litet Paket 3D Maxpider Tesla Model S 2021+"}]},{"@type":"WebSite","@id":"https:\/\/xenonkungen.com\/#website","url":"https:\/\/xenonkungen.com\/","name":"Xenonkungen","description":"","potentialAction":[{"@type":"SearchAction","target":{"@type":"EntryPoint","urlTemplate":"https:\/\/xenonkungen.com\/?s={search_term_string}"},"query-input":{"@type":"PropertyValueSpecification","valueRequired":true,"valueName":"search_term_string"}}],"inLanguage":"de"}]}},"taxonomy_info":{"product_brand":[{"value":2792,"label":"TESLA"}],"product_cat":[{"value":2809,"label":"Mattpaket"}]},"featured_image_src_large":["https:\/\/xenonkungen.com\/wp-content\/uploads\/2025\/07\/Skarmavbild2023-11-21kl.11.47.06.webp",493,667,false],"author_info":[],"comment_info":0,"_links":{"self":[{"href":"https:\/\/xenonkungen.com\/de\/wp-json\/wp\/v2\/product\/12124","targetHints":{"allow":["GET"]}}],"collection":[{"href":"https:\/\/xenonkungen.com\/de\/wp-json\/wp\/v2\/product"}],"about":[{"href":"https:\/\/xenonkungen.com\/de\/wp-json\/wp\/v2\/types\/product"}],"replies":[{"embeddable":true,"href":"https:\/\/xenonkungen.com\/de\/wp-json\/wp\/v2\/comments?post=12124"}],"wp:featuredmedia":[{"embeddable":true,"href":"https:\/\/xenonkungen.com\/de\/wp-json\/wp\/v2\/media\/12131"}],"wp:attachment":[{"href":"https:\/\/xenonkungen.com\/de\/wp-json\/wp\/v2\/media?parent=12124"}],"wp:term":[{"taxonomy":"anvandningsomrade","embeddable":true,"href":"https:\/\/xenonkungen.com\/de\/wp-json\/wp\/v2\/anvandningsomrade?post=12124"},{"taxonomy":"bilmarken","embeddable":true,"href":"https:\/\/xenonkungen.com\/de\/wp-json\/wp\/v2\/bilmarken?post=12124"},{"taxonomy":"product_brand","embeddable":true,"href":"https:\/\/xenonkungen.com\/de\/wp-json\/wp\/v2\/product_brand?post=12124"},{"taxonomy":"product_cat","embeddable":true,"href":"https:\/\/xenonkungen.com\/de\/wp-json\/wp\/v2\/product_cat?post=12124"},{"taxonomy":"product_tag","embeddable":true,"href":"https:\/\/xenonkungen.com\/de\/wp-json\/wp\/v2\/product_tag?post=12124"}],"curies":[{"name":"wp","href":"https:\/\/api.w.org\/{rel}","templated":true}]}}