{"id":1217,"date":"2025-04-15T08:01:28","date_gmt":"2025-04-15T08:01:28","guid":{"rendered":"https:\/\/xenonkungen.com\/product\/t10w5w-super-canbus-5w\/"},"modified":"2026-04-24T16:53:51","modified_gmt":"2026-04-24T15:53:51","slug":"t10w5w-super-can-bus-5w","status":"publish","type":"product","link":"https:\/\/xenonkungen.com\/de\/produkt\/t10w5w-super-can-bus-5w\/","title":{"rendered":"T10|W5W Super Canbus | 5W"},"content":{"rendered":"<p>Diese Lampe erzeugt ein helles, wei\u00dfes Licht, das sich rundum und nach oben w\u00f6lbt.<br \/>\nSie kann alle W5W-Gl\u00fchbirnen per Plug-and-Play ersetzen, auch wenn das Fahrzeug keinen Canbus ben\u00f6tigt. Diese Gl\u00fchbirne wurde entwickelt, um Lampenausfallwarnungen in modernen Autos zu eliminieren, daher spielt sie dort ihre beste Rolle aus.<\/p>\n<p><strong>Spezifikationen<\/strong><br \/>\nT10 Super Canbus | 5W<br \/>\nSockel: T10 W5W<br \/>\nCanbus: Ja, 5,4 W<br \/>\nLumen: 470 lm<br \/>\nFarbtemperatur: 6500K<br \/>\nSpannung: 9\u201330 V Gleichstrom<\/p>\n<p><strong>Gut zu wissen<\/strong><br \/>\nEine herk\u00f6mmliche W5W-Halogenlampe liefert etwa 50 Lumen, w\u00e4hrend diese Lampe volle 470 Lumen liefert, was bedeutet, dass sie an manchen Montageorten zu hell sein kann.<br \/>\nWir haben auch andere T10-Lampen in unserem Sortiment, die weniger Licht abgeben.<\/p>\n<p><strong>B\u00fcrgschaft:<\/strong> 2 Jahre<\/p>\n<p><strong>Lieferumfang:<\/strong> 2 St\u00fcck \/ 1 Paar T10 Super Canbus LED<\/p>","protected":false},"excerpt":{"rendered":"<p>Diese Canbus-f\u00e4hige LED-Lampe W5W mit starker Diode ist insgesamt <b> 5,4 W mit beeindruckenden 470 lm<\/b><\/p>\n<p><b>Multivolt 9-30VDC <\/b>das f\u00fcr verschiedene Zwecke verwendet werden kann.<\/p>\n<p>Positionsleuchten, Kennzeichenleuchten, Innenbeleuchtung usw., wo Sie eine gute, CAN-Bus-kompatible Lampe ben\u00f6tigen.<\/p>\n<p><b>Premium-LED-Lampe<br \/>\n<\/b> Sockel: T10 W5W<br \/>\nCanbus: Ja, 5,4 W<br \/>\nLumen: 470 lm<br \/>\nFarbtemperatur: 6500K<br \/>\nSpannung: 9-30VDC<br \/>\nGarantie: 2 Jahre<\/p>\n<p><b>Inhalt der Lieferung<\/b> Lieferung paarweise<\/p>","protected":false},"featured_media":1218,"comment_status":"closed","ping_status":"closed","template":"","meta":{"_acf_changed":false,"_smort_price_nok":"287","_smort_price_dkk":"183","_smort_price_eur":"24.45","_smort_sale_price_nok":"","_smort_sale_price_dkk":"","_smort_sale_price_eur":"","smort_restorder":"","shipmondo_restorder":"","_kad_blocks_custom_css":"","_kad_blocks_head_custom_js":"","_kad_blocks_body_custom_js":"","_kad_blocks_footer_custom_js":"","smort_custom_pricelist_1":"172.16","smort_custom_pricelist_2":"150.64","smort_custom_pricelist_3":"143.11","smort_custom_pricelist_4":"215.2","smort_custom_pricelist_5":"150.64"},"anvandningsomrade":[],"bilmarken":[],"product_brand":[117],"product_cat":[2533,338],"product_tag":[],"class_list":{"0":"post-1217","1":"product","2":"type-product","3":"status-publish","4":"has-post-thumbnail","6":"product_brand-xenonkungen","7":"product_cat-t10-diodlampor","8":"product_cat-diodlampor","9":"pa_faktisk-effekts-forbrukning-385","10":"pa_fargtemperatur-6500k","11":"pa_lampsockel-kontakt-t10-w5w","12":"pa_storlek-mm-384","13":"pa_volt-v-12-24-multivolt","15":"first","16":"instock","17":"taxable","18":"shipping-taxable","19":"purchasable","20":"product-type-simple"},"bundled_by":[],"bundle_stock_status":"instock","bundle_stock_quantity":149,"bundle_virtual":false,"bundle_layout":"","bundle_add_to_cart_form_location":"","bundle_editable_in_cart":false,"bundle_sold_individually_context":"","bundle_item_grouping":"","bundle_min_size":"","bundle_max_size":"","bundle_price":[],"bundled_items":[],"bundle_sell_ids":[],"acf":[],"yoast_head":"<!-- This site is optimized with the Yoast SEO plugin v27.0 - https:\/\/yoast.com\/product\/yoast-seo-wordpress\/ -->\n<title>T10|W5W Super Canbus | 5W - Xenonkungen<\/title>\n<meta name=\"robots\" content=\"index, follow, max-snippet:-1, max-image-preview:large, max-video-preview:-1\" \/>\n<link rel=\"canonical\" href=\"https:\/\/xenonkungen.com\/de\/produkt\/t10w5w-super-can-bus-5w\/\" \/>\n<meta property=\"og:locale\" content=\"de_DE\" \/>\n<meta property=\"og:type\" content=\"article\" \/>\n<meta property=\"og:title\" content=\"T10|W5W Super Canbus | 5W - Xenonkungen\" \/>\n<meta property=\"og:description\" content=\"Denna Canbus starka diod led lampan W5W \u00e4r p\u00e5 hela 5,4w med hela 470lm  Mulivolt 9-30VDC som kan anv\u00e4ndas till flera olika \u00e4ndam\u00e5l .  Positionsljus , Reg belysning , Innerbelysning mm d\u00e4r du beh\u00f6ver en bra canbus s\u00e4ker lampa .  Premium diodlampa  Sockel: T10 W5W Canbus: Ja , 5.4W Lumen: 470lm F\u00e4rgtemperatur: 6500K Volt: 9-30VDC Garanti: 2 \u00e5r  Leveransinneh\u00e5ll Levereras parvis\" \/>\n<meta property=\"og:url\" content=\"https:\/\/xenonkungen.com\/de\/produkt\/t10w5w-super-can-bus-5w\/\" \/>\n<meta property=\"og:site_name\" content=\"Xenonkungen\" \/>\n<meta property=\"article:modified_time\" content=\"2026-04-24T15:53:51+00:00\" \/>\n<meta property=\"og:image\" content=\"https:\/\/xenonkungen.com\/wp-content\/uploads\/2025\/04\/169699553-origpic-926902.png\" \/>\n\t<meta property=\"og:image:width\" content=\"1000\" \/>\n\t<meta property=\"og:image:height\" content=\"1000\" \/>\n\t<meta property=\"og:image:type\" content=\"image\/png\" \/>\n<meta name=\"twitter:card\" content=\"summary_large_image\" \/>\n<meta name=\"twitter:label1\" content=\"Gesch\u00e4tzte Lesezeit\" \/>\n\t<meta name=\"twitter:data1\" content=\"1\u00a0Minute\" \/>\n<script type=\"application\/ld+json\" class=\"yoast-schema-graph\">{\"@context\":\"https:\/\/schema.org\",\"@graph\":[{\"@type\":\"WebPage\",\"@id\":\"https:\/\/xenonkungen.com\/nl\/product\/t10w5w-super-canbus-5w\/\",\"url\":\"https:\/\/xenonkungen.com\/nl\/product\/t10w5w-super-canbus-5w\/\",\"name\":\"T10|W5W Super Canbus | 5W - Xenonkungen\",\"isPartOf\":{\"@id\":\"https:\/\/xenonkungen.com\/#website\"},\"primaryImageOfPage\":{\"@id\":\"https:\/\/xenonkungen.com\/nl\/product\/t10w5w-super-canbus-5w\/#primaryimage\"},\"image\":{\"@id\":\"https:\/\/xenonkungen.com\/nl\/product\/t10w5w-super-canbus-5w\/#primaryimage\"},\"thumbnailUrl\":\"https:\/\/xenonkungen.com\/wp-content\/uploads\/2025\/04\/169699553-origpic-926902.png\",\"datePublished\":\"2025-04-15T08:01:28+00:00\",\"dateModified\":\"2026-04-24T15:53:51+00:00\",\"breadcrumb\":{\"@id\":\"https:\/\/xenonkungen.com\/nl\/product\/t10w5w-super-canbus-5w\/#breadcrumb\"},\"inLanguage\":\"de\",\"potentialAction\":[{\"@type\":\"ReadAction\",\"target\":[\"https:\/\/xenonkungen.com\/nl\/product\/t10w5w-super-canbus-5w\/\"]}]},{\"@type\":\"ImageObject\",\"inLanguage\":\"de\",\"@id\":\"https:\/\/xenonkungen.com\/nl\/product\/t10w5w-super-canbus-5w\/#primaryimage\",\"url\":\"https:\/\/xenonkungen.com\/wp-content\/uploads\/2025\/04\/169699553-origpic-926902.png\",\"contentUrl\":\"https:\/\/xenonkungen.com\/wp-content\/uploads\/2025\/04\/169699553-origpic-926902.png\",\"width\":1000,\"height\":1000},{\"@type\":\"BreadcrumbList\",\"@id\":\"https:\/\/xenonkungen.com\/nl\/product\/t10w5w-super-canbus-5w\/#breadcrumb\",\"itemListElement\":[{\"@type\":\"ListItem\",\"position\":1,\"name\":\"Hem\",\"item\":\"https:\/\/xenonkungen.com\/\"},{\"@type\":\"ListItem\",\"position\":2,\"name\":\"Shop\",\"item\":\"https:\/\/xenonkungen.com\/shop\/\"},{\"@type\":\"ListItem\",\"position\":3,\"name\":\"T10|W5W Super Canbus | 5W\"}]},{\"@type\":\"WebSite\",\"@id\":\"https:\/\/xenonkungen.com\/#website\",\"url\":\"https:\/\/xenonkungen.com\/\",\"name\":\"Xenonkungen\",\"description\":\"\",\"potentialAction\":[{\"@type\":\"SearchAction\",\"target\":{\"@type\":\"EntryPoint\",\"urlTemplate\":\"https:\/\/xenonkungen.com\/?s={search_term_string}\"},\"query-input\":{\"@type\":\"PropertyValueSpecification\",\"valueRequired\":true,\"valueName\":\"search_term_string\"}}],\"inLanguage\":\"de\"}]}<\/script>\n<!-- \/ Yoast SEO plugin. -->","yoast_head_json":{"title":"T10|W5W Super Canbus | 5W \u2013 Der Xenon-K\u00f6nig","robots":{"index":"index","follow":"follow","max-snippet":"max-snippet:-1","max-image-preview":"max-image-preview:large","max-video-preview":"max-video-preview:-1"},"canonical":"https:\/\/xenonkungen.com\/de\/produkt\/t10w5w-super-can-bus-5w\/","og_locale":"de_DE","og_type":"article","og_title":"T10|W5W Super Canbus | 5W - Xenonkungen","og_description":"Denna Canbus starka diod led lampan W5W \u00e4r p\u00e5 hela 5,4w med hela 470lm  Mulivolt 9-30VDC som kan anv\u00e4ndas till flera olika \u00e4ndam\u00e5l .  Positionsljus , Reg belysning , Innerbelysning mm d\u00e4r du beh\u00f6ver en bra canbus s\u00e4ker lampa .  Premium diodlampa  Sockel: T10 W5W Canbus: Ja , 5.4W Lumen: 470lm F\u00e4rgtemperatur: 6500K Volt: 9-30VDC Garanti: 2 \u00e5r  Leveransinneh\u00e5ll Levereras parvis","og_url":"https:\/\/xenonkungen.com\/de\/produkt\/t10w5w-super-can-bus-5w\/","og_site_name":"Xenonkungen","article_modified_time":"2026-04-24T15:53:51+00:00","og_image":[{"width":1000,"height":1000,"url":"https:\/\/xenonkungen.com\/wp-content\/uploads\/2025\/04\/169699553-origpic-926902.png","type":"image\/png"}],"twitter_card":"summary_large_image","twitter_misc":{"Gesch\u00e4tzte Lesezeit":"1\u00a0Minute"},"schema":{"@context":"https:\/\/schema.org","@graph":[{"@type":"WebPage","@id":"https:\/\/xenonkungen.com\/nl\/product\/t10w5w-super-canbus-5w\/","url":"https:\/\/xenonkungen.com\/nl\/product\/t10w5w-super-canbus-5w\/","name":"T10|W5W Super Canbus | 5W \u2013 Der Xenon-K\u00f6nig","isPartOf":{"@id":"https:\/\/xenonkungen.com\/#website"},"primaryImageOfPage":{"@id":"https:\/\/xenonkungen.com\/nl\/product\/t10w5w-super-canbus-5w\/#primaryimage"},"image":{"@id":"https:\/\/xenonkungen.com\/nl\/product\/t10w5w-super-canbus-5w\/#primaryimage"},"thumbnailUrl":"https:\/\/xenonkungen.com\/wp-content\/uploads\/2025\/04\/169699553-origpic-926902.png","datePublished":"2025-04-15T08:01:28+00:00","dateModified":"2026-04-24T15:53:51+00:00","breadcrumb":{"@id":"https:\/\/xenonkungen.com\/nl\/product\/t10w5w-super-canbus-5w\/#breadcrumb"},"inLanguage":"de","potentialAction":[{"@type":"ReadAction","target":["https:\/\/xenonkungen.com\/nl\/product\/t10w5w-super-canbus-5w\/"]}]},{"@type":"ImageObject","inLanguage":"de","@id":"https:\/\/xenonkungen.com\/nl\/product\/t10w5w-super-canbus-5w\/#primaryimage","url":"https:\/\/xenonkungen.com\/wp-content\/uploads\/2025\/04\/169699553-origpic-926902.png","contentUrl":"https:\/\/xenonkungen.com\/wp-content\/uploads\/2025\/04\/169699553-origpic-926902.png","width":1000,"height":1000},{"@type":"BreadcrumbList","@id":"https:\/\/xenonkungen.com\/nl\/product\/t10w5w-super-canbus-5w\/#breadcrumb","itemListElement":[{"@type":"ListItem","position":1,"name":"Hem","item":"https:\/\/xenonkungen.com\/"},{"@type":"ListItem","position":2,"name":"Shop","item":"https:\/\/xenonkungen.com\/shop\/"},{"@type":"ListItem","position":3,"name":"T10|W5W Super Canbus | 5W"}]},{"@type":"WebSite","@id":"https:\/\/xenonkungen.com\/#website","url":"https:\/\/xenonkungen.com\/","name":"Xenonkungen","description":"","potentialAction":[{"@type":"SearchAction","target":{"@type":"EntryPoint","urlTemplate":"https:\/\/xenonkungen.com\/?s={search_term_string}"},"query-input":{"@type":"PropertyValueSpecification","valueRequired":true,"valueName":"search_term_string"}}],"inLanguage":"de"}]}},"taxonomy_info":{"product_brand":[{"value":117,"label":"Xenonkungen"}],"product_cat":[{"value":2533,"label":"T10"},{"value":338,"label":"Diodlampor"}],"pa_faktisk-effekts-forbrukning":[{"value":385,"label":"5,4"}],"pa_fargtemperatur":[{"value":353,"label":"6500K"}],"pa_lampsockel-kontakt":[{"value":386,"label":"T10, W5W"}],"pa_storlek-mm":[{"value":384,"label":"10"}],"pa_volt-v":[{"value":367,"label":"12, 24, Multivolt"}]},"featured_image_src_large":["https:\/\/xenonkungen.com\/wp-content\/uploads\/2025\/04\/169699553-origpic-926902.png",1000,1000,false],"author_info":[],"comment_info":1,"_links":{"self":[{"href":"https:\/\/xenonkungen.com\/de\/wp-json\/wp\/v2\/product\/1217","targetHints":{"allow":["GET"]}}],"collection":[{"href":"https:\/\/xenonkungen.com\/de\/wp-json\/wp\/v2\/product"}],"about":[{"href":"https:\/\/xenonkungen.com\/de\/wp-json\/wp\/v2\/types\/product"}],"replies":[{"embeddable":true,"href":"https:\/\/xenonkungen.com\/de\/wp-json\/wp\/v2\/comments?post=1217"}],"wp:featuredmedia":[{"embeddable":true,"href":"https:\/\/xenonkungen.com\/de\/wp-json\/wp\/v2\/media\/1218"}],"wp:attachment":[{"href":"https:\/\/xenonkungen.com\/de\/wp-json\/wp\/v2\/media?parent=1217"}],"wp:term":[{"taxonomy":"anvandningsomrade","embeddable":true,"href":"https:\/\/xenonkungen.com\/de\/wp-json\/wp\/v2\/anvandningsomrade?post=1217"},{"taxonomy":"bilmarken","embeddable":true,"href":"https:\/\/xenonkungen.com\/de\/wp-json\/wp\/v2\/bilmarken?post=1217"},{"taxonomy":"product_brand","embeddable":true,"href":"https:\/\/xenonkungen.com\/de\/wp-json\/wp\/v2\/product_brand?post=1217"},{"taxonomy":"product_cat","embeddable":true,"href":"https:\/\/xenonkungen.com\/de\/wp-json\/wp\/v2\/product_cat?post=1217"},{"taxonomy":"product_tag","embeddable":true,"href":"https:\/\/xenonkungen.com\/de\/wp-json\/wp\/v2\/product_tag?post=1217"}],"curies":[{"name":"wp","href":"https:\/\/api.w.org\/{rel}","templated":true}]}}