{"id":1226,"date":"2025-04-15T08:01:28","date_gmt":"2025-04-15T08:01:28","guid":{"rendered":"https:\/\/xenonkungen.com\/product\/39mmc5w-super-canbus-4w\/"},"modified":"2026-04-11T00:12:56","modified_gmt":"2026-04-10T23:12:56","slug":"39mmc5w-super-can-bus-4w","status":"publish","type":"product","link":"https:\/\/xenonkungen.com\/de\/produkt\/39mmc5w-super-can-bus-4w\/","title":{"rendered":"39mm|C5W Super Canbus | 4W"},"content":{"rendered":"<p>Unsere 39-mm-Super-Canbus 4W (C5W) wird paarweise verkauft und ist eine Diodenlampe, die herk\u00f6mmliche Halogenlampen in der Nummernschildbeleuchtung oder der Innenbeleuchtung des Autos ersetzt.<\/p>\n<p>Diese Lampen haben eine unabh\u00e4ngige Polarit\u00e4t +\/- und eine Leistungsaufnahme von 4,1 W, so dass keine Widerst\u00e4nde nachger\u00fcstet werden m\u00fcssen.<br \/>Dieser Artikel wird als \"Super Canbus\" bezeichnet, unter anderem wegen der 4,1 W Leistung\/Widerstand im Vergleich zu normalen Canbus-Lampen, die etwa 2-2,2 W haben (was f\u00fcr die meisten Autos ausreichend ist).<\/p>\n<p>Unsere 39-mm-Super-Canbus-Wendelampe (C5W) entspricht einem Lichtstrom von 280 Lumen bei einer Lichttemperatur von 6500k und ist zudem multivariabel, was bedeutet, dass sie auch f\u00fcr schwerere Fahrzeuge wie Lastwagen, Kipper, Traktoren, Kranwagen usw. geeignet ist. <\/p>\n<p>Wenn wir mit dem urspr\u00fcnglichen Design Halogen, die etwa 45 Lumen ist zu vergleichen, k\u00f6nnen Sie sehen, dass unsere 36mm Spule Lampe (C5W) hat eine viel h\u00f6here St\u00e4rke, die Sie garantiert st\u00e4rker und wei\u00dfer Licht gibt.<\/p>\n<p>Dieses Produkt besteht aus 2 x 3W Cree-Dioden, die zu dem starken Lichtstrom beitragen, und ist flammhemmend, was bedeutet, dass es nicht unter Hitzeersch\u00f6pfung leidet. Es handelt sich um eine Hochleistungslampe f\u00fcr diejenigen, die das Licht f\u00fcr das Nummernschild oder die Innenbeleuchtung auf wei\u00dfes Licht umstellen m\u00f6chten, und sie ist au\u00dferdem einfach zu installieren.<\/p>\n<p><strong>Spezifikationen<\/strong><\/p>\n<p>Marke: XENONKUNGEN <br \/>Modell: 39mm super canbus <br \/>Lampensockel: SV8.5-8 (C5W) Wendellampe<br \/>Beliebte Anwendungen: Beleuchtung von Schildern, Innenbeleuchtung.<br \/>Lichtquelle: LED<br \/>Helligkeit (Lumen): 280lm<br \/>Spannung: 10-32V DC <br \/>Leistung: 4.1W<br \/>Stromverbrauch (Ampere): 0,3A bei 12,6V<br \/>Lichtfarbe (Kelvin): 6500K Wei\u00df<br \/>Canbus: YES<br \/>Gr\u00f6\u00dfe: 39x11mm (LxB)<\/p>\n<p><strong>Unstimmigkeiten<\/strong><br \/>VW Transporter 2021 leuchtet aber warnt ,Reg Beleuchtung<\/p>\n<p><strong>Gut zu wissen<\/strong><br \/>stellt sicher, dass nach dem Einbau keine Fehlercodes im Fahrzeug auftreten (Canbus safe)<br \/>Ersetzt die vorhandene Lampe, ohne dass Zubeh\u00f6r ben\u00f6tigt wird, Plug n play.<\/p>\n<p><strong>Inhalt der Lieferung<\/strong><br \/>1 Paar 36mm Super Canbus 4W LED-Diodenlampen.<\/p>","protected":false},"excerpt":{"rendered":"<p>Diese leistungsstarke Canbus-sichere LED-Lampe hat eine Leistung von 4 W und 280 Lumen, wodurch Fehlermeldungen im Fahrzeugsystem vermieden werden. <b>Sockel<\/b> C5w - SV8.5 <b>Canbus sicher<\/b> Ja <b>Multivolt<\/b> 9-30v DC <b>Farbtemperatur<\/b> 6500k <b>Lumen<\/b> 280 Lumen (urspr\u00fcnglich 45) <b>B\u00fcrgschaft<\/b> 2 Jahre<\/p>","protected":false},"featured_media":1227,"comment_status":"closed","ping_status":"open","template":"","meta":{"_acf_changed":false,"_smort_price_nok":"208","_smort_price_dkk":"132","_smort_price_eur":"17.73","_smort_sale_price_nok":"","_smort_sale_price_dkk":"","_smort_sale_price_eur":"","smort_restorder":"","shipmondo_restorder":"","_kad_blocks_custom_css":"","_kad_blocks_head_custom_js":"","_kad_blocks_body_custom_js":"","_kad_blocks_footer_custom_js":"","smort_custom_pricelist_1":"124.8","smort_custom_pricelist_2":"109.2","smort_custom_pricelist_3":"103.74","smort_custom_pricelist_4":"156","smort_custom_pricelist_5":"109.2"},"anvandningsomrade":[],"bilmarken":[],"product_brand":[117],"product_cat":[2454,2452,2459,2453,338],"product_tag":[],"class_list":{"0":"post-1226","1":"product","2":"type-product","3":"status-publish","4":"has-post-thumbnail","6":"product_brand-xenonkungen","7":"product_cat-31-42mm","8":"product_cat-c5w","9":"product_cat-c5w-canbus-diodlampor","10":"product_cat-sv85","11":"product_cat-diodlampor","12":"pa_faktisk-effekts-forbrukning-387","13":"pa_fargtemperatur-6500k","14":"pa_storlek-mm-388","15":"pa_volt-v-12-24-multivolt","17":"first","18":"instock","19":"taxable","20":"shipping-taxable","21":"purchasable","22":"product-type-simple"},"bundled_by":[],"bundle_stock_status":"instock","bundle_stock_quantity":69,"bundle_virtual":false,"bundle_layout":"","bundle_add_to_cart_form_location":"","bundle_editable_in_cart":false,"bundle_sold_individually_context":"","bundle_item_grouping":"","bundle_min_size":"","bundle_max_size":"","bundle_price":[],"bundled_items":[],"bundle_sell_ids":[],"acf":[],"yoast_head":"<!-- This site is optimized with the Yoast SEO plugin v27.0 - https:\/\/yoast.com\/product\/yoast-seo-wordpress\/ -->\n<title>39mm|C5W Super Canbus | 4W - Xenonkungen<\/title>\n<meta name=\"robots\" content=\"index, follow, max-snippet:-1, max-image-preview:large, max-video-preview:-1\" \/>\n<link rel=\"canonical\" href=\"https:\/\/xenonkungen.com\/de\/produkt\/39mmc5w-super-can-bus-4w\/\" \/>\n<meta property=\"og:locale\" content=\"de_DE\" \/>\n<meta property=\"og:type\" content=\"article\" \/>\n<meta property=\"og:title\" content=\"39mm|C5W Super Canbus | 4W - Xenonkungen\" \/>\n<meta property=\"og:description\" content=\"Denna starka Canbus-s\u00e4kra Ledlampa \u00e4r p\u00e5 hela 4w och 280 lumen. vilket s\u00e4kerst\u00e4ller att du slipper felmeddelande i bilens system. Sockel C5w - SV8.5 Canbuss\u00e4ker Ja Multivolt 9-30v DC F\u00e4rgtemperatur 6500k Lumen 280 lumen (orginal 45) Garanti 2\u00e5r\" \/>\n<meta property=\"og:url\" content=\"https:\/\/xenonkungen.com\/de\/produkt\/39mmc5w-super-can-bus-4w\/\" \/>\n<meta property=\"og:site_name\" content=\"Xenonkungen\" \/>\n<meta property=\"article:modified_time\" content=\"2026-04-10T23:12:56+00:00\" \/>\n<meta property=\"og:image\" content=\"https:\/\/xenonkungen.com\/wp-content\/uploads\/2025\/04\/169699587-origpic-442bb7.png\" \/>\n\t<meta property=\"og:image:width\" content=\"1000\" \/>\n\t<meta property=\"og:image:height\" content=\"1000\" \/>\n\t<meta property=\"og:image:type\" content=\"image\/png\" \/>\n<meta name=\"twitter:card\" content=\"summary_large_image\" \/>\n<meta name=\"twitter:label1\" content=\"Gesch\u00e4tzte Lesezeit\" \/>\n\t<meta name=\"twitter:data1\" content=\"2\u00a0Minuten\" \/>\n<script type=\"application\/ld+json\" class=\"yoast-schema-graph\">{\"@context\":\"https:\/\/schema.org\",\"@graph\":[{\"@type\":\"WebPage\",\"@id\":\"https:\/\/xenonkungen.com\/nl\/product\/39mmc5w-super-canbus-4w\/\",\"url\":\"https:\/\/xenonkungen.com\/nl\/product\/39mmc5w-super-canbus-4w\/\",\"name\":\"39mm|C5W Super Canbus | 4W - Xenonkungen\",\"isPartOf\":{\"@id\":\"https:\/\/xenonkungen.com\/#website\"},\"primaryImageOfPage\":{\"@id\":\"https:\/\/xenonkungen.com\/nl\/product\/39mmc5w-super-canbus-4w\/#primaryimage\"},\"image\":{\"@id\":\"https:\/\/xenonkungen.com\/nl\/product\/39mmc5w-super-canbus-4w\/#primaryimage\"},\"thumbnailUrl\":\"https:\/\/xenonkungen.com\/wp-content\/uploads\/2025\/04\/169699587-origpic-442bb7.png\",\"datePublished\":\"2025-04-15T08:01:28+00:00\",\"dateModified\":\"2026-04-10T23:12:56+00:00\",\"breadcrumb\":{\"@id\":\"https:\/\/xenonkungen.com\/nl\/product\/39mmc5w-super-canbus-4w\/#breadcrumb\"},\"inLanguage\":\"de\",\"potentialAction\":[{\"@type\":\"ReadAction\",\"target\":[\"https:\/\/xenonkungen.com\/nl\/product\/39mmc5w-super-canbus-4w\/\"]}]},{\"@type\":\"ImageObject\",\"inLanguage\":\"de\",\"@id\":\"https:\/\/xenonkungen.com\/nl\/product\/39mmc5w-super-canbus-4w\/#primaryimage\",\"url\":\"https:\/\/xenonkungen.com\/wp-content\/uploads\/2025\/04\/169699587-origpic-442bb7.png\",\"contentUrl\":\"https:\/\/xenonkungen.com\/wp-content\/uploads\/2025\/04\/169699587-origpic-442bb7.png\",\"width\":1000,\"height\":1000},{\"@type\":\"BreadcrumbList\",\"@id\":\"https:\/\/xenonkungen.com\/nl\/product\/39mmc5w-super-canbus-4w\/#breadcrumb\",\"itemListElement\":[{\"@type\":\"ListItem\",\"position\":1,\"name\":\"Hem\",\"item\":\"https:\/\/xenonkungen.com\/\"},{\"@type\":\"ListItem\",\"position\":2,\"name\":\"Shop\",\"item\":\"https:\/\/xenonkungen.com\/shop\/\"},{\"@type\":\"ListItem\",\"position\":3,\"name\":\"39mm|C5W Super Canbus | 4W\"}]},{\"@type\":\"WebSite\",\"@id\":\"https:\/\/xenonkungen.com\/#website\",\"url\":\"https:\/\/xenonkungen.com\/\",\"name\":\"Xenonkungen\",\"description\":\"\",\"potentialAction\":[{\"@type\":\"SearchAction\",\"target\":{\"@type\":\"EntryPoint\",\"urlTemplate\":\"https:\/\/xenonkungen.com\/?s={search_term_string}\"},\"query-input\":{\"@type\":\"PropertyValueSpecification\",\"valueRequired\":true,\"valueName\":\"search_term_string\"}}],\"inLanguage\":\"de\"}]}<\/script>\n<!-- \/ Yoast SEO plugin. -->","yoast_head_json":{"title":"39 mm | C5W Super Canbus | 4W \u2013 Der Xenon-K\u00f6nig","robots":{"index":"index","follow":"follow","max-snippet":"max-snippet:-1","max-image-preview":"max-image-preview:large","max-video-preview":"max-video-preview:-1"},"canonical":"https:\/\/xenonkungen.com\/de\/produkt\/39mmc5w-super-can-bus-4w\/","og_locale":"de_DE","og_type":"article","og_title":"39mm|C5W Super Canbus | 4W - Xenonkungen","og_description":"Denna starka Canbus-s\u00e4kra Ledlampa \u00e4r p\u00e5 hela 4w och 280 lumen. vilket s\u00e4kerst\u00e4ller att du slipper felmeddelande i bilens system. Sockel C5w - SV8.5 Canbuss\u00e4ker Ja Multivolt 9-30v DC F\u00e4rgtemperatur 6500k Lumen 280 lumen (orginal 45) Garanti 2\u00e5r","og_url":"https:\/\/xenonkungen.com\/de\/produkt\/39mmc5w-super-can-bus-4w\/","og_site_name":"Xenonkungen","article_modified_time":"2026-04-10T23:12:56+00:00","og_image":[{"width":1000,"height":1000,"url":"https:\/\/xenonkungen.com\/wp-content\/uploads\/2025\/04\/169699587-origpic-442bb7.png","type":"image\/png"}],"twitter_card":"summary_large_image","twitter_misc":{"Gesch\u00e4tzte Lesezeit":"2\u00a0Minuten"},"schema":{"@context":"https:\/\/schema.org","@graph":[{"@type":"WebPage","@id":"https:\/\/xenonkungen.com\/nl\/product\/39mmc5w-super-canbus-4w\/","url":"https:\/\/xenonkungen.com\/nl\/product\/39mmc5w-super-canbus-4w\/","name":"39 mm | C5W Super Canbus | 4W \u2013 Der Xenon-K\u00f6nig","isPartOf":{"@id":"https:\/\/xenonkungen.com\/#website"},"primaryImageOfPage":{"@id":"https:\/\/xenonkungen.com\/nl\/product\/39mmc5w-super-canbus-4w\/#primaryimage"},"image":{"@id":"https:\/\/xenonkungen.com\/nl\/product\/39mmc5w-super-canbus-4w\/#primaryimage"},"thumbnailUrl":"https:\/\/xenonkungen.com\/wp-content\/uploads\/2025\/04\/169699587-origpic-442bb7.png","datePublished":"2025-04-15T08:01:28+00:00","dateModified":"2026-04-10T23:12:56+00:00","breadcrumb":{"@id":"https:\/\/xenonkungen.com\/nl\/product\/39mmc5w-super-canbus-4w\/#breadcrumb"},"inLanguage":"de","potentialAction":[{"@type":"ReadAction","target":["https:\/\/xenonkungen.com\/nl\/product\/39mmc5w-super-canbus-4w\/"]}]},{"@type":"ImageObject","inLanguage":"de","@id":"https:\/\/xenonkungen.com\/nl\/product\/39mmc5w-super-canbus-4w\/#primaryimage","url":"https:\/\/xenonkungen.com\/wp-content\/uploads\/2025\/04\/169699587-origpic-442bb7.png","contentUrl":"https:\/\/xenonkungen.com\/wp-content\/uploads\/2025\/04\/169699587-origpic-442bb7.png","width":1000,"height":1000},{"@type":"BreadcrumbList","@id":"https:\/\/xenonkungen.com\/nl\/product\/39mmc5w-super-canbus-4w\/#breadcrumb","itemListElement":[{"@type":"ListItem","position":1,"name":"Hem","item":"https:\/\/xenonkungen.com\/"},{"@type":"ListItem","position":2,"name":"Shop","item":"https:\/\/xenonkungen.com\/shop\/"},{"@type":"ListItem","position":3,"name":"39mm|C5W Super Canbus | 4W"}]},{"@type":"WebSite","@id":"https:\/\/xenonkungen.com\/#website","url":"https:\/\/xenonkungen.com\/","name":"Xenonkungen","description":"","potentialAction":[{"@type":"SearchAction","target":{"@type":"EntryPoint","urlTemplate":"https:\/\/xenonkungen.com\/?s={search_term_string}"},"query-input":{"@type":"PropertyValueSpecification","valueRequired":true,"valueName":"search_term_string"}}],"inLanguage":"de"}]}},"taxonomy_info":{"product_brand":[{"value":117,"label":"Xenonkungen"}],"product_cat":[{"value":2454,"label":"31-42mm"},{"value":2452,"label":"C5W"},{"value":2459,"label":"C5W"},{"value":2453,"label":"SV8,5"},{"value":338,"label":"Diodlampor"}],"pa_faktisk-effekts-forbrukning":[{"value":387,"label":"4,1"}],"pa_fargtemperatur":[{"value":353,"label":"6500K"}],"pa_storlek-mm":[{"value":388,"label":"39"}],"pa_volt-v":[{"value":367,"label":"12, 24, Multivolt"}]},"featured_image_src_large":["https:\/\/xenonkungen.com\/wp-content\/uploads\/2025\/04\/169699587-origpic-442bb7.png",1000,1000,false],"author_info":[],"comment_info":0,"_links":{"self":[{"href":"https:\/\/xenonkungen.com\/de\/wp-json\/wp\/v2\/product\/1226","targetHints":{"allow":["GET"]}}],"collection":[{"href":"https:\/\/xenonkungen.com\/de\/wp-json\/wp\/v2\/product"}],"about":[{"href":"https:\/\/xenonkungen.com\/de\/wp-json\/wp\/v2\/types\/product"}],"replies":[{"embeddable":true,"href":"https:\/\/xenonkungen.com\/de\/wp-json\/wp\/v2\/comments?post=1226"}],"wp:featuredmedia":[{"embeddable":true,"href":"https:\/\/xenonkungen.com\/de\/wp-json\/wp\/v2\/media\/1227"}],"wp:attachment":[{"href":"https:\/\/xenonkungen.com\/de\/wp-json\/wp\/v2\/media?parent=1226"}],"wp:term":[{"taxonomy":"anvandningsomrade","embeddable":true,"href":"https:\/\/xenonkungen.com\/de\/wp-json\/wp\/v2\/anvandningsomrade?post=1226"},{"taxonomy":"bilmarken","embeddable":true,"href":"https:\/\/xenonkungen.com\/de\/wp-json\/wp\/v2\/bilmarken?post=1226"},{"taxonomy":"product_brand","embeddable":true,"href":"https:\/\/xenonkungen.com\/de\/wp-json\/wp\/v2\/product_brand?post=1226"},{"taxonomy":"product_cat","embeddable":true,"href":"https:\/\/xenonkungen.com\/de\/wp-json\/wp\/v2\/product_cat?post=1226"},{"taxonomy":"product_tag","embeddable":true,"href":"https:\/\/xenonkungen.com\/de\/wp-json\/wp\/v2\/product_tag?post=1226"}],"curies":[{"name":"wp","href":"https:\/\/api.w.org\/{rel}","templated":true}]}}