{"id":12326,"date":"2025-08-13T09:07:36","date_gmt":"2025-08-13T09:07:36","guid":{"rendered":"https:\/\/xenonkungen.com\/?post_type=product&#038;p=12326"},"modified":"2026-04-24T16:41:25","modified_gmt":"2026-04-24T15:41:25","slug":"luxtar-led-lampe-x10-spot","status":"publish","type":"product","link":"https:\/\/xenonkungen.com\/de\/produkt\/luxtar-led-lampe-x10-spot\/","title":{"rendered":"LUXTAR\u00ae Ledramp X10 | Spot <31cm>"},"content":{"rendered":"<p>Modell X10 ist <strong>E-autorisiert<\/strong> und einer 31 cm langen LED-Zusatzleuchte. Die X10 geh\u00f6rt zum k\u00fcrzeren Segment der X-Serie-Lichtleisten und eignet sich daher beispielsweise f\u00fcr die Montage im K\u00fchlergrill oder zur H\u00e4ngemontage.<\/p>\n<p>Die Luxtar LED-Zusatzscheinwerfer der X-Serie zeichnen sich durch ein einzigartiges Design und Reflektoren mit seitlich angebrachten Diodenlampen aus, was die Leistung deutlich verbessert.<\/p>\n<p><strong>100 W | 10.000 Lumen<\/strong> sind die theoretischen Werte von <strong>Luxtar X10<\/strong> und die Sie bei einem Vergleich mit anderen auf dem Markt erh\u00e4ltlichen Optionen ber\u00fccksichtigen k\u00f6nnen, die theoretische Aufgaben in den Vordergrund stellen.<\/p>\n<p><strong>74,4 W | 5.127 Lumen<\/strong> Dies sind die tats\u00e4chlichen Werte f\u00fcr die LEDramp X10 und im Vergleich zu einer Halogenlampe mit 55 W | 1000 lm (+1-200) bietet die Luxtar LED-Ramp X10 etwas mehr <strong>4-mal mehr Licht<\/strong> auf der Fahrbahn.<\/p>\n<p><strong>Bereiche der Nutzung<\/strong><br \/>\nLED-Rampe f\u00fcr Pkw | Pkw | Nutzfahrzeuge | ATV | Quads | Gel\u00e4ndefahrzeuge | Roller<\/p>\n<p>X10 Driving hat eine Reichweite von 1 Lux auf ca. 320 Meter, die auf 0,25 Lux auf ca. 490 Meter abnimmt.<\/p>\n<p><strong>Auswahl des Reflektors \/ Lichtmusters<\/strong><br \/>\nDer Spot ist f\u00fcr maximale Reichweite und ein enges, langes Lichtmuster optimiert.<\/p>\n<p>Die Luxtar X-Serie mit Spot-Reflektoren eignet sich f\u00fcr alle, die Wert auf eine gro\u00dfe Lichtreichweite legen oder bei h\u00f6heren Geschwindigkeiten arbeiten, wo der Fokus naturgem\u00e4\u00df auf gr\u00f6\u00dferen Entfernungen liegt.<\/p>","protected":false},"excerpt":{"rendered":"<p>LUXTAR\u00ae LED-Fluter X10, E-gepr\u00fcft | 100-W-LED in einem 310-mm-LED-Fluter mit E-Kennzeichnung liefert beeindruckende 5.127 Lumen. Dies entspricht der Lichtleistung von 3\u20134 Halogen-Zusatzscheinwerfern.<\/p>","protected":false},"featured_media":12327,"comment_status":"open","ping_status":"closed","template":"","meta":{"_acf_changed":false,"_smort_price_nok":"561","_smort_price_dkk":"1150","_smort_price_eur":"154.08","_smort_sale_price_nok":"561","_smort_sale_price_dkk":"","_smort_sale_price_eur":"81.36","smort_restorder":"","shipmondo_restorder":"","_kad_blocks_custom_css":"","_kad_blocks_head_custom_js":"","_kad_blocks_body_custom_js":"","_kad_blocks_footer_custom_js":"","smort_custom_pricelist_1":"1084.8","smort_custom_pricelist_2":"700","smort_custom_pricelist_3":"665","smort_custom_pricelist_4":"1356","smort_custom_pricelist_5":"700"},"anvandningsomrade":[],"bilmarken":[],"product_brand":[103],"product_cat":[2966,2826,2161],"product_tag":[],"class_list":{"0":"post-12326","1":"product","2":"type-product","3":"status-publish","4":"has-post-thumbnail","6":"product_brand-luxtar","7":"product_cat-ledramp-rak","8":"product_cat-luxtar","9":"product_cat-luxtar-x-serie","11":"first","12":"outofstock","13":"sale","14":"taxable","15":"shipping-taxable","16":"purchasable","17":"product-type-simple"},"bundled_by":[],"bundle_stock_status":"outofstock","bundle_stock_quantity":0,"bundle_virtual":false,"bundle_layout":"","bundle_add_to_cart_form_location":"","bundle_editable_in_cart":false,"bundle_sold_individually_context":"","bundle_item_grouping":"","bundle_min_size":"","bundle_max_size":"","bundle_price":[],"bundled_items":[],"bundle_sell_ids":[],"acf":[],"yoast_head":"<!-- This site is optimized with the Yoast SEO plugin v27.0 - https:\/\/yoast.com\/product\/yoast-seo-wordpress\/ -->\n<title>LUXTAR\u00ae Ledramp X10 | Spot  - Xenonkungen<\/title>\n<meta name=\"robots\" content=\"index, follow, max-snippet:-1, max-image-preview:large, max-video-preview:-1\" \/>\n<link rel=\"canonical\" href=\"https:\/\/xenonkungen.com\/de\/produkt\/luxtar-led-lampe-x10-spot\/\" \/>\n<meta property=\"og:locale\" content=\"de_DE\" \/>\n<meta property=\"og:type\" content=\"article\" \/>\n<meta property=\"og:title\" content=\"LUXTAR\u00ae Ledramp X10 | Spot  - Xenonkungen\" \/>\n<meta property=\"og:description\" content=\"LUXTAR\u00ae Ledramp X10 E-godk\u00e4nd | 100W LED i en 310mm E-m\u00e4rkt ledramp ger hela 5 127 faktiska lumen. Det motsvarar 3-4 halogen extraljus.\" \/>\n<meta property=\"og:url\" content=\"https:\/\/xenonkungen.com\/de\/produkt\/luxtar-led-lampe-x10-spot\/\" \/>\n<meta property=\"og:site_name\" content=\"Xenonkungen\" \/>\n<meta property=\"article:modified_time\" content=\"2026-04-24T15:41:25+00:00\" \/>\n<meta property=\"og:image\" content=\"https:\/\/xenonkungen.com\/wp-content\/uploads\/2025\/08\/31558042-origpic-8d903a.png\" \/>\n\t<meta property=\"og:image:width\" content=\"1000\" \/>\n\t<meta property=\"og:image:height\" content=\"1000\" \/>\n\t<meta property=\"og:image:type\" content=\"image\/png\" \/>\n<meta name=\"twitter:card\" content=\"summary_large_image\" \/>\n<meta name=\"twitter:label1\" content=\"Gesch\u00e4tzte Lesezeit\" \/>\n\t<meta name=\"twitter:data1\" content=\"2\u00a0Minuten\" \/>\n<script type=\"application\/ld+json\" class=\"yoast-schema-graph\">{\"@context\":\"https:\/\/schema.org\",\"@graph\":[{\"@type\":\"WebPage\",\"@id\":\"https:\/\/xenonkungen.com\/produkt\/luxtar-ledramp-x10-spot\/\",\"url\":\"https:\/\/xenonkungen.com\/produkt\/luxtar-ledramp-x10-spot\/\",\"name\":\"LUXTAR\u00ae Ledramp X10 | Spot - Xenonkungen\",\"isPartOf\":{\"@id\":\"https:\/\/xenonkungen.com\/#website\"},\"primaryImageOfPage\":{\"@id\":\"https:\/\/xenonkungen.com\/produkt\/luxtar-ledramp-x10-spot\/#primaryimage\"},\"image\":{\"@id\":\"https:\/\/xenonkungen.com\/produkt\/luxtar-ledramp-x10-spot\/#primaryimage\"},\"thumbnailUrl\":\"https:\/\/xenonkungen.com\/wp-content\/uploads\/2025\/08\/31558042-origpic-8d903a.png\",\"datePublished\":\"2025-08-13T09:07:36+00:00\",\"dateModified\":\"2026-04-24T15:41:25+00:00\",\"breadcrumb\":{\"@id\":\"https:\/\/xenonkungen.com\/produkt\/luxtar-ledramp-x10-spot\/#breadcrumb\"},\"inLanguage\":\"de\",\"potentialAction\":[{\"@type\":\"ReadAction\",\"target\":[\"https:\/\/xenonkungen.com\/produkt\/luxtar-ledramp-x10-spot\/\"]}]},{\"@type\":\"ImageObject\",\"inLanguage\":\"de\",\"@id\":\"https:\/\/xenonkungen.com\/produkt\/luxtar-ledramp-x10-spot\/#primaryimage\",\"url\":\"https:\/\/xenonkungen.com\/wp-content\/uploads\/2025\/08\/31558042-origpic-8d903a.png\",\"contentUrl\":\"https:\/\/xenonkungen.com\/wp-content\/uploads\/2025\/08\/31558042-origpic-8d903a.png\",\"width\":1000,\"height\":1000},{\"@type\":\"BreadcrumbList\",\"@id\":\"https:\/\/xenonkungen.com\/produkt\/luxtar-ledramp-x10-spot\/#breadcrumb\",\"itemListElement\":[{\"@type\":\"ListItem\",\"position\":1,\"name\":\"Hem\",\"item\":\"https:\/\/xenonkungen.com\/\"},{\"@type\":\"ListItem\",\"position\":2,\"name\":\"Shop\",\"item\":\"https:\/\/xenonkungen.com\/shop\/\"},{\"@type\":\"ListItem\",\"position\":3,\"name\":\"LUXTAR\u00ae Ledramp X10 | Spot\"}]},{\"@type\":\"WebSite\",\"@id\":\"https:\/\/xenonkungen.com\/#website\",\"url\":\"https:\/\/xenonkungen.com\/\",\"name\":\"Xenonkungen\",\"description\":\"\",\"potentialAction\":[{\"@type\":\"SearchAction\",\"target\":{\"@type\":\"EntryPoint\",\"urlTemplate\":\"https:\/\/xenonkungen.com\/?s={search_term_string}\"},\"query-input\":{\"@type\":\"PropertyValueSpecification\",\"valueRequired\":true,\"valueName\":\"search_term_string\"}}],\"inLanguage\":\"de\"}]}<\/script>\n<!-- \/ Yoast SEO plugin. -->","yoast_head_json":{"title":"LUXTAR\u00ae LED-Rampe X10 | Spot - Xenonkungen","robots":{"index":"index","follow":"follow","max-snippet":"max-snippet:-1","max-image-preview":"max-image-preview:large","max-video-preview":"max-video-preview:-1"},"canonical":"https:\/\/xenonkungen.com\/de\/produkt\/luxtar-led-lampe-x10-spot\/","og_locale":"de_DE","og_type":"article","og_title":"LUXTAR\u00ae Ledramp X10 | Spot  - Xenonkungen","og_description":"LUXTAR\u00ae Ledramp X10 E-godk\u00e4nd | 100W LED i en 310mm E-m\u00e4rkt ledramp ger hela 5 127 faktiska lumen. Det motsvarar 3-4 halogen extraljus.","og_url":"https:\/\/xenonkungen.com\/de\/produkt\/luxtar-led-lampe-x10-spot\/","og_site_name":"Xenonkungen","article_modified_time":"2026-04-24T15:41:25+00:00","og_image":[{"width":1000,"height":1000,"url":"https:\/\/xenonkungen.com\/wp-content\/uploads\/2025\/08\/31558042-origpic-8d903a.png","type":"image\/png"}],"twitter_card":"summary_large_image","twitter_misc":{"Gesch\u00e4tzte Lesezeit":"2\u00a0Minuten"},"schema":{"@context":"https:\/\/schema.org","@graph":[{"@type":"WebPage","@id":"https:\/\/xenonkungen.com\/produkt\/luxtar-ledramp-x10-spot\/","url":"https:\/\/xenonkungen.com\/produkt\/luxtar-ledramp-x10-spot\/","name":"LUXTAR\u00ae LED-Rampe X10 | Spot - Xenonkungen","isPartOf":{"@id":"https:\/\/xenonkungen.com\/#website"},"primaryImageOfPage":{"@id":"https:\/\/xenonkungen.com\/produkt\/luxtar-ledramp-x10-spot\/#primaryimage"},"image":{"@id":"https:\/\/xenonkungen.com\/produkt\/luxtar-ledramp-x10-spot\/#primaryimage"},"thumbnailUrl":"https:\/\/xenonkungen.com\/wp-content\/uploads\/2025\/08\/31558042-origpic-8d903a.png","datePublished":"2025-08-13T09:07:36+00:00","dateModified":"2026-04-24T15:41:25+00:00","breadcrumb":{"@id":"https:\/\/xenonkungen.com\/produkt\/luxtar-ledramp-x10-spot\/#breadcrumb"},"inLanguage":"de","potentialAction":[{"@type":"ReadAction","target":["https:\/\/xenonkungen.com\/produkt\/luxtar-ledramp-x10-spot\/"]}]},{"@type":"ImageObject","inLanguage":"de","@id":"https:\/\/xenonkungen.com\/produkt\/luxtar-ledramp-x10-spot\/#primaryimage","url":"https:\/\/xenonkungen.com\/wp-content\/uploads\/2025\/08\/31558042-origpic-8d903a.png","contentUrl":"https:\/\/xenonkungen.com\/wp-content\/uploads\/2025\/08\/31558042-origpic-8d903a.png","width":1000,"height":1000},{"@type":"BreadcrumbList","@id":"https:\/\/xenonkungen.com\/produkt\/luxtar-ledramp-x10-spot\/#breadcrumb","itemListElement":[{"@type":"ListItem","position":1,"name":"Hem","item":"https:\/\/xenonkungen.com\/"},{"@type":"ListItem","position":2,"name":"Shop","item":"https:\/\/xenonkungen.com\/shop\/"},{"@type":"ListItem","position":3,"name":"LUXTAR\u00ae Ledramp X10 | Spot"}]},{"@type":"WebSite","@id":"https:\/\/xenonkungen.com\/#website","url":"https:\/\/xenonkungen.com\/","name":"Xenonkungen","description":"","potentialAction":[{"@type":"SearchAction","target":{"@type":"EntryPoint","urlTemplate":"https:\/\/xenonkungen.com\/?s={search_term_string}"},"query-input":{"@type":"PropertyValueSpecification","valueRequired":true,"valueName":"search_term_string"}}],"inLanguage":"de"}]}},"taxonomy_info":{"product_brand":[{"value":103,"label":"LUXTAR"}],"product_cat":[{"value":2966,"label":"Ledramp Rak"},{"value":2826,"label":"LUXTAR"},{"value":2161,"label":"LUXTAR X-serie"}]},"featured_image_src_large":["https:\/\/xenonkungen.com\/wp-content\/uploads\/2025\/08\/31558042-origpic-8d903a.png",1000,1000,false],"author_info":[],"comment_info":1,"_links":{"self":[{"href":"https:\/\/xenonkungen.com\/de\/wp-json\/wp\/v2\/product\/12326","targetHints":{"allow":["GET"]}}],"collection":[{"href":"https:\/\/xenonkungen.com\/de\/wp-json\/wp\/v2\/product"}],"about":[{"href":"https:\/\/xenonkungen.com\/de\/wp-json\/wp\/v2\/types\/product"}],"replies":[{"embeddable":true,"href":"https:\/\/xenonkungen.com\/de\/wp-json\/wp\/v2\/comments?post=12326"}],"wp:featuredmedia":[{"embeddable":true,"href":"https:\/\/xenonkungen.com\/de\/wp-json\/wp\/v2\/media\/12327"}],"wp:attachment":[{"href":"https:\/\/xenonkungen.com\/de\/wp-json\/wp\/v2\/media?parent=12326"}],"wp:term":[{"taxonomy":"anvandningsomrade","embeddable":true,"href":"https:\/\/xenonkungen.com\/de\/wp-json\/wp\/v2\/anvandningsomrade?post=12326"},{"taxonomy":"bilmarken","embeddable":true,"href":"https:\/\/xenonkungen.com\/de\/wp-json\/wp\/v2\/bilmarken?post=12326"},{"taxonomy":"product_brand","embeddable":true,"href":"https:\/\/xenonkungen.com\/de\/wp-json\/wp\/v2\/product_brand?post=12326"},{"taxonomy":"product_cat","embeddable":true,"href":"https:\/\/xenonkungen.com\/de\/wp-json\/wp\/v2\/product_cat?post=12326"},{"taxonomy":"product_tag","embeddable":true,"href":"https:\/\/xenonkungen.com\/de\/wp-json\/wp\/v2\/product_tag?post=12326"}],"curies":[{"name":"wp","href":"https:\/\/api.w.org\/{rel}","templated":true}]}}